{"id":1011,"date":"2021-04-02T14:25:35","date_gmt":"2021-04-02T12:25:35","guid":{"rendered":"https:\/\/www.niemma.de\/shop\/?p=1011"},"modified":"2025-11-18T10:03:03","modified_gmt":"2025-11-18T09:03:03","slug":"fossilisation-verstehen-mit-beispielen-und-uebungen","status":"publish","type":"page","link":"https:\/\/nurlernen.de\/biologie\/fossilisation-verstehen-mit-beispielen-und-uebungen\/","title":{"rendered":"Fossilisation"},"content":{"rendered":"<h4>Was ist Fossilisation?<\/h4>\n<p>Unter Fossilisation versteht man alle Prozesse, die zur Entstehung von Fossilien f\u00fchren.<\/p>\n<p>Unter geeigneten Bedingungen ist prinzipiell jeder K\u00f6rper erhaltungsf\u00e4hig, unabh\u00e4ngig davon wie gro\u00df sein Gehalt an Hart- und Weichteilen ist. Wichtig ist der schnelle Sauerstoffabschluss in einem sich sp\u00e4ter verfestigenden Material. Deshalb findet man Fossilien meist an Orten mit hoher Sedimentationsrate, wie S\u00fcmpfen, Mooren, Seen oder Flachmeeren. Es wird jedoch nur eine sehr geringe Menge der gesamten Organismen fossilisiert, wobei sich dies sehr stark an regionalen Gegebenheiten orientiert.<\/p>\n<p>Hartteile werden durch Zersetzung und Verwitterung auf verschiedene Weisen gebrochen oder angewittert. Sie verwesen aber nicht so schnell wie Weichteile und werden daher \u00f6fter erhalten. Calcium-Verbindungen wie <a href=\"https:\/\/de.wikipedia.org\/wiki\/Calciumcarbonat\">Calciumcarbonat<\/a> und <a href=\"https:\/\/de.wikipedia.org\/wiki\/Perlmutt\">Perlmutt<\/a> sind beispielsweise ein idealer Schutz vor verschiedenen Umwelteinfl\u00fcssen. Deshalb werden die Knochenbestandteile von Wirbeltieren, die \u00fcberwiegend aus Calcium-Verbindungen bestehen besser erhalten als die Weichteile.<\/p>\n<p>Die h\u00e4ufigsten Fossilien sind Versteinerungen. Allerdings f\u00fchrt die Verformung der Erdkruste dazu, dass in \u00e4lteren Erdschichten weniger Fossilien gefunden werden. Bei Tieren bleiben dabei meistens nur harte Bestandteile wie Knochen, Z\u00e4hne oder Schalen \u00fcbrig. Bei Pflanzen k\u00f6nnen sogar noch die Jahresringe erhalten bleiben. In seltenen F\u00e4llen k\u00f6nnen aber auch Abdr\u00fccke von Weichteilen erhalten bleiben.<\/p>\n<h4>Welche Prozesse k\u00f6nnen zu einer Fossilisation f\u00fchren?<\/h4>\n<p>Die folgenden Phasen sind in der Fossilisation beteiligt: Tod, Zersetzung, Einbettung, Entgasung und Diagenese. Je nach Umgebungsumst\u00e4nden k\u00f6nnen sich diese Phasen auch wiederholen oder in ihrer Reihenfolge vertauschen. Beispielsweise kann es sein, dass ein Organismus sofort nach seinem Tod eingebettet wird oder durch die Einbettung \u00fcberhaupt erst zu Tode kommt (z. B. Treibsand oder Eis). Auch lange nach der Einbettung kann ein Organismus wieder freigelegt werden, verwesen, um schlie\u00dflich erneut eingebettet zu werden.<\/p>\n<ul>\n<li>Der Tod eines Organismus ist der Beginn der Fossilisation. Nat\u00fcrlich sollte der Kadaver m\u00f6glichst vor Fressfeinden versteckt bleiben. Zus\u00e4tzlich sollte der Tod nicht zu gro\u00dfe Sch\u00e4den am Kadaver produziert haben. Vorteilhaft ist der Tod durch Erkrankung oder Ertrinken.<\/li>\n<li>Die Zersetzung umfasst verschiedene Prozesse.\n<ul>\n<li>Die Verwesung ist ein aerober Prozess (Sauerstoffverbrauch) und beginnt bereits mit dem Abk\u00fchlen des Organismus. Dabei werden die Bestandteile des K\u00f6rpers zu einfacheren chemischen Verbindungen abgebaut. An ihr sind vor allem Mikroorganismen beteiligt, aber auch Kleinlebewesen und Wirbeltiere (Aasfresser). Die Verwesung schreitet nicht an jedem K\u00f6rperteil gleichm\u00e4\u00dfig voran. Vor allem die Areale um Augen, Mund, Anus oder Verletzungen verwesen deutlich schneller. Die Verwesung wird beschleunigt durch hohe Umgebungstemperaturen und feuchtes Milieu, erschwert bei Temperaturen unter dem Gefrierpunkt oder beispielsweise in trockener Zugluft in W\u00fcstengebieten.<\/li>\n<li>Die F\u00e4ulnis ist ein anaerober Prozess (ohne Sauerstoff), der den K\u00f6rper ohne Sauerstoff abbaut. Kommt ein Kadaver in eine sauerstofffreie Umgebung, dann tritt keine Verwesung ein oder sie wird zeitweise gestoppt. In diesen F\u00e4llen k\u00f6nnen sich nur noch anaerobe Mikroorganismen beteiligen.<\/li>\n<li>Mumifikation bringt unverwesten Fossilien unter Einhaltung von Weichteilen hervor. Hierf\u00fcr m\u00fcssen bestimmte Bedingungen, wie z. B. niedrige Umgebungstemperatur, trockene Luft oder toxische Einfl\u00fcsse vorherrschen. \u00c4ndern sich die Umgebungsbedingungen, dann zerfallen solche K\u00f6rper meist vollst\u00e4ndig. Offen liegende Mumien verwittern mit der Zeit. Aus dem Permafrostboden in Sibirien und dem n\u00f6rdlichen Nordamerika, die seit Ende der Eiszeit nicht oder nur geringf\u00fcgig aufgetaut sind, sind vollst\u00e4ndige Wollhaarmammuts, Wollnash\u00f6rner und andere Eisleichen gefunden worden.<\/li>\n<li>Bei der Inkohlung findet unter Luftabschluss eine Umwandlung des organischen Pflanzenmaterials statt, bei der vorwiegend die Elemente Sauerstoff, Wasserstoff und Stickstoff entfernt werden, bis fast nur noch Kohlenstoff \u00fcbrig bleibt. Dabei k\u00f6nnen Braunkohle oder Steinkohle entstehen.<\/li>\n<\/ul>\n<\/li>\n<li>Verschiedene Substrate sind in der Lage einen K\u00f6rper vor Luftzufuhr zu sch\u00fctzen, um ein Fossil auszubilden. Organismen k\u00f6nnen beispielsweise von W\u00fcstensand zugeweht werden, von Schwemmsand in Flussgebieten umsp\u00fclt und so v\u00f6llig bedeckt werden, von Schlamm begraben werden, in Morast versinken und so \u00fcberhaupt erst zu Tode kommen oder in Eis eingebettet werden.<\/li>\n<li>Wenn die kompletten energetisch verwertbaren Bestandteile des K\u00f6rpers \u00fcber die Zeit durch anaerobe Prozesse abgebaut werden, entstehen verschiedene Gase (daher die Bezeichnung: Entgasung). Mit der Zeit verliert der Kadaver stark an Substanz. Die entstandenen Gase entweichen durch das Einbettungssubstrat nach oben. Werden Spuren dieser Gase erhalten, kann man daran sp\u00e4ter die r\u00e4umliche Lage des K\u00f6rpers in dieser Phase bestimmen.<\/li>\n<li>Diagenese ist die erste Umwandlungsstufe der \u00dcberreste als Fossil. Sie beginnt mit der Verwandlung von lockerem Sediment in festes Substrat z. B. infolge von steigendem Druck. Diese Verwandlung betrifft auch die eingelagerten Reste der Lebewesen, die sich zu eigentlichen Fossilien entwickeln.<\/li>\n<\/ul>\n\n\n<p><button onclick=\"location.href='https:\/\/nurlernen.de\/biologie\/biologie-inhalte\/'\">Lernbereich<\/button>\r\n<button onclick=\"location.href='https:\/\/nurlernen.de\/biologie\/biologie-akademie\/'\">Biologie Akademie<\/button>\r\n<!--button onclick=\"location.href='https:\/\/nurlernen.de\/biologie\/biologie-lernkontrolle\/'\">Lernkontrolle<\/button-->\r\n<!--button onclick=\"location.href='\/biologie-fragenkatalog'\"&gt;Fragenkatalog (F\u00fcr Lehrer)&lt;\/button-->\r\n<\/p>\n","protected":false},"excerpt":{"rendered":"<p>Unter geeigneten Bedingungen ist prinzipiell jeder K\u00f6rper erhaltungsf\u00e4hig, unabh\u00e4ngig davon wie gro\u00df sein Gehalt an Hart- und Weichteilen ist.<\/p>\n","protected":false},"author":1,"featured_media":0,"parent":0,"menu_order":0,"comment_status":"open","ping_status":"closed","template":"","meta":{"footnotes":""},"class_list":["post-1011","page","type-page","status-publish"],"yoast_head":"<!-- This site is optimized with the Yoast SEO plugin v27.5 - https:\/\/yoast.com\/product\/yoast-seo-wordpress\/ -->\n<title>Fossilisation verstehen mit Beispielen und \u00dcbungen<\/title>\n<meta name=\"description\" content=\"Die folgenden Phasen sind in der Fossilisation beteiligt: Tod, Zersetzung, Einbettung, Entgasung und Diagenese. Beispiele und \u00dcbungen.\" \/>\n<meta name=\"robots\" content=\"index, follow, max-snippet:-1, max-image-preview:large, max-video-preview:-1\" \/>\n<link rel=\"canonical\" href=\"https:\/\/nurlernen.de\/biologie\/fossilisation-verstehen-mit-beispielen-und-uebungen\/\" \/>\n<meta property=\"og:locale\" content=\"de_DE\" \/>\n<meta property=\"og:type\" content=\"article\" \/>\n<meta property=\"og:title\" content=\"Fossilisation verstehen mit Beispielen und \u00dcbungen\" \/>\n<meta property=\"og:description\" content=\"Die folgenden Phasen sind in der Fossilisation beteiligt: Tod, Zersetzung, Einbettung, Entgasung und Diagenese. Beispiele und \u00dcbungen.\" \/>\n<meta property=\"og:url\" content=\"https:\/\/nurlernen.de\/biologie\/fossilisation-verstehen-mit-beispielen-und-uebungen\/\" \/>\n<meta property=\"og:site_name\" content=\"Biologie verstehen\" \/>\n<meta property=\"article:modified_time\" content=\"2025-11-18T09:03:03+00:00\" \/>\n<meta name=\"twitter:card\" content=\"summary_large_image\" \/>\n<meta name=\"twitter:label1\" content=\"Gesch\u00e4tzte Lesezeit\" \/>\n\t<meta name=\"twitter:data1\" content=\"4\u00a0Minuten\" \/>\n<script type=\"application\/ld+json\" class=\"yoast-schema-graph\">{\"@context\":\"https:\\\/\\\/schema.org\",\"@graph\":[{\"@type\":\"WebPage\",\"@id\":\"https:\\\/\\\/nurlernen.de\\\/biologie\\\/fossilisation-verstehen-mit-beispielen-und-uebungen\\\/\",\"url\":\"https:\\\/\\\/nurlernen.de\\\/biologie\\\/fossilisation-verstehen-mit-beispielen-und-uebungen\\\/\",\"name\":\"Fossilisation verstehen mit Beispielen und \u00dcbungen\",\"isPartOf\":{\"@id\":\"https:\\\/\\\/nurlernen.de\\\/biologie\\\/#website\"},\"datePublished\":\"2021-04-02T12:25:35+00:00\",\"dateModified\":\"2025-11-18T09:03:03+00:00\",\"description\":\"Die folgenden Phasen sind in der Fossilisation beteiligt: Tod, Zersetzung, Einbettung, Entgasung und Diagenese. Beispiele und \u00dcbungen.\",\"breadcrumb\":{\"@id\":\"https:\\\/\\\/nurlernen.de\\\/biologie\\\/fossilisation-verstehen-mit-beispielen-und-uebungen\\\/#breadcrumb\"},\"inLanguage\":\"de\",\"potentialAction\":[{\"@type\":\"ReadAction\",\"target\":[\"https:\\\/\\\/nurlernen.de\\\/biologie\\\/fossilisation-verstehen-mit-beispielen-und-uebungen\\\/\"]}]},{\"@type\":\"BreadcrumbList\",\"@id\":\"https:\\\/\\\/nurlernen.de\\\/biologie\\\/fossilisation-verstehen-mit-beispielen-und-uebungen\\\/#breadcrumb\",\"itemListElement\":[{\"@type\":\"ListItem\",\"position\":1,\"name\":\"Startseite\",\"item\":\"https:\\\/\\\/nurlernen.de\\\/biologie\\\/\"},{\"@type\":\"ListItem\",\"position\":2,\"name\":\"Fossilisation\"}]},{\"@type\":\"WebSite\",\"@id\":\"https:\\\/\\\/nurlernen.de\\\/biologie\\\/#website\",\"url\":\"https:\\\/\\\/nurlernen.de\\\/biologie\\\/\",\"name\":\"Biologie Lernen\",\"description\":\"\u00dcber 1000 kostenlose \u00dcbungen\",\"publisher\":{\"@id\":\"https:\\\/\\\/nurlernen.de\\\/biologie\\\/#organization\"},\"potentialAction\":[{\"@type\":\"SearchAction\",\"target\":{\"@type\":\"EntryPoint\",\"urlTemplate\":\"https:\\\/\\\/nurlernen.de\\\/biologie\\\/?s={search_term_string}\"},\"query-input\":{\"@type\":\"PropertyValueSpecification\",\"valueRequired\":true,\"valueName\":\"search_term_string\"}}],\"inLanguage\":\"de\"},{\"@type\":\"Organization\",\"@id\":\"https:\\\/\\\/nurlernen.de\\\/biologie\\\/#organization\",\"name\":\"Biologie Lernen\",\"url\":\"https:\\\/\\\/nurlernen.de\\\/biologie\\\/\",\"logo\":{\"@type\":\"ImageObject\",\"inLanguage\":\"de\",\"@id\":\"https:\\\/\\\/nurlernen.de\\\/biologie\\\/#\\\/schema\\\/logo\\\/image\\\/\",\"url\":\"https:\\\/\\\/nurlernen.de\\\/biologie\\\/wp-content\\\/uploads\\\/sites\\\/2\\\/2025\\\/07\\\/cropped-zellkern.png\",\"contentUrl\":\"https:\\\/\\\/nurlernen.de\\\/biologie\\\/wp-content\\\/uploads\\\/sites\\\/2\\\/2025\\\/07\\\/cropped-zellkern.png\",\"width\":512,\"height\":512,\"caption\":\"Biologie Lernen\"},\"image\":{\"@id\":\"https:\\\/\\\/nurlernen.de\\\/biologie\\\/#\\\/schema\\\/logo\\\/image\\\/\"},\"sameAs\":[\"https:\\\/\\\/www.instagram.com\\\/nurlernen.de\\\/\"]}]}<\/script>\n<!-- \/ Yoast SEO plugin. -->","yoast_head_json":{"title":"Fossilisation verstehen mit Beispielen und \u00dcbungen","description":"Die folgenden Phasen sind in der Fossilisation beteiligt: Tod, Zersetzung, Einbettung, Entgasung und Diagenese. Beispiele und \u00dcbungen.","robots":{"index":"index","follow":"follow","max-snippet":"max-snippet:-1","max-image-preview":"max-image-preview:large","max-video-preview":"max-video-preview:-1"},"canonical":"https:\/\/nurlernen.de\/biologie\/fossilisation-verstehen-mit-beispielen-und-uebungen\/","og_locale":"de_DE","og_type":"article","og_title":"Fossilisation verstehen mit Beispielen und \u00dcbungen","og_description":"Die folgenden Phasen sind in der Fossilisation beteiligt: Tod, Zersetzung, Einbettung, Entgasung und Diagenese. Beispiele und \u00dcbungen.","og_url":"https:\/\/nurlernen.de\/biologie\/fossilisation-verstehen-mit-beispielen-und-uebungen\/","og_site_name":"Biologie verstehen","article_modified_time":"2025-11-18T09:03:03+00:00","twitter_card":"summary_large_image","twitter_misc":{"Gesch\u00e4tzte Lesezeit":"4\u00a0Minuten"},"schema":{"@context":"https:\/\/schema.org","@graph":[{"@type":"WebPage","@id":"https:\/\/nurlernen.de\/biologie\/fossilisation-verstehen-mit-beispielen-und-uebungen\/","url":"https:\/\/nurlernen.de\/biologie\/fossilisation-verstehen-mit-beispielen-und-uebungen\/","name":"Fossilisation verstehen mit Beispielen und \u00dcbungen","isPartOf":{"@id":"https:\/\/nurlernen.de\/biologie\/#website"},"datePublished":"2021-04-02T12:25:35+00:00","dateModified":"2025-11-18T09:03:03+00:00","description":"Die folgenden Phasen sind in der Fossilisation beteiligt: Tod, Zersetzung, Einbettung, Entgasung und Diagenese. Beispiele und \u00dcbungen.","breadcrumb":{"@id":"https:\/\/nurlernen.de\/biologie\/fossilisation-verstehen-mit-beispielen-und-uebungen\/#breadcrumb"},"inLanguage":"de","potentialAction":[{"@type":"ReadAction","target":["https:\/\/nurlernen.de\/biologie\/fossilisation-verstehen-mit-beispielen-und-uebungen\/"]}]},{"@type":"BreadcrumbList","@id":"https:\/\/nurlernen.de\/biologie\/fossilisation-verstehen-mit-beispielen-und-uebungen\/#breadcrumb","itemListElement":[{"@type":"ListItem","position":1,"name":"Startseite","item":"https:\/\/nurlernen.de\/biologie\/"},{"@type":"ListItem","position":2,"name":"Fossilisation"}]},{"@type":"WebSite","@id":"https:\/\/nurlernen.de\/biologie\/#website","url":"https:\/\/nurlernen.de\/biologie\/","name":"Biologie Lernen","description":"\u00dcber 1000 kostenlose \u00dcbungen","publisher":{"@id":"https:\/\/nurlernen.de\/biologie\/#organization"},"potentialAction":[{"@type":"SearchAction","target":{"@type":"EntryPoint","urlTemplate":"https:\/\/nurlernen.de\/biologie\/?s={search_term_string}"},"query-input":{"@type":"PropertyValueSpecification","valueRequired":true,"valueName":"search_term_string"}}],"inLanguage":"de"},{"@type":"Organization","@id":"https:\/\/nurlernen.de\/biologie\/#organization","name":"Biologie Lernen","url":"https:\/\/nurlernen.de\/biologie\/","logo":{"@type":"ImageObject","inLanguage":"de","@id":"https:\/\/nurlernen.de\/biologie\/#\/schema\/logo\/image\/","url":"https:\/\/nurlernen.de\/biologie\/wp-content\/uploads\/sites\/2\/2025\/07\/cropped-zellkern.png","contentUrl":"https:\/\/nurlernen.de\/biologie\/wp-content\/uploads\/sites\/2\/2025\/07\/cropped-zellkern.png","width":512,"height":512,"caption":"Biologie Lernen"},"image":{"@id":"https:\/\/nurlernen.de\/biologie\/#\/schema\/logo\/image\/"},"sameAs":["https:\/\/www.instagram.com\/nurlernen.de\/"]}]}},"_links":{"self":[{"href":"https:\/\/nurlernen.de\/biologie\/wp-json\/wp\/v2\/pages\/1011","targetHints":{"allow":["GET"]}}],"collection":[{"href":"https:\/\/nurlernen.de\/biologie\/wp-json\/wp\/v2\/pages"}],"about":[{"href":"https:\/\/nurlernen.de\/biologie\/wp-json\/wp\/v2\/types\/page"}],"author":[{"embeddable":true,"href":"https:\/\/nurlernen.de\/biologie\/wp-json\/wp\/v2\/users\/1"}],"replies":[{"embeddable":true,"href":"https:\/\/nurlernen.de\/biologie\/wp-json\/wp\/v2\/comments?post=1011"}],"version-history":[{"count":4,"href":"https:\/\/nurlernen.de\/biologie\/wp-json\/wp\/v2\/pages\/1011\/revisions"}],"predecessor-version":[{"id":3130,"href":"https:\/\/nurlernen.de\/biologie\/wp-json\/wp\/v2\/pages\/1011\/revisions\/3130"}],"wp:attachment":[{"href":"https:\/\/nurlernen.de\/biologie\/wp-json\/wp\/v2\/media?parent=1011"}],"curies":[{"name":"wp","href":"https:\/\/api.w.org\/{rel}","templated":true}]}}