{"id":1017,"date":"2021-04-02T17:20:26","date_gmt":"2021-04-02T15:20:26","guid":{"rendered":"https:\/\/www.niemma.de\/shop\/?p=1017"},"modified":"2025-11-04T14:28:43","modified_gmt":"2025-11-04T13:28:43","slug":"evolutionshinweise-aus-der-palaeontologie","status":"publish","type":"page","link":"https:\/\/nurlernen.de\/biologie\/evolutionshinweise-aus-der-palaeontologie\/","title":{"rendered":"Evolutionshinweise aus der Pal\u00e4ontologie"},"content":{"rendered":"<p>Die Pal\u00e4ontologie ist eine Wissenschaft, die sich u. a. mit dem Studium von Fossilien besch\u00e4ftigt.<\/p>\n<h3>Was sind Fossilien?<\/h3>\n<p>Fossilien sind i. d. R. versteinerte \u00dcberreste von Lebewesen, die sich sehr h\u00e4ufig im alten Gestein finden lassen. Fossilien k\u00f6nnen \u00dcberreste von Knochen, Schalen, Abdrucke, Trittspuren und sogar ganze Organismen enthalten. Die Untersuchung von Fossilien erlaubt Wissenschaftlern R\u00fcckschl\u00fcsse, auf die Flora (d. h. Pflanzenwelt) und die Fauna (d. h. Tierwelt) vergangener Erdzeitalter zu ziehen. Man kann viele weitere Informationen durch das Studium von Fossilien gewinnen. Dank Fossilien wissen wir zum Beispiel, dass es fr\u00fcher auf der Erde viele verschiedene Dinosaurier-Arten gab, die alle ausgestorben sind.<br \/>Viele Faktoren k\u00f6nnen dazu beitragen, dass Fossilien entstehen. Der Prozess der Entstehung von Fossilien wird als <a href=\"https:\/\/nurlernen.de\/biologie\/fossilisation\/\">Fossilisation<\/a> bezeichnet. Die Fossilisationslehre oder Taphonomie besch\u00e4ftigt sich auch mit der Auswertung erhaltener Fossilien und verwendet die Erkenntnisse verschiedener anderer Disziplinen (Chemie, Biochemie, Geologie, Biophysik und Physiologie).<\/p>\n<p>Es gibt Methoden, die den Zeitraum der Entstehung von fossilen Funden bestimmen lassen. Diese werden Datierungsmethoden genannt. Die verschiedenen Datierungsmethoden eignen sich jeweils zur Altersbestimmung innerhalb begrenzter zeitlicher Gr\u00f6\u00dfenordnungen. Bei radiometrischen Datierungen z. B. (C14-Datierung) wird der radioaktive Zerfall von Atomen verwendet. Hierbei handelt es sich um eine absolute Datierungsmethode. Bei stratigraphische Verfahren, wie z. B. Leitfossil-Chronologie wird anhand bestimmter Fossilien ein bestimmter Zeitraum eingegrenzt. Zus\u00e4tzlich existiert eine F\u00fclle weiterer Methoden, wie z. B. die Klimaprofilen aus Sedimenten, Pollenanalyse \u00fcber Ans\u00e4tze der Verbreitung rezenter Pflanzen u. v. m.<\/p>\n<p>Ichnofossilien sind erhaltene Spuren von Lebewesen und geh\u00f6ren zu den h\u00e4ufigsten Fossilien. Bei diesen Spuren kann es sich um Grabspuren, Laufspuren, Fressspuren oder Kotspuren handeln. H\u00e4ufig findet man Ichnofossilien an urspr\u00fcnglich feuchten Sandufern mit Spuren von Tieren, die zum Trinken kamen. Die Auswertung von Laufspuren ist sehr hilfreich, so dass unter Anwendung von Erkenntnissen aus Bewegungsphysiologie besonders genau bestimmt werden kann, welche Formen von Abdr\u00fccken unter welchen Umst\u00e4nden zustande kommen k\u00f6nnen. Hierdurch ist es z. B. m\u00f6glich R\u00fcckschl\u00fcsse auf das Gewicht des Tiers, die Laufgeschwindigkeit, die Anatomie bis hin zu etwaigen Verletzungen zu ziehen.<\/p>\n<p>Die harten Schalen wirbelloser Meerestiere haben ein h\u00f6heres Erhaltungspotenzial als ihr Weichk\u00f6rper im Inneren des Geh\u00e4uses. Wenn der weiche K\u00f6rper nach dem Tod vollst\u00e4ndig zersetzt ist, bleibt ein hohles Geh\u00e4use zur\u00fcck, welches mit Sediment verf\u00fcllt werden kann. Wird nach der Verf\u00fcllung das eigentliche Geh\u00e4use zerst\u00f6rt (aufgel\u00f6st), bleibt die zu Gestein verfestigte Sedimentf\u00fcllung nach wie vor als Ausguss \u00fcbrig und wird als Steinkern bezeichnet.<\/p>\n<p>Wenn die Fossilien einer Art nur in bestimmten Erdschichten vorkommen, dann k\u00f6nnen Sie zur Bestimmung des Alters dieser Erdschicht eingesetzt werden. Solche Fossilien werden als Leitfossil bezeichnet. Dabei ist zu beachten, dass Fossilien, die in tieferen Erdschichten vorkommen \u00e4lter sind, als Fossilien, die in h\u00f6heren (j\u00fcngeren) Erdschichten vorkommen.<\/p>\n<p>Ein Beispiel: Die Trilobiten entstanden vor ca. 550 Mio. Jahren und starben vor ca. 250 Mio. Jahren aus. Wenn in einer Erdschicht Trilobit-Fossilien gefunden werden, dann m\u00fcssen diese Erdschichten auch zwischen 550 und 250 Mio. Jahren alt sein. Das ist dann auch unabh\u00e4ngig von dem Fundort, d. h. es ist egal, ob ein Trilobit-Fossil in Afrika, Asien, Amerika oder sonst wo gefunden wird. Die entsprechenden Erdschichten w\u00e4ren dann zwischen 550 und 250 Mio. Jahren alt.<\/p>\n<p>Die relevanten Merkmale der Art sollten nur kurze Zeit existiert haben, um eine m\u00f6glichst pr\u00e4zise Datierung zu erm\u00f6glichen. Zus\u00e4tzlich sollte die Art in m\u00f6glichst unterschiedlichen Lebensr\u00e4umen existiert haben und in m\u00f6glichst vielen unterschiedlichen Gesteinstypen zu finden sein. Eine geographisch weite Verbreitung der Fossilien hilft entfernte Schichten, wie z. B. in Afrika und Australien miteinander zu vergleichen. Nat\u00fcrlich sollten die Fossilien m\u00f6glichst leicht und eindeutig bestimmbar sein. Je h\u00f6her die Anzahl der Fossilien, desto besser. Je weniger diese Anforderungen erf\u00fcllt werden, desto geringer ist der Nutzen als Leitfossil.<\/p>\n<p>Lebende Fossilien oder auch Dauerformen genannt, sind Organismenarten, deren K\u00f6rperbau sich im Rahmen der Jahrmillionen kaum ver\u00e4ndert hat. Der Begriff lebendes Fossil ist ein Widerspruch, da wir gelernt haben, das Fossilien versteinerte \u00dcberreste l\u00e4ngst verstorbener Organismen sind.<\/p>\n<p>Beispiele f\u00fcr lebende Fossilien sind das Schnabeltier, der Quastenflosser (Latimeria) und der Ginkgobaum.<br \/>Lebende Fossilien haben sich im Laufe von Jahrmillionen kaum ver\u00e4ndert. Man findet sie in \u00e4hnlicher Form auch als Fossilien wieder. Der Grund daf\u00fcr ist, dass sich deren Lebensraum kaum ver\u00e4ndert hat.<\/p>\n<p><strong>Hier eine Frage aus unserem umfangreichen <a href=\"https:\/\/nurlernen.de\/biologie\/biologie-lernkontrolle-free\/\">Fragenkatalog<\/a> mit \u00fcber 1000 kostenlosen Fragen :<\/strong><\/p>\n<p>Frage: 630 (Thema: Evolution) \u2794 Lebende Fossilien (auch Dauerformen genannt) sind Organismenarten, deren K\u00f6rperbau sich im Rahmen der Jahrmillionen kaum ver\u00e4ndert hat. Welche der u. g. Faktoren f\u00fchrt NICHT zur Entstehung von lebenden Fossilien?<\/p>\n<div>\n<ol>a) Isolation<\/ol>\n<ol>b) Panmixie<\/ol>\n<ol>c) Stabilisierende Selektion<\/ol>\n<ol>d) Ver\u00e4nderung der Umweltbedingungen<\/ol>\n<ol>Antwort) Ver\u00e4nderung der Umweltbedingungen f\u00fchrt i. d. R. zu einer Anpassung an die neuen Umweltbedingungen, was zu einer Ver\u00e4nderung von Organismenarten f\u00fchrt. Lebende Fossilien hingegen leben eher in isolierten Gebieten unter konstanten Umweltbedingungen, so dass eine stabilisierende Selektion, dazu f\u00fchrt, dass sie sich \u00fcber geologisch langen Zeitr\u00e4umen nicht ver\u00e4ndern.<\/ol>\n<\/div>\n<h3>Wie Fossilien helfen<\/h3>\n<h4>Rekonstruktion des K\u00f6rperbaus eines ausgestorbenen Lebewesens<\/h4>\n<p>Gut erhaltene Fossilien zeigen den kompletten K\u00f6rperbau eines ausgestorbenen Lebewesens und helfen anatomische Unklarheiten zu beseitigen.<br \/>Ein gutes Beispiel hierzu ist der Iguanodon (ein Dinosaurier, der auf zwei Beinen ging). Ausgrabungen haben hornartige Strukturen zu Tage bef\u00f6rdert, die vermuten lie\u00dfen, dass Iguanodon, wie ein Nashorn, einen Horn auf dem Sch\u00e4del besitzt. Die Ausgrabung eines ganzen Iguanodon Fossiles zeigte aber, dass die hornartige Struktur am Daumen des Tieres wuchs.<\/p>\n<h4>Rekonstruktion on Abwandlungsreihen<\/h4>\n<figure id=\"attachment_1023\" aria-describedby=\"caption-attachment-1023\" style=\"width: 246px\" class=\"wp-caption alignright\"><img decoding=\"async\" class=\"wp-image-1023 size-full\" src=\"https:\/\/nurlernen.de\/biologie\/wp-content\/uploads\/sites\/2\/2025\/07\/stammbaum_wale_rezent.png\" alt=\"Evolution der Waale\" width=\"256\" \/><figcaption id=\"caption-attachment-1023\" class=\"wp-caption-text\">Verwandschaft von Nilpfer, Delphin und Waal<\/figcaption><\/figure>\n<p>Fossilien k\u00f6nnen besonders hilfreich sein, wenn es darum geht den genauen Verlauf der Evolution einer Art zu verstehen. Ein besonders gutes Beispiel hierf\u00fcr ist die Entstehung von Walen aus Vorfahren, die auf dem Land gelebt haben. Ein gutes Beispiel daf\u00fcr, wie Fossilien helfen die Entstehung bzw. Abwandlung von Arten zu verstehen, ist die Evolution von Walen und Delphinen.<\/p>\n<p>Wissenschaftler vermuteten schon sehr fr\u00fch, dass Wale und Delphine von S\u00e4ugetieren stammen, die auf dem Land gelebt haben. Die n\u00e4chsten Verwandten von Walen und Delphinen sind Nilpferde. Aber die gro\u00dfe Frage war, wie hat diese Verwandlung stattgefunden?<\/p>\n<p>Durch Fossilfunde konnten viele unbekannte Zwischenformen (sogenannte missing links) identifiziert werden (s. Abbildung). Mit deren Hilfe kann die Entstehung von Walen in mehreren kleinen Schritten von urspr\u00fcnglichen Landwirbeltieren bis hin zu ihrer heutigen Form erkl\u00e4rt werden. Da aber alle diese Zwischenformen ausgestorben sind, ist es schwer sich ohne diese \u00dcbergangsformen vorzustellen, wie Wale aus Lands\u00e4ugetieren entstanden sind.<\/p>\n<figure id=\"attachment_1024\" aria-describedby=\"caption-attachment-1024\" style=\"width: 246px\" class=\"wp-caption alignright\"><img decoding=\"async\" class=\"wp-image-1024 size-full\" src=\"https:\/\/nurlernen.de\/biologie\/wp-content\/uploads\/sites\/2\/2025\/07\/stammbaum_wale.png\" alt=\"Evolution der Waale mit Zwischenformen\" width=\"256\" \/><figcaption id=\"caption-attachment-1024\" class=\"wp-caption-text\">Die ausgestoorbene Zwischenformen bei der Evolution von Delphinen und Waalen<\/figcaption><\/figure>\n<h4>Was ist eine Abwandlungsreihe?<\/h4>\n<p>Bei einer Abwandlungsreihe (auch Entwicklungsreihe genannt) handelt es sich um einen Stammbaum, der viele Vorg\u00e4nger einer Art und somit viele Zwischenformen enth\u00e4lt. Anhand einer Abwandlungsreihe kann die schrittweise Evolution einer Art in die heutige Form nachvollzogen werden. Ber\u00fchmte Abwandlungsreihen sind z. B. die Entstehung des heutigen Pferdes, der heutigen Wale, der Elefanten und Mammuts und viele weitere Tierarten.<\/p>\n<p>Falls die Evolutionstheorie korrekt ist, dann m\u00fcsste die Verwandschaft von weit entfernten Organismengruppen, die eine gemeinsame Abstammung aufweisen, durch Zwischenformen zu belegen sein. Bei den Br\u00fcckentieren (auch Zwischenformen, \u00dcbergangsformen oder Mosaikformen genannt) handelt es sich gerade um solche Lebewesen, die Eigenschaften von zwei verschiedenen Organsimengruppen teilen.<\/p>\n<p>Bei der Evolution von Walen sind gem\u00e4\u00df der Abbildung Pakicetus, Ambulocetus, Rodinocetus und Dorudon die Zwischenformen. Sie haben (in unterschiedlichen Evolutionsstufen) jeweils Merkmale von Landwirbeltieren und Merkmale von Walen. Sie sind alle ausgestorben. In anderen Abschnitten werden wir lernen, dass es auch Br\u00fcckentiere gibt, die noch leben (z. B. lebende Fossilien).<\/p>\n\n\n<p><button onclick=\"location.href='https:\/\/nurlernen.de\/biologie\/biologie-inhalte\/'\">Lernbereich<\/button>\r\n<button onclick=\"location.href='https:\/\/nurlernen.de\/biologie\/biologie-akademie\/'\">Biologie Akademie<\/button>\r\n<!--button onclick=\"location.href='https:\/\/nurlernen.de\/biologie\/biologie-lernkontrolle\/'\">Lernkontrolle<\/button-->\r\n<!--button onclick=\"location.href='\/biologie-fragenkatalog'\"&gt;Fragenkatalog (F\u00fcr Lehrer)&lt;\/button-->\r\n<\/p>\n","protected":false},"excerpt":{"rendered":"<p>Die Pal\u00e4ontologie ist eine Wissenschaft, die sich u. a. mit dem Studium von Fossilien besch\u00e4ftigt. Was sind Fossilien? Fossilien sind i. d. R. versteinerte \u00dcberreste von Lebewesen, die sich sehr h\u00e4ufig im alten Gestein finden lassen. Fossilien k\u00f6nnen \u00dcberreste von Knochen, Schalen, Abdrucke, Trittspuren und sogar ganze Organismen enthalten. Die Untersuchung von Fossilien erlaubt Wissenschaftlern &#8230; <a title=\"Evolutionshinweise aus der Pal\u00e4ontologie\" class=\"read-more\" href=\"https:\/\/nurlernen.de\/biologie\/evolutionshinweise-aus-der-palaeontologie\/\" aria-label=\"Mehr Informationen \u00fcber Evolutionshinweise aus der Pal\u00e4ontologie\">Weiterlesen<\/a><\/p>\n","protected":false},"author":1,"featured_media":0,"parent":0,"menu_order":0,"comment_status":"open","ping_status":"closed","template":"","meta":{"footnotes":""},"class_list":["post-1017","page","type-page","status-publish"],"yoast_head":"<!-- This site is optimized with the Yoast SEO plugin v27.5 - https:\/\/yoast.com\/product\/yoast-seo-wordpress\/ -->\n<title>Evolutionshinweise aus der Pal\u00e4ontologie<\/title>\n<meta name=\"description\" content=\"Fossilien sind versteinerte \u00dcberreste von Lebewesen, die sich im alten Gestein finden lassen. Sie k\u00f6nnen \u00dcberreste von Organismen enthalten.\" \/>\n<meta name=\"robots\" content=\"index, follow, max-snippet:-1, max-image-preview:large, max-video-preview:-1\" \/>\n<link rel=\"canonical\" href=\"https:\/\/nurlernen.de\/biologie\/evolutionshinweise-aus-der-palaeontologie\/\" \/>\n<meta property=\"og:locale\" content=\"de_DE\" \/>\n<meta property=\"og:type\" content=\"article\" \/>\n<meta property=\"og:title\" content=\"Evolutionshinweise aus der Pal\u00e4ontologie\" \/>\n<meta property=\"og:description\" content=\"Fossilien sind versteinerte \u00dcberreste von Lebewesen, die sich im alten Gestein finden lassen. Sie k\u00f6nnen \u00dcberreste von Organismen enthalten.\" \/>\n<meta property=\"og:url\" content=\"https:\/\/nurlernen.de\/biologie\/evolutionshinweise-aus-der-palaeontologie\/\" \/>\n<meta property=\"og:site_name\" content=\"Biologie verstehen\" \/>\n<meta property=\"article:modified_time\" content=\"2025-11-04T13:28:43+00:00\" \/>\n<meta name=\"twitter:card\" content=\"summary_large_image\" \/>\n<meta name=\"twitter:label1\" content=\"Gesch\u00e4tzte Lesezeit\" \/>\n\t<meta name=\"twitter:data1\" content=\"8\u00a0Minuten\" \/>\n<script type=\"application\/ld+json\" class=\"yoast-schema-graph\">{\"@context\":\"https:\\\/\\\/schema.org\",\"@graph\":[{\"@type\":\"WebPage\",\"@id\":\"https:\\\/\\\/nurlernen.de\\\/biologie\\\/evolutionshinweise-aus-der-palaeontologie\\\/\",\"url\":\"https:\\\/\\\/nurlernen.de\\\/biologie\\\/evolutionshinweise-aus-der-palaeontologie\\\/\",\"name\":\"Evolutionshinweise aus der Pal\u00e4ontologie\",\"isPartOf\":{\"@id\":\"https:\\\/\\\/nurlernen.de\\\/biologie\\\/#website\"},\"primaryImageOfPage\":{\"@id\":\"https:\\\/\\\/nurlernen.de\\\/biologie\\\/evolutionshinweise-aus-der-palaeontologie\\\/#primaryimage\"},\"image\":{\"@id\":\"https:\\\/\\\/nurlernen.de\\\/biologie\\\/evolutionshinweise-aus-der-palaeontologie\\\/#primaryimage\"},\"thumbnailUrl\":\"https:\\\/\\\/nurlernen.de\\\/biologie\\\/wp-content\\\/uploads\\\/sites\\\/2\\\/2025\\\/07\\\/stammbaum_wale_rezent.png\",\"datePublished\":\"2021-04-02T15:20:26+00:00\",\"dateModified\":\"2025-11-04T13:28:43+00:00\",\"description\":\"Fossilien sind versteinerte \u00dcberreste von Lebewesen, die sich im alten Gestein finden lassen. Sie k\u00f6nnen \u00dcberreste von Organismen enthalten.\",\"breadcrumb\":{\"@id\":\"https:\\\/\\\/nurlernen.de\\\/biologie\\\/evolutionshinweise-aus-der-palaeontologie\\\/#breadcrumb\"},\"inLanguage\":\"de\",\"potentialAction\":[{\"@type\":\"ReadAction\",\"target\":[\"https:\\\/\\\/nurlernen.de\\\/biologie\\\/evolutionshinweise-aus-der-palaeontologie\\\/\"]}]},{\"@type\":\"ImageObject\",\"inLanguage\":\"de\",\"@id\":\"https:\\\/\\\/nurlernen.de\\\/biologie\\\/evolutionshinweise-aus-der-palaeontologie\\\/#primaryimage\",\"url\":\"\",\"contentUrl\":\"\"},{\"@type\":\"BreadcrumbList\",\"@id\":\"https:\\\/\\\/nurlernen.de\\\/biologie\\\/evolutionshinweise-aus-der-palaeontologie\\\/#breadcrumb\",\"itemListElement\":[{\"@type\":\"ListItem\",\"position\":1,\"name\":\"Startseite\",\"item\":\"https:\\\/\\\/nurlernen.de\\\/biologie\\\/\"},{\"@type\":\"ListItem\",\"position\":2,\"name\":\"Evolutionshinweise aus der Pal\u00e4ontologie\"}]},{\"@type\":\"WebSite\",\"@id\":\"https:\\\/\\\/nurlernen.de\\\/biologie\\\/#website\",\"url\":\"https:\\\/\\\/nurlernen.de\\\/biologie\\\/\",\"name\":\"Biologie Lernen\",\"description\":\"\u00dcber 1000 kostenlose \u00dcbungen\",\"publisher\":{\"@id\":\"https:\\\/\\\/nurlernen.de\\\/biologie\\\/#organization\"},\"potentialAction\":[{\"@type\":\"SearchAction\",\"target\":{\"@type\":\"EntryPoint\",\"urlTemplate\":\"https:\\\/\\\/nurlernen.de\\\/biologie\\\/?s={search_term_string}\"},\"query-input\":{\"@type\":\"PropertyValueSpecification\",\"valueRequired\":true,\"valueName\":\"search_term_string\"}}],\"inLanguage\":\"de\"},{\"@type\":\"Organization\",\"@id\":\"https:\\\/\\\/nurlernen.de\\\/biologie\\\/#organization\",\"name\":\"Biologie Lernen\",\"url\":\"https:\\\/\\\/nurlernen.de\\\/biologie\\\/\",\"logo\":{\"@type\":\"ImageObject\",\"inLanguage\":\"de\",\"@id\":\"https:\\\/\\\/nurlernen.de\\\/biologie\\\/#\\\/schema\\\/logo\\\/image\\\/\",\"url\":\"https:\\\/\\\/nurlernen.de\\\/biologie\\\/wp-content\\\/uploads\\\/sites\\\/2\\\/2025\\\/07\\\/cropped-zellkern.png\",\"contentUrl\":\"https:\\\/\\\/nurlernen.de\\\/biologie\\\/wp-content\\\/uploads\\\/sites\\\/2\\\/2025\\\/07\\\/cropped-zellkern.png\",\"width\":512,\"height\":512,\"caption\":\"Biologie Lernen\"},\"image\":{\"@id\":\"https:\\\/\\\/nurlernen.de\\\/biologie\\\/#\\\/schema\\\/logo\\\/image\\\/\"},\"sameAs\":[\"https:\\\/\\\/www.instagram.com\\\/nurlernen.de\\\/\"]}]}<\/script>\n<!-- \/ Yoast SEO plugin. -->","yoast_head_json":{"title":"Evolutionshinweise aus der Pal\u00e4ontologie","description":"Fossilien sind versteinerte \u00dcberreste von Lebewesen, die sich im alten Gestein finden lassen. Sie k\u00f6nnen \u00dcberreste von Organismen enthalten.","robots":{"index":"index","follow":"follow","max-snippet":"max-snippet:-1","max-image-preview":"max-image-preview:large","max-video-preview":"max-video-preview:-1"},"canonical":"https:\/\/nurlernen.de\/biologie\/evolutionshinweise-aus-der-palaeontologie\/","og_locale":"de_DE","og_type":"article","og_title":"Evolutionshinweise aus der Pal\u00e4ontologie","og_description":"Fossilien sind versteinerte \u00dcberreste von Lebewesen, die sich im alten Gestein finden lassen. Sie k\u00f6nnen \u00dcberreste von Organismen enthalten.","og_url":"https:\/\/nurlernen.de\/biologie\/evolutionshinweise-aus-der-palaeontologie\/","og_site_name":"Biologie verstehen","article_modified_time":"2025-11-04T13:28:43+00:00","twitter_card":"summary_large_image","twitter_misc":{"Gesch\u00e4tzte Lesezeit":"8\u00a0Minuten"},"schema":{"@context":"https:\/\/schema.org","@graph":[{"@type":"WebPage","@id":"https:\/\/nurlernen.de\/biologie\/evolutionshinweise-aus-der-palaeontologie\/","url":"https:\/\/nurlernen.de\/biologie\/evolutionshinweise-aus-der-palaeontologie\/","name":"Evolutionshinweise aus der Pal\u00e4ontologie","isPartOf":{"@id":"https:\/\/nurlernen.de\/biologie\/#website"},"primaryImageOfPage":{"@id":"https:\/\/nurlernen.de\/biologie\/evolutionshinweise-aus-der-palaeontologie\/#primaryimage"},"image":{"@id":"https:\/\/nurlernen.de\/biologie\/evolutionshinweise-aus-der-palaeontologie\/#primaryimage"},"thumbnailUrl":"https:\/\/nurlernen.de\/biologie\/wp-content\/uploads\/sites\/2\/2025\/07\/stammbaum_wale_rezent.png","datePublished":"2021-04-02T15:20:26+00:00","dateModified":"2025-11-04T13:28:43+00:00","description":"Fossilien sind versteinerte \u00dcberreste von Lebewesen, die sich im alten Gestein finden lassen. Sie k\u00f6nnen \u00dcberreste von Organismen enthalten.","breadcrumb":{"@id":"https:\/\/nurlernen.de\/biologie\/evolutionshinweise-aus-der-palaeontologie\/#breadcrumb"},"inLanguage":"de","potentialAction":[{"@type":"ReadAction","target":["https:\/\/nurlernen.de\/biologie\/evolutionshinweise-aus-der-palaeontologie\/"]}]},{"@type":"ImageObject","inLanguage":"de","@id":"https:\/\/nurlernen.de\/biologie\/evolutionshinweise-aus-der-palaeontologie\/#primaryimage","url":"","contentUrl":""},{"@type":"BreadcrumbList","@id":"https:\/\/nurlernen.de\/biologie\/evolutionshinweise-aus-der-palaeontologie\/#breadcrumb","itemListElement":[{"@type":"ListItem","position":1,"name":"Startseite","item":"https:\/\/nurlernen.de\/biologie\/"},{"@type":"ListItem","position":2,"name":"Evolutionshinweise aus der Pal\u00e4ontologie"}]},{"@type":"WebSite","@id":"https:\/\/nurlernen.de\/biologie\/#website","url":"https:\/\/nurlernen.de\/biologie\/","name":"Biologie Lernen","description":"\u00dcber 1000 kostenlose \u00dcbungen","publisher":{"@id":"https:\/\/nurlernen.de\/biologie\/#organization"},"potentialAction":[{"@type":"SearchAction","target":{"@type":"EntryPoint","urlTemplate":"https:\/\/nurlernen.de\/biologie\/?s={search_term_string}"},"query-input":{"@type":"PropertyValueSpecification","valueRequired":true,"valueName":"search_term_string"}}],"inLanguage":"de"},{"@type":"Organization","@id":"https:\/\/nurlernen.de\/biologie\/#organization","name":"Biologie Lernen","url":"https:\/\/nurlernen.de\/biologie\/","logo":{"@type":"ImageObject","inLanguage":"de","@id":"https:\/\/nurlernen.de\/biologie\/#\/schema\/logo\/image\/","url":"https:\/\/nurlernen.de\/biologie\/wp-content\/uploads\/sites\/2\/2025\/07\/cropped-zellkern.png","contentUrl":"https:\/\/nurlernen.de\/biologie\/wp-content\/uploads\/sites\/2\/2025\/07\/cropped-zellkern.png","width":512,"height":512,"caption":"Biologie Lernen"},"image":{"@id":"https:\/\/nurlernen.de\/biologie\/#\/schema\/logo\/image\/"},"sameAs":["https:\/\/www.instagram.com\/nurlernen.de\/"]}]}},"_links":{"self":[{"href":"https:\/\/nurlernen.de\/biologie\/wp-json\/wp\/v2\/pages\/1017","targetHints":{"allow":["GET"]}}],"collection":[{"href":"https:\/\/nurlernen.de\/biologie\/wp-json\/wp\/v2\/pages"}],"about":[{"href":"https:\/\/nurlernen.de\/biologie\/wp-json\/wp\/v2\/types\/page"}],"author":[{"embeddable":true,"href":"https:\/\/nurlernen.de\/biologie\/wp-json\/wp\/v2\/users\/1"}],"replies":[{"embeddable":true,"href":"https:\/\/nurlernen.de\/biologie\/wp-json\/wp\/v2\/comments?post=1017"}],"version-history":[{"count":6,"href":"https:\/\/nurlernen.de\/biologie\/wp-json\/wp\/v2\/pages\/1017\/revisions"}],"predecessor-version":[{"id":3059,"href":"https:\/\/nurlernen.de\/biologie\/wp-json\/wp\/v2\/pages\/1017\/revisions\/3059"}],"wp:attachment":[{"href":"https:\/\/nurlernen.de\/biologie\/wp-json\/wp\/v2\/media?parent=1017"}],"curies":[{"name":"wp","href":"https:\/\/api.w.org\/{rel}","templated":true}]}}