{"id":1063,"date":"2021-04-03T13:16:28","date_gmt":"2021-04-03T11:16:28","guid":{"rendered":"https:\/\/www.niemma.de\/shop\/?page_id=1063"},"modified":"2025-08-10T16:19:41","modified_gmt":"2025-08-10T14:19:41","slug":"der-umweltfaktor-temperatur","status":"publish","type":"page","link":"https:\/\/nurlernen.de\/biologie\/der-umweltfaktor-temperatur\/","title":{"rendered":"Der Umweltfaktor Temperatur"},"content":{"rendered":"<p>Einer der wichtigsten abiotischen Umweltfaktoren ist die Temperatur. Die Temperatur variiert in unterschiedlichen Lebensr\u00e4umen stark und beeinflusst direkt die Stoffwechselprozesse in der Zelle.<\/p>\n<p>Die Temperatur hat einen gro\u00dfen Einfluss auf die Geschwindigkeit von chemischen Reaktionen. Wei\u00dft du noch aus der Zellbiologie, wie dieser Zusammenhang ist?<\/p>\n<p>Je h\u00f6her die Temperatur desto h\u00f6her die Reaktionsgeschwindigkeit<br \/>F\u00fcr die Wirkung der Temperatur auf enzymatische Reaktionen sind zwei Faktoren relevant. Zum einen steigt die Geschwindigkeit chemischer Reaktionen mit der Temperatur. Dies ist die ber\u00fchmte RGT-Regel und ist als gr\u00fcne gestrichelte Linie in der Abbildung dargestellt. Des Weiteren destabilisiert sich die Struktur von Enzymen bei hohen Temperaturen, so dass sie denaturieren. Dadurch nimmt die enzymatische Reaktion nat\u00fcrlich ab. Dies ist in der Abbildung als rote gestrichelte Kurve dargestellt. Aus der Wechselwirkung dieser zwei Effekten resultiert eine Optimumskurve f\u00fcr die Stoffwechselreaktionen bei Organismen.<\/p>\n<p>Wie hilft mir das bei \u00d6kologie weiter?<\/p>\n<p>Wenn der Stoffwechsel in Zellen nicht rund l\u00e4uft, dann sterben die Organismen. Deshalb versuchen Lebewesen i. d. R. ihre K\u00f6rpertemperatur so zu regulieren, dass ihre Enzyme in den Bereichen um das Temperaturoptimum arbeiten k\u00f6nnen. Gerade diese Anpassungen sind f\u00fcr \u00d6kologie besonders relevant.<\/p>\n<p>Gibt es weitere Auswirkungen der Temperatur?<\/p>\n<p>Zus\u00e4tzlich zum besprochenen Einfluss der Temperatur auf den Stoffwechsel, soll noch beachtete werden, dass Temperaturen unter dem Gefrierpunkt zur Bildung von Eiskristallen in der Zelle f\u00fchren. Als Folge platzen die betroffenen Zellen, woran sie sterben. Lebewesen die in Umgebungen mit Temperaturen um den Gefrierpunkt leben, m\u00fcssen also entsprechende Mechanismen entwickeln, um zu verhindern, dass das Wasser in ihren Zellen gefriert.<\/p>\n<p>Die einfachste M\u00f6glichkeit f\u00fcr gute (Betriebs-)Temperaturen zu sorgen, ist es, sich in warmen und gem\u00e4\u00dfigten Klimazonen aufzuhalten. Deshalb leben ja am \u00c4quator viel mehr Arten als in der Antarktis. Eine andere M\u00f6glichkeit ist es die W\u00e4rme selbst zu produzieren. Das machen die gleichwarmen Tiere. Dann gibt es noch W\u00e4rmeisolation mit Fett oder Fell u. v. m.Um f\u00fcr die Klausuren vorbereitet zu sein, sollte man zu allen Umweltfaktoren Antworten zu folgenden Fragen kennen: 1. Welche Auswirkungen hat die Variation des Umweltfaktors (z. B. zu viel oder zu wenig davon) auf den Organismus und 2. Welche Anpassungen helfen den Organismen mit den Ver\u00e4nderungen dieses Umweltfaktors klar zu kommen. Wenn du diese Fragen f\u00fcr alle Umweltfaktoren (abiotische und biotische) beantworten kannst, dann kann dich diesbez\u00fcglich keine Klausur mehr schocken.<\/p>\n<p>Tiere haben gegen\u00fcber Pflanzen den Vorteil, dass sie sich bewegen k\u00f6nnen. Dadurch haben sie gr\u00f6\u00dfere M\u00f6glichkeiten mit den Schwankungen der Umweltfaktoren zurecht zu kommen. Die einfachste L\u00f6sung w\u00e4re vor gro\u00dfer Hitze oder K\u00e4lte wegzulaufen. Das k\u00f6nnen Pflanzen nicht!<\/p>\n<h3>Temperaturschwankungen in Lebensr\u00e4umen<\/h3>\n<p>Temperaturschwankungen sind von Biotop zu Biotop unterschiedlich. Einige Lebensr\u00e4ume weisen \u00fcber das ganze Jahr mehr oder weniger konstante gem\u00e4\u00dfigte Temperaturen auf (z. B. tropische Regenw\u00e4lder). Bei anderen schwankt die Temperatur innerhalb eines Tag-Nacht-Zyklus sehr stark (z. B. W\u00fcsten). In vielen Lebensr\u00e4umen h\u00e4ngen die Temperaturen jedoch stark von den Jahreszeiten ab. F\u00fcr die Klausur ist es besonders relevant die Temperaturschwankungen, ihre H\u00f6he und H\u00e4ufigkeit zu erkennen.<\/p>\n<p>Zu hohe Temperaturen f\u00fchren bei Tieren zur Hitzestarre, die i. d. R. f\u00fcr eine kurze Zeit reversible ist. Dauert dieser Zustand l\u00e4nger, oder steigen die Temperaturen weiter, f\u00fchrt dies zum Hitzetod. Bei zu niedrigen Temperaturen tritt die K\u00e4ltestarre auf, die ebenfalls reversibel ist. Sinken die Temperaturen weiter, oder dauert die K\u00e4ltephase zu lange, kann dies ebenfalls zum K\u00e4ltetod f\u00fchren.<\/p>\n<p>Tiere, die nur geringe Temperaturschwankungen tolerieren k\u00f6nnen, bezeichnet man als stenotherm (z. B. Bewohner der tropischen Regenw\u00e4lder). Im Gegensatz hierzu k\u00f6nnen eurytherme Tiere gro\u00dfe Temperaturschwankungen tolerieren.<\/p>\n<h3>Anpassungen gleichwarmer Tiere<\/h3>\n<p>Homoiotherme (gleichwarme, endotherme) Tiere sind in der Lage ihre K\u00f6rpertemperatur konstant zu halten. Dies reduziert den Einfluss der \u00e4u\u00dferen Temperaturschwankungen auf Stoffwechselvorg\u00e4nge enorm! Der Nachteil ist allerdings der enorme Energieverbrauch, um die K\u00f6rpertemperatur konstant zu halten. Diese Tiere haben Mechanismen entwickelt, um gegen niedrige und hohe Temperaturen vorzugehen.<\/p>\n<h4>Anpassungen gegen K\u00e4lte<\/h4>\n<p>Einfachster Weg ist es vor K\u00e4lte wegzulaufen. Das nennt sich eine (Tier-)Wanderung. N\u00e4chste M\u00f6glichkeit ist es den W\u00e4rmeverlust zu reduzieren, z. B. durch Fell, Feder und Fett. \u00dcberwinterung in H\u00f6hlen und unter der Erde helfen auch gegen K\u00e4lte. Zum Schluss helfen Winterschlaf und Winterruhe, wobei die Stoffwechselprozesse reduziert werden. So muss sich das Tier wegen Nahrungssuche nicht in die K\u00e4lte begeben.<\/p>\n<p>Poikilotherme (wechselwarme, ektotherme) Tiere sind nicht in der Lage ihre K\u00f6rpertemperatur konstant zu halten. Ihre K\u00f6rpertemperatur steigt und sinkt entsprechend der Umgebungstemperatur. Dies hat enormen Einfluss auf Stoffwechselvorg\u00e4nge! Der Vorteil ist allerdings der niedrige Energieverbrauch des K\u00f6rpers. Diese Tiere haben Mechanismen entwickelt, um gegen niedrige und hohe Temperaturen vorzugehen. Einige Tiere k\u00f6nnen auch Temperaturen unter dem Gefrierpunkt aushalten, da sie im K\u00f6rper (z. B. durch Alkohole) eine Art Frostschutz entwickelt haben.<\/p>\n\n\n<p><button onclick=\"location.href='https:\/\/nurlernen.de\/biologie\/biologie-inhalte\/'\">Lernbereich<\/button>\r\n<button onclick=\"location.href='https:\/\/nurlernen.de\/biologie\/biologie-akademie\/'\">Biologie Akademie<\/button>\r\n<!--button onclick=\"location.href='https:\/\/nurlernen.de\/biologie\/biologie-lernkontrolle\/'\">Lernkontrolle<\/button-->\r\n<!--button onclick=\"location.href='\/biologie-fragenkatalog'\"&gt;Fragenkatalog (F\u00fcr Lehrer)&lt;\/button-->\r\n<\/p>\n","protected":false},"excerpt":{"rendered":"<p>Einer der wichtigsten abiotischen Umweltfaktoren ist die Temperatur. Die Temperatur variiert in unterschiedlichen Lebensr\u00e4umen stark und beeinflusst direkt die Stoffwechselprozesse in der Zelle. Die Temperatur hat einen gro\u00dfen Einfluss auf die Geschwindigkeit von chemischen Reaktionen. Wei\u00dft du noch aus der Zellbiologie, wie dieser Zusammenhang ist? Je h\u00f6her die Temperatur desto h\u00f6her die ReaktionsgeschwindigkeitF\u00fcr die Wirkung &#8230; <a title=\"Der Umweltfaktor Temperatur\" class=\"read-more\" href=\"https:\/\/nurlernen.de\/biologie\/der-umweltfaktor-temperatur\/\" aria-label=\"Mehr Informationen \u00fcber Der Umweltfaktor Temperatur\">Weiterlesen<\/a><\/p>\n","protected":false},"author":1,"featured_media":0,"parent":0,"menu_order":0,"comment_status":"open","ping_status":"closed","template":"","meta":{"footnotes":""},"class_list":["post-1063","page","type-page","status-publish"],"yoast_head":"<!-- This site is optimized with the Yoast SEO plugin v27.5 - https:\/\/yoast.com\/product\/yoast-seo-wordpress\/ -->\n<title>Der Umweltfaktor Temperatur<\/title>\n<meta name=\"description\" content=\"Temperatur als abiotischer Faktor beeinflusst Stoffwechsel- Aktivit\u00e4t und \u00dcberleben der Organismen. Anpassungen an Schwankungen der Temperatur erkl\u00e4rt.\" \/>\n<meta name=\"robots\" content=\"index, follow, max-snippet:-1, max-image-preview:large, max-video-preview:-1\" \/>\n<link rel=\"canonical\" href=\"https:\/\/nurlernen.de\/biologie\/der-umweltfaktor-temperatur\/\" \/>\n<meta property=\"og:locale\" content=\"de_DE\" \/>\n<meta property=\"og:type\" content=\"article\" \/>\n<meta property=\"og:title\" content=\"Der Umweltfaktor Temperatur\" \/>\n<meta property=\"og:description\" content=\"Temperatur als abiotischer Faktor beeinflusst Stoffwechsel- Aktivit\u00e4t und \u00dcberleben der Organismen. Anpassungen an Schwankungen der Temperatur erkl\u00e4rt.\" \/>\n<meta property=\"og:url\" content=\"https:\/\/nurlernen.de\/biologie\/der-umweltfaktor-temperatur\/\" \/>\n<meta property=\"og:site_name\" content=\"Biologie verstehen\" \/>\n<meta property=\"article:modified_time\" content=\"2025-08-10T14:19:41+00:00\" \/>\n<meta name=\"twitter:card\" content=\"summary_large_image\" \/>\n<meta name=\"twitter:label1\" content=\"Gesch\u00e4tzte Lesezeit\" \/>\n\t<meta name=\"twitter:data1\" content=\"4\u00a0Minuten\" \/>\n<script type=\"application\/ld+json\" class=\"yoast-schema-graph\">{\"@context\":\"https:\\\/\\\/schema.org\",\"@graph\":[{\"@type\":\"WebPage\",\"@id\":\"https:\\\/\\\/nurlernen.de\\\/biologie\\\/der-umweltfaktor-temperatur\\\/\",\"url\":\"https:\\\/\\\/nurlernen.de\\\/biologie\\\/der-umweltfaktor-temperatur\\\/\",\"name\":\"Der Umweltfaktor Temperatur\",\"isPartOf\":{\"@id\":\"https:\\\/\\\/nurlernen.de\\\/biologie\\\/#website\"},\"datePublished\":\"2021-04-03T11:16:28+00:00\",\"dateModified\":\"2025-08-10T14:19:41+00:00\",\"description\":\"Temperatur als abiotischer Faktor beeinflusst Stoffwechsel- Aktivit\u00e4t und \u00dcberleben der Organismen. Anpassungen an Schwankungen der Temperatur erkl\u00e4rt.\",\"breadcrumb\":{\"@id\":\"https:\\\/\\\/nurlernen.de\\\/biologie\\\/der-umweltfaktor-temperatur\\\/#breadcrumb\"},\"inLanguage\":\"de\",\"potentialAction\":[{\"@type\":\"ReadAction\",\"target\":[\"https:\\\/\\\/nurlernen.de\\\/biologie\\\/der-umweltfaktor-temperatur\\\/\"]}]},{\"@type\":\"BreadcrumbList\",\"@id\":\"https:\\\/\\\/nurlernen.de\\\/biologie\\\/der-umweltfaktor-temperatur\\\/#breadcrumb\",\"itemListElement\":[{\"@type\":\"ListItem\",\"position\":1,\"name\":\"Startseite\",\"item\":\"https:\\\/\\\/nurlernen.de\\\/biologie\\\/\"},{\"@type\":\"ListItem\",\"position\":2,\"name\":\"Der Umweltfaktor Temperatur\"}]},{\"@type\":\"WebSite\",\"@id\":\"https:\\\/\\\/nurlernen.de\\\/biologie\\\/#website\",\"url\":\"https:\\\/\\\/nurlernen.de\\\/biologie\\\/\",\"name\":\"Biologie Lernen\",\"description\":\"\u00dcber 1000 kostenlose \u00dcbungen\",\"publisher\":{\"@id\":\"https:\\\/\\\/nurlernen.de\\\/biologie\\\/#organization\"},\"potentialAction\":[{\"@type\":\"SearchAction\",\"target\":{\"@type\":\"EntryPoint\",\"urlTemplate\":\"https:\\\/\\\/nurlernen.de\\\/biologie\\\/?s={search_term_string}\"},\"query-input\":{\"@type\":\"PropertyValueSpecification\",\"valueRequired\":true,\"valueName\":\"search_term_string\"}}],\"inLanguage\":\"de\"},{\"@type\":\"Organization\",\"@id\":\"https:\\\/\\\/nurlernen.de\\\/biologie\\\/#organization\",\"name\":\"Biologie Lernen\",\"url\":\"https:\\\/\\\/nurlernen.de\\\/biologie\\\/\",\"logo\":{\"@type\":\"ImageObject\",\"inLanguage\":\"de\",\"@id\":\"https:\\\/\\\/nurlernen.de\\\/biologie\\\/#\\\/schema\\\/logo\\\/image\\\/\",\"url\":\"https:\\\/\\\/nurlernen.de\\\/biologie\\\/wp-content\\\/uploads\\\/sites\\\/2\\\/2025\\\/07\\\/cropped-zellkern.png\",\"contentUrl\":\"https:\\\/\\\/nurlernen.de\\\/biologie\\\/wp-content\\\/uploads\\\/sites\\\/2\\\/2025\\\/07\\\/cropped-zellkern.png\",\"width\":512,\"height\":512,\"caption\":\"Biologie Lernen\"},\"image\":{\"@id\":\"https:\\\/\\\/nurlernen.de\\\/biologie\\\/#\\\/schema\\\/logo\\\/image\\\/\"},\"sameAs\":[\"https:\\\/\\\/www.instagram.com\\\/nurlernen.de\\\/\"]}]}<\/script>\n<!-- \/ Yoast SEO plugin. -->","yoast_head_json":{"title":"Der Umweltfaktor Temperatur","description":"Temperatur als abiotischer Faktor beeinflusst Stoffwechsel- Aktivit\u00e4t und \u00dcberleben der Organismen. Anpassungen an Schwankungen der Temperatur erkl\u00e4rt.","robots":{"index":"index","follow":"follow","max-snippet":"max-snippet:-1","max-image-preview":"max-image-preview:large","max-video-preview":"max-video-preview:-1"},"canonical":"https:\/\/nurlernen.de\/biologie\/der-umweltfaktor-temperatur\/","og_locale":"de_DE","og_type":"article","og_title":"Der Umweltfaktor Temperatur","og_description":"Temperatur als abiotischer Faktor beeinflusst Stoffwechsel- Aktivit\u00e4t und \u00dcberleben der Organismen. Anpassungen an Schwankungen der Temperatur erkl\u00e4rt.","og_url":"https:\/\/nurlernen.de\/biologie\/der-umweltfaktor-temperatur\/","og_site_name":"Biologie verstehen","article_modified_time":"2025-08-10T14:19:41+00:00","twitter_card":"summary_large_image","twitter_misc":{"Gesch\u00e4tzte Lesezeit":"4\u00a0Minuten"},"schema":{"@context":"https:\/\/schema.org","@graph":[{"@type":"WebPage","@id":"https:\/\/nurlernen.de\/biologie\/der-umweltfaktor-temperatur\/","url":"https:\/\/nurlernen.de\/biologie\/der-umweltfaktor-temperatur\/","name":"Der Umweltfaktor Temperatur","isPartOf":{"@id":"https:\/\/nurlernen.de\/biologie\/#website"},"datePublished":"2021-04-03T11:16:28+00:00","dateModified":"2025-08-10T14:19:41+00:00","description":"Temperatur als abiotischer Faktor beeinflusst Stoffwechsel- Aktivit\u00e4t und \u00dcberleben der Organismen. Anpassungen an Schwankungen der Temperatur erkl\u00e4rt.","breadcrumb":{"@id":"https:\/\/nurlernen.de\/biologie\/der-umweltfaktor-temperatur\/#breadcrumb"},"inLanguage":"de","potentialAction":[{"@type":"ReadAction","target":["https:\/\/nurlernen.de\/biologie\/der-umweltfaktor-temperatur\/"]}]},{"@type":"BreadcrumbList","@id":"https:\/\/nurlernen.de\/biologie\/der-umweltfaktor-temperatur\/#breadcrumb","itemListElement":[{"@type":"ListItem","position":1,"name":"Startseite","item":"https:\/\/nurlernen.de\/biologie\/"},{"@type":"ListItem","position":2,"name":"Der Umweltfaktor Temperatur"}]},{"@type":"WebSite","@id":"https:\/\/nurlernen.de\/biologie\/#website","url":"https:\/\/nurlernen.de\/biologie\/","name":"Biologie Lernen","description":"\u00dcber 1000 kostenlose \u00dcbungen","publisher":{"@id":"https:\/\/nurlernen.de\/biologie\/#organization"},"potentialAction":[{"@type":"SearchAction","target":{"@type":"EntryPoint","urlTemplate":"https:\/\/nurlernen.de\/biologie\/?s={search_term_string}"},"query-input":{"@type":"PropertyValueSpecification","valueRequired":true,"valueName":"search_term_string"}}],"inLanguage":"de"},{"@type":"Organization","@id":"https:\/\/nurlernen.de\/biologie\/#organization","name":"Biologie Lernen","url":"https:\/\/nurlernen.de\/biologie\/","logo":{"@type":"ImageObject","inLanguage":"de","@id":"https:\/\/nurlernen.de\/biologie\/#\/schema\/logo\/image\/","url":"https:\/\/nurlernen.de\/biologie\/wp-content\/uploads\/sites\/2\/2025\/07\/cropped-zellkern.png","contentUrl":"https:\/\/nurlernen.de\/biologie\/wp-content\/uploads\/sites\/2\/2025\/07\/cropped-zellkern.png","width":512,"height":512,"caption":"Biologie Lernen"},"image":{"@id":"https:\/\/nurlernen.de\/biologie\/#\/schema\/logo\/image\/"},"sameAs":["https:\/\/www.instagram.com\/nurlernen.de\/"]}]}},"_links":{"self":[{"href":"https:\/\/nurlernen.de\/biologie\/wp-json\/wp\/v2\/pages\/1063","targetHints":{"allow":["GET"]}}],"collection":[{"href":"https:\/\/nurlernen.de\/biologie\/wp-json\/wp\/v2\/pages"}],"about":[{"href":"https:\/\/nurlernen.de\/biologie\/wp-json\/wp\/v2\/types\/page"}],"author":[{"embeddable":true,"href":"https:\/\/nurlernen.de\/biologie\/wp-json\/wp\/v2\/users\/1"}],"replies":[{"embeddable":true,"href":"https:\/\/nurlernen.de\/biologie\/wp-json\/wp\/v2\/comments?post=1063"}],"version-history":[{"count":4,"href":"https:\/\/nurlernen.de\/biologie\/wp-json\/wp\/v2\/pages\/1063\/revisions"}],"predecessor-version":[{"id":2927,"href":"https:\/\/nurlernen.de\/biologie\/wp-json\/wp\/v2\/pages\/1063\/revisions\/2927"}],"wp:attachment":[{"href":"https:\/\/nurlernen.de\/biologie\/wp-json\/wp\/v2\/media?parent=1063"}],"curies":[{"name":"wp","href":"https:\/\/api.w.org\/{rel}","templated":true}]}}