{"id":1082,"date":"2021-07-30T18:53:38","date_gmt":"2021-07-30T18:53:38","guid":{"rendered":"https:\/\/www.niemma.de\/shop\/?page_id=1082"},"modified":"2025-11-18T11:20:49","modified_gmt":"2025-11-18T10:20:49","slug":"aufbau-und-funktion-von-biomembranen","status":"publish","type":"page","link":"https:\/\/nurlernen.de\/biologie\/aufbau-und-funktion-von-biomembranen\/","title":{"rendered":"Aufbau und Funktion von Biomembranen"},"content":{"rendered":"\n<p>\n<a href=\"https:\/\/nurlernen.de\/biologie\/biologie-lernkontrolle\/?quiz=l_100300_q&#038;tree=chapter_z100020\" title=\"Direkt zum Test\">\n  <img decoding=\"async\" src=\"https:\/\/nurlernen.de\/biologie\/wp-content\/uploads\/sites\/2\/2025\/11\/test_icon.png\" alt=\"Zum Test\" style=\"width:48px; height:48px;\"><\/a>\n<a href=\"https:\/\/nurlernen.de\/biologie\/biologie-inhalte\/\" title=\"Lernfortschritt\">\n  <img decoding=\"async\" src=\"https:\/\/nurlernen.de\/biologie\/wp-content\/uploads\/sites\/2\/2025\/11\/progress_icon.png\" alt=\"Zum Test\" style=\"width:48px; height:48px;\"><\/a>\n<a href=\"https:\/\/nurlernen.de\/biologie\/biologie-lernkontrolle\" title=\"\u00dcber 1000 \u00dcbungen!\">\n  <img decoding=\"async\" src=\"https:\/\/nurlernen.de\/biologie\/wp-content\/uploads\/sites\/2\/2025\/11\/test2_icon.png\" alt=\"\u00dcber 1000 \u00dcbungen!\" style=\"width:48px; height:48px;\"><\/a>\n<a href=\"https:\/\/nurlernen.de\/biologie\/biologie-artikel\" title=\"Biologie Text-Sammlung\">\n  <img decoding=\"async\" src=\"https:\/\/nurlernen.de\/biologie\/wp-content\/uploads\/sites\/2\/2025\/11\/books_icon.png\" alt=\"Biologie Text-Sammlung\" style=\"width:48px; height:48px;\"><\/a>\n<a href=\"https:\/\/nurlernen.de\/biologie\/biologie-akademie\/\" title=\"Einen Lehrer Fragen\">\n  <img decoding=\"async\" src=\"https:\/\/nurlernen.de\/biologie\/wp-content\/uploads\/sites\/2\/2025\/11\/teacher_icon.png\" alt=\"Zum Test\" style=\"width:48px; height:48px;\"><\/a>\n<\/p>\n\n\n<p>Phospholipide bilden den Hauptbestandteil von Biomembranen. Da jedes Phospholipid-Molek\u00fcl ein wasseranziehendes (hydrophiles) und ein wasserabweisendes (hydrophobes) Ende hat, zeigen in einer w\u00e4ssrigen L\u00f6sung die hydrophilen Enden nach au\u00dfen. Somit bleiben die hydrophoben Enden zusammen und kommen nicht mit dem Wasser in Ber\u00fchrung.<\/p>\n<h3>Membranproteine<\/h3>\n<p>Proteine kommen &#8211; neben Phospholipiden &#8211; am H\u00e4ufigsten im Aufbau von Biomembranen vor.<\/p>\n<p>Obwohl Phospholipide am h\u00e4ufigsten im Aufbau einer Membran vorkommen, bestimmen die Membran-Proteine \u00fcberwiegend die Funktion und Eigenschaften der Membran.<\/p>\n<h4>Eigenschaften von Membran-Proteinen<\/h4>\n<figure id=\"attachment_1603\" aria-describedby=\"caption-attachment-1603\" style=\"width: 246px\" class=\"wp-caption alignright\"><img decoding=\"async\" class=\"size-full wp-image-1603\" src=\"https:\/\/nurlernen.de\/biologie\/wp-content\/uploads\/sites\/2\/2025\/07\/membran_labeled.png\" alt=\"Membran Proteine\" width=\"256\" \/><figcaption id=\"caption-attachment-1603\" class=\"wp-caption-text\">Darstellung der Membranproteine: Peripheres Protein (mitte), Integrale Proteine (links und rechts), Transmembranprotein (rechts)<\/figcaption><\/figure>\n<p>Abh\u00e4ngig von der Lage eines Proteins im Membranaufbau unterscheidet man zwischen integralen und peripheren Proteinen. In der Abbildung sind die Membran-Proteine in Dunkelviolett dargestellt. Integrale Proteine (linkes und rechtes Protein) reichen bis in den hydrophoben Bereich der Lipiddoppelschicht, wobei einige sogar die ganze Membran durchspannen (rechtes Protein). Die integralen Proteine, die die Membran durchspannen werden auch Transmembran-Proteine genannt.<\/p>\n<p>Wie geht das?<\/p>\n<p>Die integrale Membran-Proteine, die die ganze Membran durchspannen (rechtes Protein) besitzen hydrophile und hydrophobe Bereiche. Wei\u00dft du welche Bereiche dieser Proteine in die Lipiddoppelschicht eintauchen und welche aus der Membran herausragen?<\/p>\n<p>Der hydrophobe Bereich ist wasserabweisend und bleibt deshalb in der wasserabweisenden Doppelschicht, w\u00e4hrend der hydrophile Bereich wasseranziehend ist und sich au\u00dferhalb der Doppelschicht wohl f\u00fchlt.<\/p>\n<p>Die zweite Gruppe der Membran-Proteine befindet sich immer nur auf der Oberfl\u00e4che der Membran und haftet entweder auf der cytoplasmatischen Seite oder auf der extrazellul\u00e4ren Seite der Membran. Diese Proteine werden periphere Proteine genannt (das mittlere der drei Proteinen in der Abbildung).<\/p>\n<p>Membran-Proteine \u00fcbernehmen unterschiedliche Aufgaben. Einige dieser Aufgaben umfassen Transportvorg\u00e4nge durch die Membran, enzymatische Aktivit\u00e4ten, chemische Signalaufnahme und -weiterleitung sowie Zell-Zell-Verbindung.<\/p>\n<h4>Rolle bei Transportvorg\u00e4ngen<\/h4>\n<p>Transmembran-Proteine (das sind Proteine, die die Membran durchspannen) eignen sich besonders gut f\u00fcr die Abwicklung des Transports von Teilchen durch die Membran. So k\u00f6nnen sie z. B. Kan\u00e4le bilden oder aktiv durch ATP-Verbrauch Teilchen entgegen ihrer Konzentrationsgef\u00e4lle transportieren.<\/p>\n<p>In den Membranen von Lysosomen und endoplasmatischem Reticulum sind verschiedene Enzyme eingebaut. Sie katalysieren h\u00e4ufig die Synthese oder den Abbau von Teilchen, die sich im Inneren der Lysosomen oder des ER befinden.<\/p>\n<p>Viele Phospholipid-Molek\u00fcle und Membran-Proteine tragen kovalent verbundene Kohlenhydrate. In der Abbildung sind Kohlenhydrate gr\u00fcn dargestellt.<\/p>\n<h4>Kohlenhydrate und Membranlipide<\/h4>\n<p>Lipidmolek\u00fcle, die kovalent gebundene Kohlenhydrate tragen, werden als Glykolipide bezeichnet (mittleres Kohlenhydrat-Molek\u00fcl in der Abbildung).<\/p>\n<p>Viele Membran-Proteine tragen zus\u00e4tzliche Kohlenhydrate und werden deshalb als Glykoproteine bezeichnet (rechtes und linkes Membran-Protein in der Abbildung).<\/p>\n<p>Eine der wichtigsten Funktionen von Membran-Kohlenhydraten ist die Erkennung von Zellen und Fremdk\u00f6rper. Membran-Kohlenhydrate stellen eine Art Ausweis einer Zelle dar. Die Membran-Kohlenhydrate unterscheiden sich von Art zu Art und h\u00e4ufig auch innerhalb eines Individuums. D. h. unterschiedliche Zelltypen besitzen verschieden Membran-Kohlenhydrate. Ein prominentes Beispiel f\u00fcr die Membran-Kohlenhydrate sind die Blutgruppen (A, B, AB und O). Sie entstehen durch unterschiedliche Kohlenhydrate und deren Kombination in Membran von roten Blutk\u00f6rperchen (Erythrocyten oder auch Erythrozyten genannt).<\/p>\n<p><a href=\"https:\/\/nurlernen.de\/biologie\/biologie-lernfortschritt\/?chapter=chapter_z100020\">Hier geht es direkt zum Test: Thema &#8222;Aufbau und Funktion von Biomembranen&#8220;<\/a>.<\/p>\n\n\n<p><button onclick=\"location.href='https:\/\/nurlernen.de\/biologie\/biologie-inhalte\/'\">Lernbereich<\/button>\r\n<button onclick=\"location.href='https:\/\/nurlernen.de\/biologie\/biologie-akademie\/'\">Biologie Akademie<\/button>\r\n<!--button onclick=\"location.href='https:\/\/nurlernen.de\/biologie\/biologie-lernkontrolle\/'\">Lernkontrolle<\/button-->\r\n<!--button onclick=\"location.href='\/biologie-fragenkatalog'\"&gt;Fragenkatalog (F\u00fcr Lehrer)&lt;\/button-->\r\n<\/p>\n","protected":false},"excerpt":{"rendered":"<p>Phospholipide bilden den Hauptbestandteil von Biomembranen. Da jedes Phospholipid-Molek\u00fcl ein wasseranziehendes (hydrophiles) und ein wasserabweisendes (hydrophobes) Ende hat, zeigen in einer w\u00e4ssrigen L\u00f6sung die hydrophilen Enden nach au\u00dfen. Somit bleiben die hydrophoben Enden zusammen und kommen nicht mit dem Wasser in Ber\u00fchrung. Membranproteine Proteine kommen &#8211; neben Phospholipiden &#8211; am H\u00e4ufigsten im Aufbau von Biomembranen &#8230; <a title=\"Aufbau und Funktion von Biomembranen\" class=\"read-more\" href=\"https:\/\/nurlernen.de\/biologie\/aufbau-und-funktion-von-biomembranen\/\" aria-label=\"Mehr Informationen \u00fcber Aufbau und Funktion von Biomembranen\">Weiterlesen<\/a><\/p>\n","protected":false},"author":1,"featured_media":0,"parent":0,"menu_order":0,"comment_status":"open","ping_status":"closed","template":"","meta":{"footnotes":""},"class_list":["post-1082","page","type-page","status-publish"],"yoast_head":"<!-- This site is optimized with the Yoast SEO plugin v27.5 - https:\/\/yoast.com\/product\/yoast-seo-wordpress\/ -->\n<title>Aufbau und Funktion von Biomembranen<\/title>\n<meta name=\"description\" content=\"Biomembranen bestehen aus Phospholipiden, Proteinen und Kohlenhydraten. Funktion bei Stofftransport, Zellschutz und Kommunikation einfach erkl\u00e4rt.\" \/>\n<meta name=\"robots\" content=\"index, follow, max-snippet:-1, max-image-preview:large, max-video-preview:-1\" \/>\n<link rel=\"canonical\" href=\"https:\/\/nurlernen.de\/biologie\/aufbau-und-funktion-von-biomembranen\/\" \/>\n<meta property=\"og:locale\" content=\"de_DE\" \/>\n<meta property=\"og:type\" content=\"article\" \/>\n<meta property=\"og:title\" content=\"Aufbau und Funktion von Biomembranen\" \/>\n<meta property=\"og:description\" content=\"Biomembranen bestehen aus Phospholipiden, Proteinen und Kohlenhydraten. Funktion bei Stofftransport, Zellschutz und Kommunikation einfach erkl\u00e4rt.\" \/>\n<meta property=\"og:url\" content=\"https:\/\/nurlernen.de\/biologie\/aufbau-und-funktion-von-biomembranen\/\" \/>\n<meta property=\"og:site_name\" content=\"Biologie verstehen\" \/>\n<meta property=\"article:modified_time\" content=\"2025-11-18T10:20:49+00:00\" \/>\n<meta property=\"og:image\" content=\"https:\/\/nurlernen.de\/biologie\/wp-content\/uploads\/sites\/2\/2025\/11\/test_icon.png\" \/>\n<meta name=\"twitter:card\" content=\"summary_large_image\" \/>\n<meta name=\"twitter:label1\" content=\"Gesch\u00e4tzte Lesezeit\" \/>\n\t<meta name=\"twitter:data1\" content=\"4\u00a0Minuten\" \/>\n<script type=\"application\/ld+json\" class=\"yoast-schema-graph\">{\"@context\":\"https:\\\/\\\/schema.org\",\"@graph\":[{\"@type\":\"WebPage\",\"@id\":\"https:\\\/\\\/nurlernen.de\\\/biologie\\\/aufbau-und-funktion-von-biomembranen\\\/\",\"url\":\"https:\\\/\\\/nurlernen.de\\\/biologie\\\/aufbau-und-funktion-von-biomembranen\\\/\",\"name\":\"Aufbau und Funktion von Biomembranen\",\"isPartOf\":{\"@id\":\"https:\\\/\\\/nurlernen.de\\\/biologie\\\/#website\"},\"primaryImageOfPage\":{\"@id\":\"https:\\\/\\\/nurlernen.de\\\/biologie\\\/aufbau-und-funktion-von-biomembranen\\\/#primaryimage\"},\"image\":{\"@id\":\"https:\\\/\\\/nurlernen.de\\\/biologie\\\/aufbau-und-funktion-von-biomembranen\\\/#primaryimage\"},\"thumbnailUrl\":\"https:\\\/\\\/nurlernen.de\\\/biologie\\\/wp-content\\\/uploads\\\/sites\\\/2\\\/2025\\\/11\\\/test_icon.png\",\"datePublished\":\"2021-07-30T18:53:38+00:00\",\"dateModified\":\"2025-11-18T10:20:49+00:00\",\"description\":\"Biomembranen bestehen aus Phospholipiden, Proteinen und Kohlenhydraten. Funktion bei Stofftransport, Zellschutz und Kommunikation einfach erkl\u00e4rt.\",\"breadcrumb\":{\"@id\":\"https:\\\/\\\/nurlernen.de\\\/biologie\\\/aufbau-und-funktion-von-biomembranen\\\/#breadcrumb\"},\"inLanguage\":\"de\",\"potentialAction\":[{\"@type\":\"ReadAction\",\"target\":[\"https:\\\/\\\/nurlernen.de\\\/biologie\\\/aufbau-und-funktion-von-biomembranen\\\/\"]}]},{\"@type\":\"ImageObject\",\"inLanguage\":\"de\",\"@id\":\"https:\\\/\\\/nurlernen.de\\\/biologie\\\/aufbau-und-funktion-von-biomembranen\\\/#primaryimage\",\"url\":\"https:\\\/\\\/nurlernen.de\\\/biologie\\\/wp-content\\\/uploads\\\/sites\\\/2\\\/2025\\\/11\\\/test_icon.png\",\"contentUrl\":\"https:\\\/\\\/nurlernen.de\\\/biologie\\\/wp-content\\\/uploads\\\/sites\\\/2\\\/2025\\\/11\\\/test_icon.png\",\"width\":256,\"height\":256},{\"@type\":\"BreadcrumbList\",\"@id\":\"https:\\\/\\\/nurlernen.de\\\/biologie\\\/aufbau-und-funktion-von-biomembranen\\\/#breadcrumb\",\"itemListElement\":[{\"@type\":\"ListItem\",\"position\":1,\"name\":\"Startseite\",\"item\":\"https:\\\/\\\/nurlernen.de\\\/biologie\\\/\"},{\"@type\":\"ListItem\",\"position\":2,\"name\":\"Aufbau und Funktion von Biomembranen\"}]},{\"@type\":\"WebSite\",\"@id\":\"https:\\\/\\\/nurlernen.de\\\/biologie\\\/#website\",\"url\":\"https:\\\/\\\/nurlernen.de\\\/biologie\\\/\",\"name\":\"Biologie Lernen\",\"description\":\"\u00dcber 1000 kostenlose \u00dcbungen\",\"publisher\":{\"@id\":\"https:\\\/\\\/nurlernen.de\\\/biologie\\\/#organization\"},\"potentialAction\":[{\"@type\":\"SearchAction\",\"target\":{\"@type\":\"EntryPoint\",\"urlTemplate\":\"https:\\\/\\\/nurlernen.de\\\/biologie\\\/?s={search_term_string}\"},\"query-input\":{\"@type\":\"PropertyValueSpecification\",\"valueRequired\":true,\"valueName\":\"search_term_string\"}}],\"inLanguage\":\"de\"},{\"@type\":\"Organization\",\"@id\":\"https:\\\/\\\/nurlernen.de\\\/biologie\\\/#organization\",\"name\":\"Biologie Lernen\",\"url\":\"https:\\\/\\\/nurlernen.de\\\/biologie\\\/\",\"logo\":{\"@type\":\"ImageObject\",\"inLanguage\":\"de\",\"@id\":\"https:\\\/\\\/nurlernen.de\\\/biologie\\\/#\\\/schema\\\/logo\\\/image\\\/\",\"url\":\"https:\\\/\\\/nurlernen.de\\\/biologie\\\/wp-content\\\/uploads\\\/sites\\\/2\\\/2025\\\/07\\\/cropped-zellkern.png\",\"contentUrl\":\"https:\\\/\\\/nurlernen.de\\\/biologie\\\/wp-content\\\/uploads\\\/sites\\\/2\\\/2025\\\/07\\\/cropped-zellkern.png\",\"width\":512,\"height\":512,\"caption\":\"Biologie Lernen\"},\"image\":{\"@id\":\"https:\\\/\\\/nurlernen.de\\\/biologie\\\/#\\\/schema\\\/logo\\\/image\\\/\"},\"sameAs\":[\"https:\\\/\\\/www.instagram.com\\\/nurlernen.de\\\/\"]}]}<\/script>\n<!-- \/ Yoast SEO plugin. -->","yoast_head_json":{"title":"Aufbau und Funktion von Biomembranen","description":"Biomembranen bestehen aus Phospholipiden, Proteinen und Kohlenhydraten. Funktion bei Stofftransport, Zellschutz und Kommunikation einfach erkl\u00e4rt.","robots":{"index":"index","follow":"follow","max-snippet":"max-snippet:-1","max-image-preview":"max-image-preview:large","max-video-preview":"max-video-preview:-1"},"canonical":"https:\/\/nurlernen.de\/biologie\/aufbau-und-funktion-von-biomembranen\/","og_locale":"de_DE","og_type":"article","og_title":"Aufbau und Funktion von Biomembranen","og_description":"Biomembranen bestehen aus Phospholipiden, Proteinen und Kohlenhydraten. Funktion bei Stofftransport, Zellschutz und Kommunikation einfach erkl\u00e4rt.","og_url":"https:\/\/nurlernen.de\/biologie\/aufbau-und-funktion-von-biomembranen\/","og_site_name":"Biologie verstehen","article_modified_time":"2025-11-18T10:20:49+00:00","og_image":[{"url":"https:\/\/nurlernen.de\/biologie\/wp-content\/uploads\/sites\/2\/2025\/11\/test_icon.png","type":"","width":"","height":""}],"twitter_card":"summary_large_image","twitter_misc":{"Gesch\u00e4tzte Lesezeit":"4\u00a0Minuten"},"schema":{"@context":"https:\/\/schema.org","@graph":[{"@type":"WebPage","@id":"https:\/\/nurlernen.de\/biologie\/aufbau-und-funktion-von-biomembranen\/","url":"https:\/\/nurlernen.de\/biologie\/aufbau-und-funktion-von-biomembranen\/","name":"Aufbau und Funktion von Biomembranen","isPartOf":{"@id":"https:\/\/nurlernen.de\/biologie\/#website"},"primaryImageOfPage":{"@id":"https:\/\/nurlernen.de\/biologie\/aufbau-und-funktion-von-biomembranen\/#primaryimage"},"image":{"@id":"https:\/\/nurlernen.de\/biologie\/aufbau-und-funktion-von-biomembranen\/#primaryimage"},"thumbnailUrl":"https:\/\/nurlernen.de\/biologie\/wp-content\/uploads\/sites\/2\/2025\/11\/test_icon.png","datePublished":"2021-07-30T18:53:38+00:00","dateModified":"2025-11-18T10:20:49+00:00","description":"Biomembranen bestehen aus Phospholipiden, Proteinen und Kohlenhydraten. Funktion bei Stofftransport, Zellschutz und Kommunikation einfach erkl\u00e4rt.","breadcrumb":{"@id":"https:\/\/nurlernen.de\/biologie\/aufbau-und-funktion-von-biomembranen\/#breadcrumb"},"inLanguage":"de","potentialAction":[{"@type":"ReadAction","target":["https:\/\/nurlernen.de\/biologie\/aufbau-und-funktion-von-biomembranen\/"]}]},{"@type":"ImageObject","inLanguage":"de","@id":"https:\/\/nurlernen.de\/biologie\/aufbau-und-funktion-von-biomembranen\/#primaryimage","url":"https:\/\/nurlernen.de\/biologie\/wp-content\/uploads\/sites\/2\/2025\/11\/test_icon.png","contentUrl":"https:\/\/nurlernen.de\/biologie\/wp-content\/uploads\/sites\/2\/2025\/11\/test_icon.png","width":256,"height":256},{"@type":"BreadcrumbList","@id":"https:\/\/nurlernen.de\/biologie\/aufbau-und-funktion-von-biomembranen\/#breadcrumb","itemListElement":[{"@type":"ListItem","position":1,"name":"Startseite","item":"https:\/\/nurlernen.de\/biologie\/"},{"@type":"ListItem","position":2,"name":"Aufbau und Funktion von Biomembranen"}]},{"@type":"WebSite","@id":"https:\/\/nurlernen.de\/biologie\/#website","url":"https:\/\/nurlernen.de\/biologie\/","name":"Biologie Lernen","description":"\u00dcber 1000 kostenlose \u00dcbungen","publisher":{"@id":"https:\/\/nurlernen.de\/biologie\/#organization"},"potentialAction":[{"@type":"SearchAction","target":{"@type":"EntryPoint","urlTemplate":"https:\/\/nurlernen.de\/biologie\/?s={search_term_string}"},"query-input":{"@type":"PropertyValueSpecification","valueRequired":true,"valueName":"search_term_string"}}],"inLanguage":"de"},{"@type":"Organization","@id":"https:\/\/nurlernen.de\/biologie\/#organization","name":"Biologie Lernen","url":"https:\/\/nurlernen.de\/biologie\/","logo":{"@type":"ImageObject","inLanguage":"de","@id":"https:\/\/nurlernen.de\/biologie\/#\/schema\/logo\/image\/","url":"https:\/\/nurlernen.de\/biologie\/wp-content\/uploads\/sites\/2\/2025\/07\/cropped-zellkern.png","contentUrl":"https:\/\/nurlernen.de\/biologie\/wp-content\/uploads\/sites\/2\/2025\/07\/cropped-zellkern.png","width":512,"height":512,"caption":"Biologie Lernen"},"image":{"@id":"https:\/\/nurlernen.de\/biologie\/#\/schema\/logo\/image\/"},"sameAs":["https:\/\/www.instagram.com\/nurlernen.de\/"]}]}},"_links":{"self":[{"href":"https:\/\/nurlernen.de\/biologie\/wp-json\/wp\/v2\/pages\/1082","targetHints":{"allow":["GET"]}}],"collection":[{"href":"https:\/\/nurlernen.de\/biologie\/wp-json\/wp\/v2\/pages"}],"about":[{"href":"https:\/\/nurlernen.de\/biologie\/wp-json\/wp\/v2\/types\/page"}],"author":[{"embeddable":true,"href":"https:\/\/nurlernen.de\/biologie\/wp-json\/wp\/v2\/users\/1"}],"replies":[{"embeddable":true,"href":"https:\/\/nurlernen.de\/biologie\/wp-json\/wp\/v2\/comments?post=1082"}],"version-history":[{"count":8,"href":"https:\/\/nurlernen.de\/biologie\/wp-json\/wp\/v2\/pages\/1082\/revisions"}],"predecessor-version":[{"id":3243,"href":"https:\/\/nurlernen.de\/biologie\/wp-json\/wp\/v2\/pages\/1082\/revisions\/3243"}],"wp:attachment":[{"href":"https:\/\/nurlernen.de\/biologie\/wp-json\/wp\/v2\/media?parent=1082"}],"curies":[{"name":"wp","href":"https:\/\/api.w.org\/{rel}","templated":true}]}}