{"id":1086,"date":"2021-04-14T14:59:15","date_gmt":"2021-04-14T12:59:15","guid":{"rendered":"https:\/\/www.niemma.de\/shop\/?page_id=1086"},"modified":"2025-11-18T10:25:57","modified_gmt":"2025-11-18T09:25:57","slug":"aufbau-und-funktion-von-nukleinsaeuren","status":"publish","type":"page","link":"https:\/\/nurlernen.de\/biologie\/aufbau-und-funktion-von-nukleinsaeuren\/","title":{"rendered":"Aufbau und Funktion von Nukleins\u00e4uren"},"content":{"rendered":"\n<p>\n<a href=\"https:\/\/nurlernen.de\/biologie\/biologie-lernkontrolle\/?quiz=l_100090_q&#038;tree=chapter_z100000\" title=\"Direkt zum Test\">\n  <img decoding=\"async\" src=\"https:\/\/nurlernen.de\/biologie\/wp-content\/uploads\/sites\/2\/2025\/11\/test_icon.png\" alt=\"Zum Test\" style=\"width:48px; height:48px;\"><\/a>\n<a href=\"https:\/\/nurlernen.de\/biologie\/biologie-inhalte\/\" title=\"Lernfortschritt\">\n  <img decoding=\"async\" src=\"https:\/\/nurlernen.de\/biologie\/wp-content\/uploads\/sites\/2\/2025\/11\/progress_icon.png\" alt=\"Zum Test\" style=\"width:48px; height:48px;\"><\/a>\n<a href=\"https:\/\/nurlernen.de\/biologie\/biologie-lernkontrolle\" title=\"\u00dcber 1000 \u00dcbungen!\">\n  <img decoding=\"async\" src=\"https:\/\/nurlernen.de\/biologie\/wp-content\/uploads\/sites\/2\/2025\/11\/test2_icon.png\" alt=\"\u00dcber 1000 \u00dcbungen!\" style=\"width:48px; height:48px;\"><\/a>\n<a href=\"https:\/\/nurlernen.de\/biologie\/biologie-artikel\" title=\"Biologie Text-Sammlung\">\n  <img decoding=\"async\" src=\"https:\/\/nurlernen.de\/biologie\/wp-content\/uploads\/sites\/2\/2025\/11\/books_icon.png\" alt=\"Biologie Text-Sammlung\" style=\"width:48px; height:48px;\"><\/a>\n<a href=\"https:\/\/nurlernen.de\/biologie\/biologie-akademie\/\" title=\"Einen Lehrer Fragen\">\n  <img decoding=\"async\" src=\"https:\/\/nurlernen.de\/biologie\/wp-content\/uploads\/sites\/2\/2025\/11\/teacher_icon.png\" alt=\"Zum Test\" style=\"width:48px; height:48px;\"><\/a>\n<\/p>\n\n\n<p><span style=\"font-size: inherit;\">DNA und RNA sind Nukleins\u00e4uren deren Aufbau und Funktion wir uns hier genauer anschauen m\u00f6chten. Sie bestehen aus dem Zusammenschluss vieler Einheiten namens Nukleotide. In der Fachsprache sagt man: &#8222;sie sind Polymere von Nukleotiden, also Polynukleotide&#8220;. Die Hauptaufgabe von Nukleins\u00e4uren ist die Speicherung und \u00dcbertragung der genetischen Information.<\/span><\/p>\n<h3>Nukleotid<\/h3>\n<figure id=\"attachment_1179\" aria-describedby=\"caption-attachment-1179\" style=\"width: 246px\" class=\"wp-caption alignright\"><img decoding=\"async\" class=\"size-full wp-image-1179\" src=\"https:\/\/nurlernen.de\/biologie\/wp-content\/uploads\/sites\/2\/2025\/07\/nucleotid.png\" alt=\"Nukleotid\" width=\"256\" \/><figcaption id=\"caption-attachment-1179\" class=\"wp-caption-text\">Schematischer Aufbau eines Nukleotids.<\/figcaption><\/figure>\n<p>Ein Nukleotid besteht aus drei Komponenten, n\u00e4mlich eine organische Base, ein Zuckerrest und ein Phosphatrest. Die Kombination aus der organischen Base und dem Zuckerrest (ohne die Phosphatgruppe) wird auch als Nukleo<em><strong>s<\/strong><\/em>id bezeichnet. Bei Nukleins\u00e4uren verbindet sich jeweils der Phosphatrest eines Nukleotids (5&#8242;-Ende) mit dem Zuckerrest des Nachbarnukleotids (3&#8242;-Ende) und bildet so ein Zuckerphosphat-Ger\u00fcst.<\/p>\n<h4>Zuckerrest<\/h4>\n<p>Der Zuckerrest besteht bei der RNA aus Ribose. Ribose ist ein Zuckermolek\u00fcl mit einem Ring aus f\u00fcnf Kohlenstoffatomen (Pentose).<\/p>\n<p>Bei der DNA hingegen besteht der Zuckerrest aus Desoxyribose. Desoxyribose ist ebenfalls ein Zuckermolek\u00fcl mit einem Ring aus f\u00fcnf Kohlenstoffatomen (Pentose). Hierbei fehlt aber im Vergleich zur Ribose, der Sauerstoff am C-2-Atom (Kohlenstoffatom Nr. 2 von 5).<\/p>\n<h4>Organische Basen<\/h4>\n<figure id=\"attachment_1176\" aria-describedby=\"caption-attachment-1176\" style=\"width: 246px\" class=\"wp-caption alignright\"><img decoding=\"async\" class=\"size-full wp-image-1176\" src=\"https:\/\/nurlernen.de\/biologie\/wp-content\/uploads\/sites\/2\/2025\/07\/organic_acids_labeled.png\" alt=\"Organische Basen\" width=\"256\" \/><figcaption id=\"caption-attachment-1176\" class=\"wp-caption-text\">Die im Aufbau von DNA und RNA vorkommenden organischen Basen<\/figcaption><\/figure>\n<p>Adenin (A) und Guanin (G) sind organische Basen (auch Stickstoff-Basen genannt), die jeweils zwei Kohlenstoffringe besitzen und von dem Molek\u00fcl Purin abstammen. Cytosin (C), Thymin (T) und Uracil (U) sind organische Basen, die jeweils nur einen Kohlenstoffring besitzen. Sie stammen von dem Molek\u00fcl Pyrimidin ab.<\/p>\n<p>W\u00e4hrend A, G und C sowohl in DNA als auch in RNA vorkommen, kommt T nur in DNA und U nur in RNA vor.<\/p>\n<p>Die Organischen Basen haben die Eigenschaft, dass sie sich mittels Wasserstoffbr\u00fcckenbildung miteinander verbinden k\u00f6nnen. Das hei\u00dft: bei DNA bilden sich zwischen A und T (jeweils zwei) sowie zwischen G und C (jeweils drei) Wasserstoffbr\u00fccken. Dadurch k\u00f6nnen sich zwei komplement\u00e4re Str\u00e4nge zu einem Doppelstrang verbinden, der leicht spiralf\u00f6rmig ist (also eine Doppelhelix). Diese beiden Str\u00e4nge verlaufen Antiparallel.<\/p>\n<p>Bei der RNA bilden sich zwischen A und U jeweils zwei sowie zwischen G und C jeweils drei Wasserstoffbr\u00fccken. RNA liegt in der Regel als Einzelstrang vor. Bei (langen) RNA-Molek\u00fclen k\u00f6nnen Bereiche, die komplement\u00e4re Basen enthalten, sich zu lokalen Doppelstr\u00e4nge falten.<\/p>\n<hr \/>\n<p>Die Produktion von Nukleins\u00e4uren ist einer der wichtigsten und fundamentalsten Vorg\u00e4ngen in allen Organismen.<\/p>\n<h3>DNA<\/h3>\n<figure id=\"attachment_1180\" aria-describedby=\"caption-attachment-1180\" style=\"width: 246px\" class=\"wp-caption alignright\"><img decoding=\"async\" class=\"size-full wp-image-1180\" src=\"https:\/\/nurlernen.de\/biologie\/wp-content\/uploads\/sites\/2\/2025\/07\/dna_labeled.png\" alt=\"DNA\" width=\"256\" \/><figcaption id=\"caption-attachment-1180\" class=\"wp-caption-text\">Schematische Darstellung des aufbaus der DNA.<\/figcaption><\/figure>\n<p>Die DNA ist das einzige bekannte Molek\u00fcl, das die alle Informationen zu ihrer eigenen (Re-)Produktion und Herstellung besitzt. Diese Information enth\u00e4lt u. a. den Bauplan von Enzymen, die ein DNA-Molek\u00fcl duplizieren k\u00f6nnen (Replikation). Die genetische Information ist i. d. R. in der Reihenfolge der Nukleotide gespeichert. Abschnitte auf dem DNA-Molek\u00fcl, die Informationen zur Herstellung von RNA-Molek\u00fclen enthalten, werden Gene genannt.<\/p>\n<p>In der Zelle werden zuerst mittels dieser Enzyme die beiden Str\u00e4nge der DNA voneinander getrennt. Anschlie\u00dfend legt das Enzym DNA-Polymerase an jedem der nun offenen Einzelstr\u00e4nge entsprechende komplement\u00e4re Nukleotide an. Dabei wird jeweils ein neuer komplement\u00e4rer Strang gebildet. Wenn dieser Prozess die gesamte L\u00e4nge eines DNA-Molek\u00fcls durchlaufen hat, existieren zwei separate DNA-Molek\u00fcle (Tochter-Str\u00e4nge). Diese enthalten die gleiche Reihenfolge der Nukleotide, wie der Mutterstrang.<\/p>\n<p>Vor der Zellteilung (Mitose), wird die gesamte DNA einer Zelle verdoppelt. Nach der Mitose enthalten die Tochterzellen jeweils die gleiche genetische Information der Mutterzelle. Somit werden die genetischen Informationen durch DNA-Molek\u00fcle von Generation zu Generation \u00fcbertragen.<\/p>\n<p>Wie genau die DNA-Replikation abl\u00e4uft ist Gegenstand der Genetik und wie sich das DNA-Molek\u00fcl \u00fcber Generationen hin ver\u00e4ndert wird in der Evolutionslehre behandelt.<\/p>\n<h3>RNA<\/h3>\n<figure id=\"attachment_1182\" aria-describedby=\"caption-attachment-1182\" style=\"width: 246px\" class=\"wp-caption alignright\"><img decoding=\"async\" class=\"size-full wp-image-1182\" src=\"https:\/\/nurlernen.de\/biologie\/wp-content\/uploads\/sites\/2\/2025\/07\/dna_replication_basic.png\" alt=\"DNA Replikation\" width=\"256\" \/><figcaption id=\"caption-attachment-1182\" class=\"wp-caption-text\">Durch die DNA-Replikation entstehen aus einem DNA-Molek\u00fcl zwei neue DNA-Molek\u00fcle.<\/figcaption><\/figure>\n<p>Die RNA wird in der Regel durch Kopieren von Abschnitten eines DNA-Strangs produziert.<\/p>\n<p>Das Enzym RNA-Polymerase ist in der Lage eine komplement\u00e4re Abschrift eines einzelnen DNA-Strangs zu produzieren. Hierbei werden RNA-Nukleotide verwendet, die also Ribose und die organische Base Uracil (U) anstelle von Thymin (T) enthalten. Dieser Vorgang wird DNA-Transkription genannt und ist Gegenstand der Genetik.<\/p>\n<p>m-RNA, t-RNA und r-RNA sind die wichtigsten RNA-Molek\u00fcle.<\/p>\n<ul>\n<li>m-RNA (messenger-RNA, Boten-RNA) \u00fcbertr\u00e4gt die genetische Informationen von einem DNA-Molek\u00fcl in ein Ribosom, wo diese Information zur Herstellung von Proteinen verwendet wird.<\/li>\n<li>t-RNA (transfer-RNA) besitzt die wichtige Eigenschaft einzelne Aminos\u00e4uren zu transportieren. Wenn eine Aminos\u00e4urekette (Polypeptid) gebildet wird, bringen t-RNA-Molek\u00fcle entsprechende Aminos\u00e4uren innerhalb des Ribosoms nebeneinander, wodurch sich die Aminos\u00e4uren miteinander verbinden und ein Polypeptid bilden.<\/li>\n<li>r-RNA (ribosomal-RNA) kommt, wie der Name schon vermuten l\u00e4sst, im Aufbau von Ribosomen vor. Ribosomen sind die Orte der Proteinbiosynthese in der Zelle. In Ribosomen treffen m-RNA, t-RNA und r-RNA aufeinander.<\/li>\n<\/ul>\n<p>Einige RNA-Molek\u00fcle k\u00f6nnen katalytisch wirken, d. h. sie k\u00f6nnen, wie Enzyme bestimmte chemische Reaktionen beschleunigen, ohne dabei selbst verbraucht zu werden. Deshalb gehen Biologen mittlerweile davon aus, dass vor Entstehung der DNA die \u00dcbertragung der genetischen Information von RNA \u00fcbernommen wurde. Die ersten lebenden Zellen auf der Erde haben somit RNA als Tr\u00e4ger der Erbinformation verwendet.<\/p>\n\n\n<p><button onclick=\"location.href='https:\/\/nurlernen.de\/biologie\/biologie-lernkontrolle\/?quiz=l_100090_q&#038;tree=chapter_z100000'\">Direkt zum Test<\/button>\n<button onclick=\"location.href='https:\/\/nurlernen.de\/biologie\/biologie-inhalte\/'\">Lernbereich<\/button>\n<button onclick=\"location.href='https:\/\/nurlernen.de\/biologie\/biologie-akademie\/'\">Biologie Akademie<\/button>\n<!--button onclick=\"location.href='\/biologie-fragenkatalog'\"&gt;Fragenkatalog (F\u00fcr Lehrer)&lt;\/button-->\n<\/p>\n\n\n\n<p><\/p>\n","protected":false},"excerpt":{"rendered":"<p>DNA und RNA sind Nukleins\u00e4uren deren Aufbau und Funktion wir uns hier genauer anschauen m\u00f6chten. Sie bestehen aus dem Zusammenschluss vieler Einheiten namens Nukleotide. In der Fachsprache sagt man: &#8222;sie sind Polymere von Nukleotiden, also Polynukleotide&#8220;. Die Hauptaufgabe von Nukleins\u00e4uren ist die Speicherung und \u00dcbertragung der genetischen Information. Nukleotid Ein Nukleotid besteht aus drei Komponenten, &#8230; <a title=\"Aufbau und Funktion von Nukleins\u00e4uren\" class=\"read-more\" href=\"https:\/\/nurlernen.de\/biologie\/aufbau-und-funktion-von-nukleinsaeuren\/\" aria-label=\"Mehr Informationen \u00fcber Aufbau und Funktion von Nukleins\u00e4uren\">Weiterlesen<\/a><\/p>\n","protected":false},"author":1,"featured_media":0,"parent":0,"menu_order":0,"comment_status":"closed","ping_status":"closed","template":"","meta":{"footnotes":""},"class_list":["post-1086","page","type-page","status-publish"],"yoast_head":"<!-- This site is optimized with the Yoast SEO plugin v27.5 - https:\/\/yoast.com\/product\/yoast-seo-wordpress\/ -->\n<title>Aufbau und Funktion von Nukleins\u00e4uren DNA RNA mit Test<\/title>\n<meta name=\"description\" content=\"Nukleins\u00e4uren (DNA, RNA) bestehen aus Nukleotiden, Funktion bei Speicherung und \u00dcbertragung genetischer Information verst\u00e4ndlich erkl\u00e4rt.\" \/>\n<meta name=\"robots\" content=\"index, follow, max-snippet:-1, max-image-preview:large, max-video-preview:-1\" \/>\n<link rel=\"canonical\" href=\"https:\/\/nurlernen.de\/biologie\/aufbau-und-funktion-von-nukleinsaeuren\/\" \/>\n<meta property=\"og:locale\" content=\"de_DE\" \/>\n<meta property=\"og:type\" content=\"article\" \/>\n<meta property=\"og:title\" content=\"Aufbau und Funktion von Nukleins\u00e4uren DNA RNA mit Test\" \/>\n<meta property=\"og:description\" content=\"Nukleins\u00e4uren (DNA, RNA) bestehen aus Nukleotiden, Funktion bei Speicherung und \u00dcbertragung genetischer Information verst\u00e4ndlich erkl\u00e4rt.\" \/>\n<meta property=\"og:url\" content=\"https:\/\/nurlernen.de\/biologie\/aufbau-und-funktion-von-nukleinsaeuren\/\" \/>\n<meta property=\"og:site_name\" content=\"Biologie verstehen\" \/>\n<meta property=\"article:modified_time\" content=\"2025-11-18T09:25:57+00:00\" \/>\n<meta property=\"og:image\" content=\"https:\/\/nurlernen.de\/biologie\/wp-content\/uploads\/sites\/2\/2025\/11\/test_icon.png\" \/>\n<meta name=\"twitter:card\" content=\"summary_large_image\" \/>\n<meta name=\"twitter:label1\" content=\"Gesch\u00e4tzte Lesezeit\" \/>\n\t<meta name=\"twitter:data1\" content=\"6\u00a0Minuten\" \/>\n<script type=\"application\/ld+json\" class=\"yoast-schema-graph\">{\"@context\":\"https:\\\/\\\/schema.org\",\"@graph\":[{\"@type\":\"WebPage\",\"@id\":\"https:\\\/\\\/nurlernen.de\\\/biologie\\\/aufbau-und-funktion-von-nukleinsaeuren\\\/\",\"url\":\"https:\\\/\\\/nurlernen.de\\\/biologie\\\/aufbau-und-funktion-von-nukleinsaeuren\\\/\",\"name\":\"Aufbau und Funktion von Nukleins\u00e4uren DNA RNA mit Test\",\"isPartOf\":{\"@id\":\"https:\\\/\\\/nurlernen.de\\\/biologie\\\/#website\"},\"primaryImageOfPage\":{\"@id\":\"https:\\\/\\\/nurlernen.de\\\/biologie\\\/aufbau-und-funktion-von-nukleinsaeuren\\\/#primaryimage\"},\"image\":{\"@id\":\"https:\\\/\\\/nurlernen.de\\\/biologie\\\/aufbau-und-funktion-von-nukleinsaeuren\\\/#primaryimage\"},\"thumbnailUrl\":\"https:\\\/\\\/nurlernen.de\\\/biologie\\\/wp-content\\\/uploads\\\/sites\\\/2\\\/2025\\\/11\\\/test_icon.png\",\"datePublished\":\"2021-04-14T12:59:15+00:00\",\"dateModified\":\"2025-11-18T09:25:57+00:00\",\"description\":\"Nukleins\u00e4uren (DNA, RNA) bestehen aus Nukleotiden, Funktion bei Speicherung und \u00dcbertragung genetischer Information verst\u00e4ndlich erkl\u00e4rt.\",\"breadcrumb\":{\"@id\":\"https:\\\/\\\/nurlernen.de\\\/biologie\\\/aufbau-und-funktion-von-nukleinsaeuren\\\/#breadcrumb\"},\"inLanguage\":\"de\",\"potentialAction\":[{\"@type\":\"ReadAction\",\"target\":[\"https:\\\/\\\/nurlernen.de\\\/biologie\\\/aufbau-und-funktion-von-nukleinsaeuren\\\/\"]}]},{\"@type\":\"ImageObject\",\"inLanguage\":\"de\",\"@id\":\"https:\\\/\\\/nurlernen.de\\\/biologie\\\/aufbau-und-funktion-von-nukleinsaeuren\\\/#primaryimage\",\"url\":\"https:\\\/\\\/nurlernen.de\\\/biologie\\\/wp-content\\\/uploads\\\/sites\\\/2\\\/2025\\\/11\\\/test_icon.png\",\"contentUrl\":\"https:\\\/\\\/nurlernen.de\\\/biologie\\\/wp-content\\\/uploads\\\/sites\\\/2\\\/2025\\\/11\\\/test_icon.png\",\"width\":256,\"height\":256},{\"@type\":\"BreadcrumbList\",\"@id\":\"https:\\\/\\\/nurlernen.de\\\/biologie\\\/aufbau-und-funktion-von-nukleinsaeuren\\\/#breadcrumb\",\"itemListElement\":[{\"@type\":\"ListItem\",\"position\":1,\"name\":\"Startseite\",\"item\":\"https:\\\/\\\/nurlernen.de\\\/biologie\\\/\"},{\"@type\":\"ListItem\",\"position\":2,\"name\":\"Aufbau und Funktion von Nukleins\u00e4uren\"}]},{\"@type\":\"WebSite\",\"@id\":\"https:\\\/\\\/nurlernen.de\\\/biologie\\\/#website\",\"url\":\"https:\\\/\\\/nurlernen.de\\\/biologie\\\/\",\"name\":\"Biologie Lernen\",\"description\":\"\u00dcber 1000 kostenlose \u00dcbungen\",\"publisher\":{\"@id\":\"https:\\\/\\\/nurlernen.de\\\/biologie\\\/#organization\"},\"potentialAction\":[{\"@type\":\"SearchAction\",\"target\":{\"@type\":\"EntryPoint\",\"urlTemplate\":\"https:\\\/\\\/nurlernen.de\\\/biologie\\\/?s={search_term_string}\"},\"query-input\":{\"@type\":\"PropertyValueSpecification\",\"valueRequired\":true,\"valueName\":\"search_term_string\"}}],\"inLanguage\":\"de\"},{\"@type\":\"Organization\",\"@id\":\"https:\\\/\\\/nurlernen.de\\\/biologie\\\/#organization\",\"name\":\"Biologie Lernen\",\"url\":\"https:\\\/\\\/nurlernen.de\\\/biologie\\\/\",\"logo\":{\"@type\":\"ImageObject\",\"inLanguage\":\"de\",\"@id\":\"https:\\\/\\\/nurlernen.de\\\/biologie\\\/#\\\/schema\\\/logo\\\/image\\\/\",\"url\":\"https:\\\/\\\/nurlernen.de\\\/biologie\\\/wp-content\\\/uploads\\\/sites\\\/2\\\/2025\\\/07\\\/cropped-zellkern.png\",\"contentUrl\":\"https:\\\/\\\/nurlernen.de\\\/biologie\\\/wp-content\\\/uploads\\\/sites\\\/2\\\/2025\\\/07\\\/cropped-zellkern.png\",\"width\":512,\"height\":512,\"caption\":\"Biologie Lernen\"},\"image\":{\"@id\":\"https:\\\/\\\/nurlernen.de\\\/biologie\\\/#\\\/schema\\\/logo\\\/image\\\/\"},\"sameAs\":[\"https:\\\/\\\/www.instagram.com\\\/nurlernen.de\\\/\"]}]}<\/script>\n<!-- \/ Yoast SEO plugin. -->","yoast_head_json":{"title":"Aufbau und Funktion von Nukleins\u00e4uren DNA RNA mit Test","description":"Nukleins\u00e4uren (DNA, RNA) bestehen aus Nukleotiden, Funktion bei Speicherung und \u00dcbertragung genetischer Information verst\u00e4ndlich erkl\u00e4rt.","robots":{"index":"index","follow":"follow","max-snippet":"max-snippet:-1","max-image-preview":"max-image-preview:large","max-video-preview":"max-video-preview:-1"},"canonical":"https:\/\/nurlernen.de\/biologie\/aufbau-und-funktion-von-nukleinsaeuren\/","og_locale":"de_DE","og_type":"article","og_title":"Aufbau und Funktion von Nukleins\u00e4uren DNA RNA mit Test","og_description":"Nukleins\u00e4uren (DNA, RNA) bestehen aus Nukleotiden, Funktion bei Speicherung und \u00dcbertragung genetischer Information verst\u00e4ndlich erkl\u00e4rt.","og_url":"https:\/\/nurlernen.de\/biologie\/aufbau-und-funktion-von-nukleinsaeuren\/","og_site_name":"Biologie verstehen","article_modified_time":"2025-11-18T09:25:57+00:00","og_image":[{"url":"https:\/\/nurlernen.de\/biologie\/wp-content\/uploads\/sites\/2\/2025\/11\/test_icon.png","type":"","width":"","height":""}],"twitter_card":"summary_large_image","twitter_misc":{"Gesch\u00e4tzte Lesezeit":"6\u00a0Minuten"},"schema":{"@context":"https:\/\/schema.org","@graph":[{"@type":"WebPage","@id":"https:\/\/nurlernen.de\/biologie\/aufbau-und-funktion-von-nukleinsaeuren\/","url":"https:\/\/nurlernen.de\/biologie\/aufbau-und-funktion-von-nukleinsaeuren\/","name":"Aufbau und Funktion von Nukleins\u00e4uren DNA RNA mit Test","isPartOf":{"@id":"https:\/\/nurlernen.de\/biologie\/#website"},"primaryImageOfPage":{"@id":"https:\/\/nurlernen.de\/biologie\/aufbau-und-funktion-von-nukleinsaeuren\/#primaryimage"},"image":{"@id":"https:\/\/nurlernen.de\/biologie\/aufbau-und-funktion-von-nukleinsaeuren\/#primaryimage"},"thumbnailUrl":"https:\/\/nurlernen.de\/biologie\/wp-content\/uploads\/sites\/2\/2025\/11\/test_icon.png","datePublished":"2021-04-14T12:59:15+00:00","dateModified":"2025-11-18T09:25:57+00:00","description":"Nukleins\u00e4uren (DNA, RNA) bestehen aus Nukleotiden, Funktion bei Speicherung und \u00dcbertragung genetischer Information verst\u00e4ndlich erkl\u00e4rt.","breadcrumb":{"@id":"https:\/\/nurlernen.de\/biologie\/aufbau-und-funktion-von-nukleinsaeuren\/#breadcrumb"},"inLanguage":"de","potentialAction":[{"@type":"ReadAction","target":["https:\/\/nurlernen.de\/biologie\/aufbau-und-funktion-von-nukleinsaeuren\/"]}]},{"@type":"ImageObject","inLanguage":"de","@id":"https:\/\/nurlernen.de\/biologie\/aufbau-und-funktion-von-nukleinsaeuren\/#primaryimage","url":"https:\/\/nurlernen.de\/biologie\/wp-content\/uploads\/sites\/2\/2025\/11\/test_icon.png","contentUrl":"https:\/\/nurlernen.de\/biologie\/wp-content\/uploads\/sites\/2\/2025\/11\/test_icon.png","width":256,"height":256},{"@type":"BreadcrumbList","@id":"https:\/\/nurlernen.de\/biologie\/aufbau-und-funktion-von-nukleinsaeuren\/#breadcrumb","itemListElement":[{"@type":"ListItem","position":1,"name":"Startseite","item":"https:\/\/nurlernen.de\/biologie\/"},{"@type":"ListItem","position":2,"name":"Aufbau und Funktion von Nukleins\u00e4uren"}]},{"@type":"WebSite","@id":"https:\/\/nurlernen.de\/biologie\/#website","url":"https:\/\/nurlernen.de\/biologie\/","name":"Biologie Lernen","description":"\u00dcber 1000 kostenlose \u00dcbungen","publisher":{"@id":"https:\/\/nurlernen.de\/biologie\/#organization"},"potentialAction":[{"@type":"SearchAction","target":{"@type":"EntryPoint","urlTemplate":"https:\/\/nurlernen.de\/biologie\/?s={search_term_string}"},"query-input":{"@type":"PropertyValueSpecification","valueRequired":true,"valueName":"search_term_string"}}],"inLanguage":"de"},{"@type":"Organization","@id":"https:\/\/nurlernen.de\/biologie\/#organization","name":"Biologie Lernen","url":"https:\/\/nurlernen.de\/biologie\/","logo":{"@type":"ImageObject","inLanguage":"de","@id":"https:\/\/nurlernen.de\/biologie\/#\/schema\/logo\/image\/","url":"https:\/\/nurlernen.de\/biologie\/wp-content\/uploads\/sites\/2\/2025\/07\/cropped-zellkern.png","contentUrl":"https:\/\/nurlernen.de\/biologie\/wp-content\/uploads\/sites\/2\/2025\/07\/cropped-zellkern.png","width":512,"height":512,"caption":"Biologie Lernen"},"image":{"@id":"https:\/\/nurlernen.de\/biologie\/#\/schema\/logo\/image\/"},"sameAs":["https:\/\/www.instagram.com\/nurlernen.de\/"]}]}},"_links":{"self":[{"href":"https:\/\/nurlernen.de\/biologie\/wp-json\/wp\/v2\/pages\/1086","targetHints":{"allow":["GET"]}}],"collection":[{"href":"https:\/\/nurlernen.de\/biologie\/wp-json\/wp\/v2\/pages"}],"about":[{"href":"https:\/\/nurlernen.de\/biologie\/wp-json\/wp\/v2\/types\/page"}],"author":[{"embeddable":true,"href":"https:\/\/nurlernen.de\/biologie\/wp-json\/wp\/v2\/users\/1"}],"replies":[{"embeddable":true,"href":"https:\/\/nurlernen.de\/biologie\/wp-json\/wp\/v2\/comments?post=1086"}],"version-history":[{"count":14,"href":"https:\/\/nurlernen.de\/biologie\/wp-json\/wp\/v2\/pages\/1086\/revisions"}],"predecessor-version":[{"id":3237,"href":"https:\/\/nurlernen.de\/biologie\/wp-json\/wp\/v2\/pages\/1086\/revisions\/3237"}],"wp:attachment":[{"href":"https:\/\/nurlernen.de\/biologie\/wp-json\/wp\/v2\/media?parent=1086"}],"curies":[{"name":"wp","href":"https:\/\/api.w.org\/{rel}","templated":true}]}}