{"id":1088,"date":"2021-04-22T13:26:04","date_gmt":"2021-04-22T11:26:04","guid":{"rendered":"https:\/\/www.niemma.de\/shop\/?page_id=1088"},"modified":"2025-11-18T10:25:32","modified_gmt":"2025-11-18T09:25:32","slug":"aufbau-und-funktion-von-proteinen","status":"publish","type":"page","link":"https:\/\/nurlernen.de\/biologie\/aufbau-und-funktion-von-proteinen\/","title":{"rendered":"Aufbau und Funktion von Proteinen"},"content":{"rendered":"\n<p>\n<a href=\"https:\/\/nurlernen.de\/biologie\/biologie-lernkontrolle\/?quiz=l_100080_q&#038;tree=chapter_z100000\" title=\"Direkt zum Test\">\n  <img decoding=\"async\" src=\"https:\/\/nurlernen.de\/biologie\/wp-content\/uploads\/sites\/2\/2025\/11\/test_icon.png\" alt=\"Zum Test\" style=\"width:48px; height:48px;\"><\/a>\n<a href=\"https:\/\/nurlernen.de\/biologie\/biologie-inhalte\/\" title=\"Lernfortschritt\">\n  <img decoding=\"async\" src=\"https:\/\/nurlernen.de\/biologie\/wp-content\/uploads\/sites\/2\/2025\/11\/progress_icon.png\" alt=\"Zum Test\" style=\"width:48px; height:48px;\"><\/a>\n<a href=\"https:\/\/nurlernen.de\/biologie\/biologie-lernkontrolle\" title=\"\u00dcber 1000 \u00dcbungen!\">\n  <img decoding=\"async\" src=\"https:\/\/nurlernen.de\/biologie\/wp-content\/uploads\/sites\/2\/2025\/11\/test2_icon.png\" alt=\"\u00dcber 1000 \u00dcbungen!\" style=\"width:48px; height:48px;\"><\/a>\n<a href=\"https:\/\/nurlernen.de\/biologie\/biologie-artikel\" title=\"Biologie Text-Sammlung\">\n  <img decoding=\"async\" src=\"https:\/\/nurlernen.de\/biologie\/wp-content\/uploads\/sites\/2\/2025\/11\/books_icon.png\" alt=\"Biologie Text-Sammlung\" style=\"width:48px; height:48px;\"><\/a>\n<a href=\"https:\/\/nurlernen.de\/biologie\/biologie-akademie\/\" title=\"Einen Lehrer Fragen\">\n  <img decoding=\"async\" src=\"https:\/\/nurlernen.de\/biologie\/wp-content\/uploads\/sites\/2\/2025\/11\/teacher_icon.png\" alt=\"Zum Test\" style=\"width:48px; height:48px;\"><\/a>\n<\/p>\n\n\n<p>Proteine sind Polymere von Aminos\u00e4uren. Polymere sind lange Ketten, die aus der Verbindung \u00e4hnlicher Molek\u00fcle entstehen. Polysaccharide z. B. entstehen durch die Verbindung von vielen Monosacchariden. Aminos\u00e4uren k\u00f6nnen sich auch miteinander zu Polymeren verbinden. Dabei wird pro Verbindung jeweils ein Wassermolek\u00fcl freigesetzt. Durch diese sogenannte Peptidbindung entstehen Di-, Tri- und Polypeptide.<\/p>\n<h3>Aminos\u00e4uren<\/h3>\n<p>Eine Aminos\u00e4ure ist ein organisches Molek\u00fcl, das sowohl eine Aminogruppe (NH2-Gruppe) als auch eine Carboxylgruppe (COOH) besitzt. Theoretisch gibt es unendlich viele Aminos\u00e4uren. Nicht alle werden f\u00fcr die Bildung von Proteinen verwendet. Im Aufbau von Proteinen werden nur 20 bestimmte Aminos\u00e4uren verwendet. Diese proteinogenen, d.h. proteinbildenden Aminos\u00e4uren besitzen jeweils unterschiedliche Eigenschaften. Einige Aminos\u00e4uren sind hydrophil (wasseranziehend), w\u00e4hrend andere hydrophob (wasserabweisend) sind. Es gibt basisch (alkalisch) oder sauer reagierende Aminos\u00e4uren. Diese Vielfalt der Aminos\u00e4uren ist besonders f\u00fcr die Entfaltung der Proteinfunktion relevant.<\/p>\n<p>Hydrophile Molek\u00fcle sind wasserliebend, d.h. sie l\u00f6sen sich gut im Wasser. Hydrophile proteinogene Aminos\u00e4uren sind: Serin (Ser), Threonin (Thr), Cystein (Cys), Tyrosin (Tyr), Asparagin (Asn), Glutamin (Gln), Asparagins\u00e4ure (Asp), Glutamins\u00e4ure (Glu), Lysin (Lys), Arginin (Arg) und Histidin (His).<\/p>\n<p>Hydrophobe Molek\u00fcle sind wasserabweisend, d.h. sie l\u00f6sen sich gar nicht oder sehr schlecht im Wasser. Hydrophobe proteinogene Aminos\u00e4uren sind: Methionin (Met), Phenylalanin (Phe), Tryptophan (Trp), Prolin (Pro), Glycin (Gly), Alanin (Ala), Valin (Val), Leucin (Leu) und Isoleucin (Ile).<\/p>\n<p>Es gibt zwei proteinogene Aminos\u00e4uren, die sauer reagieren. Diese sind Asparagins\u00e4ure (Asp) und Glutamins\u00e4ure (Glu). Sie sind ebenfalls hydrophil.<\/p>\n<p>Es gibt drei proteinogene Aminos\u00e4uren, die basisch reagieren. Diese sind Lysin (Lys), Arginin (Arg) und Histidin (His). Sie sind ebenfalls hydrophil.<\/p>\n<h3>Proteinstruktur<\/h3>\n<p>Die Reihenfolge der Aminos\u00e4uren (Prim\u00e4rstruktur) ist f\u00fcr die Eigenschaften eines Proteins besonders wichtig. Diese Reihenfolge der Aminos\u00e4uren wird als Aminos\u00e4uresequenz bezeichnet. Sie wird auch als die Prim\u00e4rstruktur eines Polypeptids bzw. Proteins bezeichnet. Die Aminos\u00e4uresequenz oder auch die Prim\u00e4rstruktur ist f\u00fcr die r\u00e4umliche Faltung einer Polypeptidkette besonders relevant (wichtig).<\/p>\n<p>Bei einigen Polypeptiden bilden die Aminos\u00e4uren spiralf\u00f6rmige Abschnitte. Diese Abschnitte werden als \u03b1-Helix genannt. Helix bedeutet Spirale.<\/p>\n<p>Bei anderen Polypeptiden wiederum kann es zur Bildung von Faltbl\u00e4ttern kommen. Man kann sich dies wie ein mehrfach gefaltetes Blatt Papier vorstellen. Diese Struktur wird als \u03b2-Faltblatt bezeichnet.<\/p>\n<p>Die \u03b1-Helix und das \u03b2-Faltblatt werden als Sekund\u00e4rstruktur bezeichnet. Die Sekund\u00e4rstruktur ist somit die kleinste dreidimensionale Strukturkomponente eines Peptids.<\/p>\n<p>Ist ein Polypeptid lang genug, so k\u00f6nnen sich die Sekund\u00e4rstrukturen mehrfach ausbilden. Diese komplexe dreidimensionale r\u00e4umliche Anordnung der Sekund\u00e4rstrukturelemente wird als Terti\u00e4rstruktur bezeichnet. In diesem Fall spricht man i. d. R. von einem Protein. Proteine haben also mehrere dreidimensional gefaltete Sekund\u00e4rstrukturelemente wie \u03b1-Helices und \u03b2-Faltbl\u00e4tter. F\u00fcr die Faltung der Terti\u00e4rstruktur ist neben der Prim\u00e4rstruktur (also Aminos\u00e4uresequenz) auch die Umgebungsbedingungen relevant.<\/p>\n<p>Die gleiche Prim\u00e4rstruktur k\u00f6nnte unter verschiedenen Umgebungsbedingungen, wie z. B. Temperatur oder pH-Wert zu verschiedenen Terti\u00e4rstrukturen f\u00fchren. Aus diesem Grund werden viele Proteine in Zellen unter bestimmten Bedingungen gefaltet. Zus\u00e4tzlich gibt es Faltungshelferproteine (Chaperone), die einer Polypeptidkette zu einer bestimmten Faltung verhelfen, indem sie das Protein in sich einschlie\u00dfen und gegen \u00e4u\u00dfere Einwirkungen abschirmen, bis die Faltung abgeschlossen ist.<\/p>\n<p>Viele Proteine besitzen nur eine Terti\u00e4rstruktur. Terti\u00e4rstrukturen k\u00f6nnen sich zu noch gr\u00f6\u00dfere und kompliziertere Einheiten zusammensetzen, die Quart\u00e4rstruktur genannt wird. W\u00e4hrend die Terti\u00e4rstruktur i. d. R. aus einer langen Aminos\u00e4urekette besteht, entsteht die Quart\u00e4rstruktur fast immer aus der dreidimensionalen Verbindung von MEHREREN Polypeptidketten. Ein Beispiel hierf\u00fcr ist das H\u00e4moglobin, das aus 4 Polypeptidketten besteht. Jede dieser Polypeptidketten hat ihre eigene Prim\u00e4r-, Sekund\u00e4r und Terti\u00e4rstruktur.<\/p>\n<p>Peptide und Proteine werden durch Translation von mRNA-Molek\u00fclen an den Ribosomen hergestellt. Dieser Vorgang wird als Proteinbiosynthese bezeichnet.<\/p>\n<h3>Aufgaben von Proteinen<\/h3>\n<p>Peptide und Proteine k\u00f6nnen unterschiedliche Aufgaben erf\u00fcllen.<\/p>\n<ul>\n<li>Enzyme beschleunigen (katalysieren) chemische Reaktionen, ohne dabei selbst verbraucht zu werden. Sie werden daher Bio-Katalysatoren genannt. Alle Enzyme sind Proteine. Beispiele: Verdauungsenzyme.<\/li>\n<li>Transportproteine transportieren Substanzen. Eine wichtige Klasse der Transportproteine sind die Membranproteine, die den Stofftransport durch die Zellmembran durchf\u00fchren (Carrier-Proteine) bzw. erleichtern (Kanalproteine).<\/li>\n<li>Strukturproteine haben eine st\u00fctzende und formgebende Funktion. Mikrofilamente, Intermedi\u00e4rfilamente und Mikrotubuli bilden das Cytoskelett. Keratin ist im Aufbau von Haaren, H\u00f6rnern, Fingern\u00e4geln etc. beteiligt.<\/li>\n<li>Einige Proteine fungieren als chemische Botenstoffe bzw. Hormone. Das wahrscheinlich bekannteste hormonelle Protein ist Insulin.<\/li>\n<li>Actin- und Myosinfilamente bilden die Grundlage der Muskelkontraktion. Cilien (Zellwimpern) und Flagellen (Zellgei\u00dfeln) bestehen ebenfalls aus Proteinen und bilden die Grundlage der Zellbewegung.<\/li>\n<li>Damit Botenstoffe, wie Hormone und Neurotransmitter andere Zellen beeinflussen, m\u00fcssen diese erst an bestimmte Rezeptoren an der Membran binden. Rezeptoren bestehen i. d. R. aus Membranproteinen.<\/li>\n<li>Antik\u00f6rper sind Proteine, die unserem Abwehrsystem beim Bek\u00e4mpfen von Krankheiten und Infektionen helfen.<\/li>\n<li>Proteine speichern Aminos\u00e4uren und somit Energie. Casein (Milcheiwei\u00df) und Ovalbumin (H\u00fchnereiwei\u00df) sind besonders reichhaltige Aminos\u00e4ure-Quellen.<\/li>\n<\/ul>\n\n\n<p><button onclick=\"location.href='https:\/\/nurlernen.de\/biologie\/biologie-inhalte\/'\">Lernbereich<\/button>\r\n<button onclick=\"location.href='https:\/\/nurlernen.de\/biologie\/biologie-akademie\/'\">Biologie Akademie<\/button>\r\n<!--button onclick=\"location.href='https:\/\/nurlernen.de\/biologie\/biologie-lernkontrolle\/'\">Lernkontrolle<\/button-->\r\n<!--button onclick=\"location.href='\/biologie-fragenkatalog'\"&gt;Fragenkatalog (F\u00fcr Lehrer)&lt;\/button-->\r\n<\/p>\n","protected":false},"excerpt":{"rendered":"<p>Proteine sind Polymere von Aminos\u00e4uren. Polymere sind lange Ketten, die aus der Verbindung \u00e4hnlicher Molek\u00fcle entstehen. Polysaccharide z. B. entstehen durch die Verbindung von vielen Monosacchariden. Aminos\u00e4uren k\u00f6nnen sich auch miteinander zu Polymeren verbinden. Dabei wird pro Verbindung jeweils ein Wassermolek\u00fcl freigesetzt. Durch diese sogenannte Peptidbindung entstehen Di-, Tri- und Polypeptide. Aminos\u00e4uren Eine Aminos\u00e4ure ist &#8230; <a title=\"Aufbau und Funktion von Proteinen\" class=\"read-more\" href=\"https:\/\/nurlernen.de\/biologie\/aufbau-und-funktion-von-proteinen\/\" aria-label=\"Mehr Informationen \u00fcber Aufbau und Funktion von Proteinen\">Weiterlesen<\/a><\/p>\n","protected":false},"author":1,"featured_media":0,"parent":0,"menu_order":0,"comment_status":"open","ping_status":"closed","template":"","meta":{"footnotes":""},"class_list":["post-1088","page","type-page","status-publish"],"yoast_head":"<!-- This site is optimized with the Yoast SEO plugin v27.5 - https:\/\/yoast.com\/product\/yoast-seo-wordpress\/ -->\n<title>Aufbau und Funktion von Proteinen<\/title>\n<meta name=\"description\" content=\"Proteine: Aufbau aus Aminos\u00e4uren, Stufen der Proteinstruktur und vielf\u00e4ltige Funktionen wie Enzyme, Transport, Hormone und Immunabwehr einfach erkl\u00e4rt.\" \/>\n<meta name=\"robots\" content=\"index, follow, max-snippet:-1, max-image-preview:large, max-video-preview:-1\" \/>\n<link rel=\"canonical\" href=\"https:\/\/nurlernen.de\/biologie\/aufbau-und-funktion-von-proteinen\/\" \/>\n<meta property=\"og:locale\" content=\"de_DE\" \/>\n<meta property=\"og:type\" content=\"article\" \/>\n<meta property=\"og:title\" content=\"Aufbau und Funktion von Proteinen\" \/>\n<meta property=\"og:description\" content=\"Proteine: Aufbau aus Aminos\u00e4uren, Stufen der Proteinstruktur und vielf\u00e4ltige Funktionen wie Enzyme, Transport, Hormone und Immunabwehr einfach erkl\u00e4rt.\" \/>\n<meta property=\"og:url\" content=\"https:\/\/nurlernen.de\/biologie\/aufbau-und-funktion-von-proteinen\/\" \/>\n<meta property=\"og:site_name\" content=\"Biologie verstehen\" \/>\n<meta property=\"article:modified_time\" content=\"2025-11-18T09:25:32+00:00\" \/>\n<meta property=\"og:image\" content=\"https:\/\/nurlernen.de\/biologie\/wp-content\/uploads\/sites\/2\/2025\/11\/test_icon.png\" \/>\n<meta name=\"twitter:card\" content=\"summary_large_image\" \/>\n<meta name=\"twitter:label1\" content=\"Gesch\u00e4tzte Lesezeit\" \/>\n\t<meta name=\"twitter:data1\" content=\"6\u00a0Minuten\" \/>\n<script type=\"application\/ld+json\" class=\"yoast-schema-graph\">{\"@context\":\"https:\\\/\\\/schema.org\",\"@graph\":[{\"@type\":\"WebPage\",\"@id\":\"https:\\\/\\\/nurlernen.de\\\/biologie\\\/aufbau-und-funktion-von-proteinen\\\/\",\"url\":\"https:\\\/\\\/nurlernen.de\\\/biologie\\\/aufbau-und-funktion-von-proteinen\\\/\",\"name\":\"Aufbau und Funktion von Proteinen\",\"isPartOf\":{\"@id\":\"https:\\\/\\\/nurlernen.de\\\/biologie\\\/#website\"},\"primaryImageOfPage\":{\"@id\":\"https:\\\/\\\/nurlernen.de\\\/biologie\\\/aufbau-und-funktion-von-proteinen\\\/#primaryimage\"},\"image\":{\"@id\":\"https:\\\/\\\/nurlernen.de\\\/biologie\\\/aufbau-und-funktion-von-proteinen\\\/#primaryimage\"},\"thumbnailUrl\":\"https:\\\/\\\/nurlernen.de\\\/biologie\\\/wp-content\\\/uploads\\\/sites\\\/2\\\/2025\\\/11\\\/test_icon.png\",\"datePublished\":\"2021-04-22T11:26:04+00:00\",\"dateModified\":\"2025-11-18T09:25:32+00:00\",\"description\":\"Proteine: Aufbau aus Aminos\u00e4uren, Stufen der Proteinstruktur und vielf\u00e4ltige Funktionen wie Enzyme, Transport, Hormone und Immunabwehr einfach erkl\u00e4rt.\",\"breadcrumb\":{\"@id\":\"https:\\\/\\\/nurlernen.de\\\/biologie\\\/aufbau-und-funktion-von-proteinen\\\/#breadcrumb\"},\"inLanguage\":\"de\",\"potentialAction\":[{\"@type\":\"ReadAction\",\"target\":[\"https:\\\/\\\/nurlernen.de\\\/biologie\\\/aufbau-und-funktion-von-proteinen\\\/\"]}]},{\"@type\":\"ImageObject\",\"inLanguage\":\"de\",\"@id\":\"https:\\\/\\\/nurlernen.de\\\/biologie\\\/aufbau-und-funktion-von-proteinen\\\/#primaryimage\",\"url\":\"https:\\\/\\\/nurlernen.de\\\/biologie\\\/wp-content\\\/uploads\\\/sites\\\/2\\\/2025\\\/11\\\/test_icon.png\",\"contentUrl\":\"https:\\\/\\\/nurlernen.de\\\/biologie\\\/wp-content\\\/uploads\\\/sites\\\/2\\\/2025\\\/11\\\/test_icon.png\",\"width\":256,\"height\":256},{\"@type\":\"BreadcrumbList\",\"@id\":\"https:\\\/\\\/nurlernen.de\\\/biologie\\\/aufbau-und-funktion-von-proteinen\\\/#breadcrumb\",\"itemListElement\":[{\"@type\":\"ListItem\",\"position\":1,\"name\":\"Startseite\",\"item\":\"https:\\\/\\\/nurlernen.de\\\/biologie\\\/\"},{\"@type\":\"ListItem\",\"position\":2,\"name\":\"Aufbau und Funktion von Proteinen\"}]},{\"@type\":\"WebSite\",\"@id\":\"https:\\\/\\\/nurlernen.de\\\/biologie\\\/#website\",\"url\":\"https:\\\/\\\/nurlernen.de\\\/biologie\\\/\",\"name\":\"Biologie Lernen\",\"description\":\"\u00dcber 1000 kostenlose \u00dcbungen\",\"publisher\":{\"@id\":\"https:\\\/\\\/nurlernen.de\\\/biologie\\\/#organization\"},\"potentialAction\":[{\"@type\":\"SearchAction\",\"target\":{\"@type\":\"EntryPoint\",\"urlTemplate\":\"https:\\\/\\\/nurlernen.de\\\/biologie\\\/?s={search_term_string}\"},\"query-input\":{\"@type\":\"PropertyValueSpecification\",\"valueRequired\":true,\"valueName\":\"search_term_string\"}}],\"inLanguage\":\"de\"},{\"@type\":\"Organization\",\"@id\":\"https:\\\/\\\/nurlernen.de\\\/biologie\\\/#organization\",\"name\":\"Biologie Lernen\",\"url\":\"https:\\\/\\\/nurlernen.de\\\/biologie\\\/\",\"logo\":{\"@type\":\"ImageObject\",\"inLanguage\":\"de\",\"@id\":\"https:\\\/\\\/nurlernen.de\\\/biologie\\\/#\\\/schema\\\/logo\\\/image\\\/\",\"url\":\"https:\\\/\\\/nurlernen.de\\\/biologie\\\/wp-content\\\/uploads\\\/sites\\\/2\\\/2025\\\/07\\\/cropped-zellkern.png\",\"contentUrl\":\"https:\\\/\\\/nurlernen.de\\\/biologie\\\/wp-content\\\/uploads\\\/sites\\\/2\\\/2025\\\/07\\\/cropped-zellkern.png\",\"width\":512,\"height\":512,\"caption\":\"Biologie Lernen\"},\"image\":{\"@id\":\"https:\\\/\\\/nurlernen.de\\\/biologie\\\/#\\\/schema\\\/logo\\\/image\\\/\"},\"sameAs\":[\"https:\\\/\\\/www.instagram.com\\\/nurlernen.de\\\/\"]}]}<\/script>\n<!-- \/ Yoast SEO plugin. -->","yoast_head_json":{"title":"Aufbau und Funktion von Proteinen","description":"Proteine: Aufbau aus Aminos\u00e4uren, Stufen der Proteinstruktur und vielf\u00e4ltige Funktionen wie Enzyme, Transport, Hormone und Immunabwehr einfach erkl\u00e4rt.","robots":{"index":"index","follow":"follow","max-snippet":"max-snippet:-1","max-image-preview":"max-image-preview:large","max-video-preview":"max-video-preview:-1"},"canonical":"https:\/\/nurlernen.de\/biologie\/aufbau-und-funktion-von-proteinen\/","og_locale":"de_DE","og_type":"article","og_title":"Aufbau und Funktion von Proteinen","og_description":"Proteine: Aufbau aus Aminos\u00e4uren, Stufen der Proteinstruktur und vielf\u00e4ltige Funktionen wie Enzyme, Transport, Hormone und Immunabwehr einfach erkl\u00e4rt.","og_url":"https:\/\/nurlernen.de\/biologie\/aufbau-und-funktion-von-proteinen\/","og_site_name":"Biologie verstehen","article_modified_time":"2025-11-18T09:25:32+00:00","og_image":[{"url":"https:\/\/nurlernen.de\/biologie\/wp-content\/uploads\/sites\/2\/2025\/11\/test_icon.png","type":"","width":"","height":""}],"twitter_card":"summary_large_image","twitter_misc":{"Gesch\u00e4tzte Lesezeit":"6\u00a0Minuten"},"schema":{"@context":"https:\/\/schema.org","@graph":[{"@type":"WebPage","@id":"https:\/\/nurlernen.de\/biologie\/aufbau-und-funktion-von-proteinen\/","url":"https:\/\/nurlernen.de\/biologie\/aufbau-und-funktion-von-proteinen\/","name":"Aufbau und Funktion von Proteinen","isPartOf":{"@id":"https:\/\/nurlernen.de\/biologie\/#website"},"primaryImageOfPage":{"@id":"https:\/\/nurlernen.de\/biologie\/aufbau-und-funktion-von-proteinen\/#primaryimage"},"image":{"@id":"https:\/\/nurlernen.de\/biologie\/aufbau-und-funktion-von-proteinen\/#primaryimage"},"thumbnailUrl":"https:\/\/nurlernen.de\/biologie\/wp-content\/uploads\/sites\/2\/2025\/11\/test_icon.png","datePublished":"2021-04-22T11:26:04+00:00","dateModified":"2025-11-18T09:25:32+00:00","description":"Proteine: Aufbau aus Aminos\u00e4uren, Stufen der Proteinstruktur und vielf\u00e4ltige Funktionen wie Enzyme, Transport, Hormone und Immunabwehr einfach erkl\u00e4rt.","breadcrumb":{"@id":"https:\/\/nurlernen.de\/biologie\/aufbau-und-funktion-von-proteinen\/#breadcrumb"},"inLanguage":"de","potentialAction":[{"@type":"ReadAction","target":["https:\/\/nurlernen.de\/biologie\/aufbau-und-funktion-von-proteinen\/"]}]},{"@type":"ImageObject","inLanguage":"de","@id":"https:\/\/nurlernen.de\/biologie\/aufbau-und-funktion-von-proteinen\/#primaryimage","url":"https:\/\/nurlernen.de\/biologie\/wp-content\/uploads\/sites\/2\/2025\/11\/test_icon.png","contentUrl":"https:\/\/nurlernen.de\/biologie\/wp-content\/uploads\/sites\/2\/2025\/11\/test_icon.png","width":256,"height":256},{"@type":"BreadcrumbList","@id":"https:\/\/nurlernen.de\/biologie\/aufbau-und-funktion-von-proteinen\/#breadcrumb","itemListElement":[{"@type":"ListItem","position":1,"name":"Startseite","item":"https:\/\/nurlernen.de\/biologie\/"},{"@type":"ListItem","position":2,"name":"Aufbau und Funktion von Proteinen"}]},{"@type":"WebSite","@id":"https:\/\/nurlernen.de\/biologie\/#website","url":"https:\/\/nurlernen.de\/biologie\/","name":"Biologie Lernen","description":"\u00dcber 1000 kostenlose \u00dcbungen","publisher":{"@id":"https:\/\/nurlernen.de\/biologie\/#organization"},"potentialAction":[{"@type":"SearchAction","target":{"@type":"EntryPoint","urlTemplate":"https:\/\/nurlernen.de\/biologie\/?s={search_term_string}"},"query-input":{"@type":"PropertyValueSpecification","valueRequired":true,"valueName":"search_term_string"}}],"inLanguage":"de"},{"@type":"Organization","@id":"https:\/\/nurlernen.de\/biologie\/#organization","name":"Biologie Lernen","url":"https:\/\/nurlernen.de\/biologie\/","logo":{"@type":"ImageObject","inLanguage":"de","@id":"https:\/\/nurlernen.de\/biologie\/#\/schema\/logo\/image\/","url":"https:\/\/nurlernen.de\/biologie\/wp-content\/uploads\/sites\/2\/2025\/07\/cropped-zellkern.png","contentUrl":"https:\/\/nurlernen.de\/biologie\/wp-content\/uploads\/sites\/2\/2025\/07\/cropped-zellkern.png","width":512,"height":512,"caption":"Biologie Lernen"},"image":{"@id":"https:\/\/nurlernen.de\/biologie\/#\/schema\/logo\/image\/"},"sameAs":["https:\/\/www.instagram.com\/nurlernen.de\/"]}]}},"_links":{"self":[{"href":"https:\/\/nurlernen.de\/biologie\/wp-json\/wp\/v2\/pages\/1088","targetHints":{"allow":["GET"]}}],"collection":[{"href":"https:\/\/nurlernen.de\/biologie\/wp-json\/wp\/v2\/pages"}],"about":[{"href":"https:\/\/nurlernen.de\/biologie\/wp-json\/wp\/v2\/types\/page"}],"author":[{"embeddable":true,"href":"https:\/\/nurlernen.de\/biologie\/wp-json\/wp\/v2\/users\/1"}],"replies":[{"embeddable":true,"href":"https:\/\/nurlernen.de\/biologie\/wp-json\/wp\/v2\/comments?post=1088"}],"version-history":[{"count":5,"href":"https:\/\/nurlernen.de\/biologie\/wp-json\/wp\/v2\/pages\/1088\/revisions"}],"predecessor-version":[{"id":3236,"href":"https:\/\/nurlernen.de\/biologie\/wp-json\/wp\/v2\/pages\/1088\/revisions\/3236"}],"wp:attachment":[{"href":"https:\/\/nurlernen.de\/biologie\/wp-json\/wp\/v2\/media?parent=1088"}],"curies":[{"name":"wp","href":"https:\/\/api.w.org\/{rel}","templated":true}]}}