{"id":1090,"date":"2021-04-14T14:30:39","date_gmt":"2021-04-14T12:30:39","guid":{"rendered":"https:\/\/www.niemma.de\/shop\/?page_id=1090"},"modified":"2025-11-18T10:24:51","modified_gmt":"2025-11-18T09:24:51","slug":"aufbau-und-funktion-von-lipiden","status":"publish","type":"page","link":"https:\/\/nurlernen.de\/biologie\/aufbau-und-funktion-von-lipiden\/","title":{"rendered":"Aufbau und Funktion von Lipiden"},"content":{"rendered":"\n<p>\n<a href=\"https:\/\/nurlernen.de\/biologie\/biologie-lernkontrolle\/?quiz=l_100070_q&#038;tree=chapter_z100000\" title=\"Direkt zum Test\">\n  <img decoding=\"async\" src=\"https:\/\/nurlernen.de\/biologie\/wp-content\/uploads\/sites\/2\/2025\/11\/test_icon.png\" alt=\"Zum Test\" style=\"width:48px; height:48px;\"><\/a>\n<a href=\"https:\/\/nurlernen.de\/biologie\/biologie-inhalte\/\" title=\"Lernfortschritt\">\n  <img decoding=\"async\" src=\"https:\/\/nurlernen.de\/biologie\/wp-content\/uploads\/sites\/2\/2025\/11\/progress_icon.png\" alt=\"Zum Test\" style=\"width:48px; height:48px;\"><\/a>\n<a href=\"https:\/\/nurlernen.de\/biologie\/biologie-lernkontrolle\" title=\"\u00dcber 1000 \u00dcbungen!\">\n  <img decoding=\"async\" src=\"https:\/\/nurlernen.de\/biologie\/wp-content\/uploads\/sites\/2\/2025\/11\/test2_icon.png\" alt=\"\u00dcber 1000 \u00dcbungen!\" style=\"width:48px; height:48px;\"><\/a>\n<a href=\"https:\/\/nurlernen.de\/biologie\/biologie-artikel\" title=\"Biologie Text-Sammlung\">\n  <img decoding=\"async\" src=\"https:\/\/nurlernen.de\/biologie\/wp-content\/uploads\/sites\/2\/2025\/11\/books_icon.png\" alt=\"Biologie Text-Sammlung\" style=\"width:48px; height:48px;\"><\/a>\n<a href=\"https:\/\/nurlernen.de\/biologie\/biologie-akademie\/\" title=\"Einen Lehrer Fragen\">\n  <img decoding=\"async\" src=\"https:\/\/nurlernen.de\/biologie\/wp-content\/uploads\/sites\/2\/2025\/11\/teacher_icon.png\" alt=\"Zum Test\" style=\"width:48px; height:48px;\"><\/a>\n<\/p>\n\n\n<p>Lipide sind organische Molek\u00fcle, die besonders durch ihre Unl\u00f6slichkeit im Wasser auffallen. Es gibt drei biologisch wichtige Lipidgruppen.<\/p>\n<h3>1. Fette<\/h3>\n<p>Fettmolek\u00fcle bestehen aus Glycerol und i. d. R. drei Fetts\u00e4ureresten.<\/p>\n<p>Glycerol ist ein Alkohol, bei dem alle drei Kohlenstoffatome eine Hydroxylgruppe (OH-Gruppe) besitzen (dreiwertig). Die Hydroxylgruppe (OH-Gruppe) ist die Gruppe, die einem organischen Molek\u00fcl Eigenschaften eines Alkohols verleiht!<\/p>\n<p>Fetts\u00e4uren sind lange Kohlenwasserstoffketten (ca. 16 bis 18 C-Atome aneinander gereiht), die an ihren Enden jeweils eine Carboxylgruppe besitzen. Die Carboxylgruppe (COOH-Gruppe) ist die funktionelle Gruppe, die einem Molek\u00fcl Eigenschaften von S\u00e4uren verleiht.<\/p>\n<h3>2. Phospholipide<\/h3>\n<figure id=\"attachment_1169\" aria-describedby=\"caption-attachment-1169\" style=\"width: 246px\" class=\"wp-caption alignright\"><img decoding=\"async\" class=\"size-full wp-image-1169\" src=\"https:\/\/nurlernen.de\/biologie\/wp-content\/uploads\/sites\/2\/2025\/07\/phospholipid_labeled.png\" alt=\"Phospholipid\" width=\"256\" \/><figcaption id=\"caption-attachment-1169\" class=\"wp-caption-text\">Schematische Darstellung eines Phospholipid-Molek\u00fcls und die Konfiguration einer Phospholipiddoppelschicht.<\/figcaption><\/figure>\n<p>Phospholipide bestehen aus einem hydrophilen Kopf und zwei hydrophoben Fetts\u00e4ureresten. Bei Phospholipiden ist die dritte Hydroxylgruppe (im Gegensatz zu Fettmolek\u00fclen) nicht mit einer Fetts\u00e4urerest sondern mit einer Phosphatgruppe verbunden.<\/p>\n<p>Phospholipide bilden im Wasser eine Doppelschicht. Diese F\u00e4higkeit zur Bildung von Membranumschlossenen R\u00e4umen (Kompartimenten) ist der Grund warum Phospholipide im Aufbau aller biologischen Membranen vorkommen.<\/p>\n<h3>3. Steroide<\/h3>\n<p>Steroide wie z. B. Cholestrol bilden die Grundlage vieler tierischer Hormone. Ein Steroidmolek\u00fcl besteht aus mehreren miteinander verbundenen Kohlenstoff-Ringen.<br \/>Proteine sind mit Abstand die wichtigste und funktionsreichste Stoffgruppe in lebenden Zellen. Mehr als 50% der Trockenmasse einer Zelle besteht aus Proteinen.<\/p>\n<h3>Ges\u00e4ttigte Fetts\u00e4uren<\/h3>\n<p>Wenn sich die Kohlenstoffatome nur mit einer einfachen kovalenten Bindung miteinander verbinden, spricht man von ges\u00e4ttigten Fetts\u00e4uren. Ges\u00e4ttigte Fetts\u00e4uren sind i. d. R. linear (,d. h. gerade) und weisen keine Knicke auf. Bei unges\u00e4ttigten Fetts\u00e4uren verbinden sich Kohlenstoffatome durch Mehrfachbindungen miteinander. Dies f\u00fchrt dazu, dass unges\u00e4ttigte Fetts\u00e4uren Knicke aufweisen.<\/p>\n<p>Ein Fett, das nur ges\u00e4ttigte Fetts\u00e4uren enth\u00e4lt, ist ges\u00e4ttigt. Die meisten tierischen Fette sind ges\u00e4ttigt. Diese sind bei Raumtemperatur meist fest (z. B. Butter). Pflanzliche Fette sind hingegen \u00fcberwiegend unges\u00e4ttigt. Sie sind bei Raumtemperatur meist fl\u00fcssig (z. B. Oliven\u00f6l). Fette sind sehr effektive Energiespeicher. Zus\u00e4tzlich sch\u00fctzen sie Organe vor Besch\u00e4digungen.<\/p>\n\n\n<p><a href=\"\"><\/a><\/p>\n\n\n\n<p><button onclick=\"location.href='https:\/\/nurlernen.de\/biologie\/biologie-inhalte\/'\">Lernbereich<\/button>\r\n<button onclick=\"location.href='https:\/\/nurlernen.de\/biologie\/biologie-akademie\/'\">Biologie Akademie<\/button>\r\n<!--button onclick=\"location.href='https:\/\/nurlernen.de\/biologie\/biologie-lernkontrolle\/'\">Lernkontrolle<\/button-->\r\n<!--button onclick=\"location.href='\/biologie-fragenkatalog'\"&gt;Fragenkatalog (F\u00fcr Lehrer)&lt;\/button-->\r\n<\/p>\n","protected":false},"excerpt":{"rendered":"<p>Lipide sind organische Molek\u00fcle, die besonders durch ihre Unl\u00f6slichkeit im Wasser auffallen. Es gibt drei biologisch wichtige Lipidgruppen. 1. Fette Fettmolek\u00fcle bestehen aus Glycerol und i. d. R. drei Fetts\u00e4ureresten. Glycerol ist ein Alkohol, bei dem alle drei Kohlenstoffatome eine Hydroxylgruppe (OH-Gruppe) besitzen (dreiwertig). Die Hydroxylgruppe (OH-Gruppe) ist die Gruppe, die einem organischen Molek\u00fcl Eigenschaften &#8230; <a title=\"Aufbau und Funktion von Lipiden\" class=\"read-more\" href=\"https:\/\/nurlernen.de\/biologie\/aufbau-und-funktion-von-lipiden\/\" aria-label=\"Mehr Informationen \u00fcber Aufbau und Funktion von Lipiden\">Weiterlesen<\/a><\/p>\n","protected":false},"author":1,"featured_media":0,"parent":0,"menu_order":0,"comment_status":"open","ping_status":"closed","template":"","meta":{"footnotes":""},"class_list":["post-1090","page","type-page","status-publish"],"yoast_head":"<!-- This site is optimized with the Yoast SEO plugin v27.5 - https:\/\/yoast.com\/product\/yoast-seo-wordpress\/ -->\n<title>Aufbau und Funktion von Lipiden<\/title>\n<meta name=\"description\" content=\"Lipide: Aufbau von Fetten, Phospholipiden und Steroiden. Funktion als Energie-, Membranbaustein und Schutzstoff, einfach erkl\u00e4rt mit Beispielen.\" \/>\n<meta name=\"robots\" content=\"index, follow, max-snippet:-1, max-image-preview:large, max-video-preview:-1\" \/>\n<link rel=\"canonical\" href=\"https:\/\/nurlernen.de\/biologie\/aufbau-und-funktion-von-lipiden\/\" \/>\n<meta property=\"og:locale\" content=\"de_DE\" \/>\n<meta property=\"og:type\" content=\"article\" \/>\n<meta property=\"og:title\" content=\"Aufbau und Funktion von Lipiden\" \/>\n<meta property=\"og:description\" content=\"Lipide: Aufbau von Fetten, Phospholipiden und Steroiden. Funktion als Energie-, Membranbaustein und Schutzstoff, einfach erkl\u00e4rt mit Beispielen.\" \/>\n<meta property=\"og:url\" content=\"https:\/\/nurlernen.de\/biologie\/aufbau-und-funktion-von-lipiden\/\" \/>\n<meta property=\"og:site_name\" content=\"Biologie verstehen\" \/>\n<meta property=\"article:modified_time\" content=\"2025-11-18T09:24:51+00:00\" \/>\n<meta property=\"og:image\" content=\"https:\/\/nurlernen.de\/biologie\/wp-content\/uploads\/sites\/2\/2025\/11\/test_icon.png\" \/>\n<meta name=\"twitter:card\" content=\"summary_large_image\" \/>\n<meta name=\"twitter:label1\" content=\"Gesch\u00e4tzte Lesezeit\" \/>\n\t<meta name=\"twitter:data1\" content=\"3\u00a0Minuten\" \/>\n<script type=\"application\/ld+json\" class=\"yoast-schema-graph\">{\"@context\":\"https:\\\/\\\/schema.org\",\"@graph\":[{\"@type\":\"WebPage\",\"@id\":\"https:\\\/\\\/nurlernen.de\\\/biologie\\\/aufbau-und-funktion-von-lipiden\\\/\",\"url\":\"https:\\\/\\\/nurlernen.de\\\/biologie\\\/aufbau-und-funktion-von-lipiden\\\/\",\"name\":\"Aufbau und Funktion von Lipiden\",\"isPartOf\":{\"@id\":\"https:\\\/\\\/nurlernen.de\\\/biologie\\\/#website\"},\"primaryImageOfPage\":{\"@id\":\"https:\\\/\\\/nurlernen.de\\\/biologie\\\/aufbau-und-funktion-von-lipiden\\\/#primaryimage\"},\"image\":{\"@id\":\"https:\\\/\\\/nurlernen.de\\\/biologie\\\/aufbau-und-funktion-von-lipiden\\\/#primaryimage\"},\"thumbnailUrl\":\"https:\\\/\\\/nurlernen.de\\\/biologie\\\/wp-content\\\/uploads\\\/sites\\\/2\\\/2025\\\/11\\\/test_icon.png\",\"datePublished\":\"2021-04-14T12:30:39+00:00\",\"dateModified\":\"2025-11-18T09:24:51+00:00\",\"description\":\"Lipide: Aufbau von Fetten, Phospholipiden und Steroiden. Funktion als Energie-, Membranbaustein und Schutzstoff, einfach erkl\u00e4rt mit Beispielen.\",\"breadcrumb\":{\"@id\":\"https:\\\/\\\/nurlernen.de\\\/biologie\\\/aufbau-und-funktion-von-lipiden\\\/#breadcrumb\"},\"inLanguage\":\"de\",\"potentialAction\":[{\"@type\":\"ReadAction\",\"target\":[\"https:\\\/\\\/nurlernen.de\\\/biologie\\\/aufbau-und-funktion-von-lipiden\\\/\"]}]},{\"@type\":\"ImageObject\",\"inLanguage\":\"de\",\"@id\":\"https:\\\/\\\/nurlernen.de\\\/biologie\\\/aufbau-und-funktion-von-lipiden\\\/#primaryimage\",\"url\":\"https:\\\/\\\/nurlernen.de\\\/biologie\\\/wp-content\\\/uploads\\\/sites\\\/2\\\/2025\\\/11\\\/test_icon.png\",\"contentUrl\":\"https:\\\/\\\/nurlernen.de\\\/biologie\\\/wp-content\\\/uploads\\\/sites\\\/2\\\/2025\\\/11\\\/test_icon.png\",\"width\":256,\"height\":256},{\"@type\":\"BreadcrumbList\",\"@id\":\"https:\\\/\\\/nurlernen.de\\\/biologie\\\/aufbau-und-funktion-von-lipiden\\\/#breadcrumb\",\"itemListElement\":[{\"@type\":\"ListItem\",\"position\":1,\"name\":\"Startseite\",\"item\":\"https:\\\/\\\/nurlernen.de\\\/biologie\\\/\"},{\"@type\":\"ListItem\",\"position\":2,\"name\":\"Aufbau und Funktion von Lipiden\"}]},{\"@type\":\"WebSite\",\"@id\":\"https:\\\/\\\/nurlernen.de\\\/biologie\\\/#website\",\"url\":\"https:\\\/\\\/nurlernen.de\\\/biologie\\\/\",\"name\":\"Biologie Lernen\",\"description\":\"\u00dcber 1000 kostenlose \u00dcbungen\",\"publisher\":{\"@id\":\"https:\\\/\\\/nurlernen.de\\\/biologie\\\/#organization\"},\"potentialAction\":[{\"@type\":\"SearchAction\",\"target\":{\"@type\":\"EntryPoint\",\"urlTemplate\":\"https:\\\/\\\/nurlernen.de\\\/biologie\\\/?s={search_term_string}\"},\"query-input\":{\"@type\":\"PropertyValueSpecification\",\"valueRequired\":true,\"valueName\":\"search_term_string\"}}],\"inLanguage\":\"de\"},{\"@type\":\"Organization\",\"@id\":\"https:\\\/\\\/nurlernen.de\\\/biologie\\\/#organization\",\"name\":\"Biologie Lernen\",\"url\":\"https:\\\/\\\/nurlernen.de\\\/biologie\\\/\",\"logo\":{\"@type\":\"ImageObject\",\"inLanguage\":\"de\",\"@id\":\"https:\\\/\\\/nurlernen.de\\\/biologie\\\/#\\\/schema\\\/logo\\\/image\\\/\",\"url\":\"https:\\\/\\\/nurlernen.de\\\/biologie\\\/wp-content\\\/uploads\\\/sites\\\/2\\\/2025\\\/07\\\/cropped-zellkern.png\",\"contentUrl\":\"https:\\\/\\\/nurlernen.de\\\/biologie\\\/wp-content\\\/uploads\\\/sites\\\/2\\\/2025\\\/07\\\/cropped-zellkern.png\",\"width\":512,\"height\":512,\"caption\":\"Biologie Lernen\"},\"image\":{\"@id\":\"https:\\\/\\\/nurlernen.de\\\/biologie\\\/#\\\/schema\\\/logo\\\/image\\\/\"},\"sameAs\":[\"https:\\\/\\\/www.instagram.com\\\/nurlernen.de\\\/\"]}]}<\/script>\n<!-- \/ Yoast SEO plugin. -->","yoast_head_json":{"title":"Aufbau und Funktion von Lipiden","description":"Lipide: Aufbau von Fetten, Phospholipiden und Steroiden. Funktion als Energie-, Membranbaustein und Schutzstoff, einfach erkl\u00e4rt mit Beispielen.","robots":{"index":"index","follow":"follow","max-snippet":"max-snippet:-1","max-image-preview":"max-image-preview:large","max-video-preview":"max-video-preview:-1"},"canonical":"https:\/\/nurlernen.de\/biologie\/aufbau-und-funktion-von-lipiden\/","og_locale":"de_DE","og_type":"article","og_title":"Aufbau und Funktion von Lipiden","og_description":"Lipide: Aufbau von Fetten, Phospholipiden und Steroiden. Funktion als Energie-, Membranbaustein und Schutzstoff, einfach erkl\u00e4rt mit Beispielen.","og_url":"https:\/\/nurlernen.de\/biologie\/aufbau-und-funktion-von-lipiden\/","og_site_name":"Biologie verstehen","article_modified_time":"2025-11-18T09:24:51+00:00","og_image":[{"url":"https:\/\/nurlernen.de\/biologie\/wp-content\/uploads\/sites\/2\/2025\/11\/test_icon.png","type":"","width":"","height":""}],"twitter_card":"summary_large_image","twitter_misc":{"Gesch\u00e4tzte Lesezeit":"3\u00a0Minuten"},"schema":{"@context":"https:\/\/schema.org","@graph":[{"@type":"WebPage","@id":"https:\/\/nurlernen.de\/biologie\/aufbau-und-funktion-von-lipiden\/","url":"https:\/\/nurlernen.de\/biologie\/aufbau-und-funktion-von-lipiden\/","name":"Aufbau und Funktion von Lipiden","isPartOf":{"@id":"https:\/\/nurlernen.de\/biologie\/#website"},"primaryImageOfPage":{"@id":"https:\/\/nurlernen.de\/biologie\/aufbau-und-funktion-von-lipiden\/#primaryimage"},"image":{"@id":"https:\/\/nurlernen.de\/biologie\/aufbau-und-funktion-von-lipiden\/#primaryimage"},"thumbnailUrl":"https:\/\/nurlernen.de\/biologie\/wp-content\/uploads\/sites\/2\/2025\/11\/test_icon.png","datePublished":"2021-04-14T12:30:39+00:00","dateModified":"2025-11-18T09:24:51+00:00","description":"Lipide: Aufbau von Fetten, Phospholipiden und Steroiden. Funktion als Energie-, Membranbaustein und Schutzstoff, einfach erkl\u00e4rt mit Beispielen.","breadcrumb":{"@id":"https:\/\/nurlernen.de\/biologie\/aufbau-und-funktion-von-lipiden\/#breadcrumb"},"inLanguage":"de","potentialAction":[{"@type":"ReadAction","target":["https:\/\/nurlernen.de\/biologie\/aufbau-und-funktion-von-lipiden\/"]}]},{"@type":"ImageObject","inLanguage":"de","@id":"https:\/\/nurlernen.de\/biologie\/aufbau-und-funktion-von-lipiden\/#primaryimage","url":"https:\/\/nurlernen.de\/biologie\/wp-content\/uploads\/sites\/2\/2025\/11\/test_icon.png","contentUrl":"https:\/\/nurlernen.de\/biologie\/wp-content\/uploads\/sites\/2\/2025\/11\/test_icon.png","width":256,"height":256},{"@type":"BreadcrumbList","@id":"https:\/\/nurlernen.de\/biologie\/aufbau-und-funktion-von-lipiden\/#breadcrumb","itemListElement":[{"@type":"ListItem","position":1,"name":"Startseite","item":"https:\/\/nurlernen.de\/biologie\/"},{"@type":"ListItem","position":2,"name":"Aufbau und Funktion von Lipiden"}]},{"@type":"WebSite","@id":"https:\/\/nurlernen.de\/biologie\/#website","url":"https:\/\/nurlernen.de\/biologie\/","name":"Biologie Lernen","description":"\u00dcber 1000 kostenlose \u00dcbungen","publisher":{"@id":"https:\/\/nurlernen.de\/biologie\/#organization"},"potentialAction":[{"@type":"SearchAction","target":{"@type":"EntryPoint","urlTemplate":"https:\/\/nurlernen.de\/biologie\/?s={search_term_string}"},"query-input":{"@type":"PropertyValueSpecification","valueRequired":true,"valueName":"search_term_string"}}],"inLanguage":"de"},{"@type":"Organization","@id":"https:\/\/nurlernen.de\/biologie\/#organization","name":"Biologie Lernen","url":"https:\/\/nurlernen.de\/biologie\/","logo":{"@type":"ImageObject","inLanguage":"de","@id":"https:\/\/nurlernen.de\/biologie\/#\/schema\/logo\/image\/","url":"https:\/\/nurlernen.de\/biologie\/wp-content\/uploads\/sites\/2\/2025\/07\/cropped-zellkern.png","contentUrl":"https:\/\/nurlernen.de\/biologie\/wp-content\/uploads\/sites\/2\/2025\/07\/cropped-zellkern.png","width":512,"height":512,"caption":"Biologie Lernen"},"image":{"@id":"https:\/\/nurlernen.de\/biologie\/#\/schema\/logo\/image\/"},"sameAs":["https:\/\/www.instagram.com\/nurlernen.de\/"]}]}},"_links":{"self":[{"href":"https:\/\/nurlernen.de\/biologie\/wp-json\/wp\/v2\/pages\/1090","targetHints":{"allow":["GET"]}}],"collection":[{"href":"https:\/\/nurlernen.de\/biologie\/wp-json\/wp\/v2\/pages"}],"about":[{"href":"https:\/\/nurlernen.de\/biologie\/wp-json\/wp\/v2\/types\/page"}],"author":[{"embeddable":true,"href":"https:\/\/nurlernen.de\/biologie\/wp-json\/wp\/v2\/users\/1"}],"replies":[{"embeddable":true,"href":"https:\/\/nurlernen.de\/biologie\/wp-json\/wp\/v2\/comments?post=1090"}],"version-history":[{"count":6,"href":"https:\/\/nurlernen.de\/biologie\/wp-json\/wp\/v2\/pages\/1090\/revisions"}],"predecessor-version":[{"id":3235,"href":"https:\/\/nurlernen.de\/biologie\/wp-json\/wp\/v2\/pages\/1090\/revisions\/3235"}],"wp:attachment":[{"href":"https:\/\/nurlernen.de\/biologie\/wp-json\/wp\/v2\/media?parent=1090"}],"curies":[{"name":"wp","href":"https:\/\/api.w.org\/{rel}","templated":true}]}}