{"id":1092,"date":"2021-04-09T11:40:16","date_gmt":"2021-04-09T09:40:16","guid":{"rendered":"https:\/\/www.niemma.de\/shop\/?page_id=1092"},"modified":"2025-11-18T10:24:27","modified_gmt":"2025-11-18T09:24:27","slug":"aufbau-und-funktion-von-kohlenhydraten","status":"publish","type":"page","link":"https:\/\/nurlernen.de\/biologie\/aufbau-und-funktion-von-kohlenhydraten\/","title":{"rendered":"Aufbau und Funktion von Kohlenhydraten"},"content":{"rendered":"\n<p>\n<a href=\"https:\/\/nurlernen.de\/biologie\/biologie-lernkontrolle\/?quiz=l_100060_q&#038;tree=chapter_z100000\" title=\"Direkt zum Test\">\n  <img decoding=\"async\" src=\"https:\/\/nurlernen.de\/biologie\/wp-content\/uploads\/sites\/2\/2025\/11\/test_icon.png\" alt=\"Zum Test\" style=\"width:48px; height:48px;\"><\/a>\n<a href=\"https:\/\/nurlernen.de\/biologie\/biologie-inhalte\/\" title=\"Lernfortschritt\">\n  <img decoding=\"async\" src=\"https:\/\/nurlernen.de\/biologie\/wp-content\/uploads\/sites\/2\/2025\/11\/progress_icon.png\" alt=\"Zum Test\" style=\"width:48px; height:48px;\"><\/a>\n<a href=\"https:\/\/nurlernen.de\/biologie\/biologie-lernkontrolle\" title=\"\u00dcber 1000 \u00dcbungen!\">\n  <img decoding=\"async\" src=\"https:\/\/nurlernen.de\/biologie\/wp-content\/uploads\/sites\/2\/2025\/11\/test2_icon.png\" alt=\"\u00dcber 1000 \u00dcbungen!\" style=\"width:48px; height:48px;\"><\/a>\n<a href=\"https:\/\/nurlernen.de\/biologie\/biologie-artikel\" title=\"Biologie Text-Sammlung\">\n  <img decoding=\"async\" src=\"https:\/\/nurlernen.de\/biologie\/wp-content\/uploads\/sites\/2\/2025\/11\/books_icon.png\" alt=\"Biologie Text-Sammlung\" style=\"width:48px; height:48px;\"><\/a>\n<a href=\"https:\/\/nurlernen.de\/biologie\/biologie-akademie\/\" title=\"Einen Lehrer Fragen\">\n  <img decoding=\"async\" src=\"https:\/\/nurlernen.de\/biologie\/wp-content\/uploads\/sites\/2\/2025\/11\/teacher_icon.png\" alt=\"Zum Test\" style=\"width:48px; height:48px;\"><\/a>\n<\/p>\n\n\n<p>Kohlenhydrate oder auch Saccharide genannt, sind organische Molek\u00fcle, die haupts\u00e4chlich als Energiespeicher und Baustoffe funktionieren. Je nach Aufbau wird zwischen Monosacchariden (Einfachzucker), Disacchariden (Zweifachzucker) und Polysacchariden (Mehrfachzucker) unterschieden.<\/p>\n<h4>Monosaccharide<\/h4>\n<p>Monosaccharide sind die einfachsten Zuckermolek\u00fcle. Diese werden in Ketosen und Aldosen unterteilt. Ber\u00fchmte Monosaccharide &#8211; und auch relevant f\u00fcr Biologie in der Oberstufe &#8211; sind Glukose, Ribose, Galaktose und Fruktose.<\/p>\n<p>Glukose (auch Traubenzucker oder Dextrose genannt) ist DER Monosaccharid schlecht hin. Photosynthese treibende Organismen sind in der Lage mit Hilfe von Sonnenlicht und Kohlendioxid (CO2) Glukose herzustellen. Dieser Vorgang ist f\u00fcr das Leben auf der Erde essentiell, da diese Glukose die Basis zur Bildung von ALLEN weiteren Bausteine des Lebens bildet.<\/p>\n<p>Aus Glukose werden Lipide und Fette, Aminos\u00e4uren, Nukleins\u00e4uren und weitere Kohlenhydrate gebildet. Die Energie, die in der Glukose gespeichert ist, wird durch Glykolyse und Zellatmung (s. Stoffwechsel) wieder freigesetzt. Somit ist Glukose das Rohmaterial zur Bildung aller Bausteine des Lebens.<\/p>\n<p>Glukose und die meisten \u00fcblichen Monosaccharide, die wir bisher kennengelernt haben, bestehen aus 6 Kohlenstoffatomen (Hexosen). Es gibt auch Heptosen, deren Kohlenstoffger\u00fcst aus 7 Kohlenstoffatomen bestehen. Ribose ist ein Monosaccharid, der aus 5 Kohlenstoffatomen besteht. Solche Zuckermolek\u00fcle werden Pentosen genannt. Ribosen kommen besonders h\u00e4ufig im Aufbau von Nukleins\u00e4uren (DNA und RNA) vor. Zus\u00e4tzlich basiert der Aufbau des wichtigen Energiespeicher der Zelle (Adenosintriphosphat, kurz ATP) auf Ribosen.<\/p>\n<h4>Disaccharide<\/h4>\n<p>Zuckermolek\u00fcle k\u00f6nnen sich miteinander verbinden um Disaccharide oder l\u00e4ngere Ketten (Polysaccharide) zu bilden. Wenn sich zwei Monosaccharide miteinander verbinden, entsteht ein Disaccharid. Ber\u00fchmte Disaccharide sind Laktose, Maltose und Saccharose.<\/p>\n<p>Laktose ist neben Saccharose (Rohrzucker) vielleicht der ber\u00fchmteste Disaccharid. Die Produktpalette an laktosefreien Milchprodukten ern\u00e4hrt heutzutage einen ganzen Industriezweig. Laktose kommt in der Muttermilch vor und wird vor der Verwertung im K\u00f6rper durch das Enzym Laktase in Galaktose und Glukose gespalten.<\/p>\n<p>Nach der Kindheit wird aber bei vielen Erwachsenen nicht mehr ausreichend Laktase produziert. Dies f\u00fchrt dazu, dass der K\u00f6rper Laktose nicht verwerten kann. Daraufhin nutzen Darmbakterien die Chance und setzen Laktose um. Leider in vielen explosiven Gasen, wie z. B. Methan. Ein laktoseintoleranter Mensch, der Milch trinkt, produziert so viele Gase, dass er sich auf den Mond katapultieren k\u00f6nnte (hihi) &#8230; und sogar noch jemanden mitnehmen k\u00f6nnte (hahahaha). Da spreche ich aus Erfahrung.<\/p>\n<h4>Polysaccharide<\/h4>\n<p>St\u00e4rke und Glykogen sind Polysaccharide, die gro\u00dfe Mengen an Energie speichern k\u00f6nnen. Cellulose und Chitin sind weitere Polysaccharide, die zur Bildung von stabilen Strukturen eingesetzt werden. Der Insektenpanzer z. B. besteht aus Chitin, w\u00e4hrend die Zellwand haupts\u00e4chlich aus Cellulose besteht.<\/p>\n<h4>Was ist der Unterschied zwischen Kohlenhydraten und Zucker?<\/h4>\n<p>Kohlenhydrate bezeichnen eine weit umfassende Stoffklasse. Unter Zucker werden i. d. R. diejenigen Kohlenhydrate zusammengefasst, die wasserl\u00f6slich sind und s\u00fc\u00dflich schmecken. Die Zucker erkennt man oft an der Endung -ose, wie z. B. bei Glukose, Ribose und Maltose. Ausnahmen bilden die Polysaccharide, die eigene Namen haben, wie z. B. St\u00e4rke, Cellulose oder Chitin.<\/p>\n\n\n<p><button onclick=\"location.href='https:\/\/nurlernen.de\/biologie\/biologie-inhalte\/'\">Lernbereich<\/button>\r\n<button onclick=\"location.href='https:\/\/nurlernen.de\/biologie\/biologie-akademie\/'\">Biologie Akademie<\/button>\r\n<!--button onclick=\"location.href='https:\/\/nurlernen.de\/biologie\/biologie-lernkontrolle\/'\">Lernkontrolle<\/button-->\r\n<!--button onclick=\"location.href='\/biologie-fragenkatalog'\"&gt;Fragenkatalog (F\u00fcr Lehrer)&lt;\/button-->\r\n<\/p>\n","protected":false},"excerpt":{"rendered":"<p>Kohlenhydrate oder auch Saccharide genannt, sind organische Molek\u00fcle, die haupts\u00e4chlich als Energiespeicher und Baustoffe funktionieren. Je nach Aufbau wird zwischen Monosacchariden (Einfachzucker), Disacchariden (Zweifachzucker) und Polysacchariden (Mehrfachzucker) unterschieden. Monosaccharide Monosaccharide sind die einfachsten Zuckermolek\u00fcle. Diese werden in Ketosen und Aldosen unterteilt. Ber\u00fchmte Monosaccharide &#8211; und auch relevant f\u00fcr Biologie in der Oberstufe &#8211; sind Glukose, &#8230; <a title=\"Aufbau und Funktion von Kohlenhydraten\" class=\"read-more\" href=\"https:\/\/nurlernen.de\/biologie\/aufbau-und-funktion-von-kohlenhydraten\/\" aria-label=\"Mehr Informationen \u00fcber Aufbau und Funktion von Kohlenhydraten\">Weiterlesen<\/a><\/p>\n","protected":false},"author":1,"featured_media":0,"parent":0,"menu_order":0,"comment_status":"open","ping_status":"closed","template":"","meta":{"footnotes":""},"class_list":["post-1092","page","type-page","status-publish"],"yoast_head":"<!-- This site is optimized with the Yoast SEO plugin v27.5 - https:\/\/yoast.com\/product\/yoast-seo-wordpress\/ -->\n<title>Aufbau und Funktion von Kohlenhydraten<\/title>\n<meta name=\"description\" content=\"Aufbau und Funktion von Kohlenhydraten: Mono-, Di- und Polysacchariden und deren Funktion z. B. als Energielieferant verst\u00e4ndlich erkl\u00e4rt.\" \/>\n<meta name=\"robots\" content=\"index, follow, max-snippet:-1, max-image-preview:large, max-video-preview:-1\" \/>\n<link rel=\"canonical\" href=\"https:\/\/nurlernen.de\/biologie\/aufbau-und-funktion-von-kohlenhydraten\/\" \/>\n<meta property=\"og:locale\" content=\"de_DE\" \/>\n<meta property=\"og:type\" content=\"article\" \/>\n<meta property=\"og:title\" content=\"Aufbau und Funktion von Kohlenhydraten\" \/>\n<meta property=\"og:description\" content=\"Aufbau und Funktion von Kohlenhydraten: Mono-, Di- und Polysacchariden und deren Funktion z. B. als Energielieferant verst\u00e4ndlich erkl\u00e4rt.\" \/>\n<meta property=\"og:url\" content=\"https:\/\/nurlernen.de\/biologie\/aufbau-und-funktion-von-kohlenhydraten\/\" \/>\n<meta property=\"og:site_name\" content=\"Biologie verstehen\" \/>\n<meta property=\"article:modified_time\" content=\"2025-11-18T09:24:27+00:00\" \/>\n<meta property=\"og:image\" content=\"https:\/\/nurlernen.de\/biologie\/wp-content\/uploads\/sites\/2\/2025\/11\/test_icon.png\" \/>\n<meta name=\"twitter:card\" content=\"summary_large_image\" \/>\n<meta name=\"twitter:label1\" content=\"Gesch\u00e4tzte Lesezeit\" \/>\n\t<meta name=\"twitter:data1\" content=\"4\u00a0Minuten\" \/>\n<script type=\"application\/ld+json\" class=\"yoast-schema-graph\">{\"@context\":\"https:\\\/\\\/schema.org\",\"@graph\":[{\"@type\":\"WebPage\",\"@id\":\"https:\\\/\\\/nurlernen.de\\\/biologie\\\/aufbau-und-funktion-von-kohlenhydraten\\\/\",\"url\":\"https:\\\/\\\/nurlernen.de\\\/biologie\\\/aufbau-und-funktion-von-kohlenhydraten\\\/\",\"name\":\"Aufbau und Funktion von Kohlenhydraten\",\"isPartOf\":{\"@id\":\"https:\\\/\\\/nurlernen.de\\\/biologie\\\/#website\"},\"primaryImageOfPage\":{\"@id\":\"https:\\\/\\\/nurlernen.de\\\/biologie\\\/aufbau-und-funktion-von-kohlenhydraten\\\/#primaryimage\"},\"image\":{\"@id\":\"https:\\\/\\\/nurlernen.de\\\/biologie\\\/aufbau-und-funktion-von-kohlenhydraten\\\/#primaryimage\"},\"thumbnailUrl\":\"https:\\\/\\\/nurlernen.de\\\/biologie\\\/wp-content\\\/uploads\\\/sites\\\/2\\\/2025\\\/11\\\/test_icon.png\",\"datePublished\":\"2021-04-09T09:40:16+00:00\",\"dateModified\":\"2025-11-18T09:24:27+00:00\",\"description\":\"Aufbau und Funktion von Kohlenhydraten: Mono-, Di- und Polysacchariden und deren Funktion z. B. als Energielieferant verst\u00e4ndlich erkl\u00e4rt.\",\"breadcrumb\":{\"@id\":\"https:\\\/\\\/nurlernen.de\\\/biologie\\\/aufbau-und-funktion-von-kohlenhydraten\\\/#breadcrumb\"},\"inLanguage\":\"de\",\"potentialAction\":[{\"@type\":\"ReadAction\",\"target\":[\"https:\\\/\\\/nurlernen.de\\\/biologie\\\/aufbau-und-funktion-von-kohlenhydraten\\\/\"]}]},{\"@type\":\"ImageObject\",\"inLanguage\":\"de\",\"@id\":\"https:\\\/\\\/nurlernen.de\\\/biologie\\\/aufbau-und-funktion-von-kohlenhydraten\\\/#primaryimage\",\"url\":\"https:\\\/\\\/nurlernen.de\\\/biologie\\\/wp-content\\\/uploads\\\/sites\\\/2\\\/2025\\\/11\\\/test_icon.png\",\"contentUrl\":\"https:\\\/\\\/nurlernen.de\\\/biologie\\\/wp-content\\\/uploads\\\/sites\\\/2\\\/2025\\\/11\\\/test_icon.png\",\"width\":256,\"height\":256},{\"@type\":\"BreadcrumbList\",\"@id\":\"https:\\\/\\\/nurlernen.de\\\/biologie\\\/aufbau-und-funktion-von-kohlenhydraten\\\/#breadcrumb\",\"itemListElement\":[{\"@type\":\"ListItem\",\"position\":1,\"name\":\"Startseite\",\"item\":\"https:\\\/\\\/nurlernen.de\\\/biologie\\\/\"},{\"@type\":\"ListItem\",\"position\":2,\"name\":\"Aufbau und Funktion von Kohlenhydraten\"}]},{\"@type\":\"WebSite\",\"@id\":\"https:\\\/\\\/nurlernen.de\\\/biologie\\\/#website\",\"url\":\"https:\\\/\\\/nurlernen.de\\\/biologie\\\/\",\"name\":\"Biologie Lernen\",\"description\":\"\u00dcber 1000 kostenlose \u00dcbungen\",\"publisher\":{\"@id\":\"https:\\\/\\\/nurlernen.de\\\/biologie\\\/#organization\"},\"potentialAction\":[{\"@type\":\"SearchAction\",\"target\":{\"@type\":\"EntryPoint\",\"urlTemplate\":\"https:\\\/\\\/nurlernen.de\\\/biologie\\\/?s={search_term_string}\"},\"query-input\":{\"@type\":\"PropertyValueSpecification\",\"valueRequired\":true,\"valueName\":\"search_term_string\"}}],\"inLanguage\":\"de\"},{\"@type\":\"Organization\",\"@id\":\"https:\\\/\\\/nurlernen.de\\\/biologie\\\/#organization\",\"name\":\"Biologie Lernen\",\"url\":\"https:\\\/\\\/nurlernen.de\\\/biologie\\\/\",\"logo\":{\"@type\":\"ImageObject\",\"inLanguage\":\"de\",\"@id\":\"https:\\\/\\\/nurlernen.de\\\/biologie\\\/#\\\/schema\\\/logo\\\/image\\\/\",\"url\":\"https:\\\/\\\/nurlernen.de\\\/biologie\\\/wp-content\\\/uploads\\\/sites\\\/2\\\/2025\\\/07\\\/cropped-zellkern.png\",\"contentUrl\":\"https:\\\/\\\/nurlernen.de\\\/biologie\\\/wp-content\\\/uploads\\\/sites\\\/2\\\/2025\\\/07\\\/cropped-zellkern.png\",\"width\":512,\"height\":512,\"caption\":\"Biologie Lernen\"},\"image\":{\"@id\":\"https:\\\/\\\/nurlernen.de\\\/biologie\\\/#\\\/schema\\\/logo\\\/image\\\/\"},\"sameAs\":[\"https:\\\/\\\/www.instagram.com\\\/nurlernen.de\\\/\"]}]}<\/script>\n<!-- \/ Yoast SEO plugin. -->","yoast_head_json":{"title":"Aufbau und Funktion von Kohlenhydraten","description":"Aufbau und Funktion von Kohlenhydraten: Mono-, Di- und Polysacchariden und deren Funktion z. B. als Energielieferant verst\u00e4ndlich erkl\u00e4rt.","robots":{"index":"index","follow":"follow","max-snippet":"max-snippet:-1","max-image-preview":"max-image-preview:large","max-video-preview":"max-video-preview:-1"},"canonical":"https:\/\/nurlernen.de\/biologie\/aufbau-und-funktion-von-kohlenhydraten\/","og_locale":"de_DE","og_type":"article","og_title":"Aufbau und Funktion von Kohlenhydraten","og_description":"Aufbau und Funktion von Kohlenhydraten: Mono-, Di- und Polysacchariden und deren Funktion z. B. als Energielieferant verst\u00e4ndlich erkl\u00e4rt.","og_url":"https:\/\/nurlernen.de\/biologie\/aufbau-und-funktion-von-kohlenhydraten\/","og_site_name":"Biologie verstehen","article_modified_time":"2025-11-18T09:24:27+00:00","og_image":[{"url":"https:\/\/nurlernen.de\/biologie\/wp-content\/uploads\/sites\/2\/2025\/11\/test_icon.png","type":"","width":"","height":""}],"twitter_card":"summary_large_image","twitter_misc":{"Gesch\u00e4tzte Lesezeit":"4\u00a0Minuten"},"schema":{"@context":"https:\/\/schema.org","@graph":[{"@type":"WebPage","@id":"https:\/\/nurlernen.de\/biologie\/aufbau-und-funktion-von-kohlenhydraten\/","url":"https:\/\/nurlernen.de\/biologie\/aufbau-und-funktion-von-kohlenhydraten\/","name":"Aufbau und Funktion von Kohlenhydraten","isPartOf":{"@id":"https:\/\/nurlernen.de\/biologie\/#website"},"primaryImageOfPage":{"@id":"https:\/\/nurlernen.de\/biologie\/aufbau-und-funktion-von-kohlenhydraten\/#primaryimage"},"image":{"@id":"https:\/\/nurlernen.de\/biologie\/aufbau-und-funktion-von-kohlenhydraten\/#primaryimage"},"thumbnailUrl":"https:\/\/nurlernen.de\/biologie\/wp-content\/uploads\/sites\/2\/2025\/11\/test_icon.png","datePublished":"2021-04-09T09:40:16+00:00","dateModified":"2025-11-18T09:24:27+00:00","description":"Aufbau und Funktion von Kohlenhydraten: Mono-, Di- und Polysacchariden und deren Funktion z. B. als Energielieferant verst\u00e4ndlich erkl\u00e4rt.","breadcrumb":{"@id":"https:\/\/nurlernen.de\/biologie\/aufbau-und-funktion-von-kohlenhydraten\/#breadcrumb"},"inLanguage":"de","potentialAction":[{"@type":"ReadAction","target":["https:\/\/nurlernen.de\/biologie\/aufbau-und-funktion-von-kohlenhydraten\/"]}]},{"@type":"ImageObject","inLanguage":"de","@id":"https:\/\/nurlernen.de\/biologie\/aufbau-und-funktion-von-kohlenhydraten\/#primaryimage","url":"https:\/\/nurlernen.de\/biologie\/wp-content\/uploads\/sites\/2\/2025\/11\/test_icon.png","contentUrl":"https:\/\/nurlernen.de\/biologie\/wp-content\/uploads\/sites\/2\/2025\/11\/test_icon.png","width":256,"height":256},{"@type":"BreadcrumbList","@id":"https:\/\/nurlernen.de\/biologie\/aufbau-und-funktion-von-kohlenhydraten\/#breadcrumb","itemListElement":[{"@type":"ListItem","position":1,"name":"Startseite","item":"https:\/\/nurlernen.de\/biologie\/"},{"@type":"ListItem","position":2,"name":"Aufbau und Funktion von Kohlenhydraten"}]},{"@type":"WebSite","@id":"https:\/\/nurlernen.de\/biologie\/#website","url":"https:\/\/nurlernen.de\/biologie\/","name":"Biologie Lernen","description":"\u00dcber 1000 kostenlose \u00dcbungen","publisher":{"@id":"https:\/\/nurlernen.de\/biologie\/#organization"},"potentialAction":[{"@type":"SearchAction","target":{"@type":"EntryPoint","urlTemplate":"https:\/\/nurlernen.de\/biologie\/?s={search_term_string}"},"query-input":{"@type":"PropertyValueSpecification","valueRequired":true,"valueName":"search_term_string"}}],"inLanguage":"de"},{"@type":"Organization","@id":"https:\/\/nurlernen.de\/biologie\/#organization","name":"Biologie Lernen","url":"https:\/\/nurlernen.de\/biologie\/","logo":{"@type":"ImageObject","inLanguage":"de","@id":"https:\/\/nurlernen.de\/biologie\/#\/schema\/logo\/image\/","url":"https:\/\/nurlernen.de\/biologie\/wp-content\/uploads\/sites\/2\/2025\/07\/cropped-zellkern.png","contentUrl":"https:\/\/nurlernen.de\/biologie\/wp-content\/uploads\/sites\/2\/2025\/07\/cropped-zellkern.png","width":512,"height":512,"caption":"Biologie Lernen"},"image":{"@id":"https:\/\/nurlernen.de\/biologie\/#\/schema\/logo\/image\/"},"sameAs":["https:\/\/www.instagram.com\/nurlernen.de\/"]}]}},"_links":{"self":[{"href":"https:\/\/nurlernen.de\/biologie\/wp-json\/wp\/v2\/pages\/1092","targetHints":{"allow":["GET"]}}],"collection":[{"href":"https:\/\/nurlernen.de\/biologie\/wp-json\/wp\/v2\/pages"}],"about":[{"href":"https:\/\/nurlernen.de\/biologie\/wp-json\/wp\/v2\/types\/page"}],"author":[{"embeddable":true,"href":"https:\/\/nurlernen.de\/biologie\/wp-json\/wp\/v2\/users\/1"}],"replies":[{"embeddable":true,"href":"https:\/\/nurlernen.de\/biologie\/wp-json\/wp\/v2\/comments?post=1092"}],"version-history":[{"count":5,"href":"https:\/\/nurlernen.de\/biologie\/wp-json\/wp\/v2\/pages\/1092\/revisions"}],"predecessor-version":[{"id":3234,"href":"https:\/\/nurlernen.de\/biologie\/wp-json\/wp\/v2\/pages\/1092\/revisions\/3234"}],"wp:attachment":[{"href":"https:\/\/nurlernen.de\/biologie\/wp-json\/wp\/v2\/media?parent=1092"}],"curies":[{"name":"wp","href":"https:\/\/api.w.org\/{rel}","templated":true}]}}