{"id":1094,"date":"2021-04-08T15:55:17","date_gmt":"2021-04-08T13:55:17","guid":{"rendered":"https:\/\/www.niemma.de\/shop\/?page_id=1094"},"modified":"2025-11-18T10:22:17","modified_gmt":"2025-11-18T09:22:17","slug":"aufbau-von-atomen","status":"publish","type":"page","link":"https:\/\/nurlernen.de\/biologie\/aufbau-von-atomen\/","title":{"rendered":"Aufbau von Atomen"},"content":{"rendered":"\n<p>\n<a href=\"https:\/\/nurlernen.de\/biologie\/biologie-lernkontrolle\/?quiz=l_100030_q&#038;tree=chapter_z100000\" title=\"Direkt zum Test\">\n  <img decoding=\"async\" src=\"https:\/\/nurlernen.de\/biologie\/wp-content\/uploads\/sites\/2\/2025\/11\/test_icon.png\" alt=\"Zum Test\" style=\"width:48px; height:48px;\"><\/a>\n<a href=\"https:\/\/nurlernen.de\/biologie\/biologie-inhalte\/\" title=\"Lernfortschritt\">\n  <img decoding=\"async\" src=\"https:\/\/nurlernen.de\/biologie\/wp-content\/uploads\/sites\/2\/2025\/11\/progress_icon.png\" alt=\"Zum Test\" style=\"width:48px; height:48px;\"><\/a>\n<a href=\"https:\/\/nurlernen.de\/biologie\/biologie-lernkontrolle\" title=\"\u00dcber 1000 \u00dcbungen!\">\n  <img decoding=\"async\" src=\"https:\/\/nurlernen.de\/biologie\/wp-content\/uploads\/sites\/2\/2025\/11\/test2_icon.png\" alt=\"\u00dcber 1000 \u00dcbungen!\" style=\"width:48px; height:48px;\"><\/a>\n<a href=\"https:\/\/nurlernen.de\/biologie\/biologie-artikel\" title=\"Biologie Text-Sammlung\">\n  <img decoding=\"async\" src=\"https:\/\/nurlernen.de\/biologie\/wp-content\/uploads\/sites\/2\/2025\/11\/books_icon.png\" alt=\"Biologie Text-Sammlung\" style=\"width:48px; height:48px;\"><\/a>\n<a href=\"https:\/\/nurlernen.de\/biologie\/biologie-akademie\/\" title=\"Einen Lehrer Fragen\">\n  <img decoding=\"async\" src=\"https:\/\/nurlernen.de\/biologie\/wp-content\/uploads\/sites\/2\/2025\/11\/teacher_icon.png\" alt=\"Zum Test\" style=\"width:48px; height:48px;\"><\/a>\n<\/p>\n\n\n<p>Atome sind Bausteine der Materie im Universum. Sie bestehen aus einem Kern und einer Elektronenh\u00fclle drum herum.<\/p>\n<figure id=\"attachment_1122\" aria-describedby=\"caption-attachment-1122\" style=\"width: 246px\" class=\"wp-caption alignright\"><img loading=\"lazy\" decoding=\"async\" class=\"wp-image-1122 size-full\" src=\"https:\/\/nurlernen.de\/biologie\/wp-content\/uploads\/sites\/2\/2025\/07\/atom.png\" alt=\"Atomaufbau\" width=\"512\" height=\"512\" \/><figcaption id=\"caption-attachment-1122\" class=\"wp-caption-text\">Der schematische Aufbau eines Atoms.<\/figcaption><\/figure>\n<h4>Wie ist der Atomkern aufgebaut?<\/h4>\n<p>Der Atomkern (auch Nukleus oder Nucleus genannt) besteht aus Protonen und Neutronen. Protonen sind positiv geladen. Neutronen haben keine Ladung und sind elektrisch neutral. Deshalb ist ein Atomkern immer positiv geladen. Obwohl der Atomkern im Vergleich zum Atom unheimlich klein ist, sitzt hier fast die gesamte Masse eines Atoms, da Protonen und Neutronen je ca. das 1836-fache Gewicht eines Elektrons haben.<\/p>\n<p>Elektronen sind negativ geladene Elementarteilchen. Obwohl ein Elektron die gleiche Ladung, wie ein Proton besitzt (nur negativ), ist es 1836-mal leichter als ein Proton oder Neutron. Elektronen bewegen sich in Bahnen um den Atomkern. Leider ist es nicht m\u00f6glich die Bahn eines Elektrons genau zu bestimmen. Es ist nur m\u00f6glich eine Aufenthaltswahrscheinlichkeit des Elektrons zu jederzeit um den Kern anzugeben. Deshalb handelt es sich bei der Elektronenbahn, eher um eine Elektronenwolke, die in Schalen um den Kern organisiert ist. Diese Schalen werden Orbitale genannt.<\/p>\n<h4>Was sind nun chemische Elemente?<\/h4>\n<p>Ein Element ist im Grunde eine Atomsorte, die bestimmte chemische Eigenschaften aufweist. Diese chemischen Eigenschaften werden durch die Anzahl der PROTONEN im Atomkern festgelegt. Ein Atom kann Elektronen hinzugewinnen oder verlieren. Wei\u00dft du wie dieser Prozess genannt wird?<\/p>\n<p>Hier spricht man dann von einem ionisierten Zustand. Ein ionisiertes Atom ist nicht neutral! Die Ionisierung ver\u00e4ndert die Atomsorte (das Element) aber nicht. Werden durch Kernreaktionen die Anzahl der Protonen im Atomkern ver\u00e4ndern, dann \u00e4ndert sich auch die Atomsorte bzw. das Element. Merke dir also, es ist immer der Atomkern bzw. die Anzahl der Protonen, die \u00fcber die chemischen Eigenschaften des Atoms bzw. des Elements entscheidet.<\/p>\n<h4>Kann man Eisen in Gold umwandeln, oder haben das Alchemisten umsonst versucht?<\/h4>\n<p>Werden durch Kernreaktionen die Anzahl der Protonen im Atomkern ver\u00e4ndern, dann hat sich die Atomsorte bzw. das Element ver\u00e4ndert. Man k\u00f6nnte also Eisen in Gold umwandeln. In diesem Fall spricht man von der Transmutation. Leider ben\u00f6tigt man daf\u00fcr so viel Energie, dass die Goldherstellung auf diesem Weg zu teuer wird. Merke dir also, es ist immer der Atomkern bzw. die Anzahl der Protonen, die \u00fcber die chemischen Eigenschaften des Atoms bzw. des Elements entscheidet.<\/p>\n\n\n<p><button onclick=\"location.href='https:\/\/nurlernen.de\/biologie\/biologie-inhalte\/'\">Lernbereich<\/button>\r\n<button onclick=\"location.href='https:\/\/nurlernen.de\/biologie\/biologie-akademie\/'\">Biologie Akademie<\/button>\r\n<!--button onclick=\"location.href='https:\/\/nurlernen.de\/biologie\/biologie-lernkontrolle\/'\">Lernkontrolle<\/button-->\r\n<!--button onclick=\"location.href='\/biologie-fragenkatalog'\"&gt;Fragenkatalog (F\u00fcr Lehrer)&lt;\/button-->\r\n<\/p>\n","protected":false},"excerpt":{"rendered":"<p>Atome sind Bausteine der Materie im Universum. Sie bestehen aus einem Kern und einer Elektronenh\u00fclle drum herum. Wie ist der Atomkern aufgebaut? Der Atomkern (auch Nukleus oder Nucleus genannt) besteht aus Protonen und Neutronen. Protonen sind positiv geladen. Neutronen haben keine Ladung und sind elektrisch neutral. Deshalb ist ein Atomkern immer positiv geladen. Obwohl der &#8230; <a title=\"Aufbau von Atomen\" class=\"read-more\" href=\"https:\/\/nurlernen.de\/biologie\/aufbau-von-atomen\/\" aria-label=\"Mehr Informationen \u00fcber Aufbau von Atomen\">Weiterlesen<\/a><\/p>\n","protected":false},"author":1,"featured_media":0,"parent":0,"menu_order":0,"comment_status":"open","ping_status":"closed","template":"","meta":{"footnotes":""},"class_list":["post-1094","page","type-page","status-publish"],"yoast_head":"<!-- This site is optimized with the Yoast SEO plugin v27.5 - https:\/\/yoast.com\/product\/yoast-seo-wordpress\/ -->\n<title>Aufbau von Atomen<\/title>\n<meta name=\"description\" content=\"Atome bestehen aus positiv geladenem Kern mit Protonen &amp; Neutronen und einer Elektronenh\u00fclle. Grundlage der Materie einfach erkl\u00e4rt.\" \/>\n<meta name=\"robots\" content=\"index, follow, max-snippet:-1, max-image-preview:large, max-video-preview:-1\" \/>\n<link rel=\"canonical\" href=\"https:\/\/nurlernen.de\/biologie\/aufbau-von-atomen\/\" \/>\n<meta property=\"og:locale\" content=\"de_DE\" \/>\n<meta property=\"og:type\" content=\"article\" \/>\n<meta property=\"og:title\" content=\"Aufbau von Atomen\" \/>\n<meta property=\"og:description\" content=\"Atome bestehen aus positiv geladenem Kern mit Protonen &amp; Neutronen und einer Elektronenh\u00fclle. Grundlage der Materie einfach erkl\u00e4rt.\" \/>\n<meta property=\"og:url\" content=\"https:\/\/nurlernen.de\/biologie\/aufbau-von-atomen\/\" \/>\n<meta property=\"og:site_name\" content=\"Biologie verstehen\" \/>\n<meta property=\"article:modified_time\" content=\"2025-11-18T09:22:17+00:00\" \/>\n<meta property=\"og:image\" content=\"https:\/\/nurlernen.de\/biologie\/wp-content\/uploads\/sites\/2\/2025\/11\/test_icon.png\" \/>\n<meta name=\"twitter:card\" content=\"summary_large_image\" \/>\n<meta name=\"twitter:label1\" content=\"Gesch\u00e4tzte Lesezeit\" \/>\n\t<meta name=\"twitter:data1\" content=\"4\u00a0Minuten\" \/>\n<script type=\"application\/ld+json\" class=\"yoast-schema-graph\">{\"@context\":\"https:\\\/\\\/schema.org\",\"@graph\":[{\"@type\":\"WebPage\",\"@id\":\"https:\\\/\\\/nurlernen.de\\\/biologie\\\/aufbau-von-atomen\\\/\",\"url\":\"https:\\\/\\\/nurlernen.de\\\/biologie\\\/aufbau-von-atomen\\\/\",\"name\":\"Aufbau von Atomen\",\"isPartOf\":{\"@id\":\"https:\\\/\\\/nurlernen.de\\\/biologie\\\/#website\"},\"primaryImageOfPage\":{\"@id\":\"https:\\\/\\\/nurlernen.de\\\/biologie\\\/aufbau-von-atomen\\\/#primaryimage\"},\"image\":{\"@id\":\"https:\\\/\\\/nurlernen.de\\\/biologie\\\/aufbau-von-atomen\\\/#primaryimage\"},\"thumbnailUrl\":\"https:\\\/\\\/nurlernen.de\\\/biologie\\\/wp-content\\\/uploads\\\/sites\\\/2\\\/2025\\\/11\\\/test_icon.png\",\"datePublished\":\"2021-04-08T13:55:17+00:00\",\"dateModified\":\"2025-11-18T09:22:17+00:00\",\"description\":\"Atome bestehen aus positiv geladenem Kern mit Protonen & Neutronen und einer Elektronenh\u00fclle. Grundlage der Materie einfach erkl\u00e4rt.\",\"breadcrumb\":{\"@id\":\"https:\\\/\\\/nurlernen.de\\\/biologie\\\/aufbau-von-atomen\\\/#breadcrumb\"},\"inLanguage\":\"de\",\"potentialAction\":[{\"@type\":\"ReadAction\",\"target\":[\"https:\\\/\\\/nurlernen.de\\\/biologie\\\/aufbau-von-atomen\\\/\"]}]},{\"@type\":\"ImageObject\",\"inLanguage\":\"de\",\"@id\":\"https:\\\/\\\/nurlernen.de\\\/biologie\\\/aufbau-von-atomen\\\/#primaryimage\",\"url\":\"https:\\\/\\\/nurlernen.de\\\/biologie\\\/wp-content\\\/uploads\\\/sites\\\/2\\\/2025\\\/11\\\/test_icon.png\",\"contentUrl\":\"https:\\\/\\\/nurlernen.de\\\/biologie\\\/wp-content\\\/uploads\\\/sites\\\/2\\\/2025\\\/11\\\/test_icon.png\",\"width\":256,\"height\":256},{\"@type\":\"BreadcrumbList\",\"@id\":\"https:\\\/\\\/nurlernen.de\\\/biologie\\\/aufbau-von-atomen\\\/#breadcrumb\",\"itemListElement\":[{\"@type\":\"ListItem\",\"position\":1,\"name\":\"Startseite\",\"item\":\"https:\\\/\\\/nurlernen.de\\\/biologie\\\/\"},{\"@type\":\"ListItem\",\"position\":2,\"name\":\"Aufbau von Atomen\"}]},{\"@type\":\"WebSite\",\"@id\":\"https:\\\/\\\/nurlernen.de\\\/biologie\\\/#website\",\"url\":\"https:\\\/\\\/nurlernen.de\\\/biologie\\\/\",\"name\":\"Biologie Lernen\",\"description\":\"\u00dcber 1000 kostenlose \u00dcbungen\",\"publisher\":{\"@id\":\"https:\\\/\\\/nurlernen.de\\\/biologie\\\/#organization\"},\"potentialAction\":[{\"@type\":\"SearchAction\",\"target\":{\"@type\":\"EntryPoint\",\"urlTemplate\":\"https:\\\/\\\/nurlernen.de\\\/biologie\\\/?s={search_term_string}\"},\"query-input\":{\"@type\":\"PropertyValueSpecification\",\"valueRequired\":true,\"valueName\":\"search_term_string\"}}],\"inLanguage\":\"de\"},{\"@type\":\"Organization\",\"@id\":\"https:\\\/\\\/nurlernen.de\\\/biologie\\\/#organization\",\"name\":\"Biologie Lernen\",\"url\":\"https:\\\/\\\/nurlernen.de\\\/biologie\\\/\",\"logo\":{\"@type\":\"ImageObject\",\"inLanguage\":\"de\",\"@id\":\"https:\\\/\\\/nurlernen.de\\\/biologie\\\/#\\\/schema\\\/logo\\\/image\\\/\",\"url\":\"https:\\\/\\\/nurlernen.de\\\/biologie\\\/wp-content\\\/uploads\\\/sites\\\/2\\\/2025\\\/07\\\/cropped-zellkern.png\",\"contentUrl\":\"https:\\\/\\\/nurlernen.de\\\/biologie\\\/wp-content\\\/uploads\\\/sites\\\/2\\\/2025\\\/07\\\/cropped-zellkern.png\",\"width\":512,\"height\":512,\"caption\":\"Biologie Lernen\"},\"image\":{\"@id\":\"https:\\\/\\\/nurlernen.de\\\/biologie\\\/#\\\/schema\\\/logo\\\/image\\\/\"},\"sameAs\":[\"https:\\\/\\\/www.instagram.com\\\/nurlernen.de\\\/\"]}]}<\/script>\n<!-- \/ Yoast SEO plugin. -->","yoast_head_json":{"title":"Aufbau von Atomen","description":"Atome bestehen aus positiv geladenem Kern mit Protonen & Neutronen und einer Elektronenh\u00fclle. Grundlage der Materie einfach erkl\u00e4rt.","robots":{"index":"index","follow":"follow","max-snippet":"max-snippet:-1","max-image-preview":"max-image-preview:large","max-video-preview":"max-video-preview:-1"},"canonical":"https:\/\/nurlernen.de\/biologie\/aufbau-von-atomen\/","og_locale":"de_DE","og_type":"article","og_title":"Aufbau von Atomen","og_description":"Atome bestehen aus positiv geladenem Kern mit Protonen & Neutronen und einer Elektronenh\u00fclle. Grundlage der Materie einfach erkl\u00e4rt.","og_url":"https:\/\/nurlernen.de\/biologie\/aufbau-von-atomen\/","og_site_name":"Biologie verstehen","article_modified_time":"2025-11-18T09:22:17+00:00","og_image":[{"url":"https:\/\/nurlernen.de\/biologie\/wp-content\/uploads\/sites\/2\/2025\/11\/test_icon.png","type":"","width":"","height":""}],"twitter_card":"summary_large_image","twitter_misc":{"Gesch\u00e4tzte Lesezeit":"4\u00a0Minuten"},"schema":{"@context":"https:\/\/schema.org","@graph":[{"@type":"WebPage","@id":"https:\/\/nurlernen.de\/biologie\/aufbau-von-atomen\/","url":"https:\/\/nurlernen.de\/biologie\/aufbau-von-atomen\/","name":"Aufbau von Atomen","isPartOf":{"@id":"https:\/\/nurlernen.de\/biologie\/#website"},"primaryImageOfPage":{"@id":"https:\/\/nurlernen.de\/biologie\/aufbau-von-atomen\/#primaryimage"},"image":{"@id":"https:\/\/nurlernen.de\/biologie\/aufbau-von-atomen\/#primaryimage"},"thumbnailUrl":"https:\/\/nurlernen.de\/biologie\/wp-content\/uploads\/sites\/2\/2025\/11\/test_icon.png","datePublished":"2021-04-08T13:55:17+00:00","dateModified":"2025-11-18T09:22:17+00:00","description":"Atome bestehen aus positiv geladenem Kern mit Protonen & Neutronen und einer Elektronenh\u00fclle. Grundlage der Materie einfach erkl\u00e4rt.","breadcrumb":{"@id":"https:\/\/nurlernen.de\/biologie\/aufbau-von-atomen\/#breadcrumb"},"inLanguage":"de","potentialAction":[{"@type":"ReadAction","target":["https:\/\/nurlernen.de\/biologie\/aufbau-von-atomen\/"]}]},{"@type":"ImageObject","inLanguage":"de","@id":"https:\/\/nurlernen.de\/biologie\/aufbau-von-atomen\/#primaryimage","url":"https:\/\/nurlernen.de\/biologie\/wp-content\/uploads\/sites\/2\/2025\/11\/test_icon.png","contentUrl":"https:\/\/nurlernen.de\/biologie\/wp-content\/uploads\/sites\/2\/2025\/11\/test_icon.png","width":256,"height":256},{"@type":"BreadcrumbList","@id":"https:\/\/nurlernen.de\/biologie\/aufbau-von-atomen\/#breadcrumb","itemListElement":[{"@type":"ListItem","position":1,"name":"Startseite","item":"https:\/\/nurlernen.de\/biologie\/"},{"@type":"ListItem","position":2,"name":"Aufbau von Atomen"}]},{"@type":"WebSite","@id":"https:\/\/nurlernen.de\/biologie\/#website","url":"https:\/\/nurlernen.de\/biologie\/","name":"Biologie Lernen","description":"\u00dcber 1000 kostenlose \u00dcbungen","publisher":{"@id":"https:\/\/nurlernen.de\/biologie\/#organization"},"potentialAction":[{"@type":"SearchAction","target":{"@type":"EntryPoint","urlTemplate":"https:\/\/nurlernen.de\/biologie\/?s={search_term_string}"},"query-input":{"@type":"PropertyValueSpecification","valueRequired":true,"valueName":"search_term_string"}}],"inLanguage":"de"},{"@type":"Organization","@id":"https:\/\/nurlernen.de\/biologie\/#organization","name":"Biologie Lernen","url":"https:\/\/nurlernen.de\/biologie\/","logo":{"@type":"ImageObject","inLanguage":"de","@id":"https:\/\/nurlernen.de\/biologie\/#\/schema\/logo\/image\/","url":"https:\/\/nurlernen.de\/biologie\/wp-content\/uploads\/sites\/2\/2025\/07\/cropped-zellkern.png","contentUrl":"https:\/\/nurlernen.de\/biologie\/wp-content\/uploads\/sites\/2\/2025\/07\/cropped-zellkern.png","width":512,"height":512,"caption":"Biologie Lernen"},"image":{"@id":"https:\/\/nurlernen.de\/biologie\/#\/schema\/logo\/image\/"},"sameAs":["https:\/\/www.instagram.com\/nurlernen.de\/"]}]}},"_links":{"self":[{"href":"https:\/\/nurlernen.de\/biologie\/wp-json\/wp\/v2\/pages\/1094","targetHints":{"allow":["GET"]}}],"collection":[{"href":"https:\/\/nurlernen.de\/biologie\/wp-json\/wp\/v2\/pages"}],"about":[{"href":"https:\/\/nurlernen.de\/biologie\/wp-json\/wp\/v2\/types\/page"}],"author":[{"embeddable":true,"href":"https:\/\/nurlernen.de\/biologie\/wp-json\/wp\/v2\/users\/1"}],"replies":[{"embeddable":true,"href":"https:\/\/nurlernen.de\/biologie\/wp-json\/wp\/v2\/comments?post=1094"}],"version-history":[{"count":6,"href":"https:\/\/nurlernen.de\/biologie\/wp-json\/wp\/v2\/pages\/1094\/revisions"}],"predecessor-version":[{"id":3231,"href":"https:\/\/nurlernen.de\/biologie\/wp-json\/wp\/v2\/pages\/1094\/revisions\/3231"}],"wp:attachment":[{"href":"https:\/\/nurlernen.de\/biologie\/wp-json\/wp\/v2\/media?parent=1094"}],"curies":[{"name":"wp","href":"https:\/\/api.w.org\/{rel}","templated":true}]}}