{"id":1108,"date":"2021-04-08T15:54:47","date_gmt":"2021-04-08T13:54:47","guid":{"rendered":"https:\/\/www.niemma.de\/shop\/?page_id=1108"},"modified":"2025-11-18T10:23:05","modified_gmt":"2025-11-18T09:23:05","slug":"aufbau-von-molekuelen","status":"publish","type":"page","link":"https:\/\/nurlernen.de\/biologie\/aufbau-von-molekuelen\/","title":{"rendered":"Aufbau von Molek\u00fclen"},"content":{"rendered":"\n<p>\n<a href=\"https:\/\/nurlernen.de\/biologie\/biologie-lernkontrolle\/?quiz=l_100040_q&#038;tree=chapter_z100000\" title=\"Direkt zum Test\">\n  <img decoding=\"async\" src=\"https:\/\/nurlernen.de\/biologie\/wp-content\/uploads\/sites\/2\/2025\/11\/test_icon.png\" alt=\"Zum Test\" style=\"width:48px; height:48px;\"><\/a>\n<a href=\"https:\/\/nurlernen.de\/biologie\/biologie-inhalte\/\" title=\"Lernfortschritt\">\n  <img decoding=\"async\" src=\"https:\/\/nurlernen.de\/biologie\/wp-content\/uploads\/sites\/2\/2025\/11\/progress_icon.png\" alt=\"Zum Test\" style=\"width:48px; height:48px;\"><\/a>\n<a href=\"https:\/\/nurlernen.de\/biologie\/biologie-lernkontrolle\" title=\"\u00dcber 1000 \u00dcbungen!\">\n  <img decoding=\"async\" src=\"https:\/\/nurlernen.de\/biologie\/wp-content\/uploads\/sites\/2\/2025\/11\/test2_icon.png\" alt=\"\u00dcber 1000 \u00dcbungen!\" style=\"width:48px; height:48px;\"><\/a>\n<a href=\"https:\/\/nurlernen.de\/biologie\/biologie-artikel\" title=\"Biologie Text-Sammlung\">\n  <img decoding=\"async\" src=\"https:\/\/nurlernen.de\/biologie\/wp-content\/uploads\/sites\/2\/2025\/11\/books_icon.png\" alt=\"Biologie Text-Sammlung\" style=\"width:48px; height:48px;\"><\/a>\n<a href=\"https:\/\/nurlernen.de\/biologie\/biologie-akademie\/\" title=\"Einen Lehrer Fragen\">\n  <img decoding=\"async\" src=\"https:\/\/nurlernen.de\/biologie\/wp-content\/uploads\/sites\/2\/2025\/11\/teacher_icon.png\" alt=\"Zum Test\" style=\"width:48px; height:48px;\"><\/a>\n<\/p>\n\n\n<figure id=\"attachment_1125\" aria-describedby=\"caption-attachment-1125\" style=\"width: 246px\" class=\"wp-caption alignright\"><img decoding=\"async\" class=\"wp-image-1125 size-full\" src=\"https:\/\/nurlernen.de\/biologie\/wp-content\/uploads\/sites\/2\/2025\/07\/atom_outer_orbital.png\" alt=\"Atomschalen\" width=\"256\"\/><figcaption id=\"caption-attachment-1125\" class=\"wp-caption-text\">Wie die \u00e4u\u00dferen Schalen vervollst\u00e4ndigt werden k\u00f6nnen.<\/figcaption><\/figure>\n<p>Atome k\u00f6nnen sich zu Molek\u00fclen verbinden. Warum tun Atome dies?<\/p>\n<p>Der Grund ist die Neigung eines Atoms eine VOLLST\u00c4NDIGE \u00e4u\u00dfere Elektronenschale zu besitzen. Dies kann auf unterschiedliche Art und Weise stattfinden und wird als eine chemische Bindung bezeichnet.<\/p>\n<p>Atome k\u00f6nnen unter einander Elektronen austauschen, um ihre \u00e4u\u00dfere Elektronenschale (Valenzorbital) vollst\u00e4ndig mit Elektronen zu bef\u00fcllen, oder diese Schale komplett zu vernichten, damit die darunterliegende vollst\u00e4ndige Schale als \u00e4u\u00dfere Schale agiert. Dies kann auf unterschiedliche Art und Weise stattfinden und wird als eine chemische Bindung bezeichnet.<\/p>\n<p>Atome k\u00f6nnen sich auf folgende unterschiedliche Art und Weisen miteinander verbinden.<\/p>\n<h4>Ionenbindung<\/h4>\n<p>Bei der Ionenbindung gibt ein Atom Elektronen ab. Dabei wird es positiv ionisiert, da es weniger Elektronen als Protonen hat. Gleichzeitig nimmt ein anderes Atom diese Elektronen auf und wird somit negativ ionisiert. Was passiert nun zwischen einem positiv und einem negativ geladenem Atom (auch Ion genannt)?<\/p>\n<p>Positive und negative Ladungen ziehen sich an. Genau das passiert z.B. zwischen Natrium- (Na) und Chlor-Atomen (Cl). W\u00e4hrend Na-Atome ein Elektron abgeben und zu Na(+) Ionen werden, nehmen Cl-Atome das Elektron auf und werden zu Cl(-) Ionen. Dadurch ziehen sie sich so stark an, dass das Ergebnis als NaCl bezeichnet wird. NaCl oder (Koch-)Salz ist in jeder K\u00fcche vorhanden und tr\u00e4gt, dazu bei, dass das Essen besser schmeckt. Diese chemische Verbindung wird Ionenbindung genannt.<\/p>\n<figure id=\"attachment_1127\" aria-describedby=\"caption-attachment-1127\" style=\"width: 246px\" class=\"wp-caption alignright\"><img decoding=\"async\" class=\"wp-image-1127 size-full\" src=\"https:\/\/nurlernen.de\/biologie\/wp-content\/uploads\/sites\/2\/2025\/07\/ionic_bound.png\" alt=\"Ionische Bindung\" width=\"256\" \/><figcaption id=\"caption-attachment-1127\" class=\"wp-caption-text\">Schematische Darstellung der Ionischen Bindung.<\/figcaption><\/figure>\n<h4>Kovalente Bindung<\/h4>\n<p>Wenn zwei Atome beide zus\u00e4tzliche Elektronen ben\u00f6tigen, um ihre \u00e4u\u00dfere Schale (Valenzorbital) zu vervollst\u00e4ndigen, w\u00fcrden sie ein Elektronen-Sharing betreiben. Das Hei\u00dft einige Elektronen der \u00e4u\u00dferen Schale (Valenzelektronen) stehen zeitweise beiden Atomen zur Verf\u00fcgung. Da sich die Elektronen sehr schnell bewegen, sieht es dann so aus, als ob zu jeder Zeit beide Atome einen vollst\u00e4ndigen \u00e4u\u00dferen Schale (Valenzorbital) h\u00e4tten. Wei\u00dft du wie die Elektronen der \u00e4u\u00dferen Schale genannt werden?<\/p>\n<p>Die Elektronen der \u00e4u\u00dferen Schale werden Valenzelektronen genannt. Aus diesem Grund wird diese chemische Verbindung, bei der Elektronen-Sharing betrieben wird als Kovalente Bindung bezeichnet.<\/p>\n<p>Die Kovalente Bindung kann u. U. sehr stark werden. Beispiele f\u00fcr Kovalente Verbindungen sind z. B. Molek\u00fcle, die zwei gleiche Atome haben, wie Sauerstoff- (O2) oder Wasserstoff-Molek\u00fcle (H2).<\/p>\n<h4>Metallische Bindung<\/h4>\n<p>Wenn Atome zu wenige Elektronen in der \u00e4u\u00dferen Schale haben, geben sie diese ab, um ihre \u00e4u\u00dferen Schalen zu vervollst\u00e4ndigen. Dabei bilden sie eine gro\u00dfe Gemeinschaft, indem sie alle, die Elektronen ihrer \u00e4u\u00dferen Schale (Valenzelektronen) in einen negativ geladenen Elektronen-See abgeben, und selbst zu positiven Ionen werden.<\/p>\n<figure id=\"attachment_1128\" aria-describedby=\"caption-attachment-1128\" style=\"width: 246px\" class=\"wp-caption alignright\"><img decoding=\"async\" class=\"size-full wp-image-1128\" src=\"https:\/\/nurlernen.de\/biologie\/wp-content\/uploads\/sites\/2\/2025\/07\/covalent_bound.png\" alt=\"Kovalente Bindung\" width=\"256\"\/><figcaption id=\"caption-attachment-1128\" class=\"wp-caption-text\">Schematische Darstellung der Kovalenten Bindung.<\/figcaption><\/figure>\n<p>Wie soll das aber helfen?<\/p>\n<p>Die Elektronen bewegen sich dann frei umher und bilden somit einen negativ geladenen See aus Elektronen um die positiven Atom-R\u00fcmpfe (Ionen). Bildlich gesprochen k\u00f6nnte man sich einen negativ geladenen Kuchenteig mit positiv geladenen Rosinen darin vorstellen. Der Teig w\u00fcrde die Rosinen trotz der Absto\u00dfung festhalten.<\/p>\n<p>Und was ist mit vollst\u00e4ndigen \u00e4u\u00dferen Schalen?<\/p>\n<p>Die Elektronen k\u00f6nnen in diesem Zustand keinem Atom mehr zugeordnet werden. In diesem negativ geladenen See aus (negativen) Elektronen befinden sich die positiven Ionen mit einer vollst\u00e4ndigen \u00e4u\u00dferen Elektronenschale. Diese Verbindung ist zwar nicht so stark, wie die kovalente oder die ionische Bindung, aber sehr h\u00e4ufig. K\u00f6nntest du dir vorstellen, welche Elemente diese Verbindung eingehen?<\/p>\n<p>Der Gro\u00dfteil der Elemente im Periodensystem sind Metalle und sie bilden diese Bindung. Deshalb wird sie die metallische Bindung genannt. Reine Metalle, wie z. B. Gold oder Silber kann man sehr leicht biegen, da die Verbindung nicht so stark ist. Durch Hinzuf\u00fcgen von geringen Mengen anderer Elemente wie z. B. Kohlenstoff (C) zu Eisen (Fe) kann die Festigkeit aber stark erh\u00f6ht werden. Durch diese Legierung entsteht z. B. Stahl.<\/p>\n<h4>Funktionelle Gruppen<\/h4>\n<figure id=\"attachment_1129\" aria-describedby=\"caption-attachment-1129\" style=\"width: 246px\" class=\"wp-caption alignright\"><img decoding=\"async\" class=\"size-full wp-image-1129\" src=\"https:\/\/nurlernen.de\/biologie\/wp-content\/uploads\/sites\/2\/2025\/07\/fgruppen_summary.png\" alt=\"Funktionelle Gruppen\" width=\"256\"\/><figcaption id=\"caption-attachment-1129\" class=\"wp-caption-text\">Beispiel einiger Funktioneller Gruppen.<\/figcaption><\/figure>\n<p>Kohlenstoff (C) ist als ein besonderes Element in der Lage bis zur vier Verbindungen mit anderen Kohlenstoffatomen einzugehen. Dadurch k\u00f6nnen sehr lange und vielf\u00e4ltige Molek\u00fcle (z. B. Makromolek\u00fcle und Polymere) mit unterschiedlichen Strukturen und Eigenschaften entstehen. Diese Molek\u00fcle werden ORGANISCHE Molek\u00fcle genannt.<\/p>\n<p>Und was hat das mit funktionellen Gruppen zu tun?<\/p>\n<p>Funktionelle Gruppen sind bestimmte Atomgruppen in organischen Verbindungen, die die chemischen Eigenschaften des gesamten Molek\u00fcls ma\u00dfgeblich bestimmen bzw. beeinflussen. Ein Beispiel hierf\u00fcr ist die Amino-Gruppe. Die besteht aus einem Stickstoffatom (N) und zwei Wasserstoffatomen (H). Ein organisches Molek\u00fcl, das eine Amino-Gruppe besitzt, besitzt bestimmte Eigenschaften. Aminos\u00e4uren z. B. (Bausteine von Proteinen) enthalten eine Aminogruppe (-NH2) und eine Carboxylgruppe (-COOH)<\/p>\n\n\n<p><button onclick=\"location.href='https:\/\/nurlernen.de\/biologie\/biologie-inhalte\/'\">Lernbereich<\/button>\r\n<button onclick=\"location.href='https:\/\/nurlernen.de\/biologie\/biologie-akademie\/'\">Biologie Akademie<\/button>\r\n<!--button onclick=\"location.href='https:\/\/nurlernen.de\/biologie\/biologie-lernkontrolle\/'\">Lernkontrolle<\/button-->\r\n<!--button onclick=\"location.href='\/biologie-fragenkatalog'\"&gt;Fragenkatalog (F\u00fcr Lehrer)&lt;\/button-->\r\n<\/p>\n","protected":false},"excerpt":{"rendered":"<p>Atome k\u00f6nnen sich zu Molek\u00fclen verbinden. Warum tun Atome dies? Der Grund ist die Neigung eines Atoms eine VOLLST\u00c4NDIGE \u00e4u\u00dfere Elektronenschale zu besitzen. Dies kann auf unterschiedliche Art und Weise stattfinden und wird als eine chemische Bindung bezeichnet. Atome k\u00f6nnen unter einander Elektronen austauschen, um ihre \u00e4u\u00dfere Elektronenschale (Valenzorbital) vollst\u00e4ndig mit Elektronen zu bef\u00fcllen, oder &#8230; <a title=\"Aufbau von Molek\u00fclen\" class=\"read-more\" href=\"https:\/\/nurlernen.de\/biologie\/aufbau-von-molekuelen\/\" aria-label=\"Mehr Informationen \u00fcber Aufbau von Molek\u00fclen\">Weiterlesen<\/a><\/p>\n","protected":false},"author":1,"featured_media":0,"parent":0,"menu_order":0,"comment_status":"open","ping_status":"closed","template":"","meta":{"footnotes":""},"class_list":["post-1108","page","type-page","status-publish"],"yoast_head":"<!-- This site is optimized with the Yoast SEO plugin v27.5 - https:\/\/yoast.com\/product\/yoast-seo-wordpress\/ -->\n<title>Aufbau von Molek\u00fclen<\/title>\n<meta name=\"description\" content=\"Molek\u00fcle bestehen aus Atomen, die durch chemische Bindungen wie Ionen-, kovalente und metallische Bindungen zusammengehalten werden. Einfach erkl\u00e4rt.\" \/>\n<meta name=\"robots\" content=\"index, follow, max-snippet:-1, max-image-preview:large, max-video-preview:-1\" \/>\n<link rel=\"canonical\" href=\"https:\/\/nurlernen.de\/biologie\/aufbau-von-molekuelen\/\" \/>\n<meta property=\"og:locale\" content=\"de_DE\" \/>\n<meta property=\"og:type\" content=\"article\" \/>\n<meta property=\"og:title\" content=\"Aufbau von Molek\u00fclen\" \/>\n<meta property=\"og:description\" content=\"Molek\u00fcle bestehen aus Atomen, die durch chemische Bindungen wie Ionen-, kovalente und metallische Bindungen zusammengehalten werden. Einfach erkl\u00e4rt.\" \/>\n<meta property=\"og:url\" content=\"https:\/\/nurlernen.de\/biologie\/aufbau-von-molekuelen\/\" \/>\n<meta property=\"og:site_name\" content=\"Biologie verstehen\" \/>\n<meta property=\"article:modified_time\" content=\"2025-11-18T09:23:05+00:00\" \/>\n<meta property=\"og:image\" content=\"https:\/\/nurlernen.de\/biologie\/wp-content\/uploads\/sites\/2\/2025\/11\/test_icon.png\" \/>\n<meta name=\"twitter:card\" content=\"summary_large_image\" \/>\n<meta name=\"twitter:label1\" content=\"Gesch\u00e4tzte Lesezeit\" \/>\n\t<meta name=\"twitter:data1\" content=\"6\u00a0Minuten\" \/>\n<script type=\"application\/ld+json\" class=\"yoast-schema-graph\">{\"@context\":\"https:\\\/\\\/schema.org\",\"@graph\":[{\"@type\":\"WebPage\",\"@id\":\"https:\\\/\\\/nurlernen.de\\\/biologie\\\/aufbau-von-molekuelen\\\/\",\"url\":\"https:\\\/\\\/nurlernen.de\\\/biologie\\\/aufbau-von-molekuelen\\\/\",\"name\":\"Aufbau von Molek\u00fclen\",\"isPartOf\":{\"@id\":\"https:\\\/\\\/nurlernen.de\\\/biologie\\\/#website\"},\"primaryImageOfPage\":{\"@id\":\"https:\\\/\\\/nurlernen.de\\\/biologie\\\/aufbau-von-molekuelen\\\/#primaryimage\"},\"image\":{\"@id\":\"https:\\\/\\\/nurlernen.de\\\/biologie\\\/aufbau-von-molekuelen\\\/#primaryimage\"},\"thumbnailUrl\":\"https:\\\/\\\/nurlernen.de\\\/biologie\\\/wp-content\\\/uploads\\\/sites\\\/2\\\/2025\\\/11\\\/test_icon.png\",\"datePublished\":\"2021-04-08T13:54:47+00:00\",\"dateModified\":\"2025-11-18T09:23:05+00:00\",\"description\":\"Molek\u00fcle bestehen aus Atomen, die durch chemische Bindungen wie Ionen-, kovalente und metallische Bindungen zusammengehalten werden. Einfach erkl\u00e4rt.\",\"breadcrumb\":{\"@id\":\"https:\\\/\\\/nurlernen.de\\\/biologie\\\/aufbau-von-molekuelen\\\/#breadcrumb\"},\"inLanguage\":\"de\",\"potentialAction\":[{\"@type\":\"ReadAction\",\"target\":[\"https:\\\/\\\/nurlernen.de\\\/biologie\\\/aufbau-von-molekuelen\\\/\"]}]},{\"@type\":\"ImageObject\",\"inLanguage\":\"de\",\"@id\":\"https:\\\/\\\/nurlernen.de\\\/biologie\\\/aufbau-von-molekuelen\\\/#primaryimage\",\"url\":\"https:\\\/\\\/nurlernen.de\\\/biologie\\\/wp-content\\\/uploads\\\/sites\\\/2\\\/2025\\\/11\\\/test_icon.png\",\"contentUrl\":\"https:\\\/\\\/nurlernen.de\\\/biologie\\\/wp-content\\\/uploads\\\/sites\\\/2\\\/2025\\\/11\\\/test_icon.png\",\"width\":256,\"height\":256},{\"@type\":\"BreadcrumbList\",\"@id\":\"https:\\\/\\\/nurlernen.de\\\/biologie\\\/aufbau-von-molekuelen\\\/#breadcrumb\",\"itemListElement\":[{\"@type\":\"ListItem\",\"position\":1,\"name\":\"Startseite\",\"item\":\"https:\\\/\\\/nurlernen.de\\\/biologie\\\/\"},{\"@type\":\"ListItem\",\"position\":2,\"name\":\"Aufbau von Molek\u00fclen\"}]},{\"@type\":\"WebSite\",\"@id\":\"https:\\\/\\\/nurlernen.de\\\/biologie\\\/#website\",\"url\":\"https:\\\/\\\/nurlernen.de\\\/biologie\\\/\",\"name\":\"Biologie Lernen\",\"description\":\"\u00dcber 1000 kostenlose \u00dcbungen\",\"publisher\":{\"@id\":\"https:\\\/\\\/nurlernen.de\\\/biologie\\\/#organization\"},\"potentialAction\":[{\"@type\":\"SearchAction\",\"target\":{\"@type\":\"EntryPoint\",\"urlTemplate\":\"https:\\\/\\\/nurlernen.de\\\/biologie\\\/?s={search_term_string}\"},\"query-input\":{\"@type\":\"PropertyValueSpecification\",\"valueRequired\":true,\"valueName\":\"search_term_string\"}}],\"inLanguage\":\"de\"},{\"@type\":\"Organization\",\"@id\":\"https:\\\/\\\/nurlernen.de\\\/biologie\\\/#organization\",\"name\":\"Biologie Lernen\",\"url\":\"https:\\\/\\\/nurlernen.de\\\/biologie\\\/\",\"logo\":{\"@type\":\"ImageObject\",\"inLanguage\":\"de\",\"@id\":\"https:\\\/\\\/nurlernen.de\\\/biologie\\\/#\\\/schema\\\/logo\\\/image\\\/\",\"url\":\"https:\\\/\\\/nurlernen.de\\\/biologie\\\/wp-content\\\/uploads\\\/sites\\\/2\\\/2025\\\/07\\\/cropped-zellkern.png\",\"contentUrl\":\"https:\\\/\\\/nurlernen.de\\\/biologie\\\/wp-content\\\/uploads\\\/sites\\\/2\\\/2025\\\/07\\\/cropped-zellkern.png\",\"width\":512,\"height\":512,\"caption\":\"Biologie Lernen\"},\"image\":{\"@id\":\"https:\\\/\\\/nurlernen.de\\\/biologie\\\/#\\\/schema\\\/logo\\\/image\\\/\"},\"sameAs\":[\"https:\\\/\\\/www.instagram.com\\\/nurlernen.de\\\/\"]}]}<\/script>\n<!-- \/ Yoast SEO plugin. -->","yoast_head_json":{"title":"Aufbau von Molek\u00fclen","description":"Molek\u00fcle bestehen aus Atomen, die durch chemische Bindungen wie Ionen-, kovalente und metallische Bindungen zusammengehalten werden. Einfach erkl\u00e4rt.","robots":{"index":"index","follow":"follow","max-snippet":"max-snippet:-1","max-image-preview":"max-image-preview:large","max-video-preview":"max-video-preview:-1"},"canonical":"https:\/\/nurlernen.de\/biologie\/aufbau-von-molekuelen\/","og_locale":"de_DE","og_type":"article","og_title":"Aufbau von Molek\u00fclen","og_description":"Molek\u00fcle bestehen aus Atomen, die durch chemische Bindungen wie Ionen-, kovalente und metallische Bindungen zusammengehalten werden. Einfach erkl\u00e4rt.","og_url":"https:\/\/nurlernen.de\/biologie\/aufbau-von-molekuelen\/","og_site_name":"Biologie verstehen","article_modified_time":"2025-11-18T09:23:05+00:00","og_image":[{"url":"https:\/\/nurlernen.de\/biologie\/wp-content\/uploads\/sites\/2\/2025\/11\/test_icon.png","type":"","width":"","height":""}],"twitter_card":"summary_large_image","twitter_misc":{"Gesch\u00e4tzte Lesezeit":"6\u00a0Minuten"},"schema":{"@context":"https:\/\/schema.org","@graph":[{"@type":"WebPage","@id":"https:\/\/nurlernen.de\/biologie\/aufbau-von-molekuelen\/","url":"https:\/\/nurlernen.de\/biologie\/aufbau-von-molekuelen\/","name":"Aufbau von Molek\u00fclen","isPartOf":{"@id":"https:\/\/nurlernen.de\/biologie\/#website"},"primaryImageOfPage":{"@id":"https:\/\/nurlernen.de\/biologie\/aufbau-von-molekuelen\/#primaryimage"},"image":{"@id":"https:\/\/nurlernen.de\/biologie\/aufbau-von-molekuelen\/#primaryimage"},"thumbnailUrl":"https:\/\/nurlernen.de\/biologie\/wp-content\/uploads\/sites\/2\/2025\/11\/test_icon.png","datePublished":"2021-04-08T13:54:47+00:00","dateModified":"2025-11-18T09:23:05+00:00","description":"Molek\u00fcle bestehen aus Atomen, die durch chemische Bindungen wie Ionen-, kovalente und metallische Bindungen zusammengehalten werden. Einfach erkl\u00e4rt.","breadcrumb":{"@id":"https:\/\/nurlernen.de\/biologie\/aufbau-von-molekuelen\/#breadcrumb"},"inLanguage":"de","potentialAction":[{"@type":"ReadAction","target":["https:\/\/nurlernen.de\/biologie\/aufbau-von-molekuelen\/"]}]},{"@type":"ImageObject","inLanguage":"de","@id":"https:\/\/nurlernen.de\/biologie\/aufbau-von-molekuelen\/#primaryimage","url":"https:\/\/nurlernen.de\/biologie\/wp-content\/uploads\/sites\/2\/2025\/11\/test_icon.png","contentUrl":"https:\/\/nurlernen.de\/biologie\/wp-content\/uploads\/sites\/2\/2025\/11\/test_icon.png","width":256,"height":256},{"@type":"BreadcrumbList","@id":"https:\/\/nurlernen.de\/biologie\/aufbau-von-molekuelen\/#breadcrumb","itemListElement":[{"@type":"ListItem","position":1,"name":"Startseite","item":"https:\/\/nurlernen.de\/biologie\/"},{"@type":"ListItem","position":2,"name":"Aufbau von Molek\u00fclen"}]},{"@type":"WebSite","@id":"https:\/\/nurlernen.de\/biologie\/#website","url":"https:\/\/nurlernen.de\/biologie\/","name":"Biologie Lernen","description":"\u00dcber 1000 kostenlose \u00dcbungen","publisher":{"@id":"https:\/\/nurlernen.de\/biologie\/#organization"},"potentialAction":[{"@type":"SearchAction","target":{"@type":"EntryPoint","urlTemplate":"https:\/\/nurlernen.de\/biologie\/?s={search_term_string}"},"query-input":{"@type":"PropertyValueSpecification","valueRequired":true,"valueName":"search_term_string"}}],"inLanguage":"de"},{"@type":"Organization","@id":"https:\/\/nurlernen.de\/biologie\/#organization","name":"Biologie Lernen","url":"https:\/\/nurlernen.de\/biologie\/","logo":{"@type":"ImageObject","inLanguage":"de","@id":"https:\/\/nurlernen.de\/biologie\/#\/schema\/logo\/image\/","url":"https:\/\/nurlernen.de\/biologie\/wp-content\/uploads\/sites\/2\/2025\/07\/cropped-zellkern.png","contentUrl":"https:\/\/nurlernen.de\/biologie\/wp-content\/uploads\/sites\/2\/2025\/07\/cropped-zellkern.png","width":512,"height":512,"caption":"Biologie Lernen"},"image":{"@id":"https:\/\/nurlernen.de\/biologie\/#\/schema\/logo\/image\/"},"sameAs":["https:\/\/www.instagram.com\/nurlernen.de\/"]}]}},"_links":{"self":[{"href":"https:\/\/nurlernen.de\/biologie\/wp-json\/wp\/v2\/pages\/1108","targetHints":{"allow":["GET"]}}],"collection":[{"href":"https:\/\/nurlernen.de\/biologie\/wp-json\/wp\/v2\/pages"}],"about":[{"href":"https:\/\/nurlernen.de\/biologie\/wp-json\/wp\/v2\/types\/page"}],"author":[{"embeddable":true,"href":"https:\/\/nurlernen.de\/biologie\/wp-json\/wp\/v2\/users\/1"}],"replies":[{"embeddable":true,"href":"https:\/\/nurlernen.de\/biologie\/wp-json\/wp\/v2\/comments?post=1108"}],"version-history":[{"count":7,"href":"https:\/\/nurlernen.de\/biologie\/wp-json\/wp\/v2\/pages\/1108\/revisions"}],"predecessor-version":[{"id":3232,"href":"https:\/\/nurlernen.de\/biologie\/wp-json\/wp\/v2\/pages\/1108\/revisions\/3232"}],"wp:attachment":[{"href":"https:\/\/nurlernen.de\/biologie\/wp-json\/wp\/v2\/media?parent=1108"}],"curies":[{"name":"wp","href":"https:\/\/api.w.org\/{rel}","templated":true}]}}