{"id":1114,"date":"2021-04-09T11:10:46","date_gmt":"2021-04-09T09:10:46","guid":{"rendered":"https:\/\/www.niemma.de\/shop\/?page_id=1114"},"modified":"2025-11-18T11:16:45","modified_gmt":"2025-11-18T10:16:45","slug":"prokaryoten-vs-eukaryoten","status":"publish","type":"page","link":"https:\/\/nurlernen.de\/biologie\/prokaryoten-vs-eukaryoten\/","title":{"rendered":"Prokaryoten vs. Eukaryoten"},"content":{"rendered":"\n<p>\n<a href=\"https:\/\/nurlernen.de\/biologie\/biologie-lernkontrolle\/?quiz=l_100220_q&#038;tree=chapter_z100010\" title=\"Direkt zum Test\">\n  <img decoding=\"async\" src=\"https:\/\/nurlernen.de\/biologie\/wp-content\/uploads\/sites\/2\/2025\/11\/test_icon.png\" alt=\"Zum Test\" style=\"width:48px; height:48px;\"><\/a>\n<a href=\"https:\/\/nurlernen.de\/biologie\/biologie-inhalte\/\" title=\"Lernfortschritt\">\n  <img decoding=\"async\" src=\"https:\/\/nurlernen.de\/biologie\/wp-content\/uploads\/sites\/2\/2025\/11\/progress_icon.png\" alt=\"Zum Test\" style=\"width:48px; height:48px;\"><\/a>\n<a href=\"https:\/\/nurlernen.de\/biologie\/biologie-lernkontrolle\" title=\"\u00dcber 1000 \u00dcbungen!\">\n  <img decoding=\"async\" src=\"https:\/\/nurlernen.de\/biologie\/wp-content\/uploads\/sites\/2\/2025\/11\/test2_icon.png\" alt=\"\u00dcber 1000 \u00dcbungen!\" style=\"width:48px; height:48px;\"><\/a>\n<a href=\"https:\/\/nurlernen.de\/biologie\/biologie-artikel\" title=\"Biologie Text-Sammlung\">\n  <img decoding=\"async\" src=\"https:\/\/nurlernen.de\/biologie\/wp-content\/uploads\/sites\/2\/2025\/11\/books_icon.png\" alt=\"Biologie Text-Sammlung\" style=\"width:48px; height:48px;\"><\/a>\n<a href=\"https:\/\/nurlernen.de\/biologie\/biologie-akademie\/\" title=\"Einen Lehrer Fragen\">\n  <img decoding=\"async\" src=\"https:\/\/nurlernen.de\/biologie\/wp-content\/uploads\/sites\/2\/2025\/11\/teacher_icon.png\" alt=\"Zum Test\" style=\"width:48px; height:48px;\"><\/a>\n<\/p>\n\n\n<p>Prokaryoten sind einzellige Lebewesen, die keinen Zellkern besitzen. Sie sind praktisch die einfachsten Zellen. Dagegen besitzen eukaryotische Zellen einen Zellkern und membranumschlossene Organellen. Nat\u00fcrlich sind Eukaryoten gr\u00f6\u00dfer als Prokaryoten.<\/p>\n<p>Als Mikrobe bezeichnet man alle Lebewesen, die nur mit einem Mikroskop gesehen werden k\u00f6nnen. Haupts\u00e4chlich handelt es sich hier also um Prokaryoten (z. B. Bakterien) und Protisten (d. h. einzellige Eukaryoten, wie z. B. Pantoffeltierchen). Mikroben sind nicht nur Bakterien!<\/p>\n<h3>Wie sind Prokaryoten aufgebaut?<\/h3>\n<figure id=\"attachment_1135\" aria-describedby=\"caption-attachment-1135\" style=\"width: 246px\" class=\"wp-caption alignright\"><img decoding=\"async\" class=\"wp-image-1135 size-full\" src=\"https:\/\/nurlernen.de\/biologie\/wp-content\/uploads\/sites\/2\/2025\/07\/bacteria_labeled.png\" alt=\"Bakterienaufbau\" width=\"256\" \/><figcaption id=\"caption-attachment-1135\" class=\"wp-caption-text\">Schematischer Aufbau einer Bakterienzelle (Prokaryot).<\/figcaption><\/figure>\n<p>Prokaryoten besitzen ein Cytoplasma, das die nackte DNA sowie Ribosomen umfasst. Das Cytoplasma wird von einer Membran und einer Zellwand umgeben. Einige Prokaryoten besitzen zus\u00e4tzlich einen Kapsel, der die Zelle sch\u00fctzt. Eine Flagelle hilft Prokaryoten bei der Fortbewegung.<\/p>\n<p>Hei\u00dft es nun Prokaryoten oder Prokaryo<strong>N<\/strong>ten?<\/p>\n<p>Prokaryont bzw. Eukaryont sind die korrekten Begriffe. In der Biologie Akademie verwenden wir auch einfachheitshalber die Begriffe Prokaryot und Eukaryot (also ohne das &#8222;n&#8220;).<\/p>\n<p>Prokaryoten werden in zwei Organismen-Dom\u00e4nen Archaea (Archaebakterien) und Bacteria aufgeteilt. Zu den Archaea geh\u00f6ren die ber\u00fchmten Extremophilen, die wie der Name schon vermuten l\u00e4sst unter extremen Umweltbedingungen gedeihen. Bakterien, wie z. B. das Darmbakterium E. Coli geh\u00f6ren hingegen der Dom\u00e4ne Bacteria an.<\/p>\n<h3>Aufbau von Eukaryoten<\/h3>\n<p>Das markanteste Merkmal von eukaryotischen Zellen ist die Existenz eines Zellkerns, sowie weiterer Organellen, die z. T. von eigenen Membranen umschlossen sind.<\/p>\n<p>Hierzu geh\u00f6ren das Mitochondrium, den Chloroplast, den Golgi-Apparat und Dictyosomen, das endoplasmatische Reticulum , das wir liebevoll mit ER abk\u00fcrzen, das Ribosom, die Vakuole, das Lysosom, das Peroxisom, nat\u00fcrlich den Zellkern.<\/p>\n<p>Einige einzellige Eukaryoten (Protisten) verwenden Cilien (Zellwimper) oder Flagellen (Gei\u00dfeln) zur Fortbewegung. Am\u00f6ben hingegen k\u00f6nnen durch Ausbildung von Scheinf\u00fc\u00dfchen (Pseudopodien) ihre Gestalt \u00e4ndern und sich somit fortbewegen.<\/p>\n<figure id=\"attachment_1134\" aria-describedby=\"caption-attachment-1134\" style=\"width: 246px\" class=\"wp-caption alignright\"><img decoding=\"async\" class=\"size-full wp-image-1134\" src=\"https:\/\/nurlernen.de\/biologie\/wp-content\/uploads\/sites\/2\/2025\/07\/endosymbiose.png\" alt=\"Endosymbiose\" width=\"256\" \/><figcaption id=\"caption-attachment-1134\" class=\"wp-caption-text\">Die Endosymbionthentheorie k\u00f6nnte erkl\u00e4ren, wie die Zellorganellen von Eukaryoten ihre Doppelmembran erhalten habe.<\/figcaption><\/figure>\n<p>Warum wird der eukaryotische Zellkern von einer Doppelmembran umschlossen? Wieso haben einige Zellorganelle, wie Mitochondrien und Chloroplasten eigene DNA-Molek\u00fcle bzw. einen eigenen genetischen Code? Warum haben Chloroplasten ein eigenes Membransystem?<\/p>\n<p>Diese Beobachtungen zeigen \u00c4hnlichkeiten zwischen den Zellorganellen und Prokaryoten auf. Das l\u00e4sst eine Verwandtschaft von den Organellen mit fr\u00fchen Prokaryoten vermuten. Diese Theorie wird die Endosymbiontentheorie genannt.<\/p>\n<p>Die Entstehung des Zellkerns k\u00f6nnte infolge von Einst\u00fclpungen der Plasmamembran um die DNA erkl\u00e4rt werden. Zus\u00e4tzlich k\u00f6nnten Mitochondrien und Chloroplasten durch die Endozytose von einfacheren prokaryotischen Vorfahren entstanden sein. Somit kann die Existenz von Membranen um Mitochondrien und Chloroplasten erkl\u00e4rt werden. Der Besitz einer eigenen Ring-DNA, eigener Ribosomen, sowie eines eigenen genetischen Codes untermauert die Endosymbiontentheorie.<\/p>\n<p>Der Mensch und s\u00e4mtliche mehrzellige Organismen sind Eukaryoten, da ihre Zellen eukaryotischen Aufbau haben. Einzellige Eukaryoten werden als Protist bezeichnet. F\u00fcr den Biologieunterricht relevante Eukaryoten sind u. a. das Pantoffeltierchen (Paramecium) und das Augentierchen (Euglena). W\u00e4hrend das Augentierchen Photosynthese betreibt (sich also autotroph ern\u00e4hrt), ern\u00e4hrt sich das Pantoffeltierchen ausschlie\u00dflich heterotroph (d. h. von anderen Lebewesen).<\/p>\n\n\n<p><button onclick=\"location.href='https:\/\/nurlernen.de\/biologie\/biologie-lernkontrolle\/?quiz=l_100220_q&#038;tree=chapter_z100010'\">Direkt zum Test<\/button>\n<button onclick=\"location.href='https:\/\/nurlernen.de\/biologie\/biologie-inhalte\/'\">Lernbereich<\/button>\n<button onclick=\"location.href='https:\/\/nurlernen.de\/biologie\/biologie-akademie\/'\">Biologie Akademie<\/button>\n<!--button onclick=\"location.href='\/biologie-fragenkatalog'\"&gt;Fragenkatalog (F\u00fcr Lehrer)&lt;\/button-->\n<\/p>\n","protected":false},"excerpt":{"rendered":"<p>Prokaryoten sind einzellige Lebewesen, die keinen Zellkern besitzen. Sie sind praktisch die einfachsten Zellen. Dagegen besitzen eukaryotische Zellen einen Zellkern und membranumschlossene Organellen. Nat\u00fcrlich sind Eukaryoten gr\u00f6\u00dfer als Prokaryoten. Als Mikrobe bezeichnet man alle Lebewesen, die nur mit einem Mikroskop gesehen werden k\u00f6nnen. Haupts\u00e4chlich handelt es sich hier also um Prokaryoten (z. B. Bakterien) und &#8230; <a title=\"Prokaryoten vs. Eukaryoten\" class=\"read-more\" href=\"https:\/\/nurlernen.de\/biologie\/prokaryoten-vs-eukaryoten\/\" aria-label=\"Mehr Informationen \u00fcber Prokaryoten vs. Eukaryoten\">Weiterlesen<\/a><\/p>\n","protected":false},"author":1,"featured_media":0,"parent":0,"menu_order":0,"comment_status":"open","ping_status":"closed","template":"","meta":{"footnotes":""},"class_list":["post-1114","page","type-page","status-publish"],"yoast_head":"<!-- This site is optimized with the Yoast SEO plugin v27.5 - https:\/\/yoast.com\/product\/yoast-seo-wordpress\/ -->\n<title>Prokaryoten vs. Eukaryoten<\/title>\n<meta name=\"description\" content=\"Unterschiede zwischen Prokaryoten und Eukaryoten leicht verst\u00e4ndlich erkl\u00e4rt. Prokaryoten sind einzellige Organismen ohne einen Zellkern.\" \/>\n<meta name=\"robots\" content=\"index, follow, max-snippet:-1, max-image-preview:large, max-video-preview:-1\" \/>\n<link rel=\"canonical\" href=\"https:\/\/nurlernen.de\/biologie\/prokaryoten-vs-eukaryoten\/\" \/>\n<meta property=\"og:locale\" content=\"de_DE\" \/>\n<meta property=\"og:type\" content=\"article\" \/>\n<meta property=\"og:title\" content=\"Prokaryoten vs. Eukaryoten\" \/>\n<meta property=\"og:description\" content=\"Unterschiede zwischen Prokaryoten und Eukaryoten leicht verst\u00e4ndlich erkl\u00e4rt. Prokaryoten sind einzellige Organismen ohne einen Zellkern.\" \/>\n<meta property=\"og:url\" content=\"https:\/\/nurlernen.de\/biologie\/prokaryoten-vs-eukaryoten\/\" \/>\n<meta property=\"og:site_name\" content=\"Biologie verstehen\" \/>\n<meta property=\"article:modified_time\" content=\"2025-11-18T10:16:45+00:00\" \/>\n<meta property=\"og:image\" content=\"https:\/\/nurlernen.de\/biologie\/wp-content\/uploads\/sites\/2\/2025\/11\/test_icon.png\" \/>\n<meta name=\"twitter:card\" content=\"summary_large_image\" \/>\n<meta name=\"twitter:label1\" content=\"Gesch\u00e4tzte Lesezeit\" \/>\n\t<meta name=\"twitter:data1\" content=\"5\u00a0Minuten\" \/>\n<script type=\"application\/ld+json\" class=\"yoast-schema-graph\">{\"@context\":\"https:\\\/\\\/schema.org\",\"@graph\":[{\"@type\":\"WebPage\",\"@id\":\"https:\\\/\\\/nurlernen.de\\\/biologie\\\/prokaryoten-vs-eukaryoten\\\/\",\"url\":\"https:\\\/\\\/nurlernen.de\\\/biologie\\\/prokaryoten-vs-eukaryoten\\\/\",\"name\":\"Prokaryoten vs. Eukaryoten\",\"isPartOf\":{\"@id\":\"https:\\\/\\\/nurlernen.de\\\/biologie\\\/#website\"},\"primaryImageOfPage\":{\"@id\":\"https:\\\/\\\/nurlernen.de\\\/biologie\\\/prokaryoten-vs-eukaryoten\\\/#primaryimage\"},\"image\":{\"@id\":\"https:\\\/\\\/nurlernen.de\\\/biologie\\\/prokaryoten-vs-eukaryoten\\\/#primaryimage\"},\"thumbnailUrl\":\"https:\\\/\\\/nurlernen.de\\\/biologie\\\/wp-content\\\/uploads\\\/sites\\\/2\\\/2025\\\/11\\\/test_icon.png\",\"datePublished\":\"2021-04-09T09:10:46+00:00\",\"dateModified\":\"2025-11-18T10:16:45+00:00\",\"description\":\"Unterschiede zwischen Prokaryoten und Eukaryoten leicht verst\u00e4ndlich erkl\u00e4rt. Prokaryoten sind einzellige Organismen ohne einen Zellkern.\",\"breadcrumb\":{\"@id\":\"https:\\\/\\\/nurlernen.de\\\/biologie\\\/prokaryoten-vs-eukaryoten\\\/#breadcrumb\"},\"inLanguage\":\"de\",\"potentialAction\":[{\"@type\":\"ReadAction\",\"target\":[\"https:\\\/\\\/nurlernen.de\\\/biologie\\\/prokaryoten-vs-eukaryoten\\\/\"]}]},{\"@type\":\"ImageObject\",\"inLanguage\":\"de\",\"@id\":\"https:\\\/\\\/nurlernen.de\\\/biologie\\\/prokaryoten-vs-eukaryoten\\\/#primaryimage\",\"url\":\"https:\\\/\\\/nurlernen.de\\\/biologie\\\/wp-content\\\/uploads\\\/sites\\\/2\\\/2025\\\/11\\\/test_icon.png\",\"contentUrl\":\"https:\\\/\\\/nurlernen.de\\\/biologie\\\/wp-content\\\/uploads\\\/sites\\\/2\\\/2025\\\/11\\\/test_icon.png\",\"width\":256,\"height\":256},{\"@type\":\"BreadcrumbList\",\"@id\":\"https:\\\/\\\/nurlernen.de\\\/biologie\\\/prokaryoten-vs-eukaryoten\\\/#breadcrumb\",\"itemListElement\":[{\"@type\":\"ListItem\",\"position\":1,\"name\":\"Startseite\",\"item\":\"https:\\\/\\\/nurlernen.de\\\/biologie\\\/\"},{\"@type\":\"ListItem\",\"position\":2,\"name\":\"Prokaryoten vs. Eukaryoten\"}]},{\"@type\":\"WebSite\",\"@id\":\"https:\\\/\\\/nurlernen.de\\\/biologie\\\/#website\",\"url\":\"https:\\\/\\\/nurlernen.de\\\/biologie\\\/\",\"name\":\"Biologie Lernen\",\"description\":\"\u00dcber 1000 kostenlose \u00dcbungen\",\"publisher\":{\"@id\":\"https:\\\/\\\/nurlernen.de\\\/biologie\\\/#organization\"},\"potentialAction\":[{\"@type\":\"SearchAction\",\"target\":{\"@type\":\"EntryPoint\",\"urlTemplate\":\"https:\\\/\\\/nurlernen.de\\\/biologie\\\/?s={search_term_string}\"},\"query-input\":{\"@type\":\"PropertyValueSpecification\",\"valueRequired\":true,\"valueName\":\"search_term_string\"}}],\"inLanguage\":\"de\"},{\"@type\":\"Organization\",\"@id\":\"https:\\\/\\\/nurlernen.de\\\/biologie\\\/#organization\",\"name\":\"Biologie Lernen\",\"url\":\"https:\\\/\\\/nurlernen.de\\\/biologie\\\/\",\"logo\":{\"@type\":\"ImageObject\",\"inLanguage\":\"de\",\"@id\":\"https:\\\/\\\/nurlernen.de\\\/biologie\\\/#\\\/schema\\\/logo\\\/image\\\/\",\"url\":\"https:\\\/\\\/nurlernen.de\\\/biologie\\\/wp-content\\\/uploads\\\/sites\\\/2\\\/2025\\\/07\\\/cropped-zellkern.png\",\"contentUrl\":\"https:\\\/\\\/nurlernen.de\\\/biologie\\\/wp-content\\\/uploads\\\/sites\\\/2\\\/2025\\\/07\\\/cropped-zellkern.png\",\"width\":512,\"height\":512,\"caption\":\"Biologie Lernen\"},\"image\":{\"@id\":\"https:\\\/\\\/nurlernen.de\\\/biologie\\\/#\\\/schema\\\/logo\\\/image\\\/\"},\"sameAs\":[\"https:\\\/\\\/www.instagram.com\\\/nurlernen.de\\\/\"]}]}<\/script>\n<!-- \/ Yoast SEO plugin. -->","yoast_head_json":{"title":"Prokaryoten vs. Eukaryoten","description":"Unterschiede zwischen Prokaryoten und Eukaryoten leicht verst\u00e4ndlich erkl\u00e4rt. Prokaryoten sind einzellige Organismen ohne einen Zellkern.","robots":{"index":"index","follow":"follow","max-snippet":"max-snippet:-1","max-image-preview":"max-image-preview:large","max-video-preview":"max-video-preview:-1"},"canonical":"https:\/\/nurlernen.de\/biologie\/prokaryoten-vs-eukaryoten\/","og_locale":"de_DE","og_type":"article","og_title":"Prokaryoten vs. Eukaryoten","og_description":"Unterschiede zwischen Prokaryoten und Eukaryoten leicht verst\u00e4ndlich erkl\u00e4rt. Prokaryoten sind einzellige Organismen ohne einen Zellkern.","og_url":"https:\/\/nurlernen.de\/biologie\/prokaryoten-vs-eukaryoten\/","og_site_name":"Biologie verstehen","article_modified_time":"2025-11-18T10:16:45+00:00","og_image":[{"url":"https:\/\/nurlernen.de\/biologie\/wp-content\/uploads\/sites\/2\/2025\/11\/test_icon.png","type":"","width":"","height":""}],"twitter_card":"summary_large_image","twitter_misc":{"Gesch\u00e4tzte Lesezeit":"5\u00a0Minuten"},"schema":{"@context":"https:\/\/schema.org","@graph":[{"@type":"WebPage","@id":"https:\/\/nurlernen.de\/biologie\/prokaryoten-vs-eukaryoten\/","url":"https:\/\/nurlernen.de\/biologie\/prokaryoten-vs-eukaryoten\/","name":"Prokaryoten vs. Eukaryoten","isPartOf":{"@id":"https:\/\/nurlernen.de\/biologie\/#website"},"primaryImageOfPage":{"@id":"https:\/\/nurlernen.de\/biologie\/prokaryoten-vs-eukaryoten\/#primaryimage"},"image":{"@id":"https:\/\/nurlernen.de\/biologie\/prokaryoten-vs-eukaryoten\/#primaryimage"},"thumbnailUrl":"https:\/\/nurlernen.de\/biologie\/wp-content\/uploads\/sites\/2\/2025\/11\/test_icon.png","datePublished":"2021-04-09T09:10:46+00:00","dateModified":"2025-11-18T10:16:45+00:00","description":"Unterschiede zwischen Prokaryoten und Eukaryoten leicht verst\u00e4ndlich erkl\u00e4rt. Prokaryoten sind einzellige Organismen ohne einen Zellkern.","breadcrumb":{"@id":"https:\/\/nurlernen.de\/biologie\/prokaryoten-vs-eukaryoten\/#breadcrumb"},"inLanguage":"de","potentialAction":[{"@type":"ReadAction","target":["https:\/\/nurlernen.de\/biologie\/prokaryoten-vs-eukaryoten\/"]}]},{"@type":"ImageObject","inLanguage":"de","@id":"https:\/\/nurlernen.de\/biologie\/prokaryoten-vs-eukaryoten\/#primaryimage","url":"https:\/\/nurlernen.de\/biologie\/wp-content\/uploads\/sites\/2\/2025\/11\/test_icon.png","contentUrl":"https:\/\/nurlernen.de\/biologie\/wp-content\/uploads\/sites\/2\/2025\/11\/test_icon.png","width":256,"height":256},{"@type":"BreadcrumbList","@id":"https:\/\/nurlernen.de\/biologie\/prokaryoten-vs-eukaryoten\/#breadcrumb","itemListElement":[{"@type":"ListItem","position":1,"name":"Startseite","item":"https:\/\/nurlernen.de\/biologie\/"},{"@type":"ListItem","position":2,"name":"Prokaryoten vs. Eukaryoten"}]},{"@type":"WebSite","@id":"https:\/\/nurlernen.de\/biologie\/#website","url":"https:\/\/nurlernen.de\/biologie\/","name":"Biologie Lernen","description":"\u00dcber 1000 kostenlose \u00dcbungen","publisher":{"@id":"https:\/\/nurlernen.de\/biologie\/#organization"},"potentialAction":[{"@type":"SearchAction","target":{"@type":"EntryPoint","urlTemplate":"https:\/\/nurlernen.de\/biologie\/?s={search_term_string}"},"query-input":{"@type":"PropertyValueSpecification","valueRequired":true,"valueName":"search_term_string"}}],"inLanguage":"de"},{"@type":"Organization","@id":"https:\/\/nurlernen.de\/biologie\/#organization","name":"Biologie Lernen","url":"https:\/\/nurlernen.de\/biologie\/","logo":{"@type":"ImageObject","inLanguage":"de","@id":"https:\/\/nurlernen.de\/biologie\/#\/schema\/logo\/image\/","url":"https:\/\/nurlernen.de\/biologie\/wp-content\/uploads\/sites\/2\/2025\/07\/cropped-zellkern.png","contentUrl":"https:\/\/nurlernen.de\/biologie\/wp-content\/uploads\/sites\/2\/2025\/07\/cropped-zellkern.png","width":512,"height":512,"caption":"Biologie Lernen"},"image":{"@id":"https:\/\/nurlernen.de\/biologie\/#\/schema\/logo\/image\/"},"sameAs":["https:\/\/www.instagram.com\/nurlernen.de\/"]}]}},"_links":{"self":[{"href":"https:\/\/nurlernen.de\/biologie\/wp-json\/wp\/v2\/pages\/1114","targetHints":{"allow":["GET"]}}],"collection":[{"href":"https:\/\/nurlernen.de\/biologie\/wp-json\/wp\/v2\/pages"}],"about":[{"href":"https:\/\/nurlernen.de\/biologie\/wp-json\/wp\/v2\/types\/page"}],"author":[{"embeddable":true,"href":"https:\/\/nurlernen.de\/biologie\/wp-json\/wp\/v2\/users\/1"}],"replies":[{"embeddable":true,"href":"https:\/\/nurlernen.de\/biologie\/wp-json\/wp\/v2\/comments?post=1114"}],"version-history":[{"count":9,"href":"https:\/\/nurlernen.de\/biologie\/wp-json\/wp\/v2\/pages\/1114\/revisions"}],"predecessor-version":[{"id":3240,"href":"https:\/\/nurlernen.de\/biologie\/wp-json\/wp\/v2\/pages\/1114\/revisions\/3240"}],"wp:attachment":[{"href":"https:\/\/nurlernen.de\/biologie\/wp-json\/wp\/v2\/media?parent=1114"}],"curies":[{"name":"wp","href":"https:\/\/api.w.org\/{rel}","templated":true}]}}