{"id":1115,"date":"2021-07-03T12:37:20","date_gmt":"2021-07-03T12:37:20","guid":{"rendered":"http:\/\/nurlernen.de\/biologie\/?page_id=6"},"modified":"2025-11-15T20:16:41","modified_gmt":"2025-11-15T19:16:41","slug":"biologie-lernkontrolle","status":"publish","type":"page","link":"https:\/\/nurlernen.de\/biologie\/biologie-lernkontrolle\/","title":{"rendered":"Biologie Lernkontrolle (Quiz)"},"content":{"rendered":"\n<p>Hier findest du \u00fcber 1000 kostenlose Aufgaben und \u00dcbungen mit L\u00f6sungen zu diversen Themen des Biologie Unterrichts Oberstufe und Abitur. W\u00e4hle dein Thema und klicke auf <strong>Test Beginnen<\/strong> um zu starten. Wir f\u00fcgen st\u00e4ndig neue Fragen hinzu. Am Ende des Tests erf\u00e4hrst du deine Note, und ob du den Test bestanden hast. Du bestehst einen Test, wenn deine Note mindestens 4 oder besser ist.<\/p>\n\n\n\n<p>Wenn du aber geordnet die Biologie Unterrichtsinhalte lernen m\u00f6chtest empfehlen wir dir diese Seite: <a href=\"https:\/\/nurlernen.de\/biologie\/biologie-inhalte\/\">Biologie Inhalte<\/a><\/p>\n\n\n\r\n\t\t<style>\r\n\t\t\/* The Modal (background) *\/\r\n\t\t.modal {\r\n\t\t\tdisplay: none; \/* Hidden by default *\/\r\n\t\t\tposition: fixed; \/* Stay in place *\/\r\n\t\t\tz-index: 1; \/* Sit on top *\/\r\n\t\t\tpadding-top: 100px; \/* Location of the box *\/\r\n\t\t\tleft: 0;\r\n\t\t\ttop: 0;\r\n\t\t\twidth: 100%; \/* Full width *\/\r\n\t\t\theight: 100%; \/* Full height *\/\r\n\t\t\toverflow: auto; \/* Enable scroll if needed *\/\r\n\t\t\tbackground-color: rgb(0,0,0); \/* Fallback color *\/\r\n\t\t\tbackground-color: rgba(0,0,0,0.4); \/* Black w\/ opacity *\/\r\n\t\t}\r\n\r\n\t\t\/* Modal Content *\/\r\n\t\t.modal-content {\r\n\t\t\tposition: relative;\r\n\t\t\tbackground-color: #fefefe;\r\n\t\t\tmargin: auto;\r\n\t\t\tpadding: 0;\r\n\t\t\tborder: 1px solid #888;\r\n\t\t\twidth: 80%;\r\n\t\t\tbox-shadow: 0 4px 8px 0 rgba(0,0,0,0.2),0 6px 20px 0 rgba(0,0,0,0.19);\r\n\t\t\t-webkit-animation-name: animatetop;\r\n\t\t\t-webkit-animation-duration: 0.4s;\r\n\t\t\tanimation-name: animatetop;\r\n\t\t\tanimation-duration: 0.4s\r\n\t\t}\r\n\r\n\t\t\/* Add Animation *\/\r\n\t\t@-webkit-keyframes animatetop {\r\n\t\t\tfrom {top:-300px; opacity:0} \r\n\t\t\tto {top:0; opacity:1}\r\n\t\t}\r\n\r\n\t\t@keyframes animatetop {\r\n\t\t\tfrom {top:-300px; opacity:0}\r\n\t\t\tto {top:0; opacity:1}\r\n\t\t}\r\n\r\n\t\t\/* The Close Button *\/\r\n\t\t.close {\r\n\t\t\tcolor: white;\r\n\t\t\tfloat: right;\r\n\t\t\t\/\/font-size: 16px;\r\n\t\t\tfont-weight: bold;\r\n\t\t}\r\n\r\n\t\t.close:hover,\r\n\t\t.close:focus {\r\n\t\t\tcolor: #000;\r\n\t\t\ttext-decoration: none;\r\n\t\t\tcursor: pointer;\r\n\t\t}\r\n\r\n\t\t.modal-header {\r\n\t\t\tpadding: 2px 16px;\r\n\t\t\t\/\/padding-top: 16px;\r\n\t\t\tbackground-color: #AFAFAF ;\r\n\t\t\tcolor: white;\r\n\t\t\tfont-weight: bold;\r\n\t\t}\r\n\r\n\t\t.modal-body {\r\n\t\t\tpadding: 2px 16px;\r\n\t\t}\r\n\r\n\t\t.modal-footer {\r\n\t\t\tpadding: 2px 16px;\r\n\t\t\tbackground-color: #AFAFAF ;\r\n\t\t\tcolor: white;\r\n\t\t}\r\n\r\n\r\n\t\t<\/style>\r\n\r\n\t\r\n\r\n\t\t<!--h2>Lernkontrolle<\/h2-->\r\n\t\t<div id=\"settings_layout\">\r\n\t\t\t<p><button id=\"startQuizButton\" onclick=\"loadQuizFromXML(quizFileName);\" hidden >Test beginnen<\/button><\/p>\t\r\n\t\t<\/div>\r\n\t\t\r\n\t\t<div id=\"quiz_layout\" style=\"visibility: hidden; \">\r\n\t\t\t\t\t\r\n\t\t\t<h4 id=\"progress_label\">Frage<\/h4>\r\n\t\t\t<progress id=\"progress\" value=\"0\" max=\"5\"><\/progress>\r\n\r\n\t\t\t<p id=\"question\">Frage...<\/p>\r\n\t\t\t\r\n\t\t\t<div>\r\n\t\t\t\t<img decoding=\"async\" class= \"quiz_image\" id=\"q_image\" src=\"\">\r\n\t\t\t<\/div>\r\n\t\t\t\r\n\t\t\t<hr>\r\n\t\t\t\r\n\t\t\t<div>\r\n\t\t\t\t<input type=\"radio\" name=\"answersRadio\" id=\"answerradio1\" onclick=\"setAnswer(1);\" value=\"1\"\/>\r\n\t\t\t\t<label id=\"answer1\" for=\"answerradio1\">A)  <\/label> \r\n\t\t\t<\/div>\r\n\t\t\t\r\n\t\t\t<hr>\r\n\t\t\t\r\n\t\t\t<div>\r\n\t\t\t\t<input type=\"radio\" name=\"answersRadio\" id=\"answerradio2\" onclick=\"setAnswer(2);\" value=\"2\"\/>\r\n\t\t\t\t<label id=\"answer2\"  for=\"answerradio2\">B)  <\/label> \r\n\t\t\t<\/div>\r\n\t\t\t\r\n\t\t\t<hr>\r\n\t\t\t\r\n\t\t\t<div>\r\n\t\t\t\t<input type=\"radio\" name=\"answersRadio\" id=\"answerradio3\" onclick=\"setAnswer(3);\" value=\"3\"\/>\r\n\t\t\t\t<label id=\"answer3\" for=\"answerradio3\">C)  <\/label> \r\n\t\t\t<\/div>\r\n\t\t\t\r\n\t\t\t<hr>\r\n\t\t\t\r\n\t\t\t<div>\r\n\t\t\t\t<input type=\"radio\" name=\"answersRadio\" id=\"answerradio4\" onclick=\"setAnswer(4);\" value=\"4\"\/>\r\n\t\t\t\t<label id=\"answer4\"  for=\"answerradio4\">D) <\/label> \r\n\t\t\t<\/div>\r\n\t\t\t\r\n\t\t\t<hr>\r\n\t\t\t\r\n\t\t\t<div>\r\n\t\t\t\t<p id=\"info\"><\/p>\r\n\t\t\t<\/div>\r\n\r\n\t\t\t<div>\r\n\t\t\t\t<button class=\"btn\" style=\"float: left;\" id=\"showInfoButton\" onclick=\"showQuizAnswer(questionIndex);\">Antwort zeigen<\/button>\r\n\t\t\t\t<button class=\"btn\" style=\"float: right;\" id=\"showNextQuestion\" onclick=\"showNextQuiz();\"><i class=\"fa fa-arrow-right\"><\/i>Weiter<\/button>\r\n\t\t\t\t\r\n\t\t\t<\/div>\r\n\t\t\r\n\t\t<\/div>\r\n\t\r\n\t\t<!-- The Modal -->\r\n\t\t<div id=\"myModal\" class=\"modal\">\r\n\t\t  <!-- Modal content -->\r\n\t\t  <div class=\"modal-content\">\r\n\t\t\t<div class=\"modal-header\">\r\n\t\t\t  <span class=\"close\">&times;<\/span>\r\n\t\t\t  <p>Zusammenfassung<\/p>\r\n\t\t\t<\/div>\r\n\t\t\t<div id=\"summary_text\" class=\"modal-body\">\r\n\t\t\t  <p>Ergebnis<\/p>\r\n\t\t\t  <p>Anzahl der Fragen<\/p>\r\n\t\t\t<\/div>\r\n\t\t\t<div class=\"modal-footer\">\r\n\t\t\t  <p>\u00dcber 1000 Fragen in Biologie warten <a href=\"https:\/\/nurlernen.de\/biologie\/biologie-lernkontrolle\/\">hier<\/a> auf dich<\/p>\r\n\t\t\t<\/div>\r\n\t\t  <\/div>\r\n\r\n\t\t<\/div>\r\n\t\r\n\t\t<script>\r\n\t\t\t\r\n\t\t\/\/ Get the modal\r\n\t\tvar modal = document.getElementById(\"myModal\");\r\n\r\n\t\t\/\/ Get the button that opens the modal\r\n\t\tvar btn = document.getElementById(\"myBtn\");\r\n\r\n\t\t\/\/ Get the <span> element that closes the modal\r\n\t\tvar span = document.getElementsByClassName(\"close\")[0];\r\n\r\n\t\t\/\/ When the user clicks the button, open the modal \r\n\t\tfunction showSummary(sumText) {\r\n\t\t\tmodal.style.display = \"block\";\r\n\t\t\tdocument.getElementById(\"summary_text\").innerHTML = sumText;\r\n\t\t}\r\n\r\n\t\t\/\/ When the user clicks on <span> (x), close the modal\r\n\t\tspan.onclick = function() {\r\n\t\t\tmodal.style.display = \"none\";\r\n\t\t\tpostModalTasks();\r\n\t\t}\r\n\r\n\t\t\/\/ When the user clicks anywhere outside of the modal, close it\r\n\t\twindow.onclick = function(event) {\r\n\t\t\tif (event.target == modal) {\r\n\t\t\t\tmodal.style.display = \"none\";\r\n\t\t\t\tpostModalTasks();\r\n\t\t\t}\r\n\t\t}\r\n\t\t\r\n\t\tfunction postModalTasks(){\r\n\t\t\tif (returnOptions == null){\r\n\t\t\t\tlocation.reload();\r\n\t\t\t\treturn;\r\n\t\t\t}\r\n\t\t\t\r\n\t\t\tif (returnOptions.startsWith(\"tree=\")){\r\n\t\t\t\twindow.location= \"https:\/\/nurlernen.de\/biologie\/biologie-lernfortschritt\/?chapter=\" + returnOptions.substring((\"tree=\").length);\r\n\t\t\t\treturn;\r\n\t\t\t}\r\n\t\t\t\r\n\t\t\tif (returnOptions.startsWith(\"list=\")){\r\n\t\t\t\twindow.location= \"https:\/\/nurlernen.de\/biologie\/biologie\/biologie-lektionen\/?chapter=\" + returnOptions.substring((\"list=\").length);\r\n\t\t\t\treturn;\r\n\t\t\t}\r\n\t\t\t\r\n\t\t\tlocation.reload();\r\n\t\t\r\n\t\t}\r\n\t\t\r\n\t\tdocument.addEventListener(\"DOMContentLoaded\", function() {\r\n\t\t\tif (0){\r\n\t\t\t\tnmb_hide_Statistics();\r\n\t\t\t\tloadRandomQuiz(quizFileName,);\t\r\n\t\t\t}else{\r\n\t\t\t\tvar parameters = location.search.substring(1).split(\"&\");\r\n\t\t\t\t\r\n\t\t\t\treturnOptions = parameters[1];\r\n\t\t\t\t\r\n\t\t\t\tvar options = parameters[0];\/\/location.search;\r\n\t\t\t\tif (options.startsWith(\"quiz=\")){\r\n\t\t\t\t\tcurrentQuiz = options.substring((\"quiz=\").length);\r\n\t\t\t\t\tloadQuizzListFromXMLByName(\"https:\/\/nurlernen.de\/biologie\/wp-content\/plugins\/nmb-biology\/quiz\/quizzes.xml\" , currentQuiz);\r\n\t\t\t\t\t\/\/console.log(currentQuiz);\r\n\t\t\t\t}else{\r\n\t\t\t\t\tloadChaptersFromXML(\"https:\/\/nurlernen.de\/biologie\/wp-content\/plugins\/nmb-biology\/quiz\/chapters.xml\");\r\n\t\t\t\t\t\/\/loadAllQuestionsFromXML(\"quiz\/questions.xml\");\r\n\t\t\t\t}\r\n\t\t\t}\t\r\n\t\t});\r\n\r\n\t\tfunction addCollapsibleListener(){\r\n\t\t\tvar coll = document.getElementsByClassName(\"collapsible\");\r\n\t\t\tvar i;\r\n\r\n\t\t\tfor (i = 0; i < coll.length; i++) {\r\n\t\t\t  coll[i].addEventListener(\"click\", function() {\r\n\t\t\t\tthis.classList.toggle(\"active\");\r\n\t\t\t\tvar content = this.nextElementSibling;\r\n\t\t\t\tif (content.style.display === \"block\") {\r\n\t\t\t\t  content.style.display = \"none\";\r\n\t\t\t\t} else {\r\n\t\t\t\t  content.style.display = \"block\";\r\n\t\t\t\t}\r\n\t\t\t  });\r\n\t\t\t}\r\n\t\t}\r\n\t\r\n\t\t<\/script>\n\n\n\n<hr class=\"wp-block-separator has-alpha-channel-opacity\"\/>\n\n\n\n<p><\/p>\n\n\n\n<p>Weitere hilfreiche Seiten:<\/p>\n\n\n\n<p><button onclick=\"location.href='https:\/\/nurlernen.de\/biologie\/biologie-inhalte\/'\">Lernbereich<\/button>\n<button onclick=\"location.href='https:\/\/nurlernen.de\/biologie\/biologie-akademie\/'\">Biologie Akademie<\/button>\n<button onclick=\"location.href='https:\/\/nurlernen.de\/biologie\/biologie-artikel\/'\">Artikelsammlung<\/button>\n<!--button onclick=\"location.href='https:\/\/nurlernen.de\/biologie\/biologie-lernkontrolle\/'\">Lernkontrolle<\/button-->\n<!--button onclick=\"location.href='\/biologie-fragenkatalog'\"&gt;Fragenkatalog (F\u00fcr Lehrer)&lt;\/button-->\n<\/p>\n","protected":false},"excerpt":{"rendered":"<p>Hier findest du \u00fcber 1000 kostenlose Aufgaben und \u00dcbungen mit L\u00f6sungen zu diversen Themen des Biologie Unterrichts Oberstufe und Abitur. W\u00e4hle dein Thema und klicke auf Test Beginnen um zu starten. Wir f\u00fcgen st\u00e4ndig neue Fragen hinzu. Am Ende des Tests erf\u00e4hrst du deine Note, und ob du den Test bestanden hast. Du bestehst einen &#8230; <a title=\"Biologie Lernkontrolle (Quiz)\" class=\"read-more\" href=\"https:\/\/nurlernen.de\/biologie\/biologie-lernkontrolle\/\" aria-label=\"Mehr Informationen \u00fcber Biologie Lernkontrolle (Quiz)\">Weiterlesen<\/a><\/p>\n","protected":false},"author":1,"featured_media":0,"parent":0,"menu_order":0,"comment_status":"open","ping_status":"closed","template":"","meta":{"footnotes":""},"class_list":["post-1115","page","type-page","status-publish"],"yoast_head":"<!-- This site is optimized with the Yoast SEO plugin v27.5 - https:\/\/yoast.com\/product\/yoast-seo-wordpress\/ -->\n<title>Kostenlose Biologie Aufgaben und \u00dcbungen mit L\u00f6sungen Abitur<\/title>\n<meta name=\"description\" content=\"Hier werden \u00fcber 1000 kostenlose Aufgaben und \u00dcbungen mit L\u00f6sungen zum Thema Biologie Oberstufe und Abitur angeboten. Teste dich!\" \/>\n<meta name=\"robots\" content=\"index, follow, max-snippet:-1, max-image-preview:large, max-video-preview:-1\" \/>\n<link rel=\"canonical\" href=\"https:\/\/nurlernen.de\/biologie\/biologie-lernkontrolle\/\" \/>\n<meta property=\"og:locale\" content=\"de_DE\" \/>\n<meta property=\"og:type\" content=\"article\" \/>\n<meta property=\"og:title\" content=\"Kostenlose Biologie Aufgaben und \u00dcbungen mit L\u00f6sungen Abitur\" \/>\n<meta property=\"og:description\" content=\"Hier werden \u00fcber 1000 kostenlose Aufgaben und \u00dcbungen mit L\u00f6sungen zum Thema Biologie Oberstufe und Abitur angeboten. Teste dich!\" \/>\n<meta property=\"og:url\" content=\"https:\/\/nurlernen.de\/biologie\/biologie-lernkontrolle\/\" \/>\n<meta property=\"og:site_name\" content=\"Biologie verstehen\" \/>\n<meta property=\"article:modified_time\" content=\"2025-11-15T19:16:41+00:00\" \/>\n<meta name=\"twitter:card\" content=\"summary_large_image\" \/>\n<meta name=\"twitter:label1\" content=\"Gesch\u00e4tzte Lesezeit\" \/>\n\t<meta name=\"twitter:data1\" content=\"1\u00a0Minute\" \/>\n<script type=\"application\/ld+json\" class=\"yoast-schema-graph\">{\"@context\":\"https:\\\/\\\/schema.org\",\"@graph\":[{\"@type\":\"WebPage\",\"@id\":\"https:\\\/\\\/nurlernen.de\\\/biologie\\\/biologie-lernkontrolle\\\/\",\"url\":\"https:\\\/\\\/nurlernen.de\\\/biologie\\\/biologie-lernkontrolle\\\/\",\"name\":\"Kostenlose Biologie Aufgaben und \u00dcbungen mit L\u00f6sungen Abitur\",\"isPartOf\":{\"@id\":\"https:\\\/\\\/nurlernen.de\\\/biologie\\\/#website\"},\"datePublished\":\"2021-07-03T12:37:20+00:00\",\"dateModified\":\"2025-11-15T19:16:41+00:00\",\"description\":\"Hier werden \u00fcber 1000 kostenlose Aufgaben und \u00dcbungen mit L\u00f6sungen zum Thema Biologie Oberstufe und Abitur angeboten. Teste dich!\",\"breadcrumb\":{\"@id\":\"https:\\\/\\\/nurlernen.de\\\/biologie\\\/biologie-lernkontrolle\\\/#breadcrumb\"},\"inLanguage\":\"de\",\"potentialAction\":[{\"@type\":\"ReadAction\",\"target\":[\"https:\\\/\\\/nurlernen.de\\\/biologie\\\/biologie-lernkontrolle\\\/\"]}]},{\"@type\":\"BreadcrumbList\",\"@id\":\"https:\\\/\\\/nurlernen.de\\\/biologie\\\/biologie-lernkontrolle\\\/#breadcrumb\",\"itemListElement\":[{\"@type\":\"ListItem\",\"position\":1,\"name\":\"Startseite\",\"item\":\"https:\\\/\\\/nurlernen.de\\\/biologie\\\/\"},{\"@type\":\"ListItem\",\"position\":2,\"name\":\"Biologie Lernkontrolle (Quiz)\"}]},{\"@type\":\"WebSite\",\"@id\":\"https:\\\/\\\/nurlernen.de\\\/biologie\\\/#website\",\"url\":\"https:\\\/\\\/nurlernen.de\\\/biologie\\\/\",\"name\":\"Biologie Lernen\",\"description\":\"\u00dcber 1000 kostenlose \u00dcbungen\",\"publisher\":{\"@id\":\"https:\\\/\\\/nurlernen.de\\\/biologie\\\/#organization\"},\"potentialAction\":[{\"@type\":\"SearchAction\",\"target\":{\"@type\":\"EntryPoint\",\"urlTemplate\":\"https:\\\/\\\/nurlernen.de\\\/biologie\\\/?s={search_term_string}\"},\"query-input\":{\"@type\":\"PropertyValueSpecification\",\"valueRequired\":true,\"valueName\":\"search_term_string\"}}],\"inLanguage\":\"de\"},{\"@type\":\"Organization\",\"@id\":\"https:\\\/\\\/nurlernen.de\\\/biologie\\\/#organization\",\"name\":\"Biologie Lernen\",\"url\":\"https:\\\/\\\/nurlernen.de\\\/biologie\\\/\",\"logo\":{\"@type\":\"ImageObject\",\"inLanguage\":\"de\",\"@id\":\"https:\\\/\\\/nurlernen.de\\\/biologie\\\/#\\\/schema\\\/logo\\\/image\\\/\",\"url\":\"https:\\\/\\\/nurlernen.de\\\/biologie\\\/wp-content\\\/uploads\\\/sites\\\/2\\\/2025\\\/07\\\/cropped-zellkern.png\",\"contentUrl\":\"https:\\\/\\\/nurlernen.de\\\/biologie\\\/wp-content\\\/uploads\\\/sites\\\/2\\\/2025\\\/07\\\/cropped-zellkern.png\",\"width\":512,\"height\":512,\"caption\":\"Biologie Lernen\"},\"image\":{\"@id\":\"https:\\\/\\\/nurlernen.de\\\/biologie\\\/#\\\/schema\\\/logo\\\/image\\\/\"},\"sameAs\":[\"https:\\\/\\\/www.instagram.com\\\/nurlernen.de\\\/\"]}]}<\/script>\n<!-- \/ Yoast SEO plugin. -->","yoast_head_json":{"title":"Kostenlose Biologie Aufgaben und \u00dcbungen mit L\u00f6sungen Abitur","description":"Hier werden \u00fcber 1000 kostenlose Aufgaben und \u00dcbungen mit L\u00f6sungen zum Thema Biologie Oberstufe und Abitur angeboten. Teste dich!","robots":{"index":"index","follow":"follow","max-snippet":"max-snippet:-1","max-image-preview":"max-image-preview:large","max-video-preview":"max-video-preview:-1"},"canonical":"https:\/\/nurlernen.de\/biologie\/biologie-lernkontrolle\/","og_locale":"de_DE","og_type":"article","og_title":"Kostenlose Biologie Aufgaben und \u00dcbungen mit L\u00f6sungen Abitur","og_description":"Hier werden \u00fcber 1000 kostenlose Aufgaben und \u00dcbungen mit L\u00f6sungen zum Thema Biologie Oberstufe und Abitur angeboten. Teste dich!","og_url":"https:\/\/nurlernen.de\/biologie\/biologie-lernkontrolle\/","og_site_name":"Biologie verstehen","article_modified_time":"2025-11-15T19:16:41+00:00","twitter_card":"summary_large_image","twitter_misc":{"Gesch\u00e4tzte Lesezeit":"1\u00a0Minute"},"schema":{"@context":"https:\/\/schema.org","@graph":[{"@type":"WebPage","@id":"https:\/\/nurlernen.de\/biologie\/biologie-lernkontrolle\/","url":"https:\/\/nurlernen.de\/biologie\/biologie-lernkontrolle\/","name":"Kostenlose Biologie Aufgaben und \u00dcbungen mit L\u00f6sungen Abitur","isPartOf":{"@id":"https:\/\/nurlernen.de\/biologie\/#website"},"datePublished":"2021-07-03T12:37:20+00:00","dateModified":"2025-11-15T19:16:41+00:00","description":"Hier werden \u00fcber 1000 kostenlose Aufgaben und \u00dcbungen mit L\u00f6sungen zum Thema Biologie Oberstufe und Abitur angeboten. Teste dich!","breadcrumb":{"@id":"https:\/\/nurlernen.de\/biologie\/biologie-lernkontrolle\/#breadcrumb"},"inLanguage":"de","potentialAction":[{"@type":"ReadAction","target":["https:\/\/nurlernen.de\/biologie\/biologie-lernkontrolle\/"]}]},{"@type":"BreadcrumbList","@id":"https:\/\/nurlernen.de\/biologie\/biologie-lernkontrolle\/#breadcrumb","itemListElement":[{"@type":"ListItem","position":1,"name":"Startseite","item":"https:\/\/nurlernen.de\/biologie\/"},{"@type":"ListItem","position":2,"name":"Biologie Lernkontrolle (Quiz)"}]},{"@type":"WebSite","@id":"https:\/\/nurlernen.de\/biologie\/#website","url":"https:\/\/nurlernen.de\/biologie\/","name":"Biologie Lernen","description":"\u00dcber 1000 kostenlose \u00dcbungen","publisher":{"@id":"https:\/\/nurlernen.de\/biologie\/#organization"},"potentialAction":[{"@type":"SearchAction","target":{"@type":"EntryPoint","urlTemplate":"https:\/\/nurlernen.de\/biologie\/?s={search_term_string}"},"query-input":{"@type":"PropertyValueSpecification","valueRequired":true,"valueName":"search_term_string"}}],"inLanguage":"de"},{"@type":"Organization","@id":"https:\/\/nurlernen.de\/biologie\/#organization","name":"Biologie Lernen","url":"https:\/\/nurlernen.de\/biologie\/","logo":{"@type":"ImageObject","inLanguage":"de","@id":"https:\/\/nurlernen.de\/biologie\/#\/schema\/logo\/image\/","url":"https:\/\/nurlernen.de\/biologie\/wp-content\/uploads\/sites\/2\/2025\/07\/cropped-zellkern.png","contentUrl":"https:\/\/nurlernen.de\/biologie\/wp-content\/uploads\/sites\/2\/2025\/07\/cropped-zellkern.png","width":512,"height":512,"caption":"Biologie Lernen"},"image":{"@id":"https:\/\/nurlernen.de\/biologie\/#\/schema\/logo\/image\/"},"sameAs":["https:\/\/www.instagram.com\/nurlernen.de\/"]}]}},"_links":{"self":[{"href":"https:\/\/nurlernen.de\/biologie\/wp-json\/wp\/v2\/pages\/1115","targetHints":{"allow":["GET"]}}],"collection":[{"href":"https:\/\/nurlernen.de\/biologie\/wp-json\/wp\/v2\/pages"}],"about":[{"href":"https:\/\/nurlernen.de\/biologie\/wp-json\/wp\/v2\/types\/page"}],"author":[{"embeddable":true,"href":"https:\/\/nurlernen.de\/biologie\/wp-json\/wp\/v2\/users\/1"}],"replies":[{"embeddable":true,"href":"https:\/\/nurlernen.de\/biologie\/wp-json\/wp\/v2\/comments?post=1115"}],"version-history":[{"count":11,"href":"https:\/\/nurlernen.de\/biologie\/wp-json\/wp\/v2\/pages\/1115\/revisions"}],"predecessor-version":[{"id":3137,"href":"https:\/\/nurlernen.de\/biologie\/wp-json\/wp\/v2\/pages\/1115\/revisions\/3137"}],"wp:attachment":[{"href":"https:\/\/nurlernen.de\/biologie\/wp-json\/wp\/v2\/media?parent=1115"}],"curies":[{"name":"wp","href":"https:\/\/api.w.org\/{rel}","templated":true}]}}