{"id":1633,"date":"2021-08-07T18:44:49","date_gmt":"2021-08-07T18:44:49","guid":{"rendered":"https:\/\/nurlernen.de\/biologie\/?page_id=1633"},"modified":"2025-11-18T11:21:14","modified_gmt":"2025-11-18T10:21:14","slug":"was-ist-viskositaet","status":"publish","type":"page","link":"https:\/\/nurlernen.de\/biologie\/was-ist-viskositaet\/","title":{"rendered":"Was ist Viskosit\u00e4t?"},"content":{"rendered":"\n<p>\n<a href=\"https:\/\/nurlernen.de\/biologie\/biologie-lernkontrolle\/?quiz=l_100310_q&#038;tree=chapter_z100020\" title=\"Direkt zum Test\">\n  <img decoding=\"async\" src=\"https:\/\/nurlernen.de\/biologie\/wp-content\/uploads\/sites\/2\/2025\/11\/test_icon.png\" alt=\"Zum Test\" style=\"width:48px; height:48px;\"><\/a>\n<a href=\"https:\/\/nurlernen.de\/biologie\/biologie-inhalte\/\" title=\"Lernfortschritt\">\n  <img decoding=\"async\" src=\"https:\/\/nurlernen.de\/biologie\/wp-content\/uploads\/sites\/2\/2025\/11\/progress_icon.png\" alt=\"Zum Test\" style=\"width:48px; height:48px;\"><\/a>\n<a href=\"https:\/\/nurlernen.de\/biologie\/biologie-lernkontrolle\" title=\"\u00dcber 1000 \u00dcbungen!\">\n  <img decoding=\"async\" src=\"https:\/\/nurlernen.de\/biologie\/wp-content\/uploads\/sites\/2\/2025\/11\/test2_icon.png\" alt=\"\u00dcber 1000 \u00dcbungen!\" style=\"width:48px; height:48px;\"><\/a>\n<a href=\"https:\/\/nurlernen.de\/biologie\/biologie-artikel\" title=\"Biologie Text-Sammlung\">\n  <img decoding=\"async\" src=\"https:\/\/nurlernen.de\/biologie\/wp-content\/uploads\/sites\/2\/2025\/11\/books_icon.png\" alt=\"Biologie Text-Sammlung\" style=\"width:48px; height:48px;\"><\/a>\n<a href=\"https:\/\/nurlernen.de\/biologie\/biologie-akademie\/\" title=\"Einen Lehrer Fragen\">\n  <img decoding=\"async\" src=\"https:\/\/nurlernen.de\/biologie\/wp-content\/uploads\/sites\/2\/2025\/11\/teacher_icon.png\" alt=\"Zum Test\" style=\"width:48px; height:48px;\"><\/a>\n<\/p>\n\n\n<p>Die Viskosit\u00e4t der Membran beeinflusst zum einen ihre Durchl\u00e4ssigkeit (Permeabilit\u00e4t) und zum anderen die Bewegungsf\u00e4higkeit von Membran-Proteinen. Eine hohe Viskosit\u00e4t reduziert die Permeabilit\u00e4t (Durchl\u00e4ssigkeit) und die Bewegung von Membran-Proteinen. Eine geringe Viskosit\u00e4t, also eine hohe Fluidit\u00e4t, erh\u00f6ht die Durchl\u00e4ssigkeit (Permeabilit\u00e4t) und die Bewegung von Membran-Proteinen. Membran-Proteine m\u00fcssen sich in der Membran bewegen k\u00f6nnen, um z. B. ihren Einsatzort zu erreichen.<\/p>\n<p>Viskosit\u00e4t ist ein Ma\u00df f\u00fcr die Z\u00e4higkeit einer Membran bzw. einer Fl\u00fcssigkeit. Je viskoser ein Stoff desto z\u00e4her ist er. Zum Beispiel ist Oliven\u00f6l viskoser als Wasser und Knete viskoser als Oliven\u00f6l. Der Viskosit\u00e4t gegen\u00fcber steht der Begriff Fluidit\u00e4t. Je gr\u00f6\u00dfer die Fluidit\u00e4t desto fl\u00fcssiger die Materie.<\/p>\n<p>Der Einbau weiterer Lipid- und Protein-Molek\u00fcle kann die Viskosit\u00e4t einer Biomembran beeinflussen. Dar\u00fcber hinaus h\u00e4ngt die Viskosit\u00e4t der Biomembran in besonderem Ma\u00dfe von der Temperatur ab. Wei\u00dft du, wie diese Faktoren die Viskosit\u00e4t beeinflussen?<\/p>\n<h4>Der Einfluss der Temperatur auf Viskosit\u00e4t<\/h4>\n<p>Besonders wichtig f\u00fcr die Viskosit\u00e4t ist die Beweglichkeit von Molek\u00fclen, in der Zellmembran also die Beweglichkeit der Phospholipid-Molek\u00fcle. Die Temperatur bzw. W\u00e4rme wirkt direkt auf die Beweglichkeit von Molek\u00fclen ein.\u00a0 Je w\u00e4rmer, desto beweglicher die Molek\u00fcle und desto GERINGER die Viskosit\u00e4t und umgekehrt, je k\u00e4lter, desto unbeweglicher die Molek\u00fcle und desto H\u00d6HER die Viskosit\u00e4t. Bei abnehmender Temperatur nimmt die Viskosit\u00e4t, d. h. die Z\u00e4higkeit der Membran also zu, w\u00e4hrend bei steigender Temperatur die Viskosit\u00e4t bzw. die Z\u00e4higkeit abnimmt. Dies kann die Funktionsf\u00e4higkeit einer Membran stark beeinflussen.<\/p>\n<p>Stell dir ein St\u00fcck Butter vor. Wenn man die Butter in den K\u00fchlschrank stellt (niedrige Temperaturen) wird sie hart und z\u00e4h, so dass man sie kaum vern\u00fcnftig auf das Brot streichen kann, ohne das Brot kaputt zu machen. Vielleicht hat man deshalb die Margarine erfunden \ud83e\udd2d. Stellt man die Butter aber nach drau\u00dfen, wird sie nach einiger Zeit butterweich! Und bei noch h\u00f6heren Temperaturen z. B. in der Bratpfanne, wenn man einen sch\u00f6nen Spiegelei macht, wird die Butter fl\u00fcssig. In diesem Fall besitzt die Butter eine sehr geringe Viskosit\u00e4t bzw. Z\u00e4higkeit.<\/p>\n<figure id=\"attachment_1600\" aria-describedby=\"caption-attachment-1600\" style=\"width: 246px\" class=\"wp-caption alignright\"><img decoding=\"async\" class=\"size-full wp-image-1600\" src=\"https:\/\/nurlernen.de\/biologie\/wp-content\/uploads\/sites\/2\/2025\/07\/membran_lipide.png\" alt=\"Membran Lipide\" width=\"256\" \/><figcaption id=\"caption-attachment-1600\" class=\"wp-caption-text\">Membran mit Regionen unterschiedlicher Viskosit\u00e4t<\/figcaption><\/figure>\n<p>In der Abbildung, siehst du, dass auf der rechten Seite der Abstand von Phospholipid-Molek\u00fclen zueinander gr\u00f6\u00dfer ist als auf der linken Seite. Aber woran liegt das?<\/p>\n<p>Auf der linken Seite bestehen die Molek\u00fcle aus ges\u00e4ttigten Fetts\u00e4uren und auf der rechten Seite bestehen sie aus unges\u00e4ttigten Fetts\u00e4uren.<\/p>\n<p>Wenn Molek\u00fcle dichter beieinander gepackt sind, nimmt ihre Beweglichkeit ab (h\u00f6here Viskosit\u00e4t).<\/p>\n<p>Anders herum w\u00fcrden sich die Teilchen, die in einer nicht so dichten Umgebung befinden, leichter bewegen und somit eine h\u00f6here Beweglichkeit, d.h. geringere Viskosit\u00e4t zeigen. Welche Region der dargestellten Membran hat eine h\u00f6here Viskosit\u00e4t?<\/p>\n<p>Auf der linken Seite ist die Beweglichkeit der Molek\u00fcle aufgrund dem h\u00f6heren Anteil an ges\u00e4ttigten Fetts\u00e4uren geringer und somit die Viskosit\u00e4t h\u00f6her.<\/p>\n<p>Man h\u00f6rt ja immer, dass die pflanzlichen \u00d6le, wie z. B. das Oliven\u00f6l aufgrund eines hohen Anteils an unges\u00e4ttigten Fetts\u00e4uren ges\u00fcnder sein sollen als Produkte mit tierischen Fetten, wie z. B. die Butter. Die pflanzliche \u00d6le haben einen hohen Anteil an unges\u00e4ttigten Fetts\u00e4uren und sind deshalb i. d. R. bei Raumtemperatur fl\u00fcssig.<\/p>\n<p>Der Einbau vom Cholesterin in die Membran f\u00fchrt zum Einen dazu, dass bei Raumtemperatur die Viskosit\u00e4t der Membran zunimmt. Des Weiteren verhindert Cholesterin, dass sich die Phospholipiddoppelschicht bei niedrigen Temperaturen erh\u00e4rtet.<\/p>\n<p>Wieso das?<\/p>\n<p>Besonders wichtig f\u00fcr die Viskosit\u00e4t ist die Beweglichkeit von Molek\u00fclen, in unserem Beispiel also die Phospholipid-Molek\u00fcle. In der Abbildung, siehst du, im mittleren Bereich der dargestellten Biomembran zus\u00e4tzliche Cholesterin-Molek\u00fcle. Bei Raumtemperatur vermindert Cholesterin die Beweglichkeit von Molek\u00fclen, womit sich die Membran-Viskosit\u00e4t erh\u00f6ht. Bei tiefen Temperaturen verhindert Cholesterin, ein zu dichtes aneinander packen der Phospholipid-Molek\u00fcle und somit die Verfestigung der Membran.<\/p>\n\n\n<p><button onclick=\"location.href='https:\/\/nurlernen.de\/biologie\/biologie-inhalte\/'\">Lernbereich<\/button>\r\n<button onclick=\"location.href='https:\/\/nurlernen.de\/biologie\/biologie-akademie\/'\">Biologie Akademie<\/button>\r\n<!--button onclick=\"location.href='https:\/\/nurlernen.de\/biologie\/biologie-lernkontrolle\/'\">Lernkontrolle<\/button-->\r\n<!--button onclick=\"location.href='\/biologie-fragenkatalog'\"&gt;Fragenkatalog (F\u00fcr Lehrer)&lt;\/button-->\r\n<\/p>\n","protected":false},"excerpt":{"rendered":"<p>Die Viskosit\u00e4t der Membran beeinflusst zum einen ihre Durchl\u00e4ssigkeit (Permeabilit\u00e4t) und zum anderen die Bewegungsf\u00e4higkeit von Membran-Proteinen. Eine hohe Viskosit\u00e4t reduziert die Permeabilit\u00e4t (Durchl\u00e4ssigkeit) und die Bewegung von Membran-Proteinen. Eine geringe Viskosit\u00e4t, also eine hohe Fluidit\u00e4t, erh\u00f6ht die Durchl\u00e4ssigkeit (Permeabilit\u00e4t) und die Bewegung von Membran-Proteinen. Membran-Proteine m\u00fcssen sich in der Membran bewegen k\u00f6nnen, um z. &#8230; <a title=\"Was ist Viskosit\u00e4t?\" class=\"read-more\" href=\"https:\/\/nurlernen.de\/biologie\/was-ist-viskositaet\/\" aria-label=\"Mehr Informationen \u00fcber Was ist Viskosit\u00e4t?\">Weiterlesen<\/a><\/p>\n","protected":false},"author":1,"featured_media":0,"parent":0,"menu_order":0,"comment_status":"open","ping_status":"closed","template":"","meta":{"footnotes":""},"class_list":["post-1633","page","type-page","status-publish"],"yoast_head":"<!-- This site is optimized with the Yoast SEO plugin v27.5 - https:\/\/yoast.com\/product\/yoast-seo-wordpress\/ -->\n<title>Was ist Viskosit\u00e4t?<\/title>\n<meta name=\"description\" content=\"Viskosit\u00e4t ist ein Ma\u00df f\u00fcr die Z\u00e4higkeit einer Fl\u00fcssigkeit. Je viskoser ein Stoff desto z\u00e4her ist er. Erkl\u00e4rung mit verst\u00e4ndlichen Besipielen\" \/>\n<meta name=\"robots\" content=\"index, follow, max-snippet:-1, max-image-preview:large, max-video-preview:-1\" \/>\n<link rel=\"canonical\" href=\"https:\/\/nurlernen.de\/biologie\/was-ist-viskositaet\/\" \/>\n<meta property=\"og:locale\" content=\"de_DE\" \/>\n<meta property=\"og:type\" content=\"article\" \/>\n<meta property=\"og:title\" content=\"Was ist Viskosit\u00e4t?\" \/>\n<meta property=\"og:description\" content=\"Viskosit\u00e4t ist ein Ma\u00df f\u00fcr die Z\u00e4higkeit einer Fl\u00fcssigkeit. Je viskoser ein Stoff desto z\u00e4her ist er. Erkl\u00e4rung mit verst\u00e4ndlichen Besipielen\" \/>\n<meta property=\"og:url\" content=\"https:\/\/nurlernen.de\/biologie\/was-ist-viskositaet\/\" \/>\n<meta property=\"og:site_name\" content=\"Biologie verstehen\" \/>\n<meta property=\"article:modified_time\" content=\"2025-11-18T10:21:14+00:00\" \/>\n<meta property=\"og:image\" content=\"https:\/\/nurlernen.de\/biologie\/wp-content\/uploads\/sites\/2\/2025\/11\/test_icon.png\" \/>\n<meta name=\"twitter:card\" content=\"summary_large_image\" \/>\n<meta name=\"twitter:label1\" content=\"Gesch\u00e4tzte Lesezeit\" \/>\n\t<meta name=\"twitter:data1\" content=\"5\u00a0Minuten\" \/>\n<script type=\"application\/ld+json\" class=\"yoast-schema-graph\">{\"@context\":\"https:\\\/\\\/schema.org\",\"@graph\":[{\"@type\":\"WebPage\",\"@id\":\"https:\\\/\\\/nurlernen.de\\\/biologie\\\/was-ist-viskositaet\\\/\",\"url\":\"https:\\\/\\\/nurlernen.de\\\/biologie\\\/was-ist-viskositaet\\\/\",\"name\":\"Was ist Viskosit\u00e4t?\",\"isPartOf\":{\"@id\":\"https:\\\/\\\/nurlernen.de\\\/biologie\\\/#website\"},\"primaryImageOfPage\":{\"@id\":\"https:\\\/\\\/nurlernen.de\\\/biologie\\\/was-ist-viskositaet\\\/#primaryimage\"},\"image\":{\"@id\":\"https:\\\/\\\/nurlernen.de\\\/biologie\\\/was-ist-viskositaet\\\/#primaryimage\"},\"thumbnailUrl\":\"https:\\\/\\\/nurlernen.de\\\/biologie\\\/wp-content\\\/uploads\\\/sites\\\/2\\\/2025\\\/11\\\/test_icon.png\",\"datePublished\":\"2021-08-07T18:44:49+00:00\",\"dateModified\":\"2025-11-18T10:21:14+00:00\",\"description\":\"Viskosit\u00e4t ist ein Ma\u00df f\u00fcr die Z\u00e4higkeit einer Fl\u00fcssigkeit. Je viskoser ein Stoff desto z\u00e4her ist er. Erkl\u00e4rung mit verst\u00e4ndlichen Besipielen\",\"breadcrumb\":{\"@id\":\"https:\\\/\\\/nurlernen.de\\\/biologie\\\/was-ist-viskositaet\\\/#breadcrumb\"},\"inLanguage\":\"de\",\"potentialAction\":[{\"@type\":\"ReadAction\",\"target\":[\"https:\\\/\\\/nurlernen.de\\\/biologie\\\/was-ist-viskositaet\\\/\"]}]},{\"@type\":\"ImageObject\",\"inLanguage\":\"de\",\"@id\":\"https:\\\/\\\/nurlernen.de\\\/biologie\\\/was-ist-viskositaet\\\/#primaryimage\",\"url\":\"https:\\\/\\\/nurlernen.de\\\/biologie\\\/wp-content\\\/uploads\\\/sites\\\/2\\\/2025\\\/11\\\/test_icon.png\",\"contentUrl\":\"https:\\\/\\\/nurlernen.de\\\/biologie\\\/wp-content\\\/uploads\\\/sites\\\/2\\\/2025\\\/11\\\/test_icon.png\",\"width\":256,\"height\":256},{\"@type\":\"BreadcrumbList\",\"@id\":\"https:\\\/\\\/nurlernen.de\\\/biologie\\\/was-ist-viskositaet\\\/#breadcrumb\",\"itemListElement\":[{\"@type\":\"ListItem\",\"position\":1,\"name\":\"Startseite\",\"item\":\"https:\\\/\\\/nurlernen.de\\\/biologie\\\/\"},{\"@type\":\"ListItem\",\"position\":2,\"name\":\"Was ist Viskosit\u00e4t?\"}]},{\"@type\":\"WebSite\",\"@id\":\"https:\\\/\\\/nurlernen.de\\\/biologie\\\/#website\",\"url\":\"https:\\\/\\\/nurlernen.de\\\/biologie\\\/\",\"name\":\"Biologie Lernen\",\"description\":\"\u00dcber 1000 kostenlose \u00dcbungen\",\"publisher\":{\"@id\":\"https:\\\/\\\/nurlernen.de\\\/biologie\\\/#organization\"},\"potentialAction\":[{\"@type\":\"SearchAction\",\"target\":{\"@type\":\"EntryPoint\",\"urlTemplate\":\"https:\\\/\\\/nurlernen.de\\\/biologie\\\/?s={search_term_string}\"},\"query-input\":{\"@type\":\"PropertyValueSpecification\",\"valueRequired\":true,\"valueName\":\"search_term_string\"}}],\"inLanguage\":\"de\"},{\"@type\":\"Organization\",\"@id\":\"https:\\\/\\\/nurlernen.de\\\/biologie\\\/#organization\",\"name\":\"Biologie Lernen\",\"url\":\"https:\\\/\\\/nurlernen.de\\\/biologie\\\/\",\"logo\":{\"@type\":\"ImageObject\",\"inLanguage\":\"de\",\"@id\":\"https:\\\/\\\/nurlernen.de\\\/biologie\\\/#\\\/schema\\\/logo\\\/image\\\/\",\"url\":\"https:\\\/\\\/nurlernen.de\\\/biologie\\\/wp-content\\\/uploads\\\/sites\\\/2\\\/2025\\\/07\\\/cropped-zellkern.png\",\"contentUrl\":\"https:\\\/\\\/nurlernen.de\\\/biologie\\\/wp-content\\\/uploads\\\/sites\\\/2\\\/2025\\\/07\\\/cropped-zellkern.png\",\"width\":512,\"height\":512,\"caption\":\"Biologie Lernen\"},\"image\":{\"@id\":\"https:\\\/\\\/nurlernen.de\\\/biologie\\\/#\\\/schema\\\/logo\\\/image\\\/\"},\"sameAs\":[\"https:\\\/\\\/www.instagram.com\\\/nurlernen.de\\\/\"]}]}<\/script>\n<!-- \/ Yoast SEO plugin. -->","yoast_head_json":{"title":"Was ist Viskosit\u00e4t?","description":"Viskosit\u00e4t ist ein Ma\u00df f\u00fcr die Z\u00e4higkeit einer Fl\u00fcssigkeit. Je viskoser ein Stoff desto z\u00e4her ist er. Erkl\u00e4rung mit verst\u00e4ndlichen Besipielen","robots":{"index":"index","follow":"follow","max-snippet":"max-snippet:-1","max-image-preview":"max-image-preview:large","max-video-preview":"max-video-preview:-1"},"canonical":"https:\/\/nurlernen.de\/biologie\/was-ist-viskositaet\/","og_locale":"de_DE","og_type":"article","og_title":"Was ist Viskosit\u00e4t?","og_description":"Viskosit\u00e4t ist ein Ma\u00df f\u00fcr die Z\u00e4higkeit einer Fl\u00fcssigkeit. Je viskoser ein Stoff desto z\u00e4her ist er. Erkl\u00e4rung mit verst\u00e4ndlichen Besipielen","og_url":"https:\/\/nurlernen.de\/biologie\/was-ist-viskositaet\/","og_site_name":"Biologie verstehen","article_modified_time":"2025-11-18T10:21:14+00:00","og_image":[{"url":"https:\/\/nurlernen.de\/biologie\/wp-content\/uploads\/sites\/2\/2025\/11\/test_icon.png","type":"","width":"","height":""}],"twitter_card":"summary_large_image","twitter_misc":{"Gesch\u00e4tzte Lesezeit":"5\u00a0Minuten"},"schema":{"@context":"https:\/\/schema.org","@graph":[{"@type":"WebPage","@id":"https:\/\/nurlernen.de\/biologie\/was-ist-viskositaet\/","url":"https:\/\/nurlernen.de\/biologie\/was-ist-viskositaet\/","name":"Was ist Viskosit\u00e4t?","isPartOf":{"@id":"https:\/\/nurlernen.de\/biologie\/#website"},"primaryImageOfPage":{"@id":"https:\/\/nurlernen.de\/biologie\/was-ist-viskositaet\/#primaryimage"},"image":{"@id":"https:\/\/nurlernen.de\/biologie\/was-ist-viskositaet\/#primaryimage"},"thumbnailUrl":"https:\/\/nurlernen.de\/biologie\/wp-content\/uploads\/sites\/2\/2025\/11\/test_icon.png","datePublished":"2021-08-07T18:44:49+00:00","dateModified":"2025-11-18T10:21:14+00:00","description":"Viskosit\u00e4t ist ein Ma\u00df f\u00fcr die Z\u00e4higkeit einer Fl\u00fcssigkeit. Je viskoser ein Stoff desto z\u00e4her ist er. Erkl\u00e4rung mit verst\u00e4ndlichen Besipielen","breadcrumb":{"@id":"https:\/\/nurlernen.de\/biologie\/was-ist-viskositaet\/#breadcrumb"},"inLanguage":"de","potentialAction":[{"@type":"ReadAction","target":["https:\/\/nurlernen.de\/biologie\/was-ist-viskositaet\/"]}]},{"@type":"ImageObject","inLanguage":"de","@id":"https:\/\/nurlernen.de\/biologie\/was-ist-viskositaet\/#primaryimage","url":"https:\/\/nurlernen.de\/biologie\/wp-content\/uploads\/sites\/2\/2025\/11\/test_icon.png","contentUrl":"https:\/\/nurlernen.de\/biologie\/wp-content\/uploads\/sites\/2\/2025\/11\/test_icon.png","width":256,"height":256},{"@type":"BreadcrumbList","@id":"https:\/\/nurlernen.de\/biologie\/was-ist-viskositaet\/#breadcrumb","itemListElement":[{"@type":"ListItem","position":1,"name":"Startseite","item":"https:\/\/nurlernen.de\/biologie\/"},{"@type":"ListItem","position":2,"name":"Was ist Viskosit\u00e4t?"}]},{"@type":"WebSite","@id":"https:\/\/nurlernen.de\/biologie\/#website","url":"https:\/\/nurlernen.de\/biologie\/","name":"Biologie Lernen","description":"\u00dcber 1000 kostenlose \u00dcbungen","publisher":{"@id":"https:\/\/nurlernen.de\/biologie\/#organization"},"potentialAction":[{"@type":"SearchAction","target":{"@type":"EntryPoint","urlTemplate":"https:\/\/nurlernen.de\/biologie\/?s={search_term_string}"},"query-input":{"@type":"PropertyValueSpecification","valueRequired":true,"valueName":"search_term_string"}}],"inLanguage":"de"},{"@type":"Organization","@id":"https:\/\/nurlernen.de\/biologie\/#organization","name":"Biologie Lernen","url":"https:\/\/nurlernen.de\/biologie\/","logo":{"@type":"ImageObject","inLanguage":"de","@id":"https:\/\/nurlernen.de\/biologie\/#\/schema\/logo\/image\/","url":"https:\/\/nurlernen.de\/biologie\/wp-content\/uploads\/sites\/2\/2025\/07\/cropped-zellkern.png","contentUrl":"https:\/\/nurlernen.de\/biologie\/wp-content\/uploads\/sites\/2\/2025\/07\/cropped-zellkern.png","width":512,"height":512,"caption":"Biologie Lernen"},"image":{"@id":"https:\/\/nurlernen.de\/biologie\/#\/schema\/logo\/image\/"},"sameAs":["https:\/\/www.instagram.com\/nurlernen.de\/"]}]}},"_links":{"self":[{"href":"https:\/\/nurlernen.de\/biologie\/wp-json\/wp\/v2\/pages\/1633","targetHints":{"allow":["GET"]}}],"collection":[{"href":"https:\/\/nurlernen.de\/biologie\/wp-json\/wp\/v2\/pages"}],"about":[{"href":"https:\/\/nurlernen.de\/biologie\/wp-json\/wp\/v2\/types\/page"}],"author":[{"embeddable":true,"href":"https:\/\/nurlernen.de\/biologie\/wp-json\/wp\/v2\/users\/1"}],"replies":[{"embeddable":true,"href":"https:\/\/nurlernen.de\/biologie\/wp-json\/wp\/v2\/comments?post=1633"}],"version-history":[{"count":6,"href":"https:\/\/nurlernen.de\/biologie\/wp-json\/wp\/v2\/pages\/1633\/revisions"}],"predecessor-version":[{"id":3244,"href":"https:\/\/nurlernen.de\/biologie\/wp-json\/wp\/v2\/pages\/1633\/revisions\/3244"}],"wp:attachment":[{"href":"https:\/\/nurlernen.de\/biologie\/wp-json\/wp\/v2\/media?parent=1633"}],"curies":[{"name":"wp","href":"https:\/\/api.w.org\/{rel}","templated":true}]}}