{"id":1658,"date":"2021-08-08T08:02:46","date_gmt":"2021-08-08T08:02:46","guid":{"rendered":"https:\/\/nurlernen.de\/biologie\/?page_id=1658"},"modified":"2025-11-18T11:24:39","modified_gmt":"2025-11-18T10:24:39","slug":"endozytose-und-exozytose","status":"publish","type":"page","link":"https:\/\/nurlernen.de\/biologie\/endozytose-und-exozytose\/","title":{"rendered":"Endozytose und Exozytose"},"content":{"rendered":"\n<p>\n<a href=\"https:\/\/nurlernen.de\/biologie\/biologie-lernkontrolle\/?quiz=l_100370_q&#038;tree=chapter_z100020\" title=\"Direkt zum Test\">\n  <img decoding=\"async\" src=\"https:\/\/nurlernen.de\/biologie\/wp-content\/uploads\/sites\/2\/2025\/11\/test_icon.png\" alt=\"Zum Test\" style=\"width:48px; height:48px;\"><\/a>\n<a href=\"https:\/\/nurlernen.de\/biologie\/biologie-inhalte\/\" title=\"Lernfortschritt\">\n  <img decoding=\"async\" src=\"https:\/\/nurlernen.de\/biologie\/wp-content\/uploads\/sites\/2\/2025\/11\/progress_icon.png\" alt=\"Zum Test\" style=\"width:48px; height:48px;\"><\/a>\n<a href=\"https:\/\/nurlernen.de\/biologie\/biologie-lernkontrolle\" title=\"\u00dcber 1000 \u00dcbungen!\">\n  <img decoding=\"async\" src=\"https:\/\/nurlernen.de\/biologie\/wp-content\/uploads\/sites\/2\/2025\/11\/test2_icon.png\" alt=\"\u00dcber 1000 \u00dcbungen!\" style=\"width:48px; height:48px;\"><\/a>\n<a href=\"https:\/\/nurlernen.de\/biologie\/biologie-artikel\" title=\"Biologie Text-Sammlung\">\n  <img decoding=\"async\" src=\"https:\/\/nurlernen.de\/biologie\/wp-content\/uploads\/sites\/2\/2025\/11\/books_icon.png\" alt=\"Biologie Text-Sammlung\" style=\"width:48px; height:48px;\"><\/a>\n<a href=\"https:\/\/nurlernen.de\/biologie\/biologie-akademie\/\" title=\"Einen Lehrer Fragen\">\n  <img decoding=\"async\" src=\"https:\/\/nurlernen.de\/biologie\/wp-content\/uploads\/sites\/2\/2025\/11\/teacher_icon.png\" alt=\"Zum Test\" style=\"width:48px; height:48px;\"><\/a>\n<\/p>\n\n\n<p>Bei den passiven und aktiven Transportvorg\u00e4ngen handelt es sich um Transporte von kleineren Molek\u00fclen <strong>durch<\/strong> die Membran, also durch die Lipiddoppelschicht. Gr\u00f6\u00dfere Teilchen, wie Polypeptide, Polysaccharide oder andere Partikel werden \u00fcber <strong>Vesikel<\/strong> in die Zelle hinein (Endozytose) oder aus ihr heraus (Exozytose) transportiert.<\/p>\n<h4>Was ist ein Vesikel?<\/h4>\n<p>Vesikel sind kleine von der Membran umschlossene Kompartimente (Raumbereiche), in denen verschiedene biochemische Prozesse ablaufen k\u00f6nnen. Diese bl\u00e4schenartigen Strukturen spielen eine gro\u00dfe Rolle beim Transport von Stoffen innerhalb der Zelle.<\/p>\n<h4>Endozytose<\/h4>\n<p>Bei der Endozytose (oder auch Endocytose) nimmt die Zelle Teilchen und gr\u00f6\u00dfere Partikel auf. Dabei bildet sich um das Teilchen, das in die Zelle transportiert werden soll, eine Einst\u00fclpung des Zytoplasmas, bis diese das Teilchen komplett umschlie\u00dft. Dadurch befindet sich das Teilchen nun in einem Bl\u00e4schen (d.h. Vesikel) innerhalb der Zelle.<\/p>\n<h4>Phagozytose<\/h4>\n<p>Bei der Phagozytose nimmt die Zelle durch Endozytose feste Stoffe und Partikel auf. Dabei werden sogenannte Scheinf\u00fc\u00dfchen (Pseudopodien) ausgebildet, die das Partikel umschlie\u00dfen, bis es sich innerhalb der Zelle in einem Vesikel (Nahrungsvakuole) befindet.<\/p>\n<h4>Pinozytose<\/h4>\n<p>Bei der Pinozytose nimmt die Zelle durch Endozytose ein Tr\u00f6pfchen der extrazellul\u00e4ren Fl\u00fcssigkeit mit den in ihr gel\u00f6sten Stoffen auf. Die Pinozytose ist ein unspezifischer Vorgang, da die Zelle nie genau wissen kann, welche Teilchen sich in dem aufgenommenen Tr\u00f6pfchen befinden.<\/p>\n<h4>Exozytose<\/h4>\n<p>Bei der Exozytose (oder auch Exocytose) werden Teilchen aus der Zelle hinaus transportiert. Dabei bewegt sich ein Vesikel zur Zellmembran, wobei die Membran des Vesikels mit der Zellmembran verschmilzt. Dadurch entsteht eine Einst\u00fclpung nach au\u00dfen, welche den gesamten Inhalt des Vesikels au\u00dferhalb der Zelle transportiert.<\/p>\n\n\n<p><button onclick=\"location.href='https:\/\/nurlernen.de\/biologie\/biologie-inhalte\/'\">Lernbereich<\/button>\r\n<button onclick=\"location.href='https:\/\/nurlernen.de\/biologie\/biologie-akademie\/'\">Biologie Akademie<\/button>\r\n<!--button onclick=\"location.href='https:\/\/nurlernen.de\/biologie\/biologie-lernkontrolle\/'\">Lernkontrolle<\/button-->\r\n<!--button onclick=\"location.href='\/biologie-fragenkatalog'\"&gt;Fragenkatalog (F\u00fcr Lehrer)&lt;\/button-->\r\n<\/p>\n","protected":false},"excerpt":{"rendered":"<p>Bei den passiven und aktiven Transportvorg\u00e4ngen handelt es sich um Transporte von kleineren Molek\u00fclen durch die Membran, also durch die Lipiddoppelschicht. Gr\u00f6\u00dfere Teilchen, wie Polypeptide, Polysaccharide oder andere Partikel werden \u00fcber Vesikel in die Zelle hinein (Endozytose) oder aus ihr heraus (Exozytose) transportiert. Was ist ein Vesikel? Vesikel sind kleine von der Membran umschlossene Kompartimente &#8230; <a title=\"Endozytose und Exozytose\" class=\"read-more\" href=\"https:\/\/nurlernen.de\/biologie\/endozytose-und-exozytose\/\" aria-label=\"Mehr Informationen \u00fcber Endozytose und Exozytose\">Weiterlesen<\/a><\/p>\n","protected":false},"author":1,"featured_media":0,"parent":0,"menu_order":0,"comment_status":"open","ping_status":"closed","template":"","meta":{"footnotes":""},"class_list":["post-1658","page","type-page","status-publish"],"yoast_head":"<!-- This site is optimized with the Yoast SEO plugin v27.5 - https:\/\/yoast.com\/product\/yoast-seo-wordpress\/ -->\n<title>Endozytose und Exozytose<\/title>\n<meta name=\"description\" content=\"Gr\u00f6\u00dfere Teilchen, wie Polypeptide werden \u00fcber Vesikel in die Zelle hinein (Endozytose) oder aus ihr heraus (Exozytose) transportiert.\" \/>\n<meta name=\"robots\" content=\"index, follow, max-snippet:-1, max-image-preview:large, max-video-preview:-1\" \/>\n<link rel=\"canonical\" href=\"https:\/\/nurlernen.de\/biologie\/endozytose-und-exozytose\/\" \/>\n<meta property=\"og:locale\" content=\"de_DE\" \/>\n<meta property=\"og:type\" content=\"article\" \/>\n<meta property=\"og:title\" content=\"Endozytose und Exozytose\" \/>\n<meta property=\"og:description\" content=\"Gr\u00f6\u00dfere Teilchen, wie Polypeptide werden \u00fcber Vesikel in die Zelle hinein (Endozytose) oder aus ihr heraus (Exozytose) transportiert.\" \/>\n<meta property=\"og:url\" content=\"https:\/\/nurlernen.de\/biologie\/endozytose-und-exozytose\/\" \/>\n<meta property=\"og:site_name\" content=\"Biologie verstehen\" \/>\n<meta property=\"article:modified_time\" content=\"2025-11-18T10:24:39+00:00\" \/>\n<meta property=\"og:image\" content=\"https:\/\/nurlernen.de\/biologie\/wp-content\/uploads\/sites\/2\/2025\/11\/test_icon.png\" \/>\n<meta name=\"twitter:card\" content=\"summary_large_image\" \/>\n<meta name=\"twitter:label1\" content=\"Gesch\u00e4tzte Lesezeit\" \/>\n\t<meta name=\"twitter:data1\" content=\"3\u00a0Minuten\" \/>\n<script type=\"application\/ld+json\" class=\"yoast-schema-graph\">{\"@context\":\"https:\\\/\\\/schema.org\",\"@graph\":[{\"@type\":\"WebPage\",\"@id\":\"https:\\\/\\\/nurlernen.de\\\/biologie\\\/endozytose-und-exozytose\\\/\",\"url\":\"https:\\\/\\\/nurlernen.de\\\/biologie\\\/endozytose-und-exozytose\\\/\",\"name\":\"Endozytose und Exozytose\",\"isPartOf\":{\"@id\":\"https:\\\/\\\/nurlernen.de\\\/biologie\\\/#website\"},\"primaryImageOfPage\":{\"@id\":\"https:\\\/\\\/nurlernen.de\\\/biologie\\\/endozytose-und-exozytose\\\/#primaryimage\"},\"image\":{\"@id\":\"https:\\\/\\\/nurlernen.de\\\/biologie\\\/endozytose-und-exozytose\\\/#primaryimage\"},\"thumbnailUrl\":\"https:\\\/\\\/nurlernen.de\\\/biologie\\\/wp-content\\\/uploads\\\/sites\\\/2\\\/2025\\\/11\\\/test_icon.png\",\"datePublished\":\"2021-08-08T08:02:46+00:00\",\"dateModified\":\"2025-11-18T10:24:39+00:00\",\"description\":\"Gr\u00f6\u00dfere Teilchen, wie Polypeptide werden \u00fcber Vesikel in die Zelle hinein (Endozytose) oder aus ihr heraus (Exozytose) transportiert.\",\"breadcrumb\":{\"@id\":\"https:\\\/\\\/nurlernen.de\\\/biologie\\\/endozytose-und-exozytose\\\/#breadcrumb\"},\"inLanguage\":\"de\",\"potentialAction\":[{\"@type\":\"ReadAction\",\"target\":[\"https:\\\/\\\/nurlernen.de\\\/biologie\\\/endozytose-und-exozytose\\\/\"]}]},{\"@type\":\"ImageObject\",\"inLanguage\":\"de\",\"@id\":\"https:\\\/\\\/nurlernen.de\\\/biologie\\\/endozytose-und-exozytose\\\/#primaryimage\",\"url\":\"https:\\\/\\\/nurlernen.de\\\/biologie\\\/wp-content\\\/uploads\\\/sites\\\/2\\\/2025\\\/11\\\/test_icon.png\",\"contentUrl\":\"https:\\\/\\\/nurlernen.de\\\/biologie\\\/wp-content\\\/uploads\\\/sites\\\/2\\\/2025\\\/11\\\/test_icon.png\",\"width\":256,\"height\":256},{\"@type\":\"BreadcrumbList\",\"@id\":\"https:\\\/\\\/nurlernen.de\\\/biologie\\\/endozytose-und-exozytose\\\/#breadcrumb\",\"itemListElement\":[{\"@type\":\"ListItem\",\"position\":1,\"name\":\"Startseite\",\"item\":\"https:\\\/\\\/nurlernen.de\\\/biologie\\\/\"},{\"@type\":\"ListItem\",\"position\":2,\"name\":\"Endozytose und Exozytose\"}]},{\"@type\":\"WebSite\",\"@id\":\"https:\\\/\\\/nurlernen.de\\\/biologie\\\/#website\",\"url\":\"https:\\\/\\\/nurlernen.de\\\/biologie\\\/\",\"name\":\"Biologie Lernen\",\"description\":\"\u00dcber 1000 kostenlose \u00dcbungen\",\"publisher\":{\"@id\":\"https:\\\/\\\/nurlernen.de\\\/biologie\\\/#organization\"},\"potentialAction\":[{\"@type\":\"SearchAction\",\"target\":{\"@type\":\"EntryPoint\",\"urlTemplate\":\"https:\\\/\\\/nurlernen.de\\\/biologie\\\/?s={search_term_string}\"},\"query-input\":{\"@type\":\"PropertyValueSpecification\",\"valueRequired\":true,\"valueName\":\"search_term_string\"}}],\"inLanguage\":\"de\"},{\"@type\":\"Organization\",\"@id\":\"https:\\\/\\\/nurlernen.de\\\/biologie\\\/#organization\",\"name\":\"Biologie Lernen\",\"url\":\"https:\\\/\\\/nurlernen.de\\\/biologie\\\/\",\"logo\":{\"@type\":\"ImageObject\",\"inLanguage\":\"de\",\"@id\":\"https:\\\/\\\/nurlernen.de\\\/biologie\\\/#\\\/schema\\\/logo\\\/image\\\/\",\"url\":\"https:\\\/\\\/nurlernen.de\\\/biologie\\\/wp-content\\\/uploads\\\/sites\\\/2\\\/2025\\\/07\\\/cropped-zellkern.png\",\"contentUrl\":\"https:\\\/\\\/nurlernen.de\\\/biologie\\\/wp-content\\\/uploads\\\/sites\\\/2\\\/2025\\\/07\\\/cropped-zellkern.png\",\"width\":512,\"height\":512,\"caption\":\"Biologie Lernen\"},\"image\":{\"@id\":\"https:\\\/\\\/nurlernen.de\\\/biologie\\\/#\\\/schema\\\/logo\\\/image\\\/\"},\"sameAs\":[\"https:\\\/\\\/www.instagram.com\\\/nurlernen.de\\\/\"]}]}<\/script>\n<!-- \/ Yoast SEO plugin. -->","yoast_head_json":{"title":"Endozytose und Exozytose","description":"Gr\u00f6\u00dfere Teilchen, wie Polypeptide werden \u00fcber Vesikel in die Zelle hinein (Endozytose) oder aus ihr heraus (Exozytose) transportiert.","robots":{"index":"index","follow":"follow","max-snippet":"max-snippet:-1","max-image-preview":"max-image-preview:large","max-video-preview":"max-video-preview:-1"},"canonical":"https:\/\/nurlernen.de\/biologie\/endozytose-und-exozytose\/","og_locale":"de_DE","og_type":"article","og_title":"Endozytose und Exozytose","og_description":"Gr\u00f6\u00dfere Teilchen, wie Polypeptide werden \u00fcber Vesikel in die Zelle hinein (Endozytose) oder aus ihr heraus (Exozytose) transportiert.","og_url":"https:\/\/nurlernen.de\/biologie\/endozytose-und-exozytose\/","og_site_name":"Biologie verstehen","article_modified_time":"2025-11-18T10:24:39+00:00","og_image":[{"url":"https:\/\/nurlernen.de\/biologie\/wp-content\/uploads\/sites\/2\/2025\/11\/test_icon.png","type":"","width":"","height":""}],"twitter_card":"summary_large_image","twitter_misc":{"Gesch\u00e4tzte Lesezeit":"3\u00a0Minuten"},"schema":{"@context":"https:\/\/schema.org","@graph":[{"@type":"WebPage","@id":"https:\/\/nurlernen.de\/biologie\/endozytose-und-exozytose\/","url":"https:\/\/nurlernen.de\/biologie\/endozytose-und-exozytose\/","name":"Endozytose und Exozytose","isPartOf":{"@id":"https:\/\/nurlernen.de\/biologie\/#website"},"primaryImageOfPage":{"@id":"https:\/\/nurlernen.de\/biologie\/endozytose-und-exozytose\/#primaryimage"},"image":{"@id":"https:\/\/nurlernen.de\/biologie\/endozytose-und-exozytose\/#primaryimage"},"thumbnailUrl":"https:\/\/nurlernen.de\/biologie\/wp-content\/uploads\/sites\/2\/2025\/11\/test_icon.png","datePublished":"2021-08-08T08:02:46+00:00","dateModified":"2025-11-18T10:24:39+00:00","description":"Gr\u00f6\u00dfere Teilchen, wie Polypeptide werden \u00fcber Vesikel in die Zelle hinein (Endozytose) oder aus ihr heraus (Exozytose) transportiert.","breadcrumb":{"@id":"https:\/\/nurlernen.de\/biologie\/endozytose-und-exozytose\/#breadcrumb"},"inLanguage":"de","potentialAction":[{"@type":"ReadAction","target":["https:\/\/nurlernen.de\/biologie\/endozytose-und-exozytose\/"]}]},{"@type":"ImageObject","inLanguage":"de","@id":"https:\/\/nurlernen.de\/biologie\/endozytose-und-exozytose\/#primaryimage","url":"https:\/\/nurlernen.de\/biologie\/wp-content\/uploads\/sites\/2\/2025\/11\/test_icon.png","contentUrl":"https:\/\/nurlernen.de\/biologie\/wp-content\/uploads\/sites\/2\/2025\/11\/test_icon.png","width":256,"height":256},{"@type":"BreadcrumbList","@id":"https:\/\/nurlernen.de\/biologie\/endozytose-und-exozytose\/#breadcrumb","itemListElement":[{"@type":"ListItem","position":1,"name":"Startseite","item":"https:\/\/nurlernen.de\/biologie\/"},{"@type":"ListItem","position":2,"name":"Endozytose und Exozytose"}]},{"@type":"WebSite","@id":"https:\/\/nurlernen.de\/biologie\/#website","url":"https:\/\/nurlernen.de\/biologie\/","name":"Biologie Lernen","description":"\u00dcber 1000 kostenlose \u00dcbungen","publisher":{"@id":"https:\/\/nurlernen.de\/biologie\/#organization"},"potentialAction":[{"@type":"SearchAction","target":{"@type":"EntryPoint","urlTemplate":"https:\/\/nurlernen.de\/biologie\/?s={search_term_string}"},"query-input":{"@type":"PropertyValueSpecification","valueRequired":true,"valueName":"search_term_string"}}],"inLanguage":"de"},{"@type":"Organization","@id":"https:\/\/nurlernen.de\/biologie\/#organization","name":"Biologie Lernen","url":"https:\/\/nurlernen.de\/biologie\/","logo":{"@type":"ImageObject","inLanguage":"de","@id":"https:\/\/nurlernen.de\/biologie\/#\/schema\/logo\/image\/","url":"https:\/\/nurlernen.de\/biologie\/wp-content\/uploads\/sites\/2\/2025\/07\/cropped-zellkern.png","contentUrl":"https:\/\/nurlernen.de\/biologie\/wp-content\/uploads\/sites\/2\/2025\/07\/cropped-zellkern.png","width":512,"height":512,"caption":"Biologie Lernen"},"image":{"@id":"https:\/\/nurlernen.de\/biologie\/#\/schema\/logo\/image\/"},"sameAs":["https:\/\/www.instagram.com\/nurlernen.de\/"]}]}},"_links":{"self":[{"href":"https:\/\/nurlernen.de\/biologie\/wp-json\/wp\/v2\/pages\/1658","targetHints":{"allow":["GET"]}}],"collection":[{"href":"https:\/\/nurlernen.de\/biologie\/wp-json\/wp\/v2\/pages"}],"about":[{"href":"https:\/\/nurlernen.de\/biologie\/wp-json\/wp\/v2\/types\/page"}],"author":[{"embeddable":true,"href":"https:\/\/nurlernen.de\/biologie\/wp-json\/wp\/v2\/users\/1"}],"replies":[{"embeddable":true,"href":"https:\/\/nurlernen.de\/biologie\/wp-json\/wp\/v2\/comments?post=1658"}],"version-history":[{"count":6,"href":"https:\/\/nurlernen.de\/biologie\/wp-json\/wp\/v2\/pages\/1658\/revisions"}],"predecessor-version":[{"id":3249,"href":"https:\/\/nurlernen.de\/biologie\/wp-json\/wp\/v2\/pages\/1658\/revisions\/3249"}],"wp:attachment":[{"href":"https:\/\/nurlernen.de\/biologie\/wp-json\/wp\/v2\/media?parent=1658"}],"curies":[{"name":"wp","href":"https:\/\/api.w.org\/{rel}","templated":true}]}}