{"id":1688,"date":"2021-08-08T08:20:21","date_gmt":"2021-08-08T08:20:21","guid":{"rendered":"https:\/\/nurlernen.de\/biologie\/?page_id=1688"},"modified":"2025-11-18T11:23:41","modified_gmt":"2025-11-18T10:23:41","slug":"die-natrium-kalium-pumpe","status":"publish","type":"page","link":"https:\/\/nurlernen.de\/biologie\/die-natrium-kalium-pumpe\/","title":{"rendered":"Die Natrium-Kalium-Pumpe"},"content":{"rendered":"\n<p>\n<a href=\"https:\/\/nurlernen.de\/biologie\/biologie-lernkontrolle\/?quiz=l_100360_q&#038;tree=chapter_z100020\" title=\"Direkt zum Test\">\n  <img decoding=\"async\" src=\"https:\/\/nurlernen.de\/biologie\/wp-content\/uploads\/sites\/2\/2025\/11\/test_icon.png\" alt=\"Zum Test\" style=\"width:48px; height:48px;\"><\/a>\n<a href=\"https:\/\/nurlernen.de\/biologie\/biologie-inhalte\/\" title=\"Lernfortschritt\">\n  <img decoding=\"async\" src=\"https:\/\/nurlernen.de\/biologie\/wp-content\/uploads\/sites\/2\/2025\/11\/progress_icon.png\" alt=\"Zum Test\" style=\"width:48px; height:48px;\"><\/a>\n<a href=\"https:\/\/nurlernen.de\/biologie\/biologie-lernkontrolle\" title=\"\u00dcber 1000 \u00dcbungen!\">\n  <img decoding=\"async\" src=\"https:\/\/nurlernen.de\/biologie\/wp-content\/uploads\/sites\/2\/2025\/11\/test2_icon.png\" alt=\"\u00dcber 1000 \u00dcbungen!\" style=\"width:48px; height:48px;\"><\/a>\n<a href=\"https:\/\/nurlernen.de\/biologie\/biologie-artikel\" title=\"Biologie Text-Sammlung\">\n  <img decoding=\"async\" src=\"https:\/\/nurlernen.de\/biologie\/wp-content\/uploads\/sites\/2\/2025\/11\/books_icon.png\" alt=\"Biologie Text-Sammlung\" style=\"width:48px; height:48px;\"><\/a>\n<a href=\"https:\/\/nurlernen.de\/biologie\/biologie-akademie\/\" title=\"Einen Lehrer Fragen\">\n  <img decoding=\"async\" src=\"https:\/\/nurlernen.de\/biologie\/wp-content\/uploads\/sites\/2\/2025\/11\/teacher_icon.png\" alt=\"Zum Test\" style=\"width:48px; height:48px;\"><\/a>\n<\/p>\n\n\n<p>Natrium-Kalium-Pumpen sind Carrierproteine, die unter Energieverbrauch Na-Ionen aus der Zelle heraus und im gleichen Zyklus K-Ionen in die Zelle hinein transportieren. Dabei transportieren sie in jedem Zyklus ihrer Konformations\u00e4nderung jeweils drei Na-Ionen aus der Zelle heraus und zwei K-Ionen in die Zelle hinein.<\/p>\n<p>Pro Zyklus werden zwei K+-Ionen in die Zelle hinein transportiert. Jedes K+-Ion bringt eine positive Ladung mit. Gleichzeitig werden drei Na+-Ionen aus der Zelle heraus transportiert. Jedes Na+-Ion nimmt eine positive Ladung aus der Zelle heraus. 3 x Na+ aus der Zelle und 2 x K+ in die Zelle, ergibt: 3 x (+1) &#8211; 2 x (+1). Dieser ungleiche Ladungstransport f\u00fchrt dazu, dass in Summe pro Zyklus jeweils eine positive Ladung aus der Zelle heraus transportiert wird. Folglich l\u00e4dt sich das Innere der Zelle gegen\u00fcber Au\u00dfen negativ auf. Es herrscht also ein negatives Membranpotenzial.<\/p>\n<p>Pumpen, die ein Membranpotenzial erzeugen, werden elektrogene Pumpen genannt.<\/p>\n<figure id=\"attachment_1697\" aria-describedby=\"caption-attachment-1697\" style=\"width: 246px\" class=\"wp-caption alignright\"><img decoding=\"async\" class=\"size-full wp-image-1697\" src=\"https:\/\/nurlernen.de\/biologie\/wp-content\/uploads\/sites\/2\/2025\/07\/nak_pump_marked.png\" alt=\"Na-K-Pumpe\" width=\"256\"><figcaption id=\"caption-attachment-1697\" class=\"wp-caption-text\">Schematische Funktion der Natrium-Kalium-Pumpe<\/figcaption><\/figure>\n<h4>Wie funktioniert die Natrium-Kalium-Pumpe?<\/h4>\n<p>Wir schauen uns den Aufbau und die Funktionsweise der Natrium-Kalium-Pumpe an (s. Abbildung). Natrium-Kalium-Pumpen erm\u00f6glichen durch ihre Elektrogenit\u00e4t die Entstehung des Membranpotenzials an Neuronen, was die Grundlage f\u00fcr Entstehung von Nervenreizen darstellt.<\/p>\n<p>Die Natrium-Kalium-Pumpe hat drei Bindepl\u00e4tze f\u00fcr Na+-Ionen (s. Abschnitt A in der Abbildung). In diesem Zustand k\u00f6nnen keine K+-Ionen an das Protein binden. Man spricht von niedriger Affinit\u00e4t f\u00fcr das Kalium. Durch Hydrolyse (Spaltung) eines ATP-Molek\u00fcls in ADP, Wasser und ein Phosphatrest, bindet sich der Phosphatrest (rotes P) an das Protein und verursacht eine \u00c4nderung der Proteingestalt (Konformations\u00e4nderung). Dies ist in Abschnitt B in der Abbildung dargestellt. Dabei \u00f6ffnet sich die Pumpe nach Au\u00dfen, wobei die Affinit\u00e4t der Na-Bindepl\u00e4tze abnimmt. Dadurch verlassen die Na+-Ionen das Protein. Gleichzeitig steigt die Affinit\u00e4t von K+-Ionen.<\/p>\n<p>Wenn zwei K+-Ionen an die Pumpe binden (Abschnitt C), verursachen sie automatisch eine Konformations\u00e4nderung der Pumpe in die urspr\u00fcngliche energie\u00e4rmere Form (Abschnitt D). Dies f\u00fchrt dazu, dass der Phosphatrest das Protein verl\u00e4sst, wodurch sich das Protein nach Innen \u00f6ffnet. Da Ohne den Phosphatrest die Affinit\u00e4t von K+-Ionen abnimmt, verlassen diese die Pumpe. Gleichzeitig aber steigt die Affinit\u00e4t des Proteins f\u00fcr die Na+-Ionen.<\/p>\n<p>Protonen-Pumpen sind Carrierproteine, die unter Energieverbrauch H-Ionen (also Protonen) durch die Membran transportieren k\u00f6nnen. Der Transport kann auch entgegen des elektrochemischen Potenzials erfolgen, was nat\u00fcrlich mit Energieverbrauch verbunden ist. Da Protonen (H+) positiv geladen sind, erzeugen Protonen-Pumpen ein Membranpotenzial und sind deshalb elektrogen. Protonen-Pumpen spielen eine besondere Rolle bei Stoffwechselvorg\u00e4ngen, wie Zellatmung in Mitochondrien und Photosynthese in Chloroplasten.<\/p>\n<p>Bei einem gekoppelten Transport oder Co-Transport werden zwei Molek\u00fcle oder Ionen gleichzeitig entweder in gleicher (Symport) oder in entgegengesetzter Richtung (Antiport) transportiert.<\/p>\n<h4>N\u00e4here Betrachtung (LK)<\/h4>\n<p>Wie wir gelernt haben, findet die Diffusion von Teilchen entlang eines Konzentrationsgef\u00e4lles oder eines elektrochemischen Potenzials spontan (d.h. ohne Energieverbrauch) statt. Die treibende Kraft dahinter ist im Konzentrationsgef\u00e4lle selbst gespeichert. Die Zelle ist in der Lage die passive Diffusion eines Teilchens zu nutzen, um ein anderes Teilchen mit zu transportieren. Dies wird als gekoppelter Transport oder auch Co-Transport bezeichnet. Dabei kann der Transport des zweiten Molek\u00fcls in die gleiche Richtung (Symport) erfolgen oder dem Transport des ersten Molek\u00fcls entgegen (Antiport) gerichtet sein.<\/p>\n<p>Pflanzenzellen koppeln h\u00e4ufig den Transport von N\u00e4hrstoffen, Zucker und Aminos\u00e4uren mit der Diffusion von Protonen durch die Membran. Dazu erzeugen sie extra durch aktiven Transport \u00fcber Protonen-Pumpen das ben\u00f6tigte elektrochemische Potenzial der Protonen her. Ein Beispiel ist die Saccharose-H+ Transporter, der die Diffusion von H+-Ionen in die Zelle nutzt, um gleichzeitig Saccharose-Molek\u00fcle in die Zelle zu transportieren. Es handelt sich hierbei also um einen symporten Co-Transport, da sowohl H+-Ionen als auch Saccharose-Molek\u00fcle in die gleiche Richtung, n\u00e4mlich in die Zelle hinein transportiert werden. Es stellt sich die Frage, wieso dies ein aktiver Transport sein soll? Damit H+-Ionen in die Zelle hinein diffundieren, muss eine h\u00f6here Konzentration au\u00dferhalb der Zelle existieren. Die Zelle pumpt aktiv mit Hilfe von Protonen-Pumpen H+ aus der Zelle heraus. Der Co-Transport von Saccharose in die Zelle w\u00fcrde also ohne das aktive Pumpen von Protonen (H+) aus der Zelle nicht funktionieren.<\/p>\n\n\n<p><button onclick=\"location.href='https:\/\/nurlernen.de\/biologie\/biologie-inhalte\/'\">Lernbereich<\/button>\r\n<button onclick=\"location.href='https:\/\/nurlernen.de\/biologie\/biologie-akademie\/'\">Biologie Akademie<\/button>\r\n<!--button onclick=\"location.href='https:\/\/nurlernen.de\/biologie\/biologie-lernkontrolle\/'\">Lernkontrolle<\/button-->\r\n<!--button onclick=\"location.href='\/biologie-fragenkatalog'\"&gt;Fragenkatalog (F\u00fcr Lehrer)&lt;\/button-->\r\n<\/p>\n","protected":false},"excerpt":{"rendered":"<p>Natrium-Kalium-Pumpen sind Carrierproteine, die unter Energieverbrauch Na-Ionen aus der Zelle heraus und im gleichen Zyklus K-Ionen in die Zelle hinein transportieren. Dabei transportieren sie in jedem Zyklus ihrer Konformations\u00e4nderung jeweils drei Na-Ionen aus der Zelle heraus und zwei K-Ionen in die Zelle hinein. Pro Zyklus werden zwei K+-Ionen in die Zelle hinein transportiert. Jedes K+-Ion &#8230; <a title=\"Die Natrium-Kalium-Pumpe\" class=\"read-more\" href=\"https:\/\/nurlernen.de\/biologie\/die-natrium-kalium-pumpe\/\" aria-label=\"Mehr Informationen \u00fcber Die Natrium-Kalium-Pumpe\">Weiterlesen<\/a><\/p>\n","protected":false},"author":1,"featured_media":0,"parent":0,"menu_order":0,"comment_status":"open","ping_status":"closed","template":"","meta":{"footnotes":""},"class_list":["post-1688","page","type-page","status-publish"],"yoast_head":"<!-- This site is optimized with the Yoast SEO plugin v27.5 - https:\/\/yoast.com\/product\/yoast-seo-wordpress\/ -->\n<title>Die Natrium-Kalium-Pumpe<\/title>\n<meta name=\"description\" content=\"Die Natrium-Kalium-Pumpe transportiert aktiv Natrium aus der Zelle und Kalium in die Zelle hinein. Aufbau und Funktion verst\u00e4ndlich erkl\u00e4rt.\" \/>\n<meta name=\"robots\" content=\"index, follow, max-snippet:-1, max-image-preview:large, max-video-preview:-1\" \/>\n<link rel=\"canonical\" href=\"https:\/\/nurlernen.de\/biologie\/die-natrium-kalium-pumpe\/\" \/>\n<meta property=\"og:locale\" content=\"de_DE\" \/>\n<meta property=\"og:type\" content=\"article\" \/>\n<meta property=\"og:title\" content=\"Die Natrium-Kalium-Pumpe\" \/>\n<meta property=\"og:description\" content=\"Die Natrium-Kalium-Pumpe transportiert aktiv Natrium aus der Zelle und Kalium in die Zelle hinein. Aufbau und Funktion verst\u00e4ndlich erkl\u00e4rt.\" \/>\n<meta property=\"og:url\" content=\"https:\/\/nurlernen.de\/biologie\/die-natrium-kalium-pumpe\/\" \/>\n<meta property=\"og:site_name\" content=\"Biologie verstehen\" \/>\n<meta property=\"article:modified_time\" content=\"2025-11-18T10:23:41+00:00\" \/>\n<meta property=\"og:image\" content=\"https:\/\/nurlernen.de\/biologie\/wp-content\/uploads\/sites\/2\/2025\/11\/test_icon.png\" \/>\n<meta name=\"twitter:card\" content=\"summary_large_image\" \/>\n<meta name=\"twitter:label1\" content=\"Gesch\u00e4tzte Lesezeit\" \/>\n\t<meta name=\"twitter:data1\" content=\"5\u00a0Minuten\" \/>\n<script type=\"application\/ld+json\" class=\"yoast-schema-graph\">{\"@context\":\"https:\\\/\\\/schema.org\",\"@graph\":[{\"@type\":\"WebPage\",\"@id\":\"https:\\\/\\\/nurlernen.de\\\/biologie\\\/die-natrium-kalium-pumpe\\\/\",\"url\":\"https:\\\/\\\/nurlernen.de\\\/biologie\\\/die-natrium-kalium-pumpe\\\/\",\"name\":\"Die Natrium-Kalium-Pumpe\",\"isPartOf\":{\"@id\":\"https:\\\/\\\/nurlernen.de\\\/biologie\\\/#website\"},\"primaryImageOfPage\":{\"@id\":\"https:\\\/\\\/nurlernen.de\\\/biologie\\\/die-natrium-kalium-pumpe\\\/#primaryimage\"},\"image\":{\"@id\":\"https:\\\/\\\/nurlernen.de\\\/biologie\\\/die-natrium-kalium-pumpe\\\/#primaryimage\"},\"thumbnailUrl\":\"https:\\\/\\\/nurlernen.de\\\/biologie\\\/wp-content\\\/uploads\\\/sites\\\/2\\\/2025\\\/11\\\/test_icon.png\",\"datePublished\":\"2021-08-08T08:20:21+00:00\",\"dateModified\":\"2025-11-18T10:23:41+00:00\",\"description\":\"Die Natrium-Kalium-Pumpe transportiert aktiv Natrium aus der Zelle und Kalium in die Zelle hinein. Aufbau und Funktion verst\u00e4ndlich erkl\u00e4rt.\",\"breadcrumb\":{\"@id\":\"https:\\\/\\\/nurlernen.de\\\/biologie\\\/die-natrium-kalium-pumpe\\\/#breadcrumb\"},\"inLanguage\":\"de\",\"potentialAction\":[{\"@type\":\"ReadAction\",\"target\":[\"https:\\\/\\\/nurlernen.de\\\/biologie\\\/die-natrium-kalium-pumpe\\\/\"]}]},{\"@type\":\"ImageObject\",\"inLanguage\":\"de\",\"@id\":\"https:\\\/\\\/nurlernen.de\\\/biologie\\\/die-natrium-kalium-pumpe\\\/#primaryimage\",\"url\":\"https:\\\/\\\/nurlernen.de\\\/biologie\\\/wp-content\\\/uploads\\\/sites\\\/2\\\/2025\\\/11\\\/test_icon.png\",\"contentUrl\":\"https:\\\/\\\/nurlernen.de\\\/biologie\\\/wp-content\\\/uploads\\\/sites\\\/2\\\/2025\\\/11\\\/test_icon.png\",\"width\":256,\"height\":256},{\"@type\":\"BreadcrumbList\",\"@id\":\"https:\\\/\\\/nurlernen.de\\\/biologie\\\/die-natrium-kalium-pumpe\\\/#breadcrumb\",\"itemListElement\":[{\"@type\":\"ListItem\",\"position\":1,\"name\":\"Startseite\",\"item\":\"https:\\\/\\\/nurlernen.de\\\/biologie\\\/\"},{\"@type\":\"ListItem\",\"position\":2,\"name\":\"Die Natrium-Kalium-Pumpe\"}]},{\"@type\":\"WebSite\",\"@id\":\"https:\\\/\\\/nurlernen.de\\\/biologie\\\/#website\",\"url\":\"https:\\\/\\\/nurlernen.de\\\/biologie\\\/\",\"name\":\"Biologie Lernen\",\"description\":\"\u00dcber 1000 kostenlose \u00dcbungen\",\"publisher\":{\"@id\":\"https:\\\/\\\/nurlernen.de\\\/biologie\\\/#organization\"},\"potentialAction\":[{\"@type\":\"SearchAction\",\"target\":{\"@type\":\"EntryPoint\",\"urlTemplate\":\"https:\\\/\\\/nurlernen.de\\\/biologie\\\/?s={search_term_string}\"},\"query-input\":{\"@type\":\"PropertyValueSpecification\",\"valueRequired\":true,\"valueName\":\"search_term_string\"}}],\"inLanguage\":\"de\"},{\"@type\":\"Organization\",\"@id\":\"https:\\\/\\\/nurlernen.de\\\/biologie\\\/#organization\",\"name\":\"Biologie Lernen\",\"url\":\"https:\\\/\\\/nurlernen.de\\\/biologie\\\/\",\"logo\":{\"@type\":\"ImageObject\",\"inLanguage\":\"de\",\"@id\":\"https:\\\/\\\/nurlernen.de\\\/biologie\\\/#\\\/schema\\\/logo\\\/image\\\/\",\"url\":\"https:\\\/\\\/nurlernen.de\\\/biologie\\\/wp-content\\\/uploads\\\/sites\\\/2\\\/2025\\\/07\\\/cropped-zellkern.png\",\"contentUrl\":\"https:\\\/\\\/nurlernen.de\\\/biologie\\\/wp-content\\\/uploads\\\/sites\\\/2\\\/2025\\\/07\\\/cropped-zellkern.png\",\"width\":512,\"height\":512,\"caption\":\"Biologie Lernen\"},\"image\":{\"@id\":\"https:\\\/\\\/nurlernen.de\\\/biologie\\\/#\\\/schema\\\/logo\\\/image\\\/\"},\"sameAs\":[\"https:\\\/\\\/www.instagram.com\\\/nurlernen.de\\\/\"]}]}<\/script>\n<!-- \/ Yoast SEO plugin. -->","yoast_head_json":{"title":"Die Natrium-Kalium-Pumpe","description":"Die Natrium-Kalium-Pumpe transportiert aktiv Natrium aus der Zelle und Kalium in die Zelle hinein. Aufbau und Funktion verst\u00e4ndlich erkl\u00e4rt.","robots":{"index":"index","follow":"follow","max-snippet":"max-snippet:-1","max-image-preview":"max-image-preview:large","max-video-preview":"max-video-preview:-1"},"canonical":"https:\/\/nurlernen.de\/biologie\/die-natrium-kalium-pumpe\/","og_locale":"de_DE","og_type":"article","og_title":"Die Natrium-Kalium-Pumpe","og_description":"Die Natrium-Kalium-Pumpe transportiert aktiv Natrium aus der Zelle und Kalium in die Zelle hinein. Aufbau und Funktion verst\u00e4ndlich erkl\u00e4rt.","og_url":"https:\/\/nurlernen.de\/biologie\/die-natrium-kalium-pumpe\/","og_site_name":"Biologie verstehen","article_modified_time":"2025-11-18T10:23:41+00:00","og_image":[{"url":"https:\/\/nurlernen.de\/biologie\/wp-content\/uploads\/sites\/2\/2025\/11\/test_icon.png","type":"","width":"","height":""}],"twitter_card":"summary_large_image","twitter_misc":{"Gesch\u00e4tzte Lesezeit":"5\u00a0Minuten"},"schema":{"@context":"https:\/\/schema.org","@graph":[{"@type":"WebPage","@id":"https:\/\/nurlernen.de\/biologie\/die-natrium-kalium-pumpe\/","url":"https:\/\/nurlernen.de\/biologie\/die-natrium-kalium-pumpe\/","name":"Die Natrium-Kalium-Pumpe","isPartOf":{"@id":"https:\/\/nurlernen.de\/biologie\/#website"},"primaryImageOfPage":{"@id":"https:\/\/nurlernen.de\/biologie\/die-natrium-kalium-pumpe\/#primaryimage"},"image":{"@id":"https:\/\/nurlernen.de\/biologie\/die-natrium-kalium-pumpe\/#primaryimage"},"thumbnailUrl":"https:\/\/nurlernen.de\/biologie\/wp-content\/uploads\/sites\/2\/2025\/11\/test_icon.png","datePublished":"2021-08-08T08:20:21+00:00","dateModified":"2025-11-18T10:23:41+00:00","description":"Die Natrium-Kalium-Pumpe transportiert aktiv Natrium aus der Zelle und Kalium in die Zelle hinein. Aufbau und Funktion verst\u00e4ndlich erkl\u00e4rt.","breadcrumb":{"@id":"https:\/\/nurlernen.de\/biologie\/die-natrium-kalium-pumpe\/#breadcrumb"},"inLanguage":"de","potentialAction":[{"@type":"ReadAction","target":["https:\/\/nurlernen.de\/biologie\/die-natrium-kalium-pumpe\/"]}]},{"@type":"ImageObject","inLanguage":"de","@id":"https:\/\/nurlernen.de\/biologie\/die-natrium-kalium-pumpe\/#primaryimage","url":"https:\/\/nurlernen.de\/biologie\/wp-content\/uploads\/sites\/2\/2025\/11\/test_icon.png","contentUrl":"https:\/\/nurlernen.de\/biologie\/wp-content\/uploads\/sites\/2\/2025\/11\/test_icon.png","width":256,"height":256},{"@type":"BreadcrumbList","@id":"https:\/\/nurlernen.de\/biologie\/die-natrium-kalium-pumpe\/#breadcrumb","itemListElement":[{"@type":"ListItem","position":1,"name":"Startseite","item":"https:\/\/nurlernen.de\/biologie\/"},{"@type":"ListItem","position":2,"name":"Die Natrium-Kalium-Pumpe"}]},{"@type":"WebSite","@id":"https:\/\/nurlernen.de\/biologie\/#website","url":"https:\/\/nurlernen.de\/biologie\/","name":"Biologie Lernen","description":"\u00dcber 1000 kostenlose \u00dcbungen","publisher":{"@id":"https:\/\/nurlernen.de\/biologie\/#organization"},"potentialAction":[{"@type":"SearchAction","target":{"@type":"EntryPoint","urlTemplate":"https:\/\/nurlernen.de\/biologie\/?s={search_term_string}"},"query-input":{"@type":"PropertyValueSpecification","valueRequired":true,"valueName":"search_term_string"}}],"inLanguage":"de"},{"@type":"Organization","@id":"https:\/\/nurlernen.de\/biologie\/#organization","name":"Biologie Lernen","url":"https:\/\/nurlernen.de\/biologie\/","logo":{"@type":"ImageObject","inLanguage":"de","@id":"https:\/\/nurlernen.de\/biologie\/#\/schema\/logo\/image\/","url":"https:\/\/nurlernen.de\/biologie\/wp-content\/uploads\/sites\/2\/2025\/07\/cropped-zellkern.png","contentUrl":"https:\/\/nurlernen.de\/biologie\/wp-content\/uploads\/sites\/2\/2025\/07\/cropped-zellkern.png","width":512,"height":512,"caption":"Biologie Lernen"},"image":{"@id":"https:\/\/nurlernen.de\/biologie\/#\/schema\/logo\/image\/"},"sameAs":["https:\/\/www.instagram.com\/nurlernen.de\/"]}]}},"_links":{"self":[{"href":"https:\/\/nurlernen.de\/biologie\/wp-json\/wp\/v2\/pages\/1688","targetHints":{"allow":["GET"]}}],"collection":[{"href":"https:\/\/nurlernen.de\/biologie\/wp-json\/wp\/v2\/pages"}],"about":[{"href":"https:\/\/nurlernen.de\/biologie\/wp-json\/wp\/v2\/types\/page"}],"author":[{"embeddable":true,"href":"https:\/\/nurlernen.de\/biologie\/wp-json\/wp\/v2\/users\/1"}],"replies":[{"embeddable":true,"href":"https:\/\/nurlernen.de\/biologie\/wp-json\/wp\/v2\/comments?post=1688"}],"version-history":[{"count":5,"href":"https:\/\/nurlernen.de\/biologie\/wp-json\/wp\/v2\/pages\/1688\/revisions"}],"predecessor-version":[{"id":3248,"href":"https:\/\/nurlernen.de\/biologie\/wp-json\/wp\/v2\/pages\/1688\/revisions\/3248"}],"wp:attachment":[{"href":"https:\/\/nurlernen.de\/biologie\/wp-json\/wp\/v2\/media?parent=1688"}],"curies":[{"name":"wp","href":"https:\/\/api.w.org\/{rel}","templated":true}]}}