{"id":1709,"date":"2021-08-09T18:06:34","date_gmt":"2021-08-09T18:06:34","guid":{"rendered":"https:\/\/nurlernen.de\/biologie\/?page_id=1709"},"modified":"2025-08-07T11:10:41","modified_gmt":"2025-08-07T09:10:41","slug":"einfuehrung-in-die-klassische-genetik","status":"publish","type":"page","link":"https:\/\/nurlernen.de\/biologie\/einfuehrung-in-die-klassische-genetik\/","title":{"rendered":"Einf\u00fchrung in die klassische Genetik"},"content":{"rendered":"<p>Die Genetik wird auch als die Vererbungslehre bezeichnet. Sie besch\u00e4ftigt sich mit den Grundlagen und Mechanismen der Vererbung. Folgende Inhalte sind Gegenstand der Genetik:<\/p>\n<ol>\n<li>Klassische Genetik<\/li>\n<li>Molekulargenetik<\/li>\n<li>Gentechnik<\/li>\n<\/ol>\n<h3>Klassische Genetik<\/h3>\n<p>Die klassische Genetik befasst sich mit der Vererbung und ihre Mechanismen ohne die molekulare Grundlage der Vererbung, wie z. B. Proteinbiosynthese oder Aufbau von Genen zu ber\u00fccksichtigen. Klassische Genetik ist somit \u00e4lter als die Molekulargenetik und basiert haupts\u00e4chlich auf die Arbeiten von Gregor Mendel. Die Mendelschen Regeln k\u00f6nnen nur erkl\u00e4rt werden, wenn man annimmt, dass die genetische Information in Form diskreter P\u00e4ckchen, sogenannter Gene \u00fcbertragen wird.<\/p>\n<h3>Ph\u00e4notyp und Genotyp<\/h3>\n<p>In der Genetik besch\u00e4ftigen wir uns mit Merkmalen von Individuen. Dies kann Haarfarbe, Augenfarbe, K\u00f6rpergr\u00f6\u00dfe, Blutgruppe, Produktion eines Enzyms und etc. umfassen. Vererbbare Merkmale werden in der Fachsprache als Ph\u00e4notypen bezeichnet. Jedem Merkmal liegen i. d. R. ein oder mehrere Gene zugrunde.<\/p>\n<p>Jedem Merkmal liegen i. d. R. ein oder mehrere Gene zugrunde. Die genetische Konfiguration, die f\u00fcr die Auspr\u00e4gung (Bildung) eines Merkmals zust\u00e4ndig ist, wird als Genotyp bezeichnet. Ein Genotyp kann also ein oder mehrere Gene umfassen. Ein Gen ist ein diskretes Informationspaket.<\/p>\n<p>Wir wissen, dass die Zellen vieler Lebewesen &#8211; ausgenommen Geschlechtszellen &#8211; (Gameten), den doppelten Chromosomensatz aufweisen. Sie haben von jedem Chromosom jeweils zwei St\u00fcck (homologe Chromosomen). Da sich aber auf beiden Chromosomen Informationen zu gleichen Themen befinden (z. B. Augenfarbe), existieren jeweils zwei Kopien eines jeden Gens (ausgenommen Gene auf Geschlechtschromosomen). Diese beiden Gene, die Informationen zu dem gleichen Thema beinhalten, sich aber auf den homologen Chromosomen befinden nennt man Allele.<\/p>\n<h4>Sind Allele gleiche oder unterschiedliche Gene?<\/h4>\n<p>Allele k\u00f6nnen gleich sein oder von einander abweichen. Sie befinden sich eben nur an gleicher Stelle (Gen Loci) auf homologe Chromosomen. Wenn die Allele f\u00fcr ein Merkmal gleich sind, spricht man von einem reinerbigen (homozygoten) Genotyp. Sind die Allele unterschiedlich, dann spricht man von mischerbigen Genotypen (heterozygot). Wenn homozygote Individuen miteinander gekreuzt werden, sind ihre Nachkommen ebenfalls homozygot (Mutationen ausgenommen).<\/p>\n<p>Bevor wir uns den Mendelschen Regeln und der klassischen Genetik widmen, sollten wir uns mit einigen Begrifflichkeiten vertraut machen. Diese Fachbegriffe solltest du dir merken und m\u00f6glichst oft in der Klausur verwenden.<\/p>\n<h3>Bezeichnung der Generationen<\/h3>\n<figure id=\"attachment_1144\" aria-describedby=\"caption-attachment-1144\" style=\"width: 246px\" class=\"wp-caption alignright\"><img decoding=\"async\" class=\"size-full wp-image-1144\" src=\"https:\/\/nurlernen.de\/biologie\/wp-content\/uploads\/sites\/2\/2025\/07\/monohybrid_dr_labeled.png\" alt=\"Monohybrider Erbgang\" width=\"256\"><figcaption id=\"caption-attachment-1144\" class=\"wp-caption-text\">Bezeichnung der Generationen bei einem monohybriden Erbgang.<\/figcaption><\/figure>\n<p>In den klassischen Kreuzungsexperimenten werden \u00fcblicherweise drei Generationen betrachtet.<\/p>\n<ul>\n<li>Die erste Generation mit der die Experimente beginnen, wird als Elterngeneration (englisch: Parentalgeneration) oder vereinfacht als die P-Generation bezeichnet.<\/li>\n<li>Die Nachkommen der P-Generation werden als erste Tochtergeneration oder erste Filialgeneration bezeichnet. Abgek\u00fcrzt verwendet man die Bezeichnung F1-Generation.<\/li>\n<li>Die dritte Generation stellt die Nachkommen der F1-Generation dar. Sie wird als zweite Filialgeneration oder F2-Generation bezeichnet.<\/li>\n<\/ul>\n<p>Somit besch\u00e4ftigt sich ein Kreuzungsexperiment i. d. R. mit der Vererbung von Merkmalen der P-Generation auf Individuen der F1- und F2-Generation.<\/p>\n<p>Wenn du Mitglied der P-Generation w\u00e4rst, dann w\u00e4ren deine Kinder die F1-Generation und deine Enkelkinder die F2-Generation darstellen. Wenn du ein Individuum der F2-Generation w\u00e4rst, dann w\u00fcrde die P-Generation deine Gro\u00dfeltern, die F1-Generation deine Eltern, Tanten und Onkeln und die F2-Generation (neben dir) deine Geschwister, Cousinen und Cousins umfassen.<\/p>\n\n\n<p><button onclick=\"location.href='https:\/\/nurlernen.de\/biologie\/biologie-inhalte\/'\">Lernbereich<\/button>\r\n<button onclick=\"location.href='https:\/\/nurlernen.de\/biologie\/biologie-akademie\/'\">Biologie Akademie<\/button>\r\n<!--button onclick=\"location.href='https:\/\/nurlernen.de\/biologie\/biologie-lernkontrolle\/'\">Lernkontrolle<\/button-->\r\n<!--button onclick=\"location.href='\/biologie-fragenkatalog'\"&gt;Fragenkatalog (F\u00fcr Lehrer)&lt;\/button-->\r\n<\/p>\n","protected":false},"excerpt":{"rendered":"<p>Die Genetik wird auch als die Vererbungslehre bezeichnet. Sie besch\u00e4ftigt sich mit den Grundlagen und Mechanismen der Vererbung. Folgende Inhalte sind Gegenstand der Genetik: Klassische Genetik Molekulargenetik Gentechnik Klassische Genetik Die klassische Genetik befasst sich mit der Vererbung und ihre Mechanismen ohne die molekulare Grundlage der Vererbung, wie z. B. Proteinbiosynthese oder Aufbau von Genen &#8230; <a title=\"Einf\u00fchrung in die klassische Genetik\" class=\"read-more\" href=\"https:\/\/nurlernen.de\/biologie\/einfuehrung-in-die-klassische-genetik\/\" aria-label=\"Mehr Informationen \u00fcber Einf\u00fchrung in die klassische Genetik\">Weiterlesen<\/a><\/p>\n","protected":false},"author":1,"featured_media":0,"parent":0,"menu_order":0,"comment_status":"open","ping_status":"closed","template":"","meta":{"footnotes":""},"class_list":["post-1709","page","type-page","status-publish"],"yoast_head":"<!-- This site is optimized with the Yoast SEO plugin v27.5 - https:\/\/yoast.com\/product\/yoast-seo-wordpress\/ -->\n<title>Einf\u00fchrung in die klassische Genetik<\/title>\n<meta name=\"description\" content=\"Die klassische Genetik befasst sich mit der Vererbung und ihre Mechanismen ohne die molekulare Grundlage der Vererbung zu ber\u00fccksichtigen.\" \/>\n<meta name=\"robots\" content=\"index, follow, max-snippet:-1, max-image-preview:large, max-video-preview:-1\" \/>\n<link rel=\"canonical\" href=\"https:\/\/nurlernen.de\/biologie\/einfuehrung-in-die-klassische-genetik\/\" \/>\n<meta property=\"og:locale\" content=\"de_DE\" \/>\n<meta property=\"og:type\" content=\"article\" \/>\n<meta property=\"og:title\" content=\"Einf\u00fchrung in die klassische Genetik\" \/>\n<meta property=\"og:description\" content=\"Die klassische Genetik befasst sich mit der Vererbung und ihre Mechanismen ohne die molekulare Grundlage der Vererbung zu ber\u00fccksichtigen.\" \/>\n<meta property=\"og:url\" content=\"https:\/\/nurlernen.de\/biologie\/einfuehrung-in-die-klassische-genetik\/\" \/>\n<meta property=\"og:site_name\" content=\"Biologie verstehen\" \/>\n<meta property=\"article:modified_time\" content=\"2025-08-07T09:10:41+00:00\" \/>\n<meta name=\"twitter:card\" content=\"summary_large_image\" \/>\n<meta name=\"twitter:label1\" content=\"Gesch\u00e4tzte Lesezeit\" \/>\n\t<meta name=\"twitter:data1\" content=\"3\u00a0Minuten\" \/>\n<script type=\"application\/ld+json\" class=\"yoast-schema-graph\">{\"@context\":\"https:\\\/\\\/schema.org\",\"@graph\":[{\"@type\":\"WebPage\",\"@id\":\"https:\\\/\\\/nurlernen.de\\\/biologie\\\/einfuehrung-in-die-klassische-genetik\\\/\",\"url\":\"https:\\\/\\\/nurlernen.de\\\/biologie\\\/einfuehrung-in-die-klassische-genetik\\\/\",\"name\":\"Einf\u00fchrung in die klassische Genetik\",\"isPartOf\":{\"@id\":\"https:\\\/\\\/nurlernen.de\\\/biologie\\\/#website\"},\"primaryImageOfPage\":{\"@id\":\"https:\\\/\\\/nurlernen.de\\\/biologie\\\/einfuehrung-in-die-klassische-genetik\\\/#primaryimage\"},\"image\":{\"@id\":\"https:\\\/\\\/nurlernen.de\\\/biologie\\\/einfuehrung-in-die-klassische-genetik\\\/#primaryimage\"},\"thumbnailUrl\":\"https:\\\/\\\/nurlernen.de\\\/biologie\\\/wp-content\\\/uploads\\\/sites\\\/2\\\/2025\\\/07\\\/monohybrid_dr_labeled.png\",\"datePublished\":\"2021-08-09T18:06:34+00:00\",\"dateModified\":\"2025-08-07T09:10:41+00:00\",\"description\":\"Die klassische Genetik befasst sich mit der Vererbung und ihre Mechanismen ohne die molekulare Grundlage der Vererbung zu ber\u00fccksichtigen.\",\"breadcrumb\":{\"@id\":\"https:\\\/\\\/nurlernen.de\\\/biologie\\\/einfuehrung-in-die-klassische-genetik\\\/#breadcrumb\"},\"inLanguage\":\"de\",\"potentialAction\":[{\"@type\":\"ReadAction\",\"target\":[\"https:\\\/\\\/nurlernen.de\\\/biologie\\\/einfuehrung-in-die-klassische-genetik\\\/\"]}]},{\"@type\":\"ImageObject\",\"inLanguage\":\"de\",\"@id\":\"https:\\\/\\\/nurlernen.de\\\/biologie\\\/einfuehrung-in-die-klassische-genetik\\\/#primaryimage\",\"url\":\"\",\"contentUrl\":\"\"},{\"@type\":\"BreadcrumbList\",\"@id\":\"https:\\\/\\\/nurlernen.de\\\/biologie\\\/einfuehrung-in-die-klassische-genetik\\\/#breadcrumb\",\"itemListElement\":[{\"@type\":\"ListItem\",\"position\":1,\"name\":\"Startseite\",\"item\":\"https:\\\/\\\/nurlernen.de\\\/biologie\\\/\"},{\"@type\":\"ListItem\",\"position\":2,\"name\":\"Einf\u00fchrung in die klassische Genetik\"}]},{\"@type\":\"WebSite\",\"@id\":\"https:\\\/\\\/nurlernen.de\\\/biologie\\\/#website\",\"url\":\"https:\\\/\\\/nurlernen.de\\\/biologie\\\/\",\"name\":\"Biologie Lernen\",\"description\":\"\u00dcber 1000 kostenlose \u00dcbungen\",\"publisher\":{\"@id\":\"https:\\\/\\\/nurlernen.de\\\/biologie\\\/#organization\"},\"potentialAction\":[{\"@type\":\"SearchAction\",\"target\":{\"@type\":\"EntryPoint\",\"urlTemplate\":\"https:\\\/\\\/nurlernen.de\\\/biologie\\\/?s={search_term_string}\"},\"query-input\":{\"@type\":\"PropertyValueSpecification\",\"valueRequired\":true,\"valueName\":\"search_term_string\"}}],\"inLanguage\":\"de\"},{\"@type\":\"Organization\",\"@id\":\"https:\\\/\\\/nurlernen.de\\\/biologie\\\/#organization\",\"name\":\"Biologie Lernen\",\"url\":\"https:\\\/\\\/nurlernen.de\\\/biologie\\\/\",\"logo\":{\"@type\":\"ImageObject\",\"inLanguage\":\"de\",\"@id\":\"https:\\\/\\\/nurlernen.de\\\/biologie\\\/#\\\/schema\\\/logo\\\/image\\\/\",\"url\":\"https:\\\/\\\/nurlernen.de\\\/biologie\\\/wp-content\\\/uploads\\\/sites\\\/2\\\/2025\\\/07\\\/cropped-zellkern.png\",\"contentUrl\":\"https:\\\/\\\/nurlernen.de\\\/biologie\\\/wp-content\\\/uploads\\\/sites\\\/2\\\/2025\\\/07\\\/cropped-zellkern.png\",\"width\":512,\"height\":512,\"caption\":\"Biologie Lernen\"},\"image\":{\"@id\":\"https:\\\/\\\/nurlernen.de\\\/biologie\\\/#\\\/schema\\\/logo\\\/image\\\/\"},\"sameAs\":[\"https:\\\/\\\/www.instagram.com\\\/nurlernen.de\\\/\"]}]}<\/script>\n<!-- \/ Yoast SEO plugin. -->","yoast_head_json":{"title":"Einf\u00fchrung in die klassische Genetik","description":"Die klassische Genetik befasst sich mit der Vererbung und ihre Mechanismen ohne die molekulare Grundlage der Vererbung zu ber\u00fccksichtigen.","robots":{"index":"index","follow":"follow","max-snippet":"max-snippet:-1","max-image-preview":"max-image-preview:large","max-video-preview":"max-video-preview:-1"},"canonical":"https:\/\/nurlernen.de\/biologie\/einfuehrung-in-die-klassische-genetik\/","og_locale":"de_DE","og_type":"article","og_title":"Einf\u00fchrung in die klassische Genetik","og_description":"Die klassische Genetik befasst sich mit der Vererbung und ihre Mechanismen ohne die molekulare Grundlage der Vererbung zu ber\u00fccksichtigen.","og_url":"https:\/\/nurlernen.de\/biologie\/einfuehrung-in-die-klassische-genetik\/","og_site_name":"Biologie verstehen","article_modified_time":"2025-08-07T09:10:41+00:00","twitter_card":"summary_large_image","twitter_misc":{"Gesch\u00e4tzte Lesezeit":"3\u00a0Minuten"},"schema":{"@context":"https:\/\/schema.org","@graph":[{"@type":"WebPage","@id":"https:\/\/nurlernen.de\/biologie\/einfuehrung-in-die-klassische-genetik\/","url":"https:\/\/nurlernen.de\/biologie\/einfuehrung-in-die-klassische-genetik\/","name":"Einf\u00fchrung in die klassische Genetik","isPartOf":{"@id":"https:\/\/nurlernen.de\/biologie\/#website"},"primaryImageOfPage":{"@id":"https:\/\/nurlernen.de\/biologie\/einfuehrung-in-die-klassische-genetik\/#primaryimage"},"image":{"@id":"https:\/\/nurlernen.de\/biologie\/einfuehrung-in-die-klassische-genetik\/#primaryimage"},"thumbnailUrl":"https:\/\/nurlernen.de\/biologie\/wp-content\/uploads\/sites\/2\/2025\/07\/monohybrid_dr_labeled.png","datePublished":"2021-08-09T18:06:34+00:00","dateModified":"2025-08-07T09:10:41+00:00","description":"Die klassische Genetik befasst sich mit der Vererbung und ihre Mechanismen ohne die molekulare Grundlage der Vererbung zu ber\u00fccksichtigen.","breadcrumb":{"@id":"https:\/\/nurlernen.de\/biologie\/einfuehrung-in-die-klassische-genetik\/#breadcrumb"},"inLanguage":"de","potentialAction":[{"@type":"ReadAction","target":["https:\/\/nurlernen.de\/biologie\/einfuehrung-in-die-klassische-genetik\/"]}]},{"@type":"ImageObject","inLanguage":"de","@id":"https:\/\/nurlernen.de\/biologie\/einfuehrung-in-die-klassische-genetik\/#primaryimage","url":"","contentUrl":""},{"@type":"BreadcrumbList","@id":"https:\/\/nurlernen.de\/biologie\/einfuehrung-in-die-klassische-genetik\/#breadcrumb","itemListElement":[{"@type":"ListItem","position":1,"name":"Startseite","item":"https:\/\/nurlernen.de\/biologie\/"},{"@type":"ListItem","position":2,"name":"Einf\u00fchrung in die klassische Genetik"}]},{"@type":"WebSite","@id":"https:\/\/nurlernen.de\/biologie\/#website","url":"https:\/\/nurlernen.de\/biologie\/","name":"Biologie Lernen","description":"\u00dcber 1000 kostenlose \u00dcbungen","publisher":{"@id":"https:\/\/nurlernen.de\/biologie\/#organization"},"potentialAction":[{"@type":"SearchAction","target":{"@type":"EntryPoint","urlTemplate":"https:\/\/nurlernen.de\/biologie\/?s={search_term_string}"},"query-input":{"@type":"PropertyValueSpecification","valueRequired":true,"valueName":"search_term_string"}}],"inLanguage":"de"},{"@type":"Organization","@id":"https:\/\/nurlernen.de\/biologie\/#organization","name":"Biologie Lernen","url":"https:\/\/nurlernen.de\/biologie\/","logo":{"@type":"ImageObject","inLanguage":"de","@id":"https:\/\/nurlernen.de\/biologie\/#\/schema\/logo\/image\/","url":"https:\/\/nurlernen.de\/biologie\/wp-content\/uploads\/sites\/2\/2025\/07\/cropped-zellkern.png","contentUrl":"https:\/\/nurlernen.de\/biologie\/wp-content\/uploads\/sites\/2\/2025\/07\/cropped-zellkern.png","width":512,"height":512,"caption":"Biologie Lernen"},"image":{"@id":"https:\/\/nurlernen.de\/biologie\/#\/schema\/logo\/image\/"},"sameAs":["https:\/\/www.instagram.com\/nurlernen.de\/"]}]}},"_links":{"self":[{"href":"https:\/\/nurlernen.de\/biologie\/wp-json\/wp\/v2\/pages\/1709","targetHints":{"allow":["GET"]}}],"collection":[{"href":"https:\/\/nurlernen.de\/biologie\/wp-json\/wp\/v2\/pages"}],"about":[{"href":"https:\/\/nurlernen.de\/biologie\/wp-json\/wp\/v2\/types\/page"}],"author":[{"embeddable":true,"href":"https:\/\/nurlernen.de\/biologie\/wp-json\/wp\/v2\/users\/1"}],"replies":[{"embeddable":true,"href":"https:\/\/nurlernen.de\/biologie\/wp-json\/wp\/v2\/comments?post=1709"}],"version-history":[{"count":4,"href":"https:\/\/nurlernen.de\/biologie\/wp-json\/wp\/v2\/pages\/1709\/revisions"}],"predecessor-version":[{"id":2876,"href":"https:\/\/nurlernen.de\/biologie\/wp-json\/wp\/v2\/pages\/1709\/revisions\/2876"}],"wp:attachment":[{"href":"https:\/\/nurlernen.de\/biologie\/wp-json\/wp\/v2\/media?parent=1709"}],"curies":[{"name":"wp","href":"https:\/\/api.w.org\/{rel}","templated":true}]}}