{"id":1717,"date":"2021-08-09T18:10:19","date_gmt":"2021-08-09T18:10:19","guid":{"rendered":"https:\/\/nurlernen.de\/biologie\/?page_id=1717"},"modified":"2025-10-30T12:27:07","modified_gmt":"2025-10-30T11:27:07","slug":"mendelsche-regeln-der-vererbung-1","status":"publish","type":"page","link":"https:\/\/nurlernen.de\/biologie\/mendelsche-regeln-der-vererbung-1\/","title":{"rendered":"Mendelsche Regeln der Vererbung 1"},"content":{"rendered":"<p>Gregor Mendel hat mit Kreuzungs-Experimenten herausgefunden, dass Merkmale durch Einheiten, die sogenannte <strong>Gene<\/strong> \u00fcbertragen werden. Dabei f\u00fchrte er unz\u00e4hlige Kreuzungen an Erbsenpflanzen durch und untersuchte die Weitergabe vieler Merkmale von Generation zu Generation.<\/p>\n<p>Mit Hilfe von kontrollierten Kreuzungsexperimenten konnte Mendel drei wichtige Regeln aufstellen, die Uniformit\u00e4tsregel, die Spaltungsregel und die Unabh\u00e4ngigkeitsregel. Diese Regeln werden nachfolgend f\u00fcr den Fall eines dominant-rezessiven Erbgangs erl\u00e4utert. Als Beispiel soll die Vererbung bei Erbsen dienen.<\/p>\n<figure id=\"attachment_1144\" aria-describedby=\"caption-attachment-1144\" style=\"width: 246px\" class=\"wp-caption alignright\"><img decoding=\"async\" class=\"size-full wp-image-1144\" src=\"https:\/\/nurlernen.de\/biologie\/wp-content\/uploads\/sites\/2\/2025\/07\/monohybrid_dr_labeled.png\" alt=\"Monohybrider Erbgang\" width=\"256\" \/><figcaption id=\"caption-attachment-1144\" class=\"wp-caption-text\">Schematische Darstellung eines monohybriden Erbgangs.<\/figcaption><\/figure>\n<h3>1. Mendelsche Regel (Uniformit\u00e4tsregel)<\/h3>\n<p>Werden zwei homozygote Individuen, die sich in einem Merkmal unterscheiden, miteinander gekreuzt (P-Generation) so sind alle Nachkommen (F1-Generation) bez\u00fcglich dieses Merkmals ph\u00e4notypisch und genotypisch identisch (uniform). Dabei sind alle Individuen der F1-Generation genotypisch heterozygot (mischerbig). Diese Regel wird die Uniformit\u00e4tsregel oder auch die Reziprozit\u00e4tsregel genannt.<\/p>\n<p>Betrachten wir zuerst die Elterngeneration, die mit einem P in der Abbildung gekennzeichnet ist (oberes Rechteck). Da beide Elternteile homozygot sind (GG und gg), k\u00f6nnen sie jeweils nur eine Sorte an Gameten (Geschlechtszellen) produzieren (G oder g). Da die Nachkommen der P-Generation, d. h. die Individuen der F1-Generation jeweils ein Allel von jedem Elternteil erhalten, bekommen sie alle ein G von linkem Elternteil und ein g von rechtem Elternteil. Somit haben s\u00e4mtliche Individuen der F1-Generation das Genotyp Gg.<\/p>\n<p>Da das Allel f\u00fcr die gelbe Farbe (G) gegen\u00fcber des Allels f\u00fcr die gr\u00fcne Farbe (g) dominant ist, weisen alle Individuen der F1-Generation das dominante Merkmal auf, n\u00e4mlich die gelbe Farbe.<\/p>\n<h3>2. Mendelsche Regel (Spaltungsregel)<\/h3>\n<p>Werden zwei heterozygote Individuen der F1-Generation miteinander gekreuzt, so zeigen ihre Nachkommen das Verh\u00e4ltnis 3:1 f\u00fcr das Auftreten des dominanten (3) und des rezessiven (1) Merkmals. Dies wird auch als die Spaltungsregel oder Segregationsregel bezeichnet, da das rezessive Merkmal wieder auftaucht (wird gespalten).<\/p>\n<p>Betrachten wir hierzu nochmal die Abbildung. Da die Individuen der F1-Generation genotypisch identisch sind, spielt es keine Rolle, welche zwei Individuen miteinander gekreuzt werden. Da sie jeweils zwei Sorten von Gameten (G und g) produzieren k\u00f6nnen.<\/p>\n<p>&lt;p&gt;Da die F1-Individuen alle heterozygot (mischerbig) sind, haben sie alle den Genotyp (Gg). Somit k\u00f6nnen sie alle jeweils zwei Sorten von Gameten (G und g) produzieren.<\/p>\n<p>Die Kombination dieser Gameten im Rahmen der Befruchtung kann nun so aussehen:<\/p>\n<p>Ein G-Gamet eines F1-Individuums kann sich entweder mit einem G-Gamet oder mit einem g-Gamet des zweiten Individuums kombinieren, d. h. GG und Gg. Das g-Gamet des ersten Individuums kann sich ebenfalls mit einem G-Gamet oder einem g-Gamet des zweiten Individuums kombinieren, also gG und gg. Es ergeben sich insgesamt die Kombinationen GG, Gg, gG und gg. Da Gg und gG identisch sind erhalten wir f\u00fcr die Verteilung der Genotypen in der F2-Generation 1 x GG, 2 x Gg und 1 x gg.<\/p>\n<p>Wie sieht es aber mit den Ph\u00e4notypen aus?<\/p>\n<p>Da das Allel f\u00fcr gelbe Farbe (G) gegen\u00fcber dem Allel f\u00fcr gr\u00fcne Farbe (g) dominant ist, w\u00fcrden alle F2-Individuen mit einem G-Allel die gelbe Farbe haben (die Genotypen GG und Gg). Lediglich der homozygote Genotyp gg liefert die gr\u00fcne Farbe. Da das Allel f\u00fcr gelbe Farbe (G) gegen\u00fcber dem Allel f\u00fcr gr\u00fcne Farbe (g) dominant ist, w\u00fcrde alle F2-Individuen mit einem G-Allel die gelbe Farbe haben (die Genotypen GG und Gg). Lediglich das homozygote Genotyp gg liefert die gr\u00fcne Farbe. Insgesamt wird es also 3 mal mehr gelbe Erbsen geben als gr\u00fcne. Dies ist ein Verh\u00e4ltnis 3:1. Vorsicht: 3:1 (drei zu eins) bedeutet, dass 3\/4 der Individuen also 75% das dominante Merkmal und 1\/4 der Individuen also 25% das rezessive Merkmal aufweisen.<\/p>\n<h3>3. Mendelsche Regel (Unabh\u00e4ngigkeitsregel)<\/h3>\n<figure id=\"attachment_1149\" aria-describedby=\"caption-attachment-1149\" style=\"width: 246px\" class=\"wp-caption alignright\"><img decoding=\"async\" class=\"size-full wp-image-1149\" src=\"https:\/\/nurlernen.de\/biologie\/wp-content\/uploads\/sites\/2\/2025\/07\/dihybrid_dr_labeled.png\" alt=\"Dihybrider Erbgang\" width=\"256\" \/><figcaption id=\"caption-attachment-1149\" class=\"wp-caption-text\">Schematische Darstellung eines dihybriden Erbgangs.<\/figcaption><\/figure>\n<p>Die dritte Mendelsche Regel, die Unabh\u00e4ngigkeitsregel auch Neukombinationsregel genannt, befasst sich mit der parallelen Vererbung von zwei oder mehr Merkmalen (z. B. mit einem dihybriden Erbgang). Mendel hat festgestellt, dass die 1. und die 2. Regel unabh\u00e4ngig f\u00fcr jedes weitere Merkmal gelten, d. h. die Merkmale werden unabh\u00e4ngig von einander vererbt.<\/p>\n<p>Die Abbildung zeigt die Vererbung von Farbe (gelb, gr\u00fcn) und Form (rund, runzelig) von Erbsen. Wenn wir uns nur die Farbe anschauen, sehen wir, dass in der F1-Generation alle Individuen gelb sind (Uniformit\u00e4tsregel) und in der F2-Generation 12 gelbe und 4 gr\u00fcne Erbsen existieren (Spaltungsregel). Diese Verteilung entspricht exakt dem Verh\u00e4ltnis 3:1. Schaue dir nun die Form der Erbsen an. In der F1-Generation sind alle Individuen rund (Uniformit\u00e4tsregel). In der F2-Generation existieren 12 runde und 4 runzelige Erbsen, was wieder dem Verh\u00e4ltnis 3:1 entspricht.<\/p>\n<p>Welche Besonderheit ist hier zu beachten?<\/p>\n<p>Insgesamt gibt es jetzt vier m\u00f6gliche Ph\u00e4notypen (gelb-rund, gelb-runzelig, gr\u00fcn-rund und gr\u00fcn-runzelig) mit der Verteilung 9:3:3:1. Das interessante ist nun, dass in der F2-Generation 3 gelb-runzelige und 3 gr\u00fcn-runde Erbsen auftreten. Diese Kombination war weder in der P-Generation noch in der F1-Generation vorhanden. Diese neue Kombination von Merkmalen gibt dieser Regel die Bezeichnung Neukombinationsregel.<\/p>\n<p>Die Mendelschen Regeln k\u00f6nnen nur erkl\u00e4rt werden, wenn man annimmt, dass die genetische Information in Form diskreter P\u00e4ckchen, sogenannter Gene \u00fcbertragen wird.<\/p>\n<p><a href=\"https:\/\/nurlernen.de\/biologie\/biologie-lernkontrolle\/?quiz=l_100610_q\">Zur Lernkontrolle<\/a><\/p>\n<p><a href=\"https:\/\/nurlernen.de\/biologie\/biologie-akademie\/\">Frau Schmidt befragen<\/a><\/p>\n\n\n<p><button onclick=\"location.href='https:\/\/nurlernen.de\/biologie\/biologie-inhalte\/'\">Lernbereich<\/button>\r\n<button onclick=\"location.href='https:\/\/nurlernen.de\/biologie\/biologie-akademie\/'\">Biologie Akademie<\/button>\r\n<!--button onclick=\"location.href='https:\/\/nurlernen.de\/biologie\/biologie-lernkontrolle\/'\">Lernkontrolle<\/button-->\r\n<!--button onclick=\"location.href='\/biologie-fragenkatalog'\"&gt;Fragenkatalog (F\u00fcr Lehrer)&lt;\/button-->\r\n<\/p>\n","protected":false},"excerpt":{"rendered":"<p>Gregor Mendel hat mit Kreuzungs-Experimenten herausgefunden, dass Merkmale durch Einheiten, die sogenannte Gene \u00fcbertragen werden. Dabei f\u00fchrte er unz\u00e4hlige Kreuzungen an Erbsenpflanzen durch und untersuchte die Weitergabe vieler Merkmale von Generation zu Generation. Mit Hilfe von kontrollierten Kreuzungsexperimenten konnte Mendel drei wichtige Regeln aufstellen, die Uniformit\u00e4tsregel, die Spaltungsregel und die Unabh\u00e4ngigkeitsregel. Diese Regeln werden nachfolgend &#8230; <a title=\"Mendelsche Regeln der Vererbung 1\" class=\"read-more\" href=\"https:\/\/nurlernen.de\/biologie\/mendelsche-regeln-der-vererbung-1\/\" aria-label=\"Mehr Informationen \u00fcber Mendelsche Regeln der Vererbung 1\">Weiterlesen<\/a><\/p>\n","protected":false},"author":1,"featured_media":0,"parent":0,"menu_order":0,"comment_status":"open","ping_status":"closed","template":"","meta":{"footnotes":""},"class_list":["post-1717","page","type-page","status-publish"],"yoast_head":"<!-- This site is optimized with the Yoast SEO plugin v27.5 - https:\/\/yoast.com\/product\/yoast-seo-wordpress\/ -->\n<title>Mendelsche Regeln der Vererbung<\/title>\n<meta name=\"description\" content=\"Mendel hat drei Regeln aufgestellt, die Uniformit\u00e4tsregel, die Spaltungsregel und die Unabh\u00e4ngigkeitsregel. \u00dcberblick, Beispiele, \u00dcbungen.\" \/>\n<meta name=\"robots\" content=\"index, follow, max-snippet:-1, max-image-preview:large, max-video-preview:-1\" \/>\n<link rel=\"canonical\" href=\"https:\/\/nurlernen.de\/biologie\/mendelsche-regeln-der-vererbung-1\/\" \/>\n<meta property=\"og:locale\" content=\"de_DE\" \/>\n<meta property=\"og:type\" content=\"article\" \/>\n<meta property=\"og:title\" content=\"Mendelsche Regeln der Vererbung\" \/>\n<meta property=\"og:description\" content=\"Mendel hat drei Regeln aufgestellt, die Uniformit\u00e4tsregel, die Spaltungsregel und die Unabh\u00e4ngigkeitsregel. \u00dcberblick, Beispiele, \u00dcbungen.\" \/>\n<meta property=\"og:url\" content=\"https:\/\/nurlernen.de\/biologie\/mendelsche-regeln-der-vererbung-1\/\" \/>\n<meta property=\"og:site_name\" content=\"Biologie verstehen\" \/>\n<meta property=\"article:modified_time\" content=\"2025-10-30T11:27:07+00:00\" \/>\n<meta name=\"twitter:card\" content=\"summary_large_image\" \/>\n<meta name=\"twitter:label1\" content=\"Gesch\u00e4tzte Lesezeit\" \/>\n\t<meta name=\"twitter:data1\" content=\"5\u00a0Minuten\" \/>\n<script type=\"application\/ld+json\" class=\"yoast-schema-graph\">{\"@context\":\"https:\\\/\\\/schema.org\",\"@graph\":[{\"@type\":\"WebPage\",\"@id\":\"https:\\\/\\\/nurlernen.de\\\/biologie\\\/mendelsche-regeln-der-vererbung-1\\\/\",\"url\":\"https:\\\/\\\/nurlernen.de\\\/biologie\\\/mendelsche-regeln-der-vererbung-1\\\/\",\"name\":\"Mendelsche Regeln der Vererbung\",\"isPartOf\":{\"@id\":\"https:\\\/\\\/nurlernen.de\\\/biologie\\\/#website\"},\"primaryImageOfPage\":{\"@id\":\"https:\\\/\\\/nurlernen.de\\\/biologie\\\/mendelsche-regeln-der-vererbung-1\\\/#primaryimage\"},\"image\":{\"@id\":\"https:\\\/\\\/nurlernen.de\\\/biologie\\\/mendelsche-regeln-der-vererbung-1\\\/#primaryimage\"},\"thumbnailUrl\":\"https:\\\/\\\/nurlernen.de\\\/biologie\\\/wp-content\\\/uploads\\\/sites\\\/2\\\/2025\\\/07\\\/monohybrid_dr_labeled.png\",\"datePublished\":\"2021-08-09T18:10:19+00:00\",\"dateModified\":\"2025-10-30T11:27:07+00:00\",\"description\":\"Mendel hat drei Regeln aufgestellt, die Uniformit\u00e4tsregel, die Spaltungsregel und die Unabh\u00e4ngigkeitsregel. \u00dcberblick, Beispiele, \u00dcbungen.\",\"breadcrumb\":{\"@id\":\"https:\\\/\\\/nurlernen.de\\\/biologie\\\/mendelsche-regeln-der-vererbung-1\\\/#breadcrumb\"},\"inLanguage\":\"de\",\"potentialAction\":[{\"@type\":\"ReadAction\",\"target\":[\"https:\\\/\\\/nurlernen.de\\\/biologie\\\/mendelsche-regeln-der-vererbung-1\\\/\"]}]},{\"@type\":\"ImageObject\",\"inLanguage\":\"de\",\"@id\":\"https:\\\/\\\/nurlernen.de\\\/biologie\\\/mendelsche-regeln-der-vererbung-1\\\/#primaryimage\",\"url\":\"\",\"contentUrl\":\"\"},{\"@type\":\"BreadcrumbList\",\"@id\":\"https:\\\/\\\/nurlernen.de\\\/biologie\\\/mendelsche-regeln-der-vererbung-1\\\/#breadcrumb\",\"itemListElement\":[{\"@type\":\"ListItem\",\"position\":1,\"name\":\"Startseite\",\"item\":\"https:\\\/\\\/nurlernen.de\\\/biologie\\\/\"},{\"@type\":\"ListItem\",\"position\":2,\"name\":\"Mendelsche Regeln der Vererbung 1\"}]},{\"@type\":\"WebSite\",\"@id\":\"https:\\\/\\\/nurlernen.de\\\/biologie\\\/#website\",\"url\":\"https:\\\/\\\/nurlernen.de\\\/biologie\\\/\",\"name\":\"Biologie Lernen\",\"description\":\"\u00dcber 1000 kostenlose \u00dcbungen\",\"publisher\":{\"@id\":\"https:\\\/\\\/nurlernen.de\\\/biologie\\\/#organization\"},\"potentialAction\":[{\"@type\":\"SearchAction\",\"target\":{\"@type\":\"EntryPoint\",\"urlTemplate\":\"https:\\\/\\\/nurlernen.de\\\/biologie\\\/?s={search_term_string}\"},\"query-input\":{\"@type\":\"PropertyValueSpecification\",\"valueRequired\":true,\"valueName\":\"search_term_string\"}}],\"inLanguage\":\"de\"},{\"@type\":\"Organization\",\"@id\":\"https:\\\/\\\/nurlernen.de\\\/biologie\\\/#organization\",\"name\":\"Biologie Lernen\",\"url\":\"https:\\\/\\\/nurlernen.de\\\/biologie\\\/\",\"logo\":{\"@type\":\"ImageObject\",\"inLanguage\":\"de\",\"@id\":\"https:\\\/\\\/nurlernen.de\\\/biologie\\\/#\\\/schema\\\/logo\\\/image\\\/\",\"url\":\"https:\\\/\\\/nurlernen.de\\\/biologie\\\/wp-content\\\/uploads\\\/sites\\\/2\\\/2025\\\/07\\\/cropped-zellkern.png\",\"contentUrl\":\"https:\\\/\\\/nurlernen.de\\\/biologie\\\/wp-content\\\/uploads\\\/sites\\\/2\\\/2025\\\/07\\\/cropped-zellkern.png\",\"width\":512,\"height\":512,\"caption\":\"Biologie Lernen\"},\"image\":{\"@id\":\"https:\\\/\\\/nurlernen.de\\\/biologie\\\/#\\\/schema\\\/logo\\\/image\\\/\"},\"sameAs\":[\"https:\\\/\\\/www.instagram.com\\\/nurlernen.de\\\/\"]}]}<\/script>\n<!-- \/ Yoast SEO plugin. -->","yoast_head_json":{"title":"Mendelsche Regeln der Vererbung","description":"Mendel hat drei Regeln aufgestellt, die Uniformit\u00e4tsregel, die Spaltungsregel und die Unabh\u00e4ngigkeitsregel. \u00dcberblick, Beispiele, \u00dcbungen.","robots":{"index":"index","follow":"follow","max-snippet":"max-snippet:-1","max-image-preview":"max-image-preview:large","max-video-preview":"max-video-preview:-1"},"canonical":"https:\/\/nurlernen.de\/biologie\/mendelsche-regeln-der-vererbung-1\/","og_locale":"de_DE","og_type":"article","og_title":"Mendelsche Regeln der Vererbung","og_description":"Mendel hat drei Regeln aufgestellt, die Uniformit\u00e4tsregel, die Spaltungsregel und die Unabh\u00e4ngigkeitsregel. \u00dcberblick, Beispiele, \u00dcbungen.","og_url":"https:\/\/nurlernen.de\/biologie\/mendelsche-regeln-der-vererbung-1\/","og_site_name":"Biologie verstehen","article_modified_time":"2025-10-30T11:27:07+00:00","twitter_card":"summary_large_image","twitter_misc":{"Gesch\u00e4tzte Lesezeit":"5\u00a0Minuten"},"schema":{"@context":"https:\/\/schema.org","@graph":[{"@type":"WebPage","@id":"https:\/\/nurlernen.de\/biologie\/mendelsche-regeln-der-vererbung-1\/","url":"https:\/\/nurlernen.de\/biologie\/mendelsche-regeln-der-vererbung-1\/","name":"Mendelsche Regeln der Vererbung","isPartOf":{"@id":"https:\/\/nurlernen.de\/biologie\/#website"},"primaryImageOfPage":{"@id":"https:\/\/nurlernen.de\/biologie\/mendelsche-regeln-der-vererbung-1\/#primaryimage"},"image":{"@id":"https:\/\/nurlernen.de\/biologie\/mendelsche-regeln-der-vererbung-1\/#primaryimage"},"thumbnailUrl":"https:\/\/nurlernen.de\/biologie\/wp-content\/uploads\/sites\/2\/2025\/07\/monohybrid_dr_labeled.png","datePublished":"2021-08-09T18:10:19+00:00","dateModified":"2025-10-30T11:27:07+00:00","description":"Mendel hat drei Regeln aufgestellt, die Uniformit\u00e4tsregel, die Spaltungsregel und die Unabh\u00e4ngigkeitsregel. \u00dcberblick, Beispiele, \u00dcbungen.","breadcrumb":{"@id":"https:\/\/nurlernen.de\/biologie\/mendelsche-regeln-der-vererbung-1\/#breadcrumb"},"inLanguage":"de","potentialAction":[{"@type":"ReadAction","target":["https:\/\/nurlernen.de\/biologie\/mendelsche-regeln-der-vererbung-1\/"]}]},{"@type":"ImageObject","inLanguage":"de","@id":"https:\/\/nurlernen.de\/biologie\/mendelsche-regeln-der-vererbung-1\/#primaryimage","url":"","contentUrl":""},{"@type":"BreadcrumbList","@id":"https:\/\/nurlernen.de\/biologie\/mendelsche-regeln-der-vererbung-1\/#breadcrumb","itemListElement":[{"@type":"ListItem","position":1,"name":"Startseite","item":"https:\/\/nurlernen.de\/biologie\/"},{"@type":"ListItem","position":2,"name":"Mendelsche Regeln der Vererbung 1"}]},{"@type":"WebSite","@id":"https:\/\/nurlernen.de\/biologie\/#website","url":"https:\/\/nurlernen.de\/biologie\/","name":"Biologie Lernen","description":"\u00dcber 1000 kostenlose \u00dcbungen","publisher":{"@id":"https:\/\/nurlernen.de\/biologie\/#organization"},"potentialAction":[{"@type":"SearchAction","target":{"@type":"EntryPoint","urlTemplate":"https:\/\/nurlernen.de\/biologie\/?s={search_term_string}"},"query-input":{"@type":"PropertyValueSpecification","valueRequired":true,"valueName":"search_term_string"}}],"inLanguage":"de"},{"@type":"Organization","@id":"https:\/\/nurlernen.de\/biologie\/#organization","name":"Biologie Lernen","url":"https:\/\/nurlernen.de\/biologie\/","logo":{"@type":"ImageObject","inLanguage":"de","@id":"https:\/\/nurlernen.de\/biologie\/#\/schema\/logo\/image\/","url":"https:\/\/nurlernen.de\/biologie\/wp-content\/uploads\/sites\/2\/2025\/07\/cropped-zellkern.png","contentUrl":"https:\/\/nurlernen.de\/biologie\/wp-content\/uploads\/sites\/2\/2025\/07\/cropped-zellkern.png","width":512,"height":512,"caption":"Biologie Lernen"},"image":{"@id":"https:\/\/nurlernen.de\/biologie\/#\/schema\/logo\/image\/"},"sameAs":["https:\/\/www.instagram.com\/nurlernen.de\/"]}]}},"_links":{"self":[{"href":"https:\/\/nurlernen.de\/biologie\/wp-json\/wp\/v2\/pages\/1717","targetHints":{"allow":["GET"]}}],"collection":[{"href":"https:\/\/nurlernen.de\/biologie\/wp-json\/wp\/v2\/pages"}],"about":[{"href":"https:\/\/nurlernen.de\/biologie\/wp-json\/wp\/v2\/types\/page"}],"author":[{"embeddable":true,"href":"https:\/\/nurlernen.de\/biologie\/wp-json\/wp\/v2\/users\/1"}],"replies":[{"embeddable":true,"href":"https:\/\/nurlernen.de\/biologie\/wp-json\/wp\/v2\/comments?post=1717"}],"version-history":[{"count":8,"href":"https:\/\/nurlernen.de\/biologie\/wp-json\/wp\/v2\/pages\/1717\/revisions"}],"predecessor-version":[{"id":3103,"href":"https:\/\/nurlernen.de\/biologie\/wp-json\/wp\/v2\/pages\/1717\/revisions\/3103"}],"wp:attachment":[{"href":"https:\/\/nurlernen.de\/biologie\/wp-json\/wp\/v2\/media?parent=1717"}],"curies":[{"name":"wp","href":"https:\/\/api.w.org\/{rel}","templated":true}]}}