{"id":1723,"date":"2021-08-09T18:18:49","date_gmt":"2021-08-09T18:18:49","guid":{"rendered":"https:\/\/nurlernen.de\/biologie\/?page_id=1723"},"modified":"2025-10-30T10:04:44","modified_gmt":"2025-10-30T09:04:44","slug":"statistik-und-mendelsche-regeln","status":"publish","type":"page","link":"https:\/\/nurlernen.de\/biologie\/statistik-und-mendelsche-regeln\/","title":{"rendered":"Statistik und Mendelsche Regeln"},"content":{"rendered":"<p>Mit welcher Wahrscheinlichkeit oder H\u00e4ufigkeit entstehen bestimmte Ph\u00e4notypen und Gameten? Wie kommen z. B. die Verh\u00e4ltnisse 3:1 oder 9:3:3:1 zustande? Mit Hilfe der Mathematik\u00a0 und unter Anwendung von Statistik k\u00f6nnen wir diese Fragen beantworten. Dazu werden wir zuerst die Wahrscheinlichkeit f\u00fcr die Entstehung eines bestimmten Gametentyps berechnen. Wir gehen zuerst von einer gleichen Wahrscheinlichkeit der Allele f\u00fcr die Verteilung in Gameten aus. Chromosomen-Mutationen, wie z. B. Trisomien und gekoppelte Erbg\u00e4ngewerden wir erst einaml nicht betrachten.<\/p>\n<p>Bei der Bestimmung von Genotypen und Ph\u00e4notypen sind mathematisch zwei Aspekte besonders relevant. Zum einen ist zu kl\u00e4ren mit welcher Wahrscheinlichkeit bestimmte Gameten entstehen. Desweiteren ist zu bestimmen, mit welcher Wahrscheinlichkeit diese Gameten eine Zygote (befruchtete Eizelle) bilden k\u00f6nnen.<\/p>\n<h4>Wie werden Gameten-Wahrscheinlichkeiten bestimmt?<\/h4>\n<p>Wir betrachten zuerst den (einfachsten) Fall eines homozygoten Individuums mit dem Genotyp AA (monohybrid). AA bedeutet, dass beide Allele f\u00fcr das Merkmal A gleich und dominant sind. Bei der Meiose werden nur diese beiden Allele in Gameten verteilt. Welchen Genotyp w\u00fcrden die Gameten in diesem Falle haben, wenn wir Mutationen nicht ber\u00fccksichtigen?<\/p>\n<p>Dieses Individuum kann nur EINE Sorte an Gameten ausbilden, n\u00e4mlich A. Das gleiche gilt f\u00fcr ein homozygotes Individuum mit dem Genotypen aa. Dieses kann nur Gameten des Genotyps a hervorbringen. Beachte bitte, dass durch Mutationen eine Umwandlung von A in a und umgekehrt m\u00f6glich ist. Deshalb vernachl\u00e4ssigen wir Mutationen bei diesen \u00dcberlegungen g\u00e4nzlich. Nun schauen wir uns ein heterozygotes Individuum mit dem Genotypen Aa an. Welche Gameten w\u00fcrde dieses Individuum produzieren k\u00f6nnen?<\/p>\n<p>W\u00e4hrend der Meiose bekommen die Keimzellen jeweils nur ein Allel. Dies kann ein A oder ein a sein, also eines von zwei M\u00f6glichen. Dies beschreibt eine Wahrscheinlichkeit von 1\/2 also 50% f\u00fcr jedes Allel. Ein heterozygotes Individuum kann also ZWEI Sorten von Gameten jeweils mit einer Wahrscheinlichkeit von 50% hervorbringen.<\/p>\n<h4>Wie sieht es bei einem dihybriden Erbgang aus?<\/h4>\n<p>Betrachten wir nun den dihybriden Fall, also die Vererbung von zwei Merkmalen. Bei dem einfachsten Fall (homozygotes Individuum) mit dem Genotyp AABB ergibt sich wieder nur EINE Sorte an Gameten n\u00e4mlich AB. Dies gilt auch f\u00fcr weitere homozygote Genotypen, wie AAbb, aaBB und aabb. Sie alle k\u00f6nnen NUR eine Sorte an Gameten hervorbringen.<\/p>\n<h4>Und was ist mit heterozygoten Individuen?<\/h4>\n<p>Falls Individuen bez\u00fcglich eines Merkmals homozygot und bez\u00fcglich des zweiten Merkmals heterozygot sind (z. B. Genotyp aaBb), dann k\u00f6nnen zwei Sorten von Gameten (aB und ab) mit einer Wahrscheinlichkeit von 50% produziert werden. Wie kommt man nun auf die Wahrscheinlichkeit 50%?<\/p>\n<p>Nun eins von zwei M\u00f6glichkeiten sind einhalb oder 50%. Mathematisch w\u00fcrde man folgenderma\u00dfen argumentieren:<\/p>\n<p>Die Wahrscheinlichkeit, dass zwei Ereignisse gleichzeitig auftreten, wird in der Mathematik durch Produkt der Einzelwahrscheinlichkeiten berechnet. Die Wahrscheinlichkeit, dass ein a in den Gamet gelangt ist 1 von 1 oder 100%. Da das Individuum bez\u00fcglich des Merkmals A homozygot ist (Genotyp aa), kann es nur eine Sorte an Gameten f\u00fcr das Allel a produzieren. Die Wahrscheinlichkeit f\u00fcr das B oder das b im Gamet betr\u00e4gt 1 von 2, also 1\/2 oder 0,5. Da hier zwei m\u00f6gliche Konfigurationen f\u00fcr den Gamet (B oder b) infrage kommen. Die Wahrscheinlichkeit f\u00fcr ein aB oder ab ist also das Produkt der Einzelwahrscheinlichkeiten: 1 x 0,5 = 0,5. Mathematisch ist eine Wahrscheinlichkeit von 1 genau 100%. Eine Wahrscheinlichkeit von 0,5 bedeutet also 50%.<\/p>\n\n\n<p><button onclick=\"location.href='https:\/\/nurlernen.de\/biologie\/biologie-inhalte\/'\">Lernbereich<\/button>\r\n<button onclick=\"location.href='https:\/\/nurlernen.de\/biologie\/biologie-akademie\/'\">Biologie Akademie<\/button>\r\n<!--button onclick=\"location.href='https:\/\/nurlernen.de\/biologie\/biologie-lernkontrolle\/'\">Lernkontrolle<\/button-->\r\n<!--button onclick=\"location.href='\/biologie-fragenkatalog'\"&gt;Fragenkatalog (F\u00fcr Lehrer)&lt;\/button-->\r\n<\/p>\n","protected":false},"excerpt":{"rendered":"<p>Mit welcher Wahrscheinlichkeit oder H\u00e4ufigkeit entstehen bestimmte Ph\u00e4notypen und Gameten? Wie kommen z. B. die Verh\u00e4ltnisse 3:1 oder 9:3:3:1 zustande? Mit Hilfe der Mathematik\u00a0 und unter Anwendung von Statistik k\u00f6nnen wir diese Fragen beantworten. Dazu werden wir zuerst die Wahrscheinlichkeit f\u00fcr die Entstehung eines bestimmten Gametentyps berechnen. Wir gehen zuerst von einer gleichen Wahrscheinlichkeit der &#8230; <a title=\"Statistik und Mendelsche Regeln\" class=\"read-more\" href=\"https:\/\/nurlernen.de\/biologie\/statistik-und-mendelsche-regeln\/\" aria-label=\"Mehr Informationen \u00fcber Statistik und Mendelsche Regeln\">Weiterlesen<\/a><\/p>\n","protected":false},"author":1,"featured_media":0,"parent":0,"menu_order":0,"comment_status":"open","ping_status":"closed","template":"","meta":{"footnotes":""},"class_list":["post-1723","page","type-page","status-publish"],"yoast_head":"<!-- This site is optimized with the Yoast SEO plugin v27.5 - https:\/\/yoast.com\/product\/yoast-seo-wordpress\/ -->\n<title>Statistik und Mendelsche Regeln<\/title>\n<meta name=\"description\" content=\"Mit welcher Wahrscheinlichkeit (H\u00e4ufigkeit) entstehen bestimmte Ph\u00e4notypen und Gameten? Wie kommt das Verh\u00e4ltnis 3:1 oder 9:3:3:1 zustande?\" \/>\n<meta name=\"robots\" content=\"index, follow, max-snippet:-1, max-image-preview:large, max-video-preview:-1\" \/>\n<link rel=\"canonical\" href=\"https:\/\/nurlernen.de\/biologie\/statistik-und-mendelsche-regeln\/\" \/>\n<meta property=\"og:locale\" content=\"de_DE\" \/>\n<meta property=\"og:type\" content=\"article\" \/>\n<meta property=\"og:title\" content=\"Statistik und Mendelsche Regeln\" \/>\n<meta property=\"og:description\" content=\"Mit welcher Wahrscheinlichkeit (H\u00e4ufigkeit) entstehen bestimmte Ph\u00e4notypen und Gameten? Wie kommt das Verh\u00e4ltnis 3:1 oder 9:3:3:1 zustande?\" \/>\n<meta property=\"og:url\" content=\"https:\/\/nurlernen.de\/biologie\/statistik-und-mendelsche-regeln\/\" \/>\n<meta property=\"og:site_name\" content=\"Biologie verstehen\" \/>\n<meta property=\"article:modified_time\" content=\"2025-10-30T09:04:44+00:00\" \/>\n<meta name=\"twitter:card\" content=\"summary_large_image\" \/>\n<meta name=\"twitter:label1\" content=\"Gesch\u00e4tzte Lesezeit\" \/>\n\t<meta name=\"twitter:data1\" content=\"3\u00a0Minuten\" \/>\n<script type=\"application\/ld+json\" class=\"yoast-schema-graph\">{\"@context\":\"https:\\\/\\\/schema.org\",\"@graph\":[{\"@type\":\"WebPage\",\"@id\":\"https:\\\/\\\/nurlernen.de\\\/biologie\\\/statistik-und-mendelsche-regeln\\\/\",\"url\":\"https:\\\/\\\/nurlernen.de\\\/biologie\\\/statistik-und-mendelsche-regeln\\\/\",\"name\":\"Statistik und Mendelsche Regeln\",\"isPartOf\":{\"@id\":\"https:\\\/\\\/nurlernen.de\\\/biologie\\\/#website\"},\"datePublished\":\"2021-08-09T18:18:49+00:00\",\"dateModified\":\"2025-10-30T09:04:44+00:00\",\"description\":\"Mit welcher Wahrscheinlichkeit (H\u00e4ufigkeit) entstehen bestimmte Ph\u00e4notypen und Gameten? Wie kommt das Verh\u00e4ltnis 3:1 oder 9:3:3:1 zustande?\",\"breadcrumb\":{\"@id\":\"https:\\\/\\\/nurlernen.de\\\/biologie\\\/statistik-und-mendelsche-regeln\\\/#breadcrumb\"},\"inLanguage\":\"de\",\"potentialAction\":[{\"@type\":\"ReadAction\",\"target\":[\"https:\\\/\\\/nurlernen.de\\\/biologie\\\/statistik-und-mendelsche-regeln\\\/\"]}]},{\"@type\":\"BreadcrumbList\",\"@id\":\"https:\\\/\\\/nurlernen.de\\\/biologie\\\/statistik-und-mendelsche-regeln\\\/#breadcrumb\",\"itemListElement\":[{\"@type\":\"ListItem\",\"position\":1,\"name\":\"Startseite\",\"item\":\"https:\\\/\\\/nurlernen.de\\\/biologie\\\/\"},{\"@type\":\"ListItem\",\"position\":2,\"name\":\"Statistik und Mendelsche Regeln\"}]},{\"@type\":\"WebSite\",\"@id\":\"https:\\\/\\\/nurlernen.de\\\/biologie\\\/#website\",\"url\":\"https:\\\/\\\/nurlernen.de\\\/biologie\\\/\",\"name\":\"Biologie Lernen\",\"description\":\"\u00dcber 1000 kostenlose \u00dcbungen\",\"publisher\":{\"@id\":\"https:\\\/\\\/nurlernen.de\\\/biologie\\\/#organization\"},\"potentialAction\":[{\"@type\":\"SearchAction\",\"target\":{\"@type\":\"EntryPoint\",\"urlTemplate\":\"https:\\\/\\\/nurlernen.de\\\/biologie\\\/?s={search_term_string}\"},\"query-input\":{\"@type\":\"PropertyValueSpecification\",\"valueRequired\":true,\"valueName\":\"search_term_string\"}}],\"inLanguage\":\"de\"},{\"@type\":\"Organization\",\"@id\":\"https:\\\/\\\/nurlernen.de\\\/biologie\\\/#organization\",\"name\":\"Biologie Lernen\",\"url\":\"https:\\\/\\\/nurlernen.de\\\/biologie\\\/\",\"logo\":{\"@type\":\"ImageObject\",\"inLanguage\":\"de\",\"@id\":\"https:\\\/\\\/nurlernen.de\\\/biologie\\\/#\\\/schema\\\/logo\\\/image\\\/\",\"url\":\"https:\\\/\\\/nurlernen.de\\\/biologie\\\/wp-content\\\/uploads\\\/sites\\\/2\\\/2025\\\/07\\\/cropped-zellkern.png\",\"contentUrl\":\"https:\\\/\\\/nurlernen.de\\\/biologie\\\/wp-content\\\/uploads\\\/sites\\\/2\\\/2025\\\/07\\\/cropped-zellkern.png\",\"width\":512,\"height\":512,\"caption\":\"Biologie Lernen\"},\"image\":{\"@id\":\"https:\\\/\\\/nurlernen.de\\\/biologie\\\/#\\\/schema\\\/logo\\\/image\\\/\"},\"sameAs\":[\"https:\\\/\\\/www.instagram.com\\\/nurlernen.de\\\/\"]}]}<\/script>\n<!-- \/ Yoast SEO plugin. -->","yoast_head_json":{"title":"Statistik und Mendelsche Regeln","description":"Mit welcher Wahrscheinlichkeit (H\u00e4ufigkeit) entstehen bestimmte Ph\u00e4notypen und Gameten? Wie kommt das Verh\u00e4ltnis 3:1 oder 9:3:3:1 zustande?","robots":{"index":"index","follow":"follow","max-snippet":"max-snippet:-1","max-image-preview":"max-image-preview:large","max-video-preview":"max-video-preview:-1"},"canonical":"https:\/\/nurlernen.de\/biologie\/statistik-und-mendelsche-regeln\/","og_locale":"de_DE","og_type":"article","og_title":"Statistik und Mendelsche Regeln","og_description":"Mit welcher Wahrscheinlichkeit (H\u00e4ufigkeit) entstehen bestimmte Ph\u00e4notypen und Gameten? Wie kommt das Verh\u00e4ltnis 3:1 oder 9:3:3:1 zustande?","og_url":"https:\/\/nurlernen.de\/biologie\/statistik-und-mendelsche-regeln\/","og_site_name":"Biologie verstehen","article_modified_time":"2025-10-30T09:04:44+00:00","twitter_card":"summary_large_image","twitter_misc":{"Gesch\u00e4tzte Lesezeit":"3\u00a0Minuten"},"schema":{"@context":"https:\/\/schema.org","@graph":[{"@type":"WebPage","@id":"https:\/\/nurlernen.de\/biologie\/statistik-und-mendelsche-regeln\/","url":"https:\/\/nurlernen.de\/biologie\/statistik-und-mendelsche-regeln\/","name":"Statistik und Mendelsche Regeln","isPartOf":{"@id":"https:\/\/nurlernen.de\/biologie\/#website"},"datePublished":"2021-08-09T18:18:49+00:00","dateModified":"2025-10-30T09:04:44+00:00","description":"Mit welcher Wahrscheinlichkeit (H\u00e4ufigkeit) entstehen bestimmte Ph\u00e4notypen und Gameten? Wie kommt das Verh\u00e4ltnis 3:1 oder 9:3:3:1 zustande?","breadcrumb":{"@id":"https:\/\/nurlernen.de\/biologie\/statistik-und-mendelsche-regeln\/#breadcrumb"},"inLanguage":"de","potentialAction":[{"@type":"ReadAction","target":["https:\/\/nurlernen.de\/biologie\/statistik-und-mendelsche-regeln\/"]}]},{"@type":"BreadcrumbList","@id":"https:\/\/nurlernen.de\/biologie\/statistik-und-mendelsche-regeln\/#breadcrumb","itemListElement":[{"@type":"ListItem","position":1,"name":"Startseite","item":"https:\/\/nurlernen.de\/biologie\/"},{"@type":"ListItem","position":2,"name":"Statistik und Mendelsche Regeln"}]},{"@type":"WebSite","@id":"https:\/\/nurlernen.de\/biologie\/#website","url":"https:\/\/nurlernen.de\/biologie\/","name":"Biologie Lernen","description":"\u00dcber 1000 kostenlose \u00dcbungen","publisher":{"@id":"https:\/\/nurlernen.de\/biologie\/#organization"},"potentialAction":[{"@type":"SearchAction","target":{"@type":"EntryPoint","urlTemplate":"https:\/\/nurlernen.de\/biologie\/?s={search_term_string}"},"query-input":{"@type":"PropertyValueSpecification","valueRequired":true,"valueName":"search_term_string"}}],"inLanguage":"de"},{"@type":"Organization","@id":"https:\/\/nurlernen.de\/biologie\/#organization","name":"Biologie Lernen","url":"https:\/\/nurlernen.de\/biologie\/","logo":{"@type":"ImageObject","inLanguage":"de","@id":"https:\/\/nurlernen.de\/biologie\/#\/schema\/logo\/image\/","url":"https:\/\/nurlernen.de\/biologie\/wp-content\/uploads\/sites\/2\/2025\/07\/cropped-zellkern.png","contentUrl":"https:\/\/nurlernen.de\/biologie\/wp-content\/uploads\/sites\/2\/2025\/07\/cropped-zellkern.png","width":512,"height":512,"caption":"Biologie Lernen"},"image":{"@id":"https:\/\/nurlernen.de\/biologie\/#\/schema\/logo\/image\/"},"sameAs":["https:\/\/www.instagram.com\/nurlernen.de\/"]}]}},"_links":{"self":[{"href":"https:\/\/nurlernen.de\/biologie\/wp-json\/wp\/v2\/pages\/1723","targetHints":{"allow":["GET"]}}],"collection":[{"href":"https:\/\/nurlernen.de\/biologie\/wp-json\/wp\/v2\/pages"}],"about":[{"href":"https:\/\/nurlernen.de\/biologie\/wp-json\/wp\/v2\/types\/page"}],"author":[{"embeddable":true,"href":"https:\/\/nurlernen.de\/biologie\/wp-json\/wp\/v2\/users\/1"}],"replies":[{"embeddable":true,"href":"https:\/\/nurlernen.de\/biologie\/wp-json\/wp\/v2\/comments?post=1723"}],"version-history":[{"count":4,"href":"https:\/\/nurlernen.de\/biologie\/wp-json\/wp\/v2\/pages\/1723\/revisions"}],"predecessor-version":[{"id":3088,"href":"https:\/\/nurlernen.de\/biologie\/wp-json\/wp\/v2\/pages\/1723\/revisions\/3088"}],"wp:attachment":[{"href":"https:\/\/nurlernen.de\/biologie\/wp-json\/wp\/v2\/media?parent=1723"}],"curies":[{"name":"wp","href":"https:\/\/api.w.org\/{rel}","templated":true}]}}