{"id":1747,"date":"2021-08-10T11:21:42","date_gmt":"2021-08-10T11:21:42","guid":{"rendered":"https:\/\/nurlernen.de\/biologie\/?page_id=1747"},"modified":"2025-12-11T09:00:17","modified_gmt":"2025-12-11T08:00:17","slug":"biologie-inhalte","status":"publish","type":"page","link":"https:\/\/nurlernen.de\/biologie\/biologie-inhalte\/","title":{"rendered":"Biologie Lernbereich"},"content":{"rendered":"<p><span style=\"font-size: inherit;\"><img loading=\"lazy\" decoding=\"async\" class=\"alignright size-thumbnail wp-image-3176\" src=\"https:\/\/nurlernen.de\/biologie\/wp-content\/uploads\/sites\/2\/2025\/11\/progress_icon-150x150.png\" alt=\"\" width=\"150\" height=\"150\" srcset=\"https:\/\/nurlernen.de\/biologie\/wp-content\/uploads\/sites\/2\/2025\/11\/progress_icon-150x150.png 150w, https:\/\/nurlernen.de\/biologie\/wp-content\/uploads\/sites\/2\/2025\/11\/progress_icon.png 256w\" sizes=\"auto, (max-width: 150px) 100vw, 150px\" \/>Hier kannst du dich auf deine Biologie Pr\u00fcfung (auch Abitur) vorbereiten. Klicke auf <\/span><strong style=\"font-size: inherit;\">Lernbaum<\/strong><span style=\"font-size: inherit;\">, um eine \u00dcbersicht der zur Verf\u00fcgung stehenden Lektionen f\u00fcr das jeweilige Kapitel zu erhalten.<\/span><\/p>\n\n\n\r\n\t\t<script>\r\n\t\t\tdocument.addEventListener(\"DOMContentLoaded\", function() {\r\n\t\t\t\tnmb_update_player_statistics();\r\n\t\t\t\tloadChaptersFromXML();\r\n\t\t\t});\r\n\t\t<\/script>\r\n\t\t\r\n\t\t<div id =\"nmb_biology_chapters\" >\r\n\t\t\t\r\n\t\t<\/div>\n\n\n<p>Wir erfassen folgende Statistiken f\u00fcr dich:<\/p>\n<ul>\n<li>Anzahl der Trainings, die du absolviert hast<\/li>\n<li>Dein Notendurchschnitt f\u00fcr dieses Kapitel<\/li>\n<li>Gesamtzahl der beantworteten Fragen<\/li>\n<li>Gesamtzahl deiner korrekten\u00a0<\/li>\n<\/ul>\n\n\n<hr class=\"wp-block-separator has-alpha-channel-opacity\"\/>\n\n\n<div id=\"polls-2\" class=\"wp-polls\">\n\t<form id=\"polls_form_2\" class=\"wp-polls-form\" action=\"\/index.php\" method=\"post\">\n\t\t<p style=\"display: none;\"><input type=\"hidden\" id=\"poll_2_nonce\" name=\"wp-polls-nonce\" value=\"f15d204394\" \/><\/p>\n\t\t<p style=\"display: none;\"><input type=\"hidden\" name=\"poll_id\" value=\"2\" \/><\/p>\n\t\t<p style=\"display: none;\"><input type=\"hidden\" id=\"poll_multiple_ans_2\" name=\"poll_multiple_ans_2\" value=\"2\" \/><\/p>\n\t\t<p style=\"text-align: left\"><strong>Wie sollen wir unsere Seite f\u00fcr dich verbessern, um dir zu helfen bessere Noten in Bio zu bekommen? (W\u00e4hle zwei Antworten)<\/strong><\/p><div id=\"polls-2-ans\" class=\"wp-polls-ans\"><ul class=\"wp-polls-ul\">\n\t\t<li><input type=\"checkbox\" id=\"poll-answer-6\" name=\"poll_2\" value=\"6\" \/> <label for=\"poll-answer-6\">Mehr Quiz-Fragen<\/label><\/li>\n\t\t<li><input type=\"checkbox\" id=\"poll-answer-7\" name=\"poll_2\" value=\"7\" \/> <label for=\"poll-answer-7\">Mehr Artikel und Texte<\/label><\/li>\n\t\t<li><input type=\"checkbox\" id=\"poll-answer-8\" name=\"poll_2\" value=\"8\" \/> <label for=\"poll-answer-8\">Mehr Texte in Biologie Akademie mit den virtuellen Lehrern<\/label><\/li>\n\t\t<li><input type=\"checkbox\" id=\"poll-answer-9\" name=\"poll_2\" value=\"9\" \/> <label for=\"poll-answer-9\">Die M\u00f6glichkeit eigene Quizzen zu erstellen und in PDF zu exportieren<\/label><\/li>\n\t\t<li><input type=\"checkbox\" id=\"poll-answer-10\" name=\"poll_2\" value=\"10\" \/> <label for=\"poll-answer-10\">Biologie-Spiele<\/label><\/li>\n\t\t<\/ul><p style=\"text-align: center\"><input type=\"button\" name=\"vote\" value=\"   Abstimmen   \" class=\"Buttons\" onclick=\"poll_vote(2);\" \/><\/p><p style=\"text-align: center\"><a href=\"#ViewPollResults\" onclick=\"poll_result(2); return false;\" title=\"Ergebnisse dieser Umfrage anzeigen\">Ergebnisse anzeigen<\/a><\/p><\/div>\n\t<\/form>\n<\/div>\n<div id=\"polls-2-loading\" class=\"wp-polls-loading\"><img loading=\"lazy\" decoding=\"async\" src=\"https:\/\/nurlernen.de\/biologie\/wp-content\/plugins\/wp-polls\/images\/loading.gif\" width=\"16\" height=\"16\" alt=\"Wird geladen ...\" title=\"Wird geladen ...\" class=\"wp-polls-image\" \/>&nbsp;Wird geladen ...<\/div>\n\n\n\n\n<p>Weitere hilfreiche Seiten:<\/p>\n\n\n\n<p><button onclick=\"location.href='https:\/\/nurlernen.de\/biologie\/biologie-inhalte\/'\">Lernbereich<\/button>\n<button onclick=\"location.href='https:\/\/nurlernen.de\/biologie\/biologie-akademie\/'\">Biologie Akademie<\/button>\n<button onclick=\"location.href='https:\/\/nurlernen.de\/biologie\/biologie-artikel\/'\">Artikelsammlung<\/button>\n<!--button onclick=\"location.href='https:\/\/nurlernen.de\/biologie\/biologie-lernkontrolle\/'\">Lernkontrolle<\/button-->\n<!--button onclick=\"location.href='\/biologie-fragenkatalog'\"&gt;Fragenkatalog (F\u00fcr Lehrer)&lt;\/button-->\n<\/p>\n","protected":false},"excerpt":{"rendered":"<p>Hier kannst du dich auf deine Biologie Pr\u00fcfung (auch Abitur) vorbereiten. Klicke auf Lernbaum, um eine \u00dcbersicht der zur Verf\u00fcgung stehenden Lektionen f\u00fcr das jeweilige Kapitel zu erhalten. Wir erfassen folgende Statistiken f\u00fcr dich: Anzahl der Trainings, die du absolviert hast Dein Notendurchschnitt f\u00fcr dieses Kapitel Gesamtzahl der beantworteten Fragen Gesamtzahl deiner korrekten\u00a0 Weitere hilfreiche &#8230; <a title=\"Biologie Lernbereich\" class=\"read-more\" href=\"https:\/\/nurlernen.de\/biologie\/biologie-inhalte\/\" aria-label=\"Mehr Informationen \u00fcber Biologie Lernbereich\">Weiterlesen<\/a><\/p>\n","protected":false},"author":1,"featured_media":0,"parent":0,"menu_order":0,"comment_status":"open","ping_status":"closed","template":"","meta":{"footnotes":""},"class_list":["post-1747","page","type-page","status-publish"],"yoast_head":"<!-- This site is optimized with the Yoast SEO plugin v27.5 - https:\/\/yoast.com\/product\/yoast-seo-wordpress\/ -->\n<title>Biologie Pr\u00fcfung und Abitur Vorbereitung<\/title>\n<meta name=\"description\" content=\"Verbesserung deiner Noten mit \u00fcber 1000 kostenlose Fragen zu diversen Biologie-Themen. Teste dich und halte deinen Fortschritt nach.\" \/>\n<meta name=\"robots\" content=\"index, follow, max-snippet:-1, max-image-preview:large, max-video-preview:-1\" \/>\n<link rel=\"canonical\" href=\"https:\/\/nurlernen.de\/biologie\/biologie-inhalte\/\" \/>\n<meta property=\"og:locale\" content=\"de_DE\" \/>\n<meta property=\"og:type\" content=\"article\" \/>\n<meta property=\"og:title\" content=\"Biologie Pr\u00fcfung und Abitur Vorbereitung\" \/>\n<meta property=\"og:description\" content=\"Verbesserung deiner Noten mit \u00fcber 1000 kostenlose Fragen zu diversen Biologie-Themen. Teste dich und halte deinen Fortschritt nach.\" \/>\n<meta property=\"og:url\" content=\"https:\/\/nurlernen.de\/biologie\/biologie-inhalte\/\" \/>\n<meta property=\"og:site_name\" content=\"Biologie verstehen\" \/>\n<meta property=\"article:modified_time\" content=\"2025-12-11T08:00:17+00:00\" \/>\n<meta property=\"og:image\" content=\"https:\/\/nurlernen.de\/biologie\/wp-content\/uploads\/sites\/2\/2025\/11\/progress_icon.png\" \/>\n\t<meta property=\"og:image:width\" content=\"256\" \/>\n\t<meta property=\"og:image:height\" content=\"256\" \/>\n\t<meta property=\"og:image:type\" content=\"image\/png\" \/>\n<meta name=\"twitter:card\" content=\"summary_large_image\" \/>\n<meta name=\"twitter:label1\" content=\"Gesch\u00e4tzte Lesezeit\" \/>\n\t<meta name=\"twitter:data1\" content=\"1\u00a0Minute\" \/>\n<script type=\"application\/ld+json\" class=\"yoast-schema-graph\">{\"@context\":\"https:\\\/\\\/schema.org\",\"@graph\":[{\"@type\":\"WebPage\",\"@id\":\"https:\\\/\\\/nurlernen.de\\\/biologie\\\/biologie-inhalte\\\/\",\"url\":\"https:\\\/\\\/nurlernen.de\\\/biologie\\\/biologie-inhalte\\\/\",\"name\":\"Biologie Pr\u00fcfung und Abitur Vorbereitung\",\"isPartOf\":{\"@id\":\"https:\\\/\\\/nurlernen.de\\\/biologie\\\/#website\"},\"primaryImageOfPage\":{\"@id\":\"https:\\\/\\\/nurlernen.de\\\/biologie\\\/biologie-inhalte\\\/#primaryimage\"},\"image\":{\"@id\":\"https:\\\/\\\/nurlernen.de\\\/biologie\\\/biologie-inhalte\\\/#primaryimage\"},\"thumbnailUrl\":\"https:\\\/\\\/nurlernen.de\\\/biologie\\\/wp-content\\\/uploads\\\/sites\\\/2\\\/2025\\\/11\\\/progress_icon-150x150.png\",\"datePublished\":\"2021-08-10T11:21:42+00:00\",\"dateModified\":\"2025-12-11T08:00:17+00:00\",\"description\":\"Verbesserung deiner Noten mit \u00fcber 1000 kostenlose Fragen zu diversen Biologie-Themen. Teste dich und halte deinen Fortschritt nach.\",\"breadcrumb\":{\"@id\":\"https:\\\/\\\/nurlernen.de\\\/biologie\\\/biologie-inhalte\\\/#breadcrumb\"},\"inLanguage\":\"de\",\"potentialAction\":[{\"@type\":\"ReadAction\",\"target\":[\"https:\\\/\\\/nurlernen.de\\\/biologie\\\/biologie-inhalte\\\/\"]}]},{\"@type\":\"ImageObject\",\"inLanguage\":\"de\",\"@id\":\"https:\\\/\\\/nurlernen.de\\\/biologie\\\/biologie-inhalte\\\/#primaryimage\",\"url\":\"https:\\\/\\\/nurlernen.de\\\/biologie\\\/wp-content\\\/uploads\\\/sites\\\/2\\\/2025\\\/11\\\/progress_icon.png\",\"contentUrl\":\"https:\\\/\\\/nurlernen.de\\\/biologie\\\/wp-content\\\/uploads\\\/sites\\\/2\\\/2025\\\/11\\\/progress_icon.png\",\"width\":256,\"height\":256},{\"@type\":\"BreadcrumbList\",\"@id\":\"https:\\\/\\\/nurlernen.de\\\/biologie\\\/biologie-inhalte\\\/#breadcrumb\",\"itemListElement\":[{\"@type\":\"ListItem\",\"position\":1,\"name\":\"Startseite\",\"item\":\"https:\\\/\\\/nurlernen.de\\\/biologie\\\/\"},{\"@type\":\"ListItem\",\"position\":2,\"name\":\"Biologie Lernbereich\"}]},{\"@type\":\"WebSite\",\"@id\":\"https:\\\/\\\/nurlernen.de\\\/biologie\\\/#website\",\"url\":\"https:\\\/\\\/nurlernen.de\\\/biologie\\\/\",\"name\":\"Biologie Lernen\",\"description\":\"\u00dcber 1000 kostenlose \u00dcbungen\",\"publisher\":{\"@id\":\"https:\\\/\\\/nurlernen.de\\\/biologie\\\/#organization\"},\"potentialAction\":[{\"@type\":\"SearchAction\",\"target\":{\"@type\":\"EntryPoint\",\"urlTemplate\":\"https:\\\/\\\/nurlernen.de\\\/biologie\\\/?s={search_term_string}\"},\"query-input\":{\"@type\":\"PropertyValueSpecification\",\"valueRequired\":true,\"valueName\":\"search_term_string\"}}],\"inLanguage\":\"de\"},{\"@type\":\"Organization\",\"@id\":\"https:\\\/\\\/nurlernen.de\\\/biologie\\\/#organization\",\"name\":\"Biologie Lernen\",\"url\":\"https:\\\/\\\/nurlernen.de\\\/biologie\\\/\",\"logo\":{\"@type\":\"ImageObject\",\"inLanguage\":\"de\",\"@id\":\"https:\\\/\\\/nurlernen.de\\\/biologie\\\/#\\\/schema\\\/logo\\\/image\\\/\",\"url\":\"https:\\\/\\\/nurlernen.de\\\/biologie\\\/wp-content\\\/uploads\\\/sites\\\/2\\\/2025\\\/07\\\/cropped-zellkern.png\",\"contentUrl\":\"https:\\\/\\\/nurlernen.de\\\/biologie\\\/wp-content\\\/uploads\\\/sites\\\/2\\\/2025\\\/07\\\/cropped-zellkern.png\",\"width\":512,\"height\":512,\"caption\":\"Biologie Lernen\"},\"image\":{\"@id\":\"https:\\\/\\\/nurlernen.de\\\/biologie\\\/#\\\/schema\\\/logo\\\/image\\\/\"},\"sameAs\":[\"https:\\\/\\\/www.instagram.com\\\/nurlernen.de\\\/\"]}]}<\/script>\n<!-- \/ Yoast SEO plugin. -->","yoast_head_json":{"title":"Biologie Pr\u00fcfung und Abitur Vorbereitung","description":"Verbesserung deiner Noten mit \u00fcber 1000 kostenlose Fragen zu diversen Biologie-Themen. Teste dich und halte deinen Fortschritt nach.","robots":{"index":"index","follow":"follow","max-snippet":"max-snippet:-1","max-image-preview":"max-image-preview:large","max-video-preview":"max-video-preview:-1"},"canonical":"https:\/\/nurlernen.de\/biologie\/biologie-inhalte\/","og_locale":"de_DE","og_type":"article","og_title":"Biologie Pr\u00fcfung und Abitur Vorbereitung","og_description":"Verbesserung deiner Noten mit \u00fcber 1000 kostenlose Fragen zu diversen Biologie-Themen. Teste dich und halte deinen Fortschritt nach.","og_url":"https:\/\/nurlernen.de\/biologie\/biologie-inhalte\/","og_site_name":"Biologie verstehen","article_modified_time":"2025-12-11T08:00:17+00:00","og_image":[{"width":256,"height":256,"url":"https:\/\/nurlernen.de\/biologie\/wp-content\/uploads\/sites\/2\/2025\/11\/progress_icon.png","type":"image\/png"}],"twitter_card":"summary_large_image","twitter_misc":{"Gesch\u00e4tzte Lesezeit":"1\u00a0Minute"},"schema":{"@context":"https:\/\/schema.org","@graph":[{"@type":"WebPage","@id":"https:\/\/nurlernen.de\/biologie\/biologie-inhalte\/","url":"https:\/\/nurlernen.de\/biologie\/biologie-inhalte\/","name":"Biologie Pr\u00fcfung und Abitur Vorbereitung","isPartOf":{"@id":"https:\/\/nurlernen.de\/biologie\/#website"},"primaryImageOfPage":{"@id":"https:\/\/nurlernen.de\/biologie\/biologie-inhalte\/#primaryimage"},"image":{"@id":"https:\/\/nurlernen.de\/biologie\/biologie-inhalte\/#primaryimage"},"thumbnailUrl":"https:\/\/nurlernen.de\/biologie\/wp-content\/uploads\/sites\/2\/2025\/11\/progress_icon-150x150.png","datePublished":"2021-08-10T11:21:42+00:00","dateModified":"2025-12-11T08:00:17+00:00","description":"Verbesserung deiner Noten mit \u00fcber 1000 kostenlose Fragen zu diversen Biologie-Themen. Teste dich und halte deinen Fortschritt nach.","breadcrumb":{"@id":"https:\/\/nurlernen.de\/biologie\/biologie-inhalte\/#breadcrumb"},"inLanguage":"de","potentialAction":[{"@type":"ReadAction","target":["https:\/\/nurlernen.de\/biologie\/biologie-inhalte\/"]}]},{"@type":"ImageObject","inLanguage":"de","@id":"https:\/\/nurlernen.de\/biologie\/biologie-inhalte\/#primaryimage","url":"https:\/\/nurlernen.de\/biologie\/wp-content\/uploads\/sites\/2\/2025\/11\/progress_icon.png","contentUrl":"https:\/\/nurlernen.de\/biologie\/wp-content\/uploads\/sites\/2\/2025\/11\/progress_icon.png","width":256,"height":256},{"@type":"BreadcrumbList","@id":"https:\/\/nurlernen.de\/biologie\/biologie-inhalte\/#breadcrumb","itemListElement":[{"@type":"ListItem","position":1,"name":"Startseite","item":"https:\/\/nurlernen.de\/biologie\/"},{"@type":"ListItem","position":2,"name":"Biologie Lernbereich"}]},{"@type":"WebSite","@id":"https:\/\/nurlernen.de\/biologie\/#website","url":"https:\/\/nurlernen.de\/biologie\/","name":"Biologie Lernen","description":"\u00dcber 1000 kostenlose \u00dcbungen","publisher":{"@id":"https:\/\/nurlernen.de\/biologie\/#organization"},"potentialAction":[{"@type":"SearchAction","target":{"@type":"EntryPoint","urlTemplate":"https:\/\/nurlernen.de\/biologie\/?s={search_term_string}"},"query-input":{"@type":"PropertyValueSpecification","valueRequired":true,"valueName":"search_term_string"}}],"inLanguage":"de"},{"@type":"Organization","@id":"https:\/\/nurlernen.de\/biologie\/#organization","name":"Biologie Lernen","url":"https:\/\/nurlernen.de\/biologie\/","logo":{"@type":"ImageObject","inLanguage":"de","@id":"https:\/\/nurlernen.de\/biologie\/#\/schema\/logo\/image\/","url":"https:\/\/nurlernen.de\/biologie\/wp-content\/uploads\/sites\/2\/2025\/07\/cropped-zellkern.png","contentUrl":"https:\/\/nurlernen.de\/biologie\/wp-content\/uploads\/sites\/2\/2025\/07\/cropped-zellkern.png","width":512,"height":512,"caption":"Biologie Lernen"},"image":{"@id":"https:\/\/nurlernen.de\/biologie\/#\/schema\/logo\/image\/"},"sameAs":["https:\/\/www.instagram.com\/nurlernen.de\/"]}]}},"_links":{"self":[{"href":"https:\/\/nurlernen.de\/biologie\/wp-json\/wp\/v2\/pages\/1747","targetHints":{"allow":["GET"]}}],"collection":[{"href":"https:\/\/nurlernen.de\/biologie\/wp-json\/wp\/v2\/pages"}],"about":[{"href":"https:\/\/nurlernen.de\/biologie\/wp-json\/wp\/v2\/types\/page"}],"author":[{"embeddable":true,"href":"https:\/\/nurlernen.de\/biologie\/wp-json\/wp\/v2\/users\/1"}],"replies":[{"embeddable":true,"href":"https:\/\/nurlernen.de\/biologie\/wp-json\/wp\/v2\/comments?post=1747"}],"version-history":[{"count":15,"href":"https:\/\/nurlernen.de\/biologie\/wp-json\/wp\/v2\/pages\/1747\/revisions"}],"predecessor-version":[{"id":3269,"href":"https:\/\/nurlernen.de\/biologie\/wp-json\/wp\/v2\/pages\/1747\/revisions\/3269"}],"wp:attachment":[{"href":"https:\/\/nurlernen.de\/biologie\/wp-json\/wp\/v2\/media?parent=1747"}],"curies":[{"name":"wp","href":"https:\/\/api.w.org\/{rel}","templated":true}]}}