{"id":1750,"date":"2021-08-10T11:24:12","date_gmt":"2021-08-10T11:24:12","guid":{"rendered":"https:\/\/nurlernen.de\/biologie\/?page_id=1750"},"modified":"2025-07-25T20:26:31","modified_gmt":"2025-07-25T18:26:31","slug":"biologie-lektionen","status":"publish","type":"page","link":"https:\/\/nurlernen.de\/biologie\/biologie-lektionen\/","title":{"rendered":"Biologie Lektionen"},"content":{"rendered":"<p>Hier siehst du alle Lektionen eines Kapitels. Die Lektionen bauen in der Regel aufeinander auf. In jedem Kapitel ist die Lektion 1 stets freigeschaltet. Wenn du auf <strong>Lernen<\/strong> klickst gelingst du zu den Texten. Diese solltest du durchlesen und anschlie\u00dfend am Seitenende zur <strong>Lernkontrolle<\/strong> gehen. Bestehst du dort den Test, so wird die n\u00e4chste Lektion freigeschaltet.<\/p>\n\r\n\t\t\r\n\t\t<script>\r\n\t\t\tdocument.addEventListener(\"DOMContentLoaded\", function() {\r\n\t\t\t\tnmb_update_player_statistics();\r\n\t\t\t\tvar options = location.search;\r\n\t\t\t\tif (options.startsWith(\"?chapter=\")){\r\n\t\t\t\t\tcurrentChapter  = options.substring((\"?chapter=\").length);\r\n\t\t\t\t\tgenerateLessonslist(currentChapter);\r\n\t\t\t\t\t\/\/console.log(currentQuiz);\r\n\t\t\t\t}else{\r\n\t\t\t\t\tgenerateLessonslist(\"chapter_z100000\");\r\n\t\t\t\t}\t\r\n\t\t\t});\r\n\t\t<\/script>\r\n\t\t\r\n\t\t<div id =\"nmb_biology_lessons\" >\r\n\t\t\t\r\n\t\t<\/div>\n<p><strong>Hinweis:<\/strong> Der Lernfortschritt wird f\u00fcr <strong>Mitglieder<\/strong> gespeichert. Bei nicht Mitgliedern, wird der Fortschritt \u00fcber Cookies gespeichert. Diese k\u00f6nnen jedoch abh\u00e4ngig von deinen Browser-Einstellungen gel\u00f6scht werden, was zu Verlust deines Lernfortschritts f\u00fchrt.<\/p>\n\n\n<p><\/p>\n","protected":false},"excerpt":{"rendered":"<p>Hier siehst du alle Lektionen eines Kapitels. Die Lektionen bauen in der Regel aufeinander auf. In jedem Kapitel ist die Lektion 1 stets freigeschaltet. Wenn du auf Lernen klickst gelingst du zu den Texten. Diese solltest du durchlesen und anschlie\u00dfend am Seitenende zur Lernkontrolle gehen. Bestehst du dort den Test, so wird die n\u00e4chste Lektion &#8230; <a title=\"Biologie Lektionen\" class=\"read-more\" href=\"https:\/\/nurlernen.de\/biologie\/biologie-lektionen\/\" aria-label=\"Mehr Informationen \u00fcber Biologie Lektionen\">Weiterlesen<\/a><\/p>\n","protected":false},"author":1,"featured_media":0,"parent":0,"menu_order":0,"comment_status":"open","ping_status":"closed","template":"","meta":{"footnotes":""},"class_list":["post-1750","page","type-page","status-publish"],"yoast_head":"<!-- This site is optimized with the Yoast SEO plugin v27.5 - https:\/\/yoast.com\/product\/yoast-seo-wordpress\/ -->\n<title>Biologie Lektionen<\/title>\n<meta name=\"description\" content=\"Biologie interaktiv und online lernen. Verbessere deine Noten durch \u00fcber 1000 kostenlose Fragen zu diversen Biologie-Themen.\" \/>\n<meta name=\"robots\" content=\"index, follow, max-snippet:-1, max-image-preview:large, max-video-preview:-1\" \/>\n<link rel=\"canonical\" href=\"https:\/\/nurlernen.de\/biologie\/biologie-lektionen\/\" \/>\n<meta property=\"og:locale\" content=\"de_DE\" \/>\n<meta property=\"og:type\" content=\"article\" \/>\n<meta property=\"og:title\" content=\"Biologie Lektionen\" \/>\n<meta property=\"og:description\" content=\"Biologie interaktiv und online lernen. Verbessere deine Noten durch \u00fcber 1000 kostenlose Fragen zu diversen Biologie-Themen.\" \/>\n<meta property=\"og:url\" content=\"https:\/\/nurlernen.de\/biologie\/biologie-lektionen\/\" \/>\n<meta property=\"og:site_name\" content=\"Biologie verstehen\" \/>\n<meta property=\"article:modified_time\" content=\"2025-07-25T18:26:31+00:00\" \/>\n<meta name=\"twitter:card\" content=\"summary_large_image\" \/>\n<meta name=\"twitter:label1\" content=\"Gesch\u00e4tzte Lesezeit\" \/>\n\t<meta name=\"twitter:data1\" content=\"1\u00a0Minute\" \/>\n<script type=\"application\/ld+json\" class=\"yoast-schema-graph\">{\"@context\":\"https:\\\/\\\/schema.org\",\"@graph\":[{\"@type\":\"WebPage\",\"@id\":\"https:\\\/\\\/nurlernen.de\\\/biologie\\\/biologie-lektionen\\\/\",\"url\":\"https:\\\/\\\/nurlernen.de\\\/biologie\\\/biologie-lektionen\\\/\",\"name\":\"Biologie Lektionen\",\"isPartOf\":{\"@id\":\"https:\\\/\\\/nurlernen.de\\\/biologie\\\/#website\"},\"datePublished\":\"2021-08-10T11:24:12+00:00\",\"dateModified\":\"2025-07-25T18:26:31+00:00\",\"description\":\"Biologie interaktiv und online lernen. Verbessere deine Noten durch \u00fcber 1000 kostenlose Fragen zu diversen Biologie-Themen.\",\"breadcrumb\":{\"@id\":\"https:\\\/\\\/nurlernen.de\\\/biologie\\\/biologie-lektionen\\\/#breadcrumb\"},\"inLanguage\":\"de\",\"potentialAction\":[{\"@type\":\"ReadAction\",\"target\":[\"https:\\\/\\\/nurlernen.de\\\/biologie\\\/biologie-lektionen\\\/\"]}]},{\"@type\":\"BreadcrumbList\",\"@id\":\"https:\\\/\\\/nurlernen.de\\\/biologie\\\/biologie-lektionen\\\/#breadcrumb\",\"itemListElement\":[{\"@type\":\"ListItem\",\"position\":1,\"name\":\"Startseite\",\"item\":\"https:\\\/\\\/nurlernen.de\\\/biologie\\\/\"},{\"@type\":\"ListItem\",\"position\":2,\"name\":\"Biologie Lektionen\"}]},{\"@type\":\"WebSite\",\"@id\":\"https:\\\/\\\/nurlernen.de\\\/biologie\\\/#website\",\"url\":\"https:\\\/\\\/nurlernen.de\\\/biologie\\\/\",\"name\":\"Biologie Lernen\",\"description\":\"\u00dcber 1000 kostenlose \u00dcbungen\",\"publisher\":{\"@id\":\"https:\\\/\\\/nurlernen.de\\\/biologie\\\/#organization\"},\"potentialAction\":[{\"@type\":\"SearchAction\",\"target\":{\"@type\":\"EntryPoint\",\"urlTemplate\":\"https:\\\/\\\/nurlernen.de\\\/biologie\\\/?s={search_term_string}\"},\"query-input\":{\"@type\":\"PropertyValueSpecification\",\"valueRequired\":true,\"valueName\":\"search_term_string\"}}],\"inLanguage\":\"de\"},{\"@type\":\"Organization\",\"@id\":\"https:\\\/\\\/nurlernen.de\\\/biologie\\\/#organization\",\"name\":\"Biologie Lernen\",\"url\":\"https:\\\/\\\/nurlernen.de\\\/biologie\\\/\",\"logo\":{\"@type\":\"ImageObject\",\"inLanguage\":\"de\",\"@id\":\"https:\\\/\\\/nurlernen.de\\\/biologie\\\/#\\\/schema\\\/logo\\\/image\\\/\",\"url\":\"https:\\\/\\\/nurlernen.de\\\/biologie\\\/wp-content\\\/uploads\\\/sites\\\/2\\\/2025\\\/07\\\/cropped-zellkern.png\",\"contentUrl\":\"https:\\\/\\\/nurlernen.de\\\/biologie\\\/wp-content\\\/uploads\\\/sites\\\/2\\\/2025\\\/07\\\/cropped-zellkern.png\",\"width\":512,\"height\":512,\"caption\":\"Biologie Lernen\"},\"image\":{\"@id\":\"https:\\\/\\\/nurlernen.de\\\/biologie\\\/#\\\/schema\\\/logo\\\/image\\\/\"},\"sameAs\":[\"https:\\\/\\\/www.instagram.com\\\/nurlernen.de\\\/\"]}]}<\/script>\n<!-- \/ Yoast SEO plugin. -->","yoast_head_json":{"title":"Biologie Lektionen","description":"Biologie interaktiv und online lernen. Verbessere deine Noten durch \u00fcber 1000 kostenlose Fragen zu diversen Biologie-Themen.","robots":{"index":"index","follow":"follow","max-snippet":"max-snippet:-1","max-image-preview":"max-image-preview:large","max-video-preview":"max-video-preview:-1"},"canonical":"https:\/\/nurlernen.de\/biologie\/biologie-lektionen\/","og_locale":"de_DE","og_type":"article","og_title":"Biologie Lektionen","og_description":"Biologie interaktiv und online lernen. Verbessere deine Noten durch \u00fcber 1000 kostenlose Fragen zu diversen Biologie-Themen.","og_url":"https:\/\/nurlernen.de\/biologie\/biologie-lektionen\/","og_site_name":"Biologie verstehen","article_modified_time":"2025-07-25T18:26:31+00:00","twitter_card":"summary_large_image","twitter_misc":{"Gesch\u00e4tzte Lesezeit":"1\u00a0Minute"},"schema":{"@context":"https:\/\/schema.org","@graph":[{"@type":"WebPage","@id":"https:\/\/nurlernen.de\/biologie\/biologie-lektionen\/","url":"https:\/\/nurlernen.de\/biologie\/biologie-lektionen\/","name":"Biologie Lektionen","isPartOf":{"@id":"https:\/\/nurlernen.de\/biologie\/#website"},"datePublished":"2021-08-10T11:24:12+00:00","dateModified":"2025-07-25T18:26:31+00:00","description":"Biologie interaktiv und online lernen. Verbessere deine Noten durch \u00fcber 1000 kostenlose Fragen zu diversen Biologie-Themen.","breadcrumb":{"@id":"https:\/\/nurlernen.de\/biologie\/biologie-lektionen\/#breadcrumb"},"inLanguage":"de","potentialAction":[{"@type":"ReadAction","target":["https:\/\/nurlernen.de\/biologie\/biologie-lektionen\/"]}]},{"@type":"BreadcrumbList","@id":"https:\/\/nurlernen.de\/biologie\/biologie-lektionen\/#breadcrumb","itemListElement":[{"@type":"ListItem","position":1,"name":"Startseite","item":"https:\/\/nurlernen.de\/biologie\/"},{"@type":"ListItem","position":2,"name":"Biologie Lektionen"}]},{"@type":"WebSite","@id":"https:\/\/nurlernen.de\/biologie\/#website","url":"https:\/\/nurlernen.de\/biologie\/","name":"Biologie Lernen","description":"\u00dcber 1000 kostenlose \u00dcbungen","publisher":{"@id":"https:\/\/nurlernen.de\/biologie\/#organization"},"potentialAction":[{"@type":"SearchAction","target":{"@type":"EntryPoint","urlTemplate":"https:\/\/nurlernen.de\/biologie\/?s={search_term_string}"},"query-input":{"@type":"PropertyValueSpecification","valueRequired":true,"valueName":"search_term_string"}}],"inLanguage":"de"},{"@type":"Organization","@id":"https:\/\/nurlernen.de\/biologie\/#organization","name":"Biologie Lernen","url":"https:\/\/nurlernen.de\/biologie\/","logo":{"@type":"ImageObject","inLanguage":"de","@id":"https:\/\/nurlernen.de\/biologie\/#\/schema\/logo\/image\/","url":"https:\/\/nurlernen.de\/biologie\/wp-content\/uploads\/sites\/2\/2025\/07\/cropped-zellkern.png","contentUrl":"https:\/\/nurlernen.de\/biologie\/wp-content\/uploads\/sites\/2\/2025\/07\/cropped-zellkern.png","width":512,"height":512,"caption":"Biologie Lernen"},"image":{"@id":"https:\/\/nurlernen.de\/biologie\/#\/schema\/logo\/image\/"},"sameAs":["https:\/\/www.instagram.com\/nurlernen.de\/"]}]}},"_links":{"self":[{"href":"https:\/\/nurlernen.de\/biologie\/wp-json\/wp\/v2\/pages\/1750","targetHints":{"allow":["GET"]}}],"collection":[{"href":"https:\/\/nurlernen.de\/biologie\/wp-json\/wp\/v2\/pages"}],"about":[{"href":"https:\/\/nurlernen.de\/biologie\/wp-json\/wp\/v2\/types\/page"}],"author":[{"embeddable":true,"href":"https:\/\/nurlernen.de\/biologie\/wp-json\/wp\/v2\/users\/1"}],"replies":[{"embeddable":true,"href":"https:\/\/nurlernen.de\/biologie\/wp-json\/wp\/v2\/comments?post=1750"}],"version-history":[{"count":4,"href":"https:\/\/nurlernen.de\/biologie\/wp-json\/wp\/v2\/pages\/1750\/revisions"}],"predecessor-version":[{"id":2813,"href":"https:\/\/nurlernen.de\/biologie\/wp-json\/wp\/v2\/pages\/1750\/revisions\/2813"}],"wp:attachment":[{"href":"https:\/\/nurlernen.de\/biologie\/wp-json\/wp\/v2\/media?parent=1750"}],"curies":[{"name":"wp","href":"https:\/\/api.w.org\/{rel}","templated":true}]}}