{"id":1813,"date":"2021-09-17T17:26:31","date_gmt":"2021-09-17T17:26:31","guid":{"rendered":"https:\/\/nurlernen.de\/biologie\/?page_id=1813"},"modified":"2025-10-31T14:30:39","modified_gmt":"2025-10-31T13:30:39","slug":"biologie-fragenkatalog","status":"publish","type":"page","link":"https:\/\/nurlernen.de\/biologie\/biologie-fragenkatalog\/","title":{"rendered":"Biologie Fragenkatalog"},"content":{"rendered":"\n<p>Hier kannst du dir unsere Frageliste anschauen. Du kannst bis zu 10 Fragen zur Erstellung eines Biologie-Tests ausw\u00e4hlen. Anschlie\u00dfend kannst du ausw\u00e4hlen, ob du nur die Fragen, oder die Fragen inklusive den Antworten ausgeben m\u00f6chtest.<\/p>\n\n\n\n<p>Bitte beachte auf, dass viele unserer Fragen jedes Mal eine verschiedene Zahlen oder Antwort-Kombination rausgeben. Wenn du diese Seite erneut l\u00e4dst, werden die Zahlen entsprechen zuf\u00e4llig angepasst.<\/p>\n\n\n\n\r\n\t\t\r\n\t\t<!--h2>Lernkontrolle<\/h2-->\r\n\t\t<div id=\"settings_layout\">\r\n\t\t\t<p><button id=\"startQuizButton\" onclick=\"loadAllQuestionsFromXML(quizFileName);\" >Lade Frageliste<\/button><\/p>\t\r\n\t\t<\/div>\r\n\t\t\r\n\t\r\n\t\t<script>\r\n\t\t\r\n\t\tdocument.addEventListener(\"DOMContentLoaded\", function() {\r\n\t\t\tnmb_hide_Statistics();\r\n\t\t});\r\n\r\n\t\tfunction addCollapsibleListener(){\r\n\t\t\tvar coll = document.getElementsByClassName(\"collapsible\");\r\n\t\t\tvar i;\r\n\r\n\t\t\tfor (i = 0; i < coll.length; i++) {\r\n\t\t\t  coll[i].addEventListener(\"click\", function() {\r\n\t\t\t\tthis.classList.toggle(\"active\");\r\n\t\t\t\tvar content = this.nextElementSibling;\r\n\t\t\t\tif (content.style.display === \"block\") {\r\n\t\t\t\t  content.style.display = \"none\";\r\n\t\t\t\t} else {\r\n\t\t\t\t  content.style.display = \"block\";\r\n\t\t\t\t}\r\n\t\t\t  });\r\n\t\t\t}\r\n\t\t}\r\n\t\r\n\t\t<\/script>\n","protected":false},"excerpt":{"rendered":"<p>Hier kannst du dir unsere Frageliste anschauen. Du kannst bis zu 10 Fragen zur Erstellung eines Biologie-Tests ausw\u00e4hlen. Anschlie\u00dfend kannst du ausw\u00e4hlen, ob du nur die Fragen, oder die Fragen inklusive den Antworten ausgeben m\u00f6chtest. Bitte beachte auf, dass viele unserer Fragen jedes Mal eine verschiedene Zahlen oder Antwort-Kombination rausgeben. Wenn du diese Seite erneut &#8230; <a title=\"Biologie Fragenkatalog\" class=\"read-more\" href=\"https:\/\/nurlernen.de\/biologie\/biologie-fragenkatalog\/\" aria-label=\"Mehr Informationen \u00fcber Biologie Fragenkatalog\">Weiterlesen<\/a><\/p>\n","protected":false},"author":1,"featured_media":0,"parent":0,"menu_order":0,"comment_status":"open","ping_status":"closed","template":"","meta":{"footnotes":""},"class_list":["post-1813","page","type-page","status-publish"],"yoast_head":"<!-- This site is optimized with the Yoast SEO plugin v27.5 - https:\/\/yoast.com\/product\/yoast-seo-wordpress\/ -->\n<title>Biologie Fragenkatalog<\/title>\n<meta name=\"description\" content=\"Hier kannst du dir unsere Frageliste anschauen. Du kannst bis zu 10 Fragen zur Erstellung eines Biologie-Tests ausw\u00e4hlen.\" \/>\n<meta name=\"robots\" content=\"index, follow, max-snippet:-1, max-image-preview:large, max-video-preview:-1\" \/>\n<link rel=\"canonical\" href=\"https:\/\/nurlernen.de\/biologie\/biologie-fragenkatalog\/\" \/>\n<meta property=\"og:locale\" content=\"de_DE\" \/>\n<meta property=\"og:type\" content=\"article\" \/>\n<meta property=\"og:title\" content=\"Biologie Fragenkatalog\" \/>\n<meta property=\"og:description\" content=\"Hier kannst du dir unsere Frageliste anschauen. Du kannst bis zu 10 Fragen zur Erstellung eines Biologie-Tests ausw\u00e4hlen.\" \/>\n<meta property=\"og:url\" content=\"https:\/\/nurlernen.de\/biologie\/biologie-fragenkatalog\/\" \/>\n<meta property=\"og:site_name\" content=\"Biologie verstehen\" \/>\n<meta property=\"article:modified_time\" content=\"2025-10-31T13:30:39+00:00\" \/>\n<meta name=\"twitter:card\" content=\"summary_large_image\" \/>\n<meta name=\"twitter:label1\" content=\"Gesch\u00e4tzte Lesezeit\" \/>\n\t<meta name=\"twitter:data1\" content=\"1\u00a0Minute\" \/>\n<script type=\"application\/ld+json\" class=\"yoast-schema-graph\">{\"@context\":\"https:\\\/\\\/schema.org\",\"@graph\":[{\"@type\":\"WebPage\",\"@id\":\"https:\\\/\\\/nurlernen.de\\\/biologie\\\/biologie-fragenkatalog\\\/\",\"url\":\"https:\\\/\\\/nurlernen.de\\\/biologie\\\/biologie-fragenkatalog\\\/\",\"name\":\"Biologie Fragenkatalog\",\"isPartOf\":{\"@id\":\"https:\\\/\\\/nurlernen.de\\\/biologie\\\/#website\"},\"datePublished\":\"2021-09-17T17:26:31+00:00\",\"dateModified\":\"2025-10-31T13:30:39+00:00\",\"description\":\"Hier kannst du dir unsere Frageliste anschauen. Du kannst bis zu 10 Fragen zur Erstellung eines Biologie-Tests ausw\u00e4hlen.\",\"breadcrumb\":{\"@id\":\"https:\\\/\\\/nurlernen.de\\\/biologie\\\/biologie-fragenkatalog\\\/#breadcrumb\"},\"inLanguage\":\"de\",\"potentialAction\":[{\"@type\":\"ReadAction\",\"target\":[\"https:\\\/\\\/nurlernen.de\\\/biologie\\\/biologie-fragenkatalog\\\/\"]}]},{\"@type\":\"BreadcrumbList\",\"@id\":\"https:\\\/\\\/nurlernen.de\\\/biologie\\\/biologie-fragenkatalog\\\/#breadcrumb\",\"itemListElement\":[{\"@type\":\"ListItem\",\"position\":1,\"name\":\"Startseite\",\"item\":\"https:\\\/\\\/nurlernen.de\\\/biologie\\\/\"},{\"@type\":\"ListItem\",\"position\":2,\"name\":\"Biologie Fragenkatalog\"}]},{\"@type\":\"WebSite\",\"@id\":\"https:\\\/\\\/nurlernen.de\\\/biologie\\\/#website\",\"url\":\"https:\\\/\\\/nurlernen.de\\\/biologie\\\/\",\"name\":\"Biologie Lernen\",\"description\":\"\u00dcber 1000 kostenlose \u00dcbungen\",\"publisher\":{\"@id\":\"https:\\\/\\\/nurlernen.de\\\/biologie\\\/#organization\"},\"potentialAction\":[{\"@type\":\"SearchAction\",\"target\":{\"@type\":\"EntryPoint\",\"urlTemplate\":\"https:\\\/\\\/nurlernen.de\\\/biologie\\\/?s={search_term_string}\"},\"query-input\":{\"@type\":\"PropertyValueSpecification\",\"valueRequired\":true,\"valueName\":\"search_term_string\"}}],\"inLanguage\":\"de\"},{\"@type\":\"Organization\",\"@id\":\"https:\\\/\\\/nurlernen.de\\\/biologie\\\/#organization\",\"name\":\"Biologie Lernen\",\"url\":\"https:\\\/\\\/nurlernen.de\\\/biologie\\\/\",\"logo\":{\"@type\":\"ImageObject\",\"inLanguage\":\"de\",\"@id\":\"https:\\\/\\\/nurlernen.de\\\/biologie\\\/#\\\/schema\\\/logo\\\/image\\\/\",\"url\":\"https:\\\/\\\/nurlernen.de\\\/biologie\\\/wp-content\\\/uploads\\\/sites\\\/2\\\/2025\\\/07\\\/cropped-zellkern.png\",\"contentUrl\":\"https:\\\/\\\/nurlernen.de\\\/biologie\\\/wp-content\\\/uploads\\\/sites\\\/2\\\/2025\\\/07\\\/cropped-zellkern.png\",\"width\":512,\"height\":512,\"caption\":\"Biologie Lernen\"},\"image\":{\"@id\":\"https:\\\/\\\/nurlernen.de\\\/biologie\\\/#\\\/schema\\\/logo\\\/image\\\/\"},\"sameAs\":[\"https:\\\/\\\/www.instagram.com\\\/nurlernen.de\\\/\"]}]}<\/script>\n<!-- \/ Yoast SEO plugin. -->","yoast_head_json":{"title":"Biologie Fragenkatalog","description":"Hier kannst du dir unsere Frageliste anschauen. Du kannst bis zu 10 Fragen zur Erstellung eines Biologie-Tests ausw\u00e4hlen.","robots":{"index":"index","follow":"follow","max-snippet":"max-snippet:-1","max-image-preview":"max-image-preview:large","max-video-preview":"max-video-preview:-1"},"canonical":"https:\/\/nurlernen.de\/biologie\/biologie-fragenkatalog\/","og_locale":"de_DE","og_type":"article","og_title":"Biologie Fragenkatalog","og_description":"Hier kannst du dir unsere Frageliste anschauen. Du kannst bis zu 10 Fragen zur Erstellung eines Biologie-Tests ausw\u00e4hlen.","og_url":"https:\/\/nurlernen.de\/biologie\/biologie-fragenkatalog\/","og_site_name":"Biologie verstehen","article_modified_time":"2025-10-31T13:30:39+00:00","twitter_card":"summary_large_image","twitter_misc":{"Gesch\u00e4tzte Lesezeit":"1\u00a0Minute"},"schema":{"@context":"https:\/\/schema.org","@graph":[{"@type":"WebPage","@id":"https:\/\/nurlernen.de\/biologie\/biologie-fragenkatalog\/","url":"https:\/\/nurlernen.de\/biologie\/biologie-fragenkatalog\/","name":"Biologie Fragenkatalog","isPartOf":{"@id":"https:\/\/nurlernen.de\/biologie\/#website"},"datePublished":"2021-09-17T17:26:31+00:00","dateModified":"2025-10-31T13:30:39+00:00","description":"Hier kannst du dir unsere Frageliste anschauen. Du kannst bis zu 10 Fragen zur Erstellung eines Biologie-Tests ausw\u00e4hlen.","breadcrumb":{"@id":"https:\/\/nurlernen.de\/biologie\/biologie-fragenkatalog\/#breadcrumb"},"inLanguage":"de","potentialAction":[{"@type":"ReadAction","target":["https:\/\/nurlernen.de\/biologie\/biologie-fragenkatalog\/"]}]},{"@type":"BreadcrumbList","@id":"https:\/\/nurlernen.de\/biologie\/biologie-fragenkatalog\/#breadcrumb","itemListElement":[{"@type":"ListItem","position":1,"name":"Startseite","item":"https:\/\/nurlernen.de\/biologie\/"},{"@type":"ListItem","position":2,"name":"Biologie Fragenkatalog"}]},{"@type":"WebSite","@id":"https:\/\/nurlernen.de\/biologie\/#website","url":"https:\/\/nurlernen.de\/biologie\/","name":"Biologie Lernen","description":"\u00dcber 1000 kostenlose \u00dcbungen","publisher":{"@id":"https:\/\/nurlernen.de\/biologie\/#organization"},"potentialAction":[{"@type":"SearchAction","target":{"@type":"EntryPoint","urlTemplate":"https:\/\/nurlernen.de\/biologie\/?s={search_term_string}"},"query-input":{"@type":"PropertyValueSpecification","valueRequired":true,"valueName":"search_term_string"}}],"inLanguage":"de"},{"@type":"Organization","@id":"https:\/\/nurlernen.de\/biologie\/#organization","name":"Biologie Lernen","url":"https:\/\/nurlernen.de\/biologie\/","logo":{"@type":"ImageObject","inLanguage":"de","@id":"https:\/\/nurlernen.de\/biologie\/#\/schema\/logo\/image\/","url":"https:\/\/nurlernen.de\/biologie\/wp-content\/uploads\/sites\/2\/2025\/07\/cropped-zellkern.png","contentUrl":"https:\/\/nurlernen.de\/biologie\/wp-content\/uploads\/sites\/2\/2025\/07\/cropped-zellkern.png","width":512,"height":512,"caption":"Biologie Lernen"},"image":{"@id":"https:\/\/nurlernen.de\/biologie\/#\/schema\/logo\/image\/"},"sameAs":["https:\/\/www.instagram.com\/nurlernen.de\/"]}]}},"_links":{"self":[{"href":"https:\/\/nurlernen.de\/biologie\/wp-json\/wp\/v2\/pages\/1813","targetHints":{"allow":["GET"]}}],"collection":[{"href":"https:\/\/nurlernen.de\/biologie\/wp-json\/wp\/v2\/pages"}],"about":[{"href":"https:\/\/nurlernen.de\/biologie\/wp-json\/wp\/v2\/types\/page"}],"author":[{"embeddable":true,"href":"https:\/\/nurlernen.de\/biologie\/wp-json\/wp\/v2\/users\/1"}],"replies":[{"embeddable":true,"href":"https:\/\/nurlernen.de\/biologie\/wp-json\/wp\/v2\/comments?post=1813"}],"version-history":[{"count":2,"href":"https:\/\/nurlernen.de\/biologie\/wp-json\/wp\/v2\/pages\/1813\/revisions"}],"predecessor-version":[{"id":3025,"href":"https:\/\/nurlernen.de\/biologie\/wp-json\/wp\/v2\/pages\/1813\/revisions\/3025"}],"wp:attachment":[{"href":"https:\/\/nurlernen.de\/biologie\/wp-json\/wp\/v2\/media?parent=1813"}],"curies":[{"name":"wp","href":"https:\/\/api.w.org\/{rel}","templated":true}]}}