{"id":2196,"date":"2022-01-10T18:45:54","date_gmt":"2022-01-10T18:45:54","guid":{"rendered":"https:\/\/nurlernen.de\/biologie\/?page_id=2196"},"modified":"2025-11-18T11:17:45","modified_gmt":"2025-11-18T10:17:45","slug":"der-zellkern","status":"publish","type":"page","link":"https:\/\/nurlernen.de\/biologie\/der-zellkern\/","title":{"rendered":"Der Zellkern"},"content":{"rendered":"\n<p>\n<a href=\"https:\/\/nurlernen.de\/biologie\/biologie-lernkontrolle\/?quiz=l_100230_q&#038;tree=chapter_z100010\" title=\"Direkt zum Test\">\n  <img decoding=\"async\" src=\"https:\/\/nurlernen.de\/biologie\/wp-content\/uploads\/sites\/2\/2025\/11\/test_icon.png\" alt=\"Zum Test\" style=\"width:48px; height:48px;\"><\/a>\n<a href=\"https:\/\/nurlernen.de\/biologie\/biologie-inhalte\/\" title=\"Lernfortschritt\">\n  <img decoding=\"async\" src=\"https:\/\/nurlernen.de\/biologie\/wp-content\/uploads\/sites\/2\/2025\/11\/progress_icon.png\" alt=\"Zum Test\" style=\"width:48px; height:48px;\"><\/a>\n<a href=\"https:\/\/nurlernen.de\/biologie\/biologie-lernkontrolle\" title=\"\u00dcber 1000 \u00dcbungen!\">\n  <img decoding=\"async\" src=\"https:\/\/nurlernen.de\/biologie\/wp-content\/uploads\/sites\/2\/2025\/11\/test2_icon.png\" alt=\"\u00dcber 1000 \u00dcbungen!\" style=\"width:48px; height:48px;\"><\/a>\n<a href=\"https:\/\/nurlernen.de\/biologie\/biologie-artikel\" title=\"Biologie Text-Sammlung\">\n  <img decoding=\"async\" src=\"https:\/\/nurlernen.de\/biologie\/wp-content\/uploads\/sites\/2\/2025\/11\/books_icon.png\" alt=\"Biologie Text-Sammlung\" style=\"width:48px; height:48px;\"><\/a>\n<a href=\"https:\/\/nurlernen.de\/biologie\/biologie-akademie\/\" title=\"Einen Lehrer Fragen\">\n  <img decoding=\"async\" src=\"https:\/\/nurlernen.de\/biologie\/wp-content\/uploads\/sites\/2\/2025\/11\/teacher_icon.png\" alt=\"Zum Test\" style=\"width:48px; height:48px;\"><\/a>\n<\/p>\n\n\n<p>Der Zellkern ist ein Organell, das von einer H\u00fclle umgeben ist und das Chromatin beherbergt. Zus\u00e4tzlich k\u00f6nnen Zellkerne ein oder mehrere Kernk\u00f6rperchen besitzen. Der Zellkern ist die Steuerzentrale der Zelle. Fast die gesamte genetische Information eukaryotischer Zellen befindet sich im Zellkern. Der Inhalt des Zellkerns wird durch die Kernh\u00fclle von der Cytoplasma getrennt.<\/p>\n<figure id=\"attachment_2202\" aria-describedby=\"caption-attachment-2202\" style=\"width: 246px\" class=\"wp-caption alignright\"><img decoding=\"async\" class=\"wp-image-2202 size-medium\" src=\"https:\/\/nurlernen.de\/biologie\/wp-content\/uploads\/sites\/2\/2025\/07\/zellkern_labeled.png\" alt=\"Zellkern\" width=\"256\"\/><figcaption id=\"caption-attachment-2202\" class=\"wp-caption-text\">Schematische Darstellung des Zellkerns<\/figcaption><\/figure>\n<h4>Das Chromatin<\/h4>\n<p>Im Zellkern befindet sich die genetische Information (DNA) verbunden mit Proteinen, die zusammen die sogenannten Chromatinfasern bilden. Chromatinfasern sind i. d. R. nur als diffuses Rauschen unter einem Mikroskop sichtbar. Erst in Vorbereitung auf die Kernteilung rollen sie sich auf (kondensieren) und werden dicker. Diese kondensierten Chromatinfasern hei\u00dfen nun Chromosomen. Deren Anzahl im Zellkern ist artabh\u00e4ngig. Die nicht-geschlechtlichen Zellen des Menschen haben 46 Chromosomen. Der Pferdespulwurm ist ein Darmparasit und hat nur 2 Chromosomen. Die Natternzunge ist eine Farne und hat 480 Chromosomen.<\/p>\n<h4>Die Kernh\u00fclle<\/h4>\n<p>Die Kernh\u00fclle besteht aus einer Doppelmembran, also aus zwei Lipiddoppelschichten. Sie besitzt eine gro\u00dfe Anzahl von Kernporen, die den \u00dcbergang von Molek\u00fclen in den Zellkern und aus ihm heraus ins Cytoplasma regulieren. Diese Regulation erfolgt durch komplexe Proteinstrukturen in jeder Pore, die Kernporenkomplexe genannt werden. Die innere Kernmembran wird durch die sogenannte Kernlamina in Form gehalten. Sie besteht aus einem molekularen Skelett, das dem Zellkern seine Gestalt verleiht.<\/p>\n<h4>Das Kernk\u00f6rperchen<\/h4>\n<p>Das Kernk\u00f6rperchen, auch Nukleolus (Nucleolus) genannt, ist die auffallendste Besonderheit des Zellkerns unter einem Mikroskop. Hier werden die kleinen und gro\u00dfen Untereinheiten von Ribosomen gebildet, die aus r-RNA und Proteine bestehen. Diese Untereinheiten verlassen separat den Zellkern und verbinden sich im Zytoplasma an einer m-RNA zu einem vollst\u00e4ndigen Ribosomen.<\/p>\n\n\n<p><button onclick=\"location.href='https:\/\/nurlernen.de\/biologie\/biologie-inhalte\/'\">Lernbereich<\/button>\r\n<button onclick=\"location.href='https:\/\/nurlernen.de\/biologie\/biologie-akademie\/'\">Biologie Akademie<\/button>\r\n<!--button onclick=\"location.href='https:\/\/nurlernen.de\/biologie\/biologie-lernkontrolle\/'\">Lernkontrolle<\/button-->\r\n<!--button onclick=\"location.href='\/biologie-fragenkatalog'\"&gt;Fragenkatalog (F\u00fcr Lehrer)&lt;\/button-->\r\n<\/p>\n","protected":false},"excerpt":{"rendered":"<p>Der Zellkern ist ein Organell, das von einer H\u00fclle umgeben ist und das Chromatin beherbergt. Zus\u00e4tzlich k\u00f6nnen Zellkerne ein oder mehrere Kernk\u00f6rperchen besitzen. Der Zellkern ist die Steuerzentrale der Zelle. Fast die gesamte genetische Information eukaryotischer Zellen befindet sich im Zellkern. Der Inhalt des Zellkerns wird durch die Kernh\u00fclle von der Cytoplasma getrennt. Das Chromatin &#8230; <a title=\"Der Zellkern\" class=\"read-more\" href=\"https:\/\/nurlernen.de\/biologie\/der-zellkern\/\" aria-label=\"Mehr Informationen \u00fcber Der Zellkern\">Weiterlesen<\/a><\/p>\n","protected":false},"author":1,"featured_media":0,"parent":0,"menu_order":0,"comment_status":"open","ping_status":"closed","template":"","meta":{"footnotes":""},"class_list":["post-2196","page","type-page","status-publish"],"yoast_head":"<!-- This site is optimized with the Yoast SEO plugin v27.5 - https:\/\/yoast.com\/product\/yoast-seo-wordpress\/ -->\n<title>Der Zellkern und sein Aufbau und Funktion verstehen<\/title>\n<meta name=\"description\" content=\"Zellkern ist das Steuerzentrum der Zelle, beherbergt die DNA, kontrolliert die Zellprozesse und koordiniert Zellteilung und Genregulation\" \/>\n<meta name=\"robots\" content=\"index, follow, max-snippet:-1, max-image-preview:large, max-video-preview:-1\" \/>\n<link rel=\"canonical\" href=\"https:\/\/nurlernen.de\/biologie\/der-zellkern\/\" \/>\n<meta property=\"og:locale\" content=\"de_DE\" \/>\n<meta property=\"og:type\" content=\"article\" \/>\n<meta property=\"og:title\" content=\"Der Zellkern und sein Aufbau und Funktion verstehen\" \/>\n<meta property=\"og:description\" content=\"Zellkern ist das Steuerzentrum der Zelle, beherbergt die DNA, kontrolliert die Zellprozesse und koordiniert Zellteilung und Genregulation\" \/>\n<meta property=\"og:url\" content=\"https:\/\/nurlernen.de\/biologie\/der-zellkern\/\" \/>\n<meta property=\"og:site_name\" content=\"Biologie verstehen\" \/>\n<meta property=\"article:modified_time\" content=\"2025-11-18T10:17:45+00:00\" \/>\n<meta property=\"og:image\" content=\"https:\/\/nurlernen.de\/biologie\/wp-content\/uploads\/sites\/2\/2025\/11\/test_icon.png\" \/>\n<meta name=\"twitter:card\" content=\"summary_large_image\" \/>\n<meta name=\"twitter:label1\" content=\"Gesch\u00e4tzte Lesezeit\" \/>\n\t<meta name=\"twitter:data1\" content=\"3\u00a0Minuten\" \/>\n<script type=\"application\/ld+json\" class=\"yoast-schema-graph\">{\"@context\":\"https:\\\/\\\/schema.org\",\"@graph\":[{\"@type\":\"WebPage\",\"@id\":\"https:\\\/\\\/nurlernen.de\\\/biologie\\\/der-zellkern\\\/\",\"url\":\"https:\\\/\\\/nurlernen.de\\\/biologie\\\/der-zellkern\\\/\",\"name\":\"Der Zellkern und sein Aufbau und Funktion verstehen\",\"isPartOf\":{\"@id\":\"https:\\\/\\\/nurlernen.de\\\/biologie\\\/#website\"},\"primaryImageOfPage\":{\"@id\":\"https:\\\/\\\/nurlernen.de\\\/biologie\\\/der-zellkern\\\/#primaryimage\"},\"image\":{\"@id\":\"https:\\\/\\\/nurlernen.de\\\/biologie\\\/der-zellkern\\\/#primaryimage\"},\"thumbnailUrl\":\"https:\\\/\\\/nurlernen.de\\\/biologie\\\/wp-content\\\/uploads\\\/sites\\\/2\\\/2025\\\/11\\\/test_icon.png\",\"datePublished\":\"2022-01-10T18:45:54+00:00\",\"dateModified\":\"2025-11-18T10:17:45+00:00\",\"description\":\"Zellkern ist das Steuerzentrum der Zelle, beherbergt die DNA, kontrolliert die Zellprozesse und koordiniert Zellteilung und Genregulation\",\"breadcrumb\":{\"@id\":\"https:\\\/\\\/nurlernen.de\\\/biologie\\\/der-zellkern\\\/#breadcrumb\"},\"inLanguage\":\"de\",\"potentialAction\":[{\"@type\":\"ReadAction\",\"target\":[\"https:\\\/\\\/nurlernen.de\\\/biologie\\\/der-zellkern\\\/\"]}]},{\"@type\":\"ImageObject\",\"inLanguage\":\"de\",\"@id\":\"https:\\\/\\\/nurlernen.de\\\/biologie\\\/der-zellkern\\\/#primaryimage\",\"url\":\"https:\\\/\\\/nurlernen.de\\\/biologie\\\/wp-content\\\/uploads\\\/sites\\\/2\\\/2025\\\/11\\\/test_icon.png\",\"contentUrl\":\"https:\\\/\\\/nurlernen.de\\\/biologie\\\/wp-content\\\/uploads\\\/sites\\\/2\\\/2025\\\/11\\\/test_icon.png\",\"width\":256,\"height\":256},{\"@type\":\"BreadcrumbList\",\"@id\":\"https:\\\/\\\/nurlernen.de\\\/biologie\\\/der-zellkern\\\/#breadcrumb\",\"itemListElement\":[{\"@type\":\"ListItem\",\"position\":1,\"name\":\"Startseite\",\"item\":\"https:\\\/\\\/nurlernen.de\\\/biologie\\\/\"},{\"@type\":\"ListItem\",\"position\":2,\"name\":\"Der Zellkern\"}]},{\"@type\":\"WebSite\",\"@id\":\"https:\\\/\\\/nurlernen.de\\\/biologie\\\/#website\",\"url\":\"https:\\\/\\\/nurlernen.de\\\/biologie\\\/\",\"name\":\"Biologie Lernen\",\"description\":\"\u00dcber 1000 kostenlose \u00dcbungen\",\"publisher\":{\"@id\":\"https:\\\/\\\/nurlernen.de\\\/biologie\\\/#organization\"},\"potentialAction\":[{\"@type\":\"SearchAction\",\"target\":{\"@type\":\"EntryPoint\",\"urlTemplate\":\"https:\\\/\\\/nurlernen.de\\\/biologie\\\/?s={search_term_string}\"},\"query-input\":{\"@type\":\"PropertyValueSpecification\",\"valueRequired\":true,\"valueName\":\"search_term_string\"}}],\"inLanguage\":\"de\"},{\"@type\":\"Organization\",\"@id\":\"https:\\\/\\\/nurlernen.de\\\/biologie\\\/#organization\",\"name\":\"Biologie Lernen\",\"url\":\"https:\\\/\\\/nurlernen.de\\\/biologie\\\/\",\"logo\":{\"@type\":\"ImageObject\",\"inLanguage\":\"de\",\"@id\":\"https:\\\/\\\/nurlernen.de\\\/biologie\\\/#\\\/schema\\\/logo\\\/image\\\/\",\"url\":\"https:\\\/\\\/nurlernen.de\\\/biologie\\\/wp-content\\\/uploads\\\/sites\\\/2\\\/2025\\\/07\\\/cropped-zellkern.png\",\"contentUrl\":\"https:\\\/\\\/nurlernen.de\\\/biologie\\\/wp-content\\\/uploads\\\/sites\\\/2\\\/2025\\\/07\\\/cropped-zellkern.png\",\"width\":512,\"height\":512,\"caption\":\"Biologie Lernen\"},\"image\":{\"@id\":\"https:\\\/\\\/nurlernen.de\\\/biologie\\\/#\\\/schema\\\/logo\\\/image\\\/\"},\"sameAs\":[\"https:\\\/\\\/www.instagram.com\\\/nurlernen.de\\\/\"]}]}<\/script>\n<!-- \/ Yoast SEO plugin. -->","yoast_head_json":{"title":"Der Zellkern und sein Aufbau und Funktion verstehen","description":"Zellkern ist das Steuerzentrum der Zelle, beherbergt die DNA, kontrolliert die Zellprozesse und koordiniert Zellteilung und Genregulation","robots":{"index":"index","follow":"follow","max-snippet":"max-snippet:-1","max-image-preview":"max-image-preview:large","max-video-preview":"max-video-preview:-1"},"canonical":"https:\/\/nurlernen.de\/biologie\/der-zellkern\/","og_locale":"de_DE","og_type":"article","og_title":"Der Zellkern und sein Aufbau und Funktion verstehen","og_description":"Zellkern ist das Steuerzentrum der Zelle, beherbergt die DNA, kontrolliert die Zellprozesse und koordiniert Zellteilung und Genregulation","og_url":"https:\/\/nurlernen.de\/biologie\/der-zellkern\/","og_site_name":"Biologie verstehen","article_modified_time":"2025-11-18T10:17:45+00:00","og_image":[{"url":"https:\/\/nurlernen.de\/biologie\/wp-content\/uploads\/sites\/2\/2025\/11\/test_icon.png","type":"","width":"","height":""}],"twitter_card":"summary_large_image","twitter_misc":{"Gesch\u00e4tzte Lesezeit":"3\u00a0Minuten"},"schema":{"@context":"https:\/\/schema.org","@graph":[{"@type":"WebPage","@id":"https:\/\/nurlernen.de\/biologie\/der-zellkern\/","url":"https:\/\/nurlernen.de\/biologie\/der-zellkern\/","name":"Der Zellkern und sein Aufbau und Funktion verstehen","isPartOf":{"@id":"https:\/\/nurlernen.de\/biologie\/#website"},"primaryImageOfPage":{"@id":"https:\/\/nurlernen.de\/biologie\/der-zellkern\/#primaryimage"},"image":{"@id":"https:\/\/nurlernen.de\/biologie\/der-zellkern\/#primaryimage"},"thumbnailUrl":"https:\/\/nurlernen.de\/biologie\/wp-content\/uploads\/sites\/2\/2025\/11\/test_icon.png","datePublished":"2022-01-10T18:45:54+00:00","dateModified":"2025-11-18T10:17:45+00:00","description":"Zellkern ist das Steuerzentrum der Zelle, beherbergt die DNA, kontrolliert die Zellprozesse und koordiniert Zellteilung und Genregulation","breadcrumb":{"@id":"https:\/\/nurlernen.de\/biologie\/der-zellkern\/#breadcrumb"},"inLanguage":"de","potentialAction":[{"@type":"ReadAction","target":["https:\/\/nurlernen.de\/biologie\/der-zellkern\/"]}]},{"@type":"ImageObject","inLanguage":"de","@id":"https:\/\/nurlernen.de\/biologie\/der-zellkern\/#primaryimage","url":"https:\/\/nurlernen.de\/biologie\/wp-content\/uploads\/sites\/2\/2025\/11\/test_icon.png","contentUrl":"https:\/\/nurlernen.de\/biologie\/wp-content\/uploads\/sites\/2\/2025\/11\/test_icon.png","width":256,"height":256},{"@type":"BreadcrumbList","@id":"https:\/\/nurlernen.de\/biologie\/der-zellkern\/#breadcrumb","itemListElement":[{"@type":"ListItem","position":1,"name":"Startseite","item":"https:\/\/nurlernen.de\/biologie\/"},{"@type":"ListItem","position":2,"name":"Der Zellkern"}]},{"@type":"WebSite","@id":"https:\/\/nurlernen.de\/biologie\/#website","url":"https:\/\/nurlernen.de\/biologie\/","name":"Biologie Lernen","description":"\u00dcber 1000 kostenlose \u00dcbungen","publisher":{"@id":"https:\/\/nurlernen.de\/biologie\/#organization"},"potentialAction":[{"@type":"SearchAction","target":{"@type":"EntryPoint","urlTemplate":"https:\/\/nurlernen.de\/biologie\/?s={search_term_string}"},"query-input":{"@type":"PropertyValueSpecification","valueRequired":true,"valueName":"search_term_string"}}],"inLanguage":"de"},{"@type":"Organization","@id":"https:\/\/nurlernen.de\/biologie\/#organization","name":"Biologie Lernen","url":"https:\/\/nurlernen.de\/biologie\/","logo":{"@type":"ImageObject","inLanguage":"de","@id":"https:\/\/nurlernen.de\/biologie\/#\/schema\/logo\/image\/","url":"https:\/\/nurlernen.de\/biologie\/wp-content\/uploads\/sites\/2\/2025\/07\/cropped-zellkern.png","contentUrl":"https:\/\/nurlernen.de\/biologie\/wp-content\/uploads\/sites\/2\/2025\/07\/cropped-zellkern.png","width":512,"height":512,"caption":"Biologie Lernen"},"image":{"@id":"https:\/\/nurlernen.de\/biologie\/#\/schema\/logo\/image\/"},"sameAs":["https:\/\/www.instagram.com\/nurlernen.de\/"]}]}},"_links":{"self":[{"href":"https:\/\/nurlernen.de\/biologie\/wp-json\/wp\/v2\/pages\/2196","targetHints":{"allow":["GET"]}}],"collection":[{"href":"https:\/\/nurlernen.de\/biologie\/wp-json\/wp\/v2\/pages"}],"about":[{"href":"https:\/\/nurlernen.de\/biologie\/wp-json\/wp\/v2\/types\/page"}],"author":[{"embeddable":true,"href":"https:\/\/nurlernen.de\/biologie\/wp-json\/wp\/v2\/users\/1"}],"replies":[{"embeddable":true,"href":"https:\/\/nurlernen.de\/biologie\/wp-json\/wp\/v2\/comments?post=2196"}],"version-history":[{"count":5,"href":"https:\/\/nurlernen.de\/biologie\/wp-json\/wp\/v2\/pages\/2196\/revisions"}],"predecessor-version":[{"id":3241,"href":"https:\/\/nurlernen.de\/biologie\/wp-json\/wp\/v2\/pages\/2196\/revisions\/3241"}],"wp:attachment":[{"href":"https:\/\/nurlernen.de\/biologie\/wp-json\/wp\/v2\/media?parent=2196"}],"curies":[{"name":"wp","href":"https:\/\/api.w.org\/{rel}","templated":true}]}}