{"id":2211,"date":"2022-01-13T18:46:28","date_gmt":"2022-01-13T18:46:28","guid":{"rendered":"https:\/\/nurlernen.de\/biologie\/?page_id=2211"},"modified":"2025-12-16T09:59:46","modified_gmt":"2025-12-16T08:59:46","slug":"der-golgi-apparat-verstaendlich-erklaert-mit-beispielen-und-test","status":"publish","type":"page","link":"https:\/\/nurlernen.de\/biologie\/der-golgi-apparat-verstaendlich-erklaert-mit-beispielen-und-test\/","title":{"rendered":"Der Golgi-Apparat"},"content":{"rendered":"\n<p>\n<a href=\"https:\/\/nurlernen.de\/biologie\/biologie-lernkontrolle\/?quiz=l_100250_q&#038;tree=chapter_z100010\" title=\"Direkt zum Test\">\n  <img decoding=\"async\" src=\"https:\/\/nurlernen.de\/biologie\/wp-content\/uploads\/sites\/2\/2025\/11\/test_icon.png\" alt=\"Zum Test\" style=\"width:48px; height:48px;\"><\/a>\n<a href=\"https:\/\/nurlernen.de\/biologie\/biologie-inhalte\/\" title=\"Lernfortschritt\">\n  <img decoding=\"async\" src=\"https:\/\/nurlernen.de\/biologie\/wp-content\/uploads\/sites\/2\/2025\/11\/progress_icon.png\" alt=\"Zum Test\" style=\"width:48px; height:48px;\"><\/a>\n<a href=\"https:\/\/nurlernen.de\/biologie\/biologie-lernkontrolle\" title=\"\u00dcber 1000 \u00dcbungen!\">\n  <img decoding=\"async\" src=\"https:\/\/nurlernen.de\/biologie\/wp-content\/uploads\/sites\/2\/2025\/11\/test2_icon.png\" alt=\"\u00dcber 1000 \u00dcbungen!\" style=\"width:48px; height:48px;\"><\/a>\n<a href=\"https:\/\/nurlernen.de\/biologie\/biologie-artikel\" title=\"Biologie Text-Sammlung\">\n  <img decoding=\"async\" src=\"https:\/\/nurlernen.de\/biologie\/wp-content\/uploads\/sites\/2\/2025\/11\/books_icon.png\" alt=\"Biologie Text-Sammlung\" style=\"width:48px; height:48px;\"><\/a>\n<a href=\"https:\/\/nurlernen.de\/biologie\/biologie-akademie\/\" title=\"Einen Lehrer Fragen\">\n  <img decoding=\"async\" src=\"https:\/\/nurlernen.de\/biologie\/wp-content\/uploads\/sites\/2\/2025\/11\/teacher_icon.png\" alt=\"Zum Test\" style=\"width:48px; height:48px;\"><\/a>\n<\/p>\n\n\n<figure id=\"attachment_2212\" aria-describedby=\"caption-attachment-2212\" style=\"width: 246px\" class=\"wp-caption alignright\"><img decoding=\"async\" class=\"wp-image-2212 size-medium\" src=\"https:\/\/nurlernen.de\/biologie\/wp-content\/uploads\/sites\/2\/2025\/07\/golgi_apparat_labeled.png\" alt=\"Golgi-Apparat\" width=\"256\" \/><figcaption id=\"caption-attachment-2212\" class=\"wp-caption-text\">Der schematische Aufbau des Golgi-Apparats<\/figcaption><\/figure>\n<p>Bei fast allen Organismen besteht der Golgi-Apparat aus vier bis sechs membranumschlossenen flachen Hohlr\u00e4umen. Diese werden als Zisternen oder Dictyosomen bezeichnet. W\u00e4hrend der Zellteilung zerf\u00e4llt der Golgi-Apparat in einzelnen Zisternen, die auf beide Tochterzellen aufgeteilt werden. Anschlie\u00dfend setzen sich diese wieder zu einem Golgi-Apparat zusammen.<\/p>\n<h4>Polarit\u00e4t des Golgi-Apparats<\/h4>\n<p>Der Golgi-Apparat besitzt zwei Richtungen. Die Seite des Golgi-Apparats, die dem endoplasmatischen Reticulum (ER) zugewandt ist, wird cis-Golgi-Netzwerk (CGN) genannt. Das CGN empf\u00e4ngt abgeschn\u00fcrte Vesikel vom ER. Die dem ER abgewandte (und eher der Plasmamembran zugewandte) Seite wird als trans-Golgi-Netzwerk (TGN) bezeichnet. Hier werden sogenannte Golgi-Vesikel abgeschn\u00fcrt. Die Zisternen des Golgi-Apparats enthalten spezifische Enzyme.<\/p>\n<p>Der Golgi-Apparat ist ein dynamisches System mit komplizierten Stoffstr\u00f6men. Es existieren derzeit zwei Modelle, die Versuchen die Stoffstr\u00f6me des Golgi-Apparats zu beschreiben:<\/p>\n<ul>\n<li>Bei der sogenannten Zisternenreifung \u201ewandern\u201c die einzelnen Zisternen von der cis- zur trans-Seite. Dabei werden die Enzyme \u00fcber entgegengesetzten vesikul\u00e4ren Transport f\u00fcr die nachr\u00fcckende Zisterne zur\u00fcckbehalten.<\/li>\n<li>Bei dem vesikul\u00e4ren Transport werden die Proteine durch Vesikel-Bewegungen zur n\u00e4chsten Zisterne \u2013 in Richtung des TGN \u2013 transportiert.<\/li>\n<\/ul>\n<p>Der Golgi-Apparat \u00fcbernimmt vielf\u00e4ltige und zum Teil komplexe Aufgaben. Proteine und Polypeptide werden i. d. R. \u00fcber Vesikel vom ER an den Golgi-Apparat weitergereicht. Dort werden diese Proteine abh\u00e4ngig von ihrer weiteren Verwendung modifiziert. W\u00fcrden Reaktionen des Golgi-Apparats im Cytoplasma stattfinden, so w\u00fcrde es zu Wechselwirkung mit anderen Zellorganellen und Stoffen f\u00fchren. Dies k\u00f6nnte u. a. zum Tod der Zelle f\u00fchren. Vollst\u00e4ndig modifizierte Proteine werden im TGN nach ihrem Bestimmungsort sortiert und in Golgi-Vesikeln abgeschn\u00fcrt. Die Mehrzahl der Proteine, die im Golgi-Apparat manipuliert werden, wird \u00fcber Exozytose aus der Zelle heraus transportiert. Dadurch kann eine Zelle zum Beispiel ihre Zellmembran ausbessern, vergr\u00f6\u00dfern und sogar die \u00e4u\u00dfere Struktur der Membran ver\u00e4ndern.<\/p>\n<p>Pflanzliche Zellen besitzen im Vergleich zu tierischen Zellen eine viel gr\u00f6\u00dfere Anzahl an Golgi-Apparaten, da hier zus\u00e4tzlich die Polysaccharide f\u00fcr die pflanzlichen Zellw\u00e4nde produziert werden.<\/p>\n\n\n<p><button onclick=\"location.href='https:\/\/nurlernen.de\/biologie\/biologie-inhalte\/'\">Lernbereich<\/button>\r\n<button onclick=\"location.href='https:\/\/nurlernen.de\/biologie\/biologie-akademie\/'\">Biologie Akademie<\/button>\r\n<!--button onclick=\"location.href='https:\/\/nurlernen.de\/biologie\/biologie-lernkontrolle\/'\">Lernkontrolle<\/button-->\r\n<!--button onclick=\"location.href='\/biologie-fragenkatalog'\"&gt;Fragenkatalog (F\u00fcr Lehrer)&lt;\/button-->\r\n<\/p>\n","protected":false},"excerpt":{"rendered":"<p>Bei fast allen Organismen besteht der Golgi-Apparat aus vier bis sechs membranumschlossenen flachen Hohlr\u00e4umen. Diese werden als Zisternen oder Dictyosomen bezeichnet. W\u00e4hrend der Zellteilung zerf\u00e4llt der Golgi-Apparat in einzelnen Zisternen, die auf beide Tochterzellen aufgeteilt werden. Anschlie\u00dfend setzen sich diese wieder zu einem Golgi-Apparat zusammen. Polarit\u00e4t des Golgi-Apparats Der Golgi-Apparat besitzt zwei Richtungen. Die Seite &#8230; <a title=\"Der Golgi-Apparat\" class=\"read-more\" href=\"https:\/\/nurlernen.de\/biologie\/der-golgi-apparat-verstaendlich-erklaert-mit-beispielen-und-test\/\" aria-label=\"Mehr Informationen \u00fcber Der Golgi-Apparat\">Weiterlesen<\/a><\/p>\n","protected":false},"author":1,"featured_media":0,"parent":0,"menu_order":0,"comment_status":"open","ping_status":"closed","template":"","meta":{"footnotes":""},"class_list":["post-2211","page","type-page","status-publish"],"yoast_head":"<!-- This site is optimized with the Yoast SEO plugin v27.5 - https:\/\/yoast.com\/product\/yoast-seo-wordpress\/ -->\n<title>Der Golgi-Apparat verst\u00e4ndlich erkl\u00e4rt mit Beispielen und Test<\/title>\n<meta name=\"description\" content=\"Der Golgi-Apparat modifiziert, verpackt und verteilt Proteine und Lipide in der Zelle. Zentral f\u00fcr Zellstoffwechsel und Membranaufbau.\" \/>\n<meta name=\"robots\" content=\"index, follow, max-snippet:-1, max-image-preview:large, max-video-preview:-1\" \/>\n<link rel=\"canonical\" href=\"https:\/\/nurlernen.de\/biologie\/der-golgi-apparat-verstaendlich-erklaert-mit-beispielen-und-test\/\" \/>\n<meta property=\"og:locale\" content=\"de_DE\" \/>\n<meta property=\"og:type\" content=\"article\" \/>\n<meta property=\"og:title\" content=\"Der Golgi-Apparat verst\u00e4ndlich erkl\u00e4rt mit Beispielen und Test\" \/>\n<meta property=\"og:description\" content=\"Der Golgi-Apparat modifiziert, verpackt und verteilt Proteine und Lipide in der Zelle. Zentral f\u00fcr Zellstoffwechsel und Membranaufbau.\" \/>\n<meta property=\"og:url\" content=\"https:\/\/nurlernen.de\/biologie\/der-golgi-apparat-verstaendlich-erklaert-mit-beispielen-und-test\/\" \/>\n<meta property=\"og:site_name\" content=\"Biologie verstehen\" \/>\n<meta property=\"article:modified_time\" content=\"2025-12-16T08:59:46+00:00\" \/>\n<meta property=\"og:image\" content=\"https:\/\/nurlernen.de\/biologie\/wp-content\/uploads\/sites\/2\/2025\/11\/test_icon.png\" \/>\n<meta name=\"twitter:card\" content=\"summary_large_image\" \/>\n<meta name=\"twitter:label1\" content=\"Gesch\u00e4tzte Lesezeit\" \/>\n\t<meta name=\"twitter:data1\" content=\"3\u00a0Minuten\" \/>\n<script type=\"application\/ld+json\" class=\"yoast-schema-graph\">{\"@context\":\"https:\\\/\\\/schema.org\",\"@graph\":[{\"@type\":\"WebPage\",\"@id\":\"https:\\\/\\\/nurlernen.de\\\/biologie\\\/der-golgi-apparat-verstaendlich-erklaert-mit-beispielen-und-test\\\/\",\"url\":\"https:\\\/\\\/nurlernen.de\\\/biologie\\\/der-golgi-apparat-verstaendlich-erklaert-mit-beispielen-und-test\\\/\",\"name\":\"Der Golgi-Apparat verst\u00e4ndlich erkl\u00e4rt mit Beispielen und Test\",\"isPartOf\":{\"@id\":\"https:\\\/\\\/nurlernen.de\\\/biologie\\\/#website\"},\"primaryImageOfPage\":{\"@id\":\"https:\\\/\\\/nurlernen.de\\\/biologie\\\/der-golgi-apparat-verstaendlich-erklaert-mit-beispielen-und-test\\\/#primaryimage\"},\"image\":{\"@id\":\"https:\\\/\\\/nurlernen.de\\\/biologie\\\/der-golgi-apparat-verstaendlich-erklaert-mit-beispielen-und-test\\\/#primaryimage\"},\"thumbnailUrl\":\"https:\\\/\\\/nurlernen.de\\\/biologie\\\/wp-content\\\/uploads\\\/sites\\\/2\\\/2025\\\/11\\\/test_icon.png\",\"datePublished\":\"2022-01-13T18:46:28+00:00\",\"dateModified\":\"2025-12-16T08:59:46+00:00\",\"description\":\"Der Golgi-Apparat modifiziert, verpackt und verteilt Proteine und Lipide in der Zelle. Zentral f\u00fcr Zellstoffwechsel und Membranaufbau.\",\"breadcrumb\":{\"@id\":\"https:\\\/\\\/nurlernen.de\\\/biologie\\\/der-golgi-apparat-verstaendlich-erklaert-mit-beispielen-und-test\\\/#breadcrumb\"},\"inLanguage\":\"de\",\"potentialAction\":[{\"@type\":\"ReadAction\",\"target\":[\"https:\\\/\\\/nurlernen.de\\\/biologie\\\/der-golgi-apparat-verstaendlich-erklaert-mit-beispielen-und-test\\\/\"]}]},{\"@type\":\"ImageObject\",\"inLanguage\":\"de\",\"@id\":\"https:\\\/\\\/nurlernen.de\\\/biologie\\\/der-golgi-apparat-verstaendlich-erklaert-mit-beispielen-und-test\\\/#primaryimage\",\"url\":\"https:\\\/\\\/nurlernen.de\\\/biologie\\\/wp-content\\\/uploads\\\/sites\\\/2\\\/2025\\\/11\\\/test_icon.png\",\"contentUrl\":\"https:\\\/\\\/nurlernen.de\\\/biologie\\\/wp-content\\\/uploads\\\/sites\\\/2\\\/2025\\\/11\\\/test_icon.png\",\"width\":256,\"height\":256},{\"@type\":\"BreadcrumbList\",\"@id\":\"https:\\\/\\\/nurlernen.de\\\/biologie\\\/der-golgi-apparat-verstaendlich-erklaert-mit-beispielen-und-test\\\/#breadcrumb\",\"itemListElement\":[{\"@type\":\"ListItem\",\"position\":1,\"name\":\"Startseite\",\"item\":\"https:\\\/\\\/nurlernen.de\\\/biologie\\\/\"},{\"@type\":\"ListItem\",\"position\":2,\"name\":\"Der Golgi-Apparat\"}]},{\"@type\":\"WebSite\",\"@id\":\"https:\\\/\\\/nurlernen.de\\\/biologie\\\/#website\",\"url\":\"https:\\\/\\\/nurlernen.de\\\/biologie\\\/\",\"name\":\"Biologie Lernen\",\"description\":\"\u00dcber 1000 kostenlose \u00dcbungen\",\"publisher\":{\"@id\":\"https:\\\/\\\/nurlernen.de\\\/biologie\\\/#organization\"},\"potentialAction\":[{\"@type\":\"SearchAction\",\"target\":{\"@type\":\"EntryPoint\",\"urlTemplate\":\"https:\\\/\\\/nurlernen.de\\\/biologie\\\/?s={search_term_string}\"},\"query-input\":{\"@type\":\"PropertyValueSpecification\",\"valueRequired\":true,\"valueName\":\"search_term_string\"}}],\"inLanguage\":\"de\"},{\"@type\":\"Organization\",\"@id\":\"https:\\\/\\\/nurlernen.de\\\/biologie\\\/#organization\",\"name\":\"Biologie Lernen\",\"url\":\"https:\\\/\\\/nurlernen.de\\\/biologie\\\/\",\"logo\":{\"@type\":\"ImageObject\",\"inLanguage\":\"de\",\"@id\":\"https:\\\/\\\/nurlernen.de\\\/biologie\\\/#\\\/schema\\\/logo\\\/image\\\/\",\"url\":\"https:\\\/\\\/nurlernen.de\\\/biologie\\\/wp-content\\\/uploads\\\/sites\\\/2\\\/2025\\\/07\\\/cropped-zellkern.png\",\"contentUrl\":\"https:\\\/\\\/nurlernen.de\\\/biologie\\\/wp-content\\\/uploads\\\/sites\\\/2\\\/2025\\\/07\\\/cropped-zellkern.png\",\"width\":512,\"height\":512,\"caption\":\"Biologie Lernen\"},\"image\":{\"@id\":\"https:\\\/\\\/nurlernen.de\\\/biologie\\\/#\\\/schema\\\/logo\\\/image\\\/\"},\"sameAs\":[\"https:\\\/\\\/www.instagram.com\\\/nurlernen.de\\\/\"]}]}<\/script>\n<!-- \/ Yoast SEO plugin. -->","yoast_head_json":{"title":"Der Golgi-Apparat verst\u00e4ndlich erkl\u00e4rt mit Beispielen und Test","description":"Der Golgi-Apparat modifiziert, verpackt und verteilt Proteine und Lipide in der Zelle. Zentral f\u00fcr Zellstoffwechsel und Membranaufbau.","robots":{"index":"index","follow":"follow","max-snippet":"max-snippet:-1","max-image-preview":"max-image-preview:large","max-video-preview":"max-video-preview:-1"},"canonical":"https:\/\/nurlernen.de\/biologie\/der-golgi-apparat-verstaendlich-erklaert-mit-beispielen-und-test\/","og_locale":"de_DE","og_type":"article","og_title":"Der Golgi-Apparat verst\u00e4ndlich erkl\u00e4rt mit Beispielen und Test","og_description":"Der Golgi-Apparat modifiziert, verpackt und verteilt Proteine und Lipide in der Zelle. Zentral f\u00fcr Zellstoffwechsel und Membranaufbau.","og_url":"https:\/\/nurlernen.de\/biologie\/der-golgi-apparat-verstaendlich-erklaert-mit-beispielen-und-test\/","og_site_name":"Biologie verstehen","article_modified_time":"2025-12-16T08:59:46+00:00","og_image":[{"url":"https:\/\/nurlernen.de\/biologie\/wp-content\/uploads\/sites\/2\/2025\/11\/test_icon.png","type":"","width":"","height":""}],"twitter_card":"summary_large_image","twitter_misc":{"Gesch\u00e4tzte Lesezeit":"3\u00a0Minuten"},"schema":{"@context":"https:\/\/schema.org","@graph":[{"@type":"WebPage","@id":"https:\/\/nurlernen.de\/biologie\/der-golgi-apparat-verstaendlich-erklaert-mit-beispielen-und-test\/","url":"https:\/\/nurlernen.de\/biologie\/der-golgi-apparat-verstaendlich-erklaert-mit-beispielen-und-test\/","name":"Der Golgi-Apparat verst\u00e4ndlich erkl\u00e4rt mit Beispielen und Test","isPartOf":{"@id":"https:\/\/nurlernen.de\/biologie\/#website"},"primaryImageOfPage":{"@id":"https:\/\/nurlernen.de\/biologie\/der-golgi-apparat-verstaendlich-erklaert-mit-beispielen-und-test\/#primaryimage"},"image":{"@id":"https:\/\/nurlernen.de\/biologie\/der-golgi-apparat-verstaendlich-erklaert-mit-beispielen-und-test\/#primaryimage"},"thumbnailUrl":"https:\/\/nurlernen.de\/biologie\/wp-content\/uploads\/sites\/2\/2025\/11\/test_icon.png","datePublished":"2022-01-13T18:46:28+00:00","dateModified":"2025-12-16T08:59:46+00:00","description":"Der Golgi-Apparat modifiziert, verpackt und verteilt Proteine und Lipide in der Zelle. Zentral f\u00fcr Zellstoffwechsel und Membranaufbau.","breadcrumb":{"@id":"https:\/\/nurlernen.de\/biologie\/der-golgi-apparat-verstaendlich-erklaert-mit-beispielen-und-test\/#breadcrumb"},"inLanguage":"de","potentialAction":[{"@type":"ReadAction","target":["https:\/\/nurlernen.de\/biologie\/der-golgi-apparat-verstaendlich-erklaert-mit-beispielen-und-test\/"]}]},{"@type":"ImageObject","inLanguage":"de","@id":"https:\/\/nurlernen.de\/biologie\/der-golgi-apparat-verstaendlich-erklaert-mit-beispielen-und-test\/#primaryimage","url":"https:\/\/nurlernen.de\/biologie\/wp-content\/uploads\/sites\/2\/2025\/11\/test_icon.png","contentUrl":"https:\/\/nurlernen.de\/biologie\/wp-content\/uploads\/sites\/2\/2025\/11\/test_icon.png","width":256,"height":256},{"@type":"BreadcrumbList","@id":"https:\/\/nurlernen.de\/biologie\/der-golgi-apparat-verstaendlich-erklaert-mit-beispielen-und-test\/#breadcrumb","itemListElement":[{"@type":"ListItem","position":1,"name":"Startseite","item":"https:\/\/nurlernen.de\/biologie\/"},{"@type":"ListItem","position":2,"name":"Der Golgi-Apparat"}]},{"@type":"WebSite","@id":"https:\/\/nurlernen.de\/biologie\/#website","url":"https:\/\/nurlernen.de\/biologie\/","name":"Biologie Lernen","description":"\u00dcber 1000 kostenlose \u00dcbungen","publisher":{"@id":"https:\/\/nurlernen.de\/biologie\/#organization"},"potentialAction":[{"@type":"SearchAction","target":{"@type":"EntryPoint","urlTemplate":"https:\/\/nurlernen.de\/biologie\/?s={search_term_string}"},"query-input":{"@type":"PropertyValueSpecification","valueRequired":true,"valueName":"search_term_string"}}],"inLanguage":"de"},{"@type":"Organization","@id":"https:\/\/nurlernen.de\/biologie\/#organization","name":"Biologie Lernen","url":"https:\/\/nurlernen.de\/biologie\/","logo":{"@type":"ImageObject","inLanguage":"de","@id":"https:\/\/nurlernen.de\/biologie\/#\/schema\/logo\/image\/","url":"https:\/\/nurlernen.de\/biologie\/wp-content\/uploads\/sites\/2\/2025\/07\/cropped-zellkern.png","contentUrl":"https:\/\/nurlernen.de\/biologie\/wp-content\/uploads\/sites\/2\/2025\/07\/cropped-zellkern.png","width":512,"height":512,"caption":"Biologie Lernen"},"image":{"@id":"https:\/\/nurlernen.de\/biologie\/#\/schema\/logo\/image\/"},"sameAs":["https:\/\/www.instagram.com\/nurlernen.de\/"]}]}},"_links":{"self":[{"href":"https:\/\/nurlernen.de\/biologie\/wp-json\/wp\/v2\/pages\/2211","targetHints":{"allow":["GET"]}}],"collection":[{"href":"https:\/\/nurlernen.de\/biologie\/wp-json\/wp\/v2\/pages"}],"about":[{"href":"https:\/\/nurlernen.de\/biologie\/wp-json\/wp\/v2\/types\/page"}],"author":[{"embeddable":true,"href":"https:\/\/nurlernen.de\/biologie\/wp-json\/wp\/v2\/users\/1"}],"replies":[{"embeddable":true,"href":"https:\/\/nurlernen.de\/biologie\/wp-json\/wp\/v2\/comments?post=2211"}],"version-history":[{"count":12,"href":"https:\/\/nurlernen.de\/biologie\/wp-json\/wp\/v2\/pages\/2211\/revisions"}],"predecessor-version":[{"id":3228,"href":"https:\/\/nurlernen.de\/biologie\/wp-json\/wp\/v2\/pages\/2211\/revisions\/3228"}],"wp:attachment":[{"href":"https:\/\/nurlernen.de\/biologie\/wp-json\/wp\/v2\/media?parent=2211"}],"curies":[{"name":"wp","href":"https:\/\/api.w.org\/{rel}","templated":true}]}}