{"id":2371,"date":"2023-08-16T13:17:29","date_gmt":"2023-08-16T13:17:29","guid":{"rendered":"https:\/\/nurlernen.de\/biologie\/?page_id=2371"},"modified":"2025-07-13T14:05:46","modified_gmt":"2025-07-13T12:05:46","slug":"impressum","status":"publish","type":"page","link":"https:\/\/nurlernen.de\/biologie\/impressum\/","title":{"rendered":"Impressum"},"content":{"rendered":"\n<p><strong>IMPRESSUM<\/strong><\/p>\n\n\n\n<hr class=\"wp-block-separator has-alpha-channel-opacity\" \/>\n\n\n\n<p>Bucany Studios UG (haftungsbeschr\u00e4nkt)<br>vertreten durch den Gesch\u00e4ftsf\u00fchrer:<br>Dr. rer. nat. Niemma Buckanie<br>Saarbr\u00fccker Stra\u00dfe 15<br>D-45138 Essen<br>Deutschland<br>Telefon: 0049 162 8464 049<br>Web: http:\/\/www.nurlernen.de\/biologie\/<br>E-Mail: webmaster@lernenabitur.de<br>Zust\u00e4ndiges Amtsgericht: Essen<br>HRB Nummer: 27084<br>USt-IdNr: DE305915403<\/p>\n\n\n\n<hr class=\"wp-block-separator has-alpha-channel-opacity\" \/>\n\n\n\n<p>Sie erreichen unseren Kundendienst f\u00fcr Fragen, Reklamationen und Beanstandungen unter der Telefonnummer 0049 162 8464 049 sowie per Email unter webmaster@lernenabitur.de.<br>Inhaltlich verantwortlich gem\u00e4\u00df \u00a7 5 TMG ist Dr. rer. nat. Niemma Buckanie.<\/p>\n\n\n\n<hr class=\"wp-block-separator has-alpha-channel-opacity\" \/>\n\n\n\n<p>Bildquellen http:\/\/www.pixabay.com<\/p>\n\n\n\n<hr class=\"wp-block-separator has-alpha-channel-opacity\" \/>\n\n\n\n<p><strong>Haftung f\u00fcr eigene Inhalte<\/strong><br>Wir sind bem\u00fcht, das Webangebot stets aktuell und inhaltlich richtig sowie vollst\u00e4ndig anzubieten. Dennoch ist das Auftreten von Fehlern nicht v\u00f6llig auszuschlie\u00dfen. Als Dienstanbieter sind wir gem\u00e4\u00df \u00a7 7 TMG f\u00fcr eigene Inhalte auf diesen Seiten nach den allgemeinen Gesetzen verantwortlich. Trotz sorgf\u00e4ltiger inhaltlicher Kontrolle \u00fcbernehmen wir keine Haftung f\u00fcr die Inhalte externer Links. F\u00fcr den Inhalt der verlinkten Seiten sind ausschlie\u00dflich deren Betreiber verantwortlich.<\/p>\n\n\n\n<hr class=\"wp-block-separator has-alpha-channel-opacity\" \/>\n\n\n\n<p><strong>Copyright<\/strong><br>Das Layout der Homepage, die verwendeten Grafiken und Bilder sowie die einzelnen Beitr\u00e4ge sind urheberrechtlich gesch\u00fctzt. Alle Rechte, auch die der fotomechanischen Wiedergabe, der Vervielf\u00e4ltigung und der Verbreitung mittels besonderer Verfahren (zum Beispiel Datenverarbeitung, Datentr\u00e4ger und Datennetze), auch teilweise, beh\u00e4lt sich die Bucany Studios UG (haftungsbeschr\u00e4nkt) vor. Dieser Haftungsausschluss ist Teil des Internetangebotes der Bucany Studios UG (haftungsbeschr\u00e4nkt). Sofern einzelne Formulierungen oder Teile dieses Textes der geltenden Rechtslage nicht mehr oder nicht mehr vollst\u00e4ndig entsprechen, bleiben die \u00fcbrigen Teile dieser Erkl\u00e4rung davon unber\u00fchrt.<\/p>\n","protected":false},"excerpt":{"rendered":"<p>IMPRESSUM Bucany Studios UG (haftungsbeschr\u00e4nkt)vertreten durch den Gesch\u00e4ftsf\u00fchrer:Dr. rer. nat. Niemma BuckanieSaarbr\u00fccker Stra\u00dfe 15D-45138 EssenDeutschlandTelefon: 0049 162 8464 049Web: http:\/\/www.nurlernen.de\/biologie\/E-Mail: webmaster@lernenabitur.deZust\u00e4ndiges Amtsgericht: EssenHRB Nummer: 27084USt-IdNr: DE305915403 Sie erreichen unseren Kundendienst f\u00fcr Fragen, Reklamationen und Beanstandungen unter der Telefonnummer 0049 162 8464 049 sowie per Email unter webmaster@lernenabitur.de.Inhaltlich verantwortlich gem\u00e4\u00df \u00a7 5 TMG ist Dr. rer. &#8230; <a title=\"Impressum\" class=\"read-more\" href=\"https:\/\/nurlernen.de\/biologie\/impressum\/\" aria-label=\"Mehr Informationen \u00fcber Impressum\">Weiterlesen<\/a><\/p>\n","protected":false},"author":1,"featured_media":0,"parent":0,"menu_order":0,"comment_status":"open","ping_status":"closed","template":"","meta":{"footnotes":""},"class_list":["post-2371","page","type-page","status-publish"],"yoast_head":"<!-- This site is optimized with the Yoast SEO plugin v27.5 - https:\/\/yoast.com\/product\/yoast-seo-wordpress\/ -->\n<title>Impressum<\/title>\n<meta name=\"robots\" content=\"index, follow, max-snippet:-1, max-image-preview:large, max-video-preview:-1\" \/>\n<link rel=\"canonical\" href=\"https:\/\/nurlernen.de\/biologie\/impressum\/\" \/>\n<meta property=\"og:locale\" content=\"de_DE\" \/>\n<meta property=\"og:type\" content=\"article\" \/>\n<meta property=\"og:title\" content=\"Impressum\" \/>\n<meta property=\"og:description\" content=\"IMPRESSUM Bucany Studios UG (haftungsbeschr\u00e4nkt)vertreten durch den Gesch\u00e4ftsf\u00fchrer:Dr. rer. nat. Niemma BuckanieSaarbr\u00fccker Stra\u00dfe 15D-45138 EssenDeutschlandTelefon: 0049 162 8464 049Web: http:\/\/www.nurlernen.de\/biologie\/E-Mail: webmaster@lernenabitur.deZust\u00e4ndiges Amtsgericht: EssenHRB Nummer: 27084USt-IdNr: DE305915403 Sie erreichen unseren Kundendienst f\u00fcr Fragen, Reklamationen und Beanstandungen unter der Telefonnummer 0049 162 8464 049 sowie per Email unter webmaster@lernenabitur.de.Inhaltlich verantwortlich gem\u00e4\u00df \u00a7 5 TMG ist Dr. rer. ... Weiterlesen\" \/>\n<meta property=\"og:url\" content=\"https:\/\/nurlernen.de\/biologie\/impressum\/\" \/>\n<meta property=\"og:site_name\" content=\"Biologie verstehen\" \/>\n<meta property=\"article:modified_time\" content=\"2025-07-13T12:05:46+00:00\" \/>\n<meta name=\"twitter:card\" content=\"summary_large_image\" \/>\n<meta name=\"twitter:label1\" content=\"Gesch\u00e4tzte Lesezeit\" \/>\n\t<meta name=\"twitter:data1\" content=\"1\u00a0Minute\" \/>\n<script type=\"application\/ld+json\" class=\"yoast-schema-graph\">{\"@context\":\"https:\\\/\\\/schema.org\",\"@graph\":[{\"@type\":\"WebPage\",\"@id\":\"https:\\\/\\\/nurlernen.de\\\/biologie\\\/impressum\\\/\",\"url\":\"https:\\\/\\\/nurlernen.de\\\/biologie\\\/impressum\\\/\",\"name\":\"Impressum\",\"isPartOf\":{\"@id\":\"https:\\\/\\\/nurlernen.de\\\/biologie\\\/#website\"},\"datePublished\":\"2023-08-16T13:17:29+00:00\",\"dateModified\":\"2025-07-13T12:05:46+00:00\",\"breadcrumb\":{\"@id\":\"https:\\\/\\\/nurlernen.de\\\/biologie\\\/impressum\\\/#breadcrumb\"},\"inLanguage\":\"de\",\"potentialAction\":[{\"@type\":\"ReadAction\",\"target\":[\"https:\\\/\\\/nurlernen.de\\\/biologie\\\/impressum\\\/\"]}]},{\"@type\":\"BreadcrumbList\",\"@id\":\"https:\\\/\\\/nurlernen.de\\\/biologie\\\/impressum\\\/#breadcrumb\",\"itemListElement\":[{\"@type\":\"ListItem\",\"position\":1,\"name\":\"Startseite\",\"item\":\"https:\\\/\\\/nurlernen.de\\\/biologie\\\/\"},{\"@type\":\"ListItem\",\"position\":2,\"name\":\"Impressum\"}]},{\"@type\":\"WebSite\",\"@id\":\"https:\\\/\\\/nurlernen.de\\\/biologie\\\/#website\",\"url\":\"https:\\\/\\\/nurlernen.de\\\/biologie\\\/\",\"name\":\"Biologie Lernen\",\"description\":\"\u00dcber 1000 kostenlose \u00dcbungen\",\"publisher\":{\"@id\":\"https:\\\/\\\/nurlernen.de\\\/biologie\\\/#organization\"},\"potentialAction\":[{\"@type\":\"SearchAction\",\"target\":{\"@type\":\"EntryPoint\",\"urlTemplate\":\"https:\\\/\\\/nurlernen.de\\\/biologie\\\/?s={search_term_string}\"},\"query-input\":{\"@type\":\"PropertyValueSpecification\",\"valueRequired\":true,\"valueName\":\"search_term_string\"}}],\"inLanguage\":\"de\"},{\"@type\":\"Organization\",\"@id\":\"https:\\\/\\\/nurlernen.de\\\/biologie\\\/#organization\",\"name\":\"Biologie Lernen\",\"url\":\"https:\\\/\\\/nurlernen.de\\\/biologie\\\/\",\"logo\":{\"@type\":\"ImageObject\",\"inLanguage\":\"de\",\"@id\":\"https:\\\/\\\/nurlernen.de\\\/biologie\\\/#\\\/schema\\\/logo\\\/image\\\/\",\"url\":\"https:\\\/\\\/nurlernen.de\\\/biologie\\\/wp-content\\\/uploads\\\/sites\\\/2\\\/2025\\\/07\\\/cropped-zellkern.png\",\"contentUrl\":\"https:\\\/\\\/nurlernen.de\\\/biologie\\\/wp-content\\\/uploads\\\/sites\\\/2\\\/2025\\\/07\\\/cropped-zellkern.png\",\"width\":512,\"height\":512,\"caption\":\"Biologie Lernen\"},\"image\":{\"@id\":\"https:\\\/\\\/nurlernen.de\\\/biologie\\\/#\\\/schema\\\/logo\\\/image\\\/\"},\"sameAs\":[\"https:\\\/\\\/www.instagram.com\\\/nurlernen.de\\\/\"]}]}<\/script>\n<!-- \/ Yoast SEO plugin. -->","yoast_head_json":{"title":"Impressum","robots":{"index":"index","follow":"follow","max-snippet":"max-snippet:-1","max-image-preview":"max-image-preview:large","max-video-preview":"max-video-preview:-1"},"canonical":"https:\/\/nurlernen.de\/biologie\/impressum\/","og_locale":"de_DE","og_type":"article","og_title":"Impressum","og_description":"IMPRESSUM Bucany Studios UG (haftungsbeschr\u00e4nkt)vertreten durch den Gesch\u00e4ftsf\u00fchrer:Dr. rer. nat. Niemma BuckanieSaarbr\u00fccker Stra\u00dfe 15D-45138 EssenDeutschlandTelefon: 0049 162 8464 049Web: http:\/\/www.nurlernen.de\/biologie\/E-Mail: webmaster@lernenabitur.deZust\u00e4ndiges Amtsgericht: EssenHRB Nummer: 27084USt-IdNr: DE305915403 Sie erreichen unseren Kundendienst f\u00fcr Fragen, Reklamationen und Beanstandungen unter der Telefonnummer 0049 162 8464 049 sowie per Email unter webmaster@lernenabitur.de.Inhaltlich verantwortlich gem\u00e4\u00df \u00a7 5 TMG ist Dr. rer. ... Weiterlesen","og_url":"https:\/\/nurlernen.de\/biologie\/impressum\/","og_site_name":"Biologie verstehen","article_modified_time":"2025-07-13T12:05:46+00:00","twitter_card":"summary_large_image","twitter_misc":{"Gesch\u00e4tzte Lesezeit":"1\u00a0Minute"},"schema":{"@context":"https:\/\/schema.org","@graph":[{"@type":"WebPage","@id":"https:\/\/nurlernen.de\/biologie\/impressum\/","url":"https:\/\/nurlernen.de\/biologie\/impressum\/","name":"Impressum","isPartOf":{"@id":"https:\/\/nurlernen.de\/biologie\/#website"},"datePublished":"2023-08-16T13:17:29+00:00","dateModified":"2025-07-13T12:05:46+00:00","breadcrumb":{"@id":"https:\/\/nurlernen.de\/biologie\/impressum\/#breadcrumb"},"inLanguage":"de","potentialAction":[{"@type":"ReadAction","target":["https:\/\/nurlernen.de\/biologie\/impressum\/"]}]},{"@type":"BreadcrumbList","@id":"https:\/\/nurlernen.de\/biologie\/impressum\/#breadcrumb","itemListElement":[{"@type":"ListItem","position":1,"name":"Startseite","item":"https:\/\/nurlernen.de\/biologie\/"},{"@type":"ListItem","position":2,"name":"Impressum"}]},{"@type":"WebSite","@id":"https:\/\/nurlernen.de\/biologie\/#website","url":"https:\/\/nurlernen.de\/biologie\/","name":"Biologie Lernen","description":"\u00dcber 1000 kostenlose \u00dcbungen","publisher":{"@id":"https:\/\/nurlernen.de\/biologie\/#organization"},"potentialAction":[{"@type":"SearchAction","target":{"@type":"EntryPoint","urlTemplate":"https:\/\/nurlernen.de\/biologie\/?s={search_term_string}"},"query-input":{"@type":"PropertyValueSpecification","valueRequired":true,"valueName":"search_term_string"}}],"inLanguage":"de"},{"@type":"Organization","@id":"https:\/\/nurlernen.de\/biologie\/#organization","name":"Biologie Lernen","url":"https:\/\/nurlernen.de\/biologie\/","logo":{"@type":"ImageObject","inLanguage":"de","@id":"https:\/\/nurlernen.de\/biologie\/#\/schema\/logo\/image\/","url":"https:\/\/nurlernen.de\/biologie\/wp-content\/uploads\/sites\/2\/2025\/07\/cropped-zellkern.png","contentUrl":"https:\/\/nurlernen.de\/biologie\/wp-content\/uploads\/sites\/2\/2025\/07\/cropped-zellkern.png","width":512,"height":512,"caption":"Biologie Lernen"},"image":{"@id":"https:\/\/nurlernen.de\/biologie\/#\/schema\/logo\/image\/"},"sameAs":["https:\/\/www.instagram.com\/nurlernen.de\/"]}]}},"_links":{"self":[{"href":"https:\/\/nurlernen.de\/biologie\/wp-json\/wp\/v2\/pages\/2371","targetHints":{"allow":["GET"]}}],"collection":[{"href":"https:\/\/nurlernen.de\/biologie\/wp-json\/wp\/v2\/pages"}],"about":[{"href":"https:\/\/nurlernen.de\/biologie\/wp-json\/wp\/v2\/types\/page"}],"author":[{"embeddable":true,"href":"https:\/\/nurlernen.de\/biologie\/wp-json\/wp\/v2\/users\/1"}],"replies":[{"embeddable":true,"href":"https:\/\/nurlernen.de\/biologie\/wp-json\/wp\/v2\/comments?post=2371"}],"version-history":[{"count":1,"href":"https:\/\/nurlernen.de\/biologie\/wp-json\/wp\/v2\/pages\/2371\/revisions"}],"predecessor-version":[{"id":2624,"href":"https:\/\/nurlernen.de\/biologie\/wp-json\/wp\/v2\/pages\/2371\/revisions\/2624"}],"wp:attachment":[{"href":"https:\/\/nurlernen.de\/biologie\/wp-json\/wp\/v2\/media?parent=2371"}],"curies":[{"name":"wp","href":"https:\/\/api.w.org\/{rel}","templated":true}]}}