{"id":26,"date":"2024-07-05T17:59:00","date_gmt":"2024-07-05T15:59:00","guid":{"rendered":"http:\/\/nurlernen.de\/biologie\/?page_id=26"},"modified":"2025-12-29T12:42:49","modified_gmt":"2025-12-29T11:42:49","slug":"biologie-lernen","status":"publish","type":"page","link":"https:\/\/nurlernen.de\/biologie\/","title":{"rendered":"Biologie Lernen"},"content":{"rendered":"<p><img decoding=\"async\" class=\"alignleft wp-image-2560 size-thumbnail\" src=\"http:\/\/nurlernen.de\/biologie\/wp-content\/uploads\/sites\/2\/2025\/07\/zellkern-150x150.png\" alt=\"Bild eines Zellkerns\" width=\"256\" srcset=\"https:\/\/nurlernen.de\/biologie\/wp-content\/uploads\/sites\/2\/2025\/07\/zellkern-150x150.png 150w, https:\/\/nurlernen.de\/biologie\/wp-content\/uploads\/sites\/2\/2025\/07\/zellkern-300x300.png 300w, https:\/\/nurlernen.de\/biologie\/wp-content\/uploads\/sites\/2\/2025\/07\/zellkern.png 512w\" sizes=\"(max-width: 150px) 100vw, 150px\" \/>Du m\u00f6chtest Biologie lernen und verstehen und dich dabei auf Klausuren und Abiturpr\u00fcfungen vorbereiten? Unsere Philosophie: &#8222;\u00dcben, \u00dcben und noch mehr \u00dcben&#8220;. Deshalb findest du bei uns \u00fcber 1000 hochqualitative Fragen zu diversen Themen der Biologie.<\/p>\n<p>Wir versuchen komplexe Klausuraufgaben und Biologie-Sachverhalte in kleinere Portionen als Quiz bereitzustellen. Dadurch bekommst du die M\u00f6glichkeit die Sachverhalte von verschiedenen Winkel zu bearbeiten und so ein tieferes Verst\u00e4ndnis der Biologie bekommen.<\/p>\n\n\n<p>\n<a href=\"https:\/\/nurlernen.de\/biologie\/biologie-inhalte\/\" title=\"Lernfortschritt\">\n  <img decoding=\"async\" src=\"https:\/\/nurlernen.de\/biologie\/wp-content\/uploads\/sites\/2\/2025\/11\/progress_icon.png\" alt=\"Zum Test\" style=\"width:64px; height:64px;\"><\/a>\n<a href=\"https:\/\/nurlernen.de\/biologie\/biologie-lernkontrolle\" title=\"\u00dcber 1000 \u00dcbungen!\">\n  <img decoding=\"async\" src=\"https:\/\/nurlernen.de\/biologie\/wp-content\/uploads\/sites\/2\/2025\/11\/test2_icon.png\" alt=\"\u00dcber 1000 \u00dcbungen!\" style=\"width:64px; height:64px;\"><\/a>\n<a href=\"https:\/\/nurlernen.de\/biologie\/biologie-artikel\" title=\"Artikel-Sammlung\">\n  <img decoding=\"async\" src=\"https:\/\/nurlernen.de\/biologie\/wp-content\/uploads\/sites\/2\/2025\/11\/books_icon.png\" alt=\"\u00dcber 1000 \u00dcbungen!\" style=\"width:64px; height:64px;\"><\/a>\n<a href=\"https:\/\/nurlernen.de\/biologie\/biologie-akademie\/\" title=\"Einen Lehrer Fragen\">\n  <img decoding=\"async\" src=\"https:\/\/nurlernen.de\/biologie\/wp-content\/uploads\/sites\/2\/2025\/11\/teacher_icon.png\" alt=\"Zum Test\" style=\"width:64px; height:64px;\"><\/a>\n<\/p>\n\n\n\n<p>Suchst du eine schnelle Herausforderung? Dann besuche jeden Tag diese Seite. Hier findest du t\u00e4glich f\u00fcnft zuf\u00e4llig ausgew\u00e4hlte Fragen aus unserem umfangreichen Fragenkatalog.<\/p>\n\n\n\n<hr class=\"wp-block-separator has-alpha-channel-opacity\"\/>\n\n\n\n<h2 class=\"wp-block-heading\">Bio-Tagesquiz<\/h2>\n\n\n\n<p>Kannst du alle untenstehenden Fragen korrekt beantworten? Wenn ja, dann bist du echt gut!<\/p>\n\n\n\n<p><\/p>\n\n\n\n\r\n\t\t<style>\r\n\t\t\/* The Modal (background) *\/\r\n\t\t.modal {\r\n\t\t\tdisplay: none; \/* Hidden by default *\/\r\n\t\t\tposition: fixed; \/* Stay in place *\/\r\n\t\t\tz-index: 1; \/* Sit on top *\/\r\n\t\t\tpadding-top: 100px; \/* Location of the box *\/\r\n\t\t\tleft: 0;\r\n\t\t\ttop: 0;\r\n\t\t\twidth: 100%; \/* Full width *\/\r\n\t\t\theight: 100%; \/* Full height *\/\r\n\t\t\toverflow: auto; \/* Enable scroll if needed *\/\r\n\t\t\tbackground-color: rgb(0,0,0); \/* Fallback color *\/\r\n\t\t\tbackground-color: rgba(0,0,0,0.4); \/* Black w\/ opacity *\/\r\n\t\t}\r\n\r\n\t\t\/* Modal Content *\/\r\n\t\t.modal-content {\r\n\t\t\tposition: relative;\r\n\t\t\tbackground-color: #fefefe;\r\n\t\t\tmargin: auto;\r\n\t\t\tpadding: 0;\r\n\t\t\tborder: 1px solid #888;\r\n\t\t\twidth: 80%;\r\n\t\t\tbox-shadow: 0 4px 8px 0 rgba(0,0,0,0.2),0 6px 20px 0 rgba(0,0,0,0.19);\r\n\t\t\t-webkit-animation-name: animatetop;\r\n\t\t\t-webkit-animation-duration: 0.4s;\r\n\t\t\tanimation-name: animatetop;\r\n\t\t\tanimation-duration: 0.4s\r\n\t\t}\r\n\r\n\t\t\/* Add Animation *\/\r\n\t\t@-webkit-keyframes animatetop {\r\n\t\t\tfrom {top:-300px; opacity:0} \r\n\t\t\tto {top:0; opacity:1}\r\n\t\t}\r\n\r\n\t\t@keyframes animatetop {\r\n\t\t\tfrom {top:-300px; opacity:0}\r\n\t\t\tto {top:0; opacity:1}\r\n\t\t}\r\n\r\n\t\t\/* The Close Button *\/\r\n\t\t.close {\r\n\t\t\tcolor: white;\r\n\t\t\tfloat: right;\r\n\t\t\t\/\/font-size: 16px;\r\n\t\t\tfont-weight: bold;\r\n\t\t}\r\n\r\n\t\t.close:hover,\r\n\t\t.close:focus {\r\n\t\t\tcolor: #000;\r\n\t\t\ttext-decoration: none;\r\n\t\t\tcursor: pointer;\r\n\t\t}\r\n\r\n\t\t.modal-header {\r\n\t\t\tpadding: 2px 16px;\r\n\t\t\t\/\/padding-top: 16px;\r\n\t\t\tbackground-color: #AFAFAF ;\r\n\t\t\tcolor: white;\r\n\t\t\tfont-weight: bold;\r\n\t\t}\r\n\r\n\t\t.modal-body {\r\n\t\t\tpadding: 2px 16px;\r\n\t\t}\r\n\r\n\t\t.modal-footer {\r\n\t\t\tpadding: 2px 16px;\r\n\t\t\tbackground-color: #AFAFAF ;\r\n\t\t\tcolor: white;\r\n\t\t}\r\n\r\n\r\n\t\t<\/style>\r\n\r\n\t\r\n\r\n\t\t<!--h2>Lernkontrolle<\/h2-->\r\n\t\t<div id=\"settings_layout\">\r\n\t\t\t<p><button id=\"startQuizButton\" onclick=\"loadQuizFromXML(quizFileName);\" hidden >Test beginnen<\/button><\/p>\t\r\n\t\t<\/div>\r\n\t\t\r\n\t\t<div id=\"quiz_layout\" style=\"visibility: hidden; \">\r\n\t\t\t\t\t\r\n\t\t\t<h4 id=\"progress_label\">Frage<\/h4>\r\n\t\t\t<progress id=\"progress\" value=\"0\" max=\"5\"><\/progress>\r\n\r\n\t\t\t<p id=\"question\">Frage...<\/p>\r\n\t\t\t\r\n\t\t\t<div>\r\n\t\t\t\t<img decoding=\"async\" class= \"quiz_image\" id=\"q_image\" src=\"\">\r\n\t\t\t<\/div>\r\n\t\t\t\r\n\t\t\t<hr>\r\n\t\t\t\r\n\t\t\t<div>\r\n\t\t\t\t<input type=\"radio\" name=\"answersRadio\" id=\"answerradio1\" onclick=\"setAnswer(1);\" value=\"1\"\/>\r\n\t\t\t\t<label id=\"answer1\" for=\"answerradio1\">A)  <\/label> \r\n\t\t\t<\/div>\r\n\t\t\t\r\n\t\t\t<hr>\r\n\t\t\t\r\n\t\t\t<div>\r\n\t\t\t\t<input type=\"radio\" name=\"answersRadio\" id=\"answerradio2\" onclick=\"setAnswer(2);\" value=\"2\"\/>\r\n\t\t\t\t<label id=\"answer2\"  for=\"answerradio2\">B)  <\/label> \r\n\t\t\t<\/div>\r\n\t\t\t\r\n\t\t\t<hr>\r\n\t\t\t\r\n\t\t\t<div>\r\n\t\t\t\t<input type=\"radio\" name=\"answersRadio\" id=\"answerradio3\" onclick=\"setAnswer(3);\" value=\"3\"\/>\r\n\t\t\t\t<label id=\"answer3\" for=\"answerradio3\">C)  <\/label> \r\n\t\t\t<\/div>\r\n\t\t\t\r\n\t\t\t<hr>\r\n\t\t\t\r\n\t\t\t<div>\r\n\t\t\t\t<input type=\"radio\" name=\"answersRadio\" id=\"answerradio4\" onclick=\"setAnswer(4);\" value=\"4\"\/>\r\n\t\t\t\t<label id=\"answer4\"  for=\"answerradio4\">D) <\/label> \r\n\t\t\t<\/div>\r\n\t\t\t\r\n\t\t\t<hr>\r\n\t\t\t\r\n\t\t\t<div>\r\n\t\t\t\t<p id=\"info\"><\/p>\r\n\t\t\t<\/div>\r\n\r\n\t\t\t<div>\r\n\t\t\t\t<button class=\"btn\" style=\"float: left;\" id=\"showInfoButton\" onclick=\"showQuizAnswer(questionIndex);\">Antwort zeigen<\/button>\r\n\t\t\t\t<button class=\"btn\" style=\"float: right;\" id=\"showNextQuestion\" onclick=\"showNextQuiz();\"><i class=\"fa fa-arrow-right\"><\/i>Weiter<\/button>\r\n\t\t\t\t\r\n\t\t\t<\/div>\r\n\t\t\r\n\t\t<\/div>\r\n\t\r\n\t\t<!-- The Modal -->\r\n\t\t<div id=\"myModal\" class=\"modal\">\r\n\t\t  <!-- Modal content -->\r\n\t\t  <div class=\"modal-content\">\r\n\t\t\t<div class=\"modal-header\">\r\n\t\t\t  <span class=\"close\">&times;<\/span>\r\n\t\t\t  <p>Zusammenfassung<\/p>\r\n\t\t\t<\/div>\r\n\t\t\t<div id=\"summary_text\" class=\"modal-body\">\r\n\t\t\t  <p>Ergebnis<\/p>\r\n\t\t\t  <p>Anzahl der Fragen<\/p>\r\n\t\t\t<\/div>\r\n\t\t\t<div class=\"modal-footer\">\r\n\t\t\t  <p>\u00dcber 1000 Fragen in Biologie warten <a href=\"https:\/\/nurlernen.de\/biologie\/biologie-lernkontrolle\/\">hier<\/a> auf dich<\/p>\r\n\t\t\t<\/div>\r\n\t\t  <\/div>\r\n\r\n\t\t<\/div>\r\n\t\r\n\t\t<script>\r\n\t\t\t\r\n\t\t\/\/ Get the modal\r\n\t\tvar modal = document.getElementById(\"myModal\");\r\n\r\n\t\t\/\/ Get the button that opens the modal\r\n\t\tvar btn = document.getElementById(\"myBtn\");\r\n\r\n\t\t\/\/ Get the <span> element that closes the modal\r\n\t\tvar span = document.getElementsByClassName(\"close\")[0];\r\n\r\n\t\t\/\/ When the user clicks the button, open the modal \r\n\t\tfunction showSummary(sumText) {\r\n\t\t\tmodal.style.display = \"block\";\r\n\t\t\tdocument.getElementById(\"summary_text\").innerHTML = sumText;\r\n\t\t}\r\n\r\n\t\t\/\/ When the user clicks on <span> (x), close the modal\r\n\t\tspan.onclick = function() {\r\n\t\t\tmodal.style.display = \"none\";\r\n\t\t\tpostModalTasks();\r\n\t\t}\r\n\r\n\t\t\/\/ When the user clicks anywhere outside of the modal, close it\r\n\t\twindow.onclick = function(event) {\r\n\t\t\tif (event.target == modal) {\r\n\t\t\t\tmodal.style.display = \"none\";\r\n\t\t\t\tpostModalTasks();\r\n\t\t\t}\r\n\t\t}\r\n\t\t\r\n\t\tfunction postModalTasks(){\r\n\t\t\tif (returnOptions == null){\r\n\t\t\t\tlocation.reload();\r\n\t\t\t\treturn;\r\n\t\t\t}\r\n\t\t\t\r\n\t\t\tif (returnOptions.startsWith(\"tree=\")){\r\n\t\t\t\twindow.location= \"https:\/\/nurlernen.de\/biologie\/biologie-lernfortschritt\/?chapter=\" + returnOptions.substring((\"tree=\").length);\r\n\t\t\t\treturn;\r\n\t\t\t}\r\n\t\t\t\r\n\t\t\tif (returnOptions.startsWith(\"list=\")){\r\n\t\t\t\twindow.location= \"https:\/\/nurlernen.de\/biologie\/biologie\/biologie-lektionen\/?chapter=\" + returnOptions.substring((\"list=\").length);\r\n\t\t\t\treturn;\r\n\t\t\t}\r\n\t\t\t\r\n\t\t\tlocation.reload();\r\n\t\t\r\n\t\t}\r\n\t\t\r\n\t\tdocument.addEventListener(\"DOMContentLoaded\", function() {\r\n\t\t\tif (1){\r\n\t\t\t\tnmb_hide_Statistics();\r\n\t\t\t\tloadRandomQuiz(quizFileName,[676,675,592,734,728,]);\t\r\n\t\t\t}else{\r\n\t\t\t\tvar parameters = location.search.substring(1).split(\"&\");\r\n\t\t\t\t\r\n\t\t\t\treturnOptions = parameters[1];\r\n\t\t\t\t\r\n\t\t\t\tvar options = parameters[0];\/\/location.search;\r\n\t\t\t\tif (options.startsWith(\"quiz=\")){\r\n\t\t\t\t\tcurrentQuiz = options.substring((\"quiz=\").length);\r\n\t\t\t\t\tloadQuizzListFromXMLByName(\"https:\/\/nurlernen.de\/biologie\/wp-content\/plugins\/nmb-biology\/quiz\/quizzes.xml\" , currentQuiz);\r\n\t\t\t\t\t\/\/console.log(currentQuiz);\r\n\t\t\t\t}else{\r\n\t\t\t\t\tloadChaptersFromXML(\"https:\/\/nurlernen.de\/biologie\/wp-content\/plugins\/nmb-biology\/quiz\/chapters.xml\");\r\n\t\t\t\t\t\/\/loadAllQuestionsFromXML(\"quiz\/questions.xml\");\r\n\t\t\t\t}\r\n\t\t\t}\t\r\n\t\t});\r\n\r\n\t\tfunction addCollapsibleListener(){\r\n\t\t\tvar coll = document.getElementsByClassName(\"collapsible\");\r\n\t\t\tvar i;\r\n\r\n\t\t\tfor (i = 0; i < coll.length; i++) {\r\n\t\t\t  coll[i].addEventListener(\"click\", function() {\r\n\t\t\t\tthis.classList.toggle(\"active\");\r\n\t\t\t\tvar content = this.nextElementSibling;\r\n\t\t\t\tif (content.style.display === \"block\") {\r\n\t\t\t\t  content.style.display = \"none\";\r\n\t\t\t\t} else {\r\n\t\t\t\t  content.style.display = \"block\";\r\n\t\t\t\t}\r\n\t\t\t  });\r\n\t\t\t}\r\n\t\t}\r\n\t\r\n\t\t<\/script>\n\n\n\n<div style=\"height:37px\" aria-hidden=\"true\" class=\"wp-block-spacer\"><\/div>\n\n\n\n<hr class=\"wp-block-separator has-alpha-channel-opacity\"\/>\n\n\n<div id=\"polls-2\" class=\"wp-polls\">\n\t<form id=\"polls_form_2\" class=\"wp-polls-form\" action=\"\/index.php\" method=\"post\">\n\t\t<p style=\"display: none;\"><input type=\"hidden\" id=\"poll_2_nonce\" name=\"wp-polls-nonce\" value=\"eb712ac45e\" \/><\/p>\n\t\t<p style=\"display: none;\"><input type=\"hidden\" name=\"poll_id\" value=\"2\" \/><\/p>\n\t\t<p style=\"display: none;\"><input type=\"hidden\" id=\"poll_multiple_ans_2\" name=\"poll_multiple_ans_2\" value=\"2\" \/><\/p>\n\t\t<p style=\"text-align: left\"><strong>Wie sollen wir unsere Seite f\u00fcr dich verbessern, um dir zu helfen bessere Noten in Bio zu bekommen? (W\u00e4hle zwei Antworten)<\/strong><\/p><div id=\"polls-2-ans\" class=\"wp-polls-ans\"><ul class=\"wp-polls-ul\">\n\t\t<li><input type=\"checkbox\" id=\"poll-answer-6\" name=\"poll_2\" value=\"6\" \/> <label for=\"poll-answer-6\">Mehr Quiz-Fragen<\/label><\/li>\n\t\t<li><input type=\"checkbox\" id=\"poll-answer-7\" name=\"poll_2\" value=\"7\" \/> <label for=\"poll-answer-7\">Mehr Artikel und Texte<\/label><\/li>\n\t\t<li><input type=\"checkbox\" id=\"poll-answer-8\" name=\"poll_2\" value=\"8\" \/> <label for=\"poll-answer-8\">Mehr Texte in Biologie Akademie mit den virtuellen Lehrern<\/label><\/li>\n\t\t<li><input type=\"checkbox\" id=\"poll-answer-9\" name=\"poll_2\" value=\"9\" \/> <label for=\"poll-answer-9\">Die M\u00f6glichkeit eigene Quizzen zu erstellen und in PDF zu exportieren<\/label><\/li>\n\t\t<li><input type=\"checkbox\" id=\"poll-answer-10\" name=\"poll_2\" value=\"10\" \/> <label for=\"poll-answer-10\">Biologie-Spiele<\/label><\/li>\n\t\t<\/ul><p style=\"text-align: center\"><input type=\"button\" name=\"vote\" value=\"   Abstimmen   \" class=\"Buttons\" onclick=\"poll_vote(2);\" \/><\/p><p style=\"text-align: center\"><a href=\"#ViewPollResults\" onclick=\"poll_result(2); return false;\" title=\"Ergebnisse dieser Umfrage anzeigen\">Ergebnisse anzeigen<\/a><\/p><\/div>\n\t<\/form>\n<\/div>\n<div id=\"polls-2-loading\" class=\"wp-polls-loading\"><img loading=\"lazy\" decoding=\"async\" src=\"https:\/\/nurlernen.de\/biologie\/wp-content\/plugins\/wp-polls\/images\/loading.gif\" width=\"16\" height=\"16\" alt=\"Wird geladen ...\" title=\"Wird geladen ...\" class=\"wp-polls-image\" \/>&nbsp;Wird geladen ...<\/div>\n\n\n\n\n<div style=\"height:31px\" aria-hidden=\"true\" class=\"wp-block-spacer\"><\/div>\n","protected":false},"excerpt":{"rendered":"<p>Du m\u00f6chtest Biologie lernen und verstehen und dich dabei auf Klausuren und Abiturpr\u00fcfungen vorbereiten? Unsere Philosophie: &#8222;\u00dcben, \u00dcben und noch mehr \u00dcben&#8220;. Deshalb findest du bei uns \u00fcber 1000 hochqualitative Fragen zu diversen Themen der Biologie. Wir versuchen komplexe Klausuraufgaben und Biologie-Sachverhalte in kleinere Portionen als Quiz bereitzustellen. Dadurch bekommst du die M\u00f6glichkeit die Sachverhalte &#8230; <a title=\"Biologie Lernen\" class=\"read-more\" href=\"https:\/\/nurlernen.de\/biologie\/\" aria-label=\"Mehr Informationen \u00fcber Biologie Lernen\">Weiterlesen<\/a><\/p>\n","protected":false},"author":1,"featured_media":0,"parent":0,"menu_order":0,"comment_status":"open","ping_status":"closed","template":"","meta":{"footnotes":""},"class_list":["post-26","page","type-page","status-publish"],"yoast_head":"<!-- This site is optimized with the Yoast SEO plugin v27.5 - https:\/\/yoast.com\/product\/yoast-seo-wordpress\/ -->\n<title>Biologie Lernen<\/title>\n<meta name=\"description\" content=\"Biologie interaktiv und online lernen. Verbessere deine Noten durch \u00fcber 1000 kostenlose Fragen zu diversen Biologie-Themen.\" \/>\n<meta name=\"robots\" content=\"index, follow, max-snippet:-1, max-image-preview:large, max-video-preview:-1\" \/>\n<link rel=\"canonical\" href=\"https:\/\/nurlernen.de\/biologie\/\" \/>\n<meta property=\"og:locale\" content=\"de_DE\" \/>\n<meta property=\"og:type\" content=\"article\" \/>\n<meta property=\"og:title\" content=\"Biologie Lernen\" \/>\n<meta property=\"og:description\" content=\"Biologie interaktiv und online lernen. Verbessere deine Noten durch \u00fcber 1000 kostenlose Fragen zu diversen Biologie-Themen.\" \/>\n<meta property=\"og:url\" content=\"https:\/\/nurlernen.de\/biologie\/\" \/>\n<meta property=\"og:site_name\" content=\"Biologie verstehen\" \/>\n<meta property=\"article:modified_time\" content=\"2025-12-29T11:42:49+00:00\" \/>\n<meta property=\"og:image\" content=\"https:\/\/nurlernen.de\/biologie\/wp-content\/uploads\/sites\/2\/2025\/07\/zellkern.png\" \/>\n\t<meta property=\"og:image:width\" content=\"512\" \/>\n\t<meta property=\"og:image:height\" content=\"512\" \/>\n\t<meta property=\"og:image:type\" content=\"image\/png\" \/>\n<meta name=\"twitter:card\" content=\"summary_large_image\" \/>\n<meta name=\"twitter:label1\" content=\"Gesch\u00e4tzte Lesezeit\" \/>\n\t<meta name=\"twitter:data1\" content=\"2\u00a0Minuten\" \/>\n<script type=\"application\/ld+json\" class=\"yoast-schema-graph\">{\"@context\":\"https:\\\/\\\/schema.org\",\"@graph\":[{\"@type\":\"WebPage\",\"@id\":\"https:\\\/\\\/nurlernen.de\\\/biologie\\\/\",\"url\":\"https:\\\/\\\/nurlernen.de\\\/biologie\\\/\",\"name\":\"Biologie Lernen\",\"isPartOf\":{\"@id\":\"https:\\\/\\\/nurlernen.de\\\/biologie\\\/#website\"},\"primaryImageOfPage\":{\"@id\":\"https:\\\/\\\/nurlernen.de\\\/biologie\\\/#primaryimage\"},\"image\":{\"@id\":\"https:\\\/\\\/nurlernen.de\\\/biologie\\\/#primaryimage\"},\"thumbnailUrl\":\"http:\\\/\\\/nurlernen.de\\\/biologie\\\/wp-content\\\/uploads\\\/sites\\\/2\\\/2025\\\/07\\\/zellkern-150x150.png\",\"datePublished\":\"2024-07-05T15:59:00+00:00\",\"dateModified\":\"2025-12-29T11:42:49+00:00\",\"description\":\"Biologie interaktiv und online lernen. Verbessere deine Noten durch \u00fcber 1000 kostenlose Fragen zu diversen Biologie-Themen.\",\"breadcrumb\":{\"@id\":\"https:\\\/\\\/nurlernen.de\\\/biologie\\\/#breadcrumb\"},\"inLanguage\":\"de\",\"potentialAction\":[{\"@type\":\"ReadAction\",\"target\":[\"https:\\\/\\\/nurlernen.de\\\/biologie\\\/\"]}]},{\"@type\":\"ImageObject\",\"inLanguage\":\"de\",\"@id\":\"https:\\\/\\\/nurlernen.de\\\/biologie\\\/#primaryimage\",\"url\":\"https:\\\/\\\/nurlernen.de\\\/biologie\\\/wp-content\\\/uploads\\\/sites\\\/2\\\/2025\\\/07\\\/zellkern.png\",\"contentUrl\":\"https:\\\/\\\/nurlernen.de\\\/biologie\\\/wp-content\\\/uploads\\\/sites\\\/2\\\/2025\\\/07\\\/zellkern.png\",\"width\":512,\"height\":512},{\"@type\":\"BreadcrumbList\",\"@id\":\"https:\\\/\\\/nurlernen.de\\\/biologie\\\/#breadcrumb\",\"itemListElement\":[{\"@type\":\"ListItem\",\"position\":1,\"name\":\"Startseite\",\"item\":\"https:\\\/\\\/nurlernen.de\\\/biologie\\\/\"},{\"@type\":\"ListItem\",\"position\":2,\"name\":\"Biologie Lernen\"}]},{\"@type\":\"WebSite\",\"@id\":\"https:\\\/\\\/nurlernen.de\\\/biologie\\\/#website\",\"url\":\"https:\\\/\\\/nurlernen.de\\\/biologie\\\/\",\"name\":\"Biologie Lernen\",\"description\":\"\u00dcber 1000 kostenlose \u00dcbungen\",\"publisher\":{\"@id\":\"https:\\\/\\\/nurlernen.de\\\/biologie\\\/#organization\"},\"potentialAction\":[{\"@type\":\"SearchAction\",\"target\":{\"@type\":\"EntryPoint\",\"urlTemplate\":\"https:\\\/\\\/nurlernen.de\\\/biologie\\\/?s={search_term_string}\"},\"query-input\":{\"@type\":\"PropertyValueSpecification\",\"valueRequired\":true,\"valueName\":\"search_term_string\"}}],\"inLanguage\":\"de\"},{\"@type\":\"Organization\",\"@id\":\"https:\\\/\\\/nurlernen.de\\\/biologie\\\/#organization\",\"name\":\"Biologie Lernen\",\"url\":\"https:\\\/\\\/nurlernen.de\\\/biologie\\\/\",\"logo\":{\"@type\":\"ImageObject\",\"inLanguage\":\"de\",\"@id\":\"https:\\\/\\\/nurlernen.de\\\/biologie\\\/#\\\/schema\\\/logo\\\/image\\\/\",\"url\":\"https:\\\/\\\/nurlernen.de\\\/biologie\\\/wp-content\\\/uploads\\\/sites\\\/2\\\/2025\\\/07\\\/cropped-zellkern.png\",\"contentUrl\":\"https:\\\/\\\/nurlernen.de\\\/biologie\\\/wp-content\\\/uploads\\\/sites\\\/2\\\/2025\\\/07\\\/cropped-zellkern.png\",\"width\":512,\"height\":512,\"caption\":\"Biologie Lernen\"},\"image\":{\"@id\":\"https:\\\/\\\/nurlernen.de\\\/biologie\\\/#\\\/schema\\\/logo\\\/image\\\/\"},\"sameAs\":[\"https:\\\/\\\/www.instagram.com\\\/nurlernen.de\\\/\"]}]}<\/script>\n<!-- \/ Yoast SEO plugin. -->","yoast_head_json":{"title":"Biologie Lernen","description":"Biologie interaktiv und online lernen. Verbessere deine Noten durch \u00fcber 1000 kostenlose Fragen zu diversen Biologie-Themen.","robots":{"index":"index","follow":"follow","max-snippet":"max-snippet:-1","max-image-preview":"max-image-preview:large","max-video-preview":"max-video-preview:-1"},"canonical":"https:\/\/nurlernen.de\/biologie\/","og_locale":"de_DE","og_type":"article","og_title":"Biologie Lernen","og_description":"Biologie interaktiv und online lernen. Verbessere deine Noten durch \u00fcber 1000 kostenlose Fragen zu diversen Biologie-Themen.","og_url":"https:\/\/nurlernen.de\/biologie\/","og_site_name":"Biologie verstehen","article_modified_time":"2025-12-29T11:42:49+00:00","og_image":[{"width":512,"height":512,"url":"https:\/\/nurlernen.de\/biologie\/wp-content\/uploads\/sites\/2\/2025\/07\/zellkern.png","type":"image\/png"}],"twitter_card":"summary_large_image","twitter_misc":{"Gesch\u00e4tzte Lesezeit":"2\u00a0Minuten"},"schema":{"@context":"https:\/\/schema.org","@graph":[{"@type":"WebPage","@id":"https:\/\/nurlernen.de\/biologie\/","url":"https:\/\/nurlernen.de\/biologie\/","name":"Biologie Lernen","isPartOf":{"@id":"https:\/\/nurlernen.de\/biologie\/#website"},"primaryImageOfPage":{"@id":"https:\/\/nurlernen.de\/biologie\/#primaryimage"},"image":{"@id":"https:\/\/nurlernen.de\/biologie\/#primaryimage"},"thumbnailUrl":"http:\/\/nurlernen.de\/biologie\/wp-content\/uploads\/sites\/2\/2025\/07\/zellkern-150x150.png","datePublished":"2024-07-05T15:59:00+00:00","dateModified":"2025-12-29T11:42:49+00:00","description":"Biologie interaktiv und online lernen. Verbessere deine Noten durch \u00fcber 1000 kostenlose Fragen zu diversen Biologie-Themen.","breadcrumb":{"@id":"https:\/\/nurlernen.de\/biologie\/#breadcrumb"},"inLanguage":"de","potentialAction":[{"@type":"ReadAction","target":["https:\/\/nurlernen.de\/biologie\/"]}]},{"@type":"ImageObject","inLanguage":"de","@id":"https:\/\/nurlernen.de\/biologie\/#primaryimage","url":"https:\/\/nurlernen.de\/biologie\/wp-content\/uploads\/sites\/2\/2025\/07\/zellkern.png","contentUrl":"https:\/\/nurlernen.de\/biologie\/wp-content\/uploads\/sites\/2\/2025\/07\/zellkern.png","width":512,"height":512},{"@type":"BreadcrumbList","@id":"https:\/\/nurlernen.de\/biologie\/#breadcrumb","itemListElement":[{"@type":"ListItem","position":1,"name":"Startseite","item":"https:\/\/nurlernen.de\/biologie\/"},{"@type":"ListItem","position":2,"name":"Biologie Lernen"}]},{"@type":"WebSite","@id":"https:\/\/nurlernen.de\/biologie\/#website","url":"https:\/\/nurlernen.de\/biologie\/","name":"Biologie Lernen","description":"\u00dcber 1000 kostenlose \u00dcbungen","publisher":{"@id":"https:\/\/nurlernen.de\/biologie\/#organization"},"potentialAction":[{"@type":"SearchAction","target":{"@type":"EntryPoint","urlTemplate":"https:\/\/nurlernen.de\/biologie\/?s={search_term_string}"},"query-input":{"@type":"PropertyValueSpecification","valueRequired":true,"valueName":"search_term_string"}}],"inLanguage":"de"},{"@type":"Organization","@id":"https:\/\/nurlernen.de\/biologie\/#organization","name":"Biologie Lernen","url":"https:\/\/nurlernen.de\/biologie\/","logo":{"@type":"ImageObject","inLanguage":"de","@id":"https:\/\/nurlernen.de\/biologie\/#\/schema\/logo\/image\/","url":"https:\/\/nurlernen.de\/biologie\/wp-content\/uploads\/sites\/2\/2025\/07\/cropped-zellkern.png","contentUrl":"https:\/\/nurlernen.de\/biologie\/wp-content\/uploads\/sites\/2\/2025\/07\/cropped-zellkern.png","width":512,"height":512,"caption":"Biologie Lernen"},"image":{"@id":"https:\/\/nurlernen.de\/biologie\/#\/schema\/logo\/image\/"},"sameAs":["https:\/\/www.instagram.com\/nurlernen.de\/"]}]}},"_links":{"self":[{"href":"https:\/\/nurlernen.de\/biologie\/wp-json\/wp\/v2\/pages\/26","targetHints":{"allow":["GET"]}}],"collection":[{"href":"https:\/\/nurlernen.de\/biologie\/wp-json\/wp\/v2\/pages"}],"about":[{"href":"https:\/\/nurlernen.de\/biologie\/wp-json\/wp\/v2\/types\/page"}],"author":[{"embeddable":true,"href":"https:\/\/nurlernen.de\/biologie\/wp-json\/wp\/v2\/users\/1"}],"replies":[{"embeddable":true,"href":"https:\/\/nurlernen.de\/biologie\/wp-json\/wp\/v2\/comments?post=26"}],"version-history":[{"count":66,"href":"https:\/\/nurlernen.de\/biologie\/wp-json\/wp\/v2\/pages\/26\/revisions"}],"predecessor-version":[{"id":3271,"href":"https:\/\/nurlernen.de\/biologie\/wp-json\/wp\/v2\/pages\/26\/revisions\/3271"}],"wp:attachment":[{"href":"https:\/\/nurlernen.de\/biologie\/wp-json\/wp\/v2\/media?parent=26"}],"curies":[{"name":"wp","href":"https:\/\/api.w.org\/{rel}","templated":true}]}}