{"id":29,"date":"2021-07-05T17:57:49","date_gmt":"2021-07-05T17:57:49","guid":{"rendered":"http:\/\/nurlernen.de\/biologie\/?page_id=29"},"modified":"2025-11-17T16:38:45","modified_gmt":"2025-11-17T15:38:45","slug":"biologie-akademie","status":"publish","type":"page","link":"https:\/\/nurlernen.de\/biologie\/biologie-akademie\/","title":{"rendered":"Biologie Akademie"},"content":{"rendered":"<div class=\"wp-block-image\">\n<figure class=\"alignright size-full is-resized\"><img loading=\"lazy\" decoding=\"async\" width=\"256\" height=\"256\" src=\"https:\/\/nurlernen.de\/biologie\/wp-content\/uploads\/sites\/2\/2025\/11\/teacher_icon.png\" alt=\"\" class=\"wp-image-3175\" style=\"width:159px;height:auto\" srcset=\"https:\/\/nurlernen.de\/biologie\/wp-content\/uploads\/sites\/2\/2025\/11\/teacher_icon.png 256w, https:\/\/nurlernen.de\/biologie\/wp-content\/uploads\/sites\/2\/2025\/11\/teacher_icon-150x150.png 150w\" sizes=\"auto, (max-width: 256px) 100vw, 256px\" \/><\/figure>\n<\/div>\n\n\n<p>W\u00e4hle einen virtuellen Lehrer und klicke anschlie\u00dfend auf Antworten.<\/p>\n\n\n\n<p>Alternativ  kannst du auch unsere Biologie <a href=\"https:\/\/nurlernen.de\/biologie\/biologie-artikel\/\" title=\"Biologie Textsammlung\">Artikelsammlung<\/a> durchst\u00f6bern.<\/p>\n\n\n\n<p>\n<a href=\"https:\/\/nurlernen.de\/biologie\/biologie-inhalte\/\" title=\"Lernfortschritt\">\n  <img decoding=\"async\" src=\"https:\/\/nurlernen.de\/biologie\/wp-content\/uploads\/sites\/2\/2025\/11\/progress_icon.png\" alt=\"Zum Test\" style=\"width:64px; height:64px;\"><\/a>\n<a href=\"https:\/\/nurlernen.de\/biologie\/biologie-lernkontrolle\" title=\"\u00dcber 1000 \u00dcbungen!\">\n  <img decoding=\"async\" src=\"https:\/\/nurlernen.de\/biologie\/wp-content\/uploads\/sites\/2\/2025\/11\/books_icon.png\" alt=\"\u00dcber 1000 \u00dcbungen!\" style=\"width:64px; height:64px;\"><\/a>\n<a href=\"https:\/\/nurlernen.de\/biologie\/biologie-akademie\/\" title=\"Einen Lehrer Fragen\">\n  <img decoding=\"async\" src=\"https:\/\/nurlernen.de\/biologie\/wp-content\/uploads\/sites\/2\/2025\/11\/teacher_icon.png\" alt=\"Zum Test\" style=\"width:64px; height:64px;\"><\/a>\n<\/p>\n\n\n\n\r\n\t\t<style>\r\n\r\n\t\tbody {\r\n\t\t\tcolor: #050100;\r\n\t\t\tbackground-color: #FFFDFC;\r\n\t\t}\r\n\r\n\t\t.teacher_container {\r\n\t\t  color: #5F1C02;\r\n\t\t  border: 2px solid #AF5C3B;\r\n\t\t  \/\/background-color: #FFC0A8;\r\n\t\t  border-radius: 5px;\r\n\t\t  padding: 5px;\r\n\t\t  margin: 5px 0;\r\n\t\t}\r\n\r\n\t\t.teacher_container:hover {\r\n\t\t  \/\/background-color: #FFC0A8;\r\n\t\t  background-color: #FFC0A8;\r\n\t\t  box-shadow: 2px 2px 5px #FFC0A8; \r\n\t\t}\r\n\r\n\t\t.teacher_container::after {\r\n\t\t  content: \"\";\r\n\t\t  clear: both;\r\n\t\t  display: table;\r\n\t\t}\r\n\r\n\t\t.teacher_container img {\r\n\t\t  float: left;\r\n\t\t  max-width: 60px;\r\n\t\t  width: 100%;\r\n\t\t  margin-right: 10px;\r\n\t\t  border-radius: 50%;\r\n\t\t}\r\n\r\n\t\t.teacher_container img.right {\r\n\t\t  float: right;\r\n\t\t  margin-left: 10px;\r\n\t\t  margin-right:0;\r\n\t\t}\r\n\r\n\t\t.messenger_container_a {\r\n\t\t  color: #5F1C02;\r\n\t\t  \/\/border: 2px solid #AF5C3B;\r\n\t\t  \/\/background-color: #FFC0A8;\r\n\t\t  \/\/border-radius: 5px;\r\n\t\t  padding: 0px;\r\n\t\t  margin: 5px 0;\r\n\t\t  margin-left: 20px;\r\n\t\t}\r\n\r\n\t\t.messenger_container_b {\r\n\t\t  color: #5F1C02;\r\n\t\t  \/\/border: 2px solid #AF5C3B;\r\n\t\t  \/\/background-color: #FFC0A8;\r\n\t\t  \/\/border-radius: 5px;\r\n\t\t  padding: 0px;\r\n\t\t  margin: 5px 0;\r\n\t\t  margin-right: 20px;\r\n\t\t}\r\n\r\n\t\t.teacher-name {\r\n\t\t  color: #5F1C02;\r\n\t\t  font-style: italic;\r\n\t\t  margin-bottom:0px;\r\n\t\t}\r\n\r\n\t\t.player-name {\r\n\t\t  text-align: right;\r\n\t\t  color: #5F1C02;\r\n\t\t  font-style: italic;\r\n\t\t  margin-bottom:0px;\r\n\t\t}\r\n\r\n\t\t.teacher-message {\r\n\t\t  \/\/border: 2px solid #AF5C3B;\r\n\t\t  background-color: #FFC0A8;\r\n\t\t  border-radius: 5px;\r\n\t\t  padding: 10px;\r\n\t\t  margin-top: 0px;\r\n\t\t}\r\n\r\n\t\t.player-message {\r\n\t\t  \/\/border: 2px solid #AF5C3B;\r\n\t\t  background-color: #FFC0A8;\r\n\t\t  border-radius: 5px;\r\n\t\t  padding: 10px;\r\n\t\t  margin-top: 0px;\r\n\t\t}\r\n\r\n\t\t.image_board {\r\n\t\t  max-width: 512px;\r\n\t\t  width: auto;\r\n\t\t  height: auto;\r\n\t\t  \r\n\t\t  color: #5F1C02;\r\n\t\t  border: 2px solid #AF5C3B;\r\n\t\t  background-color: #FFC0A8;\r\n\t\t  border-radius: 5px;\r\n\t\t  padding: 5px;\r\n\t\t  margin: 5px 0;\r\n\t\t  margin-right: 20px;\r\n\t\t}\r\n\r\n\t\t\/* The Modal (background) *\/\r\n\t\t.modal {\r\n\t\t\tdisplay: none; \/* Hidden by default *\/\r\n\t\t\tposition: fixed; \/* Stay in place *\/\r\n\t\t\tz-index: 1; \/* Sit on top *\/\r\n\t\t\tpadding-top: 100px; \/* Location of the box *\/\r\n\t\t\tleft: 0;\r\n\t\t\ttop: 0;\r\n\t\t\twidth: 100%; \/* Full width *\/\r\n\t\t\theight: 100%; \/* Full height *\/\r\n\t\t\toverflow: auto; \/* Enable scroll if needed *\/\r\n\t\t\tbackground-color: rgb(0,0,0); \/* Fallback color *\/\r\n\t\t\tbackground-color: rgba(0,0,0,0.4); \/* Black w\/ opacity *\/\r\n\t\t}\r\n\r\n\t\t\/* Modal Content *\/\r\n\t\t.modal-content {\r\n\t\t\tposition: relative;\r\n\t\t\tbackground-color: #FFC0A8;\r\n\t\t\tcolor: #5F1C02;\r\n\t\t\tmargin: auto;\r\n\t\t\tpadding: 0;\r\n\t\t\tborder: 1px solid #888;\r\n\t\t\twidth: 80%;\r\n\t\t\tbox-shadow: 0 4px 8px 0 rgba(0,0,0,0.2),0 6px 20px 0 rgba(0,0,0,0.19);\r\n\t\t\t-webkit-animation-name: animatetop;\r\n\t\t\t-webkit-animation-duration: 0.4s;\r\n\t\t\tanimation-name: animatetop;\r\n\t\t\tanimation-duration: 0.4s\r\n\t\t}\r\n\r\n\t\t\/* Add Animation *\/\r\n\t\t@-webkit-keyframes animatetop {\r\n\t\t\tfrom {top:-300px; opacity:0} \r\n\t\t\tto {top:0; opacity:1}\r\n\t\t}\r\n\r\n\t\t@keyframes animatetop {\r\n\t\t\tfrom {top:-300px; opacity:0}\r\n\t\t\tto {top:0; opacity:1}\r\n\t\t}\r\n\r\n\t\t\/* The Close Button *\/\r\n\t\t.close {\r\n\t\t\tcolor: white;\r\n\t\t\tfloat: right;\r\n\t\t\tfont-size: 28px;\r\n\t\t\tfont-weight: bold;\r\n\t\t}\r\n\r\n\t\t.close:hover,\r\n\t\t.close:focus {\r\n\t\t\tcolor: #000;\r\n\t\t\ttext-decoration: none;\r\n\t\t\tcursor: pointer;\r\n\t\t}\r\n\t\t.modal-header {\r\n\t\t\tpadding: 2px 16px;\r\n\t\t\tbackground-color: #5F1C02 ;\r\n\t\t\tcolor: #FFFDFC;\r\n\t\t}\r\n\r\n\t\t.modal-body {\r\n\t\t\tpadding: 2px 16px;\r\n\t\t\t}\r\n\r\n\t\t.modal-footer {\r\n\t\t\tpadding: 2px 16px;\r\n\t\t\tbackground-color: #5F1C02 ;\r\n\t\t\tcolor: #FFFDFC;\r\n\t\t}\r\n\r\n\t\t.modal_list_element:hover{\r\n\t\t\tbackground-color: #5F1C02 ;\r\n\t\t\tcolor: #FFFDFC;\r\n\t\t}\r\n\r\n\t\t \/* The snackbar - position it at the bottom and in the middle of the screen *\/\r\n\t\t#snackbar {\r\n\t\t  visibility: hidden; \/* Hidden by default. Visible on click *\/\r\n\t\t  min-width: 250px; \/* Set a default minimum width *\/\r\n\t\t  margin-left: -125px; \/* Divide value of min-width by 2 *\/\r\n\t\t  background-color: #333; \/* Black background color *\/\r\n\t\t  color: #fff; \/* White text color *\/\r\n\t\t  text-align: center; \/* Centered text *\/\r\n\t\t  border-radius: 2px; \/* Rounded borders *\/\r\n\t\t  padding: 16px; \/* Padding *\/\r\n\t\t  position: fixed; \/* Sit on top of the screen *\/\r\n\t\t  z-index: 1; \/* Add a z-index if needed *\/\r\n\t\t  left: 50%; \/* Center the snackbar *\/\r\n\t\t  bottom: 30px; \/* 30px from the bottom *\/\r\n\t\t}\r\n\r\n\t\t\/* Show the snackbar when clicking on a button (class added with JavaScript) *\/\r\n\t\t#snackbar.show {\r\n\t\t  visibility: visible; \/* Show the snackbar *\/\r\n\t\t  \/* Add animation: Take 0.5 seconds to fade in and out the snackbar.\r\n\t\t  However, delay the fade out process for 2.5 seconds *\/\r\n\t\t  -webkit-animation: fadein 0.5s, fadeout 0.5s 2.5s;\r\n\t\t  animation: fadein 0.5s, fadeout 0.5s 2.5s;\r\n\t\t}\r\n\r\n\t\t\/* Animations to fade the snackbar in and out *\/\r\n\t\t@-webkit-keyframes fadein {\r\n\t\t  from {bottom: 0; opacity: 0;}\r\n\t\t  to {bottom: 30px; opacity: 1;}\r\n\t\t}\r\n\r\n\t\t@keyframes fadein {\r\n\t\t  from {bottom: 0; opacity: 0;}\r\n\t\t  to {bottom: 30px; opacity: 1;}\r\n\t\t}\r\n\r\n\t\t@-webkit-keyframes fadeout {\r\n\t\t  from {bottom: 30px; opacity: 1;}\r\n\t\t  to {bottom: 0; opacity: 0;}\r\n\t\t}\r\n\r\n\t\t@keyframes fadeout {\r\n\t\t  from {bottom: 30px; opacity: 1;}\r\n\t\t  to {bottom: 0; opacity: 0;}\r\n\t\t} \r\n\t\t<\/style>\r\n\t\t\r\n\t\t<div id=\"settings_layout\">\r\n\t\t\t<h4 style=\"color: #5F1C02;\">W\u00e4hle einen Lehrer:<\/h4>\r\n\t\t\t<div class=\"teacher_container\" id=\"check_c\" onclick=\"setContent(1);\">\r\n\t\t\t  <figure><img decoding=\"async\" src=\"https:\/\/nurlernen.de\/biologie\/wp-content\/plugins\/nmb-biology\/images\/avatar_2.png\" alt=\" Avatar \" style=\"width:100%;\"><\/figure>\r\n\t\t\t  <figure><img decoding=\"async\" src=\"https:\/\/nurlernen.de\/biologie\/wp-content\/plugins\/nmb-biology\/images\/light_green.png\" alt=\"Avatar\" style=\"width:15px;float:right;\"><\/figure>\r\n\t\t\t  <p> Herr Gonzales <\/p>\r\n\t\t\t  <p> Den Experten f\u00fcr Zellbiologie befragen <\/p>\r\n\t\t\t<\/div>\r\n\t\t\t\r\n\t\t\t<div class=\"teacher_container\" id=\"check_g\" onclick=\"setContent(2);\">\r\n\t\t\t  <figure><img decoding=\"async\" src=\"https:\/\/nurlernen.de\/biologie\/wp-content\/plugins\/nmb-biology\/images\/avatar_4.png\" alt=\"Avatar\" style=\"width:100%;\"><\/figure>\r\n\t\t\t  <figure><img decoding=\"async\" src=\"https:\/\/nurlernen.de\/biologie\/wp-content\/plugins\/nmb-biology\/images\/light_green.png\" alt=\"Avatar\" style=\"width:15px;float:right;\"><\/figure>\r\n\t\t\t  <p> Frau Schmidt <\/p>\r\n\t\t\t  <p> Die Experte f\u00fcr Genetik befragen <\/p>\r\n\t\t\t<\/div>\r\n\t\t\t\r\n\t\t\t<div class=\"teacher_container\" id=\"check_e\" onclick=\"setContent(3);\">\r\n\t\t\t  <figure><img decoding=\"async\" src=\"https:\/\/nurlernen.de\/biologie\/wp-content\/plugins\/nmb-biology\/images\/avatar_5.png\" alt=\"Avatar\" style=\"width:100%;\"><\/figure>\r\n\t\t\t  <figure><img decoding=\"async\" src=\"https:\/\/nurlernen.de\/biologie\/wp-content\/plugins\/nmb-biology\/images\/light_green.png\" alt=\"Avatar\" style=\"width:15px;float:right;\"><\/figure>\r\n\t\t\t  <p> Herr Ischmaeli <\/p>\r\n\t\t\t  <p> Den Experten f\u00fcr Evolutionstheorie befragen <\/p>\r\n\t\t\t<\/div>\r\n\t\t\t\r\n\t\t\t<div class=\"teacher_container\" id=\"check_o\" onclick=\"setContent(4);\">\r\n\t\t\t  <figure><img decoding=\"async\" src=\"https:\/\/nurlernen.de\/biologie\/wp-content\/plugins\/nmb-biology\/images\/avatar_4.png\" alt=\"Avatar\" style=\"width:100%;\"><\/figure>\t\r\n\t\t\t<figure><img decoding=\"async\" src=\"https:\/\/nurlernen.de\/biologie\/wp-content\/plugins\/nmb-biology\/images\/light_green.png\" alt=\"Avatar\" style=\"width:15px;float:right;\"><\/figure>\t\t\t  \r\n\t\t\t  <p> Frau Meyer <\/p>\r\n\t\t\t  <p> Die Experte f\u00fcr \u00d6kologie befragen <\/p>\r\n\t\t\t<\/div>\r\n\t\t\t\r\n\t\t\t<div class=\"teacher_container\" id=\"check_n\" onclick=\"setContent(5);\">\r\n\t\t\t  <figure><img decoding=\"async\" src=\"https:\/\/nurlernen.de\/biologie\/wp-content\/plugins\/nmb-biology\/images\/avatar_3.png\" alt=\"Avatar\" style=\"width:100%;\"><\/figure>\r\n\t\t\t  <figure><img decoding=\"async\" src=\"https:\/\/nurlernen.de\/biologie\/wp-content\/plugins\/nmb-biology\/images\/light_red.png\" alt=\"Avatar\" style=\"width:15px;float:right;\"><\/figure>\r\n\t\t\t  <p> Herr M\u00fcller<\/p>\r\n\t\t\t  <p> Den Experten f\u00fcr Neurophysiologie und Verhaltensbiologie befragen <\/p>\r\n\t\t\t<\/div>\r\n\t\t\t\r\n\t\t<\/div>\r\n\r\n\t\t<div id=\"messenger_layout\">\t\t\t\t\t\r\n\t\t\t\t\r\n\t\t<\/div>\r\n\r\n\t\t<!-- The Modal -->\r\n\t\t<div id=\"myModal\" class=\"modal\">\r\n\r\n\t\t  <!-- Modal content -->\r\n\t\t  <div class=\"modal-content\">\r\n\t\t\t<div class=\"modal-header\">\r\n\t\t\t  <span class=\"close\">\u00d7<\/span>\r\n\t\t\t  <p>W\u00e4hle eine Antwort:<\/p>\r\n\t\t\t<\/div>\r\n\t\t\t<div id=\"summary_text\" class=\"modal-body\">\r\n\t\t\t  <p>Some text in the Modal Body<\/p>\r\n\t\t\t  <p>Some other text...<\/p>\r\n\t\t\t<\/div>\r\n\t\t\t<div class=\"modal-footer\">\r\n\t\t\t  <p>\u00dcber 1000 Fragen in Biologie warten auf dich<\/p>\r\n\t\t\t<\/div>\r\n\t\t  <\/div>\r\n\r\n\t\t<\/div>\r\n\t\t\n\n\n\n<hr class=\"wp-block-separator has-alpha-channel-opacity\"\/>\n\n\n<div id=\"polls-2\" class=\"wp-polls\">\n\t<form id=\"polls_form_2\" class=\"wp-polls-form\" action=\"\/index.php\" method=\"post\">\n\t\t<p style=\"display: none;\"><input type=\"hidden\" id=\"poll_2_nonce\" name=\"wp-polls-nonce\" value=\"f15d204394\" \/><\/p>\n\t\t<p style=\"display: none;\"><input type=\"hidden\" name=\"poll_id\" value=\"2\" \/><\/p>\n\t\t<p style=\"display: none;\"><input type=\"hidden\" id=\"poll_multiple_ans_2\" name=\"poll_multiple_ans_2\" value=\"2\" \/><\/p>\n\t\t<p style=\"text-align: left\"><strong>Wie sollen wir unsere Seite f\u00fcr dich verbessern, um dir zu helfen bessere Noten in Bio zu bekommen? (W\u00e4hle zwei Antworten)<\/strong><\/p><div id=\"polls-2-ans\" class=\"wp-polls-ans\"><ul class=\"wp-polls-ul\">\n\t\t<li><input type=\"checkbox\" id=\"poll-answer-6\" name=\"poll_2\" value=\"6\" \/> <label for=\"poll-answer-6\">Mehr Quiz-Fragen<\/label><\/li>\n\t\t<li><input type=\"checkbox\" id=\"poll-answer-7\" name=\"poll_2\" value=\"7\" \/> <label for=\"poll-answer-7\">Mehr Artikel und Texte<\/label><\/li>\n\t\t<li><input type=\"checkbox\" id=\"poll-answer-8\" name=\"poll_2\" value=\"8\" \/> <label for=\"poll-answer-8\">Mehr Texte in Biologie Akademie mit den virtuellen Lehrern<\/label><\/li>\n\t\t<li><input type=\"checkbox\" id=\"poll-answer-9\" name=\"poll_2\" value=\"9\" \/> <label for=\"poll-answer-9\">Die M\u00f6glichkeit eigene Quizzen zu erstellen und in PDF zu exportieren<\/label><\/li>\n\t\t<li><input type=\"checkbox\" id=\"poll-answer-10\" name=\"poll_2\" value=\"10\" \/> <label for=\"poll-answer-10\">Biologie-Spiele<\/label><\/li>\n\t\t<\/ul><p style=\"text-align: center\"><input type=\"button\" name=\"vote\" value=\"   Abstimmen   \" class=\"Buttons\" onclick=\"poll_vote(2);\" \/><\/p><p style=\"text-align: center\"><a href=\"#ViewPollResults\" onclick=\"poll_result(2); return false;\" title=\"Ergebnisse dieser Umfrage anzeigen\">Ergebnisse anzeigen<\/a><\/p><\/div>\n\t<\/form>\n<\/div>\n<div id=\"polls-2-loading\" class=\"wp-polls-loading\"><img loading=\"lazy\" decoding=\"async\" src=\"https:\/\/nurlernen.de\/biologie\/wp-content\/plugins\/wp-polls\/images\/loading.gif\" width=\"16\" height=\"16\" alt=\"Wird geladen ...\" title=\"Wird geladen ...\" class=\"wp-polls-image\" \/>&nbsp;Wird geladen ...<\/div>\n\n","protected":false},"excerpt":{"rendered":"<p>W\u00e4hle einen virtuellen Lehrer und klicke anschlie\u00dfend auf Antworten. Alternativ kannst du auch unsere Biologie Artikelsammlung durchst\u00f6bern.<\/p>\n","protected":false},"author":1,"featured_media":0,"parent":0,"menu_order":0,"comment_status":"open","ping_status":"closed","template":"","meta":{"footnotes":""},"class_list":["post-29","page","type-page","status-publish"],"yoast_head":"<!-- This site is optimized with the Yoast SEO plugin v27.5 - https:\/\/yoast.com\/product\/yoast-seo-wordpress\/ -->\n<title>Biologie Akademie<\/title>\n<meta name=\"description\" content=\"Biologie interaktiv und online lernen. Verbessere deine Noten durch \u00fcber 1000 kostenlose Fragen zu diversen Biologie-Themen.\" \/>\n<meta name=\"robots\" content=\"index, follow, max-snippet:-1, max-image-preview:large, max-video-preview:-1\" \/>\n<link rel=\"canonical\" href=\"https:\/\/nurlernen.de\/biologie\/biologie-akademie\/\" \/>\n<meta property=\"og:locale\" content=\"de_DE\" \/>\n<meta property=\"og:type\" content=\"article\" \/>\n<meta property=\"og:title\" content=\"Biologie Akademie\" \/>\n<meta property=\"og:description\" content=\"Biologie interaktiv und online lernen. Verbessere deine Noten durch \u00fcber 1000 kostenlose Fragen zu diversen Biologie-Themen.\" \/>\n<meta property=\"og:url\" content=\"https:\/\/nurlernen.de\/biologie\/biologie-akademie\/\" \/>\n<meta property=\"og:site_name\" content=\"Biologie verstehen\" \/>\n<meta property=\"article:modified_time\" content=\"2025-11-17T15:38:45+00:00\" \/>\n<meta property=\"og:image\" content=\"https:\/\/nurlernen.de\/biologie\/wp-content\/uploads\/sites\/2\/2025\/11\/teacher_icon.png\" \/>\n<meta name=\"twitter:card\" content=\"summary_large_image\" \/>\n<meta name=\"twitter:label1\" content=\"Gesch\u00e4tzte Lesezeit\" \/>\n\t<meta name=\"twitter:data1\" content=\"1\u00a0Minute\" \/>\n<script type=\"application\/ld+json\" class=\"yoast-schema-graph\">{\"@context\":\"https:\\\/\\\/schema.org\",\"@graph\":[{\"@type\":\"WebPage\",\"@id\":\"https:\\\/\\\/nurlernen.de\\\/biologie\\\/biologie-akademie\\\/\",\"url\":\"https:\\\/\\\/nurlernen.de\\\/biologie\\\/biologie-akademie\\\/\",\"name\":\"Biologie Akademie\",\"isPartOf\":{\"@id\":\"https:\\\/\\\/nurlernen.de\\\/biologie\\\/#website\"},\"primaryImageOfPage\":{\"@id\":\"https:\\\/\\\/nurlernen.de\\\/biologie\\\/biologie-akademie\\\/#primaryimage\"},\"image\":{\"@id\":\"https:\\\/\\\/nurlernen.de\\\/biologie\\\/biologie-akademie\\\/#primaryimage\"},\"thumbnailUrl\":\"https:\\\/\\\/nurlernen.de\\\/biologie\\\/wp-content\\\/uploads\\\/sites\\\/2\\\/2025\\\/11\\\/teacher_icon.png\",\"datePublished\":\"2021-07-05T17:57:49+00:00\",\"dateModified\":\"2025-11-17T15:38:45+00:00\",\"description\":\"Biologie interaktiv und online lernen. Verbessere deine Noten durch \u00fcber 1000 kostenlose Fragen zu diversen Biologie-Themen.\",\"breadcrumb\":{\"@id\":\"https:\\\/\\\/nurlernen.de\\\/biologie\\\/biologie-akademie\\\/#breadcrumb\"},\"inLanguage\":\"de\",\"potentialAction\":[{\"@type\":\"ReadAction\",\"target\":[\"https:\\\/\\\/nurlernen.de\\\/biologie\\\/biologie-akademie\\\/\"]}]},{\"@type\":\"ImageObject\",\"inLanguage\":\"de\",\"@id\":\"https:\\\/\\\/nurlernen.de\\\/biologie\\\/biologie-akademie\\\/#primaryimage\",\"url\":\"https:\\\/\\\/nurlernen.de\\\/biologie\\\/wp-content\\\/uploads\\\/sites\\\/2\\\/2025\\\/11\\\/teacher_icon.png\",\"contentUrl\":\"https:\\\/\\\/nurlernen.de\\\/biologie\\\/wp-content\\\/uploads\\\/sites\\\/2\\\/2025\\\/11\\\/teacher_icon.png\",\"width\":256,\"height\":256},{\"@type\":\"BreadcrumbList\",\"@id\":\"https:\\\/\\\/nurlernen.de\\\/biologie\\\/biologie-akademie\\\/#breadcrumb\",\"itemListElement\":[{\"@type\":\"ListItem\",\"position\":1,\"name\":\"Startseite\",\"item\":\"https:\\\/\\\/nurlernen.de\\\/biologie\\\/\"},{\"@type\":\"ListItem\",\"position\":2,\"name\":\"Biologie Akademie\"}]},{\"@type\":\"WebSite\",\"@id\":\"https:\\\/\\\/nurlernen.de\\\/biologie\\\/#website\",\"url\":\"https:\\\/\\\/nurlernen.de\\\/biologie\\\/\",\"name\":\"Biologie Lernen\",\"description\":\"\u00dcber 1000 kostenlose \u00dcbungen\",\"publisher\":{\"@id\":\"https:\\\/\\\/nurlernen.de\\\/biologie\\\/#organization\"},\"potentialAction\":[{\"@type\":\"SearchAction\",\"target\":{\"@type\":\"EntryPoint\",\"urlTemplate\":\"https:\\\/\\\/nurlernen.de\\\/biologie\\\/?s={search_term_string}\"},\"query-input\":{\"@type\":\"PropertyValueSpecification\",\"valueRequired\":true,\"valueName\":\"search_term_string\"}}],\"inLanguage\":\"de\"},{\"@type\":\"Organization\",\"@id\":\"https:\\\/\\\/nurlernen.de\\\/biologie\\\/#organization\",\"name\":\"Biologie Lernen\",\"url\":\"https:\\\/\\\/nurlernen.de\\\/biologie\\\/\",\"logo\":{\"@type\":\"ImageObject\",\"inLanguage\":\"de\",\"@id\":\"https:\\\/\\\/nurlernen.de\\\/biologie\\\/#\\\/schema\\\/logo\\\/image\\\/\",\"url\":\"https:\\\/\\\/nurlernen.de\\\/biologie\\\/wp-content\\\/uploads\\\/sites\\\/2\\\/2025\\\/07\\\/cropped-zellkern.png\",\"contentUrl\":\"https:\\\/\\\/nurlernen.de\\\/biologie\\\/wp-content\\\/uploads\\\/sites\\\/2\\\/2025\\\/07\\\/cropped-zellkern.png\",\"width\":512,\"height\":512,\"caption\":\"Biologie Lernen\"},\"image\":{\"@id\":\"https:\\\/\\\/nurlernen.de\\\/biologie\\\/#\\\/schema\\\/logo\\\/image\\\/\"},\"sameAs\":[\"https:\\\/\\\/www.instagram.com\\\/nurlernen.de\\\/\"]}]}<\/script>\n<!-- \/ Yoast SEO plugin. -->","yoast_head_json":{"title":"Biologie Akademie","description":"Biologie interaktiv und online lernen. Verbessere deine Noten durch \u00fcber 1000 kostenlose Fragen zu diversen Biologie-Themen.","robots":{"index":"index","follow":"follow","max-snippet":"max-snippet:-1","max-image-preview":"max-image-preview:large","max-video-preview":"max-video-preview:-1"},"canonical":"https:\/\/nurlernen.de\/biologie\/biologie-akademie\/","og_locale":"de_DE","og_type":"article","og_title":"Biologie Akademie","og_description":"Biologie interaktiv und online lernen. Verbessere deine Noten durch \u00fcber 1000 kostenlose Fragen zu diversen Biologie-Themen.","og_url":"https:\/\/nurlernen.de\/biologie\/biologie-akademie\/","og_site_name":"Biologie verstehen","article_modified_time":"2025-11-17T15:38:45+00:00","og_image":[{"url":"https:\/\/nurlernen.de\/biologie\/wp-content\/uploads\/sites\/2\/2025\/11\/teacher_icon.png","type":"","width":"","height":""}],"twitter_card":"summary_large_image","twitter_misc":{"Gesch\u00e4tzte Lesezeit":"1\u00a0Minute"},"schema":{"@context":"https:\/\/schema.org","@graph":[{"@type":"WebPage","@id":"https:\/\/nurlernen.de\/biologie\/biologie-akademie\/","url":"https:\/\/nurlernen.de\/biologie\/biologie-akademie\/","name":"Biologie Akademie","isPartOf":{"@id":"https:\/\/nurlernen.de\/biologie\/#website"},"primaryImageOfPage":{"@id":"https:\/\/nurlernen.de\/biologie\/biologie-akademie\/#primaryimage"},"image":{"@id":"https:\/\/nurlernen.de\/biologie\/biologie-akademie\/#primaryimage"},"thumbnailUrl":"https:\/\/nurlernen.de\/biologie\/wp-content\/uploads\/sites\/2\/2025\/11\/teacher_icon.png","datePublished":"2021-07-05T17:57:49+00:00","dateModified":"2025-11-17T15:38:45+00:00","description":"Biologie interaktiv und online lernen. Verbessere deine Noten durch \u00fcber 1000 kostenlose Fragen zu diversen Biologie-Themen.","breadcrumb":{"@id":"https:\/\/nurlernen.de\/biologie\/biologie-akademie\/#breadcrumb"},"inLanguage":"de","potentialAction":[{"@type":"ReadAction","target":["https:\/\/nurlernen.de\/biologie\/biologie-akademie\/"]}]},{"@type":"ImageObject","inLanguage":"de","@id":"https:\/\/nurlernen.de\/biologie\/biologie-akademie\/#primaryimage","url":"https:\/\/nurlernen.de\/biologie\/wp-content\/uploads\/sites\/2\/2025\/11\/teacher_icon.png","contentUrl":"https:\/\/nurlernen.de\/biologie\/wp-content\/uploads\/sites\/2\/2025\/11\/teacher_icon.png","width":256,"height":256},{"@type":"BreadcrumbList","@id":"https:\/\/nurlernen.de\/biologie\/biologie-akademie\/#breadcrumb","itemListElement":[{"@type":"ListItem","position":1,"name":"Startseite","item":"https:\/\/nurlernen.de\/biologie\/"},{"@type":"ListItem","position":2,"name":"Biologie Akademie"}]},{"@type":"WebSite","@id":"https:\/\/nurlernen.de\/biologie\/#website","url":"https:\/\/nurlernen.de\/biologie\/","name":"Biologie Lernen","description":"\u00dcber 1000 kostenlose \u00dcbungen","publisher":{"@id":"https:\/\/nurlernen.de\/biologie\/#organization"},"potentialAction":[{"@type":"SearchAction","target":{"@type":"EntryPoint","urlTemplate":"https:\/\/nurlernen.de\/biologie\/?s={search_term_string}"},"query-input":{"@type":"PropertyValueSpecification","valueRequired":true,"valueName":"search_term_string"}}],"inLanguage":"de"},{"@type":"Organization","@id":"https:\/\/nurlernen.de\/biologie\/#organization","name":"Biologie Lernen","url":"https:\/\/nurlernen.de\/biologie\/","logo":{"@type":"ImageObject","inLanguage":"de","@id":"https:\/\/nurlernen.de\/biologie\/#\/schema\/logo\/image\/","url":"https:\/\/nurlernen.de\/biologie\/wp-content\/uploads\/sites\/2\/2025\/07\/cropped-zellkern.png","contentUrl":"https:\/\/nurlernen.de\/biologie\/wp-content\/uploads\/sites\/2\/2025\/07\/cropped-zellkern.png","width":512,"height":512,"caption":"Biologie Lernen"},"image":{"@id":"https:\/\/nurlernen.de\/biologie\/#\/schema\/logo\/image\/"},"sameAs":["https:\/\/www.instagram.com\/nurlernen.de\/"]}]}},"_links":{"self":[{"href":"https:\/\/nurlernen.de\/biologie\/wp-json\/wp\/v2\/pages\/29","targetHints":{"allow":["GET"]}}],"collection":[{"href":"https:\/\/nurlernen.de\/biologie\/wp-json\/wp\/v2\/pages"}],"about":[{"href":"https:\/\/nurlernen.de\/biologie\/wp-json\/wp\/v2\/types\/page"}],"author":[{"embeddable":true,"href":"https:\/\/nurlernen.de\/biologie\/wp-json\/wp\/v2\/users\/1"}],"replies":[{"embeddable":true,"href":"https:\/\/nurlernen.de\/biologie\/wp-json\/wp\/v2\/comments?post=29"}],"version-history":[{"count":8,"href":"https:\/\/nurlernen.de\/biologie\/wp-json\/wp\/v2\/pages\/29\/revisions"}],"predecessor-version":[{"id":3217,"href":"https:\/\/nurlernen.de\/biologie\/wp-json\/wp\/v2\/pages\/29\/revisions\/3217"}],"wp:attachment":[{"href":"https:\/\/nurlernen.de\/biologie\/wp-json\/wp\/v2\/media?parent=29"}],"curies":[{"name":"wp","href":"https:\/\/api.w.org\/{rel}","templated":true}]}}