{"id":2905,"date":"2025-08-08T10:42:07","date_gmt":"2025-08-08T08:42:07","guid":{"rendered":"https:\/\/nurlernen.de\/biologie\/?page_id=2905"},"modified":"2025-10-29T08:50:17","modified_gmt":"2025-10-29T07:50:17","slug":"genome-und-chromosomensaetze","status":"publish","type":"page","link":"https:\/\/nurlernen.de\/biologie\/genome-und-chromosomensaetze\/","title":{"rendered":"Genome und Chromosomens\u00e4tze"},"content":{"rendered":"<p>Die Gesamtheit der genetischen Information einer Zelle wird als ihr <strong>Genom<\/strong> bezeichnet. Bei Prokaryoten liegt das Genom in einzelnen oder mehreren Ring-DNA vor. Bei Eukaryoten ist die Mehrheit der genetischen Information im Zellkern angesiedelt. Nichtsdestotrotz enthalten bei Eukaryoten auch andere Zellorganellen, wie z. B. Mitochondrien und Chloroplasten ihre eigenen Genome.<\/p>\n<h3>1. Chromosomen und ihr Aufbau<\/h3>\n<figure id=\"attachment_2914\" aria-describedby=\"caption-attachment-2914\" style=\"width: 290px\" class=\"wp-caption alignright\"><img loading=\"lazy\" decoding=\"async\" class=\"wp-image-2914 size-medium\" src=\"https:\/\/nurlernen.de\/biologie\/wp-content\/uploads\/sites\/2\/2025\/08\/Spule-300x300.png\" alt=\"Eine Spule als REpr\u00e4sentation eines Chromosoms\" width=\"300\" height=\"300\" \/><figcaption id=\"caption-attachment-2914\" class=\"wp-caption-text\">Eine Spule oder Trommel erm\u00f6glicht uns lange F\u00e4den oder Kabel auf eine kompakte Gr\u00f6\u00dfe aufzuwickeln, um diese besser handhaben zu k\u00f6nnen. Chromosomen sind die Spulen der eukaryotischen Zellen. Dadurch wird zum Beispiel, die ca. zwei Meter lange DNA der menschlichen Zellen auf 46 Chromosomen (Spulen) aufgewickelt. Dadurch k\u00f6nnen sie besser bei der Zellteilung (Mitose und Meiose) gehandhabt werden.<\/figcaption><\/figure>\n<p>Nun haben wir ein Problem. Die Gesamtl\u00e4nge der DNA einer einzigen menschlichen Zelle betr\u00e4gt ca. 2 Meter! Wenn eine Zelle so gro\u00df w\u00e4re, wie ein Mensch, dann w\u00fcrde ihre DNA-L\u00e4nge ca. 170.000 Meter betragen. Die Zelle ben\u00f6tigt also eine M\u00f6glichkeit die DNA handhabbarer zu machen. Wir Menschen verwenden z. B. Spulen oder Trommel, um lange F\u00e4den und Kabel auf eine kompaktere (kleinere) Gr\u00f6\u00dfe aufzuwickeln. Dadurch kann ein LKW mehrere Kabel, die L\u00e4nger sind als er selbst problemlos zu einer Baustelle transportieren.<\/p>\n<p>Genau dies machen auch eukaryotische Zellen. Die Spulen der Zellen hei\u00dfen Chromosomen. Chromosomen bestehen u. a. aus Proteinen, auf die DNA aufgewickelt ist.<\/p>\n<p>So wird die ca. zwei Meter lange DNA in menschliche Zellen auf 46 Chromosomen aufgewickelt. Dadurch ist sie bei der Zellteilung einfacher zu transportieren.<\/p>\n<h3>2. Chromosomens\u00e4tze, Gameten und Keimbahn<\/h3>\n<p>In Eukaryotischen Zellen ist (wie wir gelernt haben) die DNA in Chromosomen organsiert. Die Chromosomen sind in der Interphase nicht sichtbar und werden erst im Rahmen der Vorbereitung auf die Zellteilung sichtbar. Dieses Sichtbarwerden bezeichnet man als Kondensation bzw. <strong>Kondensieren<\/strong>. Die Chromosomen kondensieren also vor der Zellteilung. Warum?<\/p>\n<p>Im Rahmen der Zellteilung muss die DNA korrekt auf die Nachkommen der Zelle (wir nennen diese Tochterzellen) aufgeteilt werden. Dazu m\u00fcssen die DNA-Molek\u00fcle, die nun sch\u00f6n kompakt auf die Chromosomen aufgewickelt sind geordnet, getrennt und zu den gegenseitigen Polen der Zelle transportiert werden. Nach der Zellteilung ben\u00f6tigt man die Chromosomen nicht mehr und die DNA wird entwickelt. Vorsicht: Auch in der Interphase liegt die DNA nicht nackt vor, sondern verbunden mit chromosomalen Proteinen. Diese Struktur wird Chromatin genannt. In der Interphase ist das Chromatin nicht so dicht gepackt, wie z. B. w\u00e4hrend der Mitose.<\/p>\n<p>Die Anzahl der Chromosomen ist artspezifisch, d. h. die Individuen der selben Art in der Regel die selbe Anzahl an Chromosomen besitzen. Bei uns Menschen sind es 46 Chromosomen. Davon jeweils die H\u00e4lfte (23) von der Mutter und vom Vater. Deshalb haben die menschlichen Zellen also jeweils 23 Paare an Chromosomen.<\/p>\n<p>Damit die Anzahl der Chromosomen \u00fcber Generationen gleich bleibt, d\u00fcrfen die Eltern jeweils nur die H\u00e4lfte ihrer Chromosomen an die Nachkommen weitergeben. Eine Mutter mit 46 Chromosomen tr\u00e4gt also nur 23 Chromosomen zum Genom des Nachwuchs bei. Dasselbe macht auch der Vater. Somit bekommt der Nachwucht 23+23 = 46 Chromosomen.<\/p>\n<p>Das bedeutet aber, dass wir eine Zellteilung ben\u00f6tigen, die nur Tochterzellen mit jeweils H\u00e4lfte der Chromosomen hervorbringt. Diese Zellteilung finden in Geschlechtsorganen (Gonade) statt und wird als <strong>Meiose<\/strong> bezeichnet.<\/p>\n<p>Hier einige Fachbegriffe mit der Bitte, um Verwendung in den Pr\u00fcfungen und Klausuren \ud83d\ude01:<\/p>\n<ul>\n<li>Zellen, die von jedem Chromosom zwei Exemplare besitzen, haben den <strong>doppelten Chromosomensatz<\/strong> und werden als <strong>diploid<\/strong> bezeichnet. Beim Menschen sind es fast alle unserer K\u00f6rperzellen mit jeweils 46 Chromosomen. Man nennt diese Zellen auch <strong>somatische Zellen<\/strong>.<\/li>\n<li>Zellen, die von jedem Chromosom nur ein Exemplar besitzen, haben den <strong>einfachen Chromosomensatz<\/strong> und werden als <strong>haploid<\/strong> bezeichnet. Beim Menschen sind es alle <strong>Gameten<\/strong> (Geschlechtszellen), d. h. die Eizellen der Frau und die Spermien des Mannes. Diese Zellen haben also jeweils nur 23 Chromosomen.<\/li>\n<\/ul>\n\n\n<p><button onclick=\"location.href='https:\/\/nurlernen.de\/biologie\/biologie-inhalte\/'\">Lernbereich<\/button>\r\n<button onclick=\"location.href='https:\/\/nurlernen.de\/biologie\/biologie-akademie\/'\">Biologie Akademie<\/button>\r\n<!--button onclick=\"location.href='https:\/\/nurlernen.de\/biologie\/biologie-lernkontrolle\/'\">Lernkontrolle<\/button-->\r\n<!--button onclick=\"location.href='\/biologie-fragenkatalog'\"&gt;Fragenkatalog (F\u00fcr Lehrer)&lt;\/button-->\r\n<\/p>\n","protected":false},"excerpt":{"rendered":"<p>Die Gesamtheit der genetischen Information einer Zelle wird als ihr Genom bezeichnet. Bei Prokaryoten liegt das Genom in einzelnen oder mehreren Ring-DNA vor. Bei Eukaryoten ist die Mehrheit der genetischen Information im Zellkern angesiedelt. Nichtsdestotrotz enthalten bei Eukaryoten auch andere Zellorganellen, wie z. B. Mitochondrien und Chloroplasten ihre eigenen Genome. 1. Chromosomen und ihr Aufbau &#8230; <a title=\"Genome und Chromosomens\u00e4tze\" class=\"read-more\" href=\"https:\/\/nurlernen.de\/biologie\/genome-und-chromosomensaetze\/\" aria-label=\"Mehr Informationen \u00fcber Genome und Chromosomens\u00e4tze\">Weiterlesen<\/a><\/p>\n","protected":false},"author":1,"featured_media":0,"parent":0,"menu_order":0,"comment_status":"closed","ping_status":"closed","template":"","meta":{"footnotes":""},"class_list":["post-2905","page","type-page","status-publish"],"yoast_head":"<!-- This site is optimized with the Yoast SEO plugin v27.5 - https:\/\/yoast.com\/product\/yoast-seo-wordpress\/ -->\n<title>Genome und Chromosomens\u00e4tze<\/title>\n<meta name=\"description\" content=\"Genom: Gesamte DNA einer Zelle. Chromosomen-Aufbau und Funktion erl\u00e4utert. Diploide somatische Zellen vs. haploide Geschlechtszellen erkl\u00e4rt.\" \/>\n<meta name=\"robots\" content=\"index, follow, max-snippet:-1, max-image-preview:large, max-video-preview:-1\" \/>\n<link rel=\"canonical\" href=\"https:\/\/nurlernen.de\/biologie\/genome-und-chromosomensaetze\/\" \/>\n<meta property=\"og:locale\" content=\"de_DE\" \/>\n<meta property=\"og:type\" content=\"article\" \/>\n<meta property=\"og:title\" content=\"Genome und Chromosomens\u00e4tze\" \/>\n<meta property=\"og:description\" content=\"Genom: Gesamte DNA einer Zelle. Chromosomen-Aufbau und Funktion erl\u00e4utert. Diploide somatische Zellen vs. haploide Geschlechtszellen erkl\u00e4rt.\" \/>\n<meta property=\"og:url\" content=\"https:\/\/nurlernen.de\/biologie\/genome-und-chromosomensaetze\/\" \/>\n<meta property=\"og:site_name\" content=\"Biologie verstehen\" \/>\n<meta property=\"article:modified_time\" content=\"2025-10-29T07:50:17+00:00\" \/>\n<meta property=\"og:image\" content=\"https:\/\/nurlernen.de\/biologie\/wp-content\/uploads\/sites\/2\/2025\/08\/Spule-e1754749926497.png\" \/>\n\t<meta property=\"og:image:width\" content=\"512\" \/>\n\t<meta property=\"og:image:height\" content=\"512\" \/>\n\t<meta property=\"og:image:type\" content=\"image\/png\" \/>\n<meta name=\"twitter:card\" content=\"summary_large_image\" \/>\n<meta name=\"twitter:label1\" content=\"Gesch\u00e4tzte Lesezeit\" \/>\n\t<meta name=\"twitter:data1\" content=\"4\u00a0Minuten\" \/>\n<script type=\"application\/ld+json\" class=\"yoast-schema-graph\">{\"@context\":\"https:\\\/\\\/schema.org\",\"@graph\":[{\"@type\":\"WebPage\",\"@id\":\"https:\\\/\\\/nurlernen.de\\\/biologie\\\/genome-und-chromosomensaetze\\\/\",\"url\":\"https:\\\/\\\/nurlernen.de\\\/biologie\\\/genome-und-chromosomensaetze\\\/\",\"name\":\"Genome und Chromosomens\u00e4tze\",\"isPartOf\":{\"@id\":\"https:\\\/\\\/nurlernen.de\\\/biologie\\\/#website\"},\"primaryImageOfPage\":{\"@id\":\"https:\\\/\\\/nurlernen.de\\\/biologie\\\/genome-und-chromosomensaetze\\\/#primaryimage\"},\"image\":{\"@id\":\"https:\\\/\\\/nurlernen.de\\\/biologie\\\/genome-und-chromosomensaetze\\\/#primaryimage\"},\"thumbnailUrl\":\"https:\\\/\\\/nurlernen.de\\\/biologie\\\/wp-content\\\/uploads\\\/sites\\\/2\\\/2025\\\/08\\\/Spule-300x300.png\",\"datePublished\":\"2025-08-08T08:42:07+00:00\",\"dateModified\":\"2025-10-29T07:50:17+00:00\",\"description\":\"Genom: Gesamte DNA einer Zelle. Chromosomen-Aufbau und Funktion erl\u00e4utert. Diploide somatische Zellen vs. haploide Geschlechtszellen erkl\u00e4rt.\",\"breadcrumb\":{\"@id\":\"https:\\\/\\\/nurlernen.de\\\/biologie\\\/genome-und-chromosomensaetze\\\/#breadcrumb\"},\"inLanguage\":\"de\",\"potentialAction\":[{\"@type\":\"ReadAction\",\"target\":[\"https:\\\/\\\/nurlernen.de\\\/biologie\\\/genome-und-chromosomensaetze\\\/\"]}]},{\"@type\":\"ImageObject\",\"inLanguage\":\"de\",\"@id\":\"https:\\\/\\\/nurlernen.de\\\/biologie\\\/genome-und-chromosomensaetze\\\/#primaryimage\",\"url\":\"https:\\\/\\\/nurlernen.de\\\/biologie\\\/wp-content\\\/uploads\\\/sites\\\/2\\\/2025\\\/08\\\/Spule-e1754749926497.png\",\"contentUrl\":\"https:\\\/\\\/nurlernen.de\\\/biologie\\\/wp-content\\\/uploads\\\/sites\\\/2\\\/2025\\\/08\\\/Spule-e1754749926497.png\",\"width\":512,\"height\":512,\"caption\":\"Eine Spule erm\u00f6glicht uns lange F\u00e4den oder Kabel auf eine kompakte Gr\u00f6\u00dfe aufzuwickelt, um diese besser handhaben zu k\u00f6nnen. Chromosomen sind die Spulen der eukaryotischen Zellen. Dadurch wird zum Beispiel, die ca. zwei Meter lange DNA der menschlichen Zellen auf 46 Chromosomen (Spulen) aufgewickelt. Dadurch k\u00f6nnen sie besser bei der Zellteilung (Mitose und Meiose) gehandhabt werden.\"},{\"@type\":\"BreadcrumbList\",\"@id\":\"https:\\\/\\\/nurlernen.de\\\/biologie\\\/genome-und-chromosomensaetze\\\/#breadcrumb\",\"itemListElement\":[{\"@type\":\"ListItem\",\"position\":1,\"name\":\"Startseite\",\"item\":\"https:\\\/\\\/nurlernen.de\\\/biologie\\\/\"},{\"@type\":\"ListItem\",\"position\":2,\"name\":\"Genome und Chromosomens\u00e4tze\"}]},{\"@type\":\"WebSite\",\"@id\":\"https:\\\/\\\/nurlernen.de\\\/biologie\\\/#website\",\"url\":\"https:\\\/\\\/nurlernen.de\\\/biologie\\\/\",\"name\":\"Biologie Lernen\",\"description\":\"\u00dcber 1000 kostenlose \u00dcbungen\",\"publisher\":{\"@id\":\"https:\\\/\\\/nurlernen.de\\\/biologie\\\/#organization\"},\"potentialAction\":[{\"@type\":\"SearchAction\",\"target\":{\"@type\":\"EntryPoint\",\"urlTemplate\":\"https:\\\/\\\/nurlernen.de\\\/biologie\\\/?s={search_term_string}\"},\"query-input\":{\"@type\":\"PropertyValueSpecification\",\"valueRequired\":true,\"valueName\":\"search_term_string\"}}],\"inLanguage\":\"de\"},{\"@type\":\"Organization\",\"@id\":\"https:\\\/\\\/nurlernen.de\\\/biologie\\\/#organization\",\"name\":\"Biologie Lernen\",\"url\":\"https:\\\/\\\/nurlernen.de\\\/biologie\\\/\",\"logo\":{\"@type\":\"ImageObject\",\"inLanguage\":\"de\",\"@id\":\"https:\\\/\\\/nurlernen.de\\\/biologie\\\/#\\\/schema\\\/logo\\\/image\\\/\",\"url\":\"https:\\\/\\\/nurlernen.de\\\/biologie\\\/wp-content\\\/uploads\\\/sites\\\/2\\\/2025\\\/07\\\/cropped-zellkern.png\",\"contentUrl\":\"https:\\\/\\\/nurlernen.de\\\/biologie\\\/wp-content\\\/uploads\\\/sites\\\/2\\\/2025\\\/07\\\/cropped-zellkern.png\",\"width\":512,\"height\":512,\"caption\":\"Biologie Lernen\"},\"image\":{\"@id\":\"https:\\\/\\\/nurlernen.de\\\/biologie\\\/#\\\/schema\\\/logo\\\/image\\\/\"},\"sameAs\":[\"https:\\\/\\\/www.instagram.com\\\/nurlernen.de\\\/\"]}]}<\/script>\n<!-- \/ Yoast SEO plugin. -->","yoast_head_json":{"title":"Genome und Chromosomens\u00e4tze","description":"Genom: Gesamte DNA einer Zelle. Chromosomen-Aufbau und Funktion erl\u00e4utert. Diploide somatische Zellen vs. haploide Geschlechtszellen erkl\u00e4rt.","robots":{"index":"index","follow":"follow","max-snippet":"max-snippet:-1","max-image-preview":"max-image-preview:large","max-video-preview":"max-video-preview:-1"},"canonical":"https:\/\/nurlernen.de\/biologie\/genome-und-chromosomensaetze\/","og_locale":"de_DE","og_type":"article","og_title":"Genome und Chromosomens\u00e4tze","og_description":"Genom: Gesamte DNA einer Zelle. Chromosomen-Aufbau und Funktion erl\u00e4utert. Diploide somatische Zellen vs. haploide Geschlechtszellen erkl\u00e4rt.","og_url":"https:\/\/nurlernen.de\/biologie\/genome-und-chromosomensaetze\/","og_site_name":"Biologie verstehen","article_modified_time":"2025-10-29T07:50:17+00:00","og_image":[{"width":512,"height":512,"url":"https:\/\/nurlernen.de\/biologie\/wp-content\/uploads\/sites\/2\/2025\/08\/Spule-e1754749926497.png","type":"image\/png"}],"twitter_card":"summary_large_image","twitter_misc":{"Gesch\u00e4tzte Lesezeit":"4\u00a0Minuten"},"schema":{"@context":"https:\/\/schema.org","@graph":[{"@type":"WebPage","@id":"https:\/\/nurlernen.de\/biologie\/genome-und-chromosomensaetze\/","url":"https:\/\/nurlernen.de\/biologie\/genome-und-chromosomensaetze\/","name":"Genome und Chromosomens\u00e4tze","isPartOf":{"@id":"https:\/\/nurlernen.de\/biologie\/#website"},"primaryImageOfPage":{"@id":"https:\/\/nurlernen.de\/biologie\/genome-und-chromosomensaetze\/#primaryimage"},"image":{"@id":"https:\/\/nurlernen.de\/biologie\/genome-und-chromosomensaetze\/#primaryimage"},"thumbnailUrl":"https:\/\/nurlernen.de\/biologie\/wp-content\/uploads\/sites\/2\/2025\/08\/Spule-300x300.png","datePublished":"2025-08-08T08:42:07+00:00","dateModified":"2025-10-29T07:50:17+00:00","description":"Genom: Gesamte DNA einer Zelle. Chromosomen-Aufbau und Funktion erl\u00e4utert. Diploide somatische Zellen vs. haploide Geschlechtszellen erkl\u00e4rt.","breadcrumb":{"@id":"https:\/\/nurlernen.de\/biologie\/genome-und-chromosomensaetze\/#breadcrumb"},"inLanguage":"de","potentialAction":[{"@type":"ReadAction","target":["https:\/\/nurlernen.de\/biologie\/genome-und-chromosomensaetze\/"]}]},{"@type":"ImageObject","inLanguage":"de","@id":"https:\/\/nurlernen.de\/biologie\/genome-und-chromosomensaetze\/#primaryimage","url":"https:\/\/nurlernen.de\/biologie\/wp-content\/uploads\/sites\/2\/2025\/08\/Spule-e1754749926497.png","contentUrl":"https:\/\/nurlernen.de\/biologie\/wp-content\/uploads\/sites\/2\/2025\/08\/Spule-e1754749926497.png","width":512,"height":512,"caption":"Eine Spule erm\u00f6glicht uns lange F\u00e4den oder Kabel auf eine kompakte Gr\u00f6\u00dfe aufzuwickelt, um diese besser handhaben zu k\u00f6nnen. Chromosomen sind die Spulen der eukaryotischen Zellen. Dadurch wird zum Beispiel, die ca. zwei Meter lange DNA der menschlichen Zellen auf 46 Chromosomen (Spulen) aufgewickelt. Dadurch k\u00f6nnen sie besser bei der Zellteilung (Mitose und Meiose) gehandhabt werden."},{"@type":"BreadcrumbList","@id":"https:\/\/nurlernen.de\/biologie\/genome-und-chromosomensaetze\/#breadcrumb","itemListElement":[{"@type":"ListItem","position":1,"name":"Startseite","item":"https:\/\/nurlernen.de\/biologie\/"},{"@type":"ListItem","position":2,"name":"Genome und Chromosomens\u00e4tze"}]},{"@type":"WebSite","@id":"https:\/\/nurlernen.de\/biologie\/#website","url":"https:\/\/nurlernen.de\/biologie\/","name":"Biologie Lernen","description":"\u00dcber 1000 kostenlose \u00dcbungen","publisher":{"@id":"https:\/\/nurlernen.de\/biologie\/#organization"},"potentialAction":[{"@type":"SearchAction","target":{"@type":"EntryPoint","urlTemplate":"https:\/\/nurlernen.de\/biologie\/?s={search_term_string}"},"query-input":{"@type":"PropertyValueSpecification","valueRequired":true,"valueName":"search_term_string"}}],"inLanguage":"de"},{"@type":"Organization","@id":"https:\/\/nurlernen.de\/biologie\/#organization","name":"Biologie Lernen","url":"https:\/\/nurlernen.de\/biologie\/","logo":{"@type":"ImageObject","inLanguage":"de","@id":"https:\/\/nurlernen.de\/biologie\/#\/schema\/logo\/image\/","url":"https:\/\/nurlernen.de\/biologie\/wp-content\/uploads\/sites\/2\/2025\/07\/cropped-zellkern.png","contentUrl":"https:\/\/nurlernen.de\/biologie\/wp-content\/uploads\/sites\/2\/2025\/07\/cropped-zellkern.png","width":512,"height":512,"caption":"Biologie Lernen"},"image":{"@id":"https:\/\/nurlernen.de\/biologie\/#\/schema\/logo\/image\/"},"sameAs":["https:\/\/www.instagram.com\/nurlernen.de\/"]}]}},"_links":{"self":[{"href":"https:\/\/nurlernen.de\/biologie\/wp-json\/wp\/v2\/pages\/2905","targetHints":{"allow":["GET"]}}],"collection":[{"href":"https:\/\/nurlernen.de\/biologie\/wp-json\/wp\/v2\/pages"}],"about":[{"href":"https:\/\/nurlernen.de\/biologie\/wp-json\/wp\/v2\/types\/page"}],"author":[{"embeddable":true,"href":"https:\/\/nurlernen.de\/biologie\/wp-json\/wp\/v2\/users\/1"}],"replies":[{"embeddable":true,"href":"https:\/\/nurlernen.de\/biologie\/wp-json\/wp\/v2\/comments?post=2905"}],"version-history":[{"count":16,"href":"https:\/\/nurlernen.de\/biologie\/wp-json\/wp\/v2\/pages\/2905\/revisions"}],"predecessor-version":[{"id":2993,"href":"https:\/\/nurlernen.de\/biologie\/wp-json\/wp\/v2\/pages\/2905\/revisions\/2993"}],"wp:attachment":[{"href":"https:\/\/nurlernen.de\/biologie\/wp-json\/wp\/v2\/media?parent=2905"}],"curies":[{"name":"wp","href":"https:\/\/api.w.org\/{rel}","templated":true}]}}