{"id":2929,"date":"2025-08-12T08:24:40","date_gmt":"2025-08-12T06:24:40","guid":{"rendered":"https:\/\/nurlernen.de\/biologie\/?page_id=2929"},"modified":"2025-11-19T12:16:16","modified_gmt":"2025-11-19T11:16:16","slug":"biologie-artikel","status":"publish","type":"page","link":"https:\/\/nurlernen.de\/biologie\/biologie-artikel\/","title":{"rendered":"Biologie Textsammlung"},"content":{"rendered":"<div class=\"wp-block-image\">\n<figure class=\"alignright size-full is-resized\"><img loading=\"lazy\" decoding=\"async\" width=\"256\" height=\"256\" src=\"https:\/\/nurlernen.de\/biologie\/wp-content\/uploads\/sites\/2\/2025\/11\/books_icon.png\" alt=\"\" class=\"wp-image-3177\" style=\"width:149px;height:auto\" srcset=\"https:\/\/nurlernen.de\/biologie\/wp-content\/uploads\/sites\/2\/2025\/11\/books_icon.png 256w, https:\/\/nurlernen.de\/biologie\/wp-content\/uploads\/sites\/2\/2025\/11\/books_icon-150x150.png 150w\" sizes=\"auto, (max-width: 256px) 100vw, 256px\" \/><\/figure>\n<\/div>\n\n\n<p>Hier findest du eine Sammlung unserer Texte zu diversen Themen der Biologie einfach, anschaulich und verst\u00e4ndlich erkl\u00e4rt. Du brauchst nicht zwingend diese Texte, um deine Noten in Biologie zu verbessern. Es reicht auch, wenn du flei\u00dfig nur die <a href=\"https:\/\/nurlernen.de\/biologie\/biologie-inhalte\/\" title=\"Biologie Inhalte\">\u00dcbungen<\/a> auf unserer Seite machst. Diese Texte k\u00f6nnten dir aber helfen bestimmte Sachverhalte besser zu verstehen.<\/p>\n\n\n\n<p>Bitte denk daran, dass wir noch an diesen Texten arbeiten, sodass mit der Zeit weitere Inhalte hinzugef\u00fcgt werden. Falls du  zu bestimmten Themen W\u00fcnsche hast, kannst du uns sehr gerne \u00fcber die Kommentarfunktion, oder noch besser \u00fcber das <a href=\"https:\/\/nurlernen.de\/biologie\/kontakt\/\" title=\"Kontakt\">Kontaktformular<\/a> in Kenntnis setzen. Wir freuen uns auf deine R\u00fcckmeldung.<\/p>\n\n\n\n<p>\n<a href=\"https:\/\/nurlernen.de\/biologie\/biologie-inhalte\/\" title=\"Lernfortschritt\">\n  <img decoding=\"async\" src=\"https:\/\/nurlernen.de\/biologie\/wp-content\/uploads\/sites\/2\/2025\/11\/progress_icon.png\" alt=\"Lernfortschritt\" style=\"width:64px; height:64px;\"><\/a>\n<a href=\"https:\/\/nurlernen.de\/biologie\/biologie-lernkontrolle\" title=\"\u00dcber 1000 \u00dcbungen!\">\n  <img decoding=\"async\" src=\"https:\/\/nurlernen.de\/biologie\/wp-content\/uploads\/sites\/2\/2025\/11\/test2_icon.png\" alt=\"\u00dcber 1000 \u00dcbungen!\" style=\"width:64px; height:64px;\"><\/a>\n<a href=\"https:\/\/nurlernen.de\/biologie\/biologie-akademie\/\" title=\"Einen Lehrer Fragen\">\n  <img decoding=\"async\" src=\"https:\/\/nurlernen.de\/biologie\/wp-content\/uploads\/sites\/2\/2025\/11\/teacher_icon.png\" alt=\"Einen Lehrer Fragen\" style=\"width:64px; height:64px;\"><\/a>\n<\/p>\n\n\n<h3>Kapitel 1: Grundlagen der Biologie<\/h3>\n<ol>\n<li><a href=\"https:\/\/nurlernen.de\/biologie\/was-ist-biologie\/\">Was ist Biologie?<\/a><\/li>\n<li><a href=\"https:\/\/nurlernen.de\/biologie\/was-sind-bausteine-des-lebens\/\">Was sind Bausteine des Lebens?<\/a><\/li>\n<li><a href=\"https:\/\/nurlernen.de\/biologie\/aufbau-von-atomen\/\">Was sind Atome?<\/a><\/li>\n<li><a href=\"https:\/\/nurlernen.de\/biologie\/aufbau-von-molekuelen\/\">Was sind Molek\u00fcle?<\/a><\/li>\n<li><a href=\"https:\/\/nurlernen.de\/biologie\/das-wasser-und-das-leben\/\">Das Wasser und das Leben<\/a><\/li>\n<li><a href=\"https:\/\/nurlernen.de\/biologie\/aufbau-und-funktion-von-kohlenhydraten\/\">Aufbau und Funktion von Kohlenhydraten<\/a><\/li>\n<li><a href=\"https:\/\/nurlernen.de\/biologie\/aufbau-und-funktion-von-lipiden\/\">Aufbau und Funktion von Lipiden<\/a><\/li>\n<li><a href=\"https:\/\/nurlernen.de\/biologie\/aufbau-und-funktion-von-proteinen\/\">Aufbau und Funktion von Proteinen<\/a><\/li>\n<li><a href=\"https:\/\/nurlernen.de\/biologie\/aufbau-und-funktion-von-nukleinsaeuren\/\">Aufbau und Funktion von Nukleins\u00e4uren<\/a><\/li>\n<\/ol>\n<h3>Kapitel 2: Einf\u00fchrung in die Zellbiologie<\/h3>\n<ol>\n<li><a href=\"https:\/\/nurlernen.de\/biologie\/was-ist-zellbiologie\/\">Was ist Zellbiologie?<\/a><\/li>\n<li><a href=\"https:\/\/nurlernen.de\/biologie\/wie-untersucht-man-zellen\/\">Wie untersucht man Zellen?<\/a><\/li>\n<li><a href=\"https:\/\/nurlernen.de\/biologie\/prokaryoten-vs-eukaryoten\/\">Der Unterschied zwischen Prokaryoten und Eukaryoten<\/a><\/li>\n<li><a href=\"https:\/\/nurlernen.de\/biologie\/der-zellkern\/\">Der Zellkern<\/a><\/li>\n<li><a href=\"https:\/\/nurlernen.de\/biologie\/das-endoplasmatische-reticulum\/\">Das Endoplasmatische Reticulum<\/a><\/li>\n<li><a href=\"https:\/\/nurlernen.de\/biologie\/der-golgi-apparat\/\">Der Golgi-Apparat<\/a><\/li>\n<\/ol>\n<h3>Kapitel 3: Aufbau und Funktion der Zellmembran<\/h3>\n<ol>\n<li><a href=\"https:\/\/nurlernen.de\/biologie\/aufbau-und-funktion-von-biomembranen\/\">Wie sind Biomembranen aufgebaut?<\/a><\/li>\n<li><a href=\"https:\/\/nurlernen.de\/biologie\/was-ist-viskositaet\/\">Was ist Viskosit\u00e4t?<\/a><\/li>\n<li><a href=\"https:\/\/nurlernen.de\/biologie\/was-ist-diffusion\/\">Was ist Diffusion?<\/a><\/li>\n<li><a href=\"https:\/\/nurlernen.de\/biologie\/was-ist-osmose\/\">Was ist Osmose?<\/a><\/li>\n<li><a href=\"https:\/\/nurlernen.de\/biologie\/passive-transportvorgaenge\/\">Passive Transportvorg\u00e4nge und erleichterte Diffusion<\/a><\/li>\n<li><a href=\"https:\/\/nurlernen.de\/biologie\/aktive-transportvorgaenge\/\">Aktive Transportvorg\u00e4nge ben\u00f6tigen Energie<\/a><\/li>\n<li><a href=\"https:\/\/nurlernen.de\/biologie\/die-natrium-kalium-pumpe\/\">Die Natrium-Kalium-Pumpe<\/a><\/li>\n<li><a href=\"https:\/\/nurlernen.de\/biologie\/endozytose-und-exozytose\/\">Endozytose und Exozytose<\/a><\/li>\n<\/ol>\n<h3>Kapitel 4: Stoffwechsel und Energiehaushalt der Zelle<\/h3>\n<h3>Kapitel 5: Der Zellzyklus<\/h3>\n<ol>\n<li><a href=\"https:\/\/nurlernen.de\/biologie\/der-zellzyklus\/\">Was ist der Zellzyklus (Teil 1)?<\/a><\/li>\n<li><a href=\"https:\/\/nurlernen.de\/biologie\/genome-und-chromosomensaetze\/\">Genome und Chromosomens\u00e4tze<\/a><\/li>\n<li>Mitose (Prophase, Metaphase, anaphase, Telophase)<\/li>\n<li>Meiose<\/li>\n<li>Befruchtung und Embryonalentwicklung<\/li>\n<\/ol>\n<h3>Kapitel 6: Vererbungslehre und klassische Genetik<\/h3>\n<ol>\n<li><a href=\"https:\/\/nurlernen.de\/biologie\/einfuehrung-in-die-klassische-genetik\/\">Einf\u00fchrung in die klassische Genetik<\/a><\/li>\n<li><a href=\"https:\/\/nurlernen.de\/biologie\/mendelsche-regeln-der-vererbung-1\/\">Mendelsche Regeln der Vererbung<\/a><\/li>\n<li><a href=\"https:\/\/nurlernen.de\/biologie\/mendelsche-regeln-der-vererbung\/\">Anwendung der Mendelschen Regeln<\/a><\/li>\n<li><a href=\"https:\/\/nurlernen.de\/biologie\/statistik-und-mendelsche-regeln\/\">Statistik und Mendelsche Regeln<\/a><\/li>\n<li><a href=\"https:\/\/nurlernen.de\/biologie\/weitere-vererbungsformen\/\">Weitere Vererbungsformen<\/a><\/li>\n<li>Gekoppelte Vererbung<\/li>\n<li>Klassische Vererbung beim Mensch<\/li>\n<\/ol>\n<h3>Kapitel 7: Molekulargenetik<\/h3>\n<h3>Kapitel 8: Viren und Bakteriengenetik, Gentechnik<\/h3>\n<h3>Kapitel 9: Evolutionstheorie<\/h3>\n<ol>\n<li><a href=\"https:\/\/nurlernen.de\/biologie\/evolutionstheorie\/\">Was ist die Evolutionstheorie<\/a><\/li>\n<li><a href=\"https:\/\/www.schullv.de\/evolutionstheorien\">Darwin vs. Lamarck (Externer Link!)<\/a><\/li>\n<li><a href=\"https:\/\/nurlernen.de\/biologie\/evolutionshinweise-aus-der-palaeontologie\/\">Hinweise aus der Pal\u00e4ontologe<\/a><\/li>\n<li><a href=\"https:\/\/nurlernen.de\/biologie\/evolutionshinweise-aus-der-morphologie\/\">Hinweise aus der Morphologie<\/a><\/li>\n<li>Hinweise aus der Molekularbiologie<\/li>\n<li>Hinweise aus der Verhaltensbiologie<\/li>\n<li>Hinweise aus der Embryonalentwicklung<\/li>\n<\/ol>\n<h3>Kapitel 10: <a href=\"https:\/\/de.serlo.org\/biologie\/115931\/evolutionsfaktoren\">Evolutionsmechanismen (externer Link!)<\/a><\/h3>\n<ol>\n<li><a href=\"https:\/\/nurlernen.de\/biologie\/genetische-variation\/\">Genetische Variation<\/a><\/li>\n<\/ol>\n<h3>Kapitel 11: <a href=\"https:\/\/de.serlo.org\/biologie\/115928\/artbildung\">Artbildung (externer Link!)<\/a><\/h3>\n<h3>Kapitel 12: <a href=\"https:\/\/de.wikipedia.org\/wiki\/Stammesgeschichte_des_Menschen\">Evolution des Menschen (externer Link!)<\/a><\/h3>\n<h3><a href=\"https:\/\/nurlernen.de\/biologie\/oekologie\/\">Kapitel 13: \u00d6kologie und Umweltfaktoren<\/a><\/h3>\n<ol>\n<li>Grundlagen der \u00d6kologie<\/li>\n<li>Umweltfaktoren<\/li>\n<li>\u00d6kologische und Physiologische Potenz<\/li>\n<li>Abiotische Umweltfaktoren\n<ol>\n<li><a href=\"https:\/\/nurlernen.de\/biologie\/der-umweltfaktor-temperatur\/\">Temperatur<\/a><\/li>\n<li>Licht<\/li>\n<li>Wasser<\/li>\n<li>Mineralien<\/li>\n<li>PH-Wert?<\/li>\n<\/ol>\n<\/li>\n<li>Biotische Umweltfaktoren<\/li>\n<\/ol>\n<h3>Kapitel 14: Populations\u00f6kologie<\/h3>\n<h3>Kapitel 15: \u00d6kosysteme<\/h3>\n<h3>Kapitel 16: Neurophysiologie<\/h3>\n<h3>Kapitel 17: Verhaltensbiologie<\/h3>\n\n\n<hr class=\"wp-block-separator has-alpha-channel-opacity\"\/>\n\n\n<div id=\"polls-2\" class=\"wp-polls\">\n\t<form id=\"polls_form_2\" class=\"wp-polls-form\" action=\"\/index.php\" method=\"post\">\n\t\t<p style=\"display: none;\"><input type=\"hidden\" id=\"poll_2_nonce\" name=\"wp-polls-nonce\" value=\"f15d204394\" \/><\/p>\n\t\t<p style=\"display: none;\"><input type=\"hidden\" name=\"poll_id\" value=\"2\" \/><\/p>\n\t\t<p style=\"display: none;\"><input type=\"hidden\" id=\"poll_multiple_ans_2\" name=\"poll_multiple_ans_2\" value=\"2\" \/><\/p>\n\t\t<p style=\"text-align: left\"><strong>Wie sollen wir unsere Seite f\u00fcr dich verbessern, um dir zu helfen bessere Noten in Bio zu bekommen? (W\u00e4hle zwei Antworten)<\/strong><\/p><div id=\"polls-2-ans\" class=\"wp-polls-ans\"><ul class=\"wp-polls-ul\">\n\t\t<li><input type=\"checkbox\" id=\"poll-answer-6\" name=\"poll_2\" value=\"6\" \/> <label for=\"poll-answer-6\">Mehr Quiz-Fragen<\/label><\/li>\n\t\t<li><input type=\"checkbox\" id=\"poll-answer-7\" name=\"poll_2\" value=\"7\" \/> <label for=\"poll-answer-7\">Mehr Artikel und Texte<\/label><\/li>\n\t\t<li><input type=\"checkbox\" id=\"poll-answer-8\" name=\"poll_2\" value=\"8\" \/> <label for=\"poll-answer-8\">Mehr Texte in Biologie Akademie mit den virtuellen Lehrern<\/label><\/li>\n\t\t<li><input type=\"checkbox\" id=\"poll-answer-9\" name=\"poll_2\" value=\"9\" \/> <label for=\"poll-answer-9\">Die M\u00f6glichkeit eigene Quizzen zu erstellen und in PDF zu exportieren<\/label><\/li>\n\t\t<li><input type=\"checkbox\" id=\"poll-answer-10\" name=\"poll_2\" value=\"10\" \/> <label for=\"poll-answer-10\">Biologie-Spiele<\/label><\/li>\n\t\t<\/ul><p style=\"text-align: center\"><input type=\"button\" name=\"vote\" value=\"   Abstimmen   \" class=\"Buttons\" onclick=\"poll_vote(2);\" \/><\/p><p style=\"text-align: center\"><a href=\"#ViewPollResults\" onclick=\"poll_result(2); return false;\" title=\"Ergebnisse dieser Umfrage anzeigen\">Ergebnisse anzeigen<\/a><\/p><\/div>\n\t<\/form>\n<\/div>\n<div id=\"polls-2-loading\" class=\"wp-polls-loading\"><img loading=\"lazy\" decoding=\"async\" src=\"https:\/\/nurlernen.de\/biologie\/wp-content\/plugins\/wp-polls\/images\/loading.gif\" width=\"16\" height=\"16\" alt=\"Wird geladen ...\" title=\"Wird geladen ...\" class=\"wp-polls-image\" \/>&nbsp;Wird geladen ...<\/div>\n\n","protected":false},"excerpt":{"rendered":"<p>Hier findest du eine Sammlung unserer Texte zu diversen Themen der Biologie einfach, anschaulich und verst\u00e4ndlich erkl\u00e4rt. Du brauchst nicht zwingend diese Texte, um deine Noten in Biologie zu verbessern. Es reicht auch, wenn du flei\u00dfig nur die \u00dcbungen auf unserer Seite machst. Diese Texte k\u00f6nnten dir aber helfen bestimmte Sachverhalte besser zu verstehen. Bitte &#8230; <a title=\"Biologie Textsammlung\" class=\"read-more\" href=\"https:\/\/nurlernen.de\/biologie\/biologie-artikel\/\" aria-label=\"Mehr Informationen \u00fcber Biologie Textsammlung\">Weiterlesen<\/a><\/p>\n","protected":false},"author":1,"featured_media":0,"parent":0,"menu_order":0,"comment_status":"open","ping_status":"closed","template":"","meta":{"footnotes":""},"class_list":["post-2929","page","type-page","status-publish"],"yoast_head":"<!-- This site is optimized with the Yoast SEO plugin v27.5 - https:\/\/yoast.com\/product\/yoast-seo-wordpress\/ -->\n<title>Biologie Textsammlung<\/title>\n<meta name=\"description\" content=\"Biologie verst\u00e4ndlich erkl\u00e4rt. Verbessere deine Noten in unserer Textsammlung und mit \u00fcber 1000 kostenlose Fragen zu Biologie-Themen.\" \/>\n<meta name=\"robots\" content=\"index, follow, max-snippet:-1, max-image-preview:large, max-video-preview:-1\" \/>\n<link rel=\"canonical\" href=\"https:\/\/nurlernen.de\/biologie\/biologie-artikel\/\" \/>\n<meta property=\"og:locale\" content=\"de_DE\" \/>\n<meta property=\"og:type\" content=\"article\" \/>\n<meta property=\"og:title\" content=\"Biologie Textsammlung\" \/>\n<meta property=\"og:description\" content=\"Biologie verst\u00e4ndlich erkl\u00e4rt. Verbessere deine Noten in unserer Textsammlung und mit \u00fcber 1000 kostenlose Fragen zu Biologie-Themen.\" \/>\n<meta property=\"og:url\" content=\"https:\/\/nurlernen.de\/biologie\/biologie-artikel\/\" \/>\n<meta property=\"og:site_name\" content=\"Biologie verstehen\" \/>\n<meta property=\"article:modified_time\" content=\"2025-11-19T11:16:16+00:00\" \/>\n<meta property=\"og:image\" content=\"https:\/\/nurlernen.de\/biologie\/wp-content\/uploads\/sites\/2\/2025\/11\/books_icon.png\" \/>\n\t<meta property=\"og:image:width\" content=\"256\" \/>\n\t<meta property=\"og:image:height\" content=\"256\" \/>\n\t<meta property=\"og:image:type\" content=\"image\/png\" \/>\n<meta name=\"twitter:card\" content=\"summary_large_image\" \/>\n<meta name=\"twitter:label1\" content=\"Gesch\u00e4tzte Lesezeit\" \/>\n\t<meta name=\"twitter:data1\" content=\"3\u00a0Minuten\" \/>\n<script type=\"application\/ld+json\" class=\"yoast-schema-graph\">{\"@context\":\"https:\\\/\\\/schema.org\",\"@graph\":[{\"@type\":\"WebPage\",\"@id\":\"https:\\\/\\\/nurlernen.de\\\/biologie\\\/biologie-artikel\\\/\",\"url\":\"https:\\\/\\\/nurlernen.de\\\/biologie\\\/biologie-artikel\\\/\",\"name\":\"Biologie Textsammlung\",\"isPartOf\":{\"@id\":\"https:\\\/\\\/nurlernen.de\\\/biologie\\\/#website\"},\"primaryImageOfPage\":{\"@id\":\"https:\\\/\\\/nurlernen.de\\\/biologie\\\/biologie-artikel\\\/#primaryimage\"},\"image\":{\"@id\":\"https:\\\/\\\/nurlernen.de\\\/biologie\\\/biologie-artikel\\\/#primaryimage\"},\"thumbnailUrl\":\"https:\\\/\\\/nurlernen.de\\\/biologie\\\/wp-content\\\/uploads\\\/sites\\\/2\\\/2025\\\/11\\\/books_icon.png\",\"datePublished\":\"2025-08-12T06:24:40+00:00\",\"dateModified\":\"2025-11-19T11:16:16+00:00\",\"description\":\"Biologie verst\u00e4ndlich erkl\u00e4rt. Verbessere deine Noten in unserer Textsammlung und mit \u00fcber 1000 kostenlose Fragen zu Biologie-Themen.\",\"breadcrumb\":{\"@id\":\"https:\\\/\\\/nurlernen.de\\\/biologie\\\/biologie-artikel\\\/#breadcrumb\"},\"inLanguage\":\"de\",\"potentialAction\":[{\"@type\":\"ReadAction\",\"target\":[\"https:\\\/\\\/nurlernen.de\\\/biologie\\\/biologie-artikel\\\/\"]}]},{\"@type\":\"ImageObject\",\"inLanguage\":\"de\",\"@id\":\"https:\\\/\\\/nurlernen.de\\\/biologie\\\/biologie-artikel\\\/#primaryimage\",\"url\":\"https:\\\/\\\/nurlernen.de\\\/biologie\\\/wp-content\\\/uploads\\\/sites\\\/2\\\/2025\\\/11\\\/books_icon.png\",\"contentUrl\":\"https:\\\/\\\/nurlernen.de\\\/biologie\\\/wp-content\\\/uploads\\\/sites\\\/2\\\/2025\\\/11\\\/books_icon.png\",\"width\":256,\"height\":256},{\"@type\":\"BreadcrumbList\",\"@id\":\"https:\\\/\\\/nurlernen.de\\\/biologie\\\/biologie-artikel\\\/#breadcrumb\",\"itemListElement\":[{\"@type\":\"ListItem\",\"position\":1,\"name\":\"Startseite\",\"item\":\"https:\\\/\\\/nurlernen.de\\\/biologie\\\/\"},{\"@type\":\"ListItem\",\"position\":2,\"name\":\"Biologie Textsammlung\"}]},{\"@type\":\"WebSite\",\"@id\":\"https:\\\/\\\/nurlernen.de\\\/biologie\\\/#website\",\"url\":\"https:\\\/\\\/nurlernen.de\\\/biologie\\\/\",\"name\":\"Biologie Lernen\",\"description\":\"\u00dcber 1000 kostenlose \u00dcbungen\",\"publisher\":{\"@id\":\"https:\\\/\\\/nurlernen.de\\\/biologie\\\/#organization\"},\"potentialAction\":[{\"@type\":\"SearchAction\",\"target\":{\"@type\":\"EntryPoint\",\"urlTemplate\":\"https:\\\/\\\/nurlernen.de\\\/biologie\\\/?s={search_term_string}\"},\"query-input\":{\"@type\":\"PropertyValueSpecification\",\"valueRequired\":true,\"valueName\":\"search_term_string\"}}],\"inLanguage\":\"de\"},{\"@type\":\"Organization\",\"@id\":\"https:\\\/\\\/nurlernen.de\\\/biologie\\\/#organization\",\"name\":\"Biologie Lernen\",\"url\":\"https:\\\/\\\/nurlernen.de\\\/biologie\\\/\",\"logo\":{\"@type\":\"ImageObject\",\"inLanguage\":\"de\",\"@id\":\"https:\\\/\\\/nurlernen.de\\\/biologie\\\/#\\\/schema\\\/logo\\\/image\\\/\",\"url\":\"https:\\\/\\\/nurlernen.de\\\/biologie\\\/wp-content\\\/uploads\\\/sites\\\/2\\\/2025\\\/07\\\/cropped-zellkern.png\",\"contentUrl\":\"https:\\\/\\\/nurlernen.de\\\/biologie\\\/wp-content\\\/uploads\\\/sites\\\/2\\\/2025\\\/07\\\/cropped-zellkern.png\",\"width\":512,\"height\":512,\"caption\":\"Biologie Lernen\"},\"image\":{\"@id\":\"https:\\\/\\\/nurlernen.de\\\/biologie\\\/#\\\/schema\\\/logo\\\/image\\\/\"},\"sameAs\":[\"https:\\\/\\\/www.instagram.com\\\/nurlernen.de\\\/\"]}]}<\/script>\n<!-- \/ Yoast SEO plugin. -->","yoast_head_json":{"title":"Biologie Textsammlung","description":"Biologie verst\u00e4ndlich erkl\u00e4rt. Verbessere deine Noten in unserer Textsammlung und mit \u00fcber 1000 kostenlose Fragen zu Biologie-Themen.","robots":{"index":"index","follow":"follow","max-snippet":"max-snippet:-1","max-image-preview":"max-image-preview:large","max-video-preview":"max-video-preview:-1"},"canonical":"https:\/\/nurlernen.de\/biologie\/biologie-artikel\/","og_locale":"de_DE","og_type":"article","og_title":"Biologie Textsammlung","og_description":"Biologie verst\u00e4ndlich erkl\u00e4rt. Verbessere deine Noten in unserer Textsammlung und mit \u00fcber 1000 kostenlose Fragen zu Biologie-Themen.","og_url":"https:\/\/nurlernen.de\/biologie\/biologie-artikel\/","og_site_name":"Biologie verstehen","article_modified_time":"2025-11-19T11:16:16+00:00","og_image":[{"width":256,"height":256,"url":"https:\/\/nurlernen.de\/biologie\/wp-content\/uploads\/sites\/2\/2025\/11\/books_icon.png","type":"image\/png"}],"twitter_card":"summary_large_image","twitter_misc":{"Gesch\u00e4tzte Lesezeit":"3\u00a0Minuten"},"schema":{"@context":"https:\/\/schema.org","@graph":[{"@type":"WebPage","@id":"https:\/\/nurlernen.de\/biologie\/biologie-artikel\/","url":"https:\/\/nurlernen.de\/biologie\/biologie-artikel\/","name":"Biologie Textsammlung","isPartOf":{"@id":"https:\/\/nurlernen.de\/biologie\/#website"},"primaryImageOfPage":{"@id":"https:\/\/nurlernen.de\/biologie\/biologie-artikel\/#primaryimage"},"image":{"@id":"https:\/\/nurlernen.de\/biologie\/biologie-artikel\/#primaryimage"},"thumbnailUrl":"https:\/\/nurlernen.de\/biologie\/wp-content\/uploads\/sites\/2\/2025\/11\/books_icon.png","datePublished":"2025-08-12T06:24:40+00:00","dateModified":"2025-11-19T11:16:16+00:00","description":"Biologie verst\u00e4ndlich erkl\u00e4rt. Verbessere deine Noten in unserer Textsammlung und mit \u00fcber 1000 kostenlose Fragen zu Biologie-Themen.","breadcrumb":{"@id":"https:\/\/nurlernen.de\/biologie\/biologie-artikel\/#breadcrumb"},"inLanguage":"de","potentialAction":[{"@type":"ReadAction","target":["https:\/\/nurlernen.de\/biologie\/biologie-artikel\/"]}]},{"@type":"ImageObject","inLanguage":"de","@id":"https:\/\/nurlernen.de\/biologie\/biologie-artikel\/#primaryimage","url":"https:\/\/nurlernen.de\/biologie\/wp-content\/uploads\/sites\/2\/2025\/11\/books_icon.png","contentUrl":"https:\/\/nurlernen.de\/biologie\/wp-content\/uploads\/sites\/2\/2025\/11\/books_icon.png","width":256,"height":256},{"@type":"BreadcrumbList","@id":"https:\/\/nurlernen.de\/biologie\/biologie-artikel\/#breadcrumb","itemListElement":[{"@type":"ListItem","position":1,"name":"Startseite","item":"https:\/\/nurlernen.de\/biologie\/"},{"@type":"ListItem","position":2,"name":"Biologie Textsammlung"}]},{"@type":"WebSite","@id":"https:\/\/nurlernen.de\/biologie\/#website","url":"https:\/\/nurlernen.de\/biologie\/","name":"Biologie Lernen","description":"\u00dcber 1000 kostenlose \u00dcbungen","publisher":{"@id":"https:\/\/nurlernen.de\/biologie\/#organization"},"potentialAction":[{"@type":"SearchAction","target":{"@type":"EntryPoint","urlTemplate":"https:\/\/nurlernen.de\/biologie\/?s={search_term_string}"},"query-input":{"@type":"PropertyValueSpecification","valueRequired":true,"valueName":"search_term_string"}}],"inLanguage":"de"},{"@type":"Organization","@id":"https:\/\/nurlernen.de\/biologie\/#organization","name":"Biologie Lernen","url":"https:\/\/nurlernen.de\/biologie\/","logo":{"@type":"ImageObject","inLanguage":"de","@id":"https:\/\/nurlernen.de\/biologie\/#\/schema\/logo\/image\/","url":"https:\/\/nurlernen.de\/biologie\/wp-content\/uploads\/sites\/2\/2025\/07\/cropped-zellkern.png","contentUrl":"https:\/\/nurlernen.de\/biologie\/wp-content\/uploads\/sites\/2\/2025\/07\/cropped-zellkern.png","width":512,"height":512,"caption":"Biologie Lernen"},"image":{"@id":"https:\/\/nurlernen.de\/biologie\/#\/schema\/logo\/image\/"},"sameAs":["https:\/\/www.instagram.com\/nurlernen.de\/"]}]}},"_links":{"self":[{"href":"https:\/\/nurlernen.de\/biologie\/wp-json\/wp\/v2\/pages\/2929","targetHints":{"allow":["GET"]}}],"collection":[{"href":"https:\/\/nurlernen.de\/biologie\/wp-json\/wp\/v2\/pages"}],"about":[{"href":"https:\/\/nurlernen.de\/biologie\/wp-json\/wp\/v2\/types\/page"}],"author":[{"embeddable":true,"href":"https:\/\/nurlernen.de\/biologie\/wp-json\/wp\/v2\/users\/1"}],"replies":[{"embeddable":true,"href":"https:\/\/nurlernen.de\/biologie\/wp-json\/wp\/v2\/comments?post=2929"}],"version-history":[{"count":27,"href":"https:\/\/nurlernen.de\/biologie\/wp-json\/wp\/v2\/pages\/2929\/revisions"}],"predecessor-version":[{"id":3259,"href":"https:\/\/nurlernen.de\/biologie\/wp-json\/wp\/v2\/pages\/2929\/revisions\/3259"}],"wp:attachment":[{"href":"https:\/\/nurlernen.de\/biologie\/wp-json\/wp\/v2\/media?parent=2929"}],"curies":[{"name":"wp","href":"https:\/\/api.w.org\/{rel}","templated":true}]}}