{"id":976,"date":"2021-04-01T21:26:26","date_gmt":"2021-04-01T19:26:26","guid":{"rendered":"https:\/\/www.niemma.de\/shop\/?page_id=976"},"modified":"2025-11-13T10:04:23","modified_gmt":"2025-11-13T09:04:23","slug":"oekologie","status":"publish","type":"page","link":"https:\/\/nurlernen.de\/biologie\/oekologie\/","title":{"rendered":"\u00d6kologie"},"content":{"rendered":"<p>Organismen leben in st\u00e4ndiger Wechselwirkung mit ihrer Umwelt und die \u00d6kologie untersucht genau diese Wechselwirkungen. In diesem Beitrag werden wir folgende Punkte besprechen:<\/p>\n<ol>\n<li>Womit befasst sich die \u00d6kologie?<\/li>\n<li>Was sind Toleranzkurven und wie interpretiert man diese?<\/li>\n<li>Welche Abiotische Umweltfaktoren gibt es?<\/li>\n<li>Welche Biotische Umweltfaktoren gibt es?<\/li>\n<\/ol>\n<h3>Womit befasst sich die \u00d6kologie?<\/h3>\n<p>In der Aut\u00f6kologie befassen wir uns mit der Wechselwirkung eines Organismus mit seiner Umwelt. Dabei m\u00f6chte man wissen, wie ein Organismus auf Ver\u00e4nderungen der Umwelteinfl\u00fcsse reagiert. Hierf\u00fcr werden Toleranzen und Reaktionsnormen der Organismen bez\u00fcglich der jeweiligen Umweltfaktoren untersucht.<\/p>\n<h4>Organisationseinheiten der Biosph\u00e4re<\/h4>\n<p>In der \u00d6kologie bildet ein Individuum die kleinste bzw. unterste Betrachtungseinheit. Auf dieser Ebene interessieren uns die Wechselwirkung von Individuen einer Art mit physikalischen (abiotischen) und lebendigen (biotischen) Umweltfaktoren.<\/p>\n<p>Frage: Bildet ein Individuum nicht immer die kleinste Betrachtungseinheit?<br \/>\nNicht unbedingt. In der Zellbiologie bilden die Makromolek\u00fcle und Zellorganelle die unterste Betrachtungseinheit. In der Genetik sind es Basentripletts und Gene, w\u00e4hrend bei der Evolutionstheorie einzelne Populationen untersucht werden.<\/p>\n<p>Individuen einer Art, die in einem geographisch begrenzten Gebiet leben, bilden eine Population. Eine Besonderheit von Populationen ist, dass sich ihre Individuen unter einander fortpflanzen k\u00f6nnen. Es ist klar, dass die biotischen und abiotischen Faktoren einen gro\u00dfen Einfluss auf die Individuenzahl einer Population haben k\u00f6nnen. Wenn es richtig schlimm l\u00e4uft, kann die Population sogar aussterben.<\/p>\n<h4>Wie werden die entsprechenden Forschungsgebiete der \u00d6kologie genannt?<\/h4>\n<p>Die Aut\u00f6kologie befasst sich mit der Wechselwirkung eines Individuums mit seiner Umwelt.<\/p>\n<p>Die Populations\u00f6kologie hingegen befasst sich mit der Wechselwirkung der Population mit den abiotischen und biotischen Umweltfaktoren.<\/p>\n<p>Eine Lebensgemeinschaft (Biozon\u00f6se) ist die Ansammlung der Populationen von allen Arten, die im gleichen Lebensraum (Biotop) leben, z. B. in einem See. Alle Tier- und Pflanzen-Populationen, die in einem See leben, bilden also eine Lebensgemeinschaft (Biozon\u00f6se). Der See (ohne die Organismen) w\u00e4re dann das Biotop.<\/p>\n<p>Und was ist ein \u00d6kosystem?<\/p>\n<p>Ganz einfach! \u00d6kosystem = Biotop + Biozon\u00f6se. In unserem Beispiel bildet der See mit allen in ihm lebenden Organismen ein \u00d6kosystem. Mehrere \u00d6kosysteme bilden ein Biom und alle Biome des Planeten bilden die Biosph\u00e4re.<\/p>\n<h3>Was sind Toleranzkurven und wie interpretiert man diese?<\/h3>\n<p>Die \u00d6kologie befasst sich mit der Wechselwirkung von Organismen mit ihrer Umgebung. Dabei k\u00f6nnen diese Umgebungsfaktoren sowohl physikalische Faktoren als auch andere lebende Organismen sein.<\/p>\n<p>Die Naturwissenschaften treffen ihre Aussagen durch Experimente mit messbaren Gr\u00f6\u00dfen. Um die Einfl\u00fcsse der Umweltfaktoren auf Organismen studieren zu k\u00f6nnen, m\u00fcssen diese zuerst messbar gemacht werden. Eine M\u00f6glichkeit hierzu ist die Messung der Reaktion eines Organismus auf Ver\u00e4nderungen von Umweltfaktoren.<\/p>\n<p>Ein Beispiel: verschiedene Pflanzenarten ben\u00f6tigen unterschiedlich viel Wasser um zu \u00fcberleben. Wenn wir nun die Menge des Wassers ver\u00e4ndern, reagieren diese Pflanzen unterschiedlich. Einige wachsen und produzieren Bl\u00fcten, einige welken und einige k\u00f6nnen dabei sogar darauf gehen (sterben).<\/p>\n<p>Wenn man die Aktivit\u00e4t eines Organismus f\u00fcr unterschiedliche Werte eines Umweltfaktors aufzeichnet, erh\u00e4lt man eine sogenannte Toleranzkurve.<\/p>\n<figure id=\"attachment_990\" aria-describedby=\"caption-attachment-990\" style=\"width: 246px\" class=\"wp-caption alignright\"><img decoding=\"async\" class=\"wp-image-990 size-medium\" src=\"https:\/\/nurlernen.de\/biologie\/wp-content\/uploads\/sites\/2\/2025\/07\/toleranz.png\" alt=\"Toleranz\" width=\"256\" \/><figcaption id=\"caption-attachment-990\" class=\"wp-caption-text\">Schematische Darstellung einer Toleranzkurve.<\/figcaption><\/figure>\n<p>Was ist hier mit Aktivit\u00e4t gemeint?<\/p>\n<p>Die Aktivit\u00e4t ist hier kein klar definierter Begriff. Es kann z. B. die Beweglichkeit von Organismen oder ihre Stoffwechselrate (z. B. Energieproduktion bzw. Energieverbrauch) darstellen.<\/p>\n<p>Die Idealform einer Toleranzkurve stellt eine Glocke, die nach unten ge\u00f6ffnet ist. In der Regel aber ist die Toleranzkurve entsprechend verformt und nicht symmetrisch.<\/p>\n<p>Der Bereich um die niedrigsten Werte des Umweltfaktors nennt man das Minimum. Dieser Bereich ist mit einem A in der Abbildung dargestellt. In diesem Bereich ist die Aktivit\u00e4t eines Organismus extrem niedrig. Einige Lebewesen k\u00f6nnen f\u00fcr kurze Zeit in diesem Bereich \u00fcberleben. Dauert dies l\u00e4nger an, so f\u00fchrt dies zum Tod des Organismus. Der Bereich um das Minimum wird auch als das Pessimum bezeichnet.<\/p>\n<p>Der Bereich um die h\u00f6chsten Werte des Umweltfaktors nennt man das Maximum. Dieser Bereich ist mit einem D in der Abbildung dargestellt. In diesem Bereich ist die Aktivit\u00e4t eines Organismus extrem niedrig. Einige Lebewesen k\u00f6nnen f\u00fcr kurze Zeit in diesem Bereich \u00fcberleben. Dauert dies l\u00e4nger an, so f\u00fchrt dies zum Tod des Organismus. Der Bereich um das Maximum wird auch als das Pessimum bezeichnet.<\/p>\n<p>Der Bereich mit der h\u00f6chsten Aktivit\u00e4t des Organismus nennt man das Optimum. Dieser Bereich ist mit einem F in der Abbildung dargestellt. Dieser Bereich liegt immer zwischen dem Maximum und dem Minimum (aber nicht zwangsl\u00e4ufig exakt in deren Mittelpunkt!).<\/p>\n<p>Der Bereich mit der h\u00f6chsten Aktivit\u00e4t des Organismus nennt man das Optimum. Organismen tendieren dazu sich in den Bereichen aufzuhalten, wo optimale Umweltfaktoren herrschen. Diese Bereiche um das Optimum einer Toleranzkurve bezeichnet man als den Vorzugsbereich oder auch den Pr\u00e4ferenzbereich (Pr\u00e4ferendum). Dieser Bereich befindet sich in der Abbildung zwischen G und H.<\/p>\n<p>Der Bereich zwischen dem Minimum und dem Maximum wird als der Toleranzbereich bezeichnet. Organismen mit einer breiten Toleranzkurve bezeichnet man als eury\u00f6k (gelbe Kurve). Ist die Toleranzkurve schmaler, dann spricht man von sten\u00f6ken Arten (gr\u00fcne Kurve).<\/p>\n<p>Die Toleranz wird in der \u00d6kologie auch als die Potenz einer Art bezeichnet. Jetzt kommen wir aus unserem Labor heraus und untersuchen die Organismen in ihrer Umwelt. Wird nun eine einzelne Art ohne andere Arten betrachtet spricht man von der physiologischen Potenz (gelbe Kurve). Es stellt sich aber heraus, dass sich (in der Realit\u00e4t) eine Art immer mit anderen Arten in Konkurrenz befindet. Daraus ergibt sich eine schmalere Toleranzkurve, die jetzt auch die biotischen Faktoren mitber\u00fccksichtigt. Diese Toleranz einer Art in ihrer nat\u00fcrlichen Umgebung wird als die \u00f6kologische Potenz bezeichnet (gr\u00fcne Kurve).<\/p>\n<h4>Was sind Zeigerarten?<\/h4>\n<p>Da sten\u00f6ke Arten eine schmale \u00f6kologische Potenz haben, kann ihr Vorkommen dazu verwendet werden, um R\u00fcckschl\u00fcsse auf die vorherrschenden Umweltbedingungen zu ziehen. Dies ist sehr \u00e4hnlich zur Verwendung von Leitfossilien zur Bestimmung des relativen Alters geologischer Schichten (s. Evolutionstheorie). Solche Organismen werden als Zeigerorganismen oder Bioindikatoren bezeichnet. Was glaubst du, welche der gezeigten Kurven in der Abbildung (gelb oder gr\u00fcn) passt besser zu einem Zeigerorganismus?<\/p>\n<p>Die gelbe Toleranzkurve geh\u00f6rt einem eury\u00f6ken Organismus. Diese sind nicht als Bioindikatoren geeignet.<\/p>\n<p>Die gr\u00fcne Toleranzkurve geh\u00f6rt einem sten\u00f6ken Organismus. Diese sind gut als Bioindikatoren geeignet.<\/p>\n<h3>Was ist besser? Eury\u00f6k oder Sten\u00f6k?<\/h3>\n<p>Das h\u00e4ngt von der Umwelt ab! Obwohl eury\u00f6ke Arten flexibler gegen Umweltver\u00e4nderungen reagieren und Schwankungen der abiotischen Faktoren gut aushalten, sind sie i. d. R. den gut angepassten und spezialisierten sten\u00f6ken Arten unterlegen. In Zeiten gr\u00f6\u00dfer Schwankungen der Umweltfaktoren sind eury\u00f6ke Arten bevorzugt. In Zeiten der stabilen Umweltbedingungen haben sten\u00f6ke Arten bessere Chancen. (Merk dir das f\u00fcr die Evolutionstheorie)<\/p>\n<h3>Welche Abiotische Umweltfaktoren gibt es?<\/h3>\n<p>Abiotische Umweltfaktoren, sind physikalische (nicht-lebendige) Umweltfaktoren. Dazu z\u00e4hlen Temperatur, Sonnenlicht, Wasser, pH-Wert u. v. m. Durch Studium der Wechselwirkung von Arten mit diesen abiotischen Faktoren, k\u00f6nnen Wissenschaftler vieles \u00fcber die Verbreitung und den Lebensraum von Organismen lernen.<\/p>\n<ul>\n<li><a href=\"https:\/\/nurlernen.de\/biologie\/der-umweltfaktor-temperatur\/\">Temperatur<\/a><\/li>\n<\/ul>\n<h3>Welche Biotische Umweltfaktoren gibt es?<\/h3>\n<p>Biotische Umweltfaktoren, sind lebende Umweltfaktoren, also andere Lebewesen. Dazu z\u00e4hlen Individuen der gleichen Art, sowie R\u00e4uber- bzw. Beutetieren. Auch Parasiten z\u00e4hlen zu den biotischen Faktoren. Durch Studium der Wechselwirkung von Arten mit diesen biotischen Faktoren, k\u00f6nnen Wissenschaftler vieles \u00fcber die Lebensweisen und den Lebensraum von Organismen lernen.<\/p>\n\n\n<p><button onclick=\"location.href='https:\/\/nurlernen.de\/biologie\/biologie-inhalte\/'\">Lernbereich<\/button>\r\n<button onclick=\"location.href='https:\/\/nurlernen.de\/biologie\/biologie-akademie\/'\">Biologie Akademie<\/button>\r\n<!--button onclick=\"location.href='https:\/\/nurlernen.de\/biologie\/biologie-lernkontrolle\/'\">Lernkontrolle<\/button-->\r\n<!--button onclick=\"location.href='\/biologie-fragenkatalog'\"&gt;Fragenkatalog (F\u00fcr Lehrer)&lt;\/button-->\r\n<\/p>\n","protected":false},"excerpt":{"rendered":"<p>Organismen leben in st\u00e4ndiger Wechselwirkung mit ihrer Umwelt und die \u00d6kologie untersucht genau diese Wechselwirkungen. In diesem Beitrag werden wir folgende Punkte besprechen: Womit befasst sich die \u00d6kologie? Was sind Toleranzkurven und wie interpretiert man diese? Welche Abiotische Umweltfaktoren gibt es? Welche Biotische Umweltfaktoren gibt es? Womit befasst sich die \u00d6kologie? In der Aut\u00f6kologie befassen &#8230; <a title=\"\u00d6kologie\" class=\"read-more\" href=\"https:\/\/nurlernen.de\/biologie\/oekologie\/\" aria-label=\"Mehr Informationen \u00fcber \u00d6kologie\">Weiterlesen<\/a><\/p>\n","protected":false},"author":1,"featured_media":0,"parent":0,"menu_order":0,"comment_status":"open","ping_status":"closed","template":"","meta":{"footnotes":""},"class_list":["post-976","page","type-page","status-publish"],"yoast_head":"<!-- This site is optimized with the Yoast SEO plugin v27.5 - https:\/\/yoast.com\/product\/yoast-seo-wordpress\/ -->\n<title>\u00d6kologie einfach erkl\u00e4rt mit Beispielen<\/title>\n<meta name=\"description\" content=\"In der Aut\u00f6kologie befassen wir uns mit der Wechselwirkung eines Organismus mit seiner Umwelt und wie Organismen auf Ver\u00e4nderungen reagiert.\" \/>\n<meta name=\"robots\" content=\"index, follow, max-snippet:-1, max-image-preview:large, max-video-preview:-1\" \/>\n<link rel=\"canonical\" href=\"https:\/\/nurlernen.de\/biologie\/oekologie\/\" \/>\n<meta property=\"og:locale\" content=\"de_DE\" \/>\n<meta property=\"og:type\" content=\"article\" \/>\n<meta property=\"og:title\" content=\"\u00d6kologie einfach erkl\u00e4rt mit Beispielen\" \/>\n<meta property=\"og:description\" content=\"In der Aut\u00f6kologie befassen wir uns mit der Wechselwirkung eines Organismus mit seiner Umwelt und wie Organismen auf Ver\u00e4nderungen reagiert.\" \/>\n<meta property=\"og:url\" content=\"https:\/\/nurlernen.de\/biologie\/oekologie\/\" \/>\n<meta property=\"og:site_name\" content=\"Biologie verstehen\" \/>\n<meta property=\"article:modified_time\" content=\"2025-11-13T09:04:23+00:00\" \/>\n<meta name=\"twitter:card\" content=\"summary_large_image\" \/>\n<meta name=\"twitter:label1\" content=\"Gesch\u00e4tzte Lesezeit\" \/>\n\t<meta name=\"twitter:data1\" content=\"7\u00a0Minuten\" \/>\n<script type=\"application\/ld+json\" class=\"yoast-schema-graph\">{\"@context\":\"https:\\\/\\\/schema.org\",\"@graph\":[{\"@type\":\"WebPage\",\"@id\":\"https:\\\/\\\/nurlernen.de\\\/biologie\\\/oekologie\\\/\",\"url\":\"https:\\\/\\\/nurlernen.de\\\/biologie\\\/oekologie\\\/\",\"name\":\"\u00d6kologie einfach erkl\u00e4rt mit Beispielen\",\"isPartOf\":{\"@id\":\"https:\\\/\\\/nurlernen.de\\\/biologie\\\/#website\"},\"primaryImageOfPage\":{\"@id\":\"https:\\\/\\\/nurlernen.de\\\/biologie\\\/oekologie\\\/#primaryimage\"},\"image\":{\"@id\":\"https:\\\/\\\/nurlernen.de\\\/biologie\\\/oekologie\\\/#primaryimage\"},\"thumbnailUrl\":\"https:\\\/\\\/nurlernen.de\\\/biologie\\\/wp-content\\\/uploads\\\/sites\\\/2\\\/2025\\\/07\\\/toleranz.png\",\"datePublished\":\"2021-04-01T19:26:26+00:00\",\"dateModified\":\"2025-11-13T09:04:23+00:00\",\"description\":\"In der Aut\u00f6kologie befassen wir uns mit der Wechselwirkung eines Organismus mit seiner Umwelt und wie Organismen auf Ver\u00e4nderungen reagiert.\",\"breadcrumb\":{\"@id\":\"https:\\\/\\\/nurlernen.de\\\/biologie\\\/oekologie\\\/#breadcrumb\"},\"inLanguage\":\"de\",\"potentialAction\":[{\"@type\":\"ReadAction\",\"target\":[\"https:\\\/\\\/nurlernen.de\\\/biologie\\\/oekologie\\\/\"]}]},{\"@type\":\"ImageObject\",\"inLanguage\":\"de\",\"@id\":\"https:\\\/\\\/nurlernen.de\\\/biologie\\\/oekologie\\\/#primaryimage\",\"url\":\"\",\"contentUrl\":\"\"},{\"@type\":\"BreadcrumbList\",\"@id\":\"https:\\\/\\\/nurlernen.de\\\/biologie\\\/oekologie\\\/#breadcrumb\",\"itemListElement\":[{\"@type\":\"ListItem\",\"position\":1,\"name\":\"Startseite\",\"item\":\"https:\\\/\\\/nurlernen.de\\\/biologie\\\/\"},{\"@type\":\"ListItem\",\"position\":2,\"name\":\"\u00d6kologie\"}]},{\"@type\":\"WebSite\",\"@id\":\"https:\\\/\\\/nurlernen.de\\\/biologie\\\/#website\",\"url\":\"https:\\\/\\\/nurlernen.de\\\/biologie\\\/\",\"name\":\"Biologie Lernen\",\"description\":\"\u00dcber 1000 kostenlose \u00dcbungen\",\"publisher\":{\"@id\":\"https:\\\/\\\/nurlernen.de\\\/biologie\\\/#organization\"},\"potentialAction\":[{\"@type\":\"SearchAction\",\"target\":{\"@type\":\"EntryPoint\",\"urlTemplate\":\"https:\\\/\\\/nurlernen.de\\\/biologie\\\/?s={search_term_string}\"},\"query-input\":{\"@type\":\"PropertyValueSpecification\",\"valueRequired\":true,\"valueName\":\"search_term_string\"}}],\"inLanguage\":\"de\"},{\"@type\":\"Organization\",\"@id\":\"https:\\\/\\\/nurlernen.de\\\/biologie\\\/#organization\",\"name\":\"Biologie Lernen\",\"url\":\"https:\\\/\\\/nurlernen.de\\\/biologie\\\/\",\"logo\":{\"@type\":\"ImageObject\",\"inLanguage\":\"de\",\"@id\":\"https:\\\/\\\/nurlernen.de\\\/biologie\\\/#\\\/schema\\\/logo\\\/image\\\/\",\"url\":\"https:\\\/\\\/nurlernen.de\\\/biologie\\\/wp-content\\\/uploads\\\/sites\\\/2\\\/2025\\\/07\\\/cropped-zellkern.png\",\"contentUrl\":\"https:\\\/\\\/nurlernen.de\\\/biologie\\\/wp-content\\\/uploads\\\/sites\\\/2\\\/2025\\\/07\\\/cropped-zellkern.png\",\"width\":512,\"height\":512,\"caption\":\"Biologie Lernen\"},\"image\":{\"@id\":\"https:\\\/\\\/nurlernen.de\\\/biologie\\\/#\\\/schema\\\/logo\\\/image\\\/\"},\"sameAs\":[\"https:\\\/\\\/www.instagram.com\\\/nurlernen.de\\\/\"]}]}<\/script>\n<!-- \/ Yoast SEO plugin. -->","yoast_head_json":{"title":"\u00d6kologie einfach erkl\u00e4rt mit Beispielen","description":"In der Aut\u00f6kologie befassen wir uns mit der Wechselwirkung eines Organismus mit seiner Umwelt und wie Organismen auf Ver\u00e4nderungen reagiert.","robots":{"index":"index","follow":"follow","max-snippet":"max-snippet:-1","max-image-preview":"max-image-preview:large","max-video-preview":"max-video-preview:-1"},"canonical":"https:\/\/nurlernen.de\/biologie\/oekologie\/","og_locale":"de_DE","og_type":"article","og_title":"\u00d6kologie einfach erkl\u00e4rt mit Beispielen","og_description":"In der Aut\u00f6kologie befassen wir uns mit der Wechselwirkung eines Organismus mit seiner Umwelt und wie Organismen auf Ver\u00e4nderungen reagiert.","og_url":"https:\/\/nurlernen.de\/biologie\/oekologie\/","og_site_name":"Biologie verstehen","article_modified_time":"2025-11-13T09:04:23+00:00","twitter_card":"summary_large_image","twitter_misc":{"Gesch\u00e4tzte Lesezeit":"7\u00a0Minuten"},"schema":{"@context":"https:\/\/schema.org","@graph":[{"@type":"WebPage","@id":"https:\/\/nurlernen.de\/biologie\/oekologie\/","url":"https:\/\/nurlernen.de\/biologie\/oekologie\/","name":"\u00d6kologie einfach erkl\u00e4rt mit Beispielen","isPartOf":{"@id":"https:\/\/nurlernen.de\/biologie\/#website"},"primaryImageOfPage":{"@id":"https:\/\/nurlernen.de\/biologie\/oekologie\/#primaryimage"},"image":{"@id":"https:\/\/nurlernen.de\/biologie\/oekologie\/#primaryimage"},"thumbnailUrl":"https:\/\/nurlernen.de\/biologie\/wp-content\/uploads\/sites\/2\/2025\/07\/toleranz.png","datePublished":"2021-04-01T19:26:26+00:00","dateModified":"2025-11-13T09:04:23+00:00","description":"In der Aut\u00f6kologie befassen wir uns mit der Wechselwirkung eines Organismus mit seiner Umwelt und wie Organismen auf Ver\u00e4nderungen reagiert.","breadcrumb":{"@id":"https:\/\/nurlernen.de\/biologie\/oekologie\/#breadcrumb"},"inLanguage":"de","potentialAction":[{"@type":"ReadAction","target":["https:\/\/nurlernen.de\/biologie\/oekologie\/"]}]},{"@type":"ImageObject","inLanguage":"de","@id":"https:\/\/nurlernen.de\/biologie\/oekologie\/#primaryimage","url":"","contentUrl":""},{"@type":"BreadcrumbList","@id":"https:\/\/nurlernen.de\/biologie\/oekologie\/#breadcrumb","itemListElement":[{"@type":"ListItem","position":1,"name":"Startseite","item":"https:\/\/nurlernen.de\/biologie\/"},{"@type":"ListItem","position":2,"name":"\u00d6kologie"}]},{"@type":"WebSite","@id":"https:\/\/nurlernen.de\/biologie\/#website","url":"https:\/\/nurlernen.de\/biologie\/","name":"Biologie Lernen","description":"\u00dcber 1000 kostenlose \u00dcbungen","publisher":{"@id":"https:\/\/nurlernen.de\/biologie\/#organization"},"potentialAction":[{"@type":"SearchAction","target":{"@type":"EntryPoint","urlTemplate":"https:\/\/nurlernen.de\/biologie\/?s={search_term_string}"},"query-input":{"@type":"PropertyValueSpecification","valueRequired":true,"valueName":"search_term_string"}}],"inLanguage":"de"},{"@type":"Organization","@id":"https:\/\/nurlernen.de\/biologie\/#organization","name":"Biologie Lernen","url":"https:\/\/nurlernen.de\/biologie\/","logo":{"@type":"ImageObject","inLanguage":"de","@id":"https:\/\/nurlernen.de\/biologie\/#\/schema\/logo\/image\/","url":"https:\/\/nurlernen.de\/biologie\/wp-content\/uploads\/sites\/2\/2025\/07\/cropped-zellkern.png","contentUrl":"https:\/\/nurlernen.de\/biologie\/wp-content\/uploads\/sites\/2\/2025\/07\/cropped-zellkern.png","width":512,"height":512,"caption":"Biologie Lernen"},"image":{"@id":"https:\/\/nurlernen.de\/biologie\/#\/schema\/logo\/image\/"},"sameAs":["https:\/\/www.instagram.com\/nurlernen.de\/"]}]}},"_links":{"self":[{"href":"https:\/\/nurlernen.de\/biologie\/wp-json\/wp\/v2\/pages\/976","targetHints":{"allow":["GET"]}}],"collection":[{"href":"https:\/\/nurlernen.de\/biologie\/wp-json\/wp\/v2\/pages"}],"about":[{"href":"https:\/\/nurlernen.de\/biologie\/wp-json\/wp\/v2\/types\/page"}],"author":[{"embeddable":true,"href":"https:\/\/nurlernen.de\/biologie\/wp-json\/wp\/v2\/users\/1"}],"replies":[{"embeddable":true,"href":"https:\/\/nurlernen.de\/biologie\/wp-json\/wp\/v2\/comments?post=976"}],"version-history":[{"count":5,"href":"https:\/\/nurlernen.de\/biologie\/wp-json\/wp\/v2\/pages\/976\/revisions"}],"predecessor-version":[{"id":2884,"href":"https:\/\/nurlernen.de\/biologie\/wp-json\/wp\/v2\/pages\/976\/revisions\/2884"}],"wp:attachment":[{"href":"https:\/\/nurlernen.de\/biologie\/wp-json\/wp\/v2\/media?parent=976"}],"curies":[{"name":"wp","href":"https:\/\/api.w.org\/{rel}","templated":true}]}}