{"id":997,"date":"2021-04-02T17:21:54","date_gmt":"2021-04-02T15:21:54","guid":{"rendered":"https:\/\/www.niemma.de\/shop\/?page_id=997"},"modified":"2025-09-23T10:41:33","modified_gmt":"2025-09-23T08:41:33","slug":"evolutionstheorie","status":"publish","type":"page","link":"https:\/\/nurlernen.de\/biologie\/evolutionstheorie\/","title":{"rendered":"Was ist die Evolutionstheorie?"},"content":{"rendered":"<p>Herzlichen Gl\u00fcckwunsch! Du, ich, alle Tiere und Pflanzen und sogar die kleinsten Einzeller und Bakterien, die heute und in diesem Moment auf der Erde leben, sind die gl\u00fccklichen Gewinner! Sie alle sind das Produkt von ca. 4 Milliarden Jahren anhaltender gnadenloser Evolution.<br \/>Du begreifst dein Gl\u00fcck noch nicht ganz?<br \/>Seit der Entstehung des Lebens vor ca. 4 Milliarden Jahren, haben es unsere Vorfahren geschafft &#8211; trotz vernichtendem Vulkanismus, verheerenden Asteroideneinschl\u00e4gen, Treibhauskatastrophen, Eiszeiten, erbitterten Hungersn\u00f6ten, D\u00fcrren, gnadenlosen Fressfeinden und vielen weiteren t\u00f6dlichen Hindernissen &#8211; die Lebenslinie bis zu deiner Geburt aufrechtzuerhalten, w\u00e4hrend ca. 99,99% der Lebewesen auf diesem Weg nicht erfolgreich waren. Das Leben ist das kostbarste, was unsere Welt und unser Planet hervorgebracht hat!<\/p>\n<p><a href=\"https:\/\/www.onezoom.org\/life.html\" target=\"_blank\" rel=\"noopener\">Hier kannst du die Artenvielfalt und die Verwandtschaftsbeziehungen von Organismen zueinander bewundern.<\/a><\/p>\n<p>Die Evolutionstheorie ist durch die intensive Beobachtung der Natur und der Artenvielfalt entstanden. Je mehr Arten man entdeckt und je detaillierter man den K\u00f6rperbau und die Funktionsweise von Organen studiert, desto logischer erscheint die Idee, dass die unterschiedlichen Arten zu gro\u00dfe Gemeinsamkeiten besitzen, um v\u00f6llig zuf\u00e4llig und unabh\u00e4ngig voneinander entstanden zu sein.<\/p>\n<p>Die Evolutionstheorie ist die Antwort diverse Fragen der biologischen Vielfalt, wie z. B.:<\/p>\n<ul>\n<li>Warum haben wir zwei Arme und zwei Augen?<\/li>\n<li>Warum haben wir 5 Finger an jeder Hand und nicht 7 oder 8?\u00a0<\/li>\n<\/ul>\n<p>und vieles Mehr.<\/p>\n<p>Im Folgenden schauen wir uns einige Beweise und Hinweise f\u00fcr die Evolutionstheorie an.<\/p>\n<ul>\n<li><a href=\"https:\/\/nurlernen.de\/biologie\/evolutionshinweise-aus-der-palaeontologie\/\">Hinweise aus der Pal\u00e4ontologie<\/a><\/li>\n<li><a href=\"https:\/\/nurlernen.de\/biologie\/evolutionshinweise-aus-der-morphologie\/\">Hinweise aus der Morphologie<\/a><\/li>\n<li>Hinweise aus der Biogeographie\n<ul>\n<li>Die Biogeographie besch\u00e4ftigt sich u. a. mit der Verbreitung von Tieren und Pflanzen und versucht das Vorkommen dieser Organismen in unterschiedlichen Lebensr\u00e4umen zu erkl\u00e4ren.<\/li>\n<\/ul>\n<\/li>\n<\/ul>\n\n\n<p><button onclick=\"location.href='https:\/\/nurlernen.de\/biologie\/biologie-inhalte\/'\">Lernbereich<\/button>\r\n<button onclick=\"location.href='https:\/\/nurlernen.de\/biologie\/biologie-akademie\/'\">Biologie Akademie<\/button>\r\n<!--button onclick=\"location.href='https:\/\/nurlernen.de\/biologie\/biologie-lernkontrolle\/'\">Lernkontrolle<\/button-->\r\n<!--button onclick=\"location.href='\/biologie-fragenkatalog'\"&gt;Fragenkatalog (F\u00fcr Lehrer)&lt;\/button-->\r\n<\/p>\n","protected":false},"excerpt":{"rendered":"<p>Herzlichen Gl\u00fcckwunsch! Du, ich, alle Tiere und Pflanzen und sogar die kleinsten Einzeller und Bakterien, die heute und in diesem Moment auf der Erde leben, sind die gl\u00fccklichen Gewinner! Sie alle sind das Produkt von ca. 4 Milliarden Jahren anhaltender gnadenloser Evolution.Du begreifst dein Gl\u00fcck noch nicht ganz?Seit der Entstehung des Lebens vor ca. 4 &#8230; <a title=\"Was ist die Evolutionstheorie?\" class=\"read-more\" href=\"https:\/\/nurlernen.de\/biologie\/evolutionstheorie\/\" aria-label=\"Mehr Informationen \u00fcber Was ist die Evolutionstheorie?\">Weiterlesen<\/a><\/p>\n","protected":false},"author":1,"featured_media":0,"parent":0,"menu_order":0,"comment_status":"open","ping_status":"closed","template":"","meta":{"footnotes":""},"class_list":["post-997","page","type-page","status-publish"],"yoast_head":"<!-- This site is optimized with the Yoast SEO plugin v27.5 - https:\/\/yoast.com\/product\/yoast-seo-wordpress\/ -->\n<title>Was ist die Evolutionstheorie?<\/title>\n<meta name=\"description\" content=\"Die Evolutionstheorie versucht durch die intensive Beobachtung der Organismen die Artenvielfalt zu erkl\u00e4ren.\" \/>\n<meta name=\"robots\" content=\"index, follow, max-snippet:-1, max-image-preview:large, max-video-preview:-1\" \/>\n<link rel=\"canonical\" href=\"https:\/\/nurlernen.de\/biologie\/evolutionstheorie\/\" \/>\n<meta property=\"og:locale\" content=\"de_DE\" \/>\n<meta property=\"og:type\" content=\"article\" \/>\n<meta property=\"og:title\" content=\"Was ist die Evolutionstheorie?\" \/>\n<meta property=\"og:description\" content=\"Die Evolutionstheorie versucht durch die intensive Beobachtung der Organismen die Artenvielfalt zu erkl\u00e4ren.\" \/>\n<meta property=\"og:url\" content=\"https:\/\/nurlernen.de\/biologie\/evolutionstheorie\/\" \/>\n<meta property=\"og:site_name\" content=\"Biologie verstehen\" \/>\n<meta property=\"article:modified_time\" content=\"2025-09-23T08:41:33+00:00\" \/>\n<meta name=\"twitter:card\" content=\"summary_large_image\" \/>\n<meta name=\"twitter:label1\" content=\"Gesch\u00e4tzte Lesezeit\" \/>\n\t<meta name=\"twitter:data1\" content=\"2\u00a0Minuten\" \/>\n<script type=\"application\/ld+json\" class=\"yoast-schema-graph\">{\"@context\":\"https:\\\/\\\/schema.org\",\"@graph\":[{\"@type\":\"WebPage\",\"@id\":\"https:\\\/\\\/nurlernen.de\\\/biologie\\\/evolutionstheorie\\\/\",\"url\":\"https:\\\/\\\/nurlernen.de\\\/biologie\\\/evolutionstheorie\\\/\",\"name\":\"Was ist die Evolutionstheorie?\",\"isPartOf\":{\"@id\":\"https:\\\/\\\/nurlernen.de\\\/biologie\\\/#website\"},\"datePublished\":\"2021-04-02T15:21:54+00:00\",\"dateModified\":\"2025-09-23T08:41:33+00:00\",\"description\":\"Die Evolutionstheorie versucht durch die intensive Beobachtung der Organismen die Artenvielfalt zu erkl\u00e4ren.\",\"breadcrumb\":{\"@id\":\"https:\\\/\\\/nurlernen.de\\\/biologie\\\/evolutionstheorie\\\/#breadcrumb\"},\"inLanguage\":\"de\",\"potentialAction\":[{\"@type\":\"ReadAction\",\"target\":[\"https:\\\/\\\/nurlernen.de\\\/biologie\\\/evolutionstheorie\\\/\"]}]},{\"@type\":\"BreadcrumbList\",\"@id\":\"https:\\\/\\\/nurlernen.de\\\/biologie\\\/evolutionstheorie\\\/#breadcrumb\",\"itemListElement\":[{\"@type\":\"ListItem\",\"position\":1,\"name\":\"Startseite\",\"item\":\"https:\\\/\\\/nurlernen.de\\\/biologie\\\/\"},{\"@type\":\"ListItem\",\"position\":2,\"name\":\"Was ist die Evolutionstheorie?\"}]},{\"@type\":\"WebSite\",\"@id\":\"https:\\\/\\\/nurlernen.de\\\/biologie\\\/#website\",\"url\":\"https:\\\/\\\/nurlernen.de\\\/biologie\\\/\",\"name\":\"Biologie Lernen\",\"description\":\"\u00dcber 1000 kostenlose \u00dcbungen\",\"publisher\":{\"@id\":\"https:\\\/\\\/nurlernen.de\\\/biologie\\\/#organization\"},\"potentialAction\":[{\"@type\":\"SearchAction\",\"target\":{\"@type\":\"EntryPoint\",\"urlTemplate\":\"https:\\\/\\\/nurlernen.de\\\/biologie\\\/?s={search_term_string}\"},\"query-input\":{\"@type\":\"PropertyValueSpecification\",\"valueRequired\":true,\"valueName\":\"search_term_string\"}}],\"inLanguage\":\"de\"},{\"@type\":\"Organization\",\"@id\":\"https:\\\/\\\/nurlernen.de\\\/biologie\\\/#organization\",\"name\":\"Biologie Lernen\",\"url\":\"https:\\\/\\\/nurlernen.de\\\/biologie\\\/\",\"logo\":{\"@type\":\"ImageObject\",\"inLanguage\":\"de\",\"@id\":\"https:\\\/\\\/nurlernen.de\\\/biologie\\\/#\\\/schema\\\/logo\\\/image\\\/\",\"url\":\"https:\\\/\\\/nurlernen.de\\\/biologie\\\/wp-content\\\/uploads\\\/sites\\\/2\\\/2025\\\/07\\\/cropped-zellkern.png\",\"contentUrl\":\"https:\\\/\\\/nurlernen.de\\\/biologie\\\/wp-content\\\/uploads\\\/sites\\\/2\\\/2025\\\/07\\\/cropped-zellkern.png\",\"width\":512,\"height\":512,\"caption\":\"Biologie Lernen\"},\"image\":{\"@id\":\"https:\\\/\\\/nurlernen.de\\\/biologie\\\/#\\\/schema\\\/logo\\\/image\\\/\"},\"sameAs\":[\"https:\\\/\\\/www.instagram.com\\\/nurlernen.de\\\/\"]}]}<\/script>\n<!-- \/ Yoast SEO plugin. -->","yoast_head_json":{"title":"Was ist die Evolutionstheorie?","description":"Die Evolutionstheorie versucht durch die intensive Beobachtung der Organismen die Artenvielfalt zu erkl\u00e4ren.","robots":{"index":"index","follow":"follow","max-snippet":"max-snippet:-1","max-image-preview":"max-image-preview:large","max-video-preview":"max-video-preview:-1"},"canonical":"https:\/\/nurlernen.de\/biologie\/evolutionstheorie\/","og_locale":"de_DE","og_type":"article","og_title":"Was ist die Evolutionstheorie?","og_description":"Die Evolutionstheorie versucht durch die intensive Beobachtung der Organismen die Artenvielfalt zu erkl\u00e4ren.","og_url":"https:\/\/nurlernen.de\/biologie\/evolutionstheorie\/","og_site_name":"Biologie verstehen","article_modified_time":"2025-09-23T08:41:33+00:00","twitter_card":"summary_large_image","twitter_misc":{"Gesch\u00e4tzte Lesezeit":"2\u00a0Minuten"},"schema":{"@context":"https:\/\/schema.org","@graph":[{"@type":"WebPage","@id":"https:\/\/nurlernen.de\/biologie\/evolutionstheorie\/","url":"https:\/\/nurlernen.de\/biologie\/evolutionstheorie\/","name":"Was ist die Evolutionstheorie?","isPartOf":{"@id":"https:\/\/nurlernen.de\/biologie\/#website"},"datePublished":"2021-04-02T15:21:54+00:00","dateModified":"2025-09-23T08:41:33+00:00","description":"Die Evolutionstheorie versucht durch die intensive Beobachtung der Organismen die Artenvielfalt zu erkl\u00e4ren.","breadcrumb":{"@id":"https:\/\/nurlernen.de\/biologie\/evolutionstheorie\/#breadcrumb"},"inLanguage":"de","potentialAction":[{"@type":"ReadAction","target":["https:\/\/nurlernen.de\/biologie\/evolutionstheorie\/"]}]},{"@type":"BreadcrumbList","@id":"https:\/\/nurlernen.de\/biologie\/evolutionstheorie\/#breadcrumb","itemListElement":[{"@type":"ListItem","position":1,"name":"Startseite","item":"https:\/\/nurlernen.de\/biologie\/"},{"@type":"ListItem","position":2,"name":"Was ist die Evolutionstheorie?"}]},{"@type":"WebSite","@id":"https:\/\/nurlernen.de\/biologie\/#website","url":"https:\/\/nurlernen.de\/biologie\/","name":"Biologie Lernen","description":"\u00dcber 1000 kostenlose \u00dcbungen","publisher":{"@id":"https:\/\/nurlernen.de\/biologie\/#organization"},"potentialAction":[{"@type":"SearchAction","target":{"@type":"EntryPoint","urlTemplate":"https:\/\/nurlernen.de\/biologie\/?s={search_term_string}"},"query-input":{"@type":"PropertyValueSpecification","valueRequired":true,"valueName":"search_term_string"}}],"inLanguage":"de"},{"@type":"Organization","@id":"https:\/\/nurlernen.de\/biologie\/#organization","name":"Biologie Lernen","url":"https:\/\/nurlernen.de\/biologie\/","logo":{"@type":"ImageObject","inLanguage":"de","@id":"https:\/\/nurlernen.de\/biologie\/#\/schema\/logo\/image\/","url":"https:\/\/nurlernen.de\/biologie\/wp-content\/uploads\/sites\/2\/2025\/07\/cropped-zellkern.png","contentUrl":"https:\/\/nurlernen.de\/biologie\/wp-content\/uploads\/sites\/2\/2025\/07\/cropped-zellkern.png","width":512,"height":512,"caption":"Biologie Lernen"},"image":{"@id":"https:\/\/nurlernen.de\/biologie\/#\/schema\/logo\/image\/"},"sameAs":["https:\/\/www.instagram.com\/nurlernen.de\/"]}]}},"_links":{"self":[{"href":"https:\/\/nurlernen.de\/biologie\/wp-json\/wp\/v2\/pages\/997","targetHints":{"allow":["GET"]}}],"collection":[{"href":"https:\/\/nurlernen.de\/biologie\/wp-json\/wp\/v2\/pages"}],"about":[{"href":"https:\/\/nurlernen.de\/biologie\/wp-json\/wp\/v2\/types\/page"}],"author":[{"embeddable":true,"href":"https:\/\/nurlernen.de\/biologie\/wp-json\/wp\/v2\/users\/1"}],"replies":[{"embeddable":true,"href":"https:\/\/nurlernen.de\/biologie\/wp-json\/wp\/v2\/comments?post=997"}],"version-history":[{"count":6,"href":"https:\/\/nurlernen.de\/biologie\/wp-json\/wp\/v2\/pages\/997\/revisions"}],"predecessor-version":[{"id":3040,"href":"https:\/\/nurlernen.de\/biologie\/wp-json\/wp\/v2\/pages\/997\/revisions\/3040"}],"wp:attachment":[{"href":"https:\/\/nurlernen.de\/biologie\/wp-json\/wp\/v2\/media?parent=997"}],"curies":[{"name":"wp","href":"https:\/\/api.w.org\/{rel}","templated":true}]}}