{"id":2385,"date":"2025-07-16T08:00:07","date_gmt":"2025-07-16T06:00:07","guid":{"rendered":"https:\/\/lernenabitur.de\/?page_id=2385"},"modified":"2025-07-17T12:01:51","modified_gmt":"2025-07-17T10:01:51","slug":"mathematik-lernkontrolle","status":"publish","type":"page","link":"https:\/\/nurlernen.de\/mathe\/mathematik-lernkontrolle\/","title":{"rendered":"Mathematik Lernkontrolle"},"content":{"rendered":"\n<p>Um zu starten klicke auf <strong>Test Beginnen<\/strong>. Abh\u00e4ngig von deinen Einstellungen und ob du <strong>Mitglied<\/strong> bist, erh\u00e4ltst du hier die M\u00f6glichkeit alle Tests nach belieben durch zu gehen. Wir f\u00fcgen st\u00e4ndig neue Fragen hinzu. Am Ende des Tests erf\u00e4hrst du deine Note, und ob du den Test bestanden hast. Du bestehst einen Test, wenn deine Note mindestens 4 oder besser ist.<\/p>\n\n\n\n<hr class=\"wp-block-separator has-alpha-channel-opacity\"\/>\n\n\n\n\r\n\t\t<style>\r\n\t\t\r\n\t\t<\/style>\r\n\r\n\t\r\n\r\n\t\t<!--h2>Lernkontrolle<\/h2-->\r\n\t\t<div id=\"settings_layout\">\r\n\t\t\t<p><button id=\"startQuizButton\" onclick=\"loadQuizFromXML(quizFileName);\" hidden >Test beginnen<\/button><\/p>\t\r\n\t\t<\/div>\r\n\t\t\r\n\t\t<div id=\"quiz_layout\" style=\"visibility: hidden; \">\r\n\t\t\t\t\t\r\n\t\t\t<h4 id=\"progress_label\">Frage<\/h4>\r\n\t\t\t<progress id=\"progress\" value=\"0\" max=\"5\"><\/progress>\r\n\r\n\t\t\t<p id=\"question\">Frage...<\/p>\r\n\t\t\t\r\n\t\t\t<div>\r\n\t\t\t\t<img decoding=\"async\" class= \"quiz_image\" id=\"q_image\" src=\"\">\r\n\t\t\t<\/div>\r\n\t\t\t\r\n\t\t\t<hr>\r\n\t\t\t\r\n\t\t\t<div>\r\n\t\t\t\t<input type=\"radio\" name=\"answersRadio\" id=\"answerradio1\" onclick=\"setAnswer(1);\" value=\"1\"\/>\r\n\t\t\t\t<label id=\"answer1\" for=\"answerradio1\">A)  <\/label> \r\n\t\t\t<\/div>\r\n\t\t\t\r\n\t\t\t<hr>\r\n\t\t\t\r\n\t\t\t<div>\r\n\t\t\t\t<input type=\"radio\" name=\"answersRadio\" id=\"answerradio2\" onclick=\"setAnswer(2);\" value=\"2\"\/>\r\n\t\t\t\t<label id=\"answer2\"  for=\"answerradio2\">B)  <\/label> \r\n\t\t\t<\/div>\r\n\t\t\t\r\n\t\t\t<hr>\r\n\t\t\t\r\n\t\t\t<div>\r\n\t\t\t\t<input type=\"radio\" name=\"answersRadio\" id=\"answerradio3\" onclick=\"setAnswer(3);\" value=\"3\"\/>\r\n\t\t\t\t<label id=\"answer3\" for=\"answerradio3\">C)  <\/label> \r\n\t\t\t<\/div>\r\n\t\t\t\r\n\t\t\t<hr>\r\n\t\t\t\r\n\t\t\t<div>\r\n\t\t\t\t<input type=\"radio\" name=\"answersRadio\" id=\"answerradio4\" onclick=\"setAnswer(4);\" value=\"4\"\/>\r\n\t\t\t\t<label id=\"answer4\"  for=\"answerradio4\">D) <\/label> \r\n\t\t\t<\/div>\r\n\t\t\t\r\n\t\t\t<hr>\r\n\t\t\t\r\n\t\t\t<div>\r\n\t\t\t\t<p id=\"info\"><\/p>\r\n\t\t\t<\/div>\r\n\r\n\t\t\t<div>\r\n\t\t\t\t<button style=\"float: left;\" id=\"showInfoButton\" onclick=\"showQuizAnswer(questionIndex);\">Antwort zeigen<\/button>\r\n\t\t\t\t<button style=\"float: right;\" id=\"showNextQuestion\" onclick=\"showNextQuiz();\"><i class=\"fa fa-arrow-right\"><\/i>Weiter<\/button>\r\n\t\t\t\t\r\n\t\t\t<\/div>\r\n\t\t\r\n\t\t<\/div>\r\n\t\r\n\t\t<!-- The Modal -->\r\n\t\t<div id=\"myModal\" class=\"modal\">\r\n\t\t  <!-- Modal content -->\r\n\t\t  <div class=\"modal-content\">\r\n\t\t\t<div class=\"modal-header\">\r\n\t\t\t  <span class=\"close\">&times;<\/span>\r\n\t\t\t  <p>Zusammenfassung<\/p>\r\n\t\t\t<\/div>\r\n\t\t\t<div id=\"summary_text\" class=\"modal-body\">\r\n\t\t\t  <p>Ergebnis<\/p>\r\n\t\t\t  <p>Anzahl der Fragen<\/p>\r\n\t\t\t<\/div>\r\n\t\t\t<div class=\"modal-footer\">\r\n\t\t\t  \r\n\t\t\t<\/div>\r\n\t\t  <\/div>\r\n\r\n\t\t<\/div>\r\n\t\t\r\n\t\t<script>\r\n\t\t\t\r\n\t\t\/\/ Get the modal\r\n\t\tvar modal = document.getElementById(\"myModal\");\r\n\r\n\t\t\/\/ Get the button that opens the modal\r\n\t\tvar btn = document.getElementById(\"myBtn\");\r\n\r\n\t\t\/\/ Get the <span> element that closes the modal\r\n\t\tvar span = document.getElementsByClassName(\"close\")[0];\r\n\r\n\t\t\/\/ When the user clicks the button, open the modal \r\n\t\tfunction showSummary(sumText) {\r\n\t\t\tmodal.style.display = \"block\";\r\n\t\t\tdocument.getElementById(\"summary_text\").innerHTML = sumText;\r\n\t\t}\r\n\r\n\t\tfunction updateMath(){\r\n\t\t\trenderMathInElement(document.getElementById(\"quiz_layout\"),\t\r\n\t\t\t{delimiters: [{left: \"$$\", right: \"$$\", display: true},\r\n\t\t\t\t\r\n\t\t\t\t{left: \"$\", right: \"$\", display: false},\r\n\t\t\t\t]});\r\n\t\t\t\r\n\t\t}\r\n\r\n\t\t\/\/ When the user clicks on <span> (x), close the modal\r\n\t\tspan.onclick = function() {\r\n\t\t\tmodal.style.display = \"none\";\r\n\t\t\tpostModalTasks();\r\n\t\t}\r\n\r\n\t\t\/\/ When the user clicks anywhere outside of the modal, close it\r\n\t\twindow.onclick = function(event) {\r\n\t\t\tif (event.target == modal) {\r\n\t\t\t\tmodal.style.display = \"none\";\r\n\t\t\t\tpostModalTasks();\r\n\t\t\t}\r\n\t\t}\r\n\t\t\r\n\t\tfunction postModalTasks(){\r\n\t\t\tif (returnOptions == null){\r\n\t\t\t\tlocation.reload();\r\n\t\t\t\treturn;\r\n\t\t\t}\r\n\t\t\t\r\n\t\t\tif (returnOptions.startsWith(\"tree=\")){\r\n\t\t\t\twindow.location= \"https:\/\/nurlernen.de\/mathe\/mathe-lernfortschritt\/?chapter=\" + returnOptions.substring((\"tree=\").length);\r\n\t\t\t\treturn;\r\n\t\t\t}\r\n\t\t\t\r\n\t\t\tif (returnOptions.startsWith(\"list=\")){\r\n\t\t\t\twindow.location= \"https:\/\/nurlernen.de\/mathe\/mathe-lektionen\/?chapter=\" + returnOptions.substring((\"list=\").length);\r\n\t\t\t\treturn;\r\n\t\t\t}\r\n\t\t\t\r\n\t\t\tlocation.reload();\r\n\t\t\r\n\t\t}\r\n\t\t\r\n\t\tdocument.addEventListener(\"DOMContentLoaded\", function() {\r\n\t\t\tif (0){\r\n\t\t\t\tnmb_hide_Statistics();\r\n\t\t\t\tloadRandomQuiz(quizFileName,);\t\r\n\t\t\t}else{\r\n\t\t\t\tvar parameters = location.search.substring(1).split(\"&\");\r\n\t\t\t\t\r\n\t\t\t\treturnOptions = parameters[1];\r\n\t\t\t\t\r\n\t\t\t\tvar options = parameters[0];\/\/location.search;\r\n\t\t\t\tif (options.startsWith(\"quiz=\")){\r\n\t\t\t\t\tcurrentQuiz = options.substring((\"quiz=\").length);\r\n\t\t\t\t\tloadQuizzListFromXMLByName(\"https:\/\/nurlernen.de\/mathe\/wp-content\/plugins\/nmb-math\/quiz\/quizzes.xml\" , currentQuiz);\r\n\t\t\t\t\t\/\/console.log(currentQuiz);\r\n\t\t\t\t}else{\r\n\t\t\t\t\tloadChaptersFromXML(\"https:\/\/nurlernen.de\/mathe\/wp-content\/plugins\/nmb-math\/quiz\/chapters.xml\");\r\n\t\t\t\t\t\/\/loadAllQuestionsFromXML(\"quiz\/questions.xml\");\r\n\t\t\t\t}\r\n\t\t\t}\t\r\n\t\t});\r\n\r\n\t\tfunction addCollapsibleListener(){\r\n\t\t\tvar coll = document.getElementsByClassName(\"collapsible\");\r\n\t\t\tvar i;\r\n\r\n\t\t\tfor (i = 0; i < coll.length; i++) {\r\n\t\t\t  coll[i].addEventListener(\"click\", function() {\r\n\t\t\t\tthis.classList.toggle(\"active\");\r\n\t\t\t\tvar content = this.nextElementSibling;\r\n\t\t\t\tif (content.style.display === \"block\") {\r\n\t\t\t\t  content.style.display = \"none\";\r\n\t\t\t\t} else {\r\n\t\t\t\t  content.style.display = \"block\";\r\n\t\t\t\t}\r\n\t\t\t  });\r\n\t\t\t}\r\n\t\t}\r\n\t\r\n\t\t<\/script>\n","protected":false},"excerpt":{"rendered":"<p>Um zu starten klicke auf Test Beginnen. Abh\u00e4ngig von deinen Einstellungen und ob du Mitglied bist, erh\u00e4ltst du hier die M\u00f6glichkeit alle Tests nach belieben durch zu gehen. Wir f\u00fcgen st\u00e4ndig neue Fragen hinzu. Am Ende des Tests erf\u00e4hrst du deine Note, und ob du den Test bestanden hast. Du bestehst einen Test, wenn deine &#8230; <a title=\"Mathematik Lernkontrolle\" class=\"read-more\" href=\"https:\/\/nurlernen.de\/mathe\/mathematik-lernkontrolle\/\" aria-label=\"Mehr Informationen \u00fcber Mathematik Lernkontrolle\">Weiterlesen<\/a><\/p>\n","protected":false},"author":1,"featured_media":0,"parent":0,"menu_order":0,"comment_status":"open","ping_status":"closed","template":"","meta":{"footnotes":""},"class_list":["post-2385","page","type-page","status-publish"],"yoast_head":"<!-- This site is optimized with the Yoast SEO plugin v27.5 - https:\/\/yoast.com\/product\/yoast-seo-wordpress\/ -->\n<title>Mathematik Lernkontrolle - Mathe Lernen<\/title>\n<meta name=\"robots\" content=\"index, follow, max-snippet:-1, max-image-preview:large, max-video-preview:-1\" \/>\n<link rel=\"canonical\" href=\"https:\/\/nurlernen.de\/mathe\/mathematik-lernkontrolle\/\" \/>\n<meta property=\"og:locale\" content=\"de_DE\" \/>\n<meta property=\"og:type\" content=\"article\" \/>\n<meta property=\"og:title\" content=\"Mathematik Lernkontrolle - Mathe Lernen\" \/>\n<meta property=\"og:description\" content=\"Um zu starten klicke auf Test Beginnen. Abh\u00e4ngig von deinen Einstellungen und ob du Mitglied bist, erh\u00e4ltst du hier die M\u00f6glichkeit alle Tests nach belieben durch zu gehen. Wir f\u00fcgen st\u00e4ndig neue Fragen hinzu. Am Ende des Tests erf\u00e4hrst du deine Note, und ob du den Test bestanden hast. Du bestehst einen Test, wenn deine ... Weiterlesen\" \/>\n<meta property=\"og:url\" content=\"https:\/\/nurlernen.de\/mathe\/mathematik-lernkontrolle\/\" \/>\n<meta property=\"og:site_name\" content=\"Mathe Lernen\" \/>\n<meta property=\"article:modified_time\" content=\"2025-07-17T10:01:51+00:00\" \/>\n<meta name=\"twitter:card\" content=\"summary_large_image\" \/>\n<script type=\"application\/ld+json\" class=\"yoast-schema-graph\">{\"@context\":\"https:\\\/\\\/schema.org\",\"@graph\":[{\"@type\":\"WebPage\",\"@id\":\"https:\\\/\\\/nurlernen.de\\\/mathe\\\/mathematik-lernkontrolle\\\/\",\"url\":\"https:\\\/\\\/nurlernen.de\\\/mathe\\\/mathematik-lernkontrolle\\\/\",\"name\":\"Mathematik Lernkontrolle - Mathe Lernen\",\"isPartOf\":{\"@id\":\"https:\\\/\\\/nurlernen.de\\\/mathe\\\/#website\"},\"datePublished\":\"2025-07-16T06:00:07+00:00\",\"dateModified\":\"2025-07-17T10:01:51+00:00\",\"breadcrumb\":{\"@id\":\"https:\\\/\\\/nurlernen.de\\\/mathe\\\/mathematik-lernkontrolle\\\/#breadcrumb\"},\"inLanguage\":\"de\",\"potentialAction\":[{\"@type\":\"ReadAction\",\"target\":[\"https:\\\/\\\/nurlernen.de\\\/mathe\\\/mathematik-lernkontrolle\\\/\"]}]},{\"@type\":\"BreadcrumbList\",\"@id\":\"https:\\\/\\\/nurlernen.de\\\/mathe\\\/mathematik-lernkontrolle\\\/#breadcrumb\",\"itemListElement\":[{\"@type\":\"ListItem\",\"position\":1,\"name\":\"Startseite\",\"item\":\"https:\\\/\\\/nurlernen.de\\\/mathe\\\/\"},{\"@type\":\"ListItem\",\"position\":2,\"name\":\"Mathematik Lernkontrolle\"}]},{\"@type\":\"WebSite\",\"@id\":\"https:\\\/\\\/nurlernen.de\\\/mathe\\\/#website\",\"url\":\"https:\\\/\\\/nurlernen.de\\\/mathe\\\/\",\"name\":\"Mathe Lernen\",\"description\":\"Kostenlose \u00dcbungen zur Klausur- und Abi-Vorbereitung\",\"publisher\":{\"@id\":\"https:\\\/\\\/nurlernen.de\\\/mathe\\\/#organization\"},\"potentialAction\":[{\"@type\":\"SearchAction\",\"target\":{\"@type\":\"EntryPoint\",\"urlTemplate\":\"https:\\\/\\\/nurlernen.de\\\/mathe\\\/?s={search_term_string}\"},\"query-input\":{\"@type\":\"PropertyValueSpecification\",\"valueRequired\":true,\"valueName\":\"search_term_string\"}}],\"inLanguage\":\"de\"},{\"@type\":\"Organization\",\"@id\":\"https:\\\/\\\/nurlernen.de\\\/mathe\\\/#organization\",\"name\":\"Mathe Lernen\",\"url\":\"https:\\\/\\\/nurlernen.de\\\/mathe\\\/\",\"logo\":{\"@type\":\"ImageObject\",\"inLanguage\":\"de\",\"@id\":\"https:\\\/\\\/nurlernen.de\\\/mathe\\\/#\\\/schema\\\/logo\\\/image\\\/\",\"url\":\"https:\\\/\\\/nurlernen.de\\\/mathe\\\/wp-content\\\/uploads\\\/sites\\\/4\\\/2025\\\/08\\\/cropped-werbegrafik.jpg\",\"contentUrl\":\"https:\\\/\\\/nurlernen.de\\\/mathe\\\/wp-content\\\/uploads\\\/sites\\\/4\\\/2025\\\/08\\\/cropped-werbegrafik.jpg\",\"width\":512,\"height\":512,\"caption\":\"Mathe Lernen\"},\"image\":{\"@id\":\"https:\\\/\\\/nurlernen.de\\\/mathe\\\/#\\\/schema\\\/logo\\\/image\\\/\"},\"sameAs\":[\"https:\\\/\\\/www.instagram.com\\\/nurlernen.de\\\/\"]}]}<\/script>\n<!-- \/ Yoast SEO plugin. -->","yoast_head_json":{"title":"Mathematik Lernkontrolle - Mathe Lernen","robots":{"index":"index","follow":"follow","max-snippet":"max-snippet:-1","max-image-preview":"max-image-preview:large","max-video-preview":"max-video-preview:-1"},"canonical":"https:\/\/nurlernen.de\/mathe\/mathematik-lernkontrolle\/","og_locale":"de_DE","og_type":"article","og_title":"Mathematik Lernkontrolle - Mathe Lernen","og_description":"Um zu starten klicke auf Test Beginnen. Abh\u00e4ngig von deinen Einstellungen und ob du Mitglied bist, erh\u00e4ltst du hier die M\u00f6glichkeit alle Tests nach belieben durch zu gehen. Wir f\u00fcgen st\u00e4ndig neue Fragen hinzu. Am Ende des Tests erf\u00e4hrst du deine Note, und ob du den Test bestanden hast. Du bestehst einen Test, wenn deine ... Weiterlesen","og_url":"https:\/\/nurlernen.de\/mathe\/mathematik-lernkontrolle\/","og_site_name":"Mathe Lernen","article_modified_time":"2025-07-17T10:01:51+00:00","twitter_card":"summary_large_image","schema":{"@context":"https:\/\/schema.org","@graph":[{"@type":"WebPage","@id":"https:\/\/nurlernen.de\/mathe\/mathematik-lernkontrolle\/","url":"https:\/\/nurlernen.de\/mathe\/mathematik-lernkontrolle\/","name":"Mathematik Lernkontrolle - Mathe Lernen","isPartOf":{"@id":"https:\/\/nurlernen.de\/mathe\/#website"},"datePublished":"2025-07-16T06:00:07+00:00","dateModified":"2025-07-17T10:01:51+00:00","breadcrumb":{"@id":"https:\/\/nurlernen.de\/mathe\/mathematik-lernkontrolle\/#breadcrumb"},"inLanguage":"de","potentialAction":[{"@type":"ReadAction","target":["https:\/\/nurlernen.de\/mathe\/mathematik-lernkontrolle\/"]}]},{"@type":"BreadcrumbList","@id":"https:\/\/nurlernen.de\/mathe\/mathematik-lernkontrolle\/#breadcrumb","itemListElement":[{"@type":"ListItem","position":1,"name":"Startseite","item":"https:\/\/nurlernen.de\/mathe\/"},{"@type":"ListItem","position":2,"name":"Mathematik Lernkontrolle"}]},{"@type":"WebSite","@id":"https:\/\/nurlernen.de\/mathe\/#website","url":"https:\/\/nurlernen.de\/mathe\/","name":"Mathe Lernen","description":"Kostenlose \u00dcbungen zur Klausur- und Abi-Vorbereitung","publisher":{"@id":"https:\/\/nurlernen.de\/mathe\/#organization"},"potentialAction":[{"@type":"SearchAction","target":{"@type":"EntryPoint","urlTemplate":"https:\/\/nurlernen.de\/mathe\/?s={search_term_string}"},"query-input":{"@type":"PropertyValueSpecification","valueRequired":true,"valueName":"search_term_string"}}],"inLanguage":"de"},{"@type":"Organization","@id":"https:\/\/nurlernen.de\/mathe\/#organization","name":"Mathe Lernen","url":"https:\/\/nurlernen.de\/mathe\/","logo":{"@type":"ImageObject","inLanguage":"de","@id":"https:\/\/nurlernen.de\/mathe\/#\/schema\/logo\/image\/","url":"https:\/\/nurlernen.de\/mathe\/wp-content\/uploads\/sites\/4\/2025\/08\/cropped-werbegrafik.jpg","contentUrl":"https:\/\/nurlernen.de\/mathe\/wp-content\/uploads\/sites\/4\/2025\/08\/cropped-werbegrafik.jpg","width":512,"height":512,"caption":"Mathe Lernen"},"image":{"@id":"https:\/\/nurlernen.de\/mathe\/#\/schema\/logo\/image\/"},"sameAs":["https:\/\/www.instagram.com\/nurlernen.de\/"]}]}},"_links":{"self":[{"href":"https:\/\/nurlernen.de\/mathe\/wp-json\/wp\/v2\/pages\/2385","targetHints":{"allow":["GET"]}}],"collection":[{"href":"https:\/\/nurlernen.de\/mathe\/wp-json\/wp\/v2\/pages"}],"about":[{"href":"https:\/\/nurlernen.de\/mathe\/wp-json\/wp\/v2\/types\/page"}],"author":[{"embeddable":true,"href":"https:\/\/nurlernen.de\/mathe\/wp-json\/wp\/v2\/users\/1"}],"replies":[{"embeddable":true,"href":"https:\/\/nurlernen.de\/mathe\/wp-json\/wp\/v2\/comments?post=2385"}],"version-history":[{"count":2,"href":"https:\/\/nurlernen.de\/mathe\/wp-json\/wp\/v2\/pages\/2385\/revisions"}],"predecessor-version":[{"id":2608,"href":"https:\/\/nurlernen.de\/mathe\/wp-json\/wp\/v2\/pages\/2385\/revisions\/2608"}],"wp:attachment":[{"href":"https:\/\/nurlernen.de\/mathe\/wp-json\/wp\/v2\/media?parent=2385"}],"curies":[{"name":"wp","href":"https:\/\/api.w.org\/{rel}","templated":true}]}}