{"id":1540,"date":"2021-07-19T05:53:31","date_gmt":"2021-07-19T05:53:31","guid":{"rendered":"https:\/\/lernenabitur.de\/?page_id=1540"},"modified":"2025-08-19T16:49:19","modified_gmt":"2025-08-19T14:49:19","slug":"physik-lernfortschritt","status":"publish","type":"page","link":"https:\/\/nurlernen.de\/physik\/physik-lernfortschritt\/","title":{"rendered":"Physik Lernfortschritt"},"content":{"rendered":"\n<p>Hier siehst du alle Lektionen eines Kapitels mit ihren Abh\u00e4ngigkeiten. Die Lektionen bauen aufeinander auf. In jedem Kapitel ist die Lektion 1 stets freigeschaltet. Wenn du auf <strong>Lernen<\/strong> klickst, gelingst du zu den Texten. Diese solltest du durchlesen und anschlie\u00dfend auf <strong>\u00dcben<\/strong> klocken . Bestehst du dort den Test, so wird die n\u00e4chste Lektion freigeschaltet.<\/p>\n\n\n\n<style>\r\n\t\r\n\r\n\t<\/style>\r\n\r\n\t<div id =\"node_grid\" >\r\n\t\t\t\r\n\t<\/div>\r\n\t\t\r\n\t\t<!-- The Modal -->\r\n\t\t<div id=\"myModal\" class=\"modal\">\r\n\r\n\t\t<\/div>\r\n\t\t\r\n\t\t<script>\r\n\t\t\r\n\t\tdocument.addEventListener(\"DOMContentLoaded\", function() {\r\n\t\t\tvar options = location.search;\r\n\t\t\tif (options.startsWith(\"?chapter=\")){\r\n\t\t\t\tvar currentChapter = options.substring((\"?chapter=chapter_\").length);\r\n\t\t\t\t\/\/console.log(currentChapter);\r\n\t\t\t\tloadNodesFromXML(plugins_url + \"\/quiz\/node_definitions.xml\", \"node_dependencies_\"+currentChapter);\r\n\t\t\t}else{\r\n\t\t\t\tloadNodesFromXML(plugins_url + \"\/quiz\/node_definitions.xml\", \"node_dependencies_m100000\");\r\n\t\t\t}\t\r\n\t\t});\r\n\t\t\r\n\t\t<\/script>\n\n\n\n<p><strong>Hinweis:<\/strong> Der Lernfortschritt wird f\u00fcr <strong>Mitglieder<\/strong> gespeichert. Bei nicht Mitgliedern, wird der Fortschritt \u00fcber Cookies gespeichert. Diese k\u00f6nnen jedoch abh\u00e4ngig von deinen Browser-Einstellungen gel\u00f6scht werden, was zum Verlust deines Lernfortschritts f\u00fchrt.<\/p>\n","protected":false},"excerpt":{"rendered":"<p>Hier siehst du alle Lektionen eines Kapitels mit ihren Abh\u00e4ngigkeiten. Die Lektionen bauen aufeinander auf. In jedem Kapitel ist die Lektion 1 stets freigeschaltet. Wenn du auf Lernen klickst, gelingst du zu den Texten. Diese solltest du durchlesen und anschlie\u00dfend auf \u00dcben klocken . Bestehst du dort den Test, so wird die n\u00e4chste Lektion freigeschaltet. &#8230; <a title=\"Physik Lernfortschritt\" class=\"read-more\" href=\"https:\/\/nurlernen.de\/physik\/physik-lernfortschritt\/\" aria-label=\"Mehr Informationen \u00fcber Physik Lernfortschritt\">Weiterlesen<\/a><\/p>\n","protected":false},"author":1,"featured_media":0,"parent":0,"menu_order":0,"comment_status":"closed","ping_status":"closed","template":"","meta":{"footnotes":""},"class_list":["post-1540","page","type-page","status-publish"],"yoast_head":"<!-- This site is optimized with the Yoast SEO plugin v27.3 - https:\/\/yoast.com\/product\/yoast-seo-wordpress\/ -->\n<title>Physik Lernfortschritt<\/title>\n<meta name=\"description\" content=\"Hier siehst du alle Lektionen eines Kapitels mit ihren Abh\u00e4ngigkeiten. Die Lektionen bauen in der Regel aufeinander auf.\" \/>\n<meta name=\"robots\" content=\"index, follow, max-snippet:-1, max-image-preview:large, max-video-preview:-1\" \/>\n<link rel=\"canonical\" href=\"https:\/\/nurlernen.de\/physik\/physik-lernfortschritt\/\" \/>\n<meta property=\"og:locale\" content=\"de_DE\" \/>\n<meta property=\"og:type\" content=\"article\" \/>\n<meta property=\"og:title\" content=\"Physik Lernfortschritt\" \/>\n<meta property=\"og:description\" content=\"Hier siehst du alle Lektionen eines Kapitels mit ihren Abh\u00e4ngigkeiten. Die Lektionen bauen in der Regel aufeinander auf.\" \/>\n<meta property=\"og:url\" content=\"https:\/\/nurlernen.de\/physik\/physik-lernfortschritt\/\" \/>\n<meta property=\"og:site_name\" content=\"Physik Lernen\" \/>\n<meta property=\"article:modified_time\" content=\"2025-08-19T14:49:19+00:00\" \/>\n<meta name=\"twitter:card\" content=\"summary_large_image\" \/>\n<meta name=\"twitter:label1\" content=\"Gesch\u00e4tzte Lesezeit\" \/>\n\t<meta name=\"twitter:data1\" content=\"1\u00a0Minute\" \/>\n<script type=\"application\/ld+json\" class=\"yoast-schema-graph\">{\"@context\":\"https:\\\/\\\/schema.org\",\"@graph\":[{\"@type\":\"WebPage\",\"@id\":\"https:\\\/\\\/nurlernen.de\\\/physik\\\/physik-lernfortschritt\\\/\",\"url\":\"https:\\\/\\\/nurlernen.de\\\/physik\\\/physik-lernfortschritt\\\/\",\"name\":\"Physik Lernfortschritt\",\"isPartOf\":{\"@id\":\"https:\\\/\\\/nurlernen.de\\\/physik\\\/#website\"},\"datePublished\":\"2021-07-19T05:53:31+00:00\",\"dateModified\":\"2025-08-19T14:49:19+00:00\",\"description\":\"Hier siehst du alle Lektionen eines Kapitels mit ihren Abh\u00e4ngigkeiten. Die Lektionen bauen in der Regel aufeinander auf.\",\"breadcrumb\":{\"@id\":\"https:\\\/\\\/nurlernen.de\\\/physik\\\/physik-lernfortschritt\\\/#breadcrumb\"},\"inLanguage\":\"de\",\"potentialAction\":[{\"@type\":\"ReadAction\",\"target\":[\"https:\\\/\\\/nurlernen.de\\\/physik\\\/physik-lernfortschritt\\\/\"]}]},{\"@type\":\"BreadcrumbList\",\"@id\":\"https:\\\/\\\/nurlernen.de\\\/physik\\\/physik-lernfortschritt\\\/#breadcrumb\",\"itemListElement\":[{\"@type\":\"ListItem\",\"position\":1,\"name\":\"Startseite\",\"item\":\"https:\\\/\\\/nurlernen.de\\\/physik\\\/\"},{\"@type\":\"ListItem\",\"position\":2,\"name\":\"Physik Lernfortschritt\"}]},{\"@type\":\"WebSite\",\"@id\":\"https:\\\/\\\/nurlernen.de\\\/physik\\\/#website\",\"url\":\"https:\\\/\\\/nurlernen.de\\\/physik\\\/\",\"name\":\"Physik Lernen\",\"description\":\"Kostenlose \u00dcbungen zur Klausur- und Abi-Vorbereitung\",\"publisher\":{\"@id\":\"https:\\\/\\\/nurlernen.de\\\/physik\\\/#organization\"},\"potentialAction\":[{\"@type\":\"SearchAction\",\"target\":{\"@type\":\"EntryPoint\",\"urlTemplate\":\"https:\\\/\\\/nurlernen.de\\\/physik\\\/?s={search_term_string}\"},\"query-input\":{\"@type\":\"PropertyValueSpecification\",\"valueRequired\":true,\"valueName\":\"search_term_string\"}}],\"inLanguage\":\"de\"},{\"@type\":\"Organization\",\"@id\":\"https:\\\/\\\/nurlernen.de\\\/physik\\\/#organization\",\"name\":\"Physik Lernen\",\"url\":\"https:\\\/\\\/nurlernen.de\\\/physik\\\/\",\"logo\":{\"@type\":\"ImageObject\",\"inLanguage\":\"de\",\"@id\":\"https:\\\/\\\/nurlernen.de\\\/physik\\\/#\\\/schema\\\/logo\\\/image\\\/\",\"url\":\"https:\\\/\\\/nurlernen.de\\\/physik\\\/wp-content\\\/uploads\\\/sites\\\/3\\\/2025\\\/07\\\/l_100040_a_de.png\",\"contentUrl\":\"https:\\\/\\\/nurlernen.de\\\/physik\\\/wp-content\\\/uploads\\\/sites\\\/3\\\/2025\\\/07\\\/l_100040_a_de.png\",\"width\":530,\"height\":530,\"caption\":\"Physik Lernen\"},\"image\":{\"@id\":\"https:\\\/\\\/nurlernen.de\\\/physik\\\/#\\\/schema\\\/logo\\\/image\\\/\"},\"sameAs\":[\"https:\\\/\\\/www.instagram.com\\\/nurlernen.de\\\/\"]}]}<\/script>\n<!-- \/ Yoast SEO plugin. -->","yoast_head_json":{"title":"Physik Lernfortschritt","description":"Hier siehst du alle Lektionen eines Kapitels mit ihren Abh\u00e4ngigkeiten. Die Lektionen bauen in der Regel aufeinander auf.","robots":{"index":"index","follow":"follow","max-snippet":"max-snippet:-1","max-image-preview":"max-image-preview:large","max-video-preview":"max-video-preview:-1"},"canonical":"https:\/\/nurlernen.de\/physik\/physik-lernfortschritt\/","og_locale":"de_DE","og_type":"article","og_title":"Physik Lernfortschritt","og_description":"Hier siehst du alle Lektionen eines Kapitels mit ihren Abh\u00e4ngigkeiten. Die Lektionen bauen in der Regel aufeinander auf.","og_url":"https:\/\/nurlernen.de\/physik\/physik-lernfortschritt\/","og_site_name":"Physik Lernen","article_modified_time":"2025-08-19T14:49:19+00:00","twitter_card":"summary_large_image","twitter_misc":{"Gesch\u00e4tzte Lesezeit":"1\u00a0Minute"},"schema":{"@context":"https:\/\/schema.org","@graph":[{"@type":"WebPage","@id":"https:\/\/nurlernen.de\/physik\/physik-lernfortschritt\/","url":"https:\/\/nurlernen.de\/physik\/physik-lernfortschritt\/","name":"Physik Lernfortschritt","isPartOf":{"@id":"https:\/\/nurlernen.de\/physik\/#website"},"datePublished":"2021-07-19T05:53:31+00:00","dateModified":"2025-08-19T14:49:19+00:00","description":"Hier siehst du alle Lektionen eines Kapitels mit ihren Abh\u00e4ngigkeiten. Die Lektionen bauen in der Regel aufeinander auf.","breadcrumb":{"@id":"https:\/\/nurlernen.de\/physik\/physik-lernfortschritt\/#breadcrumb"},"inLanguage":"de","potentialAction":[{"@type":"ReadAction","target":["https:\/\/nurlernen.de\/physik\/physik-lernfortschritt\/"]}]},{"@type":"BreadcrumbList","@id":"https:\/\/nurlernen.de\/physik\/physik-lernfortschritt\/#breadcrumb","itemListElement":[{"@type":"ListItem","position":1,"name":"Startseite","item":"https:\/\/nurlernen.de\/physik\/"},{"@type":"ListItem","position":2,"name":"Physik Lernfortschritt"}]},{"@type":"WebSite","@id":"https:\/\/nurlernen.de\/physik\/#website","url":"https:\/\/nurlernen.de\/physik\/","name":"Physik Lernen","description":"Kostenlose \u00dcbungen zur Klausur- und Abi-Vorbereitung","publisher":{"@id":"https:\/\/nurlernen.de\/physik\/#organization"},"potentialAction":[{"@type":"SearchAction","target":{"@type":"EntryPoint","urlTemplate":"https:\/\/nurlernen.de\/physik\/?s={search_term_string}"},"query-input":{"@type":"PropertyValueSpecification","valueRequired":true,"valueName":"search_term_string"}}],"inLanguage":"de"},{"@type":"Organization","@id":"https:\/\/nurlernen.de\/physik\/#organization","name":"Physik Lernen","url":"https:\/\/nurlernen.de\/physik\/","logo":{"@type":"ImageObject","inLanguage":"de","@id":"https:\/\/nurlernen.de\/physik\/#\/schema\/logo\/image\/","url":"https:\/\/nurlernen.de\/physik\/wp-content\/uploads\/sites\/3\/2025\/07\/l_100040_a_de.png","contentUrl":"https:\/\/nurlernen.de\/physik\/wp-content\/uploads\/sites\/3\/2025\/07\/l_100040_a_de.png","width":530,"height":530,"caption":"Physik Lernen"},"image":{"@id":"https:\/\/nurlernen.de\/physik\/#\/schema\/logo\/image\/"},"sameAs":["https:\/\/www.instagram.com\/nurlernen.de\/"]}]}},"_links":{"self":[{"href":"https:\/\/nurlernen.de\/physik\/wp-json\/wp\/v2\/pages\/1540","targetHints":{"allow":["GET"]}}],"collection":[{"href":"https:\/\/nurlernen.de\/physik\/wp-json\/wp\/v2\/pages"}],"about":[{"href":"https:\/\/nurlernen.de\/physik\/wp-json\/wp\/v2\/types\/page"}],"author":[{"embeddable":true,"href":"https:\/\/nurlernen.de\/physik\/wp-json\/wp\/v2\/users\/1"}],"replies":[{"embeddable":true,"href":"https:\/\/nurlernen.de\/physik\/wp-json\/wp\/v2\/comments?post=1540"}],"version-history":[{"count":6,"href":"https:\/\/nurlernen.de\/physik\/wp-json\/wp\/v2\/pages\/1540\/revisions"}],"predecessor-version":[{"id":2870,"href":"https:\/\/nurlernen.de\/physik\/wp-json\/wp\/v2\/pages\/1540\/revisions\/2870"}],"wp:attachment":[{"href":"https:\/\/nurlernen.de\/physik\/wp-json\/wp\/v2\/media?parent=1540"}],"curies":[{"name":"wp","href":"https:\/\/api.w.org\/{rel}","templated":true}]}}