{"id":1849,"date":"2021-09-23T18:56:47","date_gmt":"2021-09-23T18:56:47","guid":{"rendered":"https:\/\/lernenabitur.de\/?page_id=1849"},"modified":"2025-10-29T08:43:31","modified_gmt":"2025-10-29T07:43:31","slug":"physik-fragenkatalog","status":"publish","type":"page","link":"https:\/\/nurlernen.de\/physik\/physik-fragenkatalog\/","title":{"rendered":"Physik Fragenkatalog"},"content":{"rendered":"\n<p>Hier kannst du dir unsere Frageliste anschauen. Du kannst bis zu 10 Fragen zur Erstellung eines Physik-Tests ausw\u00e4hlen. Anschlie\u00dfend kannst du ausw\u00e4hlen, ob du nur die Fragen, oder die Fragen inklusive den Antworten ausgeben m\u00f6chtest. Anschlie\u00dfend kannst du die Fragen ausdrucken.<\/p>\n\n\n\n\r\n\t\t\r\n\t\t<!--h2>Lernkontrolle<\/h2-->\r\n\t\t<div id=\"settings_layout\">\r\n\t\t\t<p><button id=\"startQuizButton\" onclick=\"loadAllQuestionsFromXML(quizFileName);\" >Lade Frageliste<\/button><\/p>\r\n\t\t\t<p id =\"loading_list_spinner\" style=\"display:none;\">Frageliste wird geladen...<span class=\"fa fa-spinner fa-pulse\"><\/span><\/p>\t\t\t\t\t\t\t\t\r\n\t\t<\/div>\r\n\t\t\t\r\n\t\t<script>\r\n\t\tdocument.addEventListener(\"DOMContentLoaded\", function() {\r\n\t\t\tnmb_hide_Statistics();\r\n\t\t});\r\n\t\t\r\n\t\tfunction updateMath(htmlElement){\r\n\t\t\trenderMathInElement(document.getElementById(htmlElement),\t\r\n\t\t\t{delimiters: [{left: \"$$\", right: \"$$\", display: true},\r\n\t\t\t\t\r\n\t\t\t\t{left: \"$\", right: \"$\", display: false},\r\n\t\t\t\t]});\r\n\t\t\t\r\n\t\t}\r\n\t\t\r\n\t\t<\/script>\n","protected":false},"excerpt":{"rendered":"<p>Hier kannst du dir unsere Frageliste anschauen. Du kannst bis zu 10 Fragen zur Erstellung eines Physik-Tests ausw\u00e4hlen. Anschlie\u00dfend kannst du ausw\u00e4hlen, ob du nur die Fragen, oder die Fragen inklusive den Antworten ausgeben m\u00f6chtest. Anschlie\u00dfend kannst du die Fragen ausdrucken.<\/p>\n","protected":false},"author":1,"featured_media":0,"parent":0,"menu_order":0,"comment_status":"closed","ping_status":"closed","template":"","meta":{"footnotes":""},"class_list":["post-1849","page","type-page","status-publish"],"yoast_head":"<!-- This site is optimized with the Yoast SEO plugin v27.3 - https:\/\/yoast.com\/product\/yoast-seo-wordpress\/ -->\n<title>Physik Fragenkatalog<\/title>\n<meta name=\"description\" content=\"Hier k\u00f6nnen Lehrkr\u00e4fte aus \u00fcber 1000 kostenlose Fragen eigene Tests erstellen (mit oder ohne Antworten) und diese ausdrucken lassen.\" \/>\n<meta name=\"robots\" content=\"index, follow, max-snippet:-1, max-image-preview:large, max-video-preview:-1\" \/>\n<link rel=\"canonical\" href=\"https:\/\/nurlernen.de\/physik\/physik-fragenkatalog\/\" \/>\n<meta property=\"og:locale\" content=\"de_DE\" \/>\n<meta property=\"og:type\" content=\"article\" \/>\n<meta property=\"og:title\" content=\"Physik Fragenkatalog\" \/>\n<meta property=\"og:description\" content=\"Hier k\u00f6nnen Lehrkr\u00e4fte aus \u00fcber 1000 kostenlose Fragen eigene Tests erstellen (mit oder ohne Antworten) und diese ausdrucken lassen.\" \/>\n<meta property=\"og:url\" content=\"https:\/\/nurlernen.de\/physik\/physik-fragenkatalog\/\" \/>\n<meta property=\"og:site_name\" content=\"Physik Lernen\" \/>\n<meta property=\"article:modified_time\" content=\"2025-10-29T07:43:31+00:00\" \/>\n<meta name=\"twitter:card\" content=\"summary_large_image\" \/>\n<meta name=\"twitter:label1\" content=\"Gesch\u00e4tzte Lesezeit\" \/>\n\t<meta name=\"twitter:data1\" content=\"1\u00a0Minute\" \/>\n<script type=\"application\/ld+json\" class=\"yoast-schema-graph\">{\"@context\":\"https:\\\/\\\/schema.org\",\"@graph\":[{\"@type\":\"WebPage\",\"@id\":\"https:\\\/\\\/nurlernen.de\\\/physik\\\/physik-fragenkatalog\\\/\",\"url\":\"https:\\\/\\\/nurlernen.de\\\/physik\\\/physik-fragenkatalog\\\/\",\"name\":\"Physik Fragenkatalog\",\"isPartOf\":{\"@id\":\"https:\\\/\\\/nurlernen.de\\\/physik\\\/#website\"},\"datePublished\":\"2021-09-23T18:56:47+00:00\",\"dateModified\":\"2025-10-29T07:43:31+00:00\",\"description\":\"Hier k\u00f6nnen Lehrkr\u00e4fte aus \u00fcber 1000 kostenlose Fragen eigene Tests erstellen (mit oder ohne Antworten) und diese ausdrucken lassen.\",\"breadcrumb\":{\"@id\":\"https:\\\/\\\/nurlernen.de\\\/physik\\\/physik-fragenkatalog\\\/#breadcrumb\"},\"inLanguage\":\"de\",\"potentialAction\":[{\"@type\":\"ReadAction\",\"target\":[\"https:\\\/\\\/nurlernen.de\\\/physik\\\/physik-fragenkatalog\\\/\"]}]},{\"@type\":\"BreadcrumbList\",\"@id\":\"https:\\\/\\\/nurlernen.de\\\/physik\\\/physik-fragenkatalog\\\/#breadcrumb\",\"itemListElement\":[{\"@type\":\"ListItem\",\"position\":1,\"name\":\"Startseite\",\"item\":\"https:\\\/\\\/nurlernen.de\\\/physik\\\/\"},{\"@type\":\"ListItem\",\"position\":2,\"name\":\"Physik Fragenkatalog\"}]},{\"@type\":\"WebSite\",\"@id\":\"https:\\\/\\\/nurlernen.de\\\/physik\\\/#website\",\"url\":\"https:\\\/\\\/nurlernen.de\\\/physik\\\/\",\"name\":\"Physik Lernen\",\"description\":\"Kostenlose \u00dcbungen zur Klausur- und Abi-Vorbereitung\",\"publisher\":{\"@id\":\"https:\\\/\\\/nurlernen.de\\\/physik\\\/#organization\"},\"potentialAction\":[{\"@type\":\"SearchAction\",\"target\":{\"@type\":\"EntryPoint\",\"urlTemplate\":\"https:\\\/\\\/nurlernen.de\\\/physik\\\/?s={search_term_string}\"},\"query-input\":{\"@type\":\"PropertyValueSpecification\",\"valueRequired\":true,\"valueName\":\"search_term_string\"}}],\"inLanguage\":\"de\"},{\"@type\":\"Organization\",\"@id\":\"https:\\\/\\\/nurlernen.de\\\/physik\\\/#organization\",\"name\":\"Physik Lernen\",\"url\":\"https:\\\/\\\/nurlernen.de\\\/physik\\\/\",\"logo\":{\"@type\":\"ImageObject\",\"inLanguage\":\"de\",\"@id\":\"https:\\\/\\\/nurlernen.de\\\/physik\\\/#\\\/schema\\\/logo\\\/image\\\/\",\"url\":\"https:\\\/\\\/nurlernen.de\\\/physik\\\/wp-content\\\/uploads\\\/sites\\\/3\\\/2025\\\/07\\\/l_100040_a_de.png\",\"contentUrl\":\"https:\\\/\\\/nurlernen.de\\\/physik\\\/wp-content\\\/uploads\\\/sites\\\/3\\\/2025\\\/07\\\/l_100040_a_de.png\",\"width\":530,\"height\":530,\"caption\":\"Physik Lernen\"},\"image\":{\"@id\":\"https:\\\/\\\/nurlernen.de\\\/physik\\\/#\\\/schema\\\/logo\\\/image\\\/\"},\"sameAs\":[\"https:\\\/\\\/www.instagram.com\\\/nurlernen.de\\\/\"]}]}<\/script>\n<!-- \/ Yoast SEO plugin. -->","yoast_head_json":{"title":"Physik Fragenkatalog","description":"Hier k\u00f6nnen Lehrkr\u00e4fte aus \u00fcber 1000 kostenlose Fragen eigene Tests erstellen (mit oder ohne Antworten) und diese ausdrucken lassen.","robots":{"index":"index","follow":"follow","max-snippet":"max-snippet:-1","max-image-preview":"max-image-preview:large","max-video-preview":"max-video-preview:-1"},"canonical":"https:\/\/nurlernen.de\/physik\/physik-fragenkatalog\/","og_locale":"de_DE","og_type":"article","og_title":"Physik Fragenkatalog","og_description":"Hier k\u00f6nnen Lehrkr\u00e4fte aus \u00fcber 1000 kostenlose Fragen eigene Tests erstellen (mit oder ohne Antworten) und diese ausdrucken lassen.","og_url":"https:\/\/nurlernen.de\/physik\/physik-fragenkatalog\/","og_site_name":"Physik Lernen","article_modified_time":"2025-10-29T07:43:31+00:00","twitter_card":"summary_large_image","twitter_misc":{"Gesch\u00e4tzte Lesezeit":"1\u00a0Minute"},"schema":{"@context":"https:\/\/schema.org","@graph":[{"@type":"WebPage","@id":"https:\/\/nurlernen.de\/physik\/physik-fragenkatalog\/","url":"https:\/\/nurlernen.de\/physik\/physik-fragenkatalog\/","name":"Physik Fragenkatalog","isPartOf":{"@id":"https:\/\/nurlernen.de\/physik\/#website"},"datePublished":"2021-09-23T18:56:47+00:00","dateModified":"2025-10-29T07:43:31+00:00","description":"Hier k\u00f6nnen Lehrkr\u00e4fte aus \u00fcber 1000 kostenlose Fragen eigene Tests erstellen (mit oder ohne Antworten) und diese ausdrucken lassen.","breadcrumb":{"@id":"https:\/\/nurlernen.de\/physik\/physik-fragenkatalog\/#breadcrumb"},"inLanguage":"de","potentialAction":[{"@type":"ReadAction","target":["https:\/\/nurlernen.de\/physik\/physik-fragenkatalog\/"]}]},{"@type":"BreadcrumbList","@id":"https:\/\/nurlernen.de\/physik\/physik-fragenkatalog\/#breadcrumb","itemListElement":[{"@type":"ListItem","position":1,"name":"Startseite","item":"https:\/\/nurlernen.de\/physik\/"},{"@type":"ListItem","position":2,"name":"Physik Fragenkatalog"}]},{"@type":"WebSite","@id":"https:\/\/nurlernen.de\/physik\/#website","url":"https:\/\/nurlernen.de\/physik\/","name":"Physik Lernen","description":"Kostenlose \u00dcbungen zur Klausur- und Abi-Vorbereitung","publisher":{"@id":"https:\/\/nurlernen.de\/physik\/#organization"},"potentialAction":[{"@type":"SearchAction","target":{"@type":"EntryPoint","urlTemplate":"https:\/\/nurlernen.de\/physik\/?s={search_term_string}"},"query-input":{"@type":"PropertyValueSpecification","valueRequired":true,"valueName":"search_term_string"}}],"inLanguage":"de"},{"@type":"Organization","@id":"https:\/\/nurlernen.de\/physik\/#organization","name":"Physik Lernen","url":"https:\/\/nurlernen.de\/physik\/","logo":{"@type":"ImageObject","inLanguage":"de","@id":"https:\/\/nurlernen.de\/physik\/#\/schema\/logo\/image\/","url":"https:\/\/nurlernen.de\/physik\/wp-content\/uploads\/sites\/3\/2025\/07\/l_100040_a_de.png","contentUrl":"https:\/\/nurlernen.de\/physik\/wp-content\/uploads\/sites\/3\/2025\/07\/l_100040_a_de.png","width":530,"height":530,"caption":"Physik Lernen"},"image":{"@id":"https:\/\/nurlernen.de\/physik\/#\/schema\/logo\/image\/"},"sameAs":["https:\/\/www.instagram.com\/nurlernen.de\/"]}]}},"_links":{"self":[{"href":"https:\/\/nurlernen.de\/physik\/wp-json\/wp\/v2\/pages\/1849","targetHints":{"allow":["GET"]}}],"collection":[{"href":"https:\/\/nurlernen.de\/physik\/wp-json\/wp\/v2\/pages"}],"about":[{"href":"https:\/\/nurlernen.de\/physik\/wp-json\/wp\/v2\/types\/page"}],"author":[{"embeddable":true,"href":"https:\/\/nurlernen.de\/physik\/wp-json\/wp\/v2\/users\/1"}],"replies":[{"embeddable":true,"href":"https:\/\/nurlernen.de\/physik\/wp-json\/wp\/v2\/comments?post=1849"}],"version-history":[{"count":1,"href":"https:\/\/nurlernen.de\/physik\/wp-json\/wp\/v2\/pages\/1849\/revisions"}],"predecessor-version":[{"id":2569,"href":"https:\/\/nurlernen.de\/physik\/wp-json\/wp\/v2\/pages\/1849\/revisions\/2569"}],"wp:attachment":[{"href":"https:\/\/nurlernen.de\/physik\/wp-json\/wp\/v2\/media?parent=1849"}],"curies":[{"name":"wp","href":"https:\/\/api.w.org\/{rel}","templated":true}]}}