{"id":197,"date":"2020-03-27T11:15:52","date_gmt":"2020-03-27T10:15:52","guid":{"rendered":"http:\/\/www.niemma.de\/shop\/?p=197"},"modified":"2025-11-04T11:08:22","modified_gmt":"2025-11-04T10:08:22","slug":"was-ist-zeit","status":"publish","type":"page","link":"https:\/\/nurlernen.de\/physik\/was-ist-zeit\/","title":{"rendered":"Was ist Zeit?"},"content":{"rendered":"\n\r\n\t\t<style>\r\n\t\t\t.collapsible {\r\n\t\t\t\tcolor: #303f9f;\t\r\n\t\t\t\tcursor: pointer; \r\n\t\t\t}\r\n\t\t\t.collapsible:hover {\r\n\t\t\t  text-decoration: underline;\r\n\t\t\t}\r\n\r\n\t\t\t.hidden_content {\r\n\t\t\t\tdisplay: none;\r\n\t\t\t\tbackground-color: #eeeeee\t\t  \r\n\t\t\t}\r\n\t\t<\/style>\r\n\t\t\r\n\t\t<script>\r\n\t\t\tdocument.addEventListener(\"DOMContentLoaded\", function() {\r\n\t\t\t\trenderMathInElement(document.body,\t\r\n\t\t\t\t{delimiters: [{left: \"$$\", right: \"$$\", display: true},\r\n\t\t\t\t{left: \"$\", right: \"$\", display: false},\r\n\t\t\t\t]});\r\n\t\t\t});\r\n\t\t\r\n\t\t\twindow.WebFontConfig = {\r\n\t\t\t\tcustom: {\r\n\t\t\t\t  families: [\"KaTeX_AMS\", \"KaTeX_Caligraphic:n4,n7\", \"KaTeX_Fraktur:n4,n7\",\r\n\t\t\t\t\t\"KaTeX_Main:n4,n7,i4,i7\", \"KaTeX_Math:i4,i7\", \"KaTeX_Script\",\r\n\t\t\t\t\t\"KaTeX_SansSerif:n4,n7,i4\", \"KaTeX_Size1\", \"KaTeX_Size2\", \"KaTeX_Size3\",\r\n\t\t\t\t\t\"KaTeX_Size4\", \"KaTeX_Typewriter\"],\r\n\t\t\t\t},\r\n\t\t\t};\r\n\t\t\r\n\t\t\tdocument.addEventListener(\"DOMContentLoaded\", function() {\r\n\t\t\t\tvar coll = document.getElementsByClassName(\"collapsible\");\r\n\t\t\t\tvar i;\r\n\r\n\t\t\t\tfor (i = 0; i < coll.length; i++) {\r\n\t\t\t\t  coll[i].addEventListener(\"click\", function() {\r\n\t\t\t\t\t\tthis.classList.toggle(\"active\");\r\n\t\t\t\t\t\tvar content = this.nextElementSibling;\r\n\t\t\t\t\t\tif (content.style.display === \"block\") {\r\n\t\t\t\t\t\t  content.style.display = \"none\";\r\n\t\t\t\t\t\t} else {\r\n\t\t\t\t\t\t  content.style.display = \"block\";\r\n\t\t\t\t\t\t}\r\n\t\t\t\t  });\r\n\t\t\t\t}\r\n\t\t\t});\r\n\t\t\r\n\t\t<\/script>\n\n\n<div id=\"results\" class=\"container\">\n<ol>\n<li>Die Zeit ist eine physikalische Gr\u00f6\u00dfe, die i. d. R. durch die Variable <i>t<\/i> dargestellt wird und die SI-Einheit Sekunde <i>[s]<\/i> hat.<\/li>\n<li>Andere Einheiten f\u00fcr die Zeit sind:\n<ul>\n<li>1 Minute [min] = 60 Sekunden, 1 Stunde [h] = 60 Minuten = 3600 Sekunden, 1 Tag [d] = 24 Stunden<\/li>\n<li>1 Millisekunde [ms] = 0.001 Sekunde (ein Tausendstel einer Sekunde), 1 Mikrosekunde [\u00b5s] = 0.000001 Sekunde (ein Millionstel einer Sekunde), 1 Nanosekunde [ns] = 0.000000001 Sekunde (ein Milliardstel einer Sekunde)<\/li>\n<\/ul>\n<\/li>\n<li>Die Zeit ist kein Vektor, sondern eine skalare Gr\u00f6\u00dfe, d. h. eine Zahl.<\/li>\n<li>Die Zeit l\u00e4uft nur in eine Richtung, n\u00e4mlich in die Zukunft. Keine Theorie kann dies bisher begr\u00fcnden.<\/li>\n<li>Die physikalischen Gesetze sind invariant gegen\u00fcber der Zeit, d. h. sie gelten unabh\u00e4ngig, ob die Zeit vorw\u00e4rts oder r\u00fcckw\u00e4rts l\u00e4uft.<\/li>\n<li>Die Zeit l\u00e4uft nicht \u00fcberall im Universum gleich schnell ab. Je schneller sich ein Objekt bewegt, desto langsamer l\u00e4uft seine Zeit. Die Zeit l\u00e4uft in der Umgebung von schweren Objekten (z. B. Sternen und schwarzen L\u00f6chern) langsamer ab.<\/li>\n<li>Einige Wissenschaftler behaupten, dass die Zeit gar nicht existiert. Die Zeit ist nur ein Hilfsmittel unseres Gehirns, um sich die Abfolge von Ereignissen merken und diese verstehen zu k\u00f6nnen.<\/li>\n<li>Die Zeit ist zusammen mit dem Raum w\u00e4hrend des Urknalls vor ca. 13,81 Milliarden Jahren entstanden.<\/li>\n<\/ol>\n<\/div>\n\n\n<p><button onclick=\"location.href='https:\/\/nurlernen.de\/physik\/physik-inhalte\/'\">Lernbereich<\/button>\r\n<!--button onclick=\"location.href='https:\/\/nurlernen.de\/physik\/physik-lernkontrolle\/'\">Lernkontrolle<\/button-->\r\n<!--button onclick=\"location.href='\/physik-fragenkatalog'\"&gt;Fragenkatalog (F\u00fcr Lehrer)&lt;\/button-->\r\n<\/p>\n","protected":false},"excerpt":{"rendered":"<p>Die Zeit ist eine physikalische Gr\u00f6\u00dfe, die i. d. R. durch die Variable <i>t<\/i> dargestellt wird und die SI-Einheit Sekunde <i>[s]<\/i> hat.<\/p>\n","protected":false},"author":1,"featured_media":0,"parent":0,"menu_order":0,"comment_status":"open","ping_status":"open","template":"","meta":{"footnotes":""},"class_list":["post-197","page","type-page","status-publish"],"yoast_head":"<!-- This site is optimized with the Yoast SEO plugin v27.5 - https:\/\/yoast.com\/product\/yoast-seo-wordpress\/ -->\n<title>Was ist Zeit? Das wei\u00df keiner!<\/title>\n<meta name=\"description\" content=\"Die Zeit ist eine physikalische Gr\u00f6\u00dfe, die i. d. R. durch die Variable t dargestellt wird und die SI-Einheit Sekunde [s] hat.\" \/>\n<meta name=\"robots\" content=\"index, follow, max-snippet:-1, max-image-preview:large, max-video-preview:-1\" \/>\n<link rel=\"canonical\" href=\"https:\/\/nurlernen.de\/physik\/was-ist-zeit\/\" \/>\n<meta property=\"og:locale\" content=\"de_DE\" \/>\n<meta property=\"og:type\" content=\"article\" \/>\n<meta property=\"og:title\" content=\"Was ist Zeit? Das wei\u00df keiner!\" \/>\n<meta property=\"og:description\" content=\"Die Zeit ist eine physikalische Gr\u00f6\u00dfe, die i. d. R. durch die Variable t dargestellt wird und die SI-Einheit Sekunde [s] hat.\" \/>\n<meta property=\"og:url\" content=\"https:\/\/nurlernen.de\/physik\/was-ist-zeit\/\" \/>\n<meta property=\"og:site_name\" content=\"Physik Lernen\" \/>\n<meta property=\"article:modified_time\" content=\"2025-11-04T10:08:22+00:00\" \/>\n<meta name=\"twitter:card\" content=\"summary_large_image\" \/>\n<meta name=\"twitter:label1\" content=\"Gesch\u00e4tzte Lesezeit\" \/>\n\t<meta name=\"twitter:data1\" content=\"2\u00a0Minuten\" \/>\n<script type=\"application\/ld+json\" class=\"yoast-schema-graph\">{\"@context\":\"https:\\\/\\\/schema.org\",\"@graph\":[{\"@type\":\"WebPage\",\"@id\":\"https:\\\/\\\/nurlernen.de\\\/physik\\\/was-ist-zeit\\\/\",\"url\":\"https:\\\/\\\/nurlernen.de\\\/physik\\\/was-ist-zeit\\\/\",\"name\":\"Was ist Zeit? Das wei\u00df keiner!\",\"isPartOf\":{\"@id\":\"https:\\\/\\\/nurlernen.de\\\/physik\\\/#website\"},\"datePublished\":\"2020-03-27T10:15:52+00:00\",\"dateModified\":\"2025-11-04T10:08:22+00:00\",\"description\":\"Die Zeit ist eine physikalische Gr\u00f6\u00dfe, die i. d. R. durch die Variable t dargestellt wird und die SI-Einheit Sekunde [s] hat.\",\"breadcrumb\":{\"@id\":\"https:\\\/\\\/nurlernen.de\\\/physik\\\/was-ist-zeit\\\/#breadcrumb\"},\"inLanguage\":\"de\",\"potentialAction\":[{\"@type\":\"ReadAction\",\"target\":[\"https:\\\/\\\/nurlernen.de\\\/physik\\\/was-ist-zeit\\\/\"]}]},{\"@type\":\"BreadcrumbList\",\"@id\":\"https:\\\/\\\/nurlernen.de\\\/physik\\\/was-ist-zeit\\\/#breadcrumb\",\"itemListElement\":[{\"@type\":\"ListItem\",\"position\":1,\"name\":\"Startseite\",\"item\":\"https:\\\/\\\/nurlernen.de\\\/physik\\\/\"},{\"@type\":\"ListItem\",\"position\":2,\"name\":\"Was ist Zeit?\"}]},{\"@type\":\"WebSite\",\"@id\":\"https:\\\/\\\/nurlernen.de\\\/physik\\\/#website\",\"url\":\"https:\\\/\\\/nurlernen.de\\\/physik\\\/\",\"name\":\"Physik Lernen\",\"description\":\"Kostenlose \u00dcbungen zur Klausur- und Abi-Vorbereitung\",\"publisher\":{\"@id\":\"https:\\\/\\\/nurlernen.de\\\/physik\\\/#organization\"},\"potentialAction\":[{\"@type\":\"SearchAction\",\"target\":{\"@type\":\"EntryPoint\",\"urlTemplate\":\"https:\\\/\\\/nurlernen.de\\\/physik\\\/?s={search_term_string}\"},\"query-input\":{\"@type\":\"PropertyValueSpecification\",\"valueRequired\":true,\"valueName\":\"search_term_string\"}}],\"inLanguage\":\"de\"},{\"@type\":\"Organization\",\"@id\":\"https:\\\/\\\/nurlernen.de\\\/physik\\\/#organization\",\"name\":\"Physik Lernen\",\"url\":\"https:\\\/\\\/nurlernen.de\\\/physik\\\/\",\"logo\":{\"@type\":\"ImageObject\",\"inLanguage\":\"de\",\"@id\":\"https:\\\/\\\/nurlernen.de\\\/physik\\\/#\\\/schema\\\/logo\\\/image\\\/\",\"url\":\"https:\\\/\\\/nurlernen.de\\\/physik\\\/wp-content\\\/uploads\\\/sites\\\/3\\\/2025\\\/07\\\/l_100040_a_de.png\",\"contentUrl\":\"https:\\\/\\\/nurlernen.de\\\/physik\\\/wp-content\\\/uploads\\\/sites\\\/3\\\/2025\\\/07\\\/l_100040_a_de.png\",\"width\":530,\"height\":530,\"caption\":\"Physik Lernen\"},\"image\":{\"@id\":\"https:\\\/\\\/nurlernen.de\\\/physik\\\/#\\\/schema\\\/logo\\\/image\\\/\"},\"sameAs\":[\"https:\\\/\\\/www.instagram.com\\\/nurlernen.de\\\/\"]}]}<\/script>\n<!-- \/ Yoast SEO plugin. -->","yoast_head_json":{"title":"Was ist Zeit? Das wei\u00df keiner!","description":"Die Zeit ist eine physikalische Gr\u00f6\u00dfe, die i. d. R. durch die Variable t dargestellt wird und die SI-Einheit Sekunde [s] hat.","robots":{"index":"index","follow":"follow","max-snippet":"max-snippet:-1","max-image-preview":"max-image-preview:large","max-video-preview":"max-video-preview:-1"},"canonical":"https:\/\/nurlernen.de\/physik\/was-ist-zeit\/","og_locale":"de_DE","og_type":"article","og_title":"Was ist Zeit? Das wei\u00df keiner!","og_description":"Die Zeit ist eine physikalische Gr\u00f6\u00dfe, die i. d. R. durch die Variable t dargestellt wird und die SI-Einheit Sekunde [s] hat.","og_url":"https:\/\/nurlernen.de\/physik\/was-ist-zeit\/","og_site_name":"Physik Lernen","article_modified_time":"2025-11-04T10:08:22+00:00","twitter_card":"summary_large_image","twitter_misc":{"Gesch\u00e4tzte Lesezeit":"2\u00a0Minuten"},"schema":{"@context":"https:\/\/schema.org","@graph":[{"@type":"WebPage","@id":"https:\/\/nurlernen.de\/physik\/was-ist-zeit\/","url":"https:\/\/nurlernen.de\/physik\/was-ist-zeit\/","name":"Was ist Zeit? Das wei\u00df keiner!","isPartOf":{"@id":"https:\/\/nurlernen.de\/physik\/#website"},"datePublished":"2020-03-27T10:15:52+00:00","dateModified":"2025-11-04T10:08:22+00:00","description":"Die Zeit ist eine physikalische Gr\u00f6\u00dfe, die i. d. R. durch die Variable t dargestellt wird und die SI-Einheit Sekunde [s] hat.","breadcrumb":{"@id":"https:\/\/nurlernen.de\/physik\/was-ist-zeit\/#breadcrumb"},"inLanguage":"de","potentialAction":[{"@type":"ReadAction","target":["https:\/\/nurlernen.de\/physik\/was-ist-zeit\/"]}]},{"@type":"BreadcrumbList","@id":"https:\/\/nurlernen.de\/physik\/was-ist-zeit\/#breadcrumb","itemListElement":[{"@type":"ListItem","position":1,"name":"Startseite","item":"https:\/\/nurlernen.de\/physik\/"},{"@type":"ListItem","position":2,"name":"Was ist Zeit?"}]},{"@type":"WebSite","@id":"https:\/\/nurlernen.de\/physik\/#website","url":"https:\/\/nurlernen.de\/physik\/","name":"Physik Lernen","description":"Kostenlose \u00dcbungen zur Klausur- und Abi-Vorbereitung","publisher":{"@id":"https:\/\/nurlernen.de\/physik\/#organization"},"potentialAction":[{"@type":"SearchAction","target":{"@type":"EntryPoint","urlTemplate":"https:\/\/nurlernen.de\/physik\/?s={search_term_string}"},"query-input":{"@type":"PropertyValueSpecification","valueRequired":true,"valueName":"search_term_string"}}],"inLanguage":"de"},{"@type":"Organization","@id":"https:\/\/nurlernen.de\/physik\/#organization","name":"Physik Lernen","url":"https:\/\/nurlernen.de\/physik\/","logo":{"@type":"ImageObject","inLanguage":"de","@id":"https:\/\/nurlernen.de\/physik\/#\/schema\/logo\/image\/","url":"https:\/\/nurlernen.de\/physik\/wp-content\/uploads\/sites\/3\/2025\/07\/l_100040_a_de.png","contentUrl":"https:\/\/nurlernen.de\/physik\/wp-content\/uploads\/sites\/3\/2025\/07\/l_100040_a_de.png","width":530,"height":530,"caption":"Physik Lernen"},"image":{"@id":"https:\/\/nurlernen.de\/physik\/#\/schema\/logo\/image\/"},"sameAs":["https:\/\/www.instagram.com\/nurlernen.de\/"]}]}},"_links":{"self":[{"href":"https:\/\/nurlernen.de\/physik\/wp-json\/wp\/v2\/pages\/197","targetHints":{"allow":["GET"]}}],"collection":[{"href":"https:\/\/nurlernen.de\/physik\/wp-json\/wp\/v2\/pages"}],"about":[{"href":"https:\/\/nurlernen.de\/physik\/wp-json\/wp\/v2\/types\/page"}],"author":[{"embeddable":true,"href":"https:\/\/nurlernen.de\/physik\/wp-json\/wp\/v2\/users\/1"}],"replies":[{"embeddable":true,"href":"https:\/\/nurlernen.de\/physik\/wp-json\/wp\/v2\/comments?post=197"}],"version-history":[{"count":3,"href":"https:\/\/nurlernen.de\/physik\/wp-json\/wp\/v2\/pages\/197\/revisions"}],"predecessor-version":[{"id":2790,"href":"https:\/\/nurlernen.de\/physik\/wp-json\/wp\/v2\/pages\/197\/revisions\/2790"}],"wp:attachment":[{"href":"https:\/\/nurlernen.de\/physik\/wp-json\/wp\/v2\/media?parent=197"}],"curies":[{"name":"wp","href":"https:\/\/api.w.org\/{rel}","templated":true}]}}