{"id":207,"date":"2020-03-27T21:20:53","date_gmt":"2020-03-27T20:20:53","guid":{"rendered":"http:\/\/www.niemma.de\/shop\/?p=207"},"modified":"2025-10-27T09:03:33","modified_gmt":"2025-10-27T08:03:33","slug":"was-ist-position","status":"publish","type":"page","link":"https:\/\/nurlernen.de\/physik\/was-ist-position\/","title":{"rendered":"Was ist Position?"},"content":{"rendered":"\n\r\n\t\t<style>\r\n\t\t\t.collapsible {\r\n\t\t\t\tcolor: #303f9f;\t\r\n\t\t\t\tcursor: pointer; \r\n\t\t\t}\r\n\t\t\t.collapsible:hover {\r\n\t\t\t  text-decoration: underline;\r\n\t\t\t}\r\n\r\n\t\t\t.hidden_content {\r\n\t\t\t\tdisplay: none;\r\n\t\t\t\tbackground-color: #eeeeee\t\t  \r\n\t\t\t}\r\n\t\t<\/style>\r\n\t\t\r\n\t\t<script>\r\n\t\t\tdocument.addEventListener(\"DOMContentLoaded\", function() {\r\n\t\t\t\trenderMathInElement(document.body,\t\r\n\t\t\t\t{delimiters: [{left: \"$$\", right: \"$$\", display: true},\r\n\t\t\t\t{left: \"$\", right: \"$\", display: false},\r\n\t\t\t\t]});\r\n\t\t\t});\r\n\t\t\r\n\t\t\twindow.WebFontConfig = {\r\n\t\t\t\tcustom: {\r\n\t\t\t\t  families: [\"KaTeX_AMS\", \"KaTeX_Caligraphic:n4,n7\", \"KaTeX_Fraktur:n4,n7\",\r\n\t\t\t\t\t\"KaTeX_Main:n4,n7,i4,i7\", \"KaTeX_Math:i4,i7\", \"KaTeX_Script\",\r\n\t\t\t\t\t\"KaTeX_SansSerif:n4,n7,i4\", \"KaTeX_Size1\", \"KaTeX_Size2\", \"KaTeX_Size3\",\r\n\t\t\t\t\t\"KaTeX_Size4\", \"KaTeX_Typewriter\"],\r\n\t\t\t\t},\r\n\t\t\t};\r\n\t\t\r\n\t\t\tdocument.addEventListener(\"DOMContentLoaded\", function() {\r\n\t\t\t\tvar coll = document.getElementsByClassName(\"collapsible\");\r\n\t\t\t\tvar i;\r\n\r\n\t\t\t\tfor (i = 0; i < coll.length; i++) {\r\n\t\t\t\t  coll[i].addEventListener(\"click\", function() {\r\n\t\t\t\t\t\tthis.classList.toggle(\"active\");\r\n\t\t\t\t\t\tvar content = this.nextElementSibling;\r\n\t\t\t\t\t\tif (content.style.display === \"block\") {\r\n\t\t\t\t\t\t  content.style.display = \"none\";\r\n\t\t\t\t\t\t} else {\r\n\t\t\t\t\t\t  content.style.display = \"block\";\r\n\t\t\t\t\t\t}\r\n\t\t\t\t  });\r\n\t\t\t\t}\r\n\t\t\t});\r\n\t\t\r\n\t\t<\/script>\n<div id=\"results\" class=\"container\">\n    \n    <ol>\n      <li>Die Position oder der Ort ist eine Gr\u00f6\u00dfe, die erlaubt ein Objekt im Raum zu lokalisieren.<\/li>\n      <li>Zur Beschreibung der Position von Objekten bietet die Mathematik ein Werkzeug namens Koordinatensystem an.<\/li>\n      <li>Die Position oder der Ort eines Objektes in einem Koordinatensystem entspricht einem Punkt in diesem Koordinatensystem.<\/li>\n      <li>Um einen Punkt in einem Koordinatensystem eindeutig zu beschreiben, m\u00fcssen bestimmte Informationen angegeben werden. Diese werden Koordinaten genannt, durch Kommata voneinander getrennt und in Klammern gesetzt. Bei nur einer Koordinate, k\u00f6nnen die Klammern weggelassen werden.\n      <\/li>\n      <ul>\n        <li>Beispiel: Punkt A hat die Koordinaten (5,8) in einem Koordinatensystem.\n        <\/li>\n        <li>Beispiel: Punkt B hat die Koordinaten (-1,0,8) in einem Koordinatensystem.<\/li>\n      <\/ul>\n      <li>Die Anzahl der Angaben (Koordinaten), die ben\u00f6tigt werden, um eine Position in einem Koordinatensystem eindeutig zu beschreiben, wird als die Dimension des Koordinatensystems bezeichnet.\n      <\/li>\n      <ul>\n        <li>Beispiel: Punkt A mit Koordinaten (5,8) existiert in einem zweidimensionalen Koordinatensystem.<\/li>\n        <li>Beispiel: Punkt B mit Koordinaten (-1,0,8) existiert in einem dreidimensionalen Koordinatensystem.<\/li>\n      <\/ul>\n\t  <li>Der physikalische Raum, den wir Menschen begreifen und erfassen k\u00f6nnen, hat drei Dimensionen. Einige Theorien der Physik, wie die String-Theorie ben\u00f6tigen aber z. B. zehn Raumdimensionen. Teilchenbeschleuniger versuchen diese zus\u00e4tzlichen Dimensionen zu finden!<\/li>\n      <li>Der Punkt eines Koordinatensystems an dem alle Koordinaten Null sind, wird der Ursprung des Koordinatensystems genannt und i. d. R. mit O bezeichnet.<\/li>\n      <ul>\n        <li>Beispiel: Punkt (0,0) ist der Ursprung des zweidimensionalen Koordinatensystems.<\/li>\n        <li>Beispiel: Punkt (0,0,0) ist der Ursprung des dreidimensionalen Koordinatensystems.<\/li>\n      <\/ul>\n\t<li>Bei vielen physikalischen Aufgabestellungen kann ein <u> Koordinatensystem willk\u00fcrlich gew\u00e4hlt <\/u> werden, wodurch sich die Aufgabenstellung vereinfachen kann.\n\n<figure class=\"wp-block-image size-full\"><img decoding=\"async\" src=\"http:\/\/nurlernen.de\/physik\/wp-content\/uploads\/sites\/3\/2025\/07\/l_100040_a_de.png\" alt=\"Bezugsysteme\" class=\"wp-image-224\"><figcaption>Abbildung 1: Einige Bezugssysteme, die theoretisch f\u00fcr die Betrachtung eines Fallschirmspringers eingesetzt werden k\u00f6nnten. Viele dieser Bezugssysteme sind nicht praktisch.<\/figcaption><\/figure>\n\n<\/li>\n\t<li>Das Koordinatensystem, in dem eine Physikalische Aufgabenstellung betrachtet wird, bezeichnen wir als das Bezugsystem.<\/li>\n\t<li>Wie in der folgenden Abbildung dargestellt k\u00f6nnen physikalische Bezugssysteme ruhen, sich bewegen, sich beschleunigen, sich drehen, kartesische oder Polarkoordinaten besitzen, eine gekr\u00fcmmte Geometrie aufweisen u. v. m. \n\n\t<\/li>\n\t<li>Alles im Universum bewegt sich, deshalb k\u00f6nnen wir auch f\u00fcr unsere physikalischen Probleme beliebige Bezugssysteme ansetzen.<\/li>\n    <\/ol>\n\t\n\t<\/div>\n\n\n\n<p><button onclick=\"location.href='https:\/\/nurlernen.de\/physik\/physik-inhalte\/'\">Lernbereich<\/button>\r\n<!--button onclick=\"location.href='https:\/\/nurlernen.de\/physik\/physik-lernkontrolle\/'\">Lernkontrolle<\/button-->\r\n<!--button onclick=\"location.href='\/physik-fragenkatalog'\"&gt;Fragenkatalog (F\u00fcr Lehrer)&lt;\/button-->\r\n<\/p>\n","protected":false},"excerpt":{"rendered":"<p>Die Position oder der Ort ist eine Gr\u00f6\u00dfe, die erlaubt ein Objekt im Raum zu lokalisieren.<\/p>\n","protected":false},"author":1,"featured_media":0,"parent":0,"menu_order":0,"comment_status":"closed","ping_status":"closed","template":"","meta":{"footnotes":""},"class_list":["post-207","page","type-page","status-publish"],"yoast_head":"<!-- This site is optimized with the Yoast SEO plugin v27.5 - https:\/\/yoast.com\/product\/yoast-seo-wordpress\/ -->\n<title>Was ist Position?<\/title>\n<meta name=\"description\" content=\"Die Position oder der Ort ist eine Gr\u00f6\u00dfe, die erlaubt ein Objekt im Raum zu lokalisieren. Sie wird durch Koordinatensysteme dargestellt.\" \/>\n<meta name=\"robots\" content=\"index, follow, max-snippet:-1, max-image-preview:large, max-video-preview:-1\" \/>\n<link rel=\"canonical\" href=\"https:\/\/nurlernen.de\/physik\/was-ist-position\/\" \/>\n<meta property=\"og:locale\" content=\"de_DE\" \/>\n<meta property=\"og:type\" content=\"article\" \/>\n<meta property=\"og:title\" content=\"Was ist Position?\" \/>\n<meta property=\"og:description\" content=\"Die Position oder der Ort ist eine Gr\u00f6\u00dfe, die erlaubt ein Objekt im Raum zu lokalisieren. Sie wird durch Koordinatensysteme dargestellt.\" \/>\n<meta property=\"og:url\" content=\"https:\/\/nurlernen.de\/physik\/was-ist-position\/\" \/>\n<meta property=\"og:site_name\" content=\"Physik Lernen\" \/>\n<meta property=\"article:modified_time\" content=\"2025-10-27T08:03:33+00:00\" \/>\n<meta name=\"twitter:card\" content=\"summary_large_image\" \/>\n<meta name=\"twitter:label1\" content=\"Gesch\u00e4tzte Lesezeit\" \/>\n\t<meta name=\"twitter:data1\" content=\"2\u00a0Minuten\" \/>\n<script type=\"application\/ld+json\" class=\"yoast-schema-graph\">{\"@context\":\"https:\\\/\\\/schema.org\",\"@graph\":[{\"@type\":\"WebPage\",\"@id\":\"https:\\\/\\\/nurlernen.de\\\/physik\\\/was-ist-position\\\/\",\"url\":\"https:\\\/\\\/nurlernen.de\\\/physik\\\/was-ist-position\\\/\",\"name\":\"Was ist Position?\",\"isPartOf\":{\"@id\":\"https:\\\/\\\/nurlernen.de\\\/physik\\\/#website\"},\"primaryImageOfPage\":{\"@id\":\"https:\\\/\\\/nurlernen.de\\\/physik\\\/was-ist-position\\\/#primaryimage\"},\"image\":{\"@id\":\"https:\\\/\\\/nurlernen.de\\\/physik\\\/was-ist-position\\\/#primaryimage\"},\"thumbnailUrl\":\"http:\\\/\\\/nurlernen.de\\\/physik\\\/wp-content\\\/uploads\\\/sites\\\/3\\\/2025\\\/07\\\/l_100040_a_de.png\",\"datePublished\":\"2020-03-27T20:20:53+00:00\",\"dateModified\":\"2025-10-27T08:03:33+00:00\",\"description\":\"Die Position oder der Ort ist eine Gr\u00f6\u00dfe, die erlaubt ein Objekt im Raum zu lokalisieren. Sie wird durch Koordinatensysteme dargestellt.\",\"breadcrumb\":{\"@id\":\"https:\\\/\\\/nurlernen.de\\\/physik\\\/was-ist-position\\\/#breadcrumb\"},\"inLanguage\":\"de\",\"potentialAction\":[{\"@type\":\"ReadAction\",\"target\":[\"https:\\\/\\\/nurlernen.de\\\/physik\\\/was-ist-position\\\/\"]}]},{\"@type\":\"ImageObject\",\"inLanguage\":\"de\",\"@id\":\"https:\\\/\\\/nurlernen.de\\\/physik\\\/was-ist-position\\\/#primaryimage\",\"url\":\"\",\"contentUrl\":\"\"},{\"@type\":\"BreadcrumbList\",\"@id\":\"https:\\\/\\\/nurlernen.de\\\/physik\\\/was-ist-position\\\/#breadcrumb\",\"itemListElement\":[{\"@type\":\"ListItem\",\"position\":1,\"name\":\"Startseite\",\"item\":\"https:\\\/\\\/nurlernen.de\\\/physik\\\/\"},{\"@type\":\"ListItem\",\"position\":2,\"name\":\"Was ist Position?\"}]},{\"@type\":\"WebSite\",\"@id\":\"https:\\\/\\\/nurlernen.de\\\/physik\\\/#website\",\"url\":\"https:\\\/\\\/nurlernen.de\\\/physik\\\/\",\"name\":\"Physik Lernen\",\"description\":\"Kostenlose \u00dcbungen zur Klausur- und Abi-Vorbereitung\",\"publisher\":{\"@id\":\"https:\\\/\\\/nurlernen.de\\\/physik\\\/#organization\"},\"potentialAction\":[{\"@type\":\"SearchAction\",\"target\":{\"@type\":\"EntryPoint\",\"urlTemplate\":\"https:\\\/\\\/nurlernen.de\\\/physik\\\/?s={search_term_string}\"},\"query-input\":{\"@type\":\"PropertyValueSpecification\",\"valueRequired\":true,\"valueName\":\"search_term_string\"}}],\"inLanguage\":\"de\"},{\"@type\":\"Organization\",\"@id\":\"https:\\\/\\\/nurlernen.de\\\/physik\\\/#organization\",\"name\":\"Physik Lernen\",\"url\":\"https:\\\/\\\/nurlernen.de\\\/physik\\\/\",\"logo\":{\"@type\":\"ImageObject\",\"inLanguage\":\"de\",\"@id\":\"https:\\\/\\\/nurlernen.de\\\/physik\\\/#\\\/schema\\\/logo\\\/image\\\/\",\"url\":\"https:\\\/\\\/nurlernen.de\\\/physik\\\/wp-content\\\/uploads\\\/sites\\\/3\\\/2025\\\/07\\\/l_100040_a_de.png\",\"contentUrl\":\"https:\\\/\\\/nurlernen.de\\\/physik\\\/wp-content\\\/uploads\\\/sites\\\/3\\\/2025\\\/07\\\/l_100040_a_de.png\",\"width\":530,\"height\":530,\"caption\":\"Physik Lernen\"},\"image\":{\"@id\":\"https:\\\/\\\/nurlernen.de\\\/physik\\\/#\\\/schema\\\/logo\\\/image\\\/\"},\"sameAs\":[\"https:\\\/\\\/www.instagram.com\\\/nurlernen.de\\\/\"]}]}<\/script>\n<!-- \/ Yoast SEO plugin. -->","yoast_head_json":{"title":"Was ist Position?","description":"Die Position oder der Ort ist eine Gr\u00f6\u00dfe, die erlaubt ein Objekt im Raum zu lokalisieren. Sie wird durch Koordinatensysteme dargestellt.","robots":{"index":"index","follow":"follow","max-snippet":"max-snippet:-1","max-image-preview":"max-image-preview:large","max-video-preview":"max-video-preview:-1"},"canonical":"https:\/\/nurlernen.de\/physik\/was-ist-position\/","og_locale":"de_DE","og_type":"article","og_title":"Was ist Position?","og_description":"Die Position oder der Ort ist eine Gr\u00f6\u00dfe, die erlaubt ein Objekt im Raum zu lokalisieren. Sie wird durch Koordinatensysteme dargestellt.","og_url":"https:\/\/nurlernen.de\/physik\/was-ist-position\/","og_site_name":"Physik Lernen","article_modified_time":"2025-10-27T08:03:33+00:00","twitter_card":"summary_large_image","twitter_misc":{"Gesch\u00e4tzte Lesezeit":"2\u00a0Minuten"},"schema":{"@context":"https:\/\/schema.org","@graph":[{"@type":"WebPage","@id":"https:\/\/nurlernen.de\/physik\/was-ist-position\/","url":"https:\/\/nurlernen.de\/physik\/was-ist-position\/","name":"Was ist Position?","isPartOf":{"@id":"https:\/\/nurlernen.de\/physik\/#website"},"primaryImageOfPage":{"@id":"https:\/\/nurlernen.de\/physik\/was-ist-position\/#primaryimage"},"image":{"@id":"https:\/\/nurlernen.de\/physik\/was-ist-position\/#primaryimage"},"thumbnailUrl":"http:\/\/nurlernen.de\/physik\/wp-content\/uploads\/sites\/3\/2025\/07\/l_100040_a_de.png","datePublished":"2020-03-27T20:20:53+00:00","dateModified":"2025-10-27T08:03:33+00:00","description":"Die Position oder der Ort ist eine Gr\u00f6\u00dfe, die erlaubt ein Objekt im Raum zu lokalisieren. Sie wird durch Koordinatensysteme dargestellt.","breadcrumb":{"@id":"https:\/\/nurlernen.de\/physik\/was-ist-position\/#breadcrumb"},"inLanguage":"de","potentialAction":[{"@type":"ReadAction","target":["https:\/\/nurlernen.de\/physik\/was-ist-position\/"]}]},{"@type":"ImageObject","inLanguage":"de","@id":"https:\/\/nurlernen.de\/physik\/was-ist-position\/#primaryimage","url":"","contentUrl":""},{"@type":"BreadcrumbList","@id":"https:\/\/nurlernen.de\/physik\/was-ist-position\/#breadcrumb","itemListElement":[{"@type":"ListItem","position":1,"name":"Startseite","item":"https:\/\/nurlernen.de\/physik\/"},{"@type":"ListItem","position":2,"name":"Was ist Position?"}]},{"@type":"WebSite","@id":"https:\/\/nurlernen.de\/physik\/#website","url":"https:\/\/nurlernen.de\/physik\/","name":"Physik Lernen","description":"Kostenlose \u00dcbungen zur Klausur- und Abi-Vorbereitung","publisher":{"@id":"https:\/\/nurlernen.de\/physik\/#organization"},"potentialAction":[{"@type":"SearchAction","target":{"@type":"EntryPoint","urlTemplate":"https:\/\/nurlernen.de\/physik\/?s={search_term_string}"},"query-input":{"@type":"PropertyValueSpecification","valueRequired":true,"valueName":"search_term_string"}}],"inLanguage":"de"},{"@type":"Organization","@id":"https:\/\/nurlernen.de\/physik\/#organization","name":"Physik Lernen","url":"https:\/\/nurlernen.de\/physik\/","logo":{"@type":"ImageObject","inLanguage":"de","@id":"https:\/\/nurlernen.de\/physik\/#\/schema\/logo\/image\/","url":"https:\/\/nurlernen.de\/physik\/wp-content\/uploads\/sites\/3\/2025\/07\/l_100040_a_de.png","contentUrl":"https:\/\/nurlernen.de\/physik\/wp-content\/uploads\/sites\/3\/2025\/07\/l_100040_a_de.png","width":530,"height":530,"caption":"Physik Lernen"},"image":{"@id":"https:\/\/nurlernen.de\/physik\/#\/schema\/logo\/image\/"},"sameAs":["https:\/\/www.instagram.com\/nurlernen.de\/"]}]}},"_links":{"self":[{"href":"https:\/\/nurlernen.de\/physik\/wp-json\/wp\/v2\/pages\/207","targetHints":{"allow":["GET"]}}],"collection":[{"href":"https:\/\/nurlernen.de\/physik\/wp-json\/wp\/v2\/pages"}],"about":[{"href":"https:\/\/nurlernen.de\/physik\/wp-json\/wp\/v2\/types\/page"}],"author":[{"embeddable":true,"href":"https:\/\/nurlernen.de\/physik\/wp-json\/wp\/v2\/users\/1"}],"replies":[{"embeddable":true,"href":"https:\/\/nurlernen.de\/physik\/wp-json\/wp\/v2\/comments?post=207"}],"version-history":[{"count":4,"href":"https:\/\/nurlernen.de\/physik\/wp-json\/wp\/v2\/pages\/207\/revisions"}],"predecessor-version":[{"id":2792,"href":"https:\/\/nurlernen.de\/physik\/wp-json\/wp\/v2\/pages\/207\/revisions\/2792"}],"wp:attachment":[{"href":"https:\/\/nurlernen.de\/physik\/wp-json\/wp\/v2\/media?parent=207"}],"curies":[{"name":"wp","href":"https:\/\/api.w.org\/{rel}","templated":true}]}}