{"id":213,"date":"2020-03-28T17:07:35","date_gmt":"2020-03-28T16:07:35","guid":{"rendered":"http:\/\/www.niemma.de\/shop\/?page_id=213"},"modified":"2025-08-12T09:22:32","modified_gmt":"2025-08-12T07:22:32","slug":"physik","status":"publish","type":"page","link":"https:\/\/nurlernen.de\/physik\/","title":{"rendered":"Physik Lernen"},"content":{"rendered":"\n<p>Wir versuchen die Physik vom Grund auf neu zu lernen. Kein Schnick-Schnak! Keine komplizierten Formulierungen. Experimente werden wir auch auf ein Minimum reduzieren. Mathematische Begriffe lernen wir nur, wenn wir sie ben\u00f6tigen. Du kannst alle Artikel und Inhalte unserer Seite lesen und verwenden. <\/p>\n\n\n\n<p>Bist du dir nicht sicher? Dann besuche diese Seite jeden Tag. Hier findest du t\u00e4glich f\u00fcnf zuf\u00e4llig ausgew\u00e4hlte Fragen aus unserem Fragenkatalog .<\/p>\n\n\n\n<p><button onclick=\"location.href='https:\/\/nurlernen.de\/physik\/physik-inhalte\/'\">Lernbereich<\/button>\n<button onclick=\"location.href='https:\/\/nurlernen.de\/physik\/physik-artikel\/'\">Artikelsammlung<\/button>\n<!--button onclick=\"location.href='\/physik-fragenkatalog'\"&gt;Fragenkatalog (F\u00fcr Lehrer)&lt;\/button-->\n<\/p>\n\n\n\n<hr class=\"wp-block-separator has-alpha-channel-opacity\"\/>\n\n\n\n<h2 class=\"wp-block-heading\">Tagesquiz<\/h2>\n\n\n\n<p>Kannst du alle untenstehenden Fragen korrekt beantworten? Wenn ja, dann bist du echt gut!<\/p>\n\n\n\n<p><\/p>\n\n\n\n\r\n\t\t<style>\r\n\t\t\r\n\t\t<\/style>\r\n\r\n\t\r\n\r\n\t\t<!--h2>Lernkontrolle<\/h2-->\r\n\t\t<div id=\"settings_layout\">\r\n\t\t\t<p><button id=\"startQuizButton\" onclick=\"loadQuizFromXML(quizFileName);\" hidden >Test beginnen<\/button><\/p>\t\r\n\t\t<\/div>\r\n\t\t\r\n\t\t<div id=\"quiz_layout\" style=\"visibility: hidden; \">\r\n\t\t\t\t\t\r\n\t\t\t<h4 id=\"progress_label\">Frage<\/h4>\r\n\t\t\t<progress id=\"progress\" value=\"0\" max=\"5\"><\/progress>\r\n\r\n\t\t\t<p id=\"question\">Frage...<\/p>\r\n\t\t\t\r\n\t\t\t<div>\r\n\t\t\t\t<img decoding=\"async\" class= \"quiz_image\" id=\"q_image\" src=\"\">\r\n\t\t\t<\/div>\r\n\t\t\t\r\n\t\t\t<hr>\r\n\t\t\t\r\n\t\t\t<div>\r\n\t\t\t\t<input type=\"radio\" name=\"answersRadio\" id=\"answerradio1\" onclick=\"setAnswer(1);\" value=\"1\"\/>\r\n\t\t\t\t<label id=\"answer1\" for=\"answerradio1\">A)  <\/label> \r\n\t\t\t<\/div>\r\n\t\t\t\r\n\t\t\t<hr>\r\n\t\t\t\r\n\t\t\t<div>\r\n\t\t\t\t<input type=\"radio\" name=\"answersRadio\" id=\"answerradio2\" onclick=\"setAnswer(2);\" value=\"2\"\/>\r\n\t\t\t\t<label id=\"answer2\"  for=\"answerradio2\">B)  <\/label> \r\n\t\t\t<\/div>\r\n\t\t\t\r\n\t\t\t<hr>\r\n\t\t\t\r\n\t\t\t<div>\r\n\t\t\t\t<input type=\"radio\" name=\"answersRadio\" id=\"answerradio3\" onclick=\"setAnswer(3);\" value=\"3\"\/>\r\n\t\t\t\t<label id=\"answer3\" for=\"answerradio3\">C)  <\/label> \r\n\t\t\t<\/div>\r\n\t\t\t\r\n\t\t\t<hr>\r\n\t\t\t\r\n\t\t\t<div>\r\n\t\t\t\t<input type=\"radio\" name=\"answersRadio\" id=\"answerradio4\" onclick=\"setAnswer(4);\" value=\"4\"\/>\r\n\t\t\t\t<label id=\"answer4\"  for=\"answerradio4\">D) <\/label> \r\n\t\t\t<\/div>\r\n\t\t\t\r\n\t\t\t<hr>\r\n\t\t\t\r\n\t\t\t<div>\r\n\t\t\t\t<p id=\"info\"><\/p>\r\n\t\t\t<\/div>\r\n\r\n\t\t\t<div>\r\n\t\t\t\t<button  style=\"float: left;\" id=\"showInfoButton\" onclick=\"showQuizAnswer(questionIndex);\">Antwort zeigen<\/button>\r\n\t\t\t\t<button  style=\"float: right;\" id=\"showNextQuestion\" onclick=\"showNextQuiz();\"><i class=\"fa fa-arrow-right\"><\/i>Weiter<\/button>\r\n\t\t\t\t\r\n\t\t\t<\/div>\r\n\t\t\r\n\t\t<\/div>\r\n\t\r\n\t\t<!-- The Modal -->\r\n\t\t<div id=\"myModal\" class=\"modal\">\r\n\t\t  <!-- Modal content -->\r\n\t\t  <div class=\"modal-content\">\r\n\t\t\t<div class=\"modal-header\">\r\n\t\t\t  <span class=\"close\">&times;<\/span>\r\n\t\t\t  <p>Zusammenfassung<\/p>\r\n\t\t\t<\/div>\r\n\t\t\t<div id=\"summary_text\" class=\"modal-body\">\r\n\t\t\t  <p>Ergebnis<\/p>\r\n\t\t\t  <p>Anzahl der Fragen<\/p>\r\n\t\t\t<\/div>\r\n\t\t\t<div class=\"modal-footer\">\r\n\t\t\t  \r\n\t\t\t<\/div>\r\n\t\t  <\/div>\r\n\r\n\t\t<\/div>\t\r\n\t\r\n\t\t<script>\r\n\t\t\t\r\n\t\t\/\/ Get the modal\r\n\t\tvar modal = document.getElementById(\"myModal\");\r\n\r\n\t\t\/\/ Get the button that opens the modal\r\n\t\tvar btn = document.getElementById(\"myBtn\");\r\n\r\n\t\t\/\/ Get the <span> element that closes the modal\r\n\t\tvar span = document.getElementsByClassName(\"close\")[0];\r\n\r\n\t\t\/\/ When the user clicks the button, open the modal \r\n\t\tfunction showSummary(sumText) {\r\n\t\t\tmodal.style.display = \"block\";\r\n\t\t\tdocument.getElementById(\"summary_text\").innerHTML = sumText;\r\n\t\t}\r\n\r\n\t\tfunction updateMath(){\r\n\t\t\trenderMathInElement(document.getElementById(\"quiz_layout\"),\t\r\n\t\t\t{delimiters: [{left: \"$$\", right: \"$$\", display: true},\r\n\t\t\t\t\r\n\t\t\t\t{left: \"$\", right: \"$\", display: false},\r\n\t\t\t\t]});\r\n\t\t\t\r\n\t\t}\r\n\r\n\t\t\/\/ When the user clicks on <span> (x), close the modal\r\n\t\tspan.onclick = function() {\r\n\t\t\tmodal.style.display = \"none\";\r\n\t\t\tpostModalTasks();\r\n\t\t}\r\n\r\n\t\t\/\/ When the user clicks anywhere outside of the modal, close it\r\n\t\twindow.onclick = function(event) {\r\n\t\t\tif (event.target == modal) {\r\n\t\t\t\tmodal.style.display = \"none\";\r\n\t\t\t\tpostModalTasks();\r\n\t\t\t}\r\n\t\t}\r\n\t\t\r\n\t\tfunction postModalTasks(){\r\n\t\t\tif (returnOptions == null){\r\n\t\t\t\tlocation.reload();\r\n\t\t\t\treturn;\r\n\t\t\t}\r\n\t\t\t\r\n\t\t\tif (returnOptions.startsWith(\"tree=\")){\r\n\t\t\t\twindow.location= \"https:\/\/nurlernen.de\/Physik\/physik-lernfortschritt\/?chapter=\" + returnOptions.substring((\"tree=\").length);\r\n\t\t\t\treturn;\r\n\t\t\t}\r\n\t\t\t\r\n\t\t\tif (returnOptions.startsWith(\"list=\")){\r\n\t\t\t\twindow.location= \"https:\/\/nurlernen.de\/Physik\/physik-lektionen\/?chapter=\" + returnOptions.substring((\"list=\").length);\r\n\t\t\t\treturn;\r\n\t\t\t}\r\n\t\t\t\r\n\t\t\tlocation.reload();\r\n\t\t\r\n\t\t}\r\n\t\t\r\n\t\tdocument.addEventListener(\"DOMContentLoaded\", function() {\r\n\t\t\tif (1){\r\n\t\t\t\tnmb_hide_Statistics();\r\n\t\t\t\tloadRandomQuiz(quizFileName,[61,66,124,82,3,]);\t\r\n\t\t\t}else{\r\n\t\t\t\tvar parameters = location.search.substring(1).split(\"&\");\r\n\t\t\t\t\r\n\t\t\t\treturnOptions = parameters[1];\r\n\t\t\t\t\r\n\t\t\t\tvar options = parameters[0];\/\/location.search;\r\n\t\t\t\tif (options.startsWith(\"quiz=\")){\r\n\t\t\t\t\tcurrentQuiz = options.substring((\"quiz=\").length);\r\n\t\t\t\t\tloadQuizzListFromXMLByName(\"https:\/\/nurlernen.de\/physik\/wp-content\/plugins\/nmb-physics\/quiz\/quizzes.xml\" , currentQuiz);\r\n\t\t\t\t\t\/\/console.log(currentQuiz);\r\n\t\t\t\t}else{\r\n\t\t\t\t\tloadChaptersFromXML(\"https:\/\/nurlernen.de\/physik\/wp-content\/plugins\/nmb-physics\/quiz\/chapters.xml\");\r\n\t\t\t\t\t\/\/loadAllQuestionsFromXML(\"quiz\/questions.xml\");\r\n\t\t\t\t}\r\n\t\t\t}\t\r\n\t\t});\r\n\r\n\t\tfunction addCollapsibleListener(){\r\n\t\t\tvar coll = document.getElementsByClassName(\"collapsible\");\r\n\t\t\tvar i;\r\n\r\n\t\t\tfor (i = 0; i < coll.length; i++) {\r\n\t\t\t  coll[i].addEventListener(\"click\", function() {\r\n\t\t\t\tthis.classList.toggle(\"active\");\r\n\t\t\t\tvar content = this.nextElementSibling;\r\n\t\t\t\tif (content.style.display === \"block\") {\r\n\t\t\t\t  content.style.display = \"none\";\r\n\t\t\t\t} else {\r\n\t\t\t\t  content.style.display = \"block\";\r\n\t\t\t\t}\r\n\t\t\t  });\r\n\t\t\t}\r\n\t\t}\r\n\t\r\n\t\t<\/script>\n\n\n\n<div style=\"height:54px\" aria-hidden=\"true\" class=\"wp-block-spacer\"><\/div>\n\n\n\n<p><\/p>\n","protected":false},"excerpt":{"rendered":"<p>Wir versuchen die Physik vom Grund auf neu zu lernen. Kein Schnick-Schnak! Keine komplizierten Formulierungen. Experimente werden wir auch auf ein Minimum reduzieren. Mathematische Begriffe lernen wir nur, wenn wir sie ben\u00f6tigen. Du kannst alle Artikel und Inhalte unserer Seite lesen und verwenden. Bist du dir nicht sicher? Dann besuche diese Seite jeden Tag. Hier &#8230; <a title=\"Physik Lernen\" class=\"read-more\" href=\"https:\/\/nurlernen.de\/physik\/\" aria-label=\"Mehr Informationen \u00fcber Physik Lernen\">Weiterlesen<\/a><\/p>\n","protected":false},"author":1,"featured_media":0,"parent":0,"menu_order":0,"comment_status":"closed","ping_status":"closed","template":"","meta":{"footnotes":""},"class_list":["post-213","page","type-page","status-publish"],"yoast_head":"<!-- This site is optimized with the Yoast SEO plugin v27.5 - https:\/\/yoast.com\/product\/yoast-seo-wordpress\/ -->\n<title>Physik Lernen<\/title>\n<meta name=\"description\" content=\"Wir lernen Physik vom Grund auf neu. Kein Schnick-Schnak! Keine komplizierten Formulierungen. Mathe und Experimente reduzieren wir auch.\" \/>\n<meta name=\"robots\" content=\"index, follow, max-snippet:-1, max-image-preview:large, max-video-preview:-1\" \/>\n<link rel=\"canonical\" href=\"https:\/\/nurlernen.de\/physik\/\" \/>\n<meta property=\"og:locale\" content=\"de_DE\" \/>\n<meta property=\"og:type\" content=\"article\" \/>\n<meta property=\"og:title\" content=\"Physik Lernen\" \/>\n<meta property=\"og:description\" content=\"Wir lernen Physik vom Grund auf neu. Kein Schnick-Schnak! Keine komplizierten Formulierungen. Mathe und Experimente reduzieren wir auch.\" \/>\n<meta property=\"og:url\" content=\"https:\/\/nurlernen.de\/physik\/\" \/>\n<meta property=\"og:site_name\" content=\"Physik Lernen\" \/>\n<meta property=\"article:modified_time\" content=\"2025-08-12T07:22:32+00:00\" \/>\n<meta name=\"twitter:card\" content=\"summary_large_image\" \/>\n<meta name=\"twitter:label1\" content=\"Gesch\u00e4tzte Lesezeit\" \/>\n\t<meta name=\"twitter:data1\" content=\"2\u00a0Minuten\" \/>\n<script type=\"application\/ld+json\" class=\"yoast-schema-graph\">{\"@context\":\"https:\\\/\\\/schema.org\",\"@graph\":[{\"@type\":\"WebPage\",\"@id\":\"https:\\\/\\\/nurlernen.de\\\/physik\\\/\",\"url\":\"https:\\\/\\\/nurlernen.de\\\/physik\\\/\",\"name\":\"Physik Lernen\",\"isPartOf\":{\"@id\":\"https:\\\/\\\/nurlernen.de\\\/physik\\\/#website\"},\"datePublished\":\"2020-03-28T16:07:35+00:00\",\"dateModified\":\"2025-08-12T07:22:32+00:00\",\"description\":\"Wir lernen Physik vom Grund auf neu. Kein Schnick-Schnak! Keine komplizierten Formulierungen. Mathe und Experimente reduzieren wir auch.\",\"breadcrumb\":{\"@id\":\"https:\\\/\\\/nurlernen.de\\\/physik\\\/#breadcrumb\"},\"inLanguage\":\"de\",\"potentialAction\":[{\"@type\":\"ReadAction\",\"target\":[\"https:\\\/\\\/nurlernen.de\\\/physik\\\/\"]}]},{\"@type\":\"BreadcrumbList\",\"@id\":\"https:\\\/\\\/nurlernen.de\\\/physik\\\/#breadcrumb\",\"itemListElement\":[{\"@type\":\"ListItem\",\"position\":1,\"name\":\"Startseite\",\"item\":\"https:\\\/\\\/nurlernen.de\\\/physik\\\/\"},{\"@type\":\"ListItem\",\"position\":2,\"name\":\"Physik Lernen\"}]},{\"@type\":\"WebSite\",\"@id\":\"https:\\\/\\\/nurlernen.de\\\/physik\\\/#website\",\"url\":\"https:\\\/\\\/nurlernen.de\\\/physik\\\/\",\"name\":\"Physik Lernen\",\"description\":\"Kostenlose \u00dcbungen zur Klausur- und Abi-Vorbereitung\",\"publisher\":{\"@id\":\"https:\\\/\\\/nurlernen.de\\\/physik\\\/#organization\"},\"potentialAction\":[{\"@type\":\"SearchAction\",\"target\":{\"@type\":\"EntryPoint\",\"urlTemplate\":\"https:\\\/\\\/nurlernen.de\\\/physik\\\/?s={search_term_string}\"},\"query-input\":{\"@type\":\"PropertyValueSpecification\",\"valueRequired\":true,\"valueName\":\"search_term_string\"}}],\"inLanguage\":\"de\"},{\"@type\":\"Organization\",\"@id\":\"https:\\\/\\\/nurlernen.de\\\/physik\\\/#organization\",\"name\":\"Physik Lernen\",\"url\":\"https:\\\/\\\/nurlernen.de\\\/physik\\\/\",\"logo\":{\"@type\":\"ImageObject\",\"inLanguage\":\"de\",\"@id\":\"https:\\\/\\\/nurlernen.de\\\/physik\\\/#\\\/schema\\\/logo\\\/image\\\/\",\"url\":\"https:\\\/\\\/nurlernen.de\\\/physik\\\/wp-content\\\/uploads\\\/sites\\\/3\\\/2025\\\/07\\\/l_100040_a_de.png\",\"contentUrl\":\"https:\\\/\\\/nurlernen.de\\\/physik\\\/wp-content\\\/uploads\\\/sites\\\/3\\\/2025\\\/07\\\/l_100040_a_de.png\",\"width\":530,\"height\":530,\"caption\":\"Physik Lernen\"},\"image\":{\"@id\":\"https:\\\/\\\/nurlernen.de\\\/physik\\\/#\\\/schema\\\/logo\\\/image\\\/\"},\"sameAs\":[\"https:\\\/\\\/www.instagram.com\\\/nurlernen.de\\\/\"]}]}<\/script>\n<!-- \/ Yoast SEO plugin. -->","yoast_head_json":{"title":"Physik Lernen","description":"Wir lernen Physik vom Grund auf neu. Kein Schnick-Schnak! Keine komplizierten Formulierungen. Mathe und Experimente reduzieren wir auch.","robots":{"index":"index","follow":"follow","max-snippet":"max-snippet:-1","max-image-preview":"max-image-preview:large","max-video-preview":"max-video-preview:-1"},"canonical":"https:\/\/nurlernen.de\/physik\/","og_locale":"de_DE","og_type":"article","og_title":"Physik Lernen","og_description":"Wir lernen Physik vom Grund auf neu. Kein Schnick-Schnak! Keine komplizierten Formulierungen. Mathe und Experimente reduzieren wir auch.","og_url":"https:\/\/nurlernen.de\/physik\/","og_site_name":"Physik Lernen","article_modified_time":"2025-08-12T07:22:32+00:00","twitter_card":"summary_large_image","twitter_misc":{"Gesch\u00e4tzte Lesezeit":"2\u00a0Minuten"},"schema":{"@context":"https:\/\/schema.org","@graph":[{"@type":"WebPage","@id":"https:\/\/nurlernen.de\/physik\/","url":"https:\/\/nurlernen.de\/physik\/","name":"Physik Lernen","isPartOf":{"@id":"https:\/\/nurlernen.de\/physik\/#website"},"datePublished":"2020-03-28T16:07:35+00:00","dateModified":"2025-08-12T07:22:32+00:00","description":"Wir lernen Physik vom Grund auf neu. Kein Schnick-Schnak! Keine komplizierten Formulierungen. Mathe und Experimente reduzieren wir auch.","breadcrumb":{"@id":"https:\/\/nurlernen.de\/physik\/#breadcrumb"},"inLanguage":"de","potentialAction":[{"@type":"ReadAction","target":["https:\/\/nurlernen.de\/physik\/"]}]},{"@type":"BreadcrumbList","@id":"https:\/\/nurlernen.de\/physik\/#breadcrumb","itemListElement":[{"@type":"ListItem","position":1,"name":"Startseite","item":"https:\/\/nurlernen.de\/physik\/"},{"@type":"ListItem","position":2,"name":"Physik Lernen"}]},{"@type":"WebSite","@id":"https:\/\/nurlernen.de\/physik\/#website","url":"https:\/\/nurlernen.de\/physik\/","name":"Physik Lernen","description":"Kostenlose \u00dcbungen zur Klausur- und Abi-Vorbereitung","publisher":{"@id":"https:\/\/nurlernen.de\/physik\/#organization"},"potentialAction":[{"@type":"SearchAction","target":{"@type":"EntryPoint","urlTemplate":"https:\/\/nurlernen.de\/physik\/?s={search_term_string}"},"query-input":{"@type":"PropertyValueSpecification","valueRequired":true,"valueName":"search_term_string"}}],"inLanguage":"de"},{"@type":"Organization","@id":"https:\/\/nurlernen.de\/physik\/#organization","name":"Physik Lernen","url":"https:\/\/nurlernen.de\/physik\/","logo":{"@type":"ImageObject","inLanguage":"de","@id":"https:\/\/nurlernen.de\/physik\/#\/schema\/logo\/image\/","url":"https:\/\/nurlernen.de\/physik\/wp-content\/uploads\/sites\/3\/2025\/07\/l_100040_a_de.png","contentUrl":"https:\/\/nurlernen.de\/physik\/wp-content\/uploads\/sites\/3\/2025\/07\/l_100040_a_de.png","width":530,"height":530,"caption":"Physik Lernen"},"image":{"@id":"https:\/\/nurlernen.de\/physik\/#\/schema\/logo\/image\/"},"sameAs":["https:\/\/www.instagram.com\/nurlernen.de\/"]}]}},"_links":{"self":[{"href":"https:\/\/nurlernen.de\/physik\/wp-json\/wp\/v2\/pages\/213","targetHints":{"allow":["GET"]}}],"collection":[{"href":"https:\/\/nurlernen.de\/physik\/wp-json\/wp\/v2\/pages"}],"about":[{"href":"https:\/\/nurlernen.de\/physik\/wp-json\/wp\/v2\/types\/page"}],"author":[{"embeddable":true,"href":"https:\/\/nurlernen.de\/physik\/wp-json\/wp\/v2\/users\/1"}],"replies":[{"embeddable":true,"href":"https:\/\/nurlernen.de\/physik\/wp-json\/wp\/v2\/comments?post=213"}],"version-history":[{"count":22,"href":"https:\/\/nurlernen.de\/physik\/wp-json\/wp\/v2\/pages\/213\/revisions"}],"predecessor-version":[{"id":2855,"href":"https:\/\/nurlernen.de\/physik\/wp-json\/wp\/v2\/pages\/213\/revisions\/2855"}],"wp:attachment":[{"href":"https:\/\/nurlernen.de\/physik\/wp-json\/wp\/v2\/media?parent=213"}],"curies":[{"name":"wp","href":"https:\/\/api.w.org\/{rel}","templated":true}]}}