{"id":259,"date":"2020-03-29T11:19:20","date_gmt":"2020-03-29T09:19:20","guid":{"rendered":"http:\/\/www.niemma.de\/shop\/?p=259"},"modified":"2025-10-27T09:01:45","modified_gmt":"2025-10-27T08:01:45","slug":"was-ist-bewegung","status":"publish","type":"page","link":"https:\/\/nurlernen.de\/physik\/was-ist-bewegung\/","title":{"rendered":"Was ist Bewegung?"},"content":{"rendered":"<div>\n\r\n\t\t<style>\r\n\t\t\t.collapsible {\r\n\t\t\t\tcolor: #303f9f;\t\r\n\t\t\t\tcursor: pointer; \r\n\t\t\t}\r\n\t\t\t.collapsible:hover {\r\n\t\t\t  text-decoration: underline;\r\n\t\t\t}\r\n\r\n\t\t\t.hidden_content {\r\n\t\t\t\tdisplay: none;\r\n\t\t\t\tbackground-color: #eeeeee\t\t  \r\n\t\t\t}\r\n\t\t<\/style>\r\n\t\t\r\n\t\t<script>\r\n\t\t\tdocument.addEventListener(\"DOMContentLoaded\", function() {\r\n\t\t\t\trenderMathInElement(document.body,\t\r\n\t\t\t\t{delimiters: [{left: \"$$\", right: \"$$\", display: true},\r\n\t\t\t\t{left: \"$\", right: \"$\", display: false},\r\n\t\t\t\t]});\r\n\t\t\t});\r\n\t\t\r\n\t\t\twindow.WebFontConfig = {\r\n\t\t\t\tcustom: {\r\n\t\t\t\t  families: [\"KaTeX_AMS\", \"KaTeX_Caligraphic:n4,n7\", \"KaTeX_Fraktur:n4,n7\",\r\n\t\t\t\t\t\"KaTeX_Main:n4,n7,i4,i7\", \"KaTeX_Math:i4,i7\", \"KaTeX_Script\",\r\n\t\t\t\t\t\"KaTeX_SansSerif:n4,n7,i4\", \"KaTeX_Size1\", \"KaTeX_Size2\", \"KaTeX_Size3\",\r\n\t\t\t\t\t\"KaTeX_Size4\", \"KaTeX_Typewriter\"],\r\n\t\t\t\t},\r\n\t\t\t};\r\n\t\t\r\n\t\t\tdocument.addEventListener(\"DOMContentLoaded\", function() {\r\n\t\t\t\tvar coll = document.getElementsByClassName(\"collapsible\");\r\n\t\t\t\tvar i;\r\n\r\n\t\t\t\tfor (i = 0; i < coll.length; i++) {\r\n\t\t\t\t  coll[i].addEventListener(\"click\", function() {\r\n\t\t\t\t\t\tthis.classList.toggle(\"active\");\r\n\t\t\t\t\t\tvar content = this.nextElementSibling;\r\n\t\t\t\t\t\tif (content.style.display === \"block\") {\r\n\t\t\t\t\t\t  content.style.display = \"none\";\r\n\t\t\t\t\t\t} else {\r\n\t\t\t\t\t\t  content.style.display = \"block\";\r\n\t\t\t\t\t\t}\r\n\t\t\t\t  });\r\n\t\t\t\t}\r\n\t\t\t});\r\n\t\t\r\n\t\t<\/script>\n<ol>\n<li>Eine Bewegung ist eine Orts\u00e4nderung bzw. Positions\u00e4nderung. Durch die Orts\u00e4nderung wird eine Distanz bzw. eine Strecke zur\u00fcckgelegt. Diese Strecke bezeichnen wir mit <i>s<\/i>. Sie hat die Einheit Meter <i>[m]<\/i>.<\/li>\n<li>Die Schnelligkeit mit der sich die Position \u00e4ndert, d. h. die Strecke <i>s<\/i> zur\u00fcckgelegt wird, bezeichnen wir als Geschwindigkeit.<\/li>\n<li>Die Geschwindigkeit h\u00e4ngt von der Zeit <i>t<\/i> ab, in der die Strecke <i>s<\/i> zur\u00fcckgelegt wird.<\/li>\n<li>Um die Geschwindigkeit <i>v<\/i> zu bestimmen, wird die zur\u00fcckgelegte Strecke <i>s<\/i> durch die hierf\u00fcr ben\u00f6tigte Zeit <i>t<\/i> dividiert, d. h. $$v=\\frac{s}{t}$$<\/li>\n<li>Jede physikalische Messgr\u00f6\u00dfe hat eine Einheit. Die Einheit der Geschwindigkeit l\u00e4sst sich aus ihrer Definition ableiten: $$v=\\frac{\\text{Strecke in Metern}}{\\text{Zeit in Sekunden}}=[\\frac{m}{s}]$$ Die Geschwindigkeit hat somit die Einheit Meter pro Sekunde.<\/li>\n<li>Die physikalischen Gr\u00f6\u00dfen k\u00f6nnen auch andere Einheiten haben z. B. $[\\frac{km}{h}]$ (Kilometer pro Stunde) f\u00fcr die Geschwindigkeit. Diese Einheiten k\u00f6nnen in einander umgerechnet werden, z. B. $$1 [\\frac{km}{h}] = \\frac{1[km]}{[1h]} = \\frac{1000 [m]}{3600 [s]} = 0,028 [\\frac{m}{s}]$$ Umgekehrt gilt: $$1 [\\frac{[m]}{[s]}] = \\frac{1[m]}{1[s]} = \\frac{\\frac {1}{1000} [km]}{\\frac {1}{3600} [h]} = \\frac{3600}{1000 } \\frac{[km]}{[h]} =3,6 [\\frac{km}{h}]$$.<\/li>\n<li>Beispiel: Ein Auto ben\u00f6tigt 2 Stunden [<i>h<\/i>], um eine Strecke von 170 Kilometern [<i>km<\/i>] zu fahren. Seine Geschwindigkeit betr\u00e4gt: $v=\\frac{s}{t} = \\frac{170 [km]}{2 [h]}$ , d. h. 85[<i>km\/h<\/i>]. (Wird 85 Kilometer pro Stunde oder 85 Stundenkilometer ausgesprochen)<\/li>\n<li>Wenn das Auto in 2 Stunden [<i>h<\/i>] eine Strecke von 170 Kilometern [<i>km<\/i>] zur\u00fccklegt und dabei seine Geschwindigkeit nicht \u00e4ndert, dann sprechen wir von einer <i>konstanten Geschwindigkeit<\/i> von 85[<i>km\/h<\/i>].<\/li>\n<li>Falls das Auto in 2 Stunden [<i>h<\/i>] 170 Kilometer [<i>km<\/i>] zur\u00fccklegt und seine Geschwindigkeit dabei \u00e4ndert, dann w\u00e4ren die 85[<i> km\/h<\/i>] seine <i>mittlere Geschwindigkeit<\/i>. Normalerweise f\u00e4hrt ein Auto auf der Autobahn schneller als in der Stadt, sodass es mal mit 130 [<i>km\/h<\/i>] und mal mit 50 [<i>km\/h<\/i>] unterwegs ist. Die Werte 130 [<i>km\/h<\/i>] und 50 [<i>km\/h<\/i>], die man im Auto auf dem Tachometer ablesen kann, werden als <i>Momentangeschwindigkeit<\/i> bezeichnet.<\/li>\n<li>Der Teilbereich der Physik, der sich mit Grundlagen der Bewegung besch\u00e4ftigt (ohne Ber\u00fccksichtigung von Kr\u00e4ften), wird als Kinematik bezeichent.<\/li>\n<\/ol>\n<\/div>\n\n\n<p><button onclick=\"location.href='https:\/\/nurlernen.de\/physik\/physik-inhalte\/'\">Lernbereich<\/button>\r\n<!--button onclick=\"location.href='https:\/\/nurlernen.de\/physik\/physik-lernkontrolle\/'\">Lernkontrolle<\/button-->\r\n<!--button onclick=\"location.href='\/physik-fragenkatalog'\"&gt;Fragenkatalog (F\u00fcr Lehrer)&lt;\/button-->\r\n<\/p>\n","protected":false},"excerpt":{"rendered":"<p>Eine Bewegung ist eine Orts\u00e4nderung bzw. Positions\u00e4nderung.<\/p>\n","protected":false},"author":1,"featured_media":0,"parent":0,"menu_order":0,"comment_status":"closed","ping_status":"closed","template":"","meta":{"footnotes":""},"class_list":["post-259","page","type-page","status-publish"],"yoast_head":"<!-- This site is optimized with the Yoast SEO plugin v27.5 - https:\/\/yoast.com\/product\/yoast-seo-wordpress\/ -->\n<title>Was ist Bewegung?<\/title>\n<meta name=\"description\" content=\"Eine Bewegung ist eine Orts\u00e4nderung bzw. Positions\u00e4nderung. Dadurch wird eine Strecke zur\u00fcckgelegt. Die Strecke hat die SI-Einheit Meter [m]\" \/>\n<meta name=\"robots\" content=\"index, follow, max-snippet:-1, max-image-preview:large, max-video-preview:-1\" \/>\n<link rel=\"canonical\" href=\"https:\/\/nurlernen.de\/physik\/was-ist-bewegung\/\" \/>\n<meta property=\"og:locale\" content=\"de_DE\" \/>\n<meta property=\"og:type\" content=\"article\" \/>\n<meta property=\"og:title\" content=\"Was ist Bewegung?\" \/>\n<meta property=\"og:description\" content=\"Eine Bewegung ist eine Orts\u00e4nderung bzw. Positions\u00e4nderung. Dadurch wird eine Strecke zur\u00fcckgelegt. Die Strecke hat die SI-Einheit Meter [m]\" \/>\n<meta property=\"og:url\" content=\"https:\/\/nurlernen.de\/physik\/was-ist-bewegung\/\" \/>\n<meta property=\"og:site_name\" content=\"Physik Lernen\" \/>\n<meta property=\"article:modified_time\" content=\"2025-10-27T08:01:45+00:00\" \/>\n<meta name=\"twitter:card\" content=\"summary_large_image\" \/>\n<meta name=\"twitter:label1\" content=\"Gesch\u00e4tzte Lesezeit\" \/>\n\t<meta name=\"twitter:data1\" content=\"2\u00a0Minuten\" \/>\n<script type=\"application\/ld+json\" class=\"yoast-schema-graph\">{\"@context\":\"https:\\\/\\\/schema.org\",\"@graph\":[{\"@type\":\"WebPage\",\"@id\":\"https:\\\/\\\/nurlernen.de\\\/physik\\\/was-ist-bewegung\\\/\",\"url\":\"https:\\\/\\\/nurlernen.de\\\/physik\\\/was-ist-bewegung\\\/\",\"name\":\"Was ist Bewegung?\",\"isPartOf\":{\"@id\":\"https:\\\/\\\/nurlernen.de\\\/physik\\\/#website\"},\"datePublished\":\"2020-03-29T09:19:20+00:00\",\"dateModified\":\"2025-10-27T08:01:45+00:00\",\"description\":\"Eine Bewegung ist eine Orts\u00e4nderung bzw. Positions\u00e4nderung. Dadurch wird eine Strecke zur\u00fcckgelegt. Die Strecke hat die SI-Einheit Meter [m]\",\"breadcrumb\":{\"@id\":\"https:\\\/\\\/nurlernen.de\\\/physik\\\/was-ist-bewegung\\\/#breadcrumb\"},\"inLanguage\":\"de\",\"potentialAction\":[{\"@type\":\"ReadAction\",\"target\":[\"https:\\\/\\\/nurlernen.de\\\/physik\\\/was-ist-bewegung\\\/\"]}]},{\"@type\":\"BreadcrumbList\",\"@id\":\"https:\\\/\\\/nurlernen.de\\\/physik\\\/was-ist-bewegung\\\/#breadcrumb\",\"itemListElement\":[{\"@type\":\"ListItem\",\"position\":1,\"name\":\"Startseite\",\"item\":\"https:\\\/\\\/nurlernen.de\\\/physik\\\/\"},{\"@type\":\"ListItem\",\"position\":2,\"name\":\"Was ist Bewegung?\"}]},{\"@type\":\"WebSite\",\"@id\":\"https:\\\/\\\/nurlernen.de\\\/physik\\\/#website\",\"url\":\"https:\\\/\\\/nurlernen.de\\\/physik\\\/\",\"name\":\"Physik Lernen\",\"description\":\"Kostenlose \u00dcbungen zur Klausur- und Abi-Vorbereitung\",\"publisher\":{\"@id\":\"https:\\\/\\\/nurlernen.de\\\/physik\\\/#organization\"},\"potentialAction\":[{\"@type\":\"SearchAction\",\"target\":{\"@type\":\"EntryPoint\",\"urlTemplate\":\"https:\\\/\\\/nurlernen.de\\\/physik\\\/?s={search_term_string}\"},\"query-input\":{\"@type\":\"PropertyValueSpecification\",\"valueRequired\":true,\"valueName\":\"search_term_string\"}}],\"inLanguage\":\"de\"},{\"@type\":\"Organization\",\"@id\":\"https:\\\/\\\/nurlernen.de\\\/physik\\\/#organization\",\"name\":\"Physik Lernen\",\"url\":\"https:\\\/\\\/nurlernen.de\\\/physik\\\/\",\"logo\":{\"@type\":\"ImageObject\",\"inLanguage\":\"de\",\"@id\":\"https:\\\/\\\/nurlernen.de\\\/physik\\\/#\\\/schema\\\/logo\\\/image\\\/\",\"url\":\"https:\\\/\\\/nurlernen.de\\\/physik\\\/wp-content\\\/uploads\\\/sites\\\/3\\\/2025\\\/07\\\/l_100040_a_de.png\",\"contentUrl\":\"https:\\\/\\\/nurlernen.de\\\/physik\\\/wp-content\\\/uploads\\\/sites\\\/3\\\/2025\\\/07\\\/l_100040_a_de.png\",\"width\":530,\"height\":530,\"caption\":\"Physik Lernen\"},\"image\":{\"@id\":\"https:\\\/\\\/nurlernen.de\\\/physik\\\/#\\\/schema\\\/logo\\\/image\\\/\"},\"sameAs\":[\"https:\\\/\\\/www.instagram.com\\\/nurlernen.de\\\/\"]}]}<\/script>\n<!-- \/ Yoast SEO plugin. -->","yoast_head_json":{"title":"Was ist Bewegung?","description":"Eine Bewegung ist eine Orts\u00e4nderung bzw. Positions\u00e4nderung. Dadurch wird eine Strecke zur\u00fcckgelegt. Die Strecke hat die SI-Einheit Meter [m]","robots":{"index":"index","follow":"follow","max-snippet":"max-snippet:-1","max-image-preview":"max-image-preview:large","max-video-preview":"max-video-preview:-1"},"canonical":"https:\/\/nurlernen.de\/physik\/was-ist-bewegung\/","og_locale":"de_DE","og_type":"article","og_title":"Was ist Bewegung?","og_description":"Eine Bewegung ist eine Orts\u00e4nderung bzw. Positions\u00e4nderung. Dadurch wird eine Strecke zur\u00fcckgelegt. Die Strecke hat die SI-Einheit Meter [m]","og_url":"https:\/\/nurlernen.de\/physik\/was-ist-bewegung\/","og_site_name":"Physik Lernen","article_modified_time":"2025-10-27T08:01:45+00:00","twitter_card":"summary_large_image","twitter_misc":{"Gesch\u00e4tzte Lesezeit":"2\u00a0Minuten"},"schema":{"@context":"https:\/\/schema.org","@graph":[{"@type":"WebPage","@id":"https:\/\/nurlernen.de\/physik\/was-ist-bewegung\/","url":"https:\/\/nurlernen.de\/physik\/was-ist-bewegung\/","name":"Was ist Bewegung?","isPartOf":{"@id":"https:\/\/nurlernen.de\/physik\/#website"},"datePublished":"2020-03-29T09:19:20+00:00","dateModified":"2025-10-27T08:01:45+00:00","description":"Eine Bewegung ist eine Orts\u00e4nderung bzw. Positions\u00e4nderung. Dadurch wird eine Strecke zur\u00fcckgelegt. Die Strecke hat die SI-Einheit Meter [m]","breadcrumb":{"@id":"https:\/\/nurlernen.de\/physik\/was-ist-bewegung\/#breadcrumb"},"inLanguage":"de","potentialAction":[{"@type":"ReadAction","target":["https:\/\/nurlernen.de\/physik\/was-ist-bewegung\/"]}]},{"@type":"BreadcrumbList","@id":"https:\/\/nurlernen.de\/physik\/was-ist-bewegung\/#breadcrumb","itemListElement":[{"@type":"ListItem","position":1,"name":"Startseite","item":"https:\/\/nurlernen.de\/physik\/"},{"@type":"ListItem","position":2,"name":"Was ist Bewegung?"}]},{"@type":"WebSite","@id":"https:\/\/nurlernen.de\/physik\/#website","url":"https:\/\/nurlernen.de\/physik\/","name":"Physik Lernen","description":"Kostenlose \u00dcbungen zur Klausur- und Abi-Vorbereitung","publisher":{"@id":"https:\/\/nurlernen.de\/physik\/#organization"},"potentialAction":[{"@type":"SearchAction","target":{"@type":"EntryPoint","urlTemplate":"https:\/\/nurlernen.de\/physik\/?s={search_term_string}"},"query-input":{"@type":"PropertyValueSpecification","valueRequired":true,"valueName":"search_term_string"}}],"inLanguage":"de"},{"@type":"Organization","@id":"https:\/\/nurlernen.de\/physik\/#organization","name":"Physik Lernen","url":"https:\/\/nurlernen.de\/physik\/","logo":{"@type":"ImageObject","inLanguage":"de","@id":"https:\/\/nurlernen.de\/physik\/#\/schema\/logo\/image\/","url":"https:\/\/nurlernen.de\/physik\/wp-content\/uploads\/sites\/3\/2025\/07\/l_100040_a_de.png","contentUrl":"https:\/\/nurlernen.de\/physik\/wp-content\/uploads\/sites\/3\/2025\/07\/l_100040_a_de.png","width":530,"height":530,"caption":"Physik Lernen"},"image":{"@id":"https:\/\/nurlernen.de\/physik\/#\/schema\/logo\/image\/"},"sameAs":["https:\/\/www.instagram.com\/nurlernen.de\/"]}]}},"_links":{"self":[{"href":"https:\/\/nurlernen.de\/physik\/wp-json\/wp\/v2\/pages\/259","targetHints":{"allow":["GET"]}}],"collection":[{"href":"https:\/\/nurlernen.de\/physik\/wp-json\/wp\/v2\/pages"}],"about":[{"href":"https:\/\/nurlernen.de\/physik\/wp-json\/wp\/v2\/types\/page"}],"author":[{"embeddable":true,"href":"https:\/\/nurlernen.de\/physik\/wp-json\/wp\/v2\/users\/1"}],"replies":[{"embeddable":true,"href":"https:\/\/nurlernen.de\/physik\/wp-json\/wp\/v2\/comments?post=259"}],"version-history":[{"count":3,"href":"https:\/\/nurlernen.de\/physik\/wp-json\/wp\/v2\/pages\/259\/revisions"}],"predecessor-version":[{"id":2794,"href":"https:\/\/nurlernen.de\/physik\/wp-json\/wp\/v2\/pages\/259\/revisions\/2794"}],"wp:attachment":[{"href":"https:\/\/nurlernen.de\/physik\/wp-json\/wp\/v2\/media?parent=259"}],"curies":[{"name":"wp","href":"https:\/\/api.w.org\/{rel}","templated":true}]}}