{"id":262,"date":"2020-03-29T11:20:51","date_gmt":"2020-03-29T09:20:51","guid":{"rendered":"http:\/\/www.niemma.de\/shop\/?p=262"},"modified":"2025-10-30T10:26:14","modified_gmt":"2025-10-30T09:26:14","slug":"was-ist-das-delta-delta","status":"publish","type":"page","link":"https:\/\/nurlernen.de\/physik\/was-ist-das-delta-delta\/","title":{"rendered":"Was ist das Delta ?"},"content":{"rendered":"<div id=\"results\" class=\"container\">\n\r\n\t\t<style>\r\n\t\t\t.collapsible {\r\n\t\t\t\tcolor: #303f9f;\t\r\n\t\t\t\tcursor: pointer; \r\n\t\t\t}\r\n\t\t\t.collapsible:hover {\r\n\t\t\t  text-decoration: underline;\r\n\t\t\t}\r\n\r\n\t\t\t.hidden_content {\r\n\t\t\t\tdisplay: none;\r\n\t\t\t\tbackground-color: #eeeeee\t\t  \r\n\t\t\t}\r\n\t\t<\/style>\r\n\t\t\r\n\t\t<script>\r\n\t\t\tdocument.addEventListener(\"DOMContentLoaded\", function() {\r\n\t\t\t\trenderMathInElement(document.body,\t\r\n\t\t\t\t{delimiters: [{left: \"$$\", right: \"$$\", display: true},\r\n\t\t\t\t{left: \"$\", right: \"$\", display: false},\r\n\t\t\t\t]});\r\n\t\t\t});\r\n\t\t\r\n\t\t\twindow.WebFontConfig = {\r\n\t\t\t\tcustom: {\r\n\t\t\t\t  families: [\"KaTeX_AMS\", \"KaTeX_Caligraphic:n4,n7\", \"KaTeX_Fraktur:n4,n7\",\r\n\t\t\t\t\t\"KaTeX_Main:n4,n7,i4,i7\", \"KaTeX_Math:i4,i7\", \"KaTeX_Script\",\r\n\t\t\t\t\t\"KaTeX_SansSerif:n4,n7,i4\", \"KaTeX_Size1\", \"KaTeX_Size2\", \"KaTeX_Size3\",\r\n\t\t\t\t\t\"KaTeX_Size4\", \"KaTeX_Typewriter\"],\r\n\t\t\t\t},\r\n\t\t\t};\r\n\t\t\r\n\t\t\tdocument.addEventListener(\"DOMContentLoaded\", function() {\r\n\t\t\t\tvar coll = document.getElementsByClassName(\"collapsible\");\r\n\t\t\t\tvar i;\r\n\r\n\t\t\t\tfor (i = 0; i < coll.length; i++) {\r\n\t\t\t\t  coll[i].addEventListener(\"click\", function() {\r\n\t\t\t\t\t\tthis.classList.toggle(\"active\");\r\n\t\t\t\t\t\tvar content = this.nextElementSibling;\r\n\t\t\t\t\t\tif (content.style.display === \"block\") {\r\n\t\t\t\t\t\t  content.style.display = \"none\";\r\n\t\t\t\t\t\t} else {\r\n\t\t\t\t\t\t  content.style.display = \"block\";\r\n\t\t\t\t\t\t}\r\n\t\t\t\t  });\r\n\t\t\t\t}\r\n\t\t\t});\r\n\t\t\r\n\t\t<\/script>\n<ol>\n<li>Differenzen werden in der Physik mit dem griechischen Buchstaben Delta $\\Delta$ dargestellt.<\/li>\n<li>Betrachten wir zwei Werte $A_1 = 4$ und $A_2=9$. Die Differenz dieser Werte betr\u00e4gt $A_2-A_1 = 5$. In Delta-Schreibweise k\u00f6nnen wir schreiben $$\\Delta A = A_2-A_1$$$$\\Delta A = 9-4 =5 $$<\/li>\n<li>Falls sich der Wert einer Variable nicht \u00e4ndert, sprechen wir von einer konstanten Variable. W\u00e4re in unserem Beispiel A konstant, z. B. $A=6$ dann w\u00e4re $\\Delta A = 0$ , da $$\\Delta A = A_2-A_1 = 6-6 = 0$$ F\u00fcr die konstante Variable x gilt immer $$\\Delta x = 0$$.<\/li>\n<li>Ein gutes Beispiel f\u00fcr $\\Delta$ ist die zur\u00fcckgelegte Strecke. Eine Strecke hat einen Anfangs- und einen Endpunkt. Betrachten wir eine Strecke, die bei $s_1=30 [km]$ startet und bei $s_2=48 [km]$ endet. Die Streckenl\u00e4nge $\\Delta s$ ist dann $$\\Delta s = s_2-s_1$$ $$\\Delta s = 48[km]-30[km] =18[km]$$<\/li>\n<li>Ein weiteres Beispiel f\u00fcr $\\Delta$ ist die verstrichene Zeit. Wenn wir z. B. eine Zeitspanne von 30 Sekunden mit einer Stoppuhr messen, dann messen wir einen Anfangszeitpunkt z. B. $t_1=10 [s]$ und einen Endzeitpunkt $t_2=40 [s]$. Die verstrichene Zeit $\\Delta t$ ist dann die Differenz $$\\Delta t = t_2-t_1$$ $$\\Delta t = 40 [s]-10 [s] = 30 [s]$$<\/li>\n<li>Jetzt k\u00f6nnen wir uns die Definition von Geschwindigkeit anschauen. Um die Geschwindigkeit <i>v<\/i> zu bestimmen, wird die zur\u00fcckgelegte Strecke $\\Delta s$ durch die hierf\u00fcr ben\u00f6tigte Zeit $\\Delta t$ dividiert. In der Delta-Schreibweise gilt: $$v=\\frac{\\Delta s}{\\Delta t}$$ $$v=\\frac{s_2-s_1}{t_2-t_1}$$<\/li>\n<li>Durch das Delta entf\u00e4llt die Abh\u00e4ngigkeit von einem Bezugssystem, da z. B. $\\Delta t = 50 [s]$ immer 50 Sekunden sind (egal in welchem Bezugsystem).<\/li>\n<\/ol>\n<\/div>\n\n\n<p><button onclick=\"location.href='https:\/\/nurlernen.de\/physik\/physik-inhalte\/'\">Lernbereich<\/button>\r\n<!--button onclick=\"location.href='https:\/\/nurlernen.de\/physik\/physik-lernkontrolle\/'\">Lernkontrolle<\/button-->\r\n<!--button onclick=\"location.href='\/physik-fragenkatalog'\"&gt;Fragenkatalog (F\u00fcr Lehrer)&lt;\/button-->\r\n<\/p>\n\n\n\n<p><\/p>\n","protected":false},"excerpt":{"rendered":"<p>Differenzen werden in der Physik mit dem griechischen Buchstabe Delta $\\Delta$ Bezeichnet.<\/p>\n","protected":false},"author":1,"featured_media":0,"parent":0,"menu_order":0,"comment_status":"closed","ping_status":"closed","template":"","meta":{"footnotes":""},"class_list":["post-262","page","type-page","status-publish"],"yoast_head":"<!-- This site is optimized with the Yoast SEO plugin v27.5 - https:\/\/yoast.com\/product\/yoast-seo-wordpress\/ -->\n<title>Was ist das Delta ?<\/title>\n<meta name=\"description\" content=\"Differenzen werden in der Physik mit dem griechischen Buchstaben Delta \u0394 dargestellt. Die Delta-Symbolik verst\u00e4ndlich mit Beispielen erkl\u00e4rt\" \/>\n<meta name=\"robots\" content=\"index, follow, max-snippet:-1, max-image-preview:large, max-video-preview:-1\" \/>\n<link rel=\"canonical\" href=\"https:\/\/nurlernen.de\/physik\/was-ist-das-delta-delta\/\" \/>\n<meta property=\"og:locale\" content=\"de_DE\" \/>\n<meta property=\"og:type\" content=\"article\" \/>\n<meta property=\"og:title\" content=\"Was ist das Delta ?\" \/>\n<meta property=\"og:description\" content=\"Differenzen werden in der Physik mit dem griechischen Buchstaben Delta \u0394 dargestellt. Die Delta-Symbolik verst\u00e4ndlich mit Beispielen erkl\u00e4rt\" \/>\n<meta property=\"og:url\" content=\"https:\/\/nurlernen.de\/physik\/was-ist-das-delta-delta\/\" \/>\n<meta property=\"og:site_name\" content=\"Physik Lernen\" \/>\n<meta property=\"article:modified_time\" content=\"2025-10-30T09:26:14+00:00\" \/>\n<meta name=\"twitter:card\" content=\"summary_large_image\" \/>\n<meta name=\"twitter:label1\" content=\"Gesch\u00e4tzte Lesezeit\" \/>\n\t<meta name=\"twitter:data1\" content=\"2\u00a0Minuten\" \/>\n<script type=\"application\/ld+json\" class=\"yoast-schema-graph\">{\"@context\":\"https:\\\/\\\/schema.org\",\"@graph\":[{\"@type\":\"WebPage\",\"@id\":\"https:\\\/\\\/nurlernen.de\\\/physik\\\/was-ist-das-delta-delta\\\/\",\"url\":\"https:\\\/\\\/nurlernen.de\\\/physik\\\/was-ist-das-delta-delta\\\/\",\"name\":\"Was ist das Delta ?\",\"isPartOf\":{\"@id\":\"https:\\\/\\\/nurlernen.de\\\/physik\\\/#website\"},\"datePublished\":\"2020-03-29T09:20:51+00:00\",\"dateModified\":\"2025-10-30T09:26:14+00:00\",\"description\":\"Differenzen werden in der Physik mit dem griechischen Buchstaben Delta \u0394 dargestellt. Die Delta-Symbolik verst\u00e4ndlich mit Beispielen erkl\u00e4rt\",\"breadcrumb\":{\"@id\":\"https:\\\/\\\/nurlernen.de\\\/physik\\\/was-ist-das-delta-delta\\\/#breadcrumb\"},\"inLanguage\":\"de\",\"potentialAction\":[{\"@type\":\"ReadAction\",\"target\":[\"https:\\\/\\\/nurlernen.de\\\/physik\\\/was-ist-das-delta-delta\\\/\"]}]},{\"@type\":\"BreadcrumbList\",\"@id\":\"https:\\\/\\\/nurlernen.de\\\/physik\\\/was-ist-das-delta-delta\\\/#breadcrumb\",\"itemListElement\":[{\"@type\":\"ListItem\",\"position\":1,\"name\":\"Startseite\",\"item\":\"https:\\\/\\\/nurlernen.de\\\/physik\\\/\"},{\"@type\":\"ListItem\",\"position\":2,\"name\":\"Was ist das Delta ?\"}]},{\"@type\":\"WebSite\",\"@id\":\"https:\\\/\\\/nurlernen.de\\\/physik\\\/#website\",\"url\":\"https:\\\/\\\/nurlernen.de\\\/physik\\\/\",\"name\":\"Physik Lernen\",\"description\":\"Kostenlose \u00dcbungen zur Klausur- und Abi-Vorbereitung\",\"publisher\":{\"@id\":\"https:\\\/\\\/nurlernen.de\\\/physik\\\/#organization\"},\"potentialAction\":[{\"@type\":\"SearchAction\",\"target\":{\"@type\":\"EntryPoint\",\"urlTemplate\":\"https:\\\/\\\/nurlernen.de\\\/physik\\\/?s={search_term_string}\"},\"query-input\":{\"@type\":\"PropertyValueSpecification\",\"valueRequired\":true,\"valueName\":\"search_term_string\"}}],\"inLanguage\":\"de\"},{\"@type\":\"Organization\",\"@id\":\"https:\\\/\\\/nurlernen.de\\\/physik\\\/#organization\",\"name\":\"Physik Lernen\",\"url\":\"https:\\\/\\\/nurlernen.de\\\/physik\\\/\",\"logo\":{\"@type\":\"ImageObject\",\"inLanguage\":\"de\",\"@id\":\"https:\\\/\\\/nurlernen.de\\\/physik\\\/#\\\/schema\\\/logo\\\/image\\\/\",\"url\":\"https:\\\/\\\/nurlernen.de\\\/physik\\\/wp-content\\\/uploads\\\/sites\\\/3\\\/2025\\\/07\\\/l_100040_a_de.png\",\"contentUrl\":\"https:\\\/\\\/nurlernen.de\\\/physik\\\/wp-content\\\/uploads\\\/sites\\\/3\\\/2025\\\/07\\\/l_100040_a_de.png\",\"width\":530,\"height\":530,\"caption\":\"Physik Lernen\"},\"image\":{\"@id\":\"https:\\\/\\\/nurlernen.de\\\/physik\\\/#\\\/schema\\\/logo\\\/image\\\/\"},\"sameAs\":[\"https:\\\/\\\/www.instagram.com\\\/nurlernen.de\\\/\"]}]}<\/script>\n<!-- \/ Yoast SEO plugin. -->","yoast_head_json":{"title":"Was ist das Delta ?","description":"Differenzen werden in der Physik mit dem griechischen Buchstaben Delta \u0394 dargestellt. Die Delta-Symbolik verst\u00e4ndlich mit Beispielen erkl\u00e4rt","robots":{"index":"index","follow":"follow","max-snippet":"max-snippet:-1","max-image-preview":"max-image-preview:large","max-video-preview":"max-video-preview:-1"},"canonical":"https:\/\/nurlernen.de\/physik\/was-ist-das-delta-delta\/","og_locale":"de_DE","og_type":"article","og_title":"Was ist das Delta ?","og_description":"Differenzen werden in der Physik mit dem griechischen Buchstaben Delta \u0394 dargestellt. Die Delta-Symbolik verst\u00e4ndlich mit Beispielen erkl\u00e4rt","og_url":"https:\/\/nurlernen.de\/physik\/was-ist-das-delta-delta\/","og_site_name":"Physik Lernen","article_modified_time":"2025-10-30T09:26:14+00:00","twitter_card":"summary_large_image","twitter_misc":{"Gesch\u00e4tzte Lesezeit":"2\u00a0Minuten"},"schema":{"@context":"https:\/\/schema.org","@graph":[{"@type":"WebPage","@id":"https:\/\/nurlernen.de\/physik\/was-ist-das-delta-delta\/","url":"https:\/\/nurlernen.de\/physik\/was-ist-das-delta-delta\/","name":"Was ist das Delta ?","isPartOf":{"@id":"https:\/\/nurlernen.de\/physik\/#website"},"datePublished":"2020-03-29T09:20:51+00:00","dateModified":"2025-10-30T09:26:14+00:00","description":"Differenzen werden in der Physik mit dem griechischen Buchstaben Delta \u0394 dargestellt. Die Delta-Symbolik verst\u00e4ndlich mit Beispielen erkl\u00e4rt","breadcrumb":{"@id":"https:\/\/nurlernen.de\/physik\/was-ist-das-delta-delta\/#breadcrumb"},"inLanguage":"de","potentialAction":[{"@type":"ReadAction","target":["https:\/\/nurlernen.de\/physik\/was-ist-das-delta-delta\/"]}]},{"@type":"BreadcrumbList","@id":"https:\/\/nurlernen.de\/physik\/was-ist-das-delta-delta\/#breadcrumb","itemListElement":[{"@type":"ListItem","position":1,"name":"Startseite","item":"https:\/\/nurlernen.de\/physik\/"},{"@type":"ListItem","position":2,"name":"Was ist das Delta ?"}]},{"@type":"WebSite","@id":"https:\/\/nurlernen.de\/physik\/#website","url":"https:\/\/nurlernen.de\/physik\/","name":"Physik Lernen","description":"Kostenlose \u00dcbungen zur Klausur- und Abi-Vorbereitung","publisher":{"@id":"https:\/\/nurlernen.de\/physik\/#organization"},"potentialAction":[{"@type":"SearchAction","target":{"@type":"EntryPoint","urlTemplate":"https:\/\/nurlernen.de\/physik\/?s={search_term_string}"},"query-input":{"@type":"PropertyValueSpecification","valueRequired":true,"valueName":"search_term_string"}}],"inLanguage":"de"},{"@type":"Organization","@id":"https:\/\/nurlernen.de\/physik\/#organization","name":"Physik Lernen","url":"https:\/\/nurlernen.de\/physik\/","logo":{"@type":"ImageObject","inLanguage":"de","@id":"https:\/\/nurlernen.de\/physik\/#\/schema\/logo\/image\/","url":"https:\/\/nurlernen.de\/physik\/wp-content\/uploads\/sites\/3\/2025\/07\/l_100040_a_de.png","contentUrl":"https:\/\/nurlernen.de\/physik\/wp-content\/uploads\/sites\/3\/2025\/07\/l_100040_a_de.png","width":530,"height":530,"caption":"Physik Lernen"},"image":{"@id":"https:\/\/nurlernen.de\/physik\/#\/schema\/logo\/image\/"},"sameAs":["https:\/\/www.instagram.com\/nurlernen.de\/"]}]}},"_links":{"self":[{"href":"https:\/\/nurlernen.de\/physik\/wp-json\/wp\/v2\/pages\/262","targetHints":{"allow":["GET"]}}],"collection":[{"href":"https:\/\/nurlernen.de\/physik\/wp-json\/wp\/v2\/pages"}],"about":[{"href":"https:\/\/nurlernen.de\/physik\/wp-json\/wp\/v2\/types\/page"}],"author":[{"embeddable":true,"href":"https:\/\/nurlernen.de\/physik\/wp-json\/wp\/v2\/users\/1"}],"replies":[{"embeddable":true,"href":"https:\/\/nurlernen.de\/physik\/wp-json\/wp\/v2\/comments?post=262"}],"version-history":[{"count":4,"href":"https:\/\/nurlernen.de\/physik\/wp-json\/wp\/v2\/pages\/262\/revisions"}],"predecessor-version":[{"id":2885,"href":"https:\/\/nurlernen.de\/physik\/wp-json\/wp\/v2\/pages\/262\/revisions\/2885"}],"wp:attachment":[{"href":"https:\/\/nurlernen.de\/physik\/wp-json\/wp\/v2\/media?parent=262"}],"curies":[{"name":"wp","href":"https:\/\/api.w.org\/{rel}","templated":true}]}}