{"id":2849,"date":"2025-08-12T08:39:14","date_gmt":"2025-08-12T06:39:14","guid":{"rendered":"https:\/\/nurlernen.de\/physik\/?page_id=2849"},"modified":"2025-08-12T09:24:38","modified_gmt":"2025-08-12T07:24:38","slug":"physik-artikel","status":"publish","type":"page","link":"https:\/\/nurlernen.de\/physik\/physik-artikel\/","title":{"rendered":"Physik Artikel"},"content":{"rendered":"\n<p>Hier findest du eine Sammlung unserer Texte zu diversen Themen der Physik. Du brauchst nicht zwingend diese Texte, um deine Noten in Physik zu verbessern. Es reicht auch, wenn du flei\u00dfig nur die <a href=\"https:\/\/nurlernen.de\/physik\/physik-inhalte\/\" title=\"Physik Inhalte\">\u00dcbungen<\/a> auf unserer Seite machst. Diese Texte k\u00f6nnten dir aber helfen bestimmte Sachverhalte besser zu verstehen.<\/p>\n\n\n\n<p>Bitte denk daran, dass wir noch an diesen Texten arbeiten, sodass mit der Zeit weitere Inhalte hinzugef\u00fcgt werden. Falls du zu bestimmten Themen W\u00fcnsche hast, kannst du uns sehr gerne \u00fcber die Kommentarfunktion, oder noch besser \u00fcber das&nbsp;<a href=\"https:\/\/nurlernen.de\/physik\/kontakt\/\" title=\"Kontakt\">Kontaktformular<\/a>&nbsp;in Kenntnis setzen. Wir freuen uns auf deine R\u00fcckmeldung.<\/p>\n\n\n<h3>Kapitel 1: Bewegungen verstehen<\/h3>\n<ol>\n<li><a href=\"http:\/\/nurlernen.de\/physik\/was-ist-physik\" data-type=\"page\" data-id=\"193\">Was ist Physik?<\/a><\/li>\n<li><a href=\"\/physik\/was-ist-eine-einheit\/\">Was ist eine Einheit?<\/a><\/li>\n<li><a href=\"\/physik\/was-ist-zeit\/\">Was ist Zeit?<\/a><\/li>\n<li><a href=\"\/physik\/was-ist-raum\/\">Was ist Raum?<\/a><\/li>\n<li><a href=\"\/physik\/was-ist-position\/\">Was ist Position?<\/a><\/li>\n<li><a href=\"\/physik\/was-ist-eine-gleichung\/\">Was ist eine Gleichung?<\/a><\/li>\n<li><a href=\"\/physik\/was-ist-bewegung\/\">Was ist Bewegung?<\/a><\/li>\n<li><a href=\"\/physik\/was-ist-das-delta-delta\/\">Was ist das Delta?<\/a><\/li>\n<li><a href=\"\/physik\/was-ist-beschleunigung\/\">Was ist Beschleunigung?<\/a><\/li>\n<li><a href=\"\/physik\/was-ist-eine-funktion\/\">Was ist eine Funktion?<\/a><\/li>\n<li><a href=\"\/physik\/das-weg-zeit-diagramm\/\">Das s-t-Diagramm<\/a><\/li>\n<li><a href=\"\/physik\/strecke-und-beschleunigung\/\">Das s-a-Diagramm<\/a><\/li>\n<li><a href=\"\/physik\/kapitel1-zusammenfassung\/\">Kapitel 1: Zusammenfassung<\/a><\/li>\n<\/ol>\n<h3>Kapitel 2: Newtonsche Gesetze der Mechanik<\/h3>\n<ol>\n<li><a href=\"\/physik\/was-ist-ein-vektor\/\">Was ist ein Vektor?<\/a><\/li>\n<li><a href=\"\/physik\/die-position-ist-ein-vektor\/\">Bewegung und Vektoren?<\/a><\/li>\n<li><a href=\"\/physik\/was-ist-eine-kraft\/\">Was ist eine Kraft?<\/a><\/li>\n<li><a href=\"\/physik\/welche-kraefte-gibt-es\/\">Welche Fundamentalkr\u00e4fte gibt es?<\/a><\/li>\n<li><a href=\"\/physik\/actio-reactio\/\">Actio = Reactio, aber warum?<\/a><\/li>\n<li><a href=\"\/physik\/newtonsche-gesetze-der-dynamik\/\">Newtonsche Gesetze der Mechanik<\/a><\/li>\n<li><a href=\"\/physik\/wie-addiert-man-vektoren\/\">Was ist Superposition?<\/a><\/li>\n<li><a href=\"\/physik\/haftreibung\/\">Haftreibung und ruhende Objekte<\/a><\/li>\n<li><a href=\"\/physik\/gleitreibung\/\">Gleitreibung und sich bewegende Objekte<\/a><\/li>\n<li><a href=\"\/physik\/kapitel-2-zusammenfassung\/\">Kapitel 2: Zusammenfassung<\/a><\/li>\n<\/ol>\n<h3>Kapitel 3: Wurfbewegungen und die schiefe Ebene<\/h3>\n<ol>\n<li><a href=\"\/physik\/quadratische-gleichungen-und-parabel\/\">Quadratische Gleichungen und Funktionen<\/a><\/li>\n<li><a href=\"\/physik\/fall-und-wurfbewegungen-verstehen\/\">Der freie Fall<\/a><\/li>\n<li><a href=\"\/physik\/der-senkrechte-wurf\/\">Der senkrechte Wurf<\/a><\/li>\n<li><a href=\"\/physik\/der-waagerechte-wurf\/\">Der waagerechte Wurf<\/a><\/li>\n<li><a href=\"\/physik\/das-rechtwinkelige-dreieck\/\">Das rechtwinkelige Dreieck und Trigonometrie<\/a><\/li>\n<li><a href=\"\/physik\/wie-zerlegt-man-vektoren\/\">Wie zerlegt man Vektoren<\/a><\/li>\n<li><a href=\"\/physik\/der-schiefe-wurf\/\">Der schiefe Wurf<\/a><\/li>\n<li><a href=\"\/physik\/wurfbewegungen-verstehen\/\">Zusammenfassung von Wurfbewegungen <\/a><\/li>\n<li><a href=\"\/physik\/bewegung-auf-einer-schiefen-ebene\/\">Die schiefe Ebene ohne Reibung<\/a><\/li>\n<li><a href=\"\/physik\/bewegung-auf-einer-schiefen-ebene-mit-reibung\/\">Die schiefe Ebene mit Reibung<\/a><\/li>\n<\/ol>\n<h3>Kapitel 4: Arbeit, Energie und Impuls<\/h3>\n<ol>\n<li><a href=\"\/physik\/was-ist-physikalische-arbeit\/\">Was ist Arbeit?<\/a><\/li>\n<li><a href=\"\/physik\/was-ist-energie\/\">Was ist Energie?<\/a><\/li>\n<li><a href=\"\/physik\/was-ist-kinetische-energie\/\">Was ist kinetische Energie?<\/a><\/li>\n<li><a href=\"\/physik\/was-ist-potenzielle-energie\/\">Was ist potenzielle Energie?<\/a><\/li>\n<li><a href=\"\/physik\/die-energieerhaltung\/\">Energieerhaltung in abgeschlossenen Systemen<\/a><\/li>\n<li><a href=\"\/physik\/was-ist-der-impuls\/\">Was ist Impuls?<\/a><\/li>\n<li><a href=\"de_l_100335_Impulserhaltung.html\">Warum blei<\/a><a href=\"\/physik\/die-impulserhaltung\/\">bt der Impuls erhalten?<\/a><\/li>\n<li><a href=\"\/physik\/wie-multipliziert-man-vektoren\/\">Was ist das Skalarprodukt?<\/a><\/li>\n<li><a href=\"\/physik\/vektorielle-betrachtung-von-arbeit-und-impuls\/\">Vektorielle Betrachtung von Impuls, Arbeit und Energie<\/a><\/li>\n<li><a href=\"\/physik\/was-ist-mechanische-leistung\/\">Was ist Leistung?<\/a><\/li>\n<\/ol>\n<h3>Kapitel 5: Anwendung der Erhaltungss\u00e4tze (in Arbeit)<\/h3>\n<ol>\n<li><a href=\"\/physik\/kraft-energie-impuls\/\">Kraft, Energie, Impuls<\/a><\/li>\n<li><a href=\"\/physik\/wie-kann-man-summen-vereinfachen\/\">Wie kann man lange Summen darstellen?<\/a><\/li>\n<li><a href=\"\/physik\/verwendung-der-energieerhaltung-bei-fallvorgaengen\/\">Energieerhaltung und Fallbewegungen<\/a><\/li>\n<li><a href=\"\/physik\/verwendung-der-energieerhaltung-bei-wurfbewegungen\/\">Energieerhaltung und Wurfbewegungen<\/a><\/li>\n<li><a href=\"https:\/\/nurlernen.de\/physik\/energieerhaltung-schiefen-ebenen-ohne-reibung\/\">Energieerhaltung und schiefe Ebene (ohne Reibung)<\/a><\/li>\n<li><a href=\"https:\/\/nurlernen.de\/physik\/energieerhaltung-schiefen-ebenen-mit-reibung\/\">Energieerhaltung und schiefe Ebene (mit Reibung)<\/a><\/li>\n<li><a href=\"\/physik\/anwendung-der-impulserhaltung\/\">Anwendung der Impulserhaltung<\/a><\/li>\n<li><a href=\"\/physik\/berechnung-von-geraden-elastischen-stoessen\/\">Gerade elastische St\u00f6\u00dfe 1<\/a><\/li>\n<li><a href=\"\/physik\/berechnung-von-geraden-elastischen-stoessen-2\/\">Gerade elastische St\u00f6\u00dfe 2<\/a><\/li>\n<li>Gerade inelastische St\u00f6\u00dfe<\/li>\n<\/ol>","protected":false},"excerpt":{"rendered":"<p>Hier findest du eine Sammlung unserer Texte zu diversen Themen der Physik. Du brauchst nicht zwingend diese Texte, um deine Noten in Physik zu verbessern. Es reicht auch, wenn du flei\u00dfig nur die \u00dcbungen auf unserer Seite machst. Diese Texte k\u00f6nnten dir aber helfen bestimmte Sachverhalte besser zu verstehen. Bitte denk daran, dass wir noch &#8230; <a title=\"Physik Artikel\" class=\"read-more\" href=\"https:\/\/nurlernen.de\/physik\/physik-artikel\/\" aria-label=\"Mehr Informationen \u00fcber Physik Artikel\">Weiterlesen<\/a><\/p>\n","protected":false},"author":1,"featured_media":0,"parent":0,"menu_order":0,"comment_status":"closed","ping_status":"closed","template":"","meta":{"footnotes":""},"class_list":["post-2849","page","type-page","status-publish"],"yoast_head":"<!-- This site is optimized with the Yoast SEO plugin v27.5 - https:\/\/yoast.com\/product\/yoast-seo-wordpress\/ -->\n<title>Physik Artikel<\/title>\n<meta name=\"robots\" content=\"index, follow, max-snippet:-1, max-image-preview:large, max-video-preview:-1\" \/>\n<link rel=\"canonical\" href=\"https:\/\/nurlernen.de\/physik\/physik-artikel\/\" \/>\n<meta property=\"og:locale\" content=\"de_DE\" \/>\n<meta property=\"og:type\" content=\"article\" \/>\n<meta property=\"og:title\" content=\"Physik Artikel\" \/>\n<meta property=\"og:description\" content=\"Hier findest du eine Sammlung unserer Texte zu diversen Themen der Physik. Du brauchst nicht zwingend diese Texte, um deine Noten in Physik zu verbessern. Es reicht auch, wenn du flei\u00dfig nur die \u00dcbungen auf unserer Seite machst. Diese Texte k\u00f6nnten dir aber helfen bestimmte Sachverhalte besser zu verstehen. Bitte denk daran, dass wir noch ... Weiterlesen\" \/>\n<meta property=\"og:url\" content=\"https:\/\/nurlernen.de\/physik\/physik-artikel\/\" \/>\n<meta property=\"og:site_name\" content=\"Physik Lernen\" \/>\n<meta property=\"article:modified_time\" content=\"2025-08-12T07:24:38+00:00\" \/>\n<meta name=\"twitter:card\" content=\"summary_large_image\" \/>\n<meta name=\"twitter:label1\" content=\"Gesch\u00e4tzte Lesezeit\" \/>\n\t<meta name=\"twitter:data1\" content=\"2\u00a0Minuten\" \/>\n<script type=\"application\/ld+json\" class=\"yoast-schema-graph\">{\"@context\":\"https:\\\/\\\/schema.org\",\"@graph\":[{\"@type\":\"WebPage\",\"@id\":\"https:\\\/\\\/nurlernen.de\\\/physik\\\/physik-artikel\\\/\",\"url\":\"https:\\\/\\\/nurlernen.de\\\/physik\\\/physik-artikel\\\/\",\"name\":\"Physik Artikel\",\"isPartOf\":{\"@id\":\"https:\\\/\\\/nurlernen.de\\\/physik\\\/#website\"},\"datePublished\":\"2025-08-12T06:39:14+00:00\",\"dateModified\":\"2025-08-12T07:24:38+00:00\",\"breadcrumb\":{\"@id\":\"https:\\\/\\\/nurlernen.de\\\/physik\\\/physik-artikel\\\/#breadcrumb\"},\"inLanguage\":\"de\",\"potentialAction\":[{\"@type\":\"ReadAction\",\"target\":[\"https:\\\/\\\/nurlernen.de\\\/physik\\\/physik-artikel\\\/\"]}]},{\"@type\":\"BreadcrumbList\",\"@id\":\"https:\\\/\\\/nurlernen.de\\\/physik\\\/physik-artikel\\\/#breadcrumb\",\"itemListElement\":[{\"@type\":\"ListItem\",\"position\":1,\"name\":\"Startseite\",\"item\":\"https:\\\/\\\/nurlernen.de\\\/physik\\\/\"},{\"@type\":\"ListItem\",\"position\":2,\"name\":\"Physik Artikel\"}]},{\"@type\":\"WebSite\",\"@id\":\"https:\\\/\\\/nurlernen.de\\\/physik\\\/#website\",\"url\":\"https:\\\/\\\/nurlernen.de\\\/physik\\\/\",\"name\":\"Physik Lernen\",\"description\":\"Kostenlose \u00dcbungen zur Klausur- und Abi-Vorbereitung\",\"publisher\":{\"@id\":\"https:\\\/\\\/nurlernen.de\\\/physik\\\/#organization\"},\"potentialAction\":[{\"@type\":\"SearchAction\",\"target\":{\"@type\":\"EntryPoint\",\"urlTemplate\":\"https:\\\/\\\/nurlernen.de\\\/physik\\\/?s={search_term_string}\"},\"query-input\":{\"@type\":\"PropertyValueSpecification\",\"valueRequired\":true,\"valueName\":\"search_term_string\"}}],\"inLanguage\":\"de\"},{\"@type\":\"Organization\",\"@id\":\"https:\\\/\\\/nurlernen.de\\\/physik\\\/#organization\",\"name\":\"Physik Lernen\",\"url\":\"https:\\\/\\\/nurlernen.de\\\/physik\\\/\",\"logo\":{\"@type\":\"ImageObject\",\"inLanguage\":\"de\",\"@id\":\"https:\\\/\\\/nurlernen.de\\\/physik\\\/#\\\/schema\\\/logo\\\/image\\\/\",\"url\":\"https:\\\/\\\/nurlernen.de\\\/physik\\\/wp-content\\\/uploads\\\/sites\\\/3\\\/2025\\\/07\\\/l_100040_a_de.png\",\"contentUrl\":\"https:\\\/\\\/nurlernen.de\\\/physik\\\/wp-content\\\/uploads\\\/sites\\\/3\\\/2025\\\/07\\\/l_100040_a_de.png\",\"width\":530,\"height\":530,\"caption\":\"Physik Lernen\"},\"image\":{\"@id\":\"https:\\\/\\\/nurlernen.de\\\/physik\\\/#\\\/schema\\\/logo\\\/image\\\/\"},\"sameAs\":[\"https:\\\/\\\/www.instagram.com\\\/nurlernen.de\\\/\"]}]}<\/script>\n<!-- \/ Yoast SEO plugin. -->","yoast_head_json":{"title":"Physik Artikel","robots":{"index":"index","follow":"follow","max-snippet":"max-snippet:-1","max-image-preview":"max-image-preview:large","max-video-preview":"max-video-preview:-1"},"canonical":"https:\/\/nurlernen.de\/physik\/physik-artikel\/","og_locale":"de_DE","og_type":"article","og_title":"Physik Artikel","og_description":"Hier findest du eine Sammlung unserer Texte zu diversen Themen der Physik. Du brauchst nicht zwingend diese Texte, um deine Noten in Physik zu verbessern. Es reicht auch, wenn du flei\u00dfig nur die \u00dcbungen auf unserer Seite machst. Diese Texte k\u00f6nnten dir aber helfen bestimmte Sachverhalte besser zu verstehen. Bitte denk daran, dass wir noch ... Weiterlesen","og_url":"https:\/\/nurlernen.de\/physik\/physik-artikel\/","og_site_name":"Physik Lernen","article_modified_time":"2025-08-12T07:24:38+00:00","twitter_card":"summary_large_image","twitter_misc":{"Gesch\u00e4tzte Lesezeit":"2\u00a0Minuten"},"schema":{"@context":"https:\/\/schema.org","@graph":[{"@type":"WebPage","@id":"https:\/\/nurlernen.de\/physik\/physik-artikel\/","url":"https:\/\/nurlernen.de\/physik\/physik-artikel\/","name":"Physik Artikel","isPartOf":{"@id":"https:\/\/nurlernen.de\/physik\/#website"},"datePublished":"2025-08-12T06:39:14+00:00","dateModified":"2025-08-12T07:24:38+00:00","breadcrumb":{"@id":"https:\/\/nurlernen.de\/physik\/physik-artikel\/#breadcrumb"},"inLanguage":"de","potentialAction":[{"@type":"ReadAction","target":["https:\/\/nurlernen.de\/physik\/physik-artikel\/"]}]},{"@type":"BreadcrumbList","@id":"https:\/\/nurlernen.de\/physik\/physik-artikel\/#breadcrumb","itemListElement":[{"@type":"ListItem","position":1,"name":"Startseite","item":"https:\/\/nurlernen.de\/physik\/"},{"@type":"ListItem","position":2,"name":"Physik Artikel"}]},{"@type":"WebSite","@id":"https:\/\/nurlernen.de\/physik\/#website","url":"https:\/\/nurlernen.de\/physik\/","name":"Physik Lernen","description":"Kostenlose \u00dcbungen zur Klausur- und Abi-Vorbereitung","publisher":{"@id":"https:\/\/nurlernen.de\/physik\/#organization"},"potentialAction":[{"@type":"SearchAction","target":{"@type":"EntryPoint","urlTemplate":"https:\/\/nurlernen.de\/physik\/?s={search_term_string}"},"query-input":{"@type":"PropertyValueSpecification","valueRequired":true,"valueName":"search_term_string"}}],"inLanguage":"de"},{"@type":"Organization","@id":"https:\/\/nurlernen.de\/physik\/#organization","name":"Physik Lernen","url":"https:\/\/nurlernen.de\/physik\/","logo":{"@type":"ImageObject","inLanguage":"de","@id":"https:\/\/nurlernen.de\/physik\/#\/schema\/logo\/image\/","url":"https:\/\/nurlernen.de\/physik\/wp-content\/uploads\/sites\/3\/2025\/07\/l_100040_a_de.png","contentUrl":"https:\/\/nurlernen.de\/physik\/wp-content\/uploads\/sites\/3\/2025\/07\/l_100040_a_de.png","width":530,"height":530,"caption":"Physik Lernen"},"image":{"@id":"https:\/\/nurlernen.de\/physik\/#\/schema\/logo\/image\/"},"sameAs":["https:\/\/www.instagram.com\/nurlernen.de\/"]}]}},"_links":{"self":[{"href":"https:\/\/nurlernen.de\/physik\/wp-json\/wp\/v2\/pages\/2849","targetHints":{"allow":["GET"]}}],"collection":[{"href":"https:\/\/nurlernen.de\/physik\/wp-json\/wp\/v2\/pages"}],"about":[{"href":"https:\/\/nurlernen.de\/physik\/wp-json\/wp\/v2\/types\/page"}],"author":[{"embeddable":true,"href":"https:\/\/nurlernen.de\/physik\/wp-json\/wp\/v2\/users\/1"}],"replies":[{"embeddable":true,"href":"https:\/\/nurlernen.de\/physik\/wp-json\/wp\/v2\/comments?post=2849"}],"version-history":[{"count":3,"href":"https:\/\/nurlernen.de\/physik\/wp-json\/wp\/v2\/pages\/2849\/revisions"}],"predecessor-version":[{"id":2859,"href":"https:\/\/nurlernen.de\/physik\/wp-json\/wp\/v2\/pages\/2849\/revisions\/2859"}],"wp:attachment":[{"href":"https:\/\/nurlernen.de\/physik\/wp-json\/wp\/v2\/media?parent=2849"}],"curies":[{"name":"wp","href":"https:\/\/api.w.org\/{rel}","templated":true}]}}