{"id":294,"date":"2020-03-30T20:09:53","date_gmt":"2020-03-30T18:09:53","guid":{"rendered":"http:\/\/www.niemma.de\/shop\/?p=294"},"modified":"2025-11-10T09:03:24","modified_gmt":"2025-11-10T08:03:24","slug":"welche-kraefte-gibt-es","status":"publish","type":"page","link":"https:\/\/nurlernen.de\/physik\/welche-kraefte-gibt-es\/","title":{"rendered":"Welche Kr\u00e4fte gibt es?"},"content":{"rendered":"<div id=\"results\" class=\"container\">\n\r\n\t\t<style>\r\n\t\t\t.collapsible {\r\n\t\t\t\tcolor: #303f9f;\t\r\n\t\t\t\tcursor: pointer; \r\n\t\t\t}\r\n\t\t\t.collapsible:hover {\r\n\t\t\t  text-decoration: underline;\r\n\t\t\t}\r\n\r\n\t\t\t.hidden_content {\r\n\t\t\t\tdisplay: none;\r\n\t\t\t\tbackground-color: #eeeeee\t\t  \r\n\t\t\t}\r\n\t\t<\/style>\r\n\t\t\r\n\t\t<script>\r\n\t\t\tdocument.addEventListener(\"DOMContentLoaded\", function() {\r\n\t\t\t\trenderMathInElement(document.body,\t\r\n\t\t\t\t{delimiters: [{left: \"$$\", right: \"$$\", display: true},\r\n\t\t\t\t{left: \"$\", right: \"$\", display: false},\r\n\t\t\t\t]});\r\n\t\t\t});\r\n\t\t\r\n\t\t\twindow.WebFontConfig = {\r\n\t\t\t\tcustom: {\r\n\t\t\t\t  families: [\"KaTeX_AMS\", \"KaTeX_Caligraphic:n4,n7\", \"KaTeX_Fraktur:n4,n7\",\r\n\t\t\t\t\t\"KaTeX_Main:n4,n7,i4,i7\", \"KaTeX_Math:i4,i7\", \"KaTeX_Script\",\r\n\t\t\t\t\t\"KaTeX_SansSerif:n4,n7,i4\", \"KaTeX_Size1\", \"KaTeX_Size2\", \"KaTeX_Size3\",\r\n\t\t\t\t\t\"KaTeX_Size4\", \"KaTeX_Typewriter\"],\r\n\t\t\t\t},\r\n\t\t\t};\r\n\t\t\r\n\t\t\tdocument.addEventListener(\"DOMContentLoaded\", function() {\r\n\t\t\t\tvar coll = document.getElementsByClassName(\"collapsible\");\r\n\t\t\t\tvar i;\r\n\r\n\t\t\t\tfor (i = 0; i < coll.length; i++) {\r\n\t\t\t\t  coll[i].addEventListener(\"click\", function() {\r\n\t\t\t\t\t\tthis.classList.toggle(\"active\");\r\n\t\t\t\t\t\tvar content = this.nextElementSibling;\r\n\t\t\t\t\t\tif (content.style.display === \"block\") {\r\n\t\t\t\t\t\t  content.style.display = \"none\";\r\n\t\t\t\t\t\t} else {\r\n\t\t\t\t\t\t  content.style.display = \"block\";\r\n\t\t\t\t\t\t}\r\n\t\t\t\t  });\r\n\t\t\t\t}\r\n\t\t\t});\r\n\t\t\r\n\t\t<\/script>\n<p>Alle physikalischen Kr\u00e4fte k\u00f6nnen auf vier Fundamentalkr\u00e4fte zur\u00fcckgef\u00fchrt werden.<\/p>\n<h3>Die Gravitationskraft<\/h3>\n<p>Die <u>Gravitationskraft<\/u> ist eine Anziehungskraft, die ihren Ursprung in schwerer Masse hat. Alle K\u00f6rper, die eine Masse besitzen, k\u00f6nnen eine Anziehungskraft auf andere Objekte aus\u00fcben. In der Mechanik, Statik und Astronomie spielt die Gravitation eine sehr wichtige Rolle. Newtonsche Gesetze und Einsteins Relativit\u00e4tstheorie sind die physikalischen Theorien, die sich mit der Gravitation befassen. Gravitation ist die schw\u00e4chste Fundamentalkraft \u00fcberhaupt. Wenn ein Mensch einen Apfel hoch h\u00e4lt, \u00fcberwindet er die gesamte Anziehungskraft der Erde, die auf diesen Apfel wirkt. Wenn ein Apfel auf einem Tisch steht, \u00fcberwindet die elektromagnetische Kraft zwischen den Molek\u00fclen im Apfel und dem Tisch ebenfalls die gesamte Erdanziehung auf den Apfel, sodass der Apfel nicht durch den Tisch hindurch rutscht. Moderne Theorien der Physik nehmen an, dass die Gravitation im Gegensatz zu anderen Kr\u00e4ften aus unserem Universum ausweicht (Leckage) und deshalb so schwach ist.<\/p>\n<h3>Die Elektromagnetische Kraft<\/h3>\n<p>Die <u>Elektromagnetische Kraft<\/u> ist eine anziehende oder absto\u00dfende Kraft, die durch eine Eigenschaft der Materie namens Ladung hervorgerufen wird. Dabei sto\u00dfen sich gleichnamige Ladungen ab, w\u00e4hrend sich die ungleichnamigen Ladungen anziehen. Fr\u00fcher wurden die elektrische und die magnetische Kr\u00e4fte als zwei separate Kr\u00e4fte betrachtet. Diese wurden durch die sogenannten Maxwell-Gleichungen zum Elektromagnetismus vereinheitlicht. Die Elektrizit\u00e4tslehre, der Magnetismus, die Optik, die Atomphysik und die Quantenphysik besch\u00e4ftigen sich mit Verst\u00e4ndnis der Elektromagnetismus. Reibungskr\u00e4fte entstehen durch elektromagnetische Kr\u00e4fte zwischen den Atomen und Molek\u00fclen verschiedener Objekte.<\/p>\n<h3>Die Starke Kernkraft<\/h3>\n<p>Die <u>Starke Kernkraft<\/u> ist eine Kraft, die Atomkerne zusammen h\u00e4lt. Sie wirkt im Gegensatz zur Gravitation und Elektromagnetismus auf extrem kurze Distanzen. Die Kernphysik, Quantenphysik und Elementarteilchenphysik besch\u00e4ftigen sich haupts\u00e4chlich mit schwachen und starken Kernkr\u00e4ften.<\/p>\n<h3>Die Schwache Kernkraft<\/h3>\n<p>Die <u>Schwache Kernkraft<\/u> ist eine Kraft, die f\u00fcr den Zerfall von Atomkernen zust\u00e4ndig ist. Sie wirkt im Gegensatz zur Gravitation und Elektromagnetismus auf extrem kurze Distanzen. Die Kernphysik, Quantenphysik und Elementarteilchenphysik besch\u00e4ftigen sich haupts\u00e4chlich mit schwachen und starken Kernkr\u00e4ften.<\/p>\n<p>Bisher konnten Physiker die drei starken Kr\u00e4fte Elektromagnetismus, starke und schwache Kernkraft miteinander vereinheitlichen. Alle diese drei Kr\u00e4fte lassen sich besonders gut bei kleinen Partikel (z. B. Atomen und Atomkernen) untersuchen. Die Gravitation aber scheint nicht mit diesen drei Kr\u00e4ften kompatibel zu sein. Zudem werden die Effekte der Gravitation bei sehr gro\u00dfen Objekten mit gro\u00dfer Masse relevant (z. B. Galaxien). Es gibt zwei Situationen wo kleine Objekte (die drei vereinheitlichte Theorien) auf schwere K\u00f6rper (Gravitation) treffen. Diese sind das Universum w\u00e4hrend seiner Entstehung (Urknall) und die schwarzen L\u00f6cher. Diese Objekte k\u00f6nnen erst dann abschlie\u00dfend verstanden werden, wenn die Gravitation mit den anderen Kr\u00e4ften vereinheitlicht wurde (Weltformel).<\/p>\n<\/div>\n\n\n<p><button onclick=\"location.href='https:\/\/nurlernen.de\/physik\/physik-inhalte\/'\">Lernbereich<\/button>\r\n<!--button onclick=\"location.href='https:\/\/nurlernen.de\/physik\/physik-lernkontrolle\/'\">Lernkontrolle<\/button-->\r\n<!--button onclick=\"location.href='\/physik-fragenkatalog'\"&gt;Fragenkatalog (F\u00fcr Lehrer)&lt;\/button-->\r\n<\/p>\n","protected":false},"excerpt":{"rendered":"<p>physikalischen Kr\u00e4fte k\u00f6nnen auf vier Fundamentalkr\u00e4fte zur\u00fcckgef\u00fchrt werden.<\/p>\n","protected":false},"author":1,"featured_media":0,"parent":0,"menu_order":0,"comment_status":"closed","ping_status":"closed","template":"","meta":{"footnotes":""},"class_list":["post-294","page","type-page","status-publish"],"yoast_head":"<!-- This site is optimized with the Yoast SEO plugin v27.5 - https:\/\/yoast.com\/product\/yoast-seo-wordpress\/ -->\n<title>Welche Kr\u00e4fte gibt es?<\/title>\n<meta name=\"description\" content=\"Welche Kr\u00e4fte gibt es? Es gibt vier Fundamentalkr\u00e4fte. Die Gravitationskraft . die Elektromagnetische, die starke und die schwache Kraft.\" \/>\n<meta name=\"robots\" content=\"index, follow, max-snippet:-1, max-image-preview:large, max-video-preview:-1\" \/>\n<link rel=\"canonical\" href=\"https:\/\/nurlernen.de\/physik\/welche-kraefte-gibt-es\/\" \/>\n<meta property=\"og:locale\" content=\"de_DE\" \/>\n<meta property=\"og:type\" content=\"article\" \/>\n<meta property=\"og:title\" content=\"Welche Kr\u00e4fte gibt es?\" \/>\n<meta property=\"og:description\" content=\"Welche Kr\u00e4fte gibt es? Es gibt vier Fundamentalkr\u00e4fte. Die Gravitationskraft . die Elektromagnetische, die starke und die schwache Kraft.\" \/>\n<meta property=\"og:url\" content=\"https:\/\/nurlernen.de\/physik\/welche-kraefte-gibt-es\/\" \/>\n<meta property=\"og:site_name\" content=\"Physik Lernen\" \/>\n<meta property=\"article:modified_time\" content=\"2025-11-10T08:03:24+00:00\" \/>\n<meta name=\"twitter:card\" content=\"summary_large_image\" \/>\n<meta name=\"twitter:label1\" content=\"Gesch\u00e4tzte Lesezeit\" \/>\n\t<meta name=\"twitter:data1\" content=\"3\u00a0Minuten\" \/>\n<script type=\"application\/ld+json\" class=\"yoast-schema-graph\">{\"@context\":\"https:\\\/\\\/schema.org\",\"@graph\":[{\"@type\":\"WebPage\",\"@id\":\"https:\\\/\\\/nurlernen.de\\\/physik\\\/welche-kraefte-gibt-es\\\/\",\"url\":\"https:\\\/\\\/nurlernen.de\\\/physik\\\/welche-kraefte-gibt-es\\\/\",\"name\":\"Welche Kr\u00e4fte gibt es?\",\"isPartOf\":{\"@id\":\"https:\\\/\\\/nurlernen.de\\\/physik\\\/#website\"},\"datePublished\":\"2020-03-30T18:09:53+00:00\",\"dateModified\":\"2025-11-10T08:03:24+00:00\",\"description\":\"Welche Kr\u00e4fte gibt es? Es gibt vier Fundamentalkr\u00e4fte. Die Gravitationskraft . die Elektromagnetische, die starke und die schwache Kraft.\",\"breadcrumb\":{\"@id\":\"https:\\\/\\\/nurlernen.de\\\/physik\\\/welche-kraefte-gibt-es\\\/#breadcrumb\"},\"inLanguage\":\"de\",\"potentialAction\":[{\"@type\":\"ReadAction\",\"target\":[\"https:\\\/\\\/nurlernen.de\\\/physik\\\/welche-kraefte-gibt-es\\\/\"]}]},{\"@type\":\"BreadcrumbList\",\"@id\":\"https:\\\/\\\/nurlernen.de\\\/physik\\\/welche-kraefte-gibt-es\\\/#breadcrumb\",\"itemListElement\":[{\"@type\":\"ListItem\",\"position\":1,\"name\":\"Startseite\",\"item\":\"https:\\\/\\\/nurlernen.de\\\/physik\\\/\"},{\"@type\":\"ListItem\",\"position\":2,\"name\":\"Welche Kr\u00e4fte gibt es?\"}]},{\"@type\":\"WebSite\",\"@id\":\"https:\\\/\\\/nurlernen.de\\\/physik\\\/#website\",\"url\":\"https:\\\/\\\/nurlernen.de\\\/physik\\\/\",\"name\":\"Physik Lernen\",\"description\":\"Kostenlose \u00dcbungen zur Klausur- und Abi-Vorbereitung\",\"publisher\":{\"@id\":\"https:\\\/\\\/nurlernen.de\\\/physik\\\/#organization\"},\"potentialAction\":[{\"@type\":\"SearchAction\",\"target\":{\"@type\":\"EntryPoint\",\"urlTemplate\":\"https:\\\/\\\/nurlernen.de\\\/physik\\\/?s={search_term_string}\"},\"query-input\":{\"@type\":\"PropertyValueSpecification\",\"valueRequired\":true,\"valueName\":\"search_term_string\"}}],\"inLanguage\":\"de\"},{\"@type\":\"Organization\",\"@id\":\"https:\\\/\\\/nurlernen.de\\\/physik\\\/#organization\",\"name\":\"Physik Lernen\",\"url\":\"https:\\\/\\\/nurlernen.de\\\/physik\\\/\",\"logo\":{\"@type\":\"ImageObject\",\"inLanguage\":\"de\",\"@id\":\"https:\\\/\\\/nurlernen.de\\\/physik\\\/#\\\/schema\\\/logo\\\/image\\\/\",\"url\":\"https:\\\/\\\/nurlernen.de\\\/physik\\\/wp-content\\\/uploads\\\/sites\\\/3\\\/2025\\\/07\\\/l_100040_a_de.png\",\"contentUrl\":\"https:\\\/\\\/nurlernen.de\\\/physik\\\/wp-content\\\/uploads\\\/sites\\\/3\\\/2025\\\/07\\\/l_100040_a_de.png\",\"width\":530,\"height\":530,\"caption\":\"Physik Lernen\"},\"image\":{\"@id\":\"https:\\\/\\\/nurlernen.de\\\/physik\\\/#\\\/schema\\\/logo\\\/image\\\/\"},\"sameAs\":[\"https:\\\/\\\/www.instagram.com\\\/nurlernen.de\\\/\"]}]}<\/script>\n<!-- \/ Yoast SEO plugin. -->","yoast_head_json":{"title":"Welche Kr\u00e4fte gibt es?","description":"Welche Kr\u00e4fte gibt es? Es gibt vier Fundamentalkr\u00e4fte. Die Gravitationskraft . die Elektromagnetische, die starke und die schwache Kraft.","robots":{"index":"index","follow":"follow","max-snippet":"max-snippet:-1","max-image-preview":"max-image-preview:large","max-video-preview":"max-video-preview:-1"},"canonical":"https:\/\/nurlernen.de\/physik\/welche-kraefte-gibt-es\/","og_locale":"de_DE","og_type":"article","og_title":"Welche Kr\u00e4fte gibt es?","og_description":"Welche Kr\u00e4fte gibt es? Es gibt vier Fundamentalkr\u00e4fte. Die Gravitationskraft . die Elektromagnetische, die starke und die schwache Kraft.","og_url":"https:\/\/nurlernen.de\/physik\/welche-kraefte-gibt-es\/","og_site_name":"Physik Lernen","article_modified_time":"2025-11-10T08:03:24+00:00","twitter_card":"summary_large_image","twitter_misc":{"Gesch\u00e4tzte Lesezeit":"3\u00a0Minuten"},"schema":{"@context":"https:\/\/schema.org","@graph":[{"@type":"WebPage","@id":"https:\/\/nurlernen.de\/physik\/welche-kraefte-gibt-es\/","url":"https:\/\/nurlernen.de\/physik\/welche-kraefte-gibt-es\/","name":"Welche Kr\u00e4fte gibt es?","isPartOf":{"@id":"https:\/\/nurlernen.de\/physik\/#website"},"datePublished":"2020-03-30T18:09:53+00:00","dateModified":"2025-11-10T08:03:24+00:00","description":"Welche Kr\u00e4fte gibt es? Es gibt vier Fundamentalkr\u00e4fte. Die Gravitationskraft . die Elektromagnetische, die starke und die schwache Kraft.","breadcrumb":{"@id":"https:\/\/nurlernen.de\/physik\/welche-kraefte-gibt-es\/#breadcrumb"},"inLanguage":"de","potentialAction":[{"@type":"ReadAction","target":["https:\/\/nurlernen.de\/physik\/welche-kraefte-gibt-es\/"]}]},{"@type":"BreadcrumbList","@id":"https:\/\/nurlernen.de\/physik\/welche-kraefte-gibt-es\/#breadcrumb","itemListElement":[{"@type":"ListItem","position":1,"name":"Startseite","item":"https:\/\/nurlernen.de\/physik\/"},{"@type":"ListItem","position":2,"name":"Welche Kr\u00e4fte gibt es?"}]},{"@type":"WebSite","@id":"https:\/\/nurlernen.de\/physik\/#website","url":"https:\/\/nurlernen.de\/physik\/","name":"Physik Lernen","description":"Kostenlose \u00dcbungen zur Klausur- und Abi-Vorbereitung","publisher":{"@id":"https:\/\/nurlernen.de\/physik\/#organization"},"potentialAction":[{"@type":"SearchAction","target":{"@type":"EntryPoint","urlTemplate":"https:\/\/nurlernen.de\/physik\/?s={search_term_string}"},"query-input":{"@type":"PropertyValueSpecification","valueRequired":true,"valueName":"search_term_string"}}],"inLanguage":"de"},{"@type":"Organization","@id":"https:\/\/nurlernen.de\/physik\/#organization","name":"Physik Lernen","url":"https:\/\/nurlernen.de\/physik\/","logo":{"@type":"ImageObject","inLanguage":"de","@id":"https:\/\/nurlernen.de\/physik\/#\/schema\/logo\/image\/","url":"https:\/\/nurlernen.de\/physik\/wp-content\/uploads\/sites\/3\/2025\/07\/l_100040_a_de.png","contentUrl":"https:\/\/nurlernen.de\/physik\/wp-content\/uploads\/sites\/3\/2025\/07\/l_100040_a_de.png","width":530,"height":530,"caption":"Physik Lernen"},"image":{"@id":"https:\/\/nurlernen.de\/physik\/#\/schema\/logo\/image\/"},"sameAs":["https:\/\/www.instagram.com\/nurlernen.de\/"]}]}},"_links":{"self":[{"href":"https:\/\/nurlernen.de\/physik\/wp-json\/wp\/v2\/pages\/294","targetHints":{"allow":["GET"]}}],"collection":[{"href":"https:\/\/nurlernen.de\/physik\/wp-json\/wp\/v2\/pages"}],"about":[{"href":"https:\/\/nurlernen.de\/physik\/wp-json\/wp\/v2\/types\/page"}],"author":[{"embeddable":true,"href":"https:\/\/nurlernen.de\/physik\/wp-json\/wp\/v2\/users\/1"}],"replies":[{"embeddable":true,"href":"https:\/\/nurlernen.de\/physik\/wp-json\/wp\/v2\/comments?post=294"}],"version-history":[{"count":4,"href":"https:\/\/nurlernen.de\/physik\/wp-json\/wp\/v2\/pages\/294\/revisions"}],"predecessor-version":[{"id":2927,"href":"https:\/\/nurlernen.de\/physik\/wp-json\/wp\/v2\/pages\/294\/revisions\/2927"}],"wp:attachment":[{"href":"https:\/\/nurlernen.de\/physik\/wp-json\/wp\/v2\/media?parent=294"}],"curies":[{"name":"wp","href":"https:\/\/api.w.org\/{rel}","templated":true}]}}