{"id":300,"date":"2020-03-30T20:19:44","date_gmt":"2020-03-30T18:19:44","guid":{"rendered":"http:\/\/www.niemma.de\/shop\/?p=300"},"modified":"2025-08-07T11:23:13","modified_gmt":"2025-08-07T09:23:13","slug":"newtonsche-gesetze-der-dynamik","status":"publish","type":"page","link":"https:\/\/nurlernen.de\/physik\/newtonsche-gesetze-der-dynamik\/","title":{"rendered":"Newtonsche Gesetze der Dynamik"},"content":{"rendered":"<div id=\"results\" class=\"container\">\n\r\n\t\t<style>\r\n\t\t\t.collapsible {\r\n\t\t\t\tcolor: #303f9f;\t\r\n\t\t\t\tcursor: pointer; \r\n\t\t\t}\r\n\t\t\t.collapsible:hover {\r\n\t\t\t  text-decoration: underline;\r\n\t\t\t}\r\n\r\n\t\t\t.hidden_content {\r\n\t\t\t\tdisplay: none;\r\n\t\t\t\tbackground-color: #eeeeee\t\t  \r\n\t\t\t}\r\n\t\t<\/style>\r\n\t\t\r\n\t\t<script>\r\n\t\t\tdocument.addEventListener(\"DOMContentLoaded\", function() {\r\n\t\t\t\trenderMathInElement(document.body,\t\r\n\t\t\t\t{delimiters: [{left: \"$$\", right: \"$$\", display: true},\r\n\t\t\t\t{left: \"$\", right: \"$\", display: false},\r\n\t\t\t\t]});\r\n\t\t\t});\r\n\t\t\r\n\t\t\twindow.WebFontConfig = {\r\n\t\t\t\tcustom: {\r\n\t\t\t\t  families: [\"KaTeX_AMS\", \"KaTeX_Caligraphic:n4,n7\", \"KaTeX_Fraktur:n4,n7\",\r\n\t\t\t\t\t\"KaTeX_Main:n4,n7,i4,i7\", \"KaTeX_Math:i4,i7\", \"KaTeX_Script\",\r\n\t\t\t\t\t\"KaTeX_SansSerif:n4,n7,i4\", \"KaTeX_Size1\", \"KaTeX_Size2\", \"KaTeX_Size3\",\r\n\t\t\t\t\t\"KaTeX_Size4\", \"KaTeX_Typewriter\"],\r\n\t\t\t\t},\r\n\t\t\t};\r\n\t\t\r\n\t\t\tdocument.addEventListener(\"DOMContentLoaded\", function() {\r\n\t\t\t\tvar coll = document.getElementsByClassName(\"collapsible\");\r\n\t\t\t\tvar i;\r\n\r\n\t\t\t\tfor (i = 0; i < coll.length; i++) {\r\n\t\t\t\t  coll[i].addEventListener(\"click\", function() {\r\n\t\t\t\t\t\tthis.classList.toggle(\"active\");\r\n\t\t\t\t\t\tvar content = this.nextElementSibling;\r\n\t\t\t\t\t\tif (content.style.display === \"block\") {\r\n\t\t\t\t\t\t  content.style.display = \"none\";\r\n\t\t\t\t\t\t} else {\r\n\t\t\t\t\t\t  content.style.display = \"block\";\r\n\t\t\t\t\t\t}\r\n\t\t\t\t  });\r\n\t\t\t\t}\r\n\t\t\t});\r\n\t\t\r\n\t\t<\/script>\n<ol>\n<li><b>Das Tr\u00e4gheitsgesetz (1. Gesetz):<\/b> Ist die Summe aller Kr\u00e4fte, die auf ein Objekt wirken gleich Null, dann ver\u00e4ndert sich der Geschwindigkeitsvektor des Objekts nicht, d. h. $$\\vec F_{Gesamt} = 0 \\to \\Delta {\\vec v} = 0 \\to\\vec a = 0$$ Wenn sich die Geschwindigkeit nicht \u00e4ndert, ist die Beschleunigung gleich Null.<\/li>\n<li><b>Das Aktionsprinzip (2. Gesetz):<\/b> Wirkt eine Gesamtkraft auf ein Objekt, so f\u00fchrt dies zu einer \u00c4nderung des Geschwindigkeitsvektors und entsprechend zu einer Beschleunigung. Die Proportionalit\u00e4tsfaktor dieser Beschleunigung wird die tr\u00e4ge Masse genannt. $$\\vec F_{Gesamt} = m \\cdot \\vec a$$<\/li>\n<li><b>Das Reaktionsprinzip (3. Gesetz):<\/b> \u00dcbt ein Objekt A eine Kraft auf ein Objekt B aus, so \u00fcbt Objekt B eine gleich gro\u00dfe Kraft auf Objekt A aus, die die entgegengesetzte Richtung hat, d. h. $$\\vec F_{AB} = &#8211; \\vec F_{BA}$$<\/li>\n<li><b>Das Superpositionsprinzip (4. Gesetz):<\/b> Kr\u00e4fte sind Vektoren und ihre gemeinsamen Effekte k\u00f6nnen durch Vektoraddition bestimmt werden.<\/li>\n<li>Diese Gesetze hat Newton im Jahre 1687 in seinem Buch Principia formuliert. Sie bilden die Grundlage der klassischen Mechanik, die bis Einsteins Relativit\u00e4tstheorie die geltende Physik darstellte.<\/li>\n<li>Die Menschheit existiert seit ca. 250000 Jahre auf der Erde und erst vor ca. 400 Jahren versteht er zum ersten Mal die Grundlagen der Bewegung. Bis zur n\u00e4chsten Revolution in der Mechanik (Relativit\u00e4tstheorie) dauert es allerdings weniger als 300 Jahren.<\/li>\n<\/ol>\n<\/div>\n\n\n<p><button onclick=\"location.href='https:\/\/nurlernen.de\/physik\/physik-inhalte\/'\">Lernbereich<\/button>\r\n<!--button onclick=\"location.href='https:\/\/nurlernen.de\/physik\/physik-lernkontrolle\/'\">Lernkontrolle<\/button-->\r\n<!--button onclick=\"location.href='\/physik-fragenkatalog'\"&gt;Fragenkatalog (F\u00fcr Lehrer)&lt;\/button-->\r\n<\/p>\n","protected":false},"excerpt":{"rendered":"<p>Das Tr\u00e4gheitsgesetz<\/p>\n","protected":false},"author":1,"featured_media":0,"parent":0,"menu_order":0,"comment_status":"closed","ping_status":"closed","template":"","meta":{"footnotes":""},"class_list":["post-300","page","type-page","status-publish"],"yoast_head":"<!-- This site is optimized with the Yoast SEO plugin v27.5 - https:\/\/yoast.com\/product\/yoast-seo-wordpress\/ -->\n<title>Newtonsche Gesetze der Dynamik<\/title>\n<meta name=\"description\" content=\"Ist die Summe aller Kr\u00e4fte, die auf ein Objekt wirken gleich Null, dann ver\u00e4ndert sich der Geschwindigkeitsvektor des Objekts nicht.\" \/>\n<meta name=\"robots\" content=\"index, follow, max-snippet:-1, max-image-preview:large, max-video-preview:-1\" \/>\n<link rel=\"canonical\" href=\"https:\/\/nurlernen.de\/physik\/newtonsche-gesetze-der-dynamik\/\" \/>\n<meta property=\"og:locale\" content=\"de_DE\" \/>\n<meta property=\"og:type\" content=\"article\" \/>\n<meta property=\"og:title\" content=\"Newtonsche Gesetze der Dynamik\" \/>\n<meta property=\"og:description\" content=\"Ist die Summe aller Kr\u00e4fte, die auf ein Objekt wirken gleich Null, dann ver\u00e4ndert sich der Geschwindigkeitsvektor des Objekts nicht.\" \/>\n<meta property=\"og:url\" content=\"https:\/\/nurlernen.de\/physik\/newtonsche-gesetze-der-dynamik\/\" \/>\n<meta property=\"og:site_name\" content=\"Physik Lernen\" \/>\n<meta property=\"article:modified_time\" content=\"2025-08-07T09:23:13+00:00\" \/>\n<meta name=\"twitter:card\" content=\"summary_large_image\" \/>\n<meta name=\"twitter:label1\" content=\"Gesch\u00e4tzte Lesezeit\" \/>\n\t<meta name=\"twitter:data1\" content=\"1\u00a0Minute\" \/>\n<script type=\"application\/ld+json\" class=\"yoast-schema-graph\">{\"@context\":\"https:\\\/\\\/schema.org\",\"@graph\":[{\"@type\":\"WebPage\",\"@id\":\"https:\\\/\\\/nurlernen.de\\\/physik\\\/newtonsche-gesetze-der-dynamik\\\/\",\"url\":\"https:\\\/\\\/nurlernen.de\\\/physik\\\/newtonsche-gesetze-der-dynamik\\\/\",\"name\":\"Newtonsche Gesetze der Dynamik\",\"isPartOf\":{\"@id\":\"https:\\\/\\\/nurlernen.de\\\/physik\\\/#website\"},\"datePublished\":\"2020-03-30T18:19:44+00:00\",\"dateModified\":\"2025-08-07T09:23:13+00:00\",\"description\":\"Ist die Summe aller Kr\u00e4fte, die auf ein Objekt wirken gleich Null, dann ver\u00e4ndert sich der Geschwindigkeitsvektor des Objekts nicht.\",\"breadcrumb\":{\"@id\":\"https:\\\/\\\/nurlernen.de\\\/physik\\\/newtonsche-gesetze-der-dynamik\\\/#breadcrumb\"},\"inLanguage\":\"de\",\"potentialAction\":[{\"@type\":\"ReadAction\",\"target\":[\"https:\\\/\\\/nurlernen.de\\\/physik\\\/newtonsche-gesetze-der-dynamik\\\/\"]}]},{\"@type\":\"BreadcrumbList\",\"@id\":\"https:\\\/\\\/nurlernen.de\\\/physik\\\/newtonsche-gesetze-der-dynamik\\\/#breadcrumb\",\"itemListElement\":[{\"@type\":\"ListItem\",\"position\":1,\"name\":\"Startseite\",\"item\":\"https:\\\/\\\/nurlernen.de\\\/physik\\\/\"},{\"@type\":\"ListItem\",\"position\":2,\"name\":\"Newtonsche Gesetze der Dynamik\"}]},{\"@type\":\"WebSite\",\"@id\":\"https:\\\/\\\/nurlernen.de\\\/physik\\\/#website\",\"url\":\"https:\\\/\\\/nurlernen.de\\\/physik\\\/\",\"name\":\"Physik Lernen\",\"description\":\"Kostenlose \u00dcbungen zur Klausur- und Abi-Vorbereitung\",\"publisher\":{\"@id\":\"https:\\\/\\\/nurlernen.de\\\/physik\\\/#organization\"},\"potentialAction\":[{\"@type\":\"SearchAction\",\"target\":{\"@type\":\"EntryPoint\",\"urlTemplate\":\"https:\\\/\\\/nurlernen.de\\\/physik\\\/?s={search_term_string}\"},\"query-input\":{\"@type\":\"PropertyValueSpecification\",\"valueRequired\":true,\"valueName\":\"search_term_string\"}}],\"inLanguage\":\"de\"},{\"@type\":\"Organization\",\"@id\":\"https:\\\/\\\/nurlernen.de\\\/physik\\\/#organization\",\"name\":\"Physik Lernen\",\"url\":\"https:\\\/\\\/nurlernen.de\\\/physik\\\/\",\"logo\":{\"@type\":\"ImageObject\",\"inLanguage\":\"de\",\"@id\":\"https:\\\/\\\/nurlernen.de\\\/physik\\\/#\\\/schema\\\/logo\\\/image\\\/\",\"url\":\"https:\\\/\\\/nurlernen.de\\\/physik\\\/wp-content\\\/uploads\\\/sites\\\/3\\\/2025\\\/07\\\/l_100040_a_de.png\",\"contentUrl\":\"https:\\\/\\\/nurlernen.de\\\/physik\\\/wp-content\\\/uploads\\\/sites\\\/3\\\/2025\\\/07\\\/l_100040_a_de.png\",\"width\":530,\"height\":530,\"caption\":\"Physik Lernen\"},\"image\":{\"@id\":\"https:\\\/\\\/nurlernen.de\\\/physik\\\/#\\\/schema\\\/logo\\\/image\\\/\"},\"sameAs\":[\"https:\\\/\\\/www.instagram.com\\\/nurlernen.de\\\/\"]}]}<\/script>\n<!-- \/ Yoast SEO plugin. -->","yoast_head_json":{"title":"Newtonsche Gesetze der Dynamik","description":"Ist die Summe aller Kr\u00e4fte, die auf ein Objekt wirken gleich Null, dann ver\u00e4ndert sich der Geschwindigkeitsvektor des Objekts nicht.","robots":{"index":"index","follow":"follow","max-snippet":"max-snippet:-1","max-image-preview":"max-image-preview:large","max-video-preview":"max-video-preview:-1"},"canonical":"https:\/\/nurlernen.de\/physik\/newtonsche-gesetze-der-dynamik\/","og_locale":"de_DE","og_type":"article","og_title":"Newtonsche Gesetze der Dynamik","og_description":"Ist die Summe aller Kr\u00e4fte, die auf ein Objekt wirken gleich Null, dann ver\u00e4ndert sich der Geschwindigkeitsvektor des Objekts nicht.","og_url":"https:\/\/nurlernen.de\/physik\/newtonsche-gesetze-der-dynamik\/","og_site_name":"Physik Lernen","article_modified_time":"2025-08-07T09:23:13+00:00","twitter_card":"summary_large_image","twitter_misc":{"Gesch\u00e4tzte Lesezeit":"1\u00a0Minute"},"schema":{"@context":"https:\/\/schema.org","@graph":[{"@type":"WebPage","@id":"https:\/\/nurlernen.de\/physik\/newtonsche-gesetze-der-dynamik\/","url":"https:\/\/nurlernen.de\/physik\/newtonsche-gesetze-der-dynamik\/","name":"Newtonsche Gesetze der Dynamik","isPartOf":{"@id":"https:\/\/nurlernen.de\/physik\/#website"},"datePublished":"2020-03-30T18:19:44+00:00","dateModified":"2025-08-07T09:23:13+00:00","description":"Ist die Summe aller Kr\u00e4fte, die auf ein Objekt wirken gleich Null, dann ver\u00e4ndert sich der Geschwindigkeitsvektor des Objekts nicht.","breadcrumb":{"@id":"https:\/\/nurlernen.de\/physik\/newtonsche-gesetze-der-dynamik\/#breadcrumb"},"inLanguage":"de","potentialAction":[{"@type":"ReadAction","target":["https:\/\/nurlernen.de\/physik\/newtonsche-gesetze-der-dynamik\/"]}]},{"@type":"BreadcrumbList","@id":"https:\/\/nurlernen.de\/physik\/newtonsche-gesetze-der-dynamik\/#breadcrumb","itemListElement":[{"@type":"ListItem","position":1,"name":"Startseite","item":"https:\/\/nurlernen.de\/physik\/"},{"@type":"ListItem","position":2,"name":"Newtonsche Gesetze der Dynamik"}]},{"@type":"WebSite","@id":"https:\/\/nurlernen.de\/physik\/#website","url":"https:\/\/nurlernen.de\/physik\/","name":"Physik Lernen","description":"Kostenlose \u00dcbungen zur Klausur- und Abi-Vorbereitung","publisher":{"@id":"https:\/\/nurlernen.de\/physik\/#organization"},"potentialAction":[{"@type":"SearchAction","target":{"@type":"EntryPoint","urlTemplate":"https:\/\/nurlernen.de\/physik\/?s={search_term_string}"},"query-input":{"@type":"PropertyValueSpecification","valueRequired":true,"valueName":"search_term_string"}}],"inLanguage":"de"},{"@type":"Organization","@id":"https:\/\/nurlernen.de\/physik\/#organization","name":"Physik Lernen","url":"https:\/\/nurlernen.de\/physik\/","logo":{"@type":"ImageObject","inLanguage":"de","@id":"https:\/\/nurlernen.de\/physik\/#\/schema\/logo\/image\/","url":"https:\/\/nurlernen.de\/physik\/wp-content\/uploads\/sites\/3\/2025\/07\/l_100040_a_de.png","contentUrl":"https:\/\/nurlernen.de\/physik\/wp-content\/uploads\/sites\/3\/2025\/07\/l_100040_a_de.png","width":530,"height":530,"caption":"Physik Lernen"},"image":{"@id":"https:\/\/nurlernen.de\/physik\/#\/schema\/logo\/image\/"},"sameAs":["https:\/\/www.instagram.com\/nurlernen.de\/"]}]}},"_links":{"self":[{"href":"https:\/\/nurlernen.de\/physik\/wp-json\/wp\/v2\/pages\/300","targetHints":{"allow":["GET"]}}],"collection":[{"href":"https:\/\/nurlernen.de\/physik\/wp-json\/wp\/v2\/pages"}],"about":[{"href":"https:\/\/nurlernen.de\/physik\/wp-json\/wp\/v2\/types\/page"}],"author":[{"embeddable":true,"href":"https:\/\/nurlernen.de\/physik\/wp-json\/wp\/v2\/users\/1"}],"replies":[{"embeddable":true,"href":"https:\/\/nurlernen.de\/physik\/wp-json\/wp\/v2\/comments?post=300"}],"version-history":[{"count":3,"href":"https:\/\/nurlernen.de\/physik\/wp-json\/wp\/v2\/pages\/300\/revisions"}],"predecessor-version":[{"id":2806,"href":"https:\/\/nurlernen.de\/physik\/wp-json\/wp\/v2\/pages\/300\/revisions\/2806"}],"wp:attachment":[{"href":"https:\/\/nurlernen.de\/physik\/wp-json\/wp\/v2\/media?parent=300"}],"curies":[{"name":"wp","href":"https:\/\/api.w.org\/{rel}","templated":true}]}}