{"id":309,"date":"2020-03-30T20:38:12","date_gmt":"2020-03-30T18:38:12","guid":{"rendered":"http:\/\/www.niemma.de\/shop\/?p=309"},"modified":"2025-11-04T11:04:16","modified_gmt":"2025-11-04T10:04:16","slug":"gleitreibung","status":"publish","type":"page","link":"https:\/\/nurlernen.de\/physik\/gleitreibung\/","title":{"rendered":"Gleitreibung"},"content":{"rendered":"\r\n\t\t<style>\r\n\t\t\t.collapsible {\r\n\t\t\t\tcolor: #303f9f;\t\r\n\t\t\t\tcursor: pointer; \r\n\t\t\t}\r\n\t\t\t.collapsible:hover {\r\n\t\t\t  text-decoration: underline;\r\n\t\t\t}\r\n\r\n\t\t\t.hidden_content {\r\n\t\t\t\tdisplay: none;\r\n\t\t\t\tbackground-color: #eeeeee\t\t  \r\n\t\t\t}\r\n\t\t<\/style>\r\n\t\t\r\n\t\t<script>\r\n\t\t\tdocument.addEventListener(\"DOMContentLoaded\", function() {\r\n\t\t\t\trenderMathInElement(document.body,\t\r\n\t\t\t\t{delimiters: [{left: \"$$\", right: \"$$\", display: true},\r\n\t\t\t\t{left: \"$\", right: \"$\", display: false},\r\n\t\t\t\t]});\r\n\t\t\t});\r\n\t\t\r\n\t\t\twindow.WebFontConfig = {\r\n\t\t\t\tcustom: {\r\n\t\t\t\t  families: [\"KaTeX_AMS\", \"KaTeX_Caligraphic:n4,n7\", \"KaTeX_Fraktur:n4,n7\",\r\n\t\t\t\t\t\"KaTeX_Main:n4,n7,i4,i7\", \"KaTeX_Math:i4,i7\", \"KaTeX_Script\",\r\n\t\t\t\t\t\"KaTeX_SansSerif:n4,n7,i4\", \"KaTeX_Size1\", \"KaTeX_Size2\", \"KaTeX_Size3\",\r\n\t\t\t\t\t\"KaTeX_Size4\", \"KaTeX_Typewriter\"],\r\n\t\t\t\t},\r\n\t\t\t};\r\n\t\t\r\n\t\t\tdocument.addEventListener(\"DOMContentLoaded\", function() {\r\n\t\t\t\tvar coll = document.getElementsByClassName(\"collapsible\");\r\n\t\t\t\tvar i;\r\n\r\n\t\t\t\tfor (i = 0; i < coll.length; i++) {\r\n\t\t\t\t  coll[i].addEventListener(\"click\", function() {\r\n\t\t\t\t\t\tthis.classList.toggle(\"active\");\r\n\t\t\t\t\t\tvar content = this.nextElementSibling;\r\n\t\t\t\t\t\tif (content.style.display === \"block\") {\r\n\t\t\t\t\t\t  content.style.display = \"none\";\r\n\t\t\t\t\t\t} else {\r\n\t\t\t\t\t\t  content.style.display = \"block\";\r\n\t\t\t\t\t\t}\r\n\t\t\t\t  });\r\n\t\t\t\t}\r\n\t\t\t});\r\n\t\t\r\n\t\t<\/script>\n<div id=\"results\" class=\"container\">\n<ol>\n<li>Betrachten wir wieder unser Beispiel mit dem Betonblock und dem Mensch. Der Mensch druckt nun den Betonblock von links nach rechts und wie durch ein Wunder \u00fcberwindet er die Haftreibung. Der Block setzt sich in Bewegung.<br \/>\n<figure class=\"wp-block-image size-large\">\n<figure id=\"attachment_235\" aria-describedby=\"caption-attachment-235\" style=\"width: 340px\" class=\"wp-caption alignright\"><img decoding=\"async\" class=\"wp-image-235\" title=\"Abbildung 1: a: Die Haftreibung wirkt auf ruhende Objekte, ist der Kraft $F_P$ entgegen gerichtet und hat die L\u00e4nge der Normalvektor $F_N$ b: Die Gleitreibung wirkt auf sich bewegenden Objekten, ist der Kraft $F_P$ entgegen gerichtet und hat die L\u00e4nge der Normalvektor $F_N$\" src=\"http:\/\/nurlernen.de\/physik\/wp-content\/uploads\/sites\/3\/2025\/07\/l_100250_a.png\" alt=\"Haftreibung und Gleitreibung\" width=\"350\" \/><figcaption id=\"caption-attachment-235\" class=\"wp-caption-text\">Abbildung 1: a: Die Haftreibung wirkt auf ruhende Objekte, ist der Kraft $F_P$ entgegen gerichtet und hat die L\u00e4nge der Normalvektor $F_N$ b: Die Gleitreibung wirkt auf sich bewegenden Objekten, ist der Kraft $F_P$ entgegen gerichtet und hat die L\u00e4nge der Normalvektor $F_N$<\/figcaption><\/figure>\n<figcaption><\/figcaption>\n<\/figure>\n<\/li>\n<li>Ohne weitere Kr\u00e4fte w\u00fcrde sich nun der Block aufgrund der Tr\u00e4gheit ewig weiter bewegen. In der Realit\u00e4t aber gibt es Reibungskr\u00e4fte zwischen dem Betonblock und der asphaltierten Stra\u00dfenoberfl\u00e4che, so dass der Betonblock ohne weitere Kraftzufuhr zum Stillstand kommt.<\/li>\n<li>Die Reibungskraft, die ein sich bewegendes Objekt bremst, wird als Gleitreibung bezeichnet.<\/li>\n<li>Die Ursache der Gleitreibung liegt in der Wechselwirkung zwischen den Molek\u00fclen, die die beiden Oberfl\u00e4chen bilden. Deshalb h\u00e4ngt auch die Gr\u00f6\u00dfe der Gleitreibung von den Materialien ab, die die Oberfl\u00e4chen bilden. Eis auf Gummi verursacht eine andere Gleitreibung als Beton auf Asphalt.<\/li>\n<li>Experimente zeigen auch, dass Objekte, die schwerer sind, h\u00f6here Gleitreibung produzieren. Beispiel: Ein Betonblock, die 10-Mal schwerer ist, ruft eine 10-Mal gr\u00f6\u00dfere Gleitreibung hervor. Das Schwersein ist eine Folge der Gewichtskraft, die immer zum Erdmittelpunkt nach unten zeigt. In unserem Beispiel steht die Gewichtskraft senkrecht zur asphaltierten Stra\u00dfenoberfl\u00e4che. Kr\u00e4fte, die senkrecht auf einer Fl\u00e4che Zeigen, werden als Normalkr\u00e4fte bezeichnet.<\/li>\n<li>Zusammenfassend zeigen Experimente, dass die Gr\u00f6\u00dfe der Gleitreibung von zwei Faktoren abh\u00e4ngt:\n<ul>\n<li>Die Oberfl\u00e4chenbeschaffenheit: Diese ist f\u00fcr unterschiedliche Materialien unterschiedlich und wird durch den sogenannten Gleitreibungskoeffizienten $\\mu_G$ dargestellt. Er wird f\u00fcr verschiedene Oberfl\u00e4chen durch Experimente gemessen und bestimmt. Man kann sie in B\u00fcchern nachschlagen.<\/li>\n<li>Die <u>Gr\u00f6\u00dfe<\/u> der Kraft senkrecht zur Oberfl\u00e4che. Diese wird der Betrag der Normalkraft genannt und mit $\\lvert \\vec {F_N} \\rvert$ dargestellt. Sehr h\u00e4ufig (aber nicht immer) handelt es sich um die Gewichtskraft oder bei schiefen Ebenen um eine Komponente der Gewichtskraft.<\/li>\n<li>F\u00fcr die Gr\u00f6\u00dfe der Gleitreibungskraft gilt also $$\\boxed{F_G = \\mu_G \\cdot F_N}$$<\/li>\n<li>Wenn ein Kraft F auf ein Objekt wirkt, muss ihre \u00dcberlagerung zusammen mit Gleitreibung betrachtet werden. In diesem Fall wirkt die Gesamtkraft $F + F_G$ auf das Objekt, d. h. $$\\boxed{F + F_G = m \\cdot a}$$ Falls $F +F_G &gt;0$ dann beschleunigt sich der K\u00f6rper. Falls $F+F_G &lt; 0 $, dann wird der K\u00f6rper abgebremst.<\/li>\n<\/ul>\n<\/li>\n<li>Nun kennen wir die Gr\u00f6\u00dfe, d.h. den Betrag der Gleitreibungskraft. Kr\u00e4fte sind aber Vektoren und haben zus\u00e4tzlich zu ihrem Betrag (d. h. ihre L\u00e4nge) eine Richtung. Welche Richtung haben Haftreibungskr\u00e4fte? Da Gleitreibungskr\u00e4fte sich bewegende Objekte abbremsen, sind sie immer der bewegenden Kraft entgegen gesetzt. Wenn der Mensch den Betonblock von rechts nach links schiebt, dann zeigt die Haftreibung von links nach rechts.<\/li>\n<\/ol>\n<\/div>\n\n\n<p><button onclick=\"location.href='https:\/\/nurlernen.de\/physik\/physik-inhalte\/'\">Lernbereich<\/button>\r\n<!--button onclick=\"location.href='https:\/\/nurlernen.de\/physik\/physik-lernkontrolle\/'\">Lernkontrolle<\/button-->\r\n<!--button onclick=\"location.href='\/physik-fragenkatalog'\"&gt;Fragenkatalog (F\u00fcr Lehrer)&lt;\/button-->\r\n<\/p>\n","protected":false},"excerpt":{"rendered":"<p>Betrachten wir wieder unser Beispiel mit dem Betonblock und dem Mensch.<\/p>\n","protected":false},"author":1,"featured_media":0,"parent":0,"menu_order":0,"comment_status":"closed","ping_status":"closed","template":"","meta":{"footnotes":""},"class_list":["post-309","page","type-page","status-publish"],"yoast_head":"<!-- This site is optimized with the Yoast SEO plugin v27.5 - https:\/\/yoast.com\/product\/yoast-seo-wordpress\/ -->\n<title>Gleitreibung verst\u00e4ndlich mit Beispielen erkl\u00e4rt<\/title>\n<meta name=\"description\" content=\"Die Reibungskraft, die ein sich bewegendes Objekt bremst, wird als Gleitreibung bezeichnet. Beispiele und \u00dcbungsaufgaben.\" \/>\n<meta name=\"robots\" content=\"index, follow, max-snippet:-1, max-image-preview:large, max-video-preview:-1\" \/>\n<link rel=\"canonical\" href=\"https:\/\/nurlernen.de\/physik\/gleitreibung\/\" \/>\n<meta property=\"og:locale\" content=\"de_DE\" \/>\n<meta property=\"og:type\" content=\"article\" \/>\n<meta property=\"og:title\" content=\"Gleitreibung verst\u00e4ndlich mit Beispielen erkl\u00e4rt\" \/>\n<meta property=\"og:description\" content=\"Die Reibungskraft, die ein sich bewegendes Objekt bremst, wird als Gleitreibung bezeichnet. Beispiele und \u00dcbungsaufgaben.\" \/>\n<meta property=\"og:url\" content=\"https:\/\/nurlernen.de\/physik\/gleitreibung\/\" \/>\n<meta property=\"og:site_name\" content=\"Physik Lernen\" \/>\n<meta property=\"article:modified_time\" content=\"2025-11-04T10:04:16+00:00\" \/>\n<meta name=\"twitter:card\" content=\"summary_large_image\" \/>\n<meta name=\"twitter:label1\" content=\"Gesch\u00e4tzte Lesezeit\" \/>\n\t<meta name=\"twitter:data1\" content=\"3\u00a0Minuten\" \/>\n<script type=\"application\/ld+json\" class=\"yoast-schema-graph\">{\"@context\":\"https:\\\/\\\/schema.org\",\"@graph\":[{\"@type\":\"WebPage\",\"@id\":\"https:\\\/\\\/nurlernen.de\\\/physik\\\/gleitreibung\\\/\",\"url\":\"https:\\\/\\\/nurlernen.de\\\/physik\\\/gleitreibung\\\/\",\"name\":\"Gleitreibung verst\u00e4ndlich mit Beispielen erkl\u00e4rt\",\"isPartOf\":{\"@id\":\"https:\\\/\\\/nurlernen.de\\\/physik\\\/#website\"},\"primaryImageOfPage\":{\"@id\":\"https:\\\/\\\/nurlernen.de\\\/physik\\\/gleitreibung\\\/#primaryimage\"},\"image\":{\"@id\":\"https:\\\/\\\/nurlernen.de\\\/physik\\\/gleitreibung\\\/#primaryimage\"},\"thumbnailUrl\":\"http:\\\/\\\/nurlernen.de\\\/physik\\\/wp-content\\\/uploads\\\/sites\\\/3\\\/2025\\\/07\\\/l_100250_a.png\",\"datePublished\":\"2020-03-30T18:38:12+00:00\",\"dateModified\":\"2025-11-04T10:04:16+00:00\",\"description\":\"Die Reibungskraft, die ein sich bewegendes Objekt bremst, wird als Gleitreibung bezeichnet. Beispiele und \u00dcbungsaufgaben.\",\"breadcrumb\":{\"@id\":\"https:\\\/\\\/nurlernen.de\\\/physik\\\/gleitreibung\\\/#breadcrumb\"},\"inLanguage\":\"de\",\"potentialAction\":[{\"@type\":\"ReadAction\",\"target\":[\"https:\\\/\\\/nurlernen.de\\\/physik\\\/gleitreibung\\\/\"]}]},{\"@type\":\"ImageObject\",\"inLanguage\":\"de\",\"@id\":\"https:\\\/\\\/nurlernen.de\\\/physik\\\/gleitreibung\\\/#primaryimage\",\"url\":\"\",\"contentUrl\":\"\"},{\"@type\":\"BreadcrumbList\",\"@id\":\"https:\\\/\\\/nurlernen.de\\\/physik\\\/gleitreibung\\\/#breadcrumb\",\"itemListElement\":[{\"@type\":\"ListItem\",\"position\":1,\"name\":\"Startseite\",\"item\":\"https:\\\/\\\/nurlernen.de\\\/physik\\\/\"},{\"@type\":\"ListItem\",\"position\":2,\"name\":\"Gleitreibung\"}]},{\"@type\":\"WebSite\",\"@id\":\"https:\\\/\\\/nurlernen.de\\\/physik\\\/#website\",\"url\":\"https:\\\/\\\/nurlernen.de\\\/physik\\\/\",\"name\":\"Physik Lernen\",\"description\":\"Kostenlose \u00dcbungen zur Klausur- und Abi-Vorbereitung\",\"publisher\":{\"@id\":\"https:\\\/\\\/nurlernen.de\\\/physik\\\/#organization\"},\"potentialAction\":[{\"@type\":\"SearchAction\",\"target\":{\"@type\":\"EntryPoint\",\"urlTemplate\":\"https:\\\/\\\/nurlernen.de\\\/physik\\\/?s={search_term_string}\"},\"query-input\":{\"@type\":\"PropertyValueSpecification\",\"valueRequired\":true,\"valueName\":\"search_term_string\"}}],\"inLanguage\":\"de\"},{\"@type\":\"Organization\",\"@id\":\"https:\\\/\\\/nurlernen.de\\\/physik\\\/#organization\",\"name\":\"Physik Lernen\",\"url\":\"https:\\\/\\\/nurlernen.de\\\/physik\\\/\",\"logo\":{\"@type\":\"ImageObject\",\"inLanguage\":\"de\",\"@id\":\"https:\\\/\\\/nurlernen.de\\\/physik\\\/#\\\/schema\\\/logo\\\/image\\\/\",\"url\":\"https:\\\/\\\/nurlernen.de\\\/physik\\\/wp-content\\\/uploads\\\/sites\\\/3\\\/2025\\\/07\\\/l_100040_a_de.png\",\"contentUrl\":\"https:\\\/\\\/nurlernen.de\\\/physik\\\/wp-content\\\/uploads\\\/sites\\\/3\\\/2025\\\/07\\\/l_100040_a_de.png\",\"width\":530,\"height\":530,\"caption\":\"Physik Lernen\"},\"image\":{\"@id\":\"https:\\\/\\\/nurlernen.de\\\/physik\\\/#\\\/schema\\\/logo\\\/image\\\/\"},\"sameAs\":[\"https:\\\/\\\/www.instagram.com\\\/nurlernen.de\\\/\"]}]}<\/script>\n<!-- \/ Yoast SEO plugin. -->","yoast_head_json":{"title":"Gleitreibung verst\u00e4ndlich mit Beispielen erkl\u00e4rt","description":"Die Reibungskraft, die ein sich bewegendes Objekt bremst, wird als Gleitreibung bezeichnet. Beispiele und \u00dcbungsaufgaben.","robots":{"index":"index","follow":"follow","max-snippet":"max-snippet:-1","max-image-preview":"max-image-preview:large","max-video-preview":"max-video-preview:-1"},"canonical":"https:\/\/nurlernen.de\/physik\/gleitreibung\/","og_locale":"de_DE","og_type":"article","og_title":"Gleitreibung verst\u00e4ndlich mit Beispielen erkl\u00e4rt","og_description":"Die Reibungskraft, die ein sich bewegendes Objekt bremst, wird als Gleitreibung bezeichnet. Beispiele und \u00dcbungsaufgaben.","og_url":"https:\/\/nurlernen.de\/physik\/gleitreibung\/","og_site_name":"Physik Lernen","article_modified_time":"2025-11-04T10:04:16+00:00","twitter_card":"summary_large_image","twitter_misc":{"Gesch\u00e4tzte Lesezeit":"3\u00a0Minuten"},"schema":{"@context":"https:\/\/schema.org","@graph":[{"@type":"WebPage","@id":"https:\/\/nurlernen.de\/physik\/gleitreibung\/","url":"https:\/\/nurlernen.de\/physik\/gleitreibung\/","name":"Gleitreibung verst\u00e4ndlich mit Beispielen erkl\u00e4rt","isPartOf":{"@id":"https:\/\/nurlernen.de\/physik\/#website"},"primaryImageOfPage":{"@id":"https:\/\/nurlernen.de\/physik\/gleitreibung\/#primaryimage"},"image":{"@id":"https:\/\/nurlernen.de\/physik\/gleitreibung\/#primaryimage"},"thumbnailUrl":"http:\/\/nurlernen.de\/physik\/wp-content\/uploads\/sites\/3\/2025\/07\/l_100250_a.png","datePublished":"2020-03-30T18:38:12+00:00","dateModified":"2025-11-04T10:04:16+00:00","description":"Die Reibungskraft, die ein sich bewegendes Objekt bremst, wird als Gleitreibung bezeichnet. Beispiele und \u00dcbungsaufgaben.","breadcrumb":{"@id":"https:\/\/nurlernen.de\/physik\/gleitreibung\/#breadcrumb"},"inLanguage":"de","potentialAction":[{"@type":"ReadAction","target":["https:\/\/nurlernen.de\/physik\/gleitreibung\/"]}]},{"@type":"ImageObject","inLanguage":"de","@id":"https:\/\/nurlernen.de\/physik\/gleitreibung\/#primaryimage","url":"","contentUrl":""},{"@type":"BreadcrumbList","@id":"https:\/\/nurlernen.de\/physik\/gleitreibung\/#breadcrumb","itemListElement":[{"@type":"ListItem","position":1,"name":"Startseite","item":"https:\/\/nurlernen.de\/physik\/"},{"@type":"ListItem","position":2,"name":"Gleitreibung"}]},{"@type":"WebSite","@id":"https:\/\/nurlernen.de\/physik\/#website","url":"https:\/\/nurlernen.de\/physik\/","name":"Physik Lernen","description":"Kostenlose \u00dcbungen zur Klausur- und Abi-Vorbereitung","publisher":{"@id":"https:\/\/nurlernen.de\/physik\/#organization"},"potentialAction":[{"@type":"SearchAction","target":{"@type":"EntryPoint","urlTemplate":"https:\/\/nurlernen.de\/physik\/?s={search_term_string}"},"query-input":{"@type":"PropertyValueSpecification","valueRequired":true,"valueName":"search_term_string"}}],"inLanguage":"de"},{"@type":"Organization","@id":"https:\/\/nurlernen.de\/physik\/#organization","name":"Physik Lernen","url":"https:\/\/nurlernen.de\/physik\/","logo":{"@type":"ImageObject","inLanguage":"de","@id":"https:\/\/nurlernen.de\/physik\/#\/schema\/logo\/image\/","url":"https:\/\/nurlernen.de\/physik\/wp-content\/uploads\/sites\/3\/2025\/07\/l_100040_a_de.png","contentUrl":"https:\/\/nurlernen.de\/physik\/wp-content\/uploads\/sites\/3\/2025\/07\/l_100040_a_de.png","width":530,"height":530,"caption":"Physik Lernen"},"image":{"@id":"https:\/\/nurlernen.de\/physik\/#\/schema\/logo\/image\/"},"sameAs":["https:\/\/www.instagram.com\/nurlernen.de\/"]}]}},"_links":{"self":[{"href":"https:\/\/nurlernen.de\/physik\/wp-json\/wp\/v2\/pages\/309","targetHints":{"allow":["GET"]}}],"collection":[{"href":"https:\/\/nurlernen.de\/physik\/wp-json\/wp\/v2\/pages"}],"about":[{"href":"https:\/\/nurlernen.de\/physik\/wp-json\/wp\/v2\/types\/page"}],"author":[{"embeddable":true,"href":"https:\/\/nurlernen.de\/physik\/wp-json\/wp\/v2\/users\/1"}],"replies":[{"embeddable":true,"href":"https:\/\/nurlernen.de\/physik\/wp-json\/wp\/v2\/comments?post=309"}],"version-history":[{"count":7,"href":"https:\/\/nurlernen.de\/physik\/wp-json\/wp\/v2\/pages\/309\/revisions"}],"predecessor-version":[{"id":2918,"href":"https:\/\/nurlernen.de\/physik\/wp-json\/wp\/v2\/pages\/309\/revisions\/2918"}],"wp:attachment":[{"href":"https:\/\/nurlernen.de\/physik\/wp-json\/wp\/v2\/media?parent=309"}],"curies":[{"name":"wp","href":"https:\/\/api.w.org\/{rel}","templated":true}]}}