{"id":351,"date":"2020-04-01T12:00:09","date_gmt":"2020-04-01T10:00:09","guid":{"rendered":"http:\/\/www.niemma.de\/shop\/?p=351"},"modified":"2025-08-07T13:28:36","modified_gmt":"2025-08-07T11:28:36","slug":"was-ist-physikalische-arbeit","status":"publish","type":"page","link":"https:\/\/nurlernen.de\/physik\/was-ist-physikalische-arbeit\/","title":{"rendered":"Was ist physikalische Arbeit?"},"content":{"rendered":"<div id=\"results\" class=\"container\">\n\r\n\t\t<style>\r\n\t\t\t.collapsible {\r\n\t\t\t\tcolor: #303f9f;\t\r\n\t\t\t\tcursor: pointer; \r\n\t\t\t}\r\n\t\t\t.collapsible:hover {\r\n\t\t\t  text-decoration: underline;\r\n\t\t\t}\r\n\r\n\t\t\t.hidden_content {\r\n\t\t\t\tdisplay: none;\r\n\t\t\t\tbackground-color: #eeeeee\t\t  \r\n\t\t\t}\r\n\t\t<\/style>\r\n\t\t\r\n\t\t<script>\r\n\t\t\tdocument.addEventListener(\"DOMContentLoaded\", function() {\r\n\t\t\t\trenderMathInElement(document.body,\t\r\n\t\t\t\t{delimiters: [{left: \"$$\", right: \"$$\", display: true},\r\n\t\t\t\t{left: \"$\", right: \"$\", display: false},\r\n\t\t\t\t]});\r\n\t\t\t});\r\n\t\t\r\n\t\t\twindow.WebFontConfig = {\r\n\t\t\t\tcustom: {\r\n\t\t\t\t  families: [\"KaTeX_AMS\", \"KaTeX_Caligraphic:n4,n7\", \"KaTeX_Fraktur:n4,n7\",\r\n\t\t\t\t\t\"KaTeX_Main:n4,n7,i4,i7\", \"KaTeX_Math:i4,i7\", \"KaTeX_Script\",\r\n\t\t\t\t\t\"KaTeX_SansSerif:n4,n7,i4\", \"KaTeX_Size1\", \"KaTeX_Size2\", \"KaTeX_Size3\",\r\n\t\t\t\t\t\"KaTeX_Size4\", \"KaTeX_Typewriter\"],\r\n\t\t\t\t},\r\n\t\t\t};\r\n\t\t\r\n\t\t\tdocument.addEventListener(\"DOMContentLoaded\", function() {\r\n\t\t\t\tvar coll = document.getElementsByClassName(\"collapsible\");\r\n\t\t\t\tvar i;\r\n\r\n\t\t\t\tfor (i = 0; i < coll.length; i++) {\r\n\t\t\t\t  coll[i].addEventListener(\"click\", function() {\r\n\t\t\t\t\t\tthis.classList.toggle(\"active\");\r\n\t\t\t\t\t\tvar content = this.nextElementSibling;\r\n\t\t\t\t\t\tif (content.style.display === \"block\") {\r\n\t\t\t\t\t\t  content.style.display = \"none\";\r\n\t\t\t\t\t\t} else {\r\n\t\t\t\t\t\t  content.style.display = \"block\";\r\n\t\t\t\t\t\t}\r\n\t\t\t\t  });\r\n\t\t\t\t}\r\n\t\t\t});\r\n\t\t\r\n\t\t<\/script>\n<ol>\n<li>\u00c4u\u00dfere Einfl\u00fcsse, die die Geschwindigkeit eines K\u00f6rpers \u00e4ndern <u> k\u00f6nnen<\/u>, werden als Kr\u00e4fte bezeichnet. Die Betonung liegt hier auf <u> k\u00f6nnen<\/u>, denn wenn mehrere Kr\u00e4fte auf ein Objekt wirken, kann es sein, dass keine Bewegung stattfindet (z. B. die Haftreibung, die die Bewegung verhindert).<\/li>\n<li>Es ist ein Unterschied, ob eine Kraft $F$ einen K\u00f6rper um eine Strecke von $2 [m]$ oder $10 [m]$ verschiebt. Die gleiche Kraft kann den gleichen K\u00f6rper um verschiedene Strecken verschieben. Wie k\u00f6nnen wir dies physikalisch von einander unterscheiden?<br \/>\nHier hilft uns der Begriff Arbeit.<\/li>\n<li>Wenn eine Kraft $F$ ein Objekt um die Strecke $s$ verschiebt, dann sagen wir: &#8222;die Kraft $F$ hat auf das Objekt die Arbeit $W$ verrichtet&#8220;. W steht f\u00fcr &#8222;Work&#8220; (das englische Wort f\u00fcr Arbeit). Nat\u00fcrlich ist die verrichtete Arbeit mehr, je gr\u00f6\u00dfer die wirkende Kraft ist oder je gr\u00f6\u00dfer die Verschiebungsstrecke $s$ ist. Deshalb definieren wir die physikalische Arbeit $$\\boxed{W=F \\cdot s}$$<\/li>\n<li>Die Einheit der Arbeit l\u00e4sst sich aus ihrer Definition ableiten $$W [J] = F [N] s [m] $$Die Einheit der Arbeit wird Joule genannt und es gilt $$1 [J] = 1 [N \\cdot m] = 1 [\\frac {kg m^2}{s^2}]$$<\/li>\n<li>In der Delta-Schreibweise (s. Kapitel 1) k\u00f6nnen wir schreiben $$\\Delta W = F \\cdot \\Delta s$$<\/li>\n<li>Beispiel: Eine Kraft $F=50 [N]$ verschiebt ein Objekt um $s = 3 [m]$. Die verrichtete Arbeit betr\u00e4gt $$\\begin{aligned} W &amp;= F \\cdot s \\\\ &amp;= 50 [N] \\cdot 3[m] \\\\ &amp;= 150 [J] \\end{aligned}$$<\/li>\n<\/ol>\n<\/div>\n\n\n<p><button onclick=\"location.href='https:\/\/nurlernen.de\/physik\/physik-inhalte\/'\">Lernbereich<\/button>\r\n<!--button onclick=\"location.href='https:\/\/nurlernen.de\/physik\/physik-lernkontrolle\/'\">Lernkontrolle<\/button-->\r\n<!--button onclick=\"location.href='\/physik-fragenkatalog'\"&gt;Fragenkatalog (F\u00fcr Lehrer)&lt;\/button-->\r\n<\/p>\n","protected":false},"excerpt":{"rendered":"<p>\u00c4u\u00dfere Einfl\u00fcsse, die die Geschwindigkeit eines K\u00f6rpers \u00e4ndern k\u00f6nnen, werden als Kr\u00e4fte bezeichnet.<\/p>\n","protected":false},"author":1,"featured_media":0,"parent":0,"menu_order":0,"comment_status":"closed","ping_status":"closed","template":"","meta":{"footnotes":""},"class_list":["post-351","page","type-page","status-publish"],"yoast_head":"<!-- This site is optimized with the Yoast SEO plugin v27.5 - https:\/\/yoast.com\/product\/yoast-seo-wordpress\/ -->\n<title>Was ist physikalische Arbeit?<\/title>\n<meta name=\"description\" content=\"Wenn eine Kraft F ein Objekt um die Strecke s verschiebt, dann sagen wir: \u201edie Kraft F hat auf das Objekt die Arbeit W verrichtet\u201c.\" \/>\n<meta name=\"robots\" content=\"index, follow, max-snippet:-1, max-image-preview:large, max-video-preview:-1\" \/>\n<link rel=\"canonical\" href=\"https:\/\/nurlernen.de\/physik\/was-ist-physikalische-arbeit\/\" \/>\n<meta property=\"og:locale\" content=\"de_DE\" \/>\n<meta property=\"og:type\" content=\"article\" \/>\n<meta property=\"og:title\" content=\"Was ist physikalische Arbeit?\" \/>\n<meta property=\"og:description\" content=\"Wenn eine Kraft F ein Objekt um die Strecke s verschiebt, dann sagen wir: \u201edie Kraft F hat auf das Objekt die Arbeit W verrichtet\u201c.\" \/>\n<meta property=\"og:url\" content=\"https:\/\/nurlernen.de\/physik\/was-ist-physikalische-arbeit\/\" \/>\n<meta property=\"og:site_name\" content=\"Physik Lernen\" \/>\n<meta property=\"article:modified_time\" content=\"2025-08-07T11:28:36+00:00\" \/>\n<meta name=\"twitter:card\" content=\"summary_large_image\" \/>\n<meta name=\"twitter:label1\" content=\"Gesch\u00e4tzte Lesezeit\" \/>\n\t<meta name=\"twitter:data1\" content=\"2\u00a0Minuten\" \/>\n<script type=\"application\/ld+json\" class=\"yoast-schema-graph\">{\"@context\":\"https:\\\/\\\/schema.org\",\"@graph\":[{\"@type\":\"WebPage\",\"@id\":\"https:\\\/\\\/nurlernen.de\\\/physik\\\/was-ist-physikalische-arbeit\\\/\",\"url\":\"https:\\\/\\\/nurlernen.de\\\/physik\\\/was-ist-physikalische-arbeit\\\/\",\"name\":\"Was ist physikalische Arbeit?\",\"isPartOf\":{\"@id\":\"https:\\\/\\\/nurlernen.de\\\/physik\\\/#website\"},\"datePublished\":\"2020-04-01T10:00:09+00:00\",\"dateModified\":\"2025-08-07T11:28:36+00:00\",\"description\":\"Wenn eine Kraft F ein Objekt um die Strecke s verschiebt, dann sagen wir: \u201edie Kraft F hat auf das Objekt die Arbeit W verrichtet\u201c.\",\"breadcrumb\":{\"@id\":\"https:\\\/\\\/nurlernen.de\\\/physik\\\/was-ist-physikalische-arbeit\\\/#breadcrumb\"},\"inLanguage\":\"de\",\"potentialAction\":[{\"@type\":\"ReadAction\",\"target\":[\"https:\\\/\\\/nurlernen.de\\\/physik\\\/was-ist-physikalische-arbeit\\\/\"]}]},{\"@type\":\"BreadcrumbList\",\"@id\":\"https:\\\/\\\/nurlernen.de\\\/physik\\\/was-ist-physikalische-arbeit\\\/#breadcrumb\",\"itemListElement\":[{\"@type\":\"ListItem\",\"position\":1,\"name\":\"Startseite\",\"item\":\"https:\\\/\\\/nurlernen.de\\\/physik\\\/\"},{\"@type\":\"ListItem\",\"position\":2,\"name\":\"Was ist physikalische Arbeit?\"}]},{\"@type\":\"WebSite\",\"@id\":\"https:\\\/\\\/nurlernen.de\\\/physik\\\/#website\",\"url\":\"https:\\\/\\\/nurlernen.de\\\/physik\\\/\",\"name\":\"Physik Lernen\",\"description\":\"Kostenlose \u00dcbungen zur Klausur- und Abi-Vorbereitung\",\"publisher\":{\"@id\":\"https:\\\/\\\/nurlernen.de\\\/physik\\\/#organization\"},\"potentialAction\":[{\"@type\":\"SearchAction\",\"target\":{\"@type\":\"EntryPoint\",\"urlTemplate\":\"https:\\\/\\\/nurlernen.de\\\/physik\\\/?s={search_term_string}\"},\"query-input\":{\"@type\":\"PropertyValueSpecification\",\"valueRequired\":true,\"valueName\":\"search_term_string\"}}],\"inLanguage\":\"de\"},{\"@type\":\"Organization\",\"@id\":\"https:\\\/\\\/nurlernen.de\\\/physik\\\/#organization\",\"name\":\"Physik Lernen\",\"url\":\"https:\\\/\\\/nurlernen.de\\\/physik\\\/\",\"logo\":{\"@type\":\"ImageObject\",\"inLanguage\":\"de\",\"@id\":\"https:\\\/\\\/nurlernen.de\\\/physik\\\/#\\\/schema\\\/logo\\\/image\\\/\",\"url\":\"https:\\\/\\\/nurlernen.de\\\/physik\\\/wp-content\\\/uploads\\\/sites\\\/3\\\/2025\\\/07\\\/l_100040_a_de.png\",\"contentUrl\":\"https:\\\/\\\/nurlernen.de\\\/physik\\\/wp-content\\\/uploads\\\/sites\\\/3\\\/2025\\\/07\\\/l_100040_a_de.png\",\"width\":530,\"height\":530,\"caption\":\"Physik Lernen\"},\"image\":{\"@id\":\"https:\\\/\\\/nurlernen.de\\\/physik\\\/#\\\/schema\\\/logo\\\/image\\\/\"},\"sameAs\":[\"https:\\\/\\\/www.instagram.com\\\/nurlernen.de\\\/\"]}]}<\/script>\n<!-- \/ Yoast SEO plugin. -->","yoast_head_json":{"title":"Was ist physikalische Arbeit?","description":"Wenn eine Kraft F ein Objekt um die Strecke s verschiebt, dann sagen wir: \u201edie Kraft F hat auf das Objekt die Arbeit W verrichtet\u201c.","robots":{"index":"index","follow":"follow","max-snippet":"max-snippet:-1","max-image-preview":"max-image-preview:large","max-video-preview":"max-video-preview:-1"},"canonical":"https:\/\/nurlernen.de\/physik\/was-ist-physikalische-arbeit\/","og_locale":"de_DE","og_type":"article","og_title":"Was ist physikalische Arbeit?","og_description":"Wenn eine Kraft F ein Objekt um die Strecke s verschiebt, dann sagen wir: \u201edie Kraft F hat auf das Objekt die Arbeit W verrichtet\u201c.","og_url":"https:\/\/nurlernen.de\/physik\/was-ist-physikalische-arbeit\/","og_site_name":"Physik Lernen","article_modified_time":"2025-08-07T11:28:36+00:00","twitter_card":"summary_large_image","twitter_misc":{"Gesch\u00e4tzte Lesezeit":"2\u00a0Minuten"},"schema":{"@context":"https:\/\/schema.org","@graph":[{"@type":"WebPage","@id":"https:\/\/nurlernen.de\/physik\/was-ist-physikalische-arbeit\/","url":"https:\/\/nurlernen.de\/physik\/was-ist-physikalische-arbeit\/","name":"Was ist physikalische Arbeit?","isPartOf":{"@id":"https:\/\/nurlernen.de\/physik\/#website"},"datePublished":"2020-04-01T10:00:09+00:00","dateModified":"2025-08-07T11:28:36+00:00","description":"Wenn eine Kraft F ein Objekt um die Strecke s verschiebt, dann sagen wir: \u201edie Kraft F hat auf das Objekt die Arbeit W verrichtet\u201c.","breadcrumb":{"@id":"https:\/\/nurlernen.de\/physik\/was-ist-physikalische-arbeit\/#breadcrumb"},"inLanguage":"de","potentialAction":[{"@type":"ReadAction","target":["https:\/\/nurlernen.de\/physik\/was-ist-physikalische-arbeit\/"]}]},{"@type":"BreadcrumbList","@id":"https:\/\/nurlernen.de\/physik\/was-ist-physikalische-arbeit\/#breadcrumb","itemListElement":[{"@type":"ListItem","position":1,"name":"Startseite","item":"https:\/\/nurlernen.de\/physik\/"},{"@type":"ListItem","position":2,"name":"Was ist physikalische Arbeit?"}]},{"@type":"WebSite","@id":"https:\/\/nurlernen.de\/physik\/#website","url":"https:\/\/nurlernen.de\/physik\/","name":"Physik Lernen","description":"Kostenlose \u00dcbungen zur Klausur- und Abi-Vorbereitung","publisher":{"@id":"https:\/\/nurlernen.de\/physik\/#organization"},"potentialAction":[{"@type":"SearchAction","target":{"@type":"EntryPoint","urlTemplate":"https:\/\/nurlernen.de\/physik\/?s={search_term_string}"},"query-input":{"@type":"PropertyValueSpecification","valueRequired":true,"valueName":"search_term_string"}}],"inLanguage":"de"},{"@type":"Organization","@id":"https:\/\/nurlernen.de\/physik\/#organization","name":"Physik Lernen","url":"https:\/\/nurlernen.de\/physik\/","logo":{"@type":"ImageObject","inLanguage":"de","@id":"https:\/\/nurlernen.de\/physik\/#\/schema\/logo\/image\/","url":"https:\/\/nurlernen.de\/physik\/wp-content\/uploads\/sites\/3\/2025\/07\/l_100040_a_de.png","contentUrl":"https:\/\/nurlernen.de\/physik\/wp-content\/uploads\/sites\/3\/2025\/07\/l_100040_a_de.png","width":530,"height":530,"caption":"Physik Lernen"},"image":{"@id":"https:\/\/nurlernen.de\/physik\/#\/schema\/logo\/image\/"},"sameAs":["https:\/\/www.instagram.com\/nurlernen.de\/"]}]}},"_links":{"self":[{"href":"https:\/\/nurlernen.de\/physik\/wp-json\/wp\/v2\/pages\/351","targetHints":{"allow":["GET"]}}],"collection":[{"href":"https:\/\/nurlernen.de\/physik\/wp-json\/wp\/v2\/pages"}],"about":[{"href":"https:\/\/nurlernen.de\/physik\/wp-json\/wp\/v2\/types\/page"}],"author":[{"embeddable":true,"href":"https:\/\/nurlernen.de\/physik\/wp-json\/wp\/v2\/users\/1"}],"replies":[{"embeddable":true,"href":"https:\/\/nurlernen.de\/physik\/wp-json\/wp\/v2\/comments?post=351"}],"version-history":[{"count":3,"href":"https:\/\/nurlernen.de\/physik\/wp-json\/wp\/v2\/pages\/351\/revisions"}],"predecessor-version":[{"id":2824,"href":"https:\/\/nurlernen.de\/physik\/wp-json\/wp\/v2\/pages\/351\/revisions\/2824"}],"wp:attachment":[{"href":"https:\/\/nurlernen.de\/physik\/wp-json\/wp\/v2\/media?parent=351"}],"curies":[{"name":"wp","href":"https:\/\/api.w.org\/{rel}","templated":true}]}}