{"id":353,"date":"2020-04-01T12:01:54","date_gmt":"2020-04-01T10:01:54","guid":{"rendered":"http:\/\/www.niemma.de\/shop\/?p=353"},"modified":"2025-08-07T13:28:59","modified_gmt":"2025-08-07T11:28:59","slug":"was-ist-energie","status":"publish","type":"page","link":"https:\/\/nurlernen.de\/physik\/was-ist-energie\/","title":{"rendered":"Was ist Energie?"},"content":{"rendered":"<div id=\"results\" class=\"container\">\n\r\n\t\t<style>\r\n\t\t\t.collapsible {\r\n\t\t\t\tcolor: #303f9f;\t\r\n\t\t\t\tcursor: pointer; \r\n\t\t\t}\r\n\t\t\t.collapsible:hover {\r\n\t\t\t  text-decoration: underline;\r\n\t\t\t}\r\n\r\n\t\t\t.hidden_content {\r\n\t\t\t\tdisplay: none;\r\n\t\t\t\tbackground-color: #eeeeee\t\t  \r\n\t\t\t}\r\n\t\t<\/style>\r\n\t\t\r\n\t\t<script>\r\n\t\t\tdocument.addEventListener(\"DOMContentLoaded\", function() {\r\n\t\t\t\trenderMathInElement(document.body,\t\r\n\t\t\t\t{delimiters: [{left: \"$$\", right: \"$$\", display: true},\r\n\t\t\t\t{left: \"$\", right: \"$\", display: false},\r\n\t\t\t\t]});\r\n\t\t\t});\r\n\t\t\r\n\t\t\twindow.WebFontConfig = {\r\n\t\t\t\tcustom: {\r\n\t\t\t\t  families: [\"KaTeX_AMS\", \"KaTeX_Caligraphic:n4,n7\", \"KaTeX_Fraktur:n4,n7\",\r\n\t\t\t\t\t\"KaTeX_Main:n4,n7,i4,i7\", \"KaTeX_Math:i4,i7\", \"KaTeX_Script\",\r\n\t\t\t\t\t\"KaTeX_SansSerif:n4,n7,i4\", \"KaTeX_Size1\", \"KaTeX_Size2\", \"KaTeX_Size3\",\r\n\t\t\t\t\t\"KaTeX_Size4\", \"KaTeX_Typewriter\"],\r\n\t\t\t\t},\r\n\t\t\t};\r\n\t\t\r\n\t\t\tdocument.addEventListener(\"DOMContentLoaded\", function() {\r\n\t\t\t\tvar coll = document.getElementsByClassName(\"collapsible\");\r\n\t\t\t\tvar i;\r\n\r\n\t\t\t\tfor (i = 0; i < coll.length; i++) {\r\n\t\t\t\t  coll[i].addEventListener(\"click\", function() {\r\n\t\t\t\t\t\tthis.classList.toggle(\"active\");\r\n\t\t\t\t\t\tvar content = this.nextElementSibling;\r\n\t\t\t\t\t\tif (content.style.display === \"block\") {\r\n\t\t\t\t\t\t  content.style.display = \"none\";\r\n\t\t\t\t\t\t} else {\r\n\t\t\t\t\t\t  content.style.display = \"block\";\r\n\t\t\t\t\t\t}\r\n\t\t\t\t  });\r\n\t\t\t\t}\r\n\t\t\t});\r\n\t\t\r\n\t\t<\/script>\n<ol>\n<li>Wenn eine Kraft $F$ ein Objekt um die Strecke $s$ verschiebt, dann sagen wir: &#8222;die Kraft $F$ hat an dem Objekt die Arbeit $W$ verrichtet&#8220;. W steht f\u00fcr &#8222;Work&#8220; (das englische Wort f\u00fcr Arbeit). Nat\u00fcrlich ist die verrichtete Arbeit mehr, je gr\u00f6\u00dfer die wirkende Kraft ist oder je gr\u00f6\u00dfer die Verschiebungsstrecke $s$ ist. Deshalb definieren wir die physikalische Arbeit $$\\boxed{W=F \\cdot s}$$<\/li>\n<li>Stellen wir uns einen Betonblock vor. Ein Kran hebt nun den Betonblock 10 [m] hoch. Daf\u00fcr ben\u00f6tigt er die Kraft 1000 [N]. Somit verrichtet der Kran die Arbeit $W= 1000 [N] \\cdot 10[m] = 10000 [J]$.<\/li>\n<li>Direkt unterhalb des hochgehobenen Betonblocks ist eine Stange senkrecht in die Erde eingef\u00fchrt. Nun l\u00e4sst der Kran den Betonblock von oben auf die Stange fallen. Der Block f\u00e4llt auf die Stange hinunter und druckt diese in die Erde hinein. Da die Stange sich bewegt hat, wurde an sie eine Arbeit verrichtet. Wir stellen uns zwei Fragen:<br \/>\nWer hat die Arbeit an die Stange verrichtet? Die Antwort ist nat\u00fcrlich der hochgehobene Block.<br \/>\nAuf dem Boden h\u00e4tte der Block diese F\u00e4higkeit die Stange in die Erde zu pressen nicht. Wie ist der Block zu dieser F\u00e4higkeit gekommen? Die vom Kran an den Block w\u00e4hrend des Hochhebens verrichtete Arbeit muss irgendwie im block gespeichert worden sein. Beim Fall hat sich diese gespeicherte Arbeit wieder freigesetzt und konnte so die Stange in die Erde drucken, d. h. die freigewordene Arbeit konnte wieder auf ein anderes Objekt (hier die Stange) \u00fcbertragen werden.<\/li>\n<li>Die Arbeit kann also gespeichert und wieder freigesetzt werden. In der Physik wird die gespeicherte Arbeit als <b>Energie<\/b> bezeichnet. Energie und Arbeit sind verschiedene Formen der selben Gr\u00f6\u00dfe. Wenn ein Objekt durch eine Kraft verschoben wird, dann sprechen wir von der Arbeit, die an das Objekt verrichtet wird. Nachdem das Verschieben vorbei ist, geht die Arbeit nicht verloren. Die verrichtete Arbeit ist jetzt im Objekt gespeichert. In diesem Fall sprechen wir dann von der gespeicherten Energie.<\/li>\n<li>Die Energie wird i. d. R. $E$ (f\u00fcr Energie) bezeichnet. Da Energie die gespeicherte Arbeit ist, gilt: $$E = W = F \\cdot s$$Die Energie hat genau wie die Arbeit die Einheit Joule $[J]$.<\/li>\n<li>Die Energie ist eine fundamentale Gr\u00f6\u00dfe unseres Universums. Sie kann in verschiedene Formen umgewandelt werden.<\/li>\n<\/ol>\n<\/div>\n\n\n<p><button onclick=\"location.href='https:\/\/nurlernen.de\/physik\/physik-inhalte\/'\">Lernbereich<\/button>\r\n<!--button onclick=\"location.href='https:\/\/nurlernen.de\/physik\/physik-lernkontrolle\/'\">Lernkontrolle<\/button-->\r\n<!--button onclick=\"location.href='\/physik-fragenkatalog'\"&gt;Fragenkatalog (F\u00fcr Lehrer)&lt;\/button-->\r\n<\/p>\n","protected":false},"excerpt":{"rendered":"<p>Die Arbeit kann also gespeichert und wieder freigesetzt werden. In der Physik wird die gespeicherte Arbeit als <b>Energie<\/b> bezeichnet.<\/p>\n","protected":false},"author":1,"featured_media":0,"parent":0,"menu_order":0,"comment_status":"closed","ping_status":"closed","template":"","meta":{"footnotes":""},"class_list":["post-353","page","type-page","status-publish"],"yoast_head":"<!-- This site is optimized with the Yoast SEO plugin v27.5 - https:\/\/yoast.com\/product\/yoast-seo-wordpress\/ -->\n<title>Was ist Energie?<\/title>\n<meta name=\"description\" content=\"In der Physik wird die gespeicherte Arbeit als Energie bezeichnet. Energie und Arbeit sind verschiedene Formen der selben Gr\u00f6\u00dfe.\" \/>\n<meta name=\"robots\" content=\"index, follow, max-snippet:-1, max-image-preview:large, max-video-preview:-1\" \/>\n<link rel=\"canonical\" href=\"https:\/\/nurlernen.de\/physik\/was-ist-energie\/\" \/>\n<meta property=\"og:locale\" content=\"de_DE\" \/>\n<meta property=\"og:type\" content=\"article\" \/>\n<meta property=\"og:title\" content=\"Was ist Energie?\" \/>\n<meta property=\"og:description\" content=\"In der Physik wird die gespeicherte Arbeit als Energie bezeichnet. Energie und Arbeit sind verschiedene Formen der selben Gr\u00f6\u00dfe.\" \/>\n<meta property=\"og:url\" content=\"https:\/\/nurlernen.de\/physik\/was-ist-energie\/\" \/>\n<meta property=\"og:site_name\" content=\"Physik Lernen\" \/>\n<meta property=\"article:modified_time\" content=\"2025-08-07T11:28:59+00:00\" \/>\n<meta name=\"twitter:card\" content=\"summary_large_image\" \/>\n<meta name=\"twitter:label1\" content=\"Gesch\u00e4tzte Lesezeit\" \/>\n\t<meta name=\"twitter:data1\" content=\"2\u00a0Minuten\" \/>\n<script type=\"application\/ld+json\" class=\"yoast-schema-graph\">{\"@context\":\"https:\\\/\\\/schema.org\",\"@graph\":[{\"@type\":\"WebPage\",\"@id\":\"https:\\\/\\\/nurlernen.de\\\/physik\\\/was-ist-energie\\\/\",\"url\":\"https:\\\/\\\/nurlernen.de\\\/physik\\\/was-ist-energie\\\/\",\"name\":\"Was ist Energie?\",\"isPartOf\":{\"@id\":\"https:\\\/\\\/nurlernen.de\\\/physik\\\/#website\"},\"datePublished\":\"2020-04-01T10:01:54+00:00\",\"dateModified\":\"2025-08-07T11:28:59+00:00\",\"description\":\"In der Physik wird die gespeicherte Arbeit als Energie bezeichnet. Energie und Arbeit sind verschiedene Formen der selben Gr\u00f6\u00dfe.\",\"breadcrumb\":{\"@id\":\"https:\\\/\\\/nurlernen.de\\\/physik\\\/was-ist-energie\\\/#breadcrumb\"},\"inLanguage\":\"de\",\"potentialAction\":[{\"@type\":\"ReadAction\",\"target\":[\"https:\\\/\\\/nurlernen.de\\\/physik\\\/was-ist-energie\\\/\"]}]},{\"@type\":\"BreadcrumbList\",\"@id\":\"https:\\\/\\\/nurlernen.de\\\/physik\\\/was-ist-energie\\\/#breadcrumb\",\"itemListElement\":[{\"@type\":\"ListItem\",\"position\":1,\"name\":\"Startseite\",\"item\":\"https:\\\/\\\/nurlernen.de\\\/physik\\\/\"},{\"@type\":\"ListItem\",\"position\":2,\"name\":\"Was ist Energie?\"}]},{\"@type\":\"WebSite\",\"@id\":\"https:\\\/\\\/nurlernen.de\\\/physik\\\/#website\",\"url\":\"https:\\\/\\\/nurlernen.de\\\/physik\\\/\",\"name\":\"Physik Lernen\",\"description\":\"Kostenlose \u00dcbungen zur Klausur- und Abi-Vorbereitung\",\"publisher\":{\"@id\":\"https:\\\/\\\/nurlernen.de\\\/physik\\\/#organization\"},\"potentialAction\":[{\"@type\":\"SearchAction\",\"target\":{\"@type\":\"EntryPoint\",\"urlTemplate\":\"https:\\\/\\\/nurlernen.de\\\/physik\\\/?s={search_term_string}\"},\"query-input\":{\"@type\":\"PropertyValueSpecification\",\"valueRequired\":true,\"valueName\":\"search_term_string\"}}],\"inLanguage\":\"de\"},{\"@type\":\"Organization\",\"@id\":\"https:\\\/\\\/nurlernen.de\\\/physik\\\/#organization\",\"name\":\"Physik Lernen\",\"url\":\"https:\\\/\\\/nurlernen.de\\\/physik\\\/\",\"logo\":{\"@type\":\"ImageObject\",\"inLanguage\":\"de\",\"@id\":\"https:\\\/\\\/nurlernen.de\\\/physik\\\/#\\\/schema\\\/logo\\\/image\\\/\",\"url\":\"https:\\\/\\\/nurlernen.de\\\/physik\\\/wp-content\\\/uploads\\\/sites\\\/3\\\/2025\\\/07\\\/l_100040_a_de.png\",\"contentUrl\":\"https:\\\/\\\/nurlernen.de\\\/physik\\\/wp-content\\\/uploads\\\/sites\\\/3\\\/2025\\\/07\\\/l_100040_a_de.png\",\"width\":530,\"height\":530,\"caption\":\"Physik Lernen\"},\"image\":{\"@id\":\"https:\\\/\\\/nurlernen.de\\\/physik\\\/#\\\/schema\\\/logo\\\/image\\\/\"},\"sameAs\":[\"https:\\\/\\\/www.instagram.com\\\/nurlernen.de\\\/\"]}]}<\/script>\n<!-- \/ Yoast SEO plugin. -->","yoast_head_json":{"title":"Was ist Energie?","description":"In der Physik wird die gespeicherte Arbeit als Energie bezeichnet. Energie und Arbeit sind verschiedene Formen der selben Gr\u00f6\u00dfe.","robots":{"index":"index","follow":"follow","max-snippet":"max-snippet:-1","max-image-preview":"max-image-preview:large","max-video-preview":"max-video-preview:-1"},"canonical":"https:\/\/nurlernen.de\/physik\/was-ist-energie\/","og_locale":"de_DE","og_type":"article","og_title":"Was ist Energie?","og_description":"In der Physik wird die gespeicherte Arbeit als Energie bezeichnet. Energie und Arbeit sind verschiedene Formen der selben Gr\u00f6\u00dfe.","og_url":"https:\/\/nurlernen.de\/physik\/was-ist-energie\/","og_site_name":"Physik Lernen","article_modified_time":"2025-08-07T11:28:59+00:00","twitter_card":"summary_large_image","twitter_misc":{"Gesch\u00e4tzte Lesezeit":"2\u00a0Minuten"},"schema":{"@context":"https:\/\/schema.org","@graph":[{"@type":"WebPage","@id":"https:\/\/nurlernen.de\/physik\/was-ist-energie\/","url":"https:\/\/nurlernen.de\/physik\/was-ist-energie\/","name":"Was ist Energie?","isPartOf":{"@id":"https:\/\/nurlernen.de\/physik\/#website"},"datePublished":"2020-04-01T10:01:54+00:00","dateModified":"2025-08-07T11:28:59+00:00","description":"In der Physik wird die gespeicherte Arbeit als Energie bezeichnet. Energie und Arbeit sind verschiedene Formen der selben Gr\u00f6\u00dfe.","breadcrumb":{"@id":"https:\/\/nurlernen.de\/physik\/was-ist-energie\/#breadcrumb"},"inLanguage":"de","potentialAction":[{"@type":"ReadAction","target":["https:\/\/nurlernen.de\/physik\/was-ist-energie\/"]}]},{"@type":"BreadcrumbList","@id":"https:\/\/nurlernen.de\/physik\/was-ist-energie\/#breadcrumb","itemListElement":[{"@type":"ListItem","position":1,"name":"Startseite","item":"https:\/\/nurlernen.de\/physik\/"},{"@type":"ListItem","position":2,"name":"Was ist Energie?"}]},{"@type":"WebSite","@id":"https:\/\/nurlernen.de\/physik\/#website","url":"https:\/\/nurlernen.de\/physik\/","name":"Physik Lernen","description":"Kostenlose \u00dcbungen zur Klausur- und Abi-Vorbereitung","publisher":{"@id":"https:\/\/nurlernen.de\/physik\/#organization"},"potentialAction":[{"@type":"SearchAction","target":{"@type":"EntryPoint","urlTemplate":"https:\/\/nurlernen.de\/physik\/?s={search_term_string}"},"query-input":{"@type":"PropertyValueSpecification","valueRequired":true,"valueName":"search_term_string"}}],"inLanguage":"de"},{"@type":"Organization","@id":"https:\/\/nurlernen.de\/physik\/#organization","name":"Physik Lernen","url":"https:\/\/nurlernen.de\/physik\/","logo":{"@type":"ImageObject","inLanguage":"de","@id":"https:\/\/nurlernen.de\/physik\/#\/schema\/logo\/image\/","url":"https:\/\/nurlernen.de\/physik\/wp-content\/uploads\/sites\/3\/2025\/07\/l_100040_a_de.png","contentUrl":"https:\/\/nurlernen.de\/physik\/wp-content\/uploads\/sites\/3\/2025\/07\/l_100040_a_de.png","width":530,"height":530,"caption":"Physik Lernen"},"image":{"@id":"https:\/\/nurlernen.de\/physik\/#\/schema\/logo\/image\/"},"sameAs":["https:\/\/www.instagram.com\/nurlernen.de\/"]}]}},"_links":{"self":[{"href":"https:\/\/nurlernen.de\/physik\/wp-json\/wp\/v2\/pages\/353","targetHints":{"allow":["GET"]}}],"collection":[{"href":"https:\/\/nurlernen.de\/physik\/wp-json\/wp\/v2\/pages"}],"about":[{"href":"https:\/\/nurlernen.de\/physik\/wp-json\/wp\/v2\/types\/page"}],"author":[{"embeddable":true,"href":"https:\/\/nurlernen.de\/physik\/wp-json\/wp\/v2\/users\/1"}],"replies":[{"embeddable":true,"href":"https:\/\/nurlernen.de\/physik\/wp-json\/wp\/v2\/comments?post=353"}],"version-history":[{"count":3,"href":"https:\/\/nurlernen.de\/physik\/wp-json\/wp\/v2\/pages\/353\/revisions"}],"predecessor-version":[{"id":2825,"href":"https:\/\/nurlernen.de\/physik\/wp-json\/wp\/v2\/pages\/353\/revisions\/2825"}],"wp:attachment":[{"href":"https:\/\/nurlernen.de\/physik\/wp-json\/wp\/v2\/media?parent=353"}],"curies":[{"name":"wp","href":"https:\/\/api.w.org\/{rel}","templated":true}]}}