{"id":357,"date":"2020-04-01T12:06:15","date_gmt":"2020-04-01T10:06:15","guid":{"rendered":"http:\/\/www.niemma.de\/shop\/?p=357"},"modified":"2025-08-07T13:29:33","modified_gmt":"2025-08-07T11:29:33","slug":"was-ist-potenzielle-energie","status":"publish","type":"page","link":"https:\/\/nurlernen.de\/physik\/was-ist-potenzielle-energie\/","title":{"rendered":"Was ist potenzielle Energie?"},"content":{"rendered":"<div id=\"results\" class=\"container\">\n\r\n\t\t<style>\r\n\t\t\t.collapsible {\r\n\t\t\t\tcolor: #303f9f;\t\r\n\t\t\t\tcursor: pointer; \r\n\t\t\t}\r\n\t\t\t.collapsible:hover {\r\n\t\t\t  text-decoration: underline;\r\n\t\t\t}\r\n\r\n\t\t\t.hidden_content {\r\n\t\t\t\tdisplay: none;\r\n\t\t\t\tbackground-color: #eeeeee\t\t  \r\n\t\t\t}\r\n\t\t<\/style>\r\n\t\t\r\n\t\t<script>\r\n\t\t\tdocument.addEventListener(\"DOMContentLoaded\", function() {\r\n\t\t\t\trenderMathInElement(document.body,\t\r\n\t\t\t\t{delimiters: [{left: \"$$\", right: \"$$\", display: true},\r\n\t\t\t\t{left: \"$\", right: \"$\", display: false},\r\n\t\t\t\t]});\r\n\t\t\t});\r\n\t\t\r\n\t\t\twindow.WebFontConfig = {\r\n\t\t\t\tcustom: {\r\n\t\t\t\t  families: [\"KaTeX_AMS\", \"KaTeX_Caligraphic:n4,n7\", \"KaTeX_Fraktur:n4,n7\",\r\n\t\t\t\t\t\"KaTeX_Main:n4,n7,i4,i7\", \"KaTeX_Math:i4,i7\", \"KaTeX_Script\",\r\n\t\t\t\t\t\"KaTeX_SansSerif:n4,n7,i4\", \"KaTeX_Size1\", \"KaTeX_Size2\", \"KaTeX_Size3\",\r\n\t\t\t\t\t\"KaTeX_Size4\", \"KaTeX_Typewriter\"],\r\n\t\t\t\t},\r\n\t\t\t};\r\n\t\t\r\n\t\t\tdocument.addEventListener(\"DOMContentLoaded\", function() {\r\n\t\t\t\tvar coll = document.getElementsByClassName(\"collapsible\");\r\n\t\t\t\tvar i;\r\n\r\n\t\t\t\tfor (i = 0; i < coll.length; i++) {\r\n\t\t\t\t  coll[i].addEventListener(\"click\", function() {\r\n\t\t\t\t\t\tthis.classList.toggle(\"active\");\r\n\t\t\t\t\t\tvar content = this.nextElementSibling;\r\n\t\t\t\t\t\tif (content.style.display === \"block\") {\r\n\t\t\t\t\t\t  content.style.display = \"none\";\r\n\t\t\t\t\t\t} else {\r\n\t\t\t\t\t\t  content.style.display = \"block\";\r\n\t\t\t\t\t\t}\r\n\t\t\t\t  });\r\n\t\t\t\t}\r\n\t\t\t});\r\n\t\t\r\n\t\t<\/script>\n<ol>\n<li>Wenn eine Kraft F ein Objekt um die Strecke s verschiebt, dann wird die Arbeit $W=F \\cdot s$ verrichtet.<\/li>\n<li>Wenn die Kraft F mit dem Verschieben fertig ist und nicht mehr auf das Objekt wirkt, ist die verrichtete Arbeit in Form von Energie E im Objekt gespeichert.<\/li>\n<li>Wenn die o. g. physikalische Arbeit in einem Raum statt findet, in dem keine andere Kr\u00e4fte wirken, dann bewegt sich das Objekt, nach dem die treibende Kraft F entfernt wurde weiter (1. Newtonsche Gesetz). Die gespeicherte Arbeit liegt als Bewegungsenergie oder kinetische Energie $E_{kin}= \\frac 1 2 m v^2$ vor.<\/li>\n<li>Sehr h\u00e4ufig finden physikalische Ph\u00e4nomene und Bewegungen in einem Kraftfeld statt. Zum Beispiel alles was sich auf der Erdoberfl\u00e4che abspielt, unterliegt der Gewichtskraft $F= mg$. Dies gilt auf der Oberfl\u00e4che von allen Planeten. Auch gibt es weitere Kr\u00e4fte, wie z. B. die elektrische, die magnetische und die Federkraft. Was passiert mit der Arbeit, die in diesen Kraftfeldern stattfindet?<\/li>\n<li>Stellen wir uns einen Betonblock vor. Ein Kran hebt nun den Betonblock 5 [m] hoch. Daf\u00fcr ben\u00f6tigt er die Kraft 1000 [N]. Somit verrichtet der Kran die Arbeit $W= 1000 [N] \\cdot 5[m] = 5000 [J]$. Diese Arbeit ist gegen der Gewichtskraft des Blocks $F_G$ verrichtet!<\/li>\n<li>Wenn der Betonblock oben auf 5 [m] angekommen ist, liegt die verrichtete Arbeit von 5000 [J] als gespeicherte Energie vor. Nach dem Heben, h\u00e4ngt der Betonblock am Kran und bewegt sich nicht. Die Energie, die im Betonblock gespeichert ist, hat das Potenzial etwas zu bewegen und wieder als Arbeit freigesetzt zu werden. Das passiert, wenn man den Block los l\u00e4sst. Er f\u00e4llt runter und kann z. B. Zerst\u00f6rungsarbeit leisten. Deshalb wird diese Energie als potenzielle Energie bezeichnet.<\/li>\n<li>Wichtig, potenzielle Energie gibt es nur dann, wenn die Arbeit <i>GEGEN<\/i> eine \u00e4u\u00dfere Kraft (z. B. Gewichtskraft) verrichtet wird. Wird ein Betonblock im All jenseits der Erdanziehung bewegt, wird er sich nach Ende der Krafteinwirkung f\u00fcr immer weiter Bewegen (1. Newtonsche Gesetz) und die verrichtete Arbeit liegt in Form von kinetischer Energie (Bewegungsenergie) vor.<\/li>\n<li>Bleiben wir bei der potenziellen Energie, also die Energie eines Objekts, wenn es sich in einem Kraftfeld (z. B. Erdanziehung) befindet. Wie gro\u00dfe die Potenzielle Energie ist, h\u00e4ngt von der Kraft $F$ und von der Verschiebungsstrecke $\\Delta s$ ab. Es gilt $$E_{pot} = F \\cdot s$$<\/li>\n<li>In der Delta-Schreibweise (s. Kapitel 1) k\u00f6nnen wir schreiben $$\\Delta E_{pot} = F \\cdot \\Delta s$$<\/li>\n<li>Auf der Erde werden alle Objekte mit der Gewichtskraft $F=mg$ zum Erdmittelpunkt hingezogen. Wenn also ein Objekt entgegen der Gewichtskraft um eine H\u00f6he $h$ hochgehoben wird, wird in ihm die Energie $$E_{pot} = F \\cdot s = m g \\cdot h$$ bzw. $$\\Delta E_{pot} = m g \\cdot \\Delta h$$ gespeichert.<\/li>\n<\/ol>\n<\/div>\n\n\n<p><button onclick=\"location.href='https:\/\/nurlernen.de\/physik\/physik-inhalte\/'\">Lernbereich<\/button>\r\n<!--button onclick=\"location.href='https:\/\/nurlernen.de\/physik\/physik-lernkontrolle\/'\">Lernkontrolle<\/button-->\r\n<!--button onclick=\"location.href='\/physik-fragenkatalog'\"&gt;Fragenkatalog (F\u00fcr Lehrer)&lt;\/button-->\r\n<\/p>\n","protected":false},"excerpt":{"rendered":"<p>Wenn die Kraft F mit dem Verschieben fertig ist und nicht mehr auf das Objekt wirkt, ist die verrichtete Arbeit in Form von Energie E im Objekt gespeichert.<\/p>\n","protected":false},"author":1,"featured_media":0,"parent":0,"menu_order":0,"comment_status":"closed","ping_status":"closed","template":"","meta":{"footnotes":""},"class_list":["post-357","page","type-page","status-publish"],"yoast_head":"<!-- This site is optimized with the Yoast SEO plugin v27.5 - https:\/\/yoast.com\/product\/yoast-seo-wordpress\/ -->\n<title>Was ist potenzielle Energie?<\/title>\n<meta name=\"description\" content=\"Die potenziellen Energie ist die Energie eines Objekts, wenn es sich in einem Kraftfeld (oder Potenzialfeld) befindet.\" \/>\n<meta name=\"robots\" content=\"index, follow, max-snippet:-1, max-image-preview:large, max-video-preview:-1\" \/>\n<link rel=\"canonical\" href=\"https:\/\/nurlernen.de\/physik\/was-ist-potenzielle-energie\/\" \/>\n<meta property=\"og:locale\" content=\"de_DE\" \/>\n<meta property=\"og:type\" content=\"article\" \/>\n<meta property=\"og:title\" content=\"Was ist potenzielle Energie?\" \/>\n<meta property=\"og:description\" content=\"Die potenziellen Energie ist die Energie eines Objekts, wenn es sich in einem Kraftfeld (oder Potenzialfeld) befindet.\" \/>\n<meta property=\"og:url\" content=\"https:\/\/nurlernen.de\/physik\/was-ist-potenzielle-energie\/\" \/>\n<meta property=\"og:site_name\" content=\"Physik Lernen\" \/>\n<meta property=\"article:modified_time\" content=\"2025-08-07T11:29:33+00:00\" \/>\n<meta name=\"twitter:card\" content=\"summary_large_image\" \/>\n<meta name=\"twitter:label1\" content=\"Gesch\u00e4tzte Lesezeit\" \/>\n\t<meta name=\"twitter:data1\" content=\"2\u00a0Minuten\" \/>\n<script type=\"application\/ld+json\" class=\"yoast-schema-graph\">{\"@context\":\"https:\\\/\\\/schema.org\",\"@graph\":[{\"@type\":\"WebPage\",\"@id\":\"https:\\\/\\\/nurlernen.de\\\/physik\\\/was-ist-potenzielle-energie\\\/\",\"url\":\"https:\\\/\\\/nurlernen.de\\\/physik\\\/was-ist-potenzielle-energie\\\/\",\"name\":\"Was ist potenzielle Energie?\",\"isPartOf\":{\"@id\":\"https:\\\/\\\/nurlernen.de\\\/physik\\\/#website\"},\"datePublished\":\"2020-04-01T10:06:15+00:00\",\"dateModified\":\"2025-08-07T11:29:33+00:00\",\"description\":\"Die potenziellen Energie ist die Energie eines Objekts, wenn es sich in einem Kraftfeld (oder Potenzialfeld) befindet.\",\"breadcrumb\":{\"@id\":\"https:\\\/\\\/nurlernen.de\\\/physik\\\/was-ist-potenzielle-energie\\\/#breadcrumb\"},\"inLanguage\":\"de\",\"potentialAction\":[{\"@type\":\"ReadAction\",\"target\":[\"https:\\\/\\\/nurlernen.de\\\/physik\\\/was-ist-potenzielle-energie\\\/\"]}]},{\"@type\":\"BreadcrumbList\",\"@id\":\"https:\\\/\\\/nurlernen.de\\\/physik\\\/was-ist-potenzielle-energie\\\/#breadcrumb\",\"itemListElement\":[{\"@type\":\"ListItem\",\"position\":1,\"name\":\"Startseite\",\"item\":\"https:\\\/\\\/nurlernen.de\\\/physik\\\/\"},{\"@type\":\"ListItem\",\"position\":2,\"name\":\"Was ist potenzielle Energie?\"}]},{\"@type\":\"WebSite\",\"@id\":\"https:\\\/\\\/nurlernen.de\\\/physik\\\/#website\",\"url\":\"https:\\\/\\\/nurlernen.de\\\/physik\\\/\",\"name\":\"Physik Lernen\",\"description\":\"Kostenlose \u00dcbungen zur Klausur- und Abi-Vorbereitung\",\"publisher\":{\"@id\":\"https:\\\/\\\/nurlernen.de\\\/physik\\\/#organization\"},\"potentialAction\":[{\"@type\":\"SearchAction\",\"target\":{\"@type\":\"EntryPoint\",\"urlTemplate\":\"https:\\\/\\\/nurlernen.de\\\/physik\\\/?s={search_term_string}\"},\"query-input\":{\"@type\":\"PropertyValueSpecification\",\"valueRequired\":true,\"valueName\":\"search_term_string\"}}],\"inLanguage\":\"de\"},{\"@type\":\"Organization\",\"@id\":\"https:\\\/\\\/nurlernen.de\\\/physik\\\/#organization\",\"name\":\"Physik Lernen\",\"url\":\"https:\\\/\\\/nurlernen.de\\\/physik\\\/\",\"logo\":{\"@type\":\"ImageObject\",\"inLanguage\":\"de\",\"@id\":\"https:\\\/\\\/nurlernen.de\\\/physik\\\/#\\\/schema\\\/logo\\\/image\\\/\",\"url\":\"https:\\\/\\\/nurlernen.de\\\/physik\\\/wp-content\\\/uploads\\\/sites\\\/3\\\/2025\\\/07\\\/l_100040_a_de.png\",\"contentUrl\":\"https:\\\/\\\/nurlernen.de\\\/physik\\\/wp-content\\\/uploads\\\/sites\\\/3\\\/2025\\\/07\\\/l_100040_a_de.png\",\"width\":530,\"height\":530,\"caption\":\"Physik Lernen\"},\"image\":{\"@id\":\"https:\\\/\\\/nurlernen.de\\\/physik\\\/#\\\/schema\\\/logo\\\/image\\\/\"},\"sameAs\":[\"https:\\\/\\\/www.instagram.com\\\/nurlernen.de\\\/\"]}]}<\/script>\n<!-- \/ Yoast SEO plugin. -->","yoast_head_json":{"title":"Was ist potenzielle Energie?","description":"Die potenziellen Energie ist die Energie eines Objekts, wenn es sich in einem Kraftfeld (oder Potenzialfeld) befindet.","robots":{"index":"index","follow":"follow","max-snippet":"max-snippet:-1","max-image-preview":"max-image-preview:large","max-video-preview":"max-video-preview:-1"},"canonical":"https:\/\/nurlernen.de\/physik\/was-ist-potenzielle-energie\/","og_locale":"de_DE","og_type":"article","og_title":"Was ist potenzielle Energie?","og_description":"Die potenziellen Energie ist die Energie eines Objekts, wenn es sich in einem Kraftfeld (oder Potenzialfeld) befindet.","og_url":"https:\/\/nurlernen.de\/physik\/was-ist-potenzielle-energie\/","og_site_name":"Physik Lernen","article_modified_time":"2025-08-07T11:29:33+00:00","twitter_card":"summary_large_image","twitter_misc":{"Gesch\u00e4tzte Lesezeit":"2\u00a0Minuten"},"schema":{"@context":"https:\/\/schema.org","@graph":[{"@type":"WebPage","@id":"https:\/\/nurlernen.de\/physik\/was-ist-potenzielle-energie\/","url":"https:\/\/nurlernen.de\/physik\/was-ist-potenzielle-energie\/","name":"Was ist potenzielle Energie?","isPartOf":{"@id":"https:\/\/nurlernen.de\/physik\/#website"},"datePublished":"2020-04-01T10:06:15+00:00","dateModified":"2025-08-07T11:29:33+00:00","description":"Die potenziellen Energie ist die Energie eines Objekts, wenn es sich in einem Kraftfeld (oder Potenzialfeld) befindet.","breadcrumb":{"@id":"https:\/\/nurlernen.de\/physik\/was-ist-potenzielle-energie\/#breadcrumb"},"inLanguage":"de","potentialAction":[{"@type":"ReadAction","target":["https:\/\/nurlernen.de\/physik\/was-ist-potenzielle-energie\/"]}]},{"@type":"BreadcrumbList","@id":"https:\/\/nurlernen.de\/physik\/was-ist-potenzielle-energie\/#breadcrumb","itemListElement":[{"@type":"ListItem","position":1,"name":"Startseite","item":"https:\/\/nurlernen.de\/physik\/"},{"@type":"ListItem","position":2,"name":"Was ist potenzielle Energie?"}]},{"@type":"WebSite","@id":"https:\/\/nurlernen.de\/physik\/#website","url":"https:\/\/nurlernen.de\/physik\/","name":"Physik Lernen","description":"Kostenlose \u00dcbungen zur Klausur- und Abi-Vorbereitung","publisher":{"@id":"https:\/\/nurlernen.de\/physik\/#organization"},"potentialAction":[{"@type":"SearchAction","target":{"@type":"EntryPoint","urlTemplate":"https:\/\/nurlernen.de\/physik\/?s={search_term_string}"},"query-input":{"@type":"PropertyValueSpecification","valueRequired":true,"valueName":"search_term_string"}}],"inLanguage":"de"},{"@type":"Organization","@id":"https:\/\/nurlernen.de\/physik\/#organization","name":"Physik Lernen","url":"https:\/\/nurlernen.de\/physik\/","logo":{"@type":"ImageObject","inLanguage":"de","@id":"https:\/\/nurlernen.de\/physik\/#\/schema\/logo\/image\/","url":"https:\/\/nurlernen.de\/physik\/wp-content\/uploads\/sites\/3\/2025\/07\/l_100040_a_de.png","contentUrl":"https:\/\/nurlernen.de\/physik\/wp-content\/uploads\/sites\/3\/2025\/07\/l_100040_a_de.png","width":530,"height":530,"caption":"Physik Lernen"},"image":{"@id":"https:\/\/nurlernen.de\/physik\/#\/schema\/logo\/image\/"},"sameAs":["https:\/\/www.instagram.com\/nurlernen.de\/"]}]}},"_links":{"self":[{"href":"https:\/\/nurlernen.de\/physik\/wp-json\/wp\/v2\/pages\/357","targetHints":{"allow":["GET"]}}],"collection":[{"href":"https:\/\/nurlernen.de\/physik\/wp-json\/wp\/v2\/pages"}],"about":[{"href":"https:\/\/nurlernen.de\/physik\/wp-json\/wp\/v2\/types\/page"}],"author":[{"embeddable":true,"href":"https:\/\/nurlernen.de\/physik\/wp-json\/wp\/v2\/users\/1"}],"replies":[{"embeddable":true,"href":"https:\/\/nurlernen.de\/physik\/wp-json\/wp\/v2\/comments?post=357"}],"version-history":[{"count":3,"href":"https:\/\/nurlernen.de\/physik\/wp-json\/wp\/v2\/pages\/357\/revisions"}],"predecessor-version":[{"id":2827,"href":"https:\/\/nurlernen.de\/physik\/wp-json\/wp\/v2\/pages\/357\/revisions\/2827"}],"wp:attachment":[{"href":"https:\/\/nurlernen.de\/physik\/wp-json\/wp\/v2\/media?parent=357"}],"curies":[{"name":"wp","href":"https:\/\/api.w.org\/{rel}","templated":true}]}}