{"id":435,"date":"2020-04-04T09:20:13","date_gmt":"2020-04-04T07:20:13","guid":{"rendered":"http:\/\/www.niemma.de\/shop\/?p=435"},"modified":"2025-08-07T13:34:42","modified_gmt":"2025-08-07T11:34:42","slug":"anwendung-der-impulserhaltung","status":"publish","type":"page","link":"https:\/\/nurlernen.de\/physik\/anwendung-der-impulserhaltung\/","title":{"rendered":"Anwendung der Impulserhaltung"},"content":{"rendered":"\r\n\t\t<style>\r\n\t\t\t.collapsible {\r\n\t\t\t\tcolor: #303f9f;\t\r\n\t\t\t\tcursor: pointer; \r\n\t\t\t}\r\n\t\t\t.collapsible:hover {\r\n\t\t\t  text-decoration: underline;\r\n\t\t\t}\r\n\r\n\t\t\t.hidden_content {\r\n\t\t\t\tdisplay: none;\r\n\t\t\t\tbackground-color: #eeeeee\t\t  \r\n\t\t\t}\r\n\t\t<\/style>\r\n\t\t\r\n\t\t<script>\r\n\t\t\tdocument.addEventListener(\"DOMContentLoaded\", function() {\r\n\t\t\t\trenderMathInElement(document.body,\t\r\n\t\t\t\t{delimiters: [{left: \"$$\", right: \"$$\", display: true},\r\n\t\t\t\t{left: \"$\", right: \"$\", display: false},\r\n\t\t\t\t]});\r\n\t\t\t});\r\n\t\t\r\n\t\t\twindow.WebFontConfig = {\r\n\t\t\t\tcustom: {\r\n\t\t\t\t  families: [\"KaTeX_AMS\", \"KaTeX_Caligraphic:n4,n7\", \"KaTeX_Fraktur:n4,n7\",\r\n\t\t\t\t\t\"KaTeX_Main:n4,n7,i4,i7\", \"KaTeX_Math:i4,i7\", \"KaTeX_Script\",\r\n\t\t\t\t\t\"KaTeX_SansSerif:n4,n7,i4\", \"KaTeX_Size1\", \"KaTeX_Size2\", \"KaTeX_Size3\",\r\n\t\t\t\t\t\"KaTeX_Size4\", \"KaTeX_Typewriter\"],\r\n\t\t\t\t},\r\n\t\t\t};\r\n\t\t\r\n\t\t\tdocument.addEventListener(\"DOMContentLoaded\", function() {\r\n\t\t\t\tvar coll = document.getElementsByClassName(\"collapsible\");\r\n\t\t\t\tvar i;\r\n\r\n\t\t\t\tfor (i = 0; i < coll.length; i++) {\r\n\t\t\t\t  coll[i].addEventListener(\"click\", function() {\r\n\t\t\t\t\t\tthis.classList.toggle(\"active\");\r\n\t\t\t\t\t\tvar content = this.nextElementSibling;\r\n\t\t\t\t\t\tif (content.style.display === \"block\") {\r\n\t\t\t\t\t\t  content.style.display = \"none\";\r\n\t\t\t\t\t\t} else {\r\n\t\t\t\t\t\t  content.style.display = \"block\";\r\n\t\t\t\t\t\t}\r\n\t\t\t\t  });\r\n\t\t\t\t}\r\n\t\t\t});\r\n\t\t\r\n\t\t<\/script>\n<ol>\n<li>Ein System, welches keine \u00e4u\u00dferen Kr\u00e4fte erf\u00e4hrt, bezeichnen wir als ein abgeschlossenes System. In solch einem System bleibt der Impuls erhalten.<\/li>\n<li>Die Impulserhaltung gilt immer <u>unabh\u00e4ngig von Energieerhaltung.<\/u> Deshalb ist sie wichtiger und n\u00fctzlicher als die Energieerhaltung.<\/li>\n<li>Viele physikalische Vorg\u00e4nge basieren auf Sto\u00dfprozesse zwischen mikroskopischen Teilchen z. B. in der Atom- und Teilchenphysik, in der W\u00e4rmetheorie. Aber auch bei Asteroiden- und Planetenphysik sind Sto\u00dfprozesse relevant. St\u00f6\u00dfe sind \u00fcberall um uns herum! Deshalb sollte jeder, der sich freiwillig oder unfreiwillig \ud83d\ude04 mit Physik befasst, Sto\u00dfprozesse verstehen und das Verhalten der Sto\u00dfpartner nach dem Sto\u00df vorhersagen zu k\u00f6nnen.<\/li>\n<li>Bei allen Sto\u00dfvorg\u00e4ngen gilt die Impulserhaltung!<\/li>\n<li>Die Energieerhaltung gilt auch immer, aber h\u00e4ufig f\u00fchren St\u00f6\u00dfe zur Umwandlung der Energie in W\u00e4rme, Form\u00e4nderung oder Energieverlust durch Reibung. In diesen F\u00e4llen verl\u00e4sst die Energie das Impulssystem.<\/li>\n<li>Wenn bei einem Sto\u00df die gesamte kinetische Energie des Systems erhalten bleibt, dann sprechen wir von einem elastischen Sto\u00df.<\/li>\n<li>Wenn sich bei einem Sto\u00df ein Anteil der kinetischen Energie umwandelt (z. B. in W\u00e4rme, Deformation) oder durch Reibung das System verl\u00e4sst, dann sprechen wir von einem inelastischen oder unelastischen sto\u00df.<\/li>\n<li>Wenn der Sto\u00df entlang einer Linie erfolgt, wie z. B. zwei Z\u00fcgen auf Schienen dann sprechen wir von einem geraden oder zentralen Sto\u00df.<\/li>\n<li>Bewegen sich die Sto\u00dfpartner vor oder nach dem Sto\u00df in unterschiedlichen Richtungen auf einer Ebene, wie Billard-Kugeln, so sprechen wir von einem schiefen oder nicht-zentralen Sto\u00df. Hierbei ist eine vektorielle Betrachtung erforderlich.<\/li>\n<\/ol>\n\n\n<p><button onclick=\"location.href='https:\/\/nurlernen.de\/physik\/physik-inhalte\/'\">Lernbereich<\/button>\r\n<!--button onclick=\"location.href='https:\/\/nurlernen.de\/physik\/physik-lernkontrolle\/'\">Lernkontrolle<\/button-->\r\n<!--button onclick=\"location.href='\/physik-fragenkatalog'\"&gt;Fragenkatalog (F\u00fcr Lehrer)&lt;\/button-->\r\n<\/p>\n","protected":false},"excerpt":{"rendered":"<p>Ein System, welches keine \u00e4u\u00dferen Kr\u00e4fte erf\u00e4hrt, bezeichnen wir als ein abgeschlossenes System. In solch einem System bleibt der Impuls erhalten.<\/p>\n","protected":false},"author":1,"featured_media":0,"parent":0,"menu_order":0,"comment_status":"closed","ping_status":"closed","template":"","meta":{"footnotes":""},"class_list":["post-435","page","type-page","status-publish"],"yoast_head":"<!-- This site is optimized with the Yoast SEO plugin v27.5 - https:\/\/yoast.com\/product\/yoast-seo-wordpress\/ -->\n<title>Anwendung der Impulserhaltung<\/title>\n<meta name=\"description\" content=\"Die Impulserhaltung gilt immer unabh\u00e4ngig von Energieerhaltung. Deshalb ist sie wichtiger und n\u00fctzlicher als die Energieerhaltung.\" \/>\n<meta name=\"robots\" content=\"index, follow, max-snippet:-1, max-image-preview:large, max-video-preview:-1\" \/>\n<link rel=\"canonical\" href=\"https:\/\/nurlernen.de\/physik\/anwendung-der-impulserhaltung\/\" \/>\n<meta property=\"og:locale\" content=\"de_DE\" \/>\n<meta property=\"og:type\" content=\"article\" \/>\n<meta property=\"og:title\" content=\"Anwendung der Impulserhaltung\" \/>\n<meta property=\"og:description\" content=\"Die Impulserhaltung gilt immer unabh\u00e4ngig von Energieerhaltung. Deshalb ist sie wichtiger und n\u00fctzlicher als die Energieerhaltung.\" \/>\n<meta property=\"og:url\" content=\"https:\/\/nurlernen.de\/physik\/anwendung-der-impulserhaltung\/\" \/>\n<meta property=\"og:site_name\" content=\"Physik Lernen\" \/>\n<meta property=\"article:modified_time\" content=\"2025-08-07T11:34:42+00:00\" \/>\n<meta name=\"twitter:card\" content=\"summary_large_image\" \/>\n<meta name=\"twitter:label1\" content=\"Gesch\u00e4tzte Lesezeit\" \/>\n\t<meta name=\"twitter:data1\" content=\"2\u00a0Minuten\" \/>\n<script type=\"application\/ld+json\" class=\"yoast-schema-graph\">{\"@context\":\"https:\\\/\\\/schema.org\",\"@graph\":[{\"@type\":\"WebPage\",\"@id\":\"https:\\\/\\\/nurlernen.de\\\/physik\\\/anwendung-der-impulserhaltung\\\/\",\"url\":\"https:\\\/\\\/nurlernen.de\\\/physik\\\/anwendung-der-impulserhaltung\\\/\",\"name\":\"Anwendung der Impulserhaltung\",\"isPartOf\":{\"@id\":\"https:\\\/\\\/nurlernen.de\\\/physik\\\/#website\"},\"datePublished\":\"2020-04-04T07:20:13+00:00\",\"dateModified\":\"2025-08-07T11:34:42+00:00\",\"description\":\"Die Impulserhaltung gilt immer unabh\u00e4ngig von Energieerhaltung. Deshalb ist sie wichtiger und n\u00fctzlicher als die Energieerhaltung.\",\"breadcrumb\":{\"@id\":\"https:\\\/\\\/nurlernen.de\\\/physik\\\/anwendung-der-impulserhaltung\\\/#breadcrumb\"},\"inLanguage\":\"de\",\"potentialAction\":[{\"@type\":\"ReadAction\",\"target\":[\"https:\\\/\\\/nurlernen.de\\\/physik\\\/anwendung-der-impulserhaltung\\\/\"]}]},{\"@type\":\"BreadcrumbList\",\"@id\":\"https:\\\/\\\/nurlernen.de\\\/physik\\\/anwendung-der-impulserhaltung\\\/#breadcrumb\",\"itemListElement\":[{\"@type\":\"ListItem\",\"position\":1,\"name\":\"Startseite\",\"item\":\"https:\\\/\\\/nurlernen.de\\\/physik\\\/\"},{\"@type\":\"ListItem\",\"position\":2,\"name\":\"Anwendung der Impulserhaltung\"}]},{\"@type\":\"WebSite\",\"@id\":\"https:\\\/\\\/nurlernen.de\\\/physik\\\/#website\",\"url\":\"https:\\\/\\\/nurlernen.de\\\/physik\\\/\",\"name\":\"Physik Lernen\",\"description\":\"Kostenlose \u00dcbungen zur Klausur- und Abi-Vorbereitung\",\"publisher\":{\"@id\":\"https:\\\/\\\/nurlernen.de\\\/physik\\\/#organization\"},\"potentialAction\":[{\"@type\":\"SearchAction\",\"target\":{\"@type\":\"EntryPoint\",\"urlTemplate\":\"https:\\\/\\\/nurlernen.de\\\/physik\\\/?s={search_term_string}\"},\"query-input\":{\"@type\":\"PropertyValueSpecification\",\"valueRequired\":true,\"valueName\":\"search_term_string\"}}],\"inLanguage\":\"de\"},{\"@type\":\"Organization\",\"@id\":\"https:\\\/\\\/nurlernen.de\\\/physik\\\/#organization\",\"name\":\"Physik Lernen\",\"url\":\"https:\\\/\\\/nurlernen.de\\\/physik\\\/\",\"logo\":{\"@type\":\"ImageObject\",\"inLanguage\":\"de\",\"@id\":\"https:\\\/\\\/nurlernen.de\\\/physik\\\/#\\\/schema\\\/logo\\\/image\\\/\",\"url\":\"https:\\\/\\\/nurlernen.de\\\/physik\\\/wp-content\\\/uploads\\\/sites\\\/3\\\/2025\\\/07\\\/l_100040_a_de.png\",\"contentUrl\":\"https:\\\/\\\/nurlernen.de\\\/physik\\\/wp-content\\\/uploads\\\/sites\\\/3\\\/2025\\\/07\\\/l_100040_a_de.png\",\"width\":530,\"height\":530,\"caption\":\"Physik Lernen\"},\"image\":{\"@id\":\"https:\\\/\\\/nurlernen.de\\\/physik\\\/#\\\/schema\\\/logo\\\/image\\\/\"},\"sameAs\":[\"https:\\\/\\\/www.instagram.com\\\/nurlernen.de\\\/\"]}]}<\/script>\n<!-- \/ Yoast SEO plugin. -->","yoast_head_json":{"title":"Anwendung der Impulserhaltung","description":"Die Impulserhaltung gilt immer unabh\u00e4ngig von Energieerhaltung. Deshalb ist sie wichtiger und n\u00fctzlicher als die Energieerhaltung.","robots":{"index":"index","follow":"follow","max-snippet":"max-snippet:-1","max-image-preview":"max-image-preview:large","max-video-preview":"max-video-preview:-1"},"canonical":"https:\/\/nurlernen.de\/physik\/anwendung-der-impulserhaltung\/","og_locale":"de_DE","og_type":"article","og_title":"Anwendung der Impulserhaltung","og_description":"Die Impulserhaltung gilt immer unabh\u00e4ngig von Energieerhaltung. Deshalb ist sie wichtiger und n\u00fctzlicher als die Energieerhaltung.","og_url":"https:\/\/nurlernen.de\/physik\/anwendung-der-impulserhaltung\/","og_site_name":"Physik Lernen","article_modified_time":"2025-08-07T11:34:42+00:00","twitter_card":"summary_large_image","twitter_misc":{"Gesch\u00e4tzte Lesezeit":"2\u00a0Minuten"},"schema":{"@context":"https:\/\/schema.org","@graph":[{"@type":"WebPage","@id":"https:\/\/nurlernen.de\/physik\/anwendung-der-impulserhaltung\/","url":"https:\/\/nurlernen.de\/physik\/anwendung-der-impulserhaltung\/","name":"Anwendung der Impulserhaltung","isPartOf":{"@id":"https:\/\/nurlernen.de\/physik\/#website"},"datePublished":"2020-04-04T07:20:13+00:00","dateModified":"2025-08-07T11:34:42+00:00","description":"Die Impulserhaltung gilt immer unabh\u00e4ngig von Energieerhaltung. Deshalb ist sie wichtiger und n\u00fctzlicher als die Energieerhaltung.","breadcrumb":{"@id":"https:\/\/nurlernen.de\/physik\/anwendung-der-impulserhaltung\/#breadcrumb"},"inLanguage":"de","potentialAction":[{"@type":"ReadAction","target":["https:\/\/nurlernen.de\/physik\/anwendung-der-impulserhaltung\/"]}]},{"@type":"BreadcrumbList","@id":"https:\/\/nurlernen.de\/physik\/anwendung-der-impulserhaltung\/#breadcrumb","itemListElement":[{"@type":"ListItem","position":1,"name":"Startseite","item":"https:\/\/nurlernen.de\/physik\/"},{"@type":"ListItem","position":2,"name":"Anwendung der Impulserhaltung"}]},{"@type":"WebSite","@id":"https:\/\/nurlernen.de\/physik\/#website","url":"https:\/\/nurlernen.de\/physik\/","name":"Physik Lernen","description":"Kostenlose \u00dcbungen zur Klausur- und Abi-Vorbereitung","publisher":{"@id":"https:\/\/nurlernen.de\/physik\/#organization"},"potentialAction":[{"@type":"SearchAction","target":{"@type":"EntryPoint","urlTemplate":"https:\/\/nurlernen.de\/physik\/?s={search_term_string}"},"query-input":{"@type":"PropertyValueSpecification","valueRequired":true,"valueName":"search_term_string"}}],"inLanguage":"de"},{"@type":"Organization","@id":"https:\/\/nurlernen.de\/physik\/#organization","name":"Physik Lernen","url":"https:\/\/nurlernen.de\/physik\/","logo":{"@type":"ImageObject","inLanguage":"de","@id":"https:\/\/nurlernen.de\/physik\/#\/schema\/logo\/image\/","url":"https:\/\/nurlernen.de\/physik\/wp-content\/uploads\/sites\/3\/2025\/07\/l_100040_a_de.png","contentUrl":"https:\/\/nurlernen.de\/physik\/wp-content\/uploads\/sites\/3\/2025\/07\/l_100040_a_de.png","width":530,"height":530,"caption":"Physik Lernen"},"image":{"@id":"https:\/\/nurlernen.de\/physik\/#\/schema\/logo\/image\/"},"sameAs":["https:\/\/www.instagram.com\/nurlernen.de\/"]}]}},"_links":{"self":[{"href":"https:\/\/nurlernen.de\/physik\/wp-json\/wp\/v2\/pages\/435","targetHints":{"allow":["GET"]}}],"collection":[{"href":"https:\/\/nurlernen.de\/physik\/wp-json\/wp\/v2\/pages"}],"about":[{"href":"https:\/\/nurlernen.de\/physik\/wp-json\/wp\/v2\/types\/page"}],"author":[{"embeddable":true,"href":"https:\/\/nurlernen.de\/physik\/wp-json\/wp\/v2\/users\/1"}],"replies":[{"embeddable":true,"href":"https:\/\/nurlernen.de\/physik\/wp-json\/wp\/v2\/comments?post=435"}],"version-history":[{"count":3,"href":"https:\/\/nurlernen.de\/physik\/wp-json\/wp\/v2\/pages\/435\/revisions"}],"predecessor-version":[{"id":2840,"href":"https:\/\/nurlernen.de\/physik\/wp-json\/wp\/v2\/pages\/435\/revisions\/2840"}],"wp:attachment":[{"href":"https:\/\/nurlernen.de\/physik\/wp-json\/wp\/v2\/media?parent=435"}],"curies":[{"name":"wp","href":"https:\/\/api.w.org\/{rel}","templated":true}]}}